{"id":1627,"date":"2023-07-24T13:12:27","date_gmt":"2023-07-24T10:12:27","guid":{"rendered":"https:\/\/shelly.lv\/?page_id=1627"},"modified":"2023-08-03T12:35:41","modified_gmt":"2023-08-03T09:35:41","slug":"didmenine-prekyba","status":"publish","type":"page","link":"https:\/\/shelly.lv\/lt\/didmenine-prekyba\/","title":{"rendered":"Didmenin\u0117 prekyba"},"content":{"rendered":"<section class=\"wpb-content-wrapper\"><p>[vc_row css=&#8221;.vc_custom_1654010574630{margin-bottom: 40px !important;}&#8221; woodmart_css_id=&#8221;629632c87290b&#8221; responsive_spacing=&#8221;eyJwYXJhbV90eXBlIjoid29vZG1hcnRfcmVzcG9uc2l2ZV9zcGFjaW5nIiwic2VsZWN0b3JfaWQiOiI2Mjk2MzJjODcyOTBiIiwic2hvcnRjb2RlIjoidmNfcm93IiwiZGF0YSI6eyJ0YWJsZXQiOnsibWFyZ2luLWJvdHRvbSI6IjIwIn0sIm1vYmlsZSI6e319fQ==&#8221; mobile_bg_img_hidden=&#8221;no&#8221; tablet_bg_img_hidden=&#8221;no&#8221; woodmart_parallax=&#8221;0&#8243; woodmart_gradient_switch=&#8221;no&#8221; woodmart_box_shadow=&#8221;no&#8221; wd_z_index=&#8221;no&#8221; woodmart_disable_overflow=&#8221;0&#8243; row_reverse_mobile=&#8221;0&#8243; row_reverse_tablet=&#8221;0&#8243;][vc_column css=&#8221;.vc_custom_1653569422294{padding-top: 0px !important;}&#8221; woodmart_css_id=&#8221;628f77897200f&#8221; parallax_scroll=&#8221;no&#8221; woodmart_sticky_column=&#8221;false&#8221; wd_collapsible_content_switcher=&#8221;no&#8221; wd_column_role_offcanvas_desktop=&#8221;no&#8221; wd_column_role_offcanvas_tablet=&#8221;no&#8221; wd_column_role_offcanvas_mobile=&#8221;no&#8221; wd_column_role_content_desktop=&#8221;no&#8221; wd_column_role_content_tablet=&#8221;no&#8221; wd_column_role_content_mobile=&#8221;no&#8221; mobile_bg_img_hidden=&#8221;no&#8221; tablet_bg_img_hidden=&#8221;no&#8221; woodmart_parallax=&#8221;0&#8243; woodmart_box_shadow=&#8221;no&#8221; responsive_spacing=&#8221;eyJwYXJhbV90eXBlIjoid29vZG1hcnRfcmVzcG9uc2l2ZV9zcGFjaW5nIiwic2VsZWN0b3JfaWQiOiI2MjhmNzc4OTcyMDBmIiwic2hvcnRjb2RlIjoidmNfY29sdW1uIiwiZGF0YSI6eyJ0YWJsZXQiOnt9LCJtb2JpbGUiOnt9fX0=&#8221; mobile_reset_margin=&#8221;no&#8221; tablet_reset_margin=&#8221;no&#8221; wd_z_index=&#8221;no&#8221;][vc_row_inner][vc_column_inner]\n\t\t<div id=\"wd-64be549d64ef1\" class=\"title-wrapper wd-wpb set-mb-s reset-last-child  wd-rs-64be549d64ef1 wd-title-color-default wd-title-style-default text-center  wd-underline-colored\">\n\t\t\t\n\t\t\t<div class=\"liner-continer\">\n\t\t\t\t<h1 class=\"woodmart-title-container title  wd-font-weight- wd-fontsize-xxl\" >Didmenin\u0117 prekyba<\/h1>\n\t\t\t\t\t\t\t<\/div>\n\t\t\t\n\t\t\t\n\t\t\t\n\t\t<\/div>\n\t\t\n\t\t[\/vc_column_inner][\/vc_row_inner][vc_row_inner equal_height=&#8221;yes&#8221; woodmart_css_id=&#8221;627396647e7f1&#8243; responsive_spacing=&#8221;eyJwYXJhbV90eXBlIjoid29vZG1hcnRfcmVzcG9uc2l2ZV9zcGFjaW5nIiwic2VsZWN0b3JfaWQiOiI2MjczOTY2NDdlN2YxIiwic2hvcnRjb2RlIjoidmNfcm93X2lubmVyIiwiZGF0YSI6eyJ0YWJsZXQiOnt9LCJtb2JpbGUiOnt9fX0=&#8221; mobile_bg_img_hidden=&#8221;no&#8221; tablet_bg_img_hidden=&#8221;no&#8221; woodmart_parallax=&#8221;0&#8243; woodmart_gradient_switch=&#8221;no&#8221; woodmart_box_shadow=&#8221;no&#8221; wd_z_index=&#8221;no&#8221; woodmart_disable_overflow=&#8221;0&#8243; row_reverse_mobile=&#8221;0&#8243; row_reverse_tablet=&#8221;0&#8243; css=&#8221;.vc_custom_1651742310921{margin-right: -10px !important;margin-left: -10px !important;}&#8221;][vc_column_inner width=&#8221;1\/2&#8243; css=&#8221;.vc_custom_1650533989563{margin-right: 10px !important;margin-left: 10px !important;border-top-width: 1px !important;border-right-width: 1px !important;border-bottom-width: 1px !important;border-left-width: 1px !important;padding-top: 30px !important;padding-right: 30px !important;padding-bottom: 30px !important;padding-left: 30px !important;background-color: #ffffff !important;border-left-color: rgba(0,0,0,0.11) !important;border-left-style: solid !important;border-right-color: rgba(0,0,0,0.11) !important;border-right-style: solid !important;border-top-color: rgba(0,0,0,0.11) !important;border-top-style: solid !important;border-bottom-color: rgba(0,0,0,0.11) !important;border-bottom-style: solid !important;}&#8221; woodmart_css_id=&#8221;6261265be241b&#8221; parallax_scroll=&#8221;no&#8221; woodmart_sticky_column=&#8221;false&#8221; wd_collapsible_content_switcher=&#8221;no&#8221; wd_column_role_offcanvas_desktop=&#8221;no&#8221; wd_column_role_offcanvas_tablet=&#8221;no&#8221; wd_column_role_offcanvas_mobile=&#8221;no&#8221; wd_column_role_content_desktop=&#8221;no&#8221; wd_column_role_content_tablet=&#8221;no&#8221; wd_column_role_content_mobile=&#8221;no&#8221; mobile_bg_img_hidden=&#8221;no&#8221; tablet_bg_img_hidden=&#8221;no&#8221; woodmart_parallax=&#8221;0&#8243; woodmart_box_shadow=&#8221;no&#8221; responsive_spacing=&#8221;eyJwYXJhbV90eXBlIjoid29vZG1hcnRfcmVzcG9uc2l2ZV9zcGFjaW5nIiwic2VsZWN0b3JfaWQiOiI2MjYxMjY1YmUyNDFiIiwic2hvcnRjb2RlIjoidmNfY29sdW1uX2lubmVyIiwiZGF0YSI6eyJ0YWJsZXQiOnt9LCJtb2JpbGUiOnsibWFyZ2luLWJvdHRvbSI6IjIwIn19fQ==&#8221; wd_z_index=&#8221;no&#8221; offset=&#8221;vc_col-lg-4&#8243;]\n\t\t<div id=\"wd-64be5381e1ccd\" class=\"title-wrapper wd-wpb set-mb-s reset-last-child  wd-rs-64be5381e1ccd wd-title-color-default wd-title-style-default text-left  wd-underline-colored\">\n\t\t\t\n\t\t\t<div class=\"liner-continer\">\n\t\t\t\t<h4 class=\"woodmart-title-container title  wd-font-weight- wd-fontsize-xl\" >Ie\u0161kote Shelly produkcijos tiek\u0117jo?<\/h4>\n\t\t\t\t\t\t\t<\/div>\n\t\t\t\n\t\t\t\t\t\t\t<div class=\"title-after_title  set-cont-mb-s reset-last-child  wd-fontsize-s\">Palaikome didelius kiekius Shelly produkcijos ir galime u\u017etikrinti patikim\u0105 logistik\u0105 ir naujausi\u0105 asortiment\u0105.<\/p>\n<p>Dirbame LIetuvoje, Latvijoje, Estijoje, Airijoje bei Norvegijoje.<\/p>\n<p>U\u017esakymus i\u0161siun\u010diame per 1 valand\u0105 po u\u017esakymo patvirtinimo.<\/p>\n<p>Norite prad\u0117ti dirbti su mumis, susisiekite.<\/div>\n\t\t\t\n\t\t\t\n\t\t<\/div>\n\t\t\n\t\t<div id=\"wd-64be51fa434e4\" class=\" wd-rs-64be51fa434e4  wd-button-wrapper text-left\"><a href=\"https:\/\/shelly.lv\/lt\/kontaktai\/\" title=\"Kontaktai\" class=\"btn btn-color-primary btn-style-default btn-style-rectangle btn-size-default\">Susisiekti<\/a><\/div>[\/vc_column_inner][vc_column_inner width=&#8221;1\/3&#8243; woodmart_bg_position=&#8221;center-center&#8221; offset=&#8221;vc_hidden-md vc_hidden-sm vc_hidden-xs&#8221; woodmart_css_id=&#8221;62b1ee5022fa9&#8243; parallax_scroll=&#8221;no&#8221; woodmart_sticky_column=&#8221;false&#8221; wd_collapsible_content_switcher=&#8221;no&#8221; wd_column_role_offcanvas_desktop=&#8221;no&#8221; wd_column_role_offcanvas_tablet=&#8221;no&#8221; wd_column_role_offcanvas_mobile=&#8221;no&#8221; wd_column_role_content_desktop=&#8221;no&#8221; wd_column_role_content_tablet=&#8221;no&#8221; wd_column_role_content_mobile=&#8221;no&#8221; mobile_bg_img_hidden=&#8221;no&#8221; tablet_bg_img_hidden=&#8221;no&#8221; woodmart_parallax=&#8221;0&#8243; woodmart_box_shadow=&#8221;no&#8221; responsive_spacing=&#8221;eyJwYXJhbV90eXBlIjoid29vZG1hcnRfcmVzcG9uc2l2ZV9zcGFjaW5nIiwic2VsZWN0b3JfaWQiOiI2MmIxZWU1MDIyZmE5Iiwic2hvcnRjb2RlIjoidmNfY29sdW1uX2lubmVyIiwiZGF0YSI6eyJ0YWJsZXQiOnt9LCJtb2JpbGUiOnt9fX0=&#8221; wd_z_index=&#8221;no&#8221; css=&#8221;.vc_custom_1655828056390{margin-right: 10px !important;margin-left: 10px !important;padding-top: 30px !important;padding-right: 30px !important;padding-bottom: 30px !important;padding-left: 30px !important;background-image: url(http:\/\/shelly.lv\/wp-content\/uploads\/2023\/07\/payment-and-delivery.jpg) !important;background-position: center !important;background-repeat: no-repeat !important;background-size: cover !important;}&#8221;]\n\t\t<div id=\"wd-64be5342b0d7f\" class=\"title-wrapper wd-wpb set-mb-s reset-last-child  wd-rs-64be5342b0d7f wd-title-color-white wd-title-style-default text-left  wd-title-empty wd-underline-colored\">\n\t\t\t\n\t\t\t<div class=\"liner-continer\">\n\t\t\t\t<h4 class=\"woodmart-title-container title  wd-font-weight- wd-fontsize-xl\" ><\/h4>\n\t\t\t\t\t\t\t<\/div>\n\t\t\t\n\t\t\t\n\t\t\t\n\t\t<\/div>\n\t\t\n\t\t[\/vc_column_inner][vc_column_inner width=&#8221;1\/2&#8243; css=&#8221;.vc_custom_1650442743207{margin-right: 10px !important;margin-left: 10px !important;border-top-width: 1px !important;border-right-width: 1px !important;border-bottom-width: 1px !important;border-left-width: 1px !important;padding-top: 30px !important;padding-right: 30px !important;padding-bottom: 30px !important;padding-left: 30px !important;background-color: #ffffff !important;border-left-color: rgba(0,0,0,0.11) !important;border-left-style: solid !important;border-right-color: rgba(0,0,0,0.11) !important;border-right-style: solid !important;border-top-color: rgba(0,0,0,0.11) !important;border-top-style: solid !important;border-bottom-color: rgba(0,0,0,0.11) !important;border-bottom-style: solid !important;}&#8221; woodmart_css_id=&#8221;625fc1f2c9118&#8243; parallax_scroll=&#8221;no&#8221; woodmart_sticky_column=&#8221;false&#8221; wd_collapsible_content_switcher=&#8221;no&#8221; wd_column_role_offcanvas_desktop=&#8221;no&#8221; wd_column_role_offcanvas_tablet=&#8221;no&#8221; wd_column_role_offcanvas_mobile=&#8221;no&#8221; wd_column_role_content_desktop=&#8221;no&#8221; wd_column_role_content_tablet=&#8221;no&#8221; wd_column_role_content_mobile=&#8221;no&#8221; mobile_bg_img_hidden=&#8221;no&#8221; tablet_bg_img_hidden=&#8221;no&#8221; woodmart_parallax=&#8221;0&#8243; woodmart_box_shadow=&#8221;no&#8221; responsive_spacing=&#8221;eyJwYXJhbV90eXBlIjoid29vZG1hcnRfcmVzcG9uc2l2ZV9zcGFjaW5nIiwic2VsZWN0b3JfaWQiOiI2MjVmYzFmMmM5MTE4Iiwic2hvcnRjb2RlIjoidmNfY29sdW1uX2lubmVyIiwiZGF0YSI6eyJ0YWJsZXQiOnt9LCJtb2JpbGUiOnt9fX0=&#8221; wd_z_index=&#8221;no&#8221; offset=&#8221;vc_col-lg-4&#8243;]\n\t\t<div id=\"wd-64be4ef04499d\" class=\"title-wrapper wd-wpb set-mb-s reset-last-child  wd-rs-64be4ef04499d wd-title-color-default wd-title-style-default text-left  wd-underline-colored\">\n\t\t\t\n\t\t\t<div class=\"liner-continer\">\n\t\t\t\t<h4 class=\"woodmart-title-container title  wd-font-weight- wd-fontsize-xl\" >Preki\u0173 siuntimas<\/h4>\n\t\t\t\t\t\t\t<\/div>\n\t\t\t\n\t\t\t\n\t\t\t\n\t\t<\/div>\n\t\t\n\t\t\t\t\t<div class=\"info-box-wrapper\">\n\t\t\t\t<div id=\"wd-64be4f1248a9a\" class=\" wd-rs-64be4f1248a9a wd-info-box wd-wpb text-left box-icon-align-left box-style- color-scheme- wd-bg-none wd-items-top \"  >\n\t\t\t\t\t\t\t\t\t\t\t<div class=\"box-icon-wrapper  box-with-icon box-icon-simple\">\n\t\t\t\t\t\t\t<div class=\"info-box-icon\">\n\n\t\t\t\t\t\t\t\n\t\t\t\t\t\t\t\t\t\t\t\t\t\t\t\t\t<div class=\"info-svg-wrapper info-icon\" style=\"width: 64px;height: 64px;\"><svg id=\"svg-7125\" xmlns=\"http:\/\/www.w3.org\/2000\/svg\" width=\"64\" height=\"64\" viewBox=\"0 0 64 64\" fill=\"none\"><rect width=\"64\" height=\"64\" fill=\"white\"><\/rect><rect width=\"31\" height=\"64\" fill=\"#D5E1EE\"><\/rect><path d=\"M10 6H15V0H17V6H22V10H10V6Z\" fill=\"#0F2E53\"><\/path><path d=\"M15 64V38H17V41H19V43H17V64H15Z\" fill=\"#0F2E53\"><\/path><path d=\"M13 12H11V16H13V12Z\" fill=\"#4488DA\"><\/path><path d=\"M13 18H11V20H13V18Z\" fill=\"#4488DA\"><\/path><path d=\"M15 12H17V19H15V12Z\" fill=\"#4488DA\"><\/path><path d=\"M17 21H15V23H17V21Z\" fill=\"#4488DA\"><\/path><path d=\"M19 12H21V16H19V12Z\" fill=\"#4488DA\"><\/path><path d=\"M21 18H19V20H21V18Z\" fill=\"#4488DA\"><\/path><path d=\"M1 34L30 21V23L1 36V34Z\" fill=\"white\"><\/path><path d=\"M1 39L30 26V28L1 41V39Z\" fill=\"white\"><\/path><rect x=\"36\" y=\"38\" width=\"23\" height=\"12\" fill=\"#F0F0F0\"><\/rect><path d=\"M39 33H56V36C56 37.1046 55.1046 38 54 38H41C39.8954 38 39 37.1046 39 36V33Z\" fill=\"#F0F0F0\"><\/path><path d=\"M42 33H39V36C39 37.1045 39.8955 38 41 38H54C55.1045 38 56 37.1045 56 36H44C42.8955 36 42 35.1045 42 34V33Z\" fill=\"#DEDEDE\"><\/path><rect x=\"36\" y=\"38\" width=\"23\" height=\"4\" fill=\"#234875\"><\/rect><rect x=\"44\" y=\"44\" width=\"7\" height=\"2\" fill=\"#0F2E53\"><\/rect><path fill-rule=\"evenodd\" clip-rule=\"evenodd\" d=\"M49 29.9033C54.6426 29.168 59 24.3428 59 18.5C59 12.1484 53.8516 7 47.5 7C41.1484 7 36 12.1484 36 18.5C36 24.3428 40.3574 29.168 46 29.9033V31H49V29.9033ZM57 18.5C57 23.7471 52.7471 28 47.5 28C42.2529 28 38 23.7471 38 18.5C38 13.2529 42.2529 9 47.5 9C52.7471 9 57 13.2529 57 18.5Z\" fill=\"#0F2E53\"><\/path><path d=\"M41.8429 20.6209L48.914 13.5499L50.3282 14.9641L43.2571 22.0352L41.8429 20.6209Z\" fill=\"#4488DA\"><\/path><path d=\"M42.55 24.1565L49.6211 17.0854L51.0353 18.4996L43.9642 25.5707L42.55 24.1565Z\" fill=\"#4488DA\"><\/path><path d=\"M49.6211 12.8428L51.0353 11.4286L52.4495 12.8428L51.0353 14.257L49.6211 12.8428Z\" fill=\"#4488DA\"><\/path><\/svg> <\/div>\t\t\t\t\t\t\t\t\t\t\t\t\t\t\t\n\t\t\t\t\t\t\t<\/div>\n\t\t\t\t\t\t<\/div>\n\t\t\t\t\t\t\t\t\t\t<div class=\"info-box-content\">\n\t\t\t\t\t\t<h4 class=\"info-box-title title box-title-style-default wd-fontsize-m\">14 dien\u0173 gr\u0105\u017einimo periodas<\/h4>\t\t\t\t\t\t<div class=\"info-box-inner set-cont-mb-s reset-last-child\"><p>Nepanaudotus produktus galite gr\u0105\u017einti per 14 dien\u0173.<\/p>\n<\/div>\n\n\t\t\t\t\t\t\t\t\t\t\t<\/div>\n\n\t\t\t\t\t\t\t\t\t<\/div>\n\t\t\t<\/div>\n\t\t\t\t\t<div class=\"info-box-wrapper\">\n\t\t\t\t<div id=\"wd-64be4f6dd7196\" class=\" wd-rs-64be4f6dd7196 wd-info-box wd-wpb text-left box-icon-align-left box-style- color-scheme- wd-bg-none wd-items-top \"  >\n\t\t\t\t\t\t\t\t\t\t\t<div class=\"box-icon-wrapper  box-with-icon box-icon-simple\">\n\t\t\t\t\t\t\t<div class=\"info-box-icon\">\n\n\t\t\t\t\t\t\t\n\t\t\t\t\t\t\t\t\t\t\t\t\t\t\t\t\t<div class=\"info-svg-wrapper info-icon\" style=\"width: 64px;height: 64px;\"><svg id=\"svg-5137\" xmlns=\"http:\/\/www.w3.org\/2000\/svg\" width=\"64\" height=\"64\" viewBox=\"0 0 64 64\" fill=\"none\"><rect width=\"64\" height=\"64\" fill=\"white\"><\/rect><path d=\"M9 20C9 18.8954 9.89543 18 11 18H38C39.1046 18 40 18.8954 40 20V43C40 44.1046 39.1046 45 38 45H11C9.89543 45 9 44.1046 9 43V20Z\" fill=\"#4488DA\"><\/path><path d=\"M41 24C41 22.8954 41.8954 22 43 22H52.3604C53.3138 22 54.1346 22.6729 54.3216 23.6078L56 32L58.4851 32.6213C59.3754 32.8439 60 33.6438 60 34.5616V43C60 44.1046 59.1046 45 58 45H43C41.8954 45 41 44.1046 41 43V24Z\" fill=\"#D5E1EE\"><\/path><path d=\"M43 25C43 24.4477 43.4477 24 44 24H51.1701C51.6513 24 52.0643 24.3427 52.1529 24.8157L53.2779 30.8157C53.3933 31.4311 52.9212 32 52.2951 32H51C50.4477 32 50 32.4477 50 33C50 33.5523 49.5523 34 49 34H44C43.4477 34 43 33.5523 43 33V25Z\" fill=\"#234875\"><\/path><path d=\"M56 41C56 40.4477 56.4477 40 57 40H60C60.5523 40 61 40.4477 61 41V43C61 43.5523 60.5523 44 60 44H57C56.4477 44 56 43.5523 56 43V41Z\" fill=\"#234875\"><\/path><path d=\"M8 41C8 40.4477 8.44772 40 9 40H12C12.5523 40 13 40.4477 13 41V43C13 43.5523 12.5523 44 12 44H9C8.44772 44 8 43.5523 8 43V41Z\" fill=\"#234875\"><\/path><rect x=\"15\" y=\"40\" width=\"10\" height=\"10\" rx=\"5\" fill=\"#0F2E53\"><\/rect><rect x=\"18\" y=\"43\" width=\"4\" height=\"4\" rx=\"2\" fill=\"#D5E1EE\"><\/rect><rect x=\"45\" y=\"40\" width=\"10\" height=\"10\" rx=\"5\" fill=\"#0F2E53\"><\/rect><rect x=\"48\" y=\"43\" width=\"4\" height=\"4\" rx=\"2\" fill=\"#D5E1EE\"><\/rect><rect x=\"4\" y=\"14\" width=\"22\" height=\"22\" rx=\"11\" fill=\"#F0F0F0\" stroke=\"#0F2E53\" stroke-width=\"2\"><\/rect><path d=\"M15 18V25H19\" stroke=\"#0F2E53\" stroke-width=\"2\"><\/path><\/svg> <\/div>\t\t\t\t\t\t\t\t\t\t\t\t\t\t\t\n\t\t\t\t\t\t\t<\/div>\n\t\t\t\t\t\t<\/div>\n\t\t\t\t\t\t\t\t\t\t<div class=\"info-box-content\">\n\t\t\t\t\t\t<h4 class=\"info-box-title title box-title-style-default wd-fontsize-m\">Greitas i\u0161siuntimas<\/h4>\t\t\t\t\t\t<div class=\"info-box-inner set-cont-mb-s reset-last-child\"><p>Produktus i\u0161siun\u010diame t\u0105 pa\u010di\u0105 dien\u0105 po u\u017esakymo.<\/p>\n<\/div>\n\n\t\t\t\t\t\t\t\t\t\t\t<\/div>\n\n\t\t\t\t\t\t\t\t\t<\/div>\n\t\t\t<\/div>\n\t\t\t\t\t<div class=\"info-box-wrapper\">\n\t\t\t\t<div id=\"wd-64be4fa34f5eb\" class=\" wd-rs-64be4fa34f5eb wd-info-box wd-wpb text-left box-icon-align-left box-style- color-scheme- wd-bg-none wd-items-top vc_custom_1690193887101\"  >\n\t\t\t\t\t\t\t\t\t\t\t<div class=\"box-icon-wrapper  box-with-icon box-icon-simple\">\n\t\t\t\t\t\t\t<div class=\"info-box-icon\">\n\n\t\t\t\t\t\t\t\n\t\t\t\t\t\t\t\t\t\t\t\t\t\t\t\t\t<div class=\"info-svg-wrapper info-icon\" style=\"width: 64px;height: 64px;\"><svg id=\"svg-8541\" xmlns=\"http:\/\/www.w3.org\/2000\/svg\" width=\"64\" height=\"64\" viewBox=\"0 0 64 64\" fill=\"none\"><rect width=\"64\" height=\"64\" fill=\"white\"><\/rect><rect x=\"3\" y=\"30\" width=\"50\" height=\"30\" rx=\"2\" transform=\"rotate(-30 3 30)\" fill=\"#4488DA\"><\/rect><rect x=\"3.15527\" y=\"28.9131\" width=\"48\" height=\"30\" rx=\"2\" transform=\"rotate(-15 3.15527 28.9131)\" fill=\"#D5E1EE\"><\/rect><rect x=\"4.70898\" y=\"34.708\" width=\"48\" height=\"7\" transform=\"rotate(-15 4.70898 34.708)\" fill=\"#0F2E53\"><\/rect><\/svg> <\/div>\t\t\t\t\t\t\t\t\t\t\t\t\t\t\t\n\t\t\t\t\t\t\t<\/div>\n\t\t\t\t\t\t<\/div>\n\t\t\t\t\t\t\t\t\t\t<div class=\"info-box-content\">\n\t\t\t\t\t\t<h4 class=\"info-box-title title box-title-style-default wd-fontsize-m\">Apmok\u0117jimas<\/h4>\t\t\t\t\t\t<div class=\"info-box-inner set-cont-mb-s reset-last-child\"><p>Apmok\u0117kite u\u017e prekes jums patogiu mok\u0117jimo b\u016bdu.<\/p>\n<\/div>\n\n\t\t\t\t\t\t\t\t\t\t\t<\/div>\n\n\t\t\t\t\t\t\t\t\t<\/div>\n\t\t\t<\/div>\n\t\t[\/vc_column_inner][\/vc_row_inner][\/vc_column][\/vc_row]<\/p>\n<\/section>","protected":false},"excerpt":{"rendered":"<p>[vc_row css=&#8221;.vc_custom_1654010574630{margin-bottom: 40px !important;}&#8221; woodmart_css_id=&#8221;629632c87290b&#8221; responsive_spacing=&#8221;eyJwYXJhbV90eXBlIjoid29vZG1hcnRfcmVzcG9uc2l2ZV9zcGFjaW5nIiwic2VsZWN0b3JfaWQiOiI2Mjk2MzJjODcyOTBiIiwic2hvcnRjb2RlIjoidmNfcm93IiwiZGF0YSI6eyJ0YWJsZXQiOnsibWFyZ2luLWJvdHRvbSI6IjIwIn0sIm1vYmlsZSI6e319fQ==&#8221; mobile_bg_img_hidden=&#8221;no&#8221; tablet_bg_img_hidden=&#8221;no&#8221; woodmart_parallax=&#8221;0&#8243; woodmart_gradient_switch=&#8221;no&#8221; woodmart_box_shadow=&#8221;no&#8221; wd_z_index=&#8221;no&#8221; woodmart_disable_overflow=&#8221;0&#8243; row_reverse_mobile=&#8221;0&#8243; row_reverse_tablet=&#8221;0&#8243;][vc_column css=&#8221;.vc_custom_1653569422294{padding-top: 0px !important;}&#8221; woodmart_css_id=&#8221;628f77897200f&#8221; parallax_scroll=&#8221;no&#8221;<\/p>\n","protected":false},"author":3,"featured_media":0,"parent":0,"menu_order":0,"comment_status":"closed","ping_status":"closed","template":"","meta":{"footnotes":""},"class_list":["post-1627","page","type-page","status-publish","hentry"],"yoast_head":"<!-- This site is optimized with the Yoast SEO plugin v20.12 - https:\/\/yoast.com\/wordpress\/plugins\/seo\/ -->\n<title>Didmenin\u0117 prekyba Shelly produkcija - shelly.lv<\/title>\n<meta name=\"description\" content=\"Didmenin\u0117 prekyba Shelly produkcija Baltijos \u0161alyse. Turime sand\u0117lius Lietuvoje, Latvijoje ir Estijoje. Shelly Lietuva\" \/>\n<meta name=\"robots\" content=\"index, follow, max-snippet:-1, max-image-preview:large, max-video-preview:-1\" \/>\n<link rel=\"canonical\" href=\"https:\/\/shelly.lv\/lt\/didmenine-prekyba\/\" \/>\n<meta property=\"og:locale\" content=\"lt_LT\" \/>\n<meta property=\"og:type\" content=\"article\" \/>\n<meta property=\"og:title\" content=\"Didmenin\u0117 prekyba Shelly produkcija - shelly.lv\" \/>\n<meta property=\"og:description\" content=\"Didmenin\u0117 prekyba Shelly produkcija Baltijos \u0161alyse. Turime sand\u0117lius Lietuvoje, Latvijoje ir Estijoje. Shelly Lietuva\" \/>\n<meta property=\"og:url\" content=\"https:\/\/shelly.lv\/lt\/didmenine-prekyba\/\" \/>\n<meta property=\"og:site_name\" content=\"shelly.lv\" \/>\n<meta property=\"article:modified_time\" content=\"2023-08-03T09:35:41+00:00\" \/>\n<meta property=\"og:image\" content=\"https:\/\/shelly.lv\/wp-content\/uploads\/2023\/08\/shelly_share.png\" \/>\n\t<meta property=\"og:image:width\" content=\"1200\" \/>\n\t<meta property=\"og:image:height\" content=\"630\" \/>\n\t<meta property=\"og:image:type\" content=\"image\/png\" \/>\n<meta name=\"twitter:card\" content=\"summary_large_image\" \/>\n<meta name=\"twitter:label1\" content=\"Est. reading time\" \/>\n\t<meta name=\"twitter:data1\" content=\"2 minut\u0117s\" \/>\n<script type=\"application\/ld+json\" class=\"yoast-schema-graph\">{\"@context\":\"https:\/\/schema.org\",\"@graph\":[{\"@type\":\"WebPage\",\"@id\":\"https:\/\/shelly.lv\/lt\/didmenine-prekyba\/\",\"url\":\"https:\/\/shelly.lv\/lt\/didmenine-prekyba\/\",\"name\":\"Didmenin\u0117 prekyba Shelly produkcija - shelly.lv\",\"isPartOf\":{\"@id\":\"https:\/\/shelly.lv\/lt\/#website\"},\"datePublished\":\"2023-07-24T10:12:27+00:00\",\"dateModified\":\"2023-08-03T09:35:41+00:00\",\"description\":\"Didmenin\u0117 prekyba Shelly produkcija Baltijos \u0161alyse. Turime sand\u0117lius Lietuvoje, Latvijoje ir Estijoje. Shelly Lietuva\",\"breadcrumb\":{\"@id\":\"https:\/\/shelly.lv\/lt\/didmenine-prekyba\/#breadcrumb\"},\"inLanguage\":\"lt-LT\",\"potentialAction\":[{\"@type\":\"ReadAction\",\"target\":[\"https:\/\/shelly.lv\/lt\/didmenine-prekyba\/\"]}]},{\"@type\":\"BreadcrumbList\",\"@id\":\"https:\/\/shelly.lv\/lt\/didmenine-prekyba\/#breadcrumb\",\"itemListElement\":[{\"@type\":\"ListItem\",\"position\":1,\"name\":\"Home\",\"item\":\"https:\/\/shelly.lv\/lt\/\"},{\"@type\":\"ListItem\",\"position\":2,\"name\":\"Didmenin\u0117 prekyba\"}]},{\"@type\":\"WebSite\",\"@id\":\"https:\/\/shelly.lv\/lt\/#website\",\"url\":\"https:\/\/shelly.lv\/lt\/\",\"name\":\"Shelly.lv\",\"description\":\"Shelly Latvia\",\"publisher\":{\"@id\":\"https:\/\/shelly.lv\/lt\/#organization\"},\"potentialAction\":[{\"@type\":\"SearchAction\",\"target\":{\"@type\":\"EntryPoint\",\"urlTemplate\":\"https:\/\/shelly.lv\/lt\/?s={search_term_string}\"},\"query-input\":\"required name=search_term_string\"}],\"inLanguage\":\"lt-LT\"},{\"@type\":\"Organization\",\"@id\":\"https:\/\/shelly.lv\/lt\/#organization\",\"name\":\"Shelly.lv\",\"url\":\"https:\/\/shelly.lv\/lt\/\",\"logo\":{\"@type\":\"ImageObject\",\"inLanguage\":\"lt-LT\",\"@id\":\"https:\/\/shelly.lv\/lt\/#\/schema\/logo\/image\/\",\"url\":\"https:\/\/shelly.lv\/wp-content\/uploads\/2023\/07\/Asset-3.png\",\"contentUrl\":\"https:\/\/shelly.lv\/wp-content\/uploads\/2023\/07\/Asset-3.png\",\"width\":861,\"height\":240,\"caption\":\"Shelly.lv\"},\"image\":{\"@id\":\"https:\/\/shelly.lv\/lt\/#\/schema\/logo\/image\/\"}}]}<\/script>\n<!-- \/ Yoast SEO plugin. -->","yoast_head_json":{"title":"Didmenin\u0117 prekyba Shelly produkcija - shelly.lv","description":"Didmenin\u0117 prekyba Shelly produkcija Baltijos \u0161alyse. Turime sand\u0117lius Lietuvoje, Latvijoje ir Estijoje. Shelly Lietuva","robots":{"index":"index","follow":"follow","max-snippet":"max-snippet:-1","max-image-preview":"max-image-preview:large","max-video-preview":"max-video-preview:-1"},"canonical":"https:\/\/shelly.lv\/lt\/didmenine-prekyba\/","og_locale":"lt_LT","og_type":"article","og_title":"Didmenin\u0117 prekyba Shelly produkcija - shelly.lv","og_description":"Didmenin\u0117 prekyba Shelly produkcija Baltijos \u0161alyse. Turime sand\u0117lius Lietuvoje, Latvijoje ir Estijoje. Shelly Lietuva","og_url":"https:\/\/shelly.lv\/lt\/didmenine-prekyba\/","og_site_name":"shelly.lv","article_modified_time":"2023-08-03T09:35:41+00:00","og_image":[{"width":1200,"height":630,"url":"https:\/\/shelly.lv\/wp-content\/uploads\/2023\/08\/shelly_share.png","type":"image\/png"}],"twitter_card":"summary_large_image","twitter_misc":{"Est. reading time":"2 minut\u0117s"},"schema":{"@context":"https:\/\/schema.org","@graph":[{"@type":"WebPage","@id":"https:\/\/shelly.lv\/lt\/didmenine-prekyba\/","url":"https:\/\/shelly.lv\/lt\/didmenine-prekyba\/","name":"Didmenin\u0117 prekyba Shelly produkcija - shelly.lv","isPartOf":{"@id":"https:\/\/shelly.lv\/lt\/#website"},"datePublished":"2023-07-24T10:12:27+00:00","dateModified":"2023-08-03T09:35:41+00:00","description":"Didmenin\u0117 prekyba Shelly produkcija Baltijos \u0161alyse. Turime sand\u0117lius Lietuvoje, Latvijoje ir Estijoje. Shelly Lietuva","breadcrumb":{"@id":"https:\/\/shelly.lv\/lt\/didmenine-prekyba\/#breadcrumb"},"inLanguage":"lt-LT","potentialAction":[{"@type":"ReadAction","target":["https:\/\/shelly.lv\/lt\/didmenine-prekyba\/"]}]},{"@type":"BreadcrumbList","@id":"https:\/\/shelly.lv\/lt\/didmenine-prekyba\/#breadcrumb","itemListElement":[{"@type":"ListItem","position":1,"name":"Home","item":"https:\/\/shelly.lv\/lt\/"},{"@type":"ListItem","position":2,"name":"Didmenin\u0117 prekyba"}]},{"@type":"WebSite","@id":"https:\/\/shelly.lv\/lt\/#website","url":"https:\/\/shelly.lv\/lt\/","name":"Shelly.lv","description":"Shelly Latvia","publisher":{"@id":"https:\/\/shelly.lv\/lt\/#organization"},"potentialAction":[{"@type":"SearchAction","target":{"@type":"EntryPoint","urlTemplate":"https:\/\/shelly.lv\/lt\/?s={search_term_string}"},"query-input":"required name=search_term_string"}],"inLanguage":"lt-LT"},{"@type":"Organization","@id":"https:\/\/shelly.lv\/lt\/#organization","name":"Shelly.lv","url":"https:\/\/shelly.lv\/lt\/","logo":{"@type":"ImageObject","inLanguage":"lt-LT","@id":"https:\/\/shelly.lv\/lt\/#\/schema\/logo\/image\/","url":"https:\/\/shelly.lv\/wp-content\/uploads\/2023\/07\/Asset-3.png","contentUrl":"https:\/\/shelly.lv\/wp-content\/uploads\/2023\/07\/Asset-3.png","width":861,"height":240,"caption":"Shelly.lv"},"image":{"@id":"https:\/\/shelly.lv\/lt\/#\/schema\/logo\/image\/"}}]}},"_links":{"self":[{"href":"https:\/\/shelly.lv\/lt\/wp-json\/wp\/v2\/pages\/1627","targetHints":{"allow":["GET"]}}],"collection":[{"href":"https:\/\/shelly.lv\/lt\/wp-json\/wp\/v2\/pages"}],"about":[{"href":"https:\/\/shelly.lv\/lt\/wp-json\/wp\/v2\/types\/page"}],"author":[{"embeddable":true,"href":"https:\/\/shelly.lv\/lt\/wp-json\/wp\/v2\/users\/3"}],"replies":[{"embeddable":true,"href":"https:\/\/shelly.lv\/lt\/wp-json\/wp\/v2\/comments?post=1627"}],"version-history":[{"count":12,"href":"https:\/\/shelly.lv\/lt\/wp-json\/wp\/v2\/pages\/1627\/revisions"}],"predecessor-version":[{"id":1658,"href":"https:\/\/shelly.lv\/lt\/wp-json\/wp\/v2\/pages\/1627\/revisions\/1658"}],"wp:attachment":[{"href":"https:\/\/shelly.lv\/lt\/wp-json\/wp\/v2\/media?parent=1627"}],"curies":[{"name":"wp","href":"https:\/\/api.w.org\/{rel}","templated":true}]}}