{"id":1802,"date":"2023-07-30T10:56:17","date_gmt":"2023-07-30T07:56:17","guid":{"rendered":"https:\/\/shelly.lv\/?page_id=1802"},"modified":"2023-08-07T10:27:31","modified_gmt":"2023-08-07T07:27:31","slug":"prekiu-grazinimas","status":"publish","type":"page","link":"https:\/\/shelly.lv\/lt\/prekiu-grazinimas\/","title":{"rendered":"Preki\u0173 gr\u0105\u017einimas"},"content":{"rendered":"<section class=\"wpb-content-wrapper\"><p>[vc_row css=&#8221;.vc_custom_1528700414903{margin-right: 0px !important;margin-bottom: 25px !important;margin-left: 0px !important;border-top-width: 1px !important;border-right-width: 1px !important;border-bottom-width: 1px !important;border-left-width: 1px !important;padding-top: 30px !important;padding-right: 15px !important;padding-bottom: 30px !important;padding-left: 15px !important;background-color: #ffffff !important;border-left-color: #e7e7e7 !important;border-left-style: solid !important;border-right-color: #e7e7e7 !important;border-right-style: solid !important;border-top-color: #e7e7e7 !important;border-top-style: solid !important;border-bottom-color: #e7e7e7 !important;border-bottom-style: solid !important;}&#8221;][vc_column css=&#8221;.vc_custom_1527238251732{padding-top: 0px !important;}&#8221;]\n\t\t<div id=\"wd-64c641aab917f\" class=\"title-wrapper wd-wpb set-mb-s reset-last-child  wd-rs-64c641aab917f wd-title-color-default wd-title-style-default text-left  wd-width-enabled wd-underline-colored\" style=\"--wd-max-width: 90%;\">\n\t\t\t\n\t\t\t<div class=\"liner-continer\">\n\t\t\t\t<h4 class=\"woodmart-title-container title  wd-font-weight- wd-fontsize-l\" >Preki\u0173 gr\u0105\u017einimas<\/h4>\n\t\t\t\t\t\t\t<\/div>\n\t\t\t\n\t\t\t\n\t\t\t\n\t\t<\/div>\n\t\t\n\t\t[vc_column_text css=&#8221;.vc_custom_1691393130895{margin-bottom: 0px !important;}&#8221; el_class=&#8221;text-larger&#8221; text_larger=&#8221;no&#8221; woodmart_inline=&#8221;no&#8221;]<\/p>\n<ol>\n<li>J\u016bs turite teis\u0119, nenurodydami prie\u017easties, ta\u010diau patys apmok\u0117dami prek\u0117s pristatymo i\u0161laidas, per keturiolika dien\u0173 (nuo prek\u0117s pristatymo dienos) atsisakyti prek\u0117s.<\/li>\n<li>Nutar\u0119 atsisakyti prek\u0117s, turite\u00a0pateikti ai\u0161k\u0173 parei\u0161kim\u0105 (el. pa\u0161tu), kuriame b\u016bt\u0173 i\u0161d\u0117stytas J\u016bs\u0173 sprendimas atsisakyti prek\u0117s.<\/li>\n<li>Pirk\u0117jui tenka visos su prek\u0117s gr\u0105\u017einimu per 14 (keturiolik\u0105) dien\u0173 susijusios i\u0161laidos ir rizika. Visais atvejais prek\u0117 privalo b\u016bti gr\u0105\u017einta nepasibaigus 40 (keturiasde\u0161imt) kalendorini\u0173 dien\u0173 laikotarpiui, skai\u010diuojamam nuo prek\u0117s pristatymo ar atsi\u0117mimo dienos.<\/li>\n<li>Gr\u0105\u017einti galima produkt\u0105, kuris yra veikiantis ir pilnos komplektacijos, originalioje pakuot\u0117je, kartu pateikiant pirkim\u0105 liudijan\u010dius, originalius pirkimo dokumentus, kuriuose matoma pirkimo data, prek\u0117s pavadinimas ir mok\u0117jimo suma bei Pra\u0161ym\u0105 (\u017er. 5 punkt\u0105).<\/li>\n<li>Gr\u0105\u017einant prek\u0119, \u012fsigyt\u0105 internetin\u0117je parduotuv\u0117je Shelly.lv, ir siun\u010diant prek\u0119 pa\u0161tu, pirk\u0117jas privalo kartu su gr\u0105\u017einama preke pateikti Pra\u0161ym\u0105, kuriame nurodoma: pirk\u0117jo vardas, pavard\u0117, banko s\u0105skaitos numeris, Kreditin\u0117s s\u0105skaitos Nr. arba U\u017esakymo Nr. bei gr\u0105\u017einimo prie\u017eastis.<\/li>\n<li>Ne v\u0117liau kaip per 30 dien\u0173 nuo J\u016bs\u0173 prane\u0161imo apie prek\u0117s atsisakym\u0105 pateikimo dienos ir prek\u0117s sugr\u0105\u017einimo mums, mes Jums gr\u0105\u017einsime visas J\u016bs\u0173 sumok\u0117tas sumas, ne\u012fskaitant J\u016bs\u0173 apmok\u0117tas preki\u0173 pristatymo i\u0161laidas, perkant prek\u0119. Mes atliksime tok\u012f gr\u0105\u017einim\u0105 naudodami tok\u012f pat\u012f mok\u0117jimo b\u016bd\u0105, kok\u012f J\u016bs naudojote atlikdamas pradin\u0119 mok\u0117jimo operacij\u0105, nebent J\u016bs ai\u0161kiai sutikote su kitu b\u016bdu; bet kuriuo atveju J\u016bs netur\u0117site mok\u0117ti joki\u0173 su tokiu gr\u0105\u017einimu susijusi\u0173 mokes\u010di\u0173.<\/li>\n<li>Partneriams, perkantiems produkt\u0105 perpardavimui, \u0161ios taisykl\u0117s n\u0117ra taikomos.<\/li>\n<li>Pinigai n\u0117ra gr\u0105\u017einami, jei gr\u0105\u017einamai prekei tr\u016bksta originalios pakuot\u0117s, sudedam\u0173j\u0173 dali\u0173 (ne pilna komplektacija, pvz. n\u0117ra pakrov\u0117jo, laid\u0173, antgali\u0173 ir pan.), ji yra mechani\u0161kai pa\u017eeista, visai ar dalinai neveikia ar yra kitaip sugadinta.<\/li>\n<li>Per 14 dien\u0173 gr\u0105\u017einamos prek\u0117s turi b\u016bti tvarkingos ir atitikti \u0161iuos reikalavimus:\n<ul>\n<li>gr\u0105\u017einama prek\u0117 turi b\u016bti originalioje tvarkingoje pakuot\u0117je, tokioje kokioje gavote i\u0161 pardav\u0117jo;<\/li>\n<li>prek\u0117 turi b\u016bti Pirk\u0117jo nesugadinta;<\/li>\n<li>prek\u0117 turi b\u016bti nepraradusi prekin\u0117s i\u0161vaizdos (\u0161vari, nepa\u017eeistos etiket\u0117s, nenupl\u0117\u0161tos apsaugin\u0117s pl\u0117vel\u0117s ir kiti originaliai komplektacijai b\u016bdingi priedai);<\/li>\n<li>gr\u0105\u017einamos prek\u0117s komplektacija turi b\u016bti nepakitusi, tokia kokia buvo \u012fteikta pirk\u0117jui;<\/li>\n<li>gr\u0105\u017einant prek\u0119 b\u016btina pateikti jos \u012fsigijimo dokument\u0105, garantin\u012f talon\u0105 (jei jis buvo i\u0161duotas);<\/li>\n<li>gr\u0105\u017einant prekes, kurios yra naudojamos k\u016bno higienai, maisto ruo\u0161imui, nam\u0173 ruo\u0161ai prek\u0117s negali b\u016bti nei karto naudotos;<\/li>\n<li>gr\u0105\u017einant kompiuter\u012f, jame negali b\u016bti jokios J\u016bs\u0173 paliktos informacijos, programin\u0117s \u012frangos, J\u016bs\u0173 asmenini\u0173 nustatym\u0173, turi b\u016bti atstatyta gamyklin\u0117 programin\u0117 \u012franga;<\/li>\n<li>gr\u0105\u017einama prek\u0117 turi b\u016bti saugiai supakuota, rekomenduojama supakuoti \u012f t\u0105 pat\u012f \u012fpakavim\u0105, kokiame gavote i\u0161 pardav\u0117jo;<\/li>\n<li>pirk\u0117jas gr\u0105\u017eindamas prek\u0119 pats atsako u\u017e jos skland\u0173 ir saug\u0173 atvykim\u0105 iki pardav\u0117jo.<\/li>\n<\/ul>\n<\/li>\n<\/ol>\n<p>10.Produkto gr\u0105\u017einimas \u012fmanomas tik \u012fvykd\u017eius visus auk\u0161\u010diau i\u0161d\u0117stytus terminus ir s\u0105lygas.<\/p>\n<p>Atkreipiame J\u016bs\u0173 d\u0117mes\u012f, jog:<\/p>\n<p>1) \u00a0 \u00a0 Negr\u0105\u017einsime J\u016bs\u0173 papildom\u0173 i\u0161laid\u0173, kurios susidar\u0117 d\u0117l to, kad J\u016bs ai\u0161kiai pasirinkote kit\u0105, negu m\u016bs\u0173 pasi\u016blytas pigiausias \u012fprastinis prek\u0117s pristatymo b\u016bdas;<br \/>\n2)\u00a0\u00a0\u00a0\u00a0 J\u016bs atsakote u\u017e prek\u0117s vert\u0117s suma\u017e\u0117jim\u0105, atsiradus\u012f d\u0117l veiksm\u0173, neb\u016btin\u0173 prek\u0117s pob\u016bd\u017eiui, savyb\u0117ms ir veikimui nustatyti.<\/p>\n<p><strong>Preki\u0173 gr\u0105\u017einimo adresas:<\/strong><\/p>\n<p>Savanori\u0173 pr. 194- 222, Kaunas, Lietuva[\/vc_column_text][\/vc_column][\/vc_row][vc_row woodmart_parallax=&#8221;0&#8243; woodmart_gradient_switch=&#8221;no&#8221; row_reverse_mobile=&#8221;0&#8243; row_reverse_tablet=&#8221;0&#8243; woodmart_disable_overflow=&#8221;0&#8243; css=&#8221;.vc_custom_1690714375504{padding: 30px !important;}&#8221; woodmart_css_id=&#8221;64c640efcb923&#8243; responsive_spacing=&#8221;eyJwYXJhbV90eXBlIjoid29vZG1hcnRfcmVzcG9uc2l2ZV9zcGFjaW5nIiwic2VsZWN0b3JfaWQiOiI2NGM2NDBlZmNiOTIzIiwic2hvcnRjb2RlIjoidmNfcm93IiwiZGF0YSI6eyJ0YWJsZXQiOnt9LCJtb2JpbGUiOnt9fX0=&#8221; mobile_bg_img_hidden=&#8221;no&#8221; tablet_bg_img_hidden=&#8221;no&#8221; woodmart_box_shadow=&#8221;no&#8221; wd_z_index=&#8221;no&#8221;][vc_column offset=&#8221;vc_col-lg-6 vc_col-md-5&#8243; woodmart_parallax=&#8221;0&#8243; parallax_scroll=&#8221;no&#8221; woodmart_sticky_column=&#8221;false&#8221; css=&#8221;.vc_custom_1538388179858{margin-bottom: 40px !important;}&#8221;]\n\t\t<div id=\"wd-64d09c94eb60d\" class=\"title-wrapper wd-wpb set-mb-s reset-last-child  wd-rs-64d09c94eb60d wd-title-color-default wd-title-style-default text-left  wd-width-enabled wd-underline-colored\" style=\"--wd-max-width: 90%;\">\n\t\t\t\n\t\t\t<div class=\"liner-continer\">\n\t\t\t\t<h4 class=\"woodmart-title-container title  wd-font-weight- wd-fontsize-l\" >Preki\u0173 gr\u0105\u017einimas<\/h4>\n\t\t\t\t\t\t\t<\/div>\n\t\t\t\n\t\t\t\t\t\t\t<div class=\"title-after_title  set-cont-mb-s reset-last-child  wd-fontsize-xs\">Jeigu kilo problem\u0173 d\u0117l prek\u0117s kokyb\u0117s ar gavote nekokybi\u0161k\u0105 prek\u0119, u\u017epildykite form\u0105 ir mes su jumis susisieksime. Nurodykite visus reikiamus duomenis, kad kuo grei\u010diau gal\u0117tum\u0117me i\u0161spr\u0119sti esam\u0105 problem\u0105.<\/div>\n\t\t\t\n\t\t\t\n\t\t<\/div>\n\t\t\n\t\t<div id=\"wd-64c6409f2b57c\" class=\" wd-rs-64c6409f2b57c  wd-button-wrapper text-center inline-element\"><a href=\"#\" title=\"\" class=\"btn btn-color-primary btn-style-default btn-style-rectangle btn-size-default\">Pirkimo s\u0105lygos ir taisykl\u0117s<\/a><\/div><div id=\"wd-64c640c408819\" class=\" wd-rs-64c640c408819  wd-button-wrapper text-center inline-element\"><a href=\"#\" title=\"\" class=\"btn btn-color-default btn-style-bordered btn-style-rectangle btn-size-default\">Kontaktai<\/a><\/div>[\/vc_column][vc_column offset=&#8221;vc_col-lg-6 vc_col-md-7&#8243; woodmart_parallax=&#8221;0&#8243; parallax_scroll=&#8221;no&#8221; woodmart_sticky_column=&#8221;false&#8221; css=&#8221;.vc_custom_1690714092313{border-radius: 3px !important;}&#8221; woodmart_css_id=&#8221;64c63fddb07d5&#8243; wd_collapsible_content_switcher=&#8221;no&#8221; wd_column_role_offcanvas_desktop=&#8221;no&#8221; wd_column_role_offcanvas_tablet=&#8221;no&#8221; wd_column_role_offcanvas_mobile=&#8221;no&#8221; wd_column_role_content_desktop=&#8221;no&#8221; wd_column_role_content_tablet=&#8221;no&#8221; wd_column_role_content_mobile=&#8221;no&#8221; mobile_bg_img_hidden=&#8221;no&#8221; tablet_bg_img_hidden=&#8221;no&#8221; woodmart_box_shadow=&#8221;no&#8221; responsive_spacing=&#8221;eyJwYXJhbV90eXBlIjoid29vZG1hcnRfcmVzcG9uc2l2ZV9zcGFjaW5nIiwic2VsZWN0b3JfaWQiOiI2NGM2M2ZkZGIwN2Q1Iiwic2hvcnRjb2RlIjoidmNfY29sdW1uIiwiZGF0YSI6eyJ0YWJsZXQiOnt9LCJtb2JpbGUiOnt9fX0=&#8221; mobile_reset_margin=&#8221;no&#8221; tablet_reset_margin=&#8221;no&#8221; wd_z_index=&#8221;no&#8221;]<div class=\"wpforms-container wpforms-container-full wpforms-render-modern\" id=\"wpforms-1825\"><form id=\"wpforms-form-1825\" class=\"wpforms-validate wpforms-form wpforms-ajax-form\" data-formid=\"1825\" method=\"post\" enctype=\"multipart\/form-data\" action=\"\/lt\/wp-json\/wp\/v2\/pages\/1802\" data-token=\"b99834fae08b240ebd9dde5f1393523b\"><noscript class=\"wpforms-error-noscript\">Please enable JavaScript in your browser to complete this form.<\/noscript><div class=\"wpforms-hidden\" id=\"wpforms-error-noscript\">Please enable JavaScript in your browser to complete this form.<\/div><div class=\"wpforms-field-container\"><div id=\"wpforms-1825-field_1-container\" class=\"wpforms-field wpforms-field-select wpforms-field-select-style-modern\" data-field-id=\"1\"><label class=\"wpforms-field-label\" for=\"wpforms-1825-field_1\">Pasirinkite form\u0105 <span class=\"wpforms-required-label\" aria-hidden=\"true\">*<\/span><\/label><select id=\"wpforms-1825-field_1\" class=\"wpforms-field-large wpforms-field-required choicesjs-select\" data-size-class=\"wpforms-field-row wpforms-field-large\" data-search-enabled=\"\" name=\"wpforms[fields][1]\" required=\"required\"><option value=\"\" class=\"placeholder\" disabled  selected='selected'>Gr\u0105\u017einimo forma<\/option><option value=\"Gr\u0105\u017einimo forma\" >Gr\u0105\u017einimo forma<\/option><option value=\"Garantin\u0117 forma\" >Garantin\u0117 forma<\/option><\/select><\/div><div id=\"wpforms-1825-field_2-container\" class=\"wpforms-field wpforms-field-text\" data-field-id=\"2\"><label class=\"wpforms-field-label\" for=\"wpforms-1825-field_2\">U\u017esakymo numeris <span class=\"wpforms-required-label\" aria-hidden=\"true\">*<\/span><\/label><input type=\"text\" id=\"wpforms-1825-field_2\" class=\"wpforms-field-large wpforms-field-required\" name=\"wpforms[fields][2]\" aria-errormessage=\"wpforms-1825-field_2-error\" required><\/div><div id=\"wpforms-1825-field_3-container\" class=\"wpforms-field wpforms-field-text\" data-field-id=\"3\"><label class=\"wpforms-field-label\" for=\"wpforms-1825-field_3\">Vardas Pavard\u0117 <span class=\"wpforms-required-label\" aria-hidden=\"true\">*<\/span><\/label><input type=\"text\" id=\"wpforms-1825-field_3\" class=\"wpforms-field-large wpforms-field-required\" name=\"wpforms[fields][3]\" aria-errormessage=\"wpforms-1825-field_3-error\" required><\/div><div id=\"wpforms-1825-field_5-container\" class=\"wpforms-field wpforms-field-email\" data-field-id=\"5\"><label class=\"wpforms-field-label\" for=\"wpforms-1825-field_5\">El.pa\u0161tas <span class=\"wpforms-required-label\" aria-hidden=\"true\">*<\/span><\/label><input type=\"email\" id=\"wpforms-1825-field_5\" class=\"wpforms-field-large wpforms-field-required\" name=\"wpforms[fields][5]\" spellcheck=\"false\" aria-errormessage=\"wpforms-1825-field_5-error\" required><\/div><div id=\"wpforms-1825-field_6-container\" class=\"wpforms-field wpforms-field-number\" data-field-id=\"6\"><label class=\"wpforms-field-label\" for=\"wpforms-1825-field_6\">Telefonas <span class=\"wpforms-required-label\" aria-hidden=\"true\">*<\/span><\/label><input type=\"number\" pattern=\"\\d*\" id=\"wpforms-1825-field_6\" class=\"wpforms-field-large wpforms-field-required\" name=\"wpforms[fields][6]\" aria-errormessage=\"wpforms-1825-field_6-error\" required><\/div><div id=\"wpforms-1825-field_7-container\" class=\"wpforms-field wpforms-field-textarea\" data-field-id=\"7\"><label class=\"wpforms-field-label\" for=\"wpforms-1825-field_7\">Prek\u0117s gedimo ar gr\u0105\u017einimo prie\u017easties apra\u0161ymas<\/label><textarea id=\"wpforms-1825-field_7\" class=\"wpforms-field-small\" name=\"wpforms[fields][7]\" aria-errormessage=\"wpforms-1825-field_7-error\" ><\/textarea><\/div><\/div><!-- .wpforms-field-container --><div class=\"wpforms-submit-container\" ><input type=\"hidden\" name=\"wpforms[id]\" value=\"1825\"><input type=\"hidden\" name=\"wpforms[author]\" value=\"3\"><button type=\"submit\" name=\"wpforms[submit]\" id=\"wpforms-submit-1825\" class=\"wpforms-submit\" data-alt-text=\"Siun\u010diama...\" data-submit-text=\"Si\u0173sti form\u0105\" aria-live=\"assertive\" value=\"wpforms-submit\">Si\u0173sti form\u0105<\/button><img loading=\"lazy\" decoding=\"async\" src=\"https:\/\/shelly.lv\/wp-content\/plugins\/wpforms-lite\/assets\/images\/submit-spin.svg\" class=\"wpforms-submit-spinner\" style=\"display: none;\" width=\"26\" height=\"26\" alt=\"Loading\"><\/div><\/form><\/div>  <!-- .wpforms-container -->[\/vc_column][\/vc_row][vc_row css=&#8221;.vc_custom_1528700414903{margin-right: 0px !important;margin-bottom: 25px !important;margin-left: 0px !important;border-top-width: 1px !important;border-right-width: 1px !important;border-bottom-width: 1px !important;border-left-width: 1px !important;padding-top: 30px !important;padding-right: 15px !important;padding-bottom: 30px !important;padding-left: 15px !important;background-color: #ffffff !important;border-left-color: #e7e7e7 !important;border-left-style: solid !important;border-right-color: #e7e7e7 !important;border-right-style: solid !important;border-top-color: #e7e7e7 !important;border-top-style: solid !important;border-bottom-color: #e7e7e7 !important;border-bottom-style: solid !important;}&#8221;][vc_column css=&#8221;.vc_custom_1527238251732{padding-top: 0px !important;}&#8221;][\/vc_column][\/vc_row]<\/p>\n<\/section>","protected":false},"excerpt":{"rendered":"<p>[vc_row css=&#8221;.vc_custom_1528700414903{margin-right: 0px !important;margin-bottom: 25px !important;margin-left: 0px !important;border-top-width: 1px !important;border-right-width: 1px !important;border-bottom-width: 1px !important;border-left-width: 1px !important;padding-top: 30px !important;padding-right: 15px !important;padding-bottom:<\/p>\n","protected":false},"author":3,"featured_media":0,"parent":0,"menu_order":0,"comment_status":"closed","ping_status":"closed","template":"","meta":{"footnotes":""},"class_list":["post-1802","page","type-page","status-publish","hentry"],"yoast_head":"<!-- This site is optimized with the Yoast SEO plugin v20.12 - https:\/\/yoast.com\/wordpress\/plugins\/seo\/ -->\n<title>Preki\u0173 gr\u0105\u017einimas - shelly.lv<\/title>\n<meta name=\"robots\" content=\"index, follow, max-snippet:-1, max-image-preview:large, max-video-preview:-1\" \/>\n<link rel=\"canonical\" href=\"https:\/\/shelly.lv\/lt\/prekiu-grazinimas\/\" \/>\n<meta property=\"og:locale\" content=\"lt_LT\" \/>\n<meta property=\"og:type\" content=\"article\" \/>\n<meta property=\"og:title\" content=\"Preki\u0173 gr\u0105\u017einimas - shelly.lv\" \/>\n<meta property=\"og:description\" content=\"[vc_row css=&#8221;.vc_custom_1528700414903{margin-right: 0px !important;margin-bottom: 25px !important;margin-left: 0px !important;border-top-width: 1px !important;border-right-width: 1px !important;border-bottom-width: 1px !important;border-left-width: 1px !important;padding-top: 30px !important;padding-right: 15px !important;padding-bottom:\" \/>\n<meta property=\"og:url\" content=\"https:\/\/shelly.lv\/lt\/prekiu-grazinimas\/\" \/>\n<meta property=\"og:site_name\" content=\"shelly.lv\" \/>\n<meta property=\"article:modified_time\" content=\"2023-08-07T07:27:31+00:00\" \/>\n<meta property=\"og:image\" content=\"https:\/\/shelly.lv\/wp-content\/uploads\/2023\/08\/shelly_share.png\" \/>\n\t<meta property=\"og:image:width\" content=\"1200\" \/>\n\t<meta property=\"og:image:height\" content=\"630\" \/>\n\t<meta property=\"og:image:type\" content=\"image\/png\" \/>\n<meta name=\"twitter:card\" content=\"summary_large_image\" \/>\n<meta name=\"twitter:label1\" content=\"Est. reading time\" \/>\n\t<meta name=\"twitter:data1\" content=\"4 minut\u0117s\" \/>\n<script type=\"application\/ld+json\" class=\"yoast-schema-graph\">{\"@context\":\"https:\/\/schema.org\",\"@graph\":[{\"@type\":\"WebPage\",\"@id\":\"https:\/\/shelly.lv\/lt\/prekiu-grazinimas\/\",\"url\":\"https:\/\/shelly.lv\/lt\/prekiu-grazinimas\/\",\"name\":\"Preki\u0173 gr\u0105\u017einimas - shelly.lv\",\"isPartOf\":{\"@id\":\"https:\/\/shelly.lv\/lt\/#website\"},\"datePublished\":\"2023-07-30T07:56:17+00:00\",\"dateModified\":\"2023-08-07T07:27:31+00:00\",\"breadcrumb\":{\"@id\":\"https:\/\/shelly.lv\/lt\/prekiu-grazinimas\/#breadcrumb\"},\"inLanguage\":\"lt-LT\",\"potentialAction\":[{\"@type\":\"ReadAction\",\"target\":[\"https:\/\/shelly.lv\/lt\/prekiu-grazinimas\/\"]}]},{\"@type\":\"BreadcrumbList\",\"@id\":\"https:\/\/shelly.lv\/lt\/prekiu-grazinimas\/#breadcrumb\",\"itemListElement\":[{\"@type\":\"ListItem\",\"position\":1,\"name\":\"Home\",\"item\":\"https:\/\/shelly.lv\/lt\/\"},{\"@type\":\"ListItem\",\"position\":2,\"name\":\"Preki\u0173 gr\u0105\u017einimas\"}]},{\"@type\":\"WebSite\",\"@id\":\"https:\/\/shelly.lv\/lt\/#website\",\"url\":\"https:\/\/shelly.lv\/lt\/\",\"name\":\"Shelly.lv\",\"description\":\"Shelly Latvia\",\"publisher\":{\"@id\":\"https:\/\/shelly.lv\/lt\/#organization\"},\"potentialAction\":[{\"@type\":\"SearchAction\",\"target\":{\"@type\":\"EntryPoint\",\"urlTemplate\":\"https:\/\/shelly.lv\/lt\/?s={search_term_string}\"},\"query-input\":\"required name=search_term_string\"}],\"inLanguage\":\"lt-LT\"},{\"@type\":\"Organization\",\"@id\":\"https:\/\/shelly.lv\/lt\/#organization\",\"name\":\"Shelly.lv\",\"url\":\"https:\/\/shelly.lv\/lt\/\",\"logo\":{\"@type\":\"ImageObject\",\"inLanguage\":\"lt-LT\",\"@id\":\"https:\/\/shelly.lv\/lt\/#\/schema\/logo\/image\/\",\"url\":\"https:\/\/shelly.lv\/wp-content\/uploads\/2023\/07\/Asset-3.png\",\"contentUrl\":\"https:\/\/shelly.lv\/wp-content\/uploads\/2023\/07\/Asset-3.png\",\"width\":861,\"height\":240,\"caption\":\"Shelly.lv\"},\"image\":{\"@id\":\"https:\/\/shelly.lv\/lt\/#\/schema\/logo\/image\/\"}}]}<\/script>\n<!-- \/ Yoast SEO plugin. -->","yoast_head_json":{"title":"Preki\u0173 gr\u0105\u017einimas - shelly.lv","robots":{"index":"index","follow":"follow","max-snippet":"max-snippet:-1","max-image-preview":"max-image-preview:large","max-video-preview":"max-video-preview:-1"},"canonical":"https:\/\/shelly.lv\/lt\/prekiu-grazinimas\/","og_locale":"lt_LT","og_type":"article","og_title":"Preki\u0173 gr\u0105\u017einimas - shelly.lv","og_description":"[vc_row css=&#8221;.vc_custom_1528700414903{margin-right: 0px !important;margin-bottom: 25px !important;margin-left: 0px !important;border-top-width: 1px !important;border-right-width: 1px !important;border-bottom-width: 1px !important;border-left-width: 1px !important;padding-top: 30px !important;padding-right: 15px !important;padding-bottom:","og_url":"https:\/\/shelly.lv\/lt\/prekiu-grazinimas\/","og_site_name":"shelly.lv","article_modified_time":"2023-08-07T07:27:31+00:00","og_image":[{"width":1200,"height":630,"url":"https:\/\/shelly.lv\/wp-content\/uploads\/2023\/08\/shelly_share.png","type":"image\/png"}],"twitter_card":"summary_large_image","twitter_misc":{"Est. reading time":"4 minut\u0117s"},"schema":{"@context":"https:\/\/schema.org","@graph":[{"@type":"WebPage","@id":"https:\/\/shelly.lv\/lt\/prekiu-grazinimas\/","url":"https:\/\/shelly.lv\/lt\/prekiu-grazinimas\/","name":"Preki\u0173 gr\u0105\u017einimas - shelly.lv","isPartOf":{"@id":"https:\/\/shelly.lv\/lt\/#website"},"datePublished":"2023-07-30T07:56:17+00:00","dateModified":"2023-08-07T07:27:31+00:00","breadcrumb":{"@id":"https:\/\/shelly.lv\/lt\/prekiu-grazinimas\/#breadcrumb"},"inLanguage":"lt-LT","potentialAction":[{"@type":"ReadAction","target":["https:\/\/shelly.lv\/lt\/prekiu-grazinimas\/"]}]},{"@type":"BreadcrumbList","@id":"https:\/\/shelly.lv\/lt\/prekiu-grazinimas\/#breadcrumb","itemListElement":[{"@type":"ListItem","position":1,"name":"Home","item":"https:\/\/shelly.lv\/lt\/"},{"@type":"ListItem","position":2,"name":"Preki\u0173 gr\u0105\u017einimas"}]},{"@type":"WebSite","@id":"https:\/\/shelly.lv\/lt\/#website","url":"https:\/\/shelly.lv\/lt\/","name":"Shelly.lv","description":"Shelly Latvia","publisher":{"@id":"https:\/\/shelly.lv\/lt\/#organization"},"potentialAction":[{"@type":"SearchAction","target":{"@type":"EntryPoint","urlTemplate":"https:\/\/shelly.lv\/lt\/?s={search_term_string}"},"query-input":"required name=search_term_string"}],"inLanguage":"lt-LT"},{"@type":"Organization","@id":"https:\/\/shelly.lv\/lt\/#organization","name":"Shelly.lv","url":"https:\/\/shelly.lv\/lt\/","logo":{"@type":"ImageObject","inLanguage":"lt-LT","@id":"https:\/\/shelly.lv\/lt\/#\/schema\/logo\/image\/","url":"https:\/\/shelly.lv\/wp-content\/uploads\/2023\/07\/Asset-3.png","contentUrl":"https:\/\/shelly.lv\/wp-content\/uploads\/2023\/07\/Asset-3.png","width":861,"height":240,"caption":"Shelly.lv"},"image":{"@id":"https:\/\/shelly.lv\/lt\/#\/schema\/logo\/image\/"}}]}},"_links":{"self":[{"href":"https:\/\/shelly.lv\/lt\/wp-json\/wp\/v2\/pages\/1802","targetHints":{"allow":["GET"]}}],"collection":[{"href":"https:\/\/shelly.lv\/lt\/wp-json\/wp\/v2\/pages"}],"about":[{"href":"https:\/\/shelly.lv\/lt\/wp-json\/wp\/v2\/types\/page"}],"author":[{"embeddable":true,"href":"https:\/\/shelly.lv\/lt\/wp-json\/wp\/v2\/users\/3"}],"replies":[{"embeddable":true,"href":"https:\/\/shelly.lv\/lt\/wp-json\/wp\/v2\/comments?post=1802"}],"version-history":[{"count":23,"href":"https:\/\/shelly.lv\/lt\/wp-json\/wp\/v2\/pages\/1802\/revisions"}],"predecessor-version":[{"id":2142,"href":"https:\/\/shelly.lv\/lt\/wp-json\/wp\/v2\/pages\/1802\/revisions\/2142"}],"wp:attachment":[{"href":"https:\/\/shelly.lv\/lt\/wp-json\/wp\/v2\/media?parent=1802"}],"curies":[{"name":"wp","href":"https:\/\/api.w.org\/{rel}","templated":true}]}}