{"id":2427,"date":"2021-05-03T15:08:48","date_gmt":"2021-05-03T12:08:48","guid":{"rendered":"https:\/\/shelly.lv\/veikals\/uncategorized\/shelly-cng-suslegtu-gamtiniu-duju-ismanusis-wifi-detektorius-cng\/"},"modified":"2026-04-27T11:35:00","modified_gmt":"2026-04-27T08:35:00","slug":"shelly-gas-cng","status":"publish","type":"product","link":"https:\/\/shelly.lv\/lt\/shop\/sensoriai\/shelly-gas-cng\/","title":{"rendered":"Shelly GAS CNG"},"content":{"rendered":"<section class=\"wpb-content-wrapper\"><p>[vc_row content_placement=&#8221;top&#8221; css=&#8221;.vc_custom_1619544704606{margin-bottom: 8vh !important;}&#8221; mobile_bg_img_hidden=&#8221;no&#8221; tablet_bg_img_hidden=&#8221;no&#8221; woodmart_parallax=&#8221;0&#8243; woodmart_gradient_switch=&#8221;no&#8221; row_reverse_mobile=&#8221;0&#8243; row_reverse_tablet=&#8221;0&#8243; woodmart_disable_overflow=&#8221;0&#8243;][vc_column width=&#8221;2\/3&#8243;]\n\t\t<div id=\"wd-608fe981a7d83\" class=\"title-wrapper wd-wpb set-mb-s reset-last-child  wd-rs-608fe981a7d83 wd-title-color-default wd-title-style-default text-left vc_custom_1620044165108 wd-underline-colored\">\n\t\t\t\n\t\t\t<div class=\"liner-continer\">\n\t\t\t\t<h4 class=\"woodmart-title-container title  wd-font-weight-600 wd-fontsize-l\" >SHELLY CNG (susl\u0117gt\u0173 gamtini\u0173 duj\u0173) i\u0161manusis wifi detektorius<\/h4>\n\t\t\t\t\t\t\t<\/div>\n\t\t\t\n\t\t\t\n\t\t\t\n\t\t<\/div>\n\t\t\n\t\t[vc_column_text text_larger=&#8221;no&#8221;]<span class=\"\">Kod\u0117l Shelly GAS? Daugelis buitini\u0173 prietais\u0173 yra priklausomi nuo gamtini\u0173 duj\u0173 arba suskystint\u0173 naftos duj\u0173, ta\u010diau nedaugelyje nam\u0173 jusliniu b\u016bdu aptinkamas duj\u0173 nuot\u0117kis, kuris gali b\u016bti pavojingas. <\/span><span class=\"\">Shelly GAS gali aptikti gamtines dujas arba suskystintas dujas ir pad\u0117ti jums papildomai apsaugoti savo namus ir \u0161eim\u0105. <\/span>Jo ilgas tarnavimo laikas, nedidelis jautrumas ir \u201eWi-Fi\u201c technologija leid\u017eia visada \u017einoti, ar dujos kelia gr\u0117sm\u0119 j\u016bs\u0173 namams.<\/p>\n<h2>Kompakti\u0161kas dizainas, sujungiantis men\u0105 ir technologijas<\/h2>\n<p>Pavojingi duj\u0173 nuot\u0117kiai gali pasireik\u0161ti bet kurioje j\u016bs\u0173 nam\u0173 vietoje, ta\u010diau ne visus duj\u0173 detektorius galima \u012fd\u0117ti visur.\u00a0\u0160tai kod\u0117l \u201eShelly GAS\u201c suk\u016br\u0117me itin kompakti\u0161ko dyd\u017eio.\u00a0J\u012f galima naudoti bet kur, o jei \u012ftariate nuot\u0117k\u012f, tiesiog prijunkite \u012frengin\u012f ir ramiai apsiraminkite.<\/p>\n<h2>U\u017etikrinkite vaik\u0173 saugum\u0105<\/h2>\n<p>D\u0117l savo \u012ftemptos kasdienyb\u0117s kartais vaikus turime palikti ramyb\u0117je namuose.\u00a0Nor\u0117dami b\u016bti ram\u016bs, kad jie apsaugoti nuo netik\u0117t\u0173 \u012fvyki\u0173, naudokite \u201eShelly GAS\u201c.\u00a0\u012erenginys nedelsdamas atsi\u0173s jums prane\u0161im\u0105, kai nutek\u0117s net nedidelis duj\u0173 kiekis.<\/p>\n<h2>Tur\u0117damas galvoje pagyvenusius \u017emones<\/h2>\n<p>Pagyven\u0119 \u017emon\u0117s, ruo\u0161dami maist\u0105, da\u017enai pamir\u0161ta u\u017edaryti duj\u0173 vo\u017etuv\u0105.\u00a0Be to, d\u0117l sutrikusio uosl\u0117s jie gali nepasteb\u0117ti duj\u0173 nutek\u0117jimo.\u00a0Naudodami \u201eShelly GAS\u201c galite b\u016bti ram\u016bs, nes tai i\u0161kart \u012fsp\u0117s jus, jei j\u016bs\u0173 namuose yra net nedidel\u0117 gamtini\u0173 ar suskystint\u0173 duj\u0173 koncentracija.<\/p>\n<h2>Elektrinis duj\u0173 vo\u017etuv\u0173 valdymas<\/h2>\n<p>Vo\u017etuvai r\u016bpinasi tinkamu dujini\u0173 prietais\u0173 veikimu ir saugumu.\u00a0Kartais gali nutek\u0117ti dujos.\u00a0Kai \u201eShelly GAS\u201c aptinka duj\u0173 nuot\u0117k\u012f, j\u012f galima nustatyti nedelsiant u\u017edaryti duj\u0173 vo\u017etuv\u0105, taigi j\u016bs nebesijaudinsite d\u0117l duj\u0173 nuot\u0117kio.<\/p>\n<h2>I\u0161manieji persp\u0117jimai<\/h2>\n<p>Naudodami intelektualius \u201eShelly GAS\u201c persp\u0117jimus su\u017einosite, ar \u012frenginys veikia, ar neveikia, ar \u0161ildo, ar duj\u0173 nuot\u0117kis yra nedidelis ar stiprus.\u00a0Jei duj\u0173 lygis tampa pavojingas, \u201eShelly GAS\u201c mirksi raudona \u0161viesa ir garsiai aliarmuoja, tod\u0117l j\u016bs ir j\u016bs\u0173 \u0161eima galite saugiai palikti teritorij\u0105.<\/p>\n<h2>Nuotolinis valdymas ir prane\u0161imai<\/h2>\n<p>\u201eShelly GAS\u201c informuos jus apie j\u016bs\u0173 nam\u0173 saugum\u0105, kad ir kur b\u016btum\u0117te.\u00a0Jei prietaisas aptiks koki\u0105 nors gr\u0117sm\u0119, jis nedelsdamas i\u0161si\u0173s prane\u0161im\u0105 \u012f j\u016bs\u0173 i\u0161man\u0173j\u012f telefon\u0105 per \u201eShelly Cloud\u201c program\u0105 ir tuo pa\u010diu metu mirks\u0117s \u0161viesos ir garso signalais kambaryje, kuriame jis \u012fdiegtas.<\/p>\n<h2>J\u016bs\u0173 virtuv\u0117s geriausias draugas<\/h2>\n<p>Jei gaminote maist\u0105 ir pamir\u0161ote u\u017edaryti dujin\u0117s virykl\u0117s vo\u017etuv\u0105, j\u016bs\u0173 namai gali greitai prisipildyti sprogi\u0173 duj\u0173.\u00a0Nor\u0117dami i\u0161vengti \u0161io pavojaus ir gaisro pavoj\u0173, tiesiog prijunkite \u201eShelly\u201c duj\u0105 savo virtuv\u0117s zonoje ir i\u0161venkite pavojaus.[\/vc_column_text]\n\t\t<div id=\"wd-608fe9e9e08d5\" class=\"title-wrapper wd-wpb set-mb-s reset-last-child  wd-rs-608fe9e9e08d5 wd-title-color-default wd-title-style-default text-left vc_custom_1620044271342 wd-width-enabled wd-underline-colored\" style=\"--wd-max-width: 90%;\">\n\t\t\t\n\t\t\t<div class=\"liner-continer\">\n\t\t\t\t<h4 class=\"woodmart-title-container title  wd-font-weight- wd-fontsize-xl\" >SHELLY GAS pajungimas ir duomenys<\/h4>\n\t\t\t\t\t\t\t<\/div>\n\t\t\t\n\t\t\t\n\t\t\t\n\t\t<\/div>\n\t\t\n\t\t[vc_video link=&#8221;https:\/\/www.youtube.com\/watch?v=q9J0gkeygac&#8221; image_poster_switch=&#8221;no&#8221;][vc_column_text el_class=&#8221;text-larger&#8221; text_larger=&#8221;no&#8221;]<\/p>\n<table>\n<tbody>\n<tr>\n<th>Maitinimo \u0161altinis AC<\/th>\n<td style=\"text-align: right; font-size: 16px;\">110\u2013230 V \u00b1 10%, 50 \/ 60Hz<\/td>\n<\/tr>\n<tr>\n<th>Maitinimo \u0161altinis DC<\/th>\n<td style=\"text-align: right; font-size: 16px;\">Ne<\/td>\n<\/tr>\n<tr>\n<th style=\"text-align: left;\"><em>Specialios funkcijos<\/em><\/th>\n<td style=\"text-align: right; font-size: 16px;\"><\/td>\n<\/tr>\n<tr>\n<th>Duj\u0173 detektorius<\/th>\n<td style=\"text-align: right; font-size: 16px;\">Taip &#8211; susl\u0117gtos gamtin\u0117s dujos &#8211; SGD<\/td>\n<\/tr>\n<tr>\n<th>Prietaiso apsauga nuo temperat\u016bros<\/th>\n<td style=\"text-align: right; font-size: 16px;\">Taip &#8211; atsparus ugniai<\/td>\n<\/tr>\n<tr>\n<th style=\"text-align: left;\"><em>Funkcijos<\/em><\/th>\n<td style=\"text-align: right; font-size: 16px;\"><\/td>\n<\/tr>\n<tr>\n<th>Aliarmo indikatorius<\/th>\n<td style=\"text-align: right; font-size: 16px;\">LED blykst\u0117 ir garsas<\/td>\n<\/tr>\n<tr>\n<th>Aliarmo jautrumas<\/th>\n<td style=\"text-align: right; font-size: 16px;\">6% LEL<\/td>\n<\/tr>\n<tr>\n<th>Garso lygis<\/th>\n<td style=\"text-align: right; font-size: 16px;\">\u226570dB<\/td>\n<\/tr>\n<tr>\n<th>Vo\u017etuvo manipuliatoriaus lizdo i\u0161\u0117jimas<\/th>\n<td style=\"text-align: right; font-size: 16px;\">11\u201313 V, 500 mA<\/td>\n<\/tr>\n<tr>\n<th>\u012erenginio energijos suvartojimas<\/th>\n<td style=\"text-align: right; font-size: 16px;\">&lt; 3 W<\/td>\n<\/tr>\n<tr>\n<th>Darbin\u0117 temperat\u016bra<\/th>\n<td style=\"text-align: right; font-size: 16px;\">-10\u00baC to +50\u00baC<\/td>\n<\/tr>\n<tr>\n<th>Pa\u017eangus \u012fjungimas \/ i\u0161jungimas<\/th>\n<td style=\"text-align: right; font-size: 16px;\">Taip<\/td>\n<\/tr>\n<tr>\n<th>Vietinis ir nuotolinis valdymas<\/th>\n<td style=\"text-align: right; font-size: 16px;\">Taip<\/td>\n<\/tr>\n<tr>\n<th style=\"text-align: left;\"><em>Jungtis<\/em><\/th>\n<td style=\"text-align: right; font-size: 16px;\"><\/td>\n<\/tr>\n<tr>\n<th>Wireless\/WiFi Protocol<\/th>\n<td style=\"text-align: right; font-size: 16px;\">802.11 b \/ g \/ n<\/td>\n<\/tr>\n<tr>\n<th>Radijo da\u017enis<\/th>\n<td style=\"text-align: right; font-size: 16px;\">2400 &#8211; 2500 MHz<\/td>\n<\/tr>\n<tr>\n<th>Radijo signalo galia<\/th>\n<td style=\"text-align: right; font-size: 16px;\">1mW<\/td>\n<\/tr>\n<tr>\n<th>Atstumas<\/th>\n<td style=\"text-align: right; font-size: 16px;\">iki 50 m lauke ir iki 30 m patalpose (priklausomai nuo statybini\u0173 med\u017eiag\u0173)<\/td>\n<\/tr>\n<tr>\n<th>Dydis<\/th>\n<td style=\"text-align: right; font-size: 16px;\">89,5 mm x 89,5 mm x 38 mm (ki\u0161tukas nepridedamas)<\/td>\n<\/tr>\n<\/tbody>\n<\/table>\n<p>[\/vc_column_text][\/vc_column][vc_column width=&#8221;1\/3&#8243; offset=&#8221;vc_hidden-sm vc_hidden-xs&#8221; mobile_bg_img_hidden=&#8221;no&#8221; tablet_bg_img_hidden=&#8221;no&#8221; woodmart_parallax=&#8221;0&#8243; woodmart_sticky_column=&#8221;false&#8221; parallax_scroll=&#8221;no&#8221; mobile_reset_margin=&#8221;no&#8221; tablet_reset_margin=&#8221;no&#8221;][\/vc_column][\/vc_row]<\/p>\n<\/section>","protected":false},"excerpt":{"rendered":"<p>[vc_row content_placement=&#8221;top&#8221; css=&#8221;.vc_custom_1619544704606{margin-bottom: 8vh !important;}&#8221; mobile_bg_img_hidden=&#8221;no&#8221; tablet_bg_img_hidden=&#8221;no&#8221; woodmart_parallax=&#8221;0&#8243; woodmart_gradient_switch=&#8221;no&#8221; row_reverse_mobile=&#8221;0&#8243; row_reverse_tablet=&#8221;0&#8243; woodmart_disable_overflow=&#8221;0&#8243;][vc_column width=&#8221;2\/3&#8243;][vc_column_text text_larger=&#8221;no&#8221;]Kod\u0117l Shelly GAS? Daugelis buitini\u0173 prietais\u0173 yra<\/p>\n","protected":false},"featured_media":2425,"template":"","meta":[],"product_cat":[298],"product_tag":[279,280,41,281],"class_list":{"0":"post-2427","1":"product","2":"type-product","3":"status-publish","4":"has-post-thumbnail","6":"product_cat-sensoriai","7":"product_tag-cng-daviklis-sensorius","8":"product_tag-duju-daviklis","9":"product_tag-shelly","10":"product_tag-shelly-ht","12":"first","13":"instock","14":"taxable","15":"shipping-taxable","16":"purchasable","17":"product-type-simple"},"yoast_head":"<!-- This site is optimized with the Yoast SEO plugin v20.12 - https:\/\/yoast.com\/wordpress\/plugins\/seo\/ -->\n<title>Shelly GAS CNG - shelly.lv<\/title>\n<meta name=\"robots\" content=\"index, follow, max-snippet:-1, max-image-preview:large, max-video-preview:-1\" \/>\n<link rel=\"canonical\" href=\"https:\/\/shelly.lv\/lt\/shop\/sensoriai\/shelly-gas-cng\/\" \/>\n<meta property=\"og:locale\" content=\"lt_LT\" \/>\n<meta property=\"og:type\" content=\"article\" \/>\n<meta property=\"og:title\" content=\"Shelly GAS CNG - shelly.lv\" \/>\n<meta property=\"og:description\" content=\"[vc_row content_placement=&#8221;top&#8221; css=&#8221;.vc_custom_1619544704606{margin-bottom: 8vh !important;}&#8221; mobile_bg_img_hidden=&#8221;no&#8221; tablet_bg_img_hidden=&#8221;no&#8221; woodmart_parallax=&#8221;0&#8243; woodmart_gradient_switch=&#8221;no&#8221; row_reverse_mobile=&#8221;0&#8243; row_reverse_tablet=&#8221;0&#8243; woodmart_disable_overflow=&#8221;0&#8243;][vc_column width=&#8221;2\/3&#8243;][vc_column_text text_larger=&#8221;no&#8221;]Kod\u0117l Shelly GAS? Daugelis buitini\u0173 prietais\u0173 yra\" \/>\n<meta property=\"og:url\" content=\"https:\/\/shelly.lv\/lt\/shop\/sensoriai\/shelly-gas-cng\/\" \/>\n<meta property=\"og:site_name\" content=\"shelly.lv\" \/>\n<meta property=\"article:modified_time\" content=\"2026-04-27T08:35:00+00:00\" \/>\n<meta property=\"og:image\" content=\"http:\/\/shelly.lv\/wp-content\/uploads\/2023\/10\/shelly_gasCNG_unit.png\" \/>\n\t<meta property=\"og:image:width\" content=\"585\" \/>\n\t<meta property=\"og:image:height\" content=\"585\" \/>\n\t<meta property=\"og:image:type\" content=\"image\/png\" \/>\n<meta name=\"twitter:card\" content=\"summary_large_image\" \/>\n<meta name=\"twitter:label1\" content=\"Est. reading time\" \/>\n\t<meta name=\"twitter:data1\" content=\"3 minut\u0117s\" \/>\n<script type=\"application\/ld+json\" class=\"yoast-schema-graph\">{\"@context\":\"https:\/\/schema.org\",\"@graph\":[{\"@type\":\"WebPage\",\"@id\":\"https:\/\/shelly.lv\/lt\/shop\/sensoriai\/shelly-gas-cng\/\",\"url\":\"https:\/\/shelly.lv\/lt\/shop\/sensoriai\/shelly-gas-cng\/\",\"name\":\"Shelly GAS CNG - shelly.lv\",\"isPartOf\":{\"@id\":\"https:\/\/shelly.lv\/lt\/#website\"},\"datePublished\":\"2021-05-03T12:08:48+00:00\",\"dateModified\":\"2026-04-27T08:35:00+00:00\",\"breadcrumb\":{\"@id\":\"https:\/\/shelly.lv\/lt\/shop\/sensoriai\/shelly-gas-cng\/#breadcrumb\"},\"inLanguage\":\"lt-LT\",\"potentialAction\":[{\"@type\":\"ReadAction\",\"target\":[\"https:\/\/shelly.lv\/lt\/shop\/sensoriai\/shelly-gas-cng\/\"]}]},{\"@type\":\"BreadcrumbList\",\"@id\":\"https:\/\/shelly.lv\/lt\/shop\/sensoriai\/shelly-gas-cng\/#breadcrumb\",\"itemListElement\":[{\"@type\":\"ListItem\",\"position\":1,\"name\":\"Home\",\"item\":\"https:\/\/shelly.lv\/lt\/\"},{\"@type\":\"ListItem\",\"position\":2,\"name\":\"Parduotuv\u0117\",\"item\":\"https:\/\/shelly.lv\/lt\/shop\/\"},{\"@type\":\"ListItem\",\"position\":3,\"name\":\"Shelly GAS CNG\"}]},{\"@type\":\"WebSite\",\"@id\":\"https:\/\/shelly.lv\/lt\/#website\",\"url\":\"https:\/\/shelly.lv\/lt\/\",\"name\":\"Shelly.lv\",\"description\":\"Shelly Latvia\",\"publisher\":{\"@id\":\"https:\/\/shelly.lv\/lt\/#organization\"},\"potentialAction\":[{\"@type\":\"SearchAction\",\"target\":{\"@type\":\"EntryPoint\",\"urlTemplate\":\"https:\/\/shelly.lv\/lt\/?s={search_term_string}\"},\"query-input\":\"required name=search_term_string\"}],\"inLanguage\":\"lt-LT\"},{\"@type\":\"Organization\",\"@id\":\"https:\/\/shelly.lv\/lt\/#organization\",\"name\":\"Shelly.lv\",\"url\":\"https:\/\/shelly.lv\/lt\/\",\"logo\":{\"@type\":\"ImageObject\",\"inLanguage\":\"lt-LT\",\"@id\":\"https:\/\/shelly.lv\/lt\/#\/schema\/logo\/image\/\",\"url\":\"https:\/\/shelly.lv\/wp-content\/uploads\/2023\/07\/Asset-3.png\",\"contentUrl\":\"https:\/\/shelly.lv\/wp-content\/uploads\/2023\/07\/Asset-3.png\",\"width\":861,\"height\":240,\"caption\":\"Shelly.lv\"},\"image\":{\"@id\":\"https:\/\/shelly.lv\/lt\/#\/schema\/logo\/image\/\"}}]}<\/script>\n<!-- \/ Yoast SEO plugin. -->","yoast_head_json":{"title":"Shelly GAS CNG - shelly.lv","robots":{"index":"index","follow":"follow","max-snippet":"max-snippet:-1","max-image-preview":"max-image-preview:large","max-video-preview":"max-video-preview:-1"},"canonical":"https:\/\/shelly.lv\/lt\/shop\/sensoriai\/shelly-gas-cng\/","og_locale":"lt_LT","og_type":"article","og_title":"Shelly GAS CNG - shelly.lv","og_description":"[vc_row content_placement=&#8221;top&#8221; css=&#8221;.vc_custom_1619544704606{margin-bottom: 8vh !important;}&#8221; mobile_bg_img_hidden=&#8221;no&#8221; tablet_bg_img_hidden=&#8221;no&#8221; woodmart_parallax=&#8221;0&#8243; woodmart_gradient_switch=&#8221;no&#8221; row_reverse_mobile=&#8221;0&#8243; row_reverse_tablet=&#8221;0&#8243; woodmart_disable_overflow=&#8221;0&#8243;][vc_column width=&#8221;2\/3&#8243;][vc_column_text text_larger=&#8221;no&#8221;]Kod\u0117l Shelly GAS? Daugelis buitini\u0173 prietais\u0173 yra","og_url":"https:\/\/shelly.lv\/lt\/shop\/sensoriai\/shelly-gas-cng\/","og_site_name":"shelly.lv","article_modified_time":"2026-04-27T08:35:00+00:00","og_image":[{"width":585,"height":585,"url":"http:\/\/shelly.lv\/wp-content\/uploads\/2023\/10\/shelly_gasCNG_unit.png","type":"image\/png"}],"twitter_card":"summary_large_image","twitter_misc":{"Est. reading time":"3 minut\u0117s"},"schema":{"@context":"https:\/\/schema.org","@graph":[{"@type":"WebPage","@id":"https:\/\/shelly.lv\/lt\/shop\/sensoriai\/shelly-gas-cng\/","url":"https:\/\/shelly.lv\/lt\/shop\/sensoriai\/shelly-gas-cng\/","name":"Shelly GAS CNG - shelly.lv","isPartOf":{"@id":"https:\/\/shelly.lv\/lt\/#website"},"datePublished":"2021-05-03T12:08:48+00:00","dateModified":"2026-04-27T08:35:00+00:00","breadcrumb":{"@id":"https:\/\/shelly.lv\/lt\/shop\/sensoriai\/shelly-gas-cng\/#breadcrumb"},"inLanguage":"lt-LT","potentialAction":[{"@type":"ReadAction","target":["https:\/\/shelly.lv\/lt\/shop\/sensoriai\/shelly-gas-cng\/"]}]},{"@type":"BreadcrumbList","@id":"https:\/\/shelly.lv\/lt\/shop\/sensoriai\/shelly-gas-cng\/#breadcrumb","itemListElement":[{"@type":"ListItem","position":1,"name":"Home","item":"https:\/\/shelly.lv\/lt\/"},{"@type":"ListItem","position":2,"name":"Parduotuv\u0117","item":"https:\/\/shelly.lv\/lt\/shop\/"},{"@type":"ListItem","position":3,"name":"Shelly GAS CNG"}]},{"@type":"WebSite","@id":"https:\/\/shelly.lv\/lt\/#website","url":"https:\/\/shelly.lv\/lt\/","name":"Shelly.lv","description":"Shelly Latvia","publisher":{"@id":"https:\/\/shelly.lv\/lt\/#organization"},"potentialAction":[{"@type":"SearchAction","target":{"@type":"EntryPoint","urlTemplate":"https:\/\/shelly.lv\/lt\/?s={search_term_string}"},"query-input":"required name=search_term_string"}],"inLanguage":"lt-LT"},{"@type":"Organization","@id":"https:\/\/shelly.lv\/lt\/#organization","name":"Shelly.lv","url":"https:\/\/shelly.lv\/lt\/","logo":{"@type":"ImageObject","inLanguage":"lt-LT","@id":"https:\/\/shelly.lv\/lt\/#\/schema\/logo\/image\/","url":"https:\/\/shelly.lv\/wp-content\/uploads\/2023\/07\/Asset-3.png","contentUrl":"https:\/\/shelly.lv\/wp-content\/uploads\/2023\/07\/Asset-3.png","width":861,"height":240,"caption":"Shelly.lv"},"image":{"@id":"https:\/\/shelly.lv\/lt\/#\/schema\/logo\/image\/"}}]}},"_links":{"self":[{"href":"https:\/\/shelly.lv\/lt\/wp-json\/wp\/v2\/product\/2427","targetHints":{"allow":["GET"]}}],"collection":[{"href":"https:\/\/shelly.lv\/lt\/wp-json\/wp\/v2\/product"}],"about":[{"href":"https:\/\/shelly.lv\/lt\/wp-json\/wp\/v2\/types\/product"}],"wp:featuredmedia":[{"embeddable":true,"href":"https:\/\/shelly.lv\/lt\/wp-json\/wp\/v2\/media\/2425"}],"wp:attachment":[{"href":"https:\/\/shelly.lv\/lt\/wp-json\/wp\/v2\/media?parent=2427"}],"wp:term":[{"taxonomy":"product_cat","embeddable":true,"href":"https:\/\/shelly.lv\/lt\/wp-json\/wp\/v2\/product_cat?post=2427"},{"taxonomy":"product_tag","embeddable":true,"href":"https:\/\/shelly.lv\/lt\/wp-json\/wp\/v2\/product_tag?post=2427"}],"curies":[{"name":"wp","href":"https:\/\/api.w.org\/{rel}","templated":true}]}}