{"id":2441,"date":"2021-05-03T14:37:18","date_gmt":"2021-05-03T11:37:18","guid":{"rendered":"https:\/\/shelly.lv\/veikals\/uncategorized\/shelly-ht-ismanusis-wifi-temperaturos-ir-dregmes-sensorius\/"},"modified":"2025-02-14T15:07:53","modified_gmt":"2025-02-14T13:07:53","slug":"shelly-ht-baltas","status":"publish","type":"product","link":"https:\/\/shelly.lv\/lt\/shop\/sensoriai\/shelly-ht-baltas\/","title":{"rendered":"SHELLY H&amp;T baltas"},"content":{"rendered":"<section class=\"wpb-content-wrapper\"><p>[vc_row content_placement=&#8221;top&#8221; css=&#8221;.vc_custom_1619544704606{margin-bottom: 8vh !important;}&#8221; mobile_bg_img_hidden=&#8221;no&#8221; tablet_bg_img_hidden=&#8221;no&#8221; woodmart_parallax=&#8221;0&#8243; woodmart_gradient_switch=&#8221;no&#8221; row_reverse_mobile=&#8221;0&#8243; row_reverse_tablet=&#8221;0&#8243; woodmart_disable_overflow=&#8221;0&#8243;][vc_column width=&#8221;2\/3&#8243;]\n\t\t<div id=\"wd-608fe2c358002\" class=\"title-wrapper wd-wpb set-mb-s reset-last-child  wd-rs-608fe2c358002 wd-title-color-default wd-title-style-default text-left vc_custom_1620042438744 wd-underline-colored\">\n\t\t\t\n\t\t\t<div class=\"liner-continer\">\n\t\t\t\t<h4 class=\"woodmart-title-container title  wd-font-weight-600 wd-fontsize-l\" >SHELLY H&amp;T I\u0161manusis Wifi Temperat\u016bros ir dr\u0117gm\u0117s sensorius<\/h4>\n\t\t\t\t\t\t\t<\/div>\n\t\t\t\n\t\t\t\n\t\t\t\n\t\t<\/div>\n\t\t\n\t\t[vc_column_text text_larger=&#8221;no&#8221;]Shelly H&amp;T padeda steb\u0117ti dr\u0117gm\u0117s ir temperat\u016bros poky\u010dius, vengiant sausumo ir palaikant patogias s\u0105lygas j\u016bs\u0173 namuose. WiFi valdomas dr\u0117gm\u0117s ir temperat\u016bros jutiklis Shelly H&amp;T turi \u012fmontuotus temperat\u016bros ir dr\u0117gm\u0117s modulius ir yra pirmasis pasaulyje Wi-Fi temperat\u016bros ir dr\u0117gm\u0117s jutiklis, veikiantis daugiau nei 18 m\u0117nesi\u0173 su viena baterija. \u0160iame \u012frenginyje naudojama 1 tipo CR123A baterija, kuri N\u0116RA pridedama.<\/p>\n<p><strong>Privalumai<\/strong><\/p>\n<ul>\n<li>Nereikalingas HUB.<\/li>\n<li>Ilgalaikis akumuliatorius arba USB maitinimas.<\/li>\n<li>Temperat\u016bros ir dr\u0117gm\u0117s valdymas<\/li>\n<li>Jis gali b\u016bti integruotas dirbti su visais kitais \u201eShelly\u201c \u012frenginiais.<\/li>\n<li>Suderinamas su \u201eAndroid\u201c, \u201eiOS\u201c, \u201eAmazon Alexa\u201c, \u201eGoogle Assistant\u201c ir nam\u0173 automatikos serveriais, naudojan\u010diais MQTT, CoAP ir REST API.<\/li>\n<li>Lengvai paverskite \u201eArduino\u201c projekt\u0105 gyvu ir tinkamu naudoti automatikos projekte.<\/li>\n<\/ul>\n<p>[\/vc_column_text]\n\t\t<div id=\"wd-608fe33e963ea\" class=\"title-wrapper wd-wpb set-mb-s reset-last-child  wd-rs-608fe33e963ea wd-title-color-default wd-title-style-default text-left vc_custom_1620042571911 wd-width-enabled wd-underline-colored\" style=\"--wd-max-width: 90%;\">\n\t\t\t\n\t\t\t<div class=\"liner-continer\">\n\t\t\t\t<h4 class=\"woodmart-title-container title  wd-font-weight- wd-fontsize-xl\" >SHELLY H&amp;T pajungimas ir duomenys<\/h4>\n\t\t\t\t\t\t\t<\/div>\n\t\t\t\n\t\t\t\n\t\t\t\n\t\t<\/div>\n\t\t\n\t\t[vc_video link=&#8221;https:\/\/www.youtube.com\/watch?v=r9SDt8ex3xo&#8221; image_poster_switch=&#8221;no&#8221;][vc_column_text el_class=&#8221;text-larger&#8221; text_larger=&#8221;no&#8221;]<\/p>\n<table>\n<tbody>\n<tr>\n<th>Maitinimo \u0161altinis AC<\/th>\n<td style=\"text-align: right; font-size: 16px;\">Ne<\/td>\n<\/tr>\n<tr>\n<th>Maitinimo \u0161altinis DC<\/th>\n<td style=\"text-align: right; font-size: 16px;\">Pasirinktinai<\/td>\n<\/tr>\n<tr>\n<th>Baterijos tipas<\/th>\n<td style=\"text-align: right; font-size: 16px;\">CR123A nepridedama<\/td>\n<\/tr>\n<tr>\n<th>Baterijos veikimo laikas<\/th>\n<td style=\"text-align: right; font-size: 16px;\">18 m\u0117n<\/td>\n<\/tr>\n<tr>\n<th style=\"text-align: left;\"><em>Specialios funkcijos<\/em><\/th>\n<td style=\"text-align: right; font-size: 16px;\"><\/td>\n<\/tr>\n<tr>\n<th>Ap\u0161vietimo matavimas (LUX)<\/th>\n<td style=\"text-align: right; font-size: 16px;\">Ne<\/td>\n<\/tr>\n<tr>\n<th>Judesio aptikimas<\/th>\n<td style=\"text-align: right; font-size: 16px;\">Ne<\/td>\n<\/tr>\n<tr>\n<th>Atidarymas\/u\u017edarymas<\/th>\n<td style=\"text-align: right; font-size: 16px;\">Ne<\/td>\n<\/tr>\n<tr>\n<th>Pakreipimo kampo aptikimas<\/th>\n<td style=\"text-align: right; font-size: 16px;\">Ne<\/td>\n<\/tr>\n<tr>\n<th>Vibracijos aptikimas<\/th>\n<td style=\"text-align: right; font-size: 16px;\">Ne<\/td>\n<\/tr>\n<tr>\n<th>Vandens sensorius<\/th>\n<td style=\"text-align: right; font-size: 16px;\">Ne<\/td>\n<\/tr>\n<tr>\n<th>Temperat\u016bros matavimo diapazonas<\/th>\n<td style=\"text-align: right; font-size: 16px;\">\u2013 40\u00b0C ~ 60\u00b0C (\u00b1 1\u00b0C)<\/td>\n<\/tr>\n<tr>\n<th>Dr\u0117gm\u0117s matavimo diapazonas<\/th>\n<td style=\"text-align: right; font-size: 16px;\">0~100% (\u00b15%)<\/td>\n<\/tr>\n<tr>\n<th style=\"text-align: left;\"><em>Funkcijos<\/em><\/th>\n<td style=\"text-align: right; font-size: 16px;\"><\/td>\n<\/tr>\n<tr>\n<th>\u012erenginio energijos suvartojimas<\/th>\n<td style=\"text-align: right; font-size: 16px;\">&lt; 1 W<\/td>\n<\/tr>\n<tr>\n<th>Darbin\u0117 temperat\u016bra<\/th>\n<td style=\"text-align: right; font-size: 16px;\">-10\u00baC to +50\u00baC<\/td>\n<\/tr>\n<tr>\n<th>Pa\u017eangus \u012fjungimas \/ i\u0161jungimas<\/th>\n<td style=\"text-align: right; font-size: 16px;\">Taip<\/td>\n<\/tr>\n<tr>\n<th>Saul\u0117tekis \/ saul\u0117lydis<\/th>\n<td style=\"text-align: right; font-size: 16px;\">Taip<\/td>\n<\/tr>\n<tr>\n<th>Savait\u0117s grafikas<\/th>\n<td style=\"text-align: right; font-size: 16px;\">Taip<\/td>\n<\/tr>\n<tr>\n<th>UL s\u0105ra\u0161e esanti parinktis<\/th>\n<td style=\"text-align: right; font-size: 16px;\">&#8211;<\/td>\n<\/tr>\n<tr>\n<th style=\"text-align: left;\"><em>Jungtis<\/em><\/th>\n<td style=\"text-align: right; font-size: 16px;\"><\/td>\n<\/tr>\n<tr>\n<th>Wireless\/WiFi Protocol<\/th>\n<td style=\"text-align: right; font-size: 16px;\">802.11 b \/ g \/ n<\/td>\n<\/tr>\n<tr>\n<th>Radijo da\u017enis<\/th>\n<td style=\"text-align: right; font-size: 16px;\">2400 &#8211; 2500 MHz<\/td>\n<\/tr>\n<tr>\n<th>Radijo signalo galia<\/th>\n<td style=\"text-align: right; font-size: 16px;\">1mW<\/td>\n<\/tr>\n<tr>\n<th>Atstumas<\/th>\n<td style=\"text-align: right; font-size: 16px;\">iki 50 m lauke ir iki 30 m patalpose (priklausomai nuo statybini\u0173 med\u017eiag\u0173)<\/td>\n<\/tr>\n<tr>\n<th>Dydis<\/th>\n<td style=\"text-align: right; font-size: 16px;\">35mm x 45mm<\/td>\n<\/tr>\n<\/tbody>\n<\/table>\n<p>[\/vc_column_text][\/vc_column][vc_column width=&#8221;1\/3&#8243; offset=&#8221;vc_hidden-sm vc_hidden-xs&#8221; mobile_bg_img_hidden=&#8221;no&#8221; tablet_bg_img_hidden=&#8221;no&#8221; woodmart_parallax=&#8221;0&#8243; woodmart_sticky_column=&#8221;false&#8221; parallax_scroll=&#8221;no&#8221; mobile_reset_margin=&#8221;no&#8221; tablet_reset_margin=&#8221;no&#8221;][\/vc_column][\/vc_row]<\/p>\n<\/section>","protected":false},"excerpt":{"rendered":"<p>[vc_row content_placement=&#8221;top&#8221; css=&#8221;.vc_custom_1619544704606{margin-bottom: 8vh !important;}&#8221; mobile_bg_img_hidden=&#8221;no&#8221; tablet_bg_img_hidden=&#8221;no&#8221; woodmart_parallax=&#8221;0&#8243; woodmart_gradient_switch=&#8221;no&#8221; row_reverse_mobile=&#8221;0&#8243; row_reverse_tablet=&#8221;0&#8243; woodmart_disable_overflow=&#8221;0&#8243;][vc_column width=&#8221;2\/3&#8243;][vc_column_text text_larger=&#8221;no&#8221;]Shelly H&amp;T padeda steb\u0117ti dr\u0117gm\u0117s ir temperat\u016bros<\/p>\n","protected":false},"featured_media":2439,"template":"","meta":[],"product_cat":[298],"product_tag":[41,281],"class_list":{"0":"post-2441","1":"product","2":"type-product","3":"status-publish","4":"has-post-thumbnail","6":"product_cat-sensoriai","7":"product_tag-shelly","8":"product_tag-shelly-ht","10":"first","11":"outofstock","12":"sale","13":"taxable","14":"shipping-taxable","15":"purchasable","16":"product-type-simple"},"yoast_head":"<!-- This site is optimized with the Yoast SEO plugin v20.12 - https:\/\/yoast.com\/wordpress\/plugins\/seo\/ -->\n<title>SHELLY H&amp;T baltas - shelly.lv<\/title>\n<meta name=\"robots\" content=\"index, follow, max-snippet:-1, max-image-preview:large, max-video-preview:-1\" \/>\n<link rel=\"canonical\" href=\"https:\/\/shelly.lv\/lt\/shop\/sensoriai\/shelly-ht-baltas\/\" \/>\n<meta property=\"og:locale\" content=\"lt_LT\" \/>\n<meta property=\"og:type\" content=\"article\" \/>\n<meta property=\"og:title\" content=\"SHELLY H&amp;T baltas - shelly.lv\" \/>\n<meta property=\"og:description\" content=\"[vc_row content_placement=&#8221;top&#8221; css=&#8221;.vc_custom_1619544704606{margin-bottom: 8vh !important;}&#8221; mobile_bg_img_hidden=&#8221;no&#8221; tablet_bg_img_hidden=&#8221;no&#8221; woodmart_parallax=&#8221;0&#8243; woodmart_gradient_switch=&#8221;no&#8221; row_reverse_mobile=&#8221;0&#8243; row_reverse_tablet=&#8221;0&#8243; woodmart_disable_overflow=&#8221;0&#8243;][vc_column width=&#8221;2\/3&#8243;][vc_column_text text_larger=&#8221;no&#8221;]Shelly H&amp;T padeda steb\u0117ti dr\u0117gm\u0117s ir temperat\u016bros\" \/>\n<meta property=\"og:url\" content=\"https:\/\/shelly.lv\/lt\/shop\/sensoriai\/shelly-ht-baltas\/\" \/>\n<meta property=\"og:site_name\" content=\"shelly.lv\" \/>\n<meta property=\"article:modified_time\" content=\"2025-02-14T13:07:53+00:00\" \/>\n<meta property=\"og:image\" content=\"http:\/\/shelly.lv\/wp-content\/uploads\/2023\/10\/zlJdB8IocbPia1hynIq9NFkI47SO1KZa9OCw3N8L.png\" \/>\n\t<meta property=\"og:image:width\" content=\"500\" \/>\n\t<meta property=\"og:image:height\" content=\"500\" \/>\n\t<meta property=\"og:image:type\" content=\"image\/png\" \/>\n<meta name=\"twitter:card\" content=\"summary_large_image\" \/>\n<meta name=\"twitter:label1\" content=\"Est. reading time\" \/>\n\t<meta name=\"twitter:data1\" content=\"2 minut\u0117s\" \/>\n<script type=\"application\/ld+json\" class=\"yoast-schema-graph\">{\"@context\":\"https:\/\/schema.org\",\"@graph\":[{\"@type\":\"WebPage\",\"@id\":\"https:\/\/shelly.lv\/lt\/shop\/sensoriai\/shelly-ht-baltas\/\",\"url\":\"https:\/\/shelly.lv\/lt\/shop\/sensoriai\/shelly-ht-baltas\/\",\"name\":\"SHELLY H&amp;T baltas - shelly.lv\",\"isPartOf\":{\"@id\":\"https:\/\/shelly.lv\/lt\/#website\"},\"datePublished\":\"2021-05-03T11:37:18+00:00\",\"dateModified\":\"2025-02-14T13:07:53+00:00\",\"breadcrumb\":{\"@id\":\"https:\/\/shelly.lv\/lt\/shop\/sensoriai\/shelly-ht-baltas\/#breadcrumb\"},\"inLanguage\":\"lt-LT\",\"potentialAction\":[{\"@type\":\"ReadAction\",\"target\":[\"https:\/\/shelly.lv\/lt\/shop\/sensoriai\/shelly-ht-baltas\/\"]}]},{\"@type\":\"BreadcrumbList\",\"@id\":\"https:\/\/shelly.lv\/lt\/shop\/sensoriai\/shelly-ht-baltas\/#breadcrumb\",\"itemListElement\":[{\"@type\":\"ListItem\",\"position\":1,\"name\":\"Home\",\"item\":\"https:\/\/shelly.lv\/lt\/\"},{\"@type\":\"ListItem\",\"position\":2,\"name\":\"Parduotuv\u0117\",\"item\":\"https:\/\/shelly.lv\/lt\/shop\/\"},{\"@type\":\"ListItem\",\"position\":3,\"name\":\"SHELLY H&amp;T baltas\"}]},{\"@type\":\"WebSite\",\"@id\":\"https:\/\/shelly.lv\/lt\/#website\",\"url\":\"https:\/\/shelly.lv\/lt\/\",\"name\":\"Shelly.lv\",\"description\":\"Shelly Latvia\",\"publisher\":{\"@id\":\"https:\/\/shelly.lv\/lt\/#organization\"},\"potentialAction\":[{\"@type\":\"SearchAction\",\"target\":{\"@type\":\"EntryPoint\",\"urlTemplate\":\"https:\/\/shelly.lv\/lt\/?s={search_term_string}\"},\"query-input\":\"required name=search_term_string\"}],\"inLanguage\":\"lt-LT\"},{\"@type\":\"Organization\",\"@id\":\"https:\/\/shelly.lv\/lt\/#organization\",\"name\":\"Shelly.lv\",\"url\":\"https:\/\/shelly.lv\/lt\/\",\"logo\":{\"@type\":\"ImageObject\",\"inLanguage\":\"lt-LT\",\"@id\":\"https:\/\/shelly.lv\/lt\/#\/schema\/logo\/image\/\",\"url\":\"https:\/\/shelly.lv\/wp-content\/uploads\/2023\/07\/Asset-3.png\",\"contentUrl\":\"https:\/\/shelly.lv\/wp-content\/uploads\/2023\/07\/Asset-3.png\",\"width\":861,\"height\":240,\"caption\":\"Shelly.lv\"},\"image\":{\"@id\":\"https:\/\/shelly.lv\/lt\/#\/schema\/logo\/image\/\"}}]}<\/script>\n<!-- \/ Yoast SEO plugin. -->","yoast_head_json":{"title":"SHELLY H&amp;T baltas - shelly.lv","robots":{"index":"index","follow":"follow","max-snippet":"max-snippet:-1","max-image-preview":"max-image-preview:large","max-video-preview":"max-video-preview:-1"},"canonical":"https:\/\/shelly.lv\/lt\/shop\/sensoriai\/shelly-ht-baltas\/","og_locale":"lt_LT","og_type":"article","og_title":"SHELLY H&amp;T baltas - shelly.lv","og_description":"[vc_row content_placement=&#8221;top&#8221; css=&#8221;.vc_custom_1619544704606{margin-bottom: 8vh !important;}&#8221; mobile_bg_img_hidden=&#8221;no&#8221; tablet_bg_img_hidden=&#8221;no&#8221; woodmart_parallax=&#8221;0&#8243; woodmart_gradient_switch=&#8221;no&#8221; row_reverse_mobile=&#8221;0&#8243; row_reverse_tablet=&#8221;0&#8243; woodmart_disable_overflow=&#8221;0&#8243;][vc_column width=&#8221;2\/3&#8243;][vc_column_text text_larger=&#8221;no&#8221;]Shelly H&amp;T padeda steb\u0117ti dr\u0117gm\u0117s ir temperat\u016bros","og_url":"https:\/\/shelly.lv\/lt\/shop\/sensoriai\/shelly-ht-baltas\/","og_site_name":"shelly.lv","article_modified_time":"2025-02-14T13:07:53+00:00","og_image":[{"width":500,"height":500,"url":"http:\/\/shelly.lv\/wp-content\/uploads\/2023\/10\/zlJdB8IocbPia1hynIq9NFkI47SO1KZa9OCw3N8L.png","type":"image\/png"}],"twitter_card":"summary_large_image","twitter_misc":{"Est. reading time":"2 minut\u0117s"},"schema":{"@context":"https:\/\/schema.org","@graph":[{"@type":"WebPage","@id":"https:\/\/shelly.lv\/lt\/shop\/sensoriai\/shelly-ht-baltas\/","url":"https:\/\/shelly.lv\/lt\/shop\/sensoriai\/shelly-ht-baltas\/","name":"SHELLY H&amp;T baltas - shelly.lv","isPartOf":{"@id":"https:\/\/shelly.lv\/lt\/#website"},"datePublished":"2021-05-03T11:37:18+00:00","dateModified":"2025-02-14T13:07:53+00:00","breadcrumb":{"@id":"https:\/\/shelly.lv\/lt\/shop\/sensoriai\/shelly-ht-baltas\/#breadcrumb"},"inLanguage":"lt-LT","potentialAction":[{"@type":"ReadAction","target":["https:\/\/shelly.lv\/lt\/shop\/sensoriai\/shelly-ht-baltas\/"]}]},{"@type":"BreadcrumbList","@id":"https:\/\/shelly.lv\/lt\/shop\/sensoriai\/shelly-ht-baltas\/#breadcrumb","itemListElement":[{"@type":"ListItem","position":1,"name":"Home","item":"https:\/\/shelly.lv\/lt\/"},{"@type":"ListItem","position":2,"name":"Parduotuv\u0117","item":"https:\/\/shelly.lv\/lt\/shop\/"},{"@type":"ListItem","position":3,"name":"SHELLY H&amp;T baltas"}]},{"@type":"WebSite","@id":"https:\/\/shelly.lv\/lt\/#website","url":"https:\/\/shelly.lv\/lt\/","name":"Shelly.lv","description":"Shelly Latvia","publisher":{"@id":"https:\/\/shelly.lv\/lt\/#organization"},"potentialAction":[{"@type":"SearchAction","target":{"@type":"EntryPoint","urlTemplate":"https:\/\/shelly.lv\/lt\/?s={search_term_string}"},"query-input":"required name=search_term_string"}],"inLanguage":"lt-LT"},{"@type":"Organization","@id":"https:\/\/shelly.lv\/lt\/#organization","name":"Shelly.lv","url":"https:\/\/shelly.lv\/lt\/","logo":{"@type":"ImageObject","inLanguage":"lt-LT","@id":"https:\/\/shelly.lv\/lt\/#\/schema\/logo\/image\/","url":"https:\/\/shelly.lv\/wp-content\/uploads\/2023\/07\/Asset-3.png","contentUrl":"https:\/\/shelly.lv\/wp-content\/uploads\/2023\/07\/Asset-3.png","width":861,"height":240,"caption":"Shelly.lv"},"image":{"@id":"https:\/\/shelly.lv\/lt\/#\/schema\/logo\/image\/"}}]}},"_links":{"self":[{"href":"https:\/\/shelly.lv\/lt\/wp-json\/wp\/v2\/product\/2441","targetHints":{"allow":["GET"]}}],"collection":[{"href":"https:\/\/shelly.lv\/lt\/wp-json\/wp\/v2\/product"}],"about":[{"href":"https:\/\/shelly.lv\/lt\/wp-json\/wp\/v2\/types\/product"}],"wp:featuredmedia":[{"embeddable":true,"href":"https:\/\/shelly.lv\/lt\/wp-json\/wp\/v2\/media\/2439"}],"wp:attachment":[{"href":"https:\/\/shelly.lv\/lt\/wp-json\/wp\/v2\/media?parent=2441"}],"wp:term":[{"taxonomy":"product_cat","embeddable":true,"href":"https:\/\/shelly.lv\/lt\/wp-json\/wp\/v2\/product_cat?post=2441"},{"taxonomy":"product_tag","embeddable":true,"href":"https:\/\/shelly.lv\/lt\/wp-json\/wp\/v2\/product_tag?post=2441"}],"curies":[{"name":"wp","href":"https:\/\/api.w.org\/{rel}","templated":true}]}}