{"id":2516,"date":"2021-04-29T16:24:16","date_gmt":"2021-04-29T13:24:16","guid":{"rendered":"https:\/\/shelly.lv\/veikals\/uncategorized\/shelly-dimmer2-ismanusis-1-kanalo-wifi-dimeris\/"},"modified":"2026-04-10T15:40:09","modified_gmt":"2026-04-10T12:40:09","slug":"shelly-dimmer2","status":"publish","type":"product","link":"https:\/\/shelly.lv\/lt\/shop\/ismaniosios-reles\/shelly-dimmer2\/","title":{"rendered":"Shelly Dimmer2"},"content":{"rendered":"<section class=\"wpb-content-wrapper\"><p>[vc_row][vc_column]\n\t\t<div id=\"wd-6341e6990b805\" class=\"title-wrapper wd-wpb set-mb-s reset-last-child  wd-rs-6341e6990b805 wd-title-color-default wd-title-style-default text-center vc_custom_1665263271536 wd-underline-colored\">\n\t\t\t\n\t\t\t<div class=\"liner-continer\">\n\t\t\t\t<h4 class=\"woodmart-title-container title  wd-font-weight-600 wd-fontsize-l\" >Shelly Dimmer 2<\/h4>\n\t\t\t\t\t\t\t<\/div>\n\t\t\t\n\t\t\t\n\t\t\t\n\t\t<\/div>\n\t\t\n\t\t[vc_column_text woodmart_inline=&#8221;no&#8221; text_larger=&#8221;no&#8221;]Shelly dimmer 2 \u2013 tai WiFi kontroliuojamas dimeris, kuris valdo halogeninius \u017eibintus, reguliuojamus LED \u017eibintus ir feromagnetinius transformatorius. Shelly Dimmer 2 gali dirbti be neutralios linijos. Automati\u0161kai seka saul\u0117tek\u012f ir saul\u0117lyd\u012f, atitinkamai valdydamas ap\u0161vietim\u0105. Shelly dimmer 2 palaipsniui ry\u0161kina \u0161vies\u0105 ryte ir pritemdo j\u0105 art\u0117jant nak\u010diai. Su Shelly dimmer 2 galite reguliuoti ry\u0161kum\u0105 pagal savo pageidavimus ir nustatyti tinkam\u0105 ap\u0161vietimo lyg\u012f skaitymui, televizoriaus \u017ei\u016br\u0117jimui, vakarienei ir kt.<\/p>\n<p>Shelly dimmer 2 valdymui reikalinga \u201cShelly Cloud\u201d mobilioji aplikacija, kuri\u0105 galite parsisi\u0173sti i\u0161 \u201cGoogle Play\u201d. \u201eShelly Cloud\u201c suteikia funkcionalum\u0105, laid\u017eianti valdyti savo namus arba biur\u0105 i\u0161 bet kurios vietos, naudojant m\u016bs\u0173 sukurt\u0105\u00a0 debes\u0173 tarnyb\u0105, patogi\u0105 s\u0105saj\u0105, scenas, masin\u012f valdym\u0105 ir daug daugiau, kuri yra integruota ir veikia su visais kitais \u201eShelly\u201c \u012frenginiais \u201eShelly Cloud\u201c programoje.<\/p>\n<p><strong>Funkcijos<\/strong><\/p>\n<ul>\n<li>Nereikalingas HUB.<\/li>\n<li>Dimerevimas be neutralios linijos.<\/li>\n<li>\u012ejunkite \/ i\u0161junkite arba naudokite pritemdymo funkcij\u0105, kad nustatytum\u0117te \u017eibintus pagal pageidavimus.<\/li>\n<li>Specialus vidinis temperat\u016bros jutiklis apsaugai nuo perkaitimo.<\/li>\n<li>Sukurtas taip, kad tilpt\u0173 \u012f daugum\u0105 standartini\u0173 elektrini\u0173 d\u0117\u017ei\u0173 ir jungikli\u0173.<\/li>\n<li>Jis gali b\u016bti integruotas dirbti su visais kitais \u201eShelly\u201c \u012frenginiais.<\/li>\n<li>Suderinamas su \u201eAndroid\u201c, \u201eiOS\u201c, \u201eAmazon Alexa\u201c, \u201eGoogle Assistant\u201c ir nam\u0173 automatikos serveriais, naudojan\u010diais MQTT, CoAP ir REST API.<\/li>\n<li>Lengvai paverskite \u201eArduino\u201c projekt\u0105 gyvu ir tinkamu naudoti automatikos projekte.<\/li>\n<\/ul>\n<p><img loading=\"lazy\" decoding=\"async\" class=\"alignnone wp-image-21333 size-medium\" src=\"https:\/\/improveit.lt\/wp-content\/uploads\/2021\/04\/ShellyD2_SWneutral_wiring-274x300.jpg\" alt=\"shelly-dimmer-2\" width=\"274\" height=\"300\" \/><img loading=\"lazy\" decoding=\"async\" class=\"alignnone wp-image-21332 size-medium\" src=\"https:\/\/improveit.lt\/wp-content\/uploads\/2021\/04\/ShellyD2_NOneutral-bypass_wiring-274x300.jpg\" alt=\"\" width=\"274\" height=\"300\" \/><img loading=\"lazy\" decoding=\"async\" class=\"alignnone wp-image-21331 size-medium\" src=\"https:\/\/improveit.lt\/wp-content\/uploads\/2021\/04\/ShellyD2_NOneutral-10W_wiring-274x300.jpg\" alt=\"shelly-dimmer-2\" width=\"274\" height=\"300\" \/><img loading=\"lazy\" decoding=\"async\" class=\"alignnone wp-image-21330 size-medium\" src=\"https:\/\/improveit.lt\/wp-content\/uploads\/2021\/04\/ShellyD2_neutral_wiring-274x300.jpg\" alt=\"shelly-dimmer-2\" width=\"274\" height=\"300\" \/><img loading=\"lazy\" decoding=\"async\" class=\"alignnone size-full wp-image-21329\" src=\"https:\/\/improveit.lt\/wp-content\/uploads\/2021\/04\/pin_out.jpg\" alt=\"shelly-dimmer-2\" width=\"900\" height=\"550\" \/>[\/vc_column_text][vc_video link=&#8221;https:\/\/www.youtube.com\/watch?v=Rjp7yk2VVt8&#8243; image_poster_switch=&#8221;no&#8221;][\/vc_column][\/vc_row]<\/p>\n<\/section>","protected":false},"excerpt":{"rendered":"<p>[vc_row][vc_column][vc_column_text woodmart_inline=&#8221;no&#8221; text_larger=&#8221;no&#8221;]Shelly dimmer 2 \u2013 tai WiFi kontroliuojamas dimeris, kuris valdo halogeninius \u017eibintus, reguliuojamus LED \u017eibintus ir feromagnetinius transformatorius.<\/p>\n","protected":false},"featured_media":2461,"template":"","meta":[],"product_cat":[297,301],"product_tag":[167,114,168,41,169],"class_list":{"0":"post-2516","1":"product","2":"type-product","3":"status-publish","4":"has-post-thumbnail","6":"product_cat-ismaniosios-reles","7":"product_cat-apsvietimas","8":"product_tag-dimeris-shelly","9":"product_tag-ismanioji-rele","10":"product_tag-led-dimeris","11":"product_tag-shelly","12":"product_tag-shelly-dimmer2","13":"product_shipping_class-pastomatai","15":"first","16":"instock","17":"sale","18":"taxable","19":"shipping-taxable","20":"purchasable","21":"product-type-simple"},"yoast_head":"<!-- This site is optimized with the Yoast SEO plugin v20.12 - https:\/\/yoast.com\/wordpress\/plugins\/seo\/ -->\n<title>Shelly Dimmer2 - shelly.lv<\/title>\n<meta name=\"robots\" content=\"index, follow, max-snippet:-1, max-image-preview:large, max-video-preview:-1\" \/>\n<link rel=\"canonical\" href=\"https:\/\/shelly.lv\/lt\/shop\/ismaniosios-reles\/shelly-dimmer2\/\" \/>\n<meta property=\"og:locale\" content=\"lt_LT\" \/>\n<meta property=\"og:type\" content=\"article\" \/>\n<meta property=\"og:title\" content=\"Shelly Dimmer2 - shelly.lv\" \/>\n<meta property=\"og:description\" content=\"[vc_row][vc_column][vc_column_text woodmart_inline=&#8221;no&#8221; text_larger=&#8221;no&#8221;]Shelly dimmer 2 \u2013 tai WiFi kontroliuojamas dimeris, kuris valdo halogeninius \u017eibintus, reguliuojamus LED \u017eibintus ir feromagnetinius transformatorius.\" \/>\n<meta property=\"og:url\" content=\"https:\/\/shelly.lv\/lt\/shop\/ismaniosios-reles\/shelly-dimmer2\/\" \/>\n<meta property=\"og:site_name\" content=\"shelly.lv\" \/>\n<meta property=\"article:modified_time\" content=\"2026-04-10T12:40:09+00:00\" \/>\n<meta property=\"og:image\" content=\"http:\/\/shelly.lv\/wp-content\/uploads\/2023\/10\/61Lhty5DpiS.jpg\" \/>\n\t<meta property=\"og:image:width\" content=\"1200\" \/>\n\t<meta property=\"og:image:height\" content=\"1200\" \/>\n\t<meta property=\"og:image:type\" content=\"image\/jpeg\" \/>\n<meta name=\"twitter:card\" content=\"summary_large_image\" \/>\n<meta name=\"twitter:label1\" content=\"Est. reading time\" \/>\n\t<meta name=\"twitter:data1\" content=\"3 minut\u0117s\" \/>\n<script type=\"application\/ld+json\" class=\"yoast-schema-graph\">{\"@context\":\"https:\/\/schema.org\",\"@graph\":[{\"@type\":\"WebPage\",\"@id\":\"https:\/\/shelly.lv\/lt\/shop\/ismaniosios-reles\/shelly-dimmer2\/\",\"url\":\"https:\/\/shelly.lv\/lt\/shop\/ismaniosios-reles\/shelly-dimmer2\/\",\"name\":\"Shelly Dimmer2 - shelly.lv\",\"isPartOf\":{\"@id\":\"https:\/\/shelly.lv\/lt\/#website\"},\"datePublished\":\"2021-04-29T13:24:16+00:00\",\"dateModified\":\"2026-04-10T12:40:09+00:00\",\"breadcrumb\":{\"@id\":\"https:\/\/shelly.lv\/lt\/shop\/ismaniosios-reles\/shelly-dimmer2\/#breadcrumb\"},\"inLanguage\":\"lt-LT\",\"potentialAction\":[{\"@type\":\"ReadAction\",\"target\":[\"https:\/\/shelly.lv\/lt\/shop\/ismaniosios-reles\/shelly-dimmer2\/\"]}]},{\"@type\":\"BreadcrumbList\",\"@id\":\"https:\/\/shelly.lv\/lt\/shop\/ismaniosios-reles\/shelly-dimmer2\/#breadcrumb\",\"itemListElement\":[{\"@type\":\"ListItem\",\"position\":1,\"name\":\"Home\",\"item\":\"https:\/\/shelly.lv\/lt\/\"},{\"@type\":\"ListItem\",\"position\":2,\"name\":\"Parduotuv\u0117\",\"item\":\"https:\/\/shelly.lv\/lt\/shop\/\"},{\"@type\":\"ListItem\",\"position\":3,\"name\":\"Shelly Dimmer2\"}]},{\"@type\":\"WebSite\",\"@id\":\"https:\/\/shelly.lv\/lt\/#website\",\"url\":\"https:\/\/shelly.lv\/lt\/\",\"name\":\"Shelly.lv\",\"description\":\"Shelly Latvia\",\"publisher\":{\"@id\":\"https:\/\/shelly.lv\/lt\/#organization\"},\"potentialAction\":[{\"@type\":\"SearchAction\",\"target\":{\"@type\":\"EntryPoint\",\"urlTemplate\":\"https:\/\/shelly.lv\/lt\/?s={search_term_string}\"},\"query-input\":\"required name=search_term_string\"}],\"inLanguage\":\"lt-LT\"},{\"@type\":\"Organization\",\"@id\":\"https:\/\/shelly.lv\/lt\/#organization\",\"name\":\"Shelly.lv\",\"url\":\"https:\/\/shelly.lv\/lt\/\",\"logo\":{\"@type\":\"ImageObject\",\"inLanguage\":\"lt-LT\",\"@id\":\"https:\/\/shelly.lv\/lt\/#\/schema\/logo\/image\/\",\"url\":\"https:\/\/shelly.lv\/wp-content\/uploads\/2023\/07\/Asset-3.png\",\"contentUrl\":\"https:\/\/shelly.lv\/wp-content\/uploads\/2023\/07\/Asset-3.png\",\"width\":861,\"height\":240,\"caption\":\"Shelly.lv\"},\"image\":{\"@id\":\"https:\/\/shelly.lv\/lt\/#\/schema\/logo\/image\/\"}}]}<\/script>\n<!-- \/ Yoast SEO plugin. -->","yoast_head_json":{"title":"Shelly Dimmer2 - shelly.lv","robots":{"index":"index","follow":"follow","max-snippet":"max-snippet:-1","max-image-preview":"max-image-preview:large","max-video-preview":"max-video-preview:-1"},"canonical":"https:\/\/shelly.lv\/lt\/shop\/ismaniosios-reles\/shelly-dimmer2\/","og_locale":"lt_LT","og_type":"article","og_title":"Shelly Dimmer2 - shelly.lv","og_description":"[vc_row][vc_column][vc_column_text woodmart_inline=&#8221;no&#8221; text_larger=&#8221;no&#8221;]Shelly dimmer 2 \u2013 tai WiFi kontroliuojamas dimeris, kuris valdo halogeninius \u017eibintus, reguliuojamus LED \u017eibintus ir feromagnetinius transformatorius.","og_url":"https:\/\/shelly.lv\/lt\/shop\/ismaniosios-reles\/shelly-dimmer2\/","og_site_name":"shelly.lv","article_modified_time":"2026-04-10T12:40:09+00:00","og_image":[{"width":1200,"height":1200,"url":"http:\/\/shelly.lv\/wp-content\/uploads\/2023\/10\/61Lhty5DpiS.jpg","type":"image\/jpeg"}],"twitter_card":"summary_large_image","twitter_misc":{"Est. reading time":"3 minut\u0117s"},"schema":{"@context":"https:\/\/schema.org","@graph":[{"@type":"WebPage","@id":"https:\/\/shelly.lv\/lt\/shop\/ismaniosios-reles\/shelly-dimmer2\/","url":"https:\/\/shelly.lv\/lt\/shop\/ismaniosios-reles\/shelly-dimmer2\/","name":"Shelly Dimmer2 - shelly.lv","isPartOf":{"@id":"https:\/\/shelly.lv\/lt\/#website"},"datePublished":"2021-04-29T13:24:16+00:00","dateModified":"2026-04-10T12:40:09+00:00","breadcrumb":{"@id":"https:\/\/shelly.lv\/lt\/shop\/ismaniosios-reles\/shelly-dimmer2\/#breadcrumb"},"inLanguage":"lt-LT","potentialAction":[{"@type":"ReadAction","target":["https:\/\/shelly.lv\/lt\/shop\/ismaniosios-reles\/shelly-dimmer2\/"]}]},{"@type":"BreadcrumbList","@id":"https:\/\/shelly.lv\/lt\/shop\/ismaniosios-reles\/shelly-dimmer2\/#breadcrumb","itemListElement":[{"@type":"ListItem","position":1,"name":"Home","item":"https:\/\/shelly.lv\/lt\/"},{"@type":"ListItem","position":2,"name":"Parduotuv\u0117","item":"https:\/\/shelly.lv\/lt\/shop\/"},{"@type":"ListItem","position":3,"name":"Shelly Dimmer2"}]},{"@type":"WebSite","@id":"https:\/\/shelly.lv\/lt\/#website","url":"https:\/\/shelly.lv\/lt\/","name":"Shelly.lv","description":"Shelly Latvia","publisher":{"@id":"https:\/\/shelly.lv\/lt\/#organization"},"potentialAction":[{"@type":"SearchAction","target":{"@type":"EntryPoint","urlTemplate":"https:\/\/shelly.lv\/lt\/?s={search_term_string}"},"query-input":"required name=search_term_string"}],"inLanguage":"lt-LT"},{"@type":"Organization","@id":"https:\/\/shelly.lv\/lt\/#organization","name":"Shelly.lv","url":"https:\/\/shelly.lv\/lt\/","logo":{"@type":"ImageObject","inLanguage":"lt-LT","@id":"https:\/\/shelly.lv\/lt\/#\/schema\/logo\/image\/","url":"https:\/\/shelly.lv\/wp-content\/uploads\/2023\/07\/Asset-3.png","contentUrl":"https:\/\/shelly.lv\/wp-content\/uploads\/2023\/07\/Asset-3.png","width":861,"height":240,"caption":"Shelly.lv"},"image":{"@id":"https:\/\/shelly.lv\/lt\/#\/schema\/logo\/image\/"}}]}},"_links":{"self":[{"href":"https:\/\/shelly.lv\/lt\/wp-json\/wp\/v2\/product\/2516","targetHints":{"allow":["GET"]}}],"collection":[{"href":"https:\/\/shelly.lv\/lt\/wp-json\/wp\/v2\/product"}],"about":[{"href":"https:\/\/shelly.lv\/lt\/wp-json\/wp\/v2\/types\/product"}],"wp:featuredmedia":[{"embeddable":true,"href":"https:\/\/shelly.lv\/lt\/wp-json\/wp\/v2\/media\/2461"}],"wp:attachment":[{"href":"https:\/\/shelly.lv\/lt\/wp-json\/wp\/v2\/media?parent=2516"}],"wp:term":[{"taxonomy":"product_cat","embeddable":true,"href":"https:\/\/shelly.lv\/lt\/wp-json\/wp\/v2\/product_cat?post=2516"},{"taxonomy":"product_tag","embeddable":true,"href":"https:\/\/shelly.lv\/lt\/wp-json\/wp\/v2\/product_tag?post=2516"}],"curies":[{"name":"wp","href":"https:\/\/api.w.org\/{rel}","templated":true}]}}