{"id":2529,"date":"2021-05-03T09:34:34","date_gmt":"2021-05-03T06:34:34","guid":{"rendered":"https:\/\/shelly.lv\/veikals\/uncategorized\/shelly-plug-ismanusis-wifi-elektros-kistukas-16a-elektros-sanaudu-stebejimas\/"},"modified":"2025-07-01T01:46:50","modified_gmt":"2025-06-30T22:46:50","slug":"shelly-plug-16a","status":"publish","type":"product","link":"https:\/\/shelly.lv\/lt\/shop\/ismaniosios-reles\/shelly-plug-16a\/","title":{"rendered":"Shelly Plug 16A"},"content":{"rendered":"<section class=\"wpb-content-wrapper\"><p>[vc_row][vc_column]\n\t\t<div id=\"wd-608fb8dd30888\" class=\"title-wrapper wd-wpb set-mb-s reset-last-child  wd-rs-608fb8dd30888 wd-title-color-default wd-title-style-default text-left vc_custom_1620031714560 wd-underline-colored\">\n\t\t\t\n\t\t\t<div class=\"liner-continer\">\n\t\t\t\t<h4 class=\"woodmart-title-container title  wd-font-weight-600 wd-fontsize-l\" >Shelly Plug i\u0161manusis wifi elektros ki\u0161tukas<\/h4>\n\t\t\t\t\t\t\t<\/div>\n\t\t\t\n\t\t\t\n\t\t\t\n\t\t<\/div>\n\t\t\n\t\t[vc_column_text text_larger=&#8221;no&#8221;]Shelly Plug Wi-Fi i\u0161manusis ki\u0161tukas gali automati\u0161kai steb\u0117ti ir valdyti ap\u0161vietim\u0105, \u0161ildym\u0105 ir visus kitus prijungtus elektros prietaisus namuose, kad ir kur b\u016btum\u0117te. Kai prie \u201eShelly Plug\u201c prijungiamas elektrinis prietaisas arba lempa, galite j\u012f bet kada ir bet kur \u012fjungti ir i\u0161jungti naudodamiesi \u201eShelly Cloud\u201c programa.<\/p>\n<p>Automati\u0161kai sekite saul\u0119 ir atitinkamai valdykite savo prietaisus. Nustatykite \u201eShelly Plug\u201c, kad \u012fjungtum\u0117te \/ i\u0161jungtum\u0117te \u012frenginius pagal saul\u0117tekio ir saul\u0117lyd\u017eio valandas.<\/p>\n<p><strong>Privalumai<\/strong><\/p>\n<ul>\n<li>Nereikalingas HUB.<\/li>\n<\/ul>\n<p>[\/vc_column_text][\/vc_column][\/vc_row][vc_row content_placement=&#8221;top&#8221; css=&#8221;.vc_custom_1619544704606{margin-bottom: 8vh !important;}&#8221; mobile_bg_img_hidden=&#8221;no&#8221; tablet_bg_img_hidden=&#8221;no&#8221; woodmart_parallax=&#8221;0&#8243; woodmart_gradient_switch=&#8221;no&#8221; row_reverse_mobile=&#8221;0&#8243; row_reverse_tablet=&#8221;0&#8243; woodmart_disable_overflow=&#8221;0&#8243;][vc_column width=&#8221;2\/3&#8243;]\n\t\t<div id=\"wd-608fbbe8ccba6\" class=\"title-wrapper wd-wpb set-mb-s reset-last-child  wd-rs-608fbbe8ccba6 wd-title-color-default wd-title-style-default text-left vc_custom_1620032497621 wd-width-enabled wd-underline-colored\" style=\"--wd-max-width: 90%;\">\n\t\t\t\n\t\t\t<div class=\"liner-continer\">\n\t\t\t\t<h4 class=\"woodmart-title-container title  wd-font-weight- wd-fontsize-xl\" >Shelly Plug pajungimas ir duomenys<\/h4>\n\t\t\t\t\t\t\t<\/div>\n\t\t\t\n\t\t\t\n\t\t\t\n\t\t<\/div>\n\t\t\n\t\t[vc_video link=&#8221;https:\/\/www.youtube.com\/watch?v=Ti1OFGWgGyQ&#8221; image_poster_switch=&#8221;no&#8221;][vc_column_text el_class=&#8221;text-larger&#8221; text_larger=&#8221;no&#8221;]<\/p>\n<table>\n<tbody>\n<tr>\n<th>Maitinimo \u0161altinis AC<\/th>\n<td style=\"text-align: right; font-size: 16px;\">110-230V \u00b110%, 50\/60Hz<\/td>\n<\/tr>\n<tr>\n<th>Maitinimo \u0161altinis DC<\/th>\n<td style=\"text-align: right; font-size: 16px;\">Ne<\/td>\n<\/tr>\n<tr>\n<th style=\"text-align: left;\"><em>Specialios funkcijos<\/em><\/th>\n<td style=\"text-align: right; font-size: 16px;\"><\/td>\n<\/tr>\n<tr>\n<th>Prietaiso apsauga nuo temperat\u016bros<\/th>\n<td style=\"text-align: right; font-size: 16px;\">Ne<\/td>\n<\/tr>\n<tr>\n<th>Apsauga nuo perkrovos<\/th>\n<td style=\"text-align: right; font-size: 16px;\">Taip<\/td>\n<\/tr>\n<tr>\n<th>Galios matavimo<\/th>\n<td style=\"text-align: right; font-size: 16px;\">Taip<\/td>\n<\/tr>\n<tr>\n<th style=\"text-align: left;\"><em>Funkcijos<\/em><\/th>\n<td style=\"text-align: right; font-size: 16px;\"><\/td>\n<\/tr>\n<tr>\n<th>Kanalai<\/th>\n<td style=\"text-align: right; font-size: 16px;\">1 kanalas<\/td>\n<\/tr>\n<tr>\n<th>\u012erenginio energijos suvartojimas<\/th>\n<td style=\"text-align: right; font-size: 16px;\">&#8211;<\/td>\n<\/tr>\n<tr>\n<th>Darbin\u0117 temperat\u016bra<\/th>\n<td style=\"text-align: right; font-size: 16px;\">-10 to + 40 \u00b0C<\/td>\n<\/tr>\n<tr>\n<th>Pa\u017eangus \u012fjungimas \/ i\u0161jungimas<\/th>\n<td style=\"text-align: right; font-size: 16px;\">Taip<\/td>\n<\/tr>\n<tr>\n<th>Saul\u0117tekis \/ saul\u0117lydis<\/th>\n<td style=\"text-align: right; font-size: 16px;\">Taip<\/td>\n<\/tr>\n<tr>\n<th>Savait\u0117s grafikas<\/th>\n<td style=\"text-align: right; font-size: 16px;\">Taip<\/td>\n<\/tr>\n<tr>\n<th>UL s\u0105ra\u0161e esanti parinktis<\/th>\n<td style=\"text-align: right; font-size: 16px;\">&#8211;<\/td>\n<\/tr>\n<tr>\n<th style=\"text-align: left;\"><em>Jungtis<\/em><\/th>\n<td style=\"text-align: right; font-size: 16px;\"><\/td>\n<\/tr>\n<tr>\n<th>Wireless\/WiFi Protocol<\/th>\n<td style=\"text-align: right; font-size: 16px;\">802.11 b \/ g \/ n<\/td>\n<\/tr>\n<tr>\n<th>Radijo da\u017enis<\/th>\n<td style=\"text-align: right; font-size: 16px;\">2400 &#8211; 2484 MHz<\/td>\n<\/tr>\n<tr>\n<th>Radijo signalo galia<\/th>\n<td style=\"text-align: right; font-size: 16px;\">1mW<\/td>\n<\/tr>\n<tr>\n<th>Atstumas<\/th>\n<td style=\"text-align: right; font-size: 16px;\">iki 50 m lauke ir iki 30 m patalpose (priklausomai nuo statybini\u0173 med\u017eiag\u0173)<\/td>\n<\/tr>\n<tr>\n<th>Dydis<\/th>\n<td style=\"text-align: right; font-size: 16px;\">85mm x 57mm x 98mm<\/td>\n<\/tr>\n<\/tbody>\n<\/table>\n<p>[\/vc_column_text][\/vc_column][vc_column width=&#8221;1\/3&#8243; offset=&#8221;vc_hidden-sm vc_hidden-xs&#8221; mobile_bg_img_hidden=&#8221;no&#8221; tablet_bg_img_hidden=&#8221;no&#8221; woodmart_parallax=&#8221;0&#8243; woodmart_sticky_column=&#8221;false&#8221; parallax_scroll=&#8221;no&#8221; mobile_reset_margin=&#8221;no&#8221; tablet_reset_margin=&#8221;no&#8221;][\/vc_column][\/vc_row]<\/p>\n<\/section>","protected":false},"excerpt":{"rendered":"<p>[vc_row][vc_column][vc_column_text text_larger=&#8221;no&#8221;]Shelly Plug Wi-Fi i\u0161manusis ki\u0161tukas gali automati\u0161kai steb\u0117ti ir valdyti ap\u0161vietim\u0105, \u0161ildym\u0105 ir visus kitus prijungtus elektros prietaisus namuose,<\/p>\n","protected":false},"featured_media":2517,"template":"","meta":[],"product_cat":[297],"product_tag":[41,283],"class_list":{"0":"post-2529","1":"product","2":"type-product","3":"status-publish","4":"has-post-thumbnail","6":"product_cat-ismaniosios-reles","7":"product_tag-shelly","8":"product_tag-shelly-plug","10":"first","11":"outofstock","12":"sale","13":"taxable","14":"shipping-taxable","15":"purchasable","16":"product-type-simple"},"yoast_head":"<!-- This site is optimized with the Yoast SEO plugin v20.12 - https:\/\/yoast.com\/wordpress\/plugins\/seo\/ -->\n<title>Shelly Plug 16A - shelly.lv<\/title>\n<meta name=\"robots\" content=\"index, follow, max-snippet:-1, max-image-preview:large, max-video-preview:-1\" \/>\n<link rel=\"canonical\" href=\"https:\/\/shelly.lv\/lt\/shop\/ismaniosios-reles\/shelly-plug-16a\/\" \/>\n<meta property=\"og:locale\" content=\"lt_LT\" \/>\n<meta property=\"og:type\" content=\"article\" \/>\n<meta property=\"og:title\" content=\"Shelly Plug 16A - shelly.lv\" \/>\n<meta property=\"og:description\" content=\"[vc_row][vc_column][vc_column_text text_larger=&#8221;no&#8221;]Shelly Plug Wi-Fi i\u0161manusis ki\u0161tukas gali automati\u0161kai steb\u0117ti ir valdyti ap\u0161vietim\u0105, \u0161ildym\u0105 ir visus kitus prijungtus elektros prietaisus namuose,\" \/>\n<meta property=\"og:url\" content=\"https:\/\/shelly.lv\/lt\/shop\/ismaniosios-reles\/shelly-plug-16a\/\" \/>\n<meta property=\"og:site_name\" content=\"shelly.lv\" \/>\n<meta property=\"article:modified_time\" content=\"2025-06-30T22:46:50+00:00\" \/>\n<meta property=\"og:image\" content=\"http:\/\/shelly.lv\/wp-content\/uploads\/2023\/10\/shelly_plug_x1_white-1000x1000-1.jpg\" \/>\n\t<meta property=\"og:image:width\" content=\"1000\" \/>\n\t<meta property=\"og:image:height\" content=\"1000\" \/>\n\t<meta property=\"og:image:type\" content=\"image\/jpeg\" \/>\n<meta name=\"twitter:card\" content=\"summary_large_image\" \/>\n<meta name=\"twitter:label1\" content=\"Est. reading time\" \/>\n\t<meta name=\"twitter:data1\" content=\"2 minut\u0117s\" \/>\n<script type=\"application\/ld+json\" class=\"yoast-schema-graph\">{\"@context\":\"https:\/\/schema.org\",\"@graph\":[{\"@type\":\"WebPage\",\"@id\":\"https:\/\/shelly.lv\/lt\/shop\/ismaniosios-reles\/shelly-plug-16a\/\",\"url\":\"https:\/\/shelly.lv\/lt\/shop\/ismaniosios-reles\/shelly-plug-16a\/\",\"name\":\"Shelly Plug 16A - shelly.lv\",\"isPartOf\":{\"@id\":\"https:\/\/shelly.lv\/lt\/#website\"},\"datePublished\":\"2021-05-03T06:34:34+00:00\",\"dateModified\":\"2025-06-30T22:46:50+00:00\",\"breadcrumb\":{\"@id\":\"https:\/\/shelly.lv\/lt\/shop\/ismaniosios-reles\/shelly-plug-16a\/#breadcrumb\"},\"inLanguage\":\"lt-LT\",\"potentialAction\":[{\"@type\":\"ReadAction\",\"target\":[\"https:\/\/shelly.lv\/lt\/shop\/ismaniosios-reles\/shelly-plug-16a\/\"]}]},{\"@type\":\"BreadcrumbList\",\"@id\":\"https:\/\/shelly.lv\/lt\/shop\/ismaniosios-reles\/shelly-plug-16a\/#breadcrumb\",\"itemListElement\":[{\"@type\":\"ListItem\",\"position\":1,\"name\":\"Home\",\"item\":\"https:\/\/shelly.lv\/lt\/\"},{\"@type\":\"ListItem\",\"position\":2,\"name\":\"Parduotuv\u0117\",\"item\":\"https:\/\/shelly.lv\/lt\/shop\/\"},{\"@type\":\"ListItem\",\"position\":3,\"name\":\"Shelly Plug 16A\"}]},{\"@type\":\"WebSite\",\"@id\":\"https:\/\/shelly.lv\/lt\/#website\",\"url\":\"https:\/\/shelly.lv\/lt\/\",\"name\":\"Shelly.lv\",\"description\":\"Shelly Latvia\",\"publisher\":{\"@id\":\"https:\/\/shelly.lv\/lt\/#organization\"},\"potentialAction\":[{\"@type\":\"SearchAction\",\"target\":{\"@type\":\"EntryPoint\",\"urlTemplate\":\"https:\/\/shelly.lv\/lt\/?s={search_term_string}\"},\"query-input\":\"required name=search_term_string\"}],\"inLanguage\":\"lt-LT\"},{\"@type\":\"Organization\",\"@id\":\"https:\/\/shelly.lv\/lt\/#organization\",\"name\":\"Shelly.lv\",\"url\":\"https:\/\/shelly.lv\/lt\/\",\"logo\":{\"@type\":\"ImageObject\",\"inLanguage\":\"lt-LT\",\"@id\":\"https:\/\/shelly.lv\/lt\/#\/schema\/logo\/image\/\",\"url\":\"https:\/\/shelly.lv\/wp-content\/uploads\/2023\/07\/Asset-3.png\",\"contentUrl\":\"https:\/\/shelly.lv\/wp-content\/uploads\/2023\/07\/Asset-3.png\",\"width\":861,\"height\":240,\"caption\":\"Shelly.lv\"},\"image\":{\"@id\":\"https:\/\/shelly.lv\/lt\/#\/schema\/logo\/image\/\"}}]}<\/script>\n<!-- \/ Yoast SEO plugin. -->","yoast_head_json":{"title":"Shelly Plug 16A - shelly.lv","robots":{"index":"index","follow":"follow","max-snippet":"max-snippet:-1","max-image-preview":"max-image-preview:large","max-video-preview":"max-video-preview:-1"},"canonical":"https:\/\/shelly.lv\/lt\/shop\/ismaniosios-reles\/shelly-plug-16a\/","og_locale":"lt_LT","og_type":"article","og_title":"Shelly Plug 16A - shelly.lv","og_description":"[vc_row][vc_column][vc_column_text text_larger=&#8221;no&#8221;]Shelly Plug Wi-Fi i\u0161manusis ki\u0161tukas gali automati\u0161kai steb\u0117ti ir valdyti ap\u0161vietim\u0105, \u0161ildym\u0105 ir visus kitus prijungtus elektros prietaisus namuose,","og_url":"https:\/\/shelly.lv\/lt\/shop\/ismaniosios-reles\/shelly-plug-16a\/","og_site_name":"shelly.lv","article_modified_time":"2025-06-30T22:46:50+00:00","og_image":[{"width":1000,"height":1000,"url":"http:\/\/shelly.lv\/wp-content\/uploads\/2023\/10\/shelly_plug_x1_white-1000x1000-1.jpg","type":"image\/jpeg"}],"twitter_card":"summary_large_image","twitter_misc":{"Est. reading time":"2 minut\u0117s"},"schema":{"@context":"https:\/\/schema.org","@graph":[{"@type":"WebPage","@id":"https:\/\/shelly.lv\/lt\/shop\/ismaniosios-reles\/shelly-plug-16a\/","url":"https:\/\/shelly.lv\/lt\/shop\/ismaniosios-reles\/shelly-plug-16a\/","name":"Shelly Plug 16A - shelly.lv","isPartOf":{"@id":"https:\/\/shelly.lv\/lt\/#website"},"datePublished":"2021-05-03T06:34:34+00:00","dateModified":"2025-06-30T22:46:50+00:00","breadcrumb":{"@id":"https:\/\/shelly.lv\/lt\/shop\/ismaniosios-reles\/shelly-plug-16a\/#breadcrumb"},"inLanguage":"lt-LT","potentialAction":[{"@type":"ReadAction","target":["https:\/\/shelly.lv\/lt\/shop\/ismaniosios-reles\/shelly-plug-16a\/"]}]},{"@type":"BreadcrumbList","@id":"https:\/\/shelly.lv\/lt\/shop\/ismaniosios-reles\/shelly-plug-16a\/#breadcrumb","itemListElement":[{"@type":"ListItem","position":1,"name":"Home","item":"https:\/\/shelly.lv\/lt\/"},{"@type":"ListItem","position":2,"name":"Parduotuv\u0117","item":"https:\/\/shelly.lv\/lt\/shop\/"},{"@type":"ListItem","position":3,"name":"Shelly Plug 16A"}]},{"@type":"WebSite","@id":"https:\/\/shelly.lv\/lt\/#website","url":"https:\/\/shelly.lv\/lt\/","name":"Shelly.lv","description":"Shelly Latvia","publisher":{"@id":"https:\/\/shelly.lv\/lt\/#organization"},"potentialAction":[{"@type":"SearchAction","target":{"@type":"EntryPoint","urlTemplate":"https:\/\/shelly.lv\/lt\/?s={search_term_string}"},"query-input":"required name=search_term_string"}],"inLanguage":"lt-LT"},{"@type":"Organization","@id":"https:\/\/shelly.lv\/lt\/#organization","name":"Shelly.lv","url":"https:\/\/shelly.lv\/lt\/","logo":{"@type":"ImageObject","inLanguage":"lt-LT","@id":"https:\/\/shelly.lv\/lt\/#\/schema\/logo\/image\/","url":"https:\/\/shelly.lv\/wp-content\/uploads\/2023\/07\/Asset-3.png","contentUrl":"https:\/\/shelly.lv\/wp-content\/uploads\/2023\/07\/Asset-3.png","width":861,"height":240,"caption":"Shelly.lv"},"image":{"@id":"https:\/\/shelly.lv\/lt\/#\/schema\/logo\/image\/"}}]}},"_links":{"self":[{"href":"https:\/\/shelly.lv\/lt\/wp-json\/wp\/v2\/product\/2529","targetHints":{"allow":["GET"]}}],"collection":[{"href":"https:\/\/shelly.lv\/lt\/wp-json\/wp\/v2\/product"}],"about":[{"href":"https:\/\/shelly.lv\/lt\/wp-json\/wp\/v2\/types\/product"}],"wp:featuredmedia":[{"embeddable":true,"href":"https:\/\/shelly.lv\/lt\/wp-json\/wp\/v2\/media\/2517"}],"wp:attachment":[{"href":"https:\/\/shelly.lv\/lt\/wp-json\/wp\/v2\/media?parent=2529"}],"wp:term":[{"taxonomy":"product_cat","embeddable":true,"href":"https:\/\/shelly.lv\/lt\/wp-json\/wp\/v2\/product_cat?post=2529"},{"taxonomy":"product_tag","embeddable":true,"href":"https:\/\/shelly.lv\/lt\/wp-json\/wp\/v2\/product_tag?post=2529"}],"curies":[{"name":"wp","href":"https:\/\/api.w.org\/{rel}","templated":true}]}}