{"id":2550,"date":"2021-04-30T19:46:21","date_gmt":"2021-04-30T16:46:21","guid":{"rendered":"https:\/\/shelly.lv\/veikals\/uncategorized\/shelly-3em-profesionalus-3-faziu-elektros-energijos-ismanusis-wifi-skaitiklis\/"},"modified":"2025-10-18T06:57:10","modified_gmt":"2025-10-18T03:57:10","slug":"shelly-3em","status":"publish","type":"product","link":"https:\/\/shelly.lv\/lt\/shop\/ismaniosios-reles\/shelly-3em\/","title":{"rendered":"Shelly 3EM"},"content":{"rendered":"<section class=\"wpb-content-wrapper\"><p>[vc_row content_placement=&#8221;top&#8221; css=&#8221;.vc_custom_1619544704606{margin-bottom: 8vh !important;}&#8221; mobile_bg_img_hidden=&#8221;no&#8221; tablet_bg_img_hidden=&#8221;no&#8221; woodmart_parallax=&#8221;0&#8243; woodmart_gradient_switch=&#8221;no&#8221; row_reverse_mobile=&#8221;0&#8243; row_reverse_tablet=&#8221;0&#8243; woodmart_disable_overflow=&#8221;0&#8243;][vc_column width=&#8221;2\/3&#8243;]\n\t\t<div id=\"wd-608c36cecad14\" class=\"title-wrapper wd-wpb set-mb-s reset-last-child  wd-rs-608c36cecad14 wd-title-color-default wd-title-style-default text-left vc_custom_1619801815386 wd-underline-colored\">\n\t\t\t\n\t\t\t<div class=\"liner-continer\">\n\t\t\t\t<h4 class=\"woodmart-title-container title  wd-font-weight-600 wd-fontsize-l\" >Shelly 3EM profesionalus 3 fazi\u0173 elektros energijos skaitiklis<\/h4>\n\t\t\t\t\t\t\t<\/div>\n\t\t\t\n\t\t\t\n\t\t\t\n\t\t<\/div>\n\t\t\n\t\t[vc_column_text text_larger=&#8221;no&#8221;]\u201eWiFi\u201c valdomas profesionalus 3 fazi\u0173 energijos skaitiklis su kontaktoriaus valdymu. Individualiai steb\u0117kite bet kurios buitin\u0117s technikos, elektros grandini\u0173 ir biuro \u012frangos (\u017eibint\u0173, ki\u0161tukini\u0173 lizd\u0173, apsaugos sistem\u0173, \u0161ildymo ir au\u0161inimo ir kt.) sunaudojim\u0105.<\/p>\n<p>Steb\u0117kite viso namo ar i\u0161 saul\u0117s baterij\u0173 pagamintos elektros energijos suvartojim\u0105 naudodami vien\u0105 i\u0161 tokio tipo \u201eWiFi\u201c valdom\u0105 3 fazi\u0173 energijos skaitikl\u012f su kontaktoriaus valdymo funkcijomis.<\/p>\n<p>Shelly 3EM gali apskai\u010diuoti dvipus\u012f suvartojim\u0105: pagamint\u0105 ir panaudot\u0105 energij\u0105 kiekvienai i\u0161 trij\u0173 fazi\u0173. Prietais\u0105 galima sukonfig\u016bruoti taip, kad matuot\u0173 tris atskirus vienfaz\u0117s elektros sistemos ta\u0161kus ir matuot\u0173 kiekvien\u0105 atskirai.<\/p>\n<p>I\u0161sami informacija apie elektros energijos suvartojim\u0105. Naudodami \u201eShelly 3EM\u201c galite per\u017ei\u016br\u0117ti savo elektros tinklo kokyb\u0119, atsi\u017evelgiant \u012f aktyvi\u0105 gali\u0105, reaktyvi\u0105j\u0105 gali\u0105, \u012ftamp\u0105 ir galios koeficient\u0105. Steb\u0117kite savo \u012fstaig\u0105 ar namus, kad i\u0161vengtum\u0117te papildom\u0173 i\u0161laid\u0173 ar drasti\u0161ko energijos kritimo ar svyravim\u0173, kuris gali pakenkti j\u016bs\u0173 prietaisams.<\/p>\n<p><strong>Privalumai<\/strong><\/p>\n<ul>\n<li>Nereikalingas HUB.<\/li>\n<li>Platus \u012ftampos palaikymo diapazonas.<\/li>\n<li>Apsauga nuo energijos vagyst\u0117s<\/li>\n<li>Pernelyg didelis energijos vartojimas ir apsauga nuo energijos<\/li>\n<li>Jis gali b\u016bti integruotas dirbti su visais kitais \u201eShelly\u201c \u012frenginiais.<\/li>\n<li>Suderinamas su \u201eAndroid\u201c, \u201eiOS\u201c, \u201eAmazon Alexa\u201c, \u201eGoogle Assistant\u201c ir nam\u0173 automatikos serveriais, naudojan\u010diais MQTT, CoAP ir REST API.<\/li>\n<li>Lengvai paverskite \u201eArduino\u201c projekt\u0105 gyvu ir tinkamu naudoti automatikos projekte.<\/li>\n<\/ul>\n<p>[\/vc_column_text]\n\t\t<div id=\"wd-608c3831edc33\" class=\"title-wrapper wd-wpb set-mb-s reset-last-child  wd-rs-608c3831edc33 wd-title-color-default wd-title-style-default text-left vc_custom_1619802166788 wd-width-enabled wd-underline-colored\" style=\"--wd-max-width: 90%;\">\n\t\t\t\n\t\t\t<div class=\"liner-continer\">\n\t\t\t\t<h4 class=\"woodmart-title-container title  wd-font-weight- wd-fontsize-xl\" >Shelly 3EM pajungimas ir duomenys<\/h4>\n\t\t\t\t\t\t\t<\/div>\n\t\t\t\n\t\t\t\n\t\t\t\n\t\t<\/div>\n\t\t\n\t\t[vc_video link=&#8221;https:\/\/www.youtube.com\/watch?v=kDIK0BP4Xss&#8221; image_poster_switch=&#8221;no&#8221;][vc_video link=&#8221;https:\/\/www.youtube.com\/watch?v=CauzGDZUKwE&#8221; image_poster_switch=&#8221;no&#8221;][vc_column_text el_class=&#8221;text-larger&#8221; text_larger=&#8221;no&#8221;]<\/p>\n<table>\n<tbody>\n<tr>\n<th>Maitinimo \u0161altinis AC<\/th>\n<td style=\"text-align: right; font-size: 16px;\">110-230V \u00b110%, 50\/60Hz<\/td>\n<\/tr>\n<tr>\n<th>Maitinimo \u0161altinis DC<\/th>\n<td style=\"text-align: right; font-size: 16px;\">Ne<\/td>\n<\/tr>\n<tr>\n<th style=\"text-align: left;\"><em>Specialios funkcijos<\/em><\/th>\n<td style=\"text-align: right; font-size: 16px;\"><\/td>\n<\/tr>\n<tr>\n<th>Kontaktoriaus valdymas<\/th>\n<td style=\"text-align: right; font-size: 16px;\">Taip &#8211; iki 10A<\/td>\n<\/tr>\n<tr>\n<th>\u017daliuzi\u0173 re\u017eimas<\/th>\n<td style=\"text-align: right; font-size: 16px;\">Ne<\/td>\n<\/tr>\n<tr>\n<th>Prietaiso apsauga nuo temperat\u016bros<\/th>\n<td style=\"text-align: right; font-size: 16px;\">Ne<\/td>\n<\/tr>\n<tr>\n<th>Apsauga nuo perkrovos<\/th>\n<td style=\"text-align: right; font-size: 16px;\">Ne<\/td>\n<\/tr>\n<tr>\n<th>Galios matavimo<\/th>\n<td style=\"text-align: right; font-size: 16px;\">Taip<\/td>\n<\/tr>\n<tr>\n<th>Darbas be neutralios linijos<\/th>\n<td style=\"text-align: right; font-size: 16px;\">Ne<\/td>\n<\/tr>\n<tr>\n<th style=\"text-align: left;\"><em>Funkcijos<\/em><\/th>\n<td style=\"text-align: right; font-size: 16px;\"><\/td>\n<\/tr>\n<tr>\n<th>Kanalai<\/th>\n<td style=\"text-align: right; font-size: 16px;\">3 kanalas<\/td>\n<\/tr>\n<tr>\n<th>Pakuot\u0117je<\/th>\n<td style=\"text-align: right; font-size: 16px;\">Pridedami 3x 120A srov\u0117s transformatoriai<\/td>\n<\/tr>\n<tr>\n<th>Darbin\u0117 temperat\u016bra<\/th>\n<td style=\"text-align: right; font-size: 16px;\">-40 to + 40 \u00b0C<\/td>\n<\/tr>\n<tr>\n<th>\u012erenginio energijos suvartojimas<\/th>\n<td style=\"text-align: right; font-size: 16px;\">&#8211;<\/td>\n<\/tr>\n<tr>\n<th>Pa\u017eangus \u012fjungimas \/ i\u0161jungimas<\/th>\n<td style=\"text-align: right; font-size: 16px;\">Taip<\/td>\n<\/tr>\n<tr>\n<th>Vietinis ir nuotolinis valdymas<\/th>\n<td style=\"text-align: right; font-size: 16px;\">Taip<\/td>\n<\/tr>\n<tr>\n<th>Saul\u0117tekis \/ saul\u0117lydis<\/th>\n<td style=\"text-align: right; font-size: 16px;\">Taip<\/td>\n<\/tr>\n<tr>\n<th>Savait\u0117s grafikas<\/th>\n<td style=\"text-align: right; font-size: 16px;\">Taip<\/td>\n<\/tr>\n<tr>\n<th>UL s\u0105ra\u0161e esanti parinktis<\/th>\n<td style=\"text-align: right; font-size: 16px;\">Ne<\/td>\n<\/tr>\n<tr>\n<th style=\"text-align: left;\"><em>Jungtis<\/em><\/th>\n<td style=\"text-align: right; font-size: 16px;\"><\/td>\n<\/tr>\n<tr>\n<th>Wireless\/WiFi Protocol<\/th>\n<td style=\"text-align: right; font-size: 16px;\">802.11 b \/ g \/ n<\/td>\n<\/tr>\n<tr>\n<th>Radijo da\u017enis<\/th>\n<td style=\"text-align: right; font-size: 16px;\">2400 &#8211; 2484 MHz<\/td>\n<\/tr>\n<tr>\n<th>Radijo signalo galia<\/th>\n<td style=\"text-align: right; font-size: 16px;\">1mW<\/td>\n<\/tr>\n<tr>\n<th>Atstumas<\/th>\n<td style=\"text-align: right; font-size: 16px;\">iki 50 m lauke ir iki 30 m patalpose (priklausomai nuo statybini\u0173 med\u017eiag\u0173)<\/td>\n<\/tr>\n<tr>\n<th>Dydis<\/th>\n<td style=\"text-align: right; font-size: 16px;\">73 mm x 57 mm x 22 mm<\/td>\n<\/tr>\n<\/tbody>\n<\/table>\n<p>[\/vc_column_text][\/vc_column][vc_column width=&#8221;1\/3&#8243; offset=&#8221;vc_hidden-sm vc_hidden-xs&#8221; mobile_bg_img_hidden=&#8221;no&#8221; tablet_bg_img_hidden=&#8221;no&#8221; woodmart_parallax=&#8221;0&#8243; woodmart_sticky_column=&#8221;false&#8221; parallax_scroll=&#8221;no&#8221; mobile_reset_margin=&#8221;no&#8221; tablet_reset_margin=&#8221;no&#8221;][\/vc_column][\/vc_row]<\/p>\n<\/section>","protected":false},"excerpt":{"rendered":"<p>[vc_row content_placement=&#8221;top&#8221; css=&#8221;.vc_custom_1619544704606{margin-bottom: 8vh !important;}&#8221; mobile_bg_img_hidden=&#8221;no&#8221; tablet_bg_img_hidden=&#8221;no&#8221; woodmart_parallax=&#8221;0&#8243; woodmart_gradient_switch=&#8221;no&#8221; row_reverse_mobile=&#8221;0&#8243; row_reverse_tablet=&#8221;0&#8243; woodmart_disable_overflow=&#8221;0&#8243;][vc_column width=&#8221;2\/3&#8243;][vc_column_text text_larger=&#8221;no&#8221;]\u201eWiFi\u201c valdomas profesionalus 3 fazi\u0173 energijos skaitiklis<\/p>\n","protected":false},"featured_media":2530,"template":"","meta":[],"product_cat":[717,297],"product_tag":[173,174,114,41,285],"class_list":{"0":"post-2550","1":"product","2":"type-product","3":"status-publish","4":"has-post-thumbnail","6":"product_cat-elektros-apskaita","7":"product_cat-ismaniosios-reles","8":"product_tag-elektros-sunaudojimas","9":"product_tag-energijos-stebejimas","10":"product_tag-ismanioji-rele","11":"product_tag-shelly","12":"product_tag-shelly-3em","14":"first","15":"outofstock","16":"sale","17":"taxable","18":"shipping-taxable","19":"purchasable","20":"product-type-simple"},"yoast_head":"<!-- This site is optimized with the Yoast SEO plugin v20.12 - https:\/\/yoast.com\/wordpress\/plugins\/seo\/ -->\n<title>Shelly 3EM - shelly.lv<\/title>\n<meta name=\"robots\" content=\"index, follow, max-snippet:-1, max-image-preview:large, max-video-preview:-1\" \/>\n<link rel=\"canonical\" href=\"https:\/\/shelly.lv\/lt\/shop\/ismaniosios-reles\/shelly-3em\/\" \/>\n<meta property=\"og:locale\" content=\"lt_LT\" \/>\n<meta property=\"og:type\" content=\"article\" \/>\n<meta property=\"og:title\" content=\"Shelly 3EM - shelly.lv\" \/>\n<meta property=\"og:description\" content=\"[vc_row content_placement=&#8221;top&#8221; css=&#8221;.vc_custom_1619544704606{margin-bottom: 8vh !important;}&#8221; mobile_bg_img_hidden=&#8221;no&#8221; tablet_bg_img_hidden=&#8221;no&#8221; woodmart_parallax=&#8221;0&#8243; woodmart_gradient_switch=&#8221;no&#8221; row_reverse_mobile=&#8221;0&#8243; row_reverse_tablet=&#8221;0&#8243; woodmart_disable_overflow=&#8221;0&#8243;][vc_column width=&#8221;2\/3&#8243;][vc_column_text text_larger=&#8221;no&#8221;]\u201eWiFi\u201c valdomas profesionalus 3 fazi\u0173 energijos skaitiklis\" \/>\n<meta property=\"og:url\" content=\"https:\/\/shelly.lv\/lt\/shop\/ismaniosios-reles\/shelly-3em\/\" \/>\n<meta property=\"og:site_name\" content=\"shelly.lv\" \/>\n<meta property=\"article:modified_time\" content=\"2025-10-18T03:57:10+00:00\" \/>\n<meta property=\"og:image\" content=\"http:\/\/shelly.lv\/wp-content\/uploads\/2023\/10\/17688_7-1.jpg\" \/>\n\t<meta property=\"og:image:width\" content=\"1080\" \/>\n\t<meta property=\"og:image:height\" content=\"950\" \/>\n\t<meta property=\"og:image:type\" content=\"image\/jpeg\" \/>\n<meta name=\"twitter:card\" content=\"summary_large_image\" \/>\n<meta name=\"twitter:label1\" content=\"Est. reading time\" \/>\n\t<meta name=\"twitter:data1\" content=\"3 minut\u0117s\" \/>\n<script type=\"application\/ld+json\" class=\"yoast-schema-graph\">{\"@context\":\"https:\/\/schema.org\",\"@graph\":[{\"@type\":\"WebPage\",\"@id\":\"https:\/\/shelly.lv\/lt\/shop\/ismaniosios-reles\/shelly-3em\/\",\"url\":\"https:\/\/shelly.lv\/lt\/shop\/ismaniosios-reles\/shelly-3em\/\",\"name\":\"Shelly 3EM - shelly.lv\",\"isPartOf\":{\"@id\":\"https:\/\/shelly.lv\/lt\/#website\"},\"datePublished\":\"2021-04-30T16:46:21+00:00\",\"dateModified\":\"2025-10-18T03:57:10+00:00\",\"breadcrumb\":{\"@id\":\"https:\/\/shelly.lv\/lt\/shop\/ismaniosios-reles\/shelly-3em\/#breadcrumb\"},\"inLanguage\":\"lt-LT\",\"potentialAction\":[{\"@type\":\"ReadAction\",\"target\":[\"https:\/\/shelly.lv\/lt\/shop\/ismaniosios-reles\/shelly-3em\/\"]}]},{\"@type\":\"BreadcrumbList\",\"@id\":\"https:\/\/shelly.lv\/lt\/shop\/ismaniosios-reles\/shelly-3em\/#breadcrumb\",\"itemListElement\":[{\"@type\":\"ListItem\",\"position\":1,\"name\":\"Home\",\"item\":\"https:\/\/shelly.lv\/lt\/\"},{\"@type\":\"ListItem\",\"position\":2,\"name\":\"Parduotuv\u0117\",\"item\":\"https:\/\/shelly.lv\/lt\/shop\/\"},{\"@type\":\"ListItem\",\"position\":3,\"name\":\"Shelly 3EM\"}]},{\"@type\":\"WebSite\",\"@id\":\"https:\/\/shelly.lv\/lt\/#website\",\"url\":\"https:\/\/shelly.lv\/lt\/\",\"name\":\"Shelly.lv\",\"description\":\"Shelly Latvia\",\"publisher\":{\"@id\":\"https:\/\/shelly.lv\/lt\/#organization\"},\"potentialAction\":[{\"@type\":\"SearchAction\",\"target\":{\"@type\":\"EntryPoint\",\"urlTemplate\":\"https:\/\/shelly.lv\/lt\/?s={search_term_string}\"},\"query-input\":\"required name=search_term_string\"}],\"inLanguage\":\"lt-LT\"},{\"@type\":\"Organization\",\"@id\":\"https:\/\/shelly.lv\/lt\/#organization\",\"name\":\"Shelly.lv\",\"url\":\"https:\/\/shelly.lv\/lt\/\",\"logo\":{\"@type\":\"ImageObject\",\"inLanguage\":\"lt-LT\",\"@id\":\"https:\/\/shelly.lv\/lt\/#\/schema\/logo\/image\/\",\"url\":\"https:\/\/shelly.lv\/wp-content\/uploads\/2023\/07\/Asset-3.png\",\"contentUrl\":\"https:\/\/shelly.lv\/wp-content\/uploads\/2023\/07\/Asset-3.png\",\"width\":861,\"height\":240,\"caption\":\"Shelly.lv\"},\"image\":{\"@id\":\"https:\/\/shelly.lv\/lt\/#\/schema\/logo\/image\/\"}}]}<\/script>\n<!-- \/ Yoast SEO plugin. -->","yoast_head_json":{"title":"Shelly 3EM - shelly.lv","robots":{"index":"index","follow":"follow","max-snippet":"max-snippet:-1","max-image-preview":"max-image-preview:large","max-video-preview":"max-video-preview:-1"},"canonical":"https:\/\/shelly.lv\/lt\/shop\/ismaniosios-reles\/shelly-3em\/","og_locale":"lt_LT","og_type":"article","og_title":"Shelly 3EM - shelly.lv","og_description":"[vc_row content_placement=&#8221;top&#8221; css=&#8221;.vc_custom_1619544704606{margin-bottom: 8vh !important;}&#8221; mobile_bg_img_hidden=&#8221;no&#8221; tablet_bg_img_hidden=&#8221;no&#8221; woodmart_parallax=&#8221;0&#8243; woodmart_gradient_switch=&#8221;no&#8221; row_reverse_mobile=&#8221;0&#8243; row_reverse_tablet=&#8221;0&#8243; woodmart_disable_overflow=&#8221;0&#8243;][vc_column width=&#8221;2\/3&#8243;][vc_column_text text_larger=&#8221;no&#8221;]\u201eWiFi\u201c valdomas profesionalus 3 fazi\u0173 energijos skaitiklis","og_url":"https:\/\/shelly.lv\/lt\/shop\/ismaniosios-reles\/shelly-3em\/","og_site_name":"shelly.lv","article_modified_time":"2025-10-18T03:57:10+00:00","og_image":[{"width":1080,"height":950,"url":"http:\/\/shelly.lv\/wp-content\/uploads\/2023\/10\/17688_7-1.jpg","type":"image\/jpeg"}],"twitter_card":"summary_large_image","twitter_misc":{"Est. reading time":"3 minut\u0117s"},"schema":{"@context":"https:\/\/schema.org","@graph":[{"@type":"WebPage","@id":"https:\/\/shelly.lv\/lt\/shop\/ismaniosios-reles\/shelly-3em\/","url":"https:\/\/shelly.lv\/lt\/shop\/ismaniosios-reles\/shelly-3em\/","name":"Shelly 3EM - shelly.lv","isPartOf":{"@id":"https:\/\/shelly.lv\/lt\/#website"},"datePublished":"2021-04-30T16:46:21+00:00","dateModified":"2025-10-18T03:57:10+00:00","breadcrumb":{"@id":"https:\/\/shelly.lv\/lt\/shop\/ismaniosios-reles\/shelly-3em\/#breadcrumb"},"inLanguage":"lt-LT","potentialAction":[{"@type":"ReadAction","target":["https:\/\/shelly.lv\/lt\/shop\/ismaniosios-reles\/shelly-3em\/"]}]},{"@type":"BreadcrumbList","@id":"https:\/\/shelly.lv\/lt\/shop\/ismaniosios-reles\/shelly-3em\/#breadcrumb","itemListElement":[{"@type":"ListItem","position":1,"name":"Home","item":"https:\/\/shelly.lv\/lt\/"},{"@type":"ListItem","position":2,"name":"Parduotuv\u0117","item":"https:\/\/shelly.lv\/lt\/shop\/"},{"@type":"ListItem","position":3,"name":"Shelly 3EM"}]},{"@type":"WebSite","@id":"https:\/\/shelly.lv\/lt\/#website","url":"https:\/\/shelly.lv\/lt\/","name":"Shelly.lv","description":"Shelly Latvia","publisher":{"@id":"https:\/\/shelly.lv\/lt\/#organization"},"potentialAction":[{"@type":"SearchAction","target":{"@type":"EntryPoint","urlTemplate":"https:\/\/shelly.lv\/lt\/?s={search_term_string}"},"query-input":"required name=search_term_string"}],"inLanguage":"lt-LT"},{"@type":"Organization","@id":"https:\/\/shelly.lv\/lt\/#organization","name":"Shelly.lv","url":"https:\/\/shelly.lv\/lt\/","logo":{"@type":"ImageObject","inLanguage":"lt-LT","@id":"https:\/\/shelly.lv\/lt\/#\/schema\/logo\/image\/","url":"https:\/\/shelly.lv\/wp-content\/uploads\/2023\/07\/Asset-3.png","contentUrl":"https:\/\/shelly.lv\/wp-content\/uploads\/2023\/07\/Asset-3.png","width":861,"height":240,"caption":"Shelly.lv"},"image":{"@id":"https:\/\/shelly.lv\/lt\/#\/schema\/logo\/image\/"}}]}},"_links":{"self":[{"href":"https:\/\/shelly.lv\/lt\/wp-json\/wp\/v2\/product\/2550","targetHints":{"allow":["GET"]}}],"collection":[{"href":"https:\/\/shelly.lv\/lt\/wp-json\/wp\/v2\/product"}],"about":[{"href":"https:\/\/shelly.lv\/lt\/wp-json\/wp\/v2\/types\/product"}],"wp:featuredmedia":[{"embeddable":true,"href":"https:\/\/shelly.lv\/lt\/wp-json\/wp\/v2\/media\/2530"}],"wp:attachment":[{"href":"https:\/\/shelly.lv\/lt\/wp-json\/wp\/v2\/media?parent=2550"}],"wp:term":[{"taxonomy":"product_cat","embeddable":true,"href":"https:\/\/shelly.lv\/lt\/wp-json\/wp\/v2\/product_cat?post=2550"},{"taxonomy":"product_tag","embeddable":true,"href":"https:\/\/shelly.lv\/lt\/wp-json\/wp\/v2\/product_tag?post=2550"}],"curies":[{"name":"wp","href":"https:\/\/api.w.org\/{rel}","templated":true}]}}