{"id":2553,"date":"2021-04-30T14:07:54","date_gmt":"2021-04-30T11:07:54","guid":{"rendered":"https:\/\/shelly.lv\/veikals\/uncategorized\/shelly-apejimas-bypass\/"},"modified":"2026-04-14T20:32:48","modified_gmt":"2026-04-14T17:32:48","slug":"shelly-bypass","status":"publish","type":"product","link":"https:\/\/shelly.lv\/lt\/shop\/priedai\/shelly-bypass\/","title":{"rendered":"Shelly Bypass"},"content":{"rendered":"<section class=\"wpb-content-wrapper\"><p>[vc_row content_placement=&#8221;top&#8221; css=&#8221;.vc_custom_1619544704606{margin-bottom: 8vh !important;}&#8221; mobile_bg_img_hidden=&#8221;no&#8221; tablet_bg_img_hidden=&#8221;no&#8221; woodmart_parallax=&#8221;0&#8243; woodmart_gradient_switch=&#8221;no&#8221; row_reverse_mobile=&#8221;0&#8243; row_reverse_tablet=&#8221;0&#8243; woodmart_disable_overflow=&#8221;0&#8243;][vc_column width=&#8221;2\/3&#8243;]\n\t\t<div id=\"wd-608be56d2b660\" class=\"title-wrapper wd-wpb set-mb-s reset-last-child  wd-rs-608be56d2b660 wd-title-color-default wd-title-style-default text-left vc_custom_1619780976676 wd-underline-colored\">\n\t\t\t\n\t\t\t<div class=\"liner-continer\">\n\t\t\t\t<h4 class=\"woodmart-title-container title  wd-font-weight-600 wd-fontsize-l\" >Shelly ap\u0117jimas (Bypass)<\/h4>\n\t\t\t\t\t\t\t<\/div>\n\t\t\t\n\t\t\t\n\t\t\t\n\t\t<\/div>\n\t\t\n\t\t[vc_column_text text_larger=&#8221;no&#8221;]<\/p>\n<h1>Kam naudojamas \u201eShelly\u201c aplinkkelis ir kod\u0117l man jo reikia?<\/h1>\n<h4>Apva\u017eiavimas be neutrali\u0173 \u012frengini\u0173<\/h4>\n<div>\u201eShelly\u201c aplinkkelis n\u0117ra naudojamas jokiuose neutraliuose \u012frenginiuose, suderinamuose su \u201eShelly 1L\u201c ir \u201eShelly Dimmer 2\u201c, kad ma\u017eo galingumo programos gal\u0117t\u0173 tinkamai veikti.<\/div>\n<p>Neseniai pristat\u0119 <a href=\"https:\/\/improveit.lt\/produktas\/shelly-1l-ismanusis-1-kanalo-wifi-valdomas-relinis-jungiklis-110-230vac\/\"><b>Shelly 1L<\/b><\/a>\u00a0 \u012f \u201eShelly Home Automation\u201c asortiment\u0105, galb\u016bt pasteb\u0117jote pried\u0105, kur\u012f galima \u012fsigyti b\u016btent su \u201eShelly 1L\u201c, vadinam\u0105 \u201e\u00a0\u00a0<b>Shelly Bypass\u201c<\/b>\u00a0.\u00a0Parduodame \u201eShelly Bypass\u201c parduotuv\u0117je kaip atskir\u0105 produkt\u0105 arba kaip pried\u0105 prie bet koki\u0173 \u201eShelly 1L\u201c ar \u201eShelly Dimmer 2\u201c \u012frengini\u0173, ta\u010diau kas jie i\u0161 tikr\u0173j\u0173 yra ir ar jums j\u0173 reikia?<\/p>\n<p>Puikus dalykas <b>Shelly 1L<\/b>\u00a0 ir <a href=\"https:\/\/improveit.lt\/produktas\/shelly-dimmer2-ismanusis-1-kanalo-wifi-dimeris\/\"><b>Shelly Dimmer 2<\/b><\/a>\u00a0 yra tai, kad jie dirba be neutralios linijos.\u00a0Tai puiki \u017einia mums \u010dia, JK, jei norite prid\u0117ti \u201eShelly\u201c \u012frengin\u012f u\u017e \u0161viesos jungiklio, kuriame paprastai neturime neutralios laido.<\/p>\n<h2>Kas yra \u201eShelly\u201c aplinkkelis?<\/h2>\n<p>\u201e\u00a0\u00a0<b>Shelly\u201c aplinkkelis<\/b>\u00a0\u00a0reikalingas, kai yra neutrali viela ir kai energijos suvartojama ma\u017eiau nei 20 vat\u0173.\u00a0<span class=\"\">Jei \u0161viesos apkrova yra labai ma\u017ea (paprastai, LED \u017eibintai), turite prid\u0117ti tam tikros formos apkrov\u0105, ten atsiranda aplinkkelio poreikis!<\/span><\/p>\n<p>U\u017euot i\u0161jung\u0119 \u0161vies\u0105, <b>Shelly 1L<\/b>\u00a0 ir <b>Shelly Dimmer 2<\/b>\u00a0pritemdo \u0161vies\u0105 taip \u017eemai, kad nustoja \u0161vyt\u0117ti, paliekant labai ma\u017e\u0105 srov\u0119, tekan\u010di\u0105 \u201eShelly\u201c \u012frenginio grandine, kad ji veikt\u0173 net ir tada, kai \u0161viesa i\u0161jungta.<\/p>\n<h2>Ar man reikia \u201eShelly\u201c aplinkkelio<\/h2>\n<p>Dauguma JK lempu\u010di\u0173 yra ma\u017eesn\u0117s nei 20 vat\u0173.<\/p>\n<p>Jei <b>Shelly 1L<\/b>\u00a0 arba\u00a0 \u00a0<b>Shelly Dimmer 2<\/b>\u00a0naudojate\u00a0\u00a0\u00a0vietoje, kurioje n\u0117ra neutralaus laido (pvz., U\u017e \u0161viesos jungiklio) ir gyvenate JK, taip grei\u010diausiai taip ir darote.<\/p>\n<h2>Kur a\u0161 turiu \u012fdiegti \u201eShelly Bypass\u201c<\/h2>\n<p>Jei montuojate \u201e\u00a0\u00a0<b>Shelly\u201c aplinkkel\u012f<\/b>\u00a0\u00a0ap\u0161vietimo grandin\u0117je Jungtin\u0117je Karalyst\u0117je, tur\u0117site pritvirtinti \u201eShelly\u201c aplinkkel\u012f tarp i\u0161vesties laido, einan\u010dio \u012f lemput\u0119, ir neutralaus, einan\u010dio \u012f kit\u0105 lemput\u0117s pus\u0119.\u00a0Tokiu b\u016bdu pajungti laid\u0105 bus labai nenat\u016bralu.\u00a0Daugelis JK \u017emoni\u0173 turi lub\u0173 ro\u017e\u0119 ar \u0161viestuvus, leid\u017eian\u010dius erdv\u0119 \u201eShelly\u201c aplinkkeliui.\u00a0Jie yra tikrai ma\u017ei, yra tik 39 mm x 23 mm x 7 mm.<\/p>\n<h2>Ar man reikia \u201eShelly\u201c aplinkkelio, jei turiu neutrali\u0105 laid\u0105?<\/h2>\n<p>Ne, jums reikia \u201eShelly\u201c aplinkkelio tik ten, kur n\u0117ra neutralios vielos.<\/p>\n<p>Jei turite neutrali\u0105 laid\u0105, galite apsvarstyti \u201e\u00a0\u00a0<b>Shelly 1\u201c<\/b>\u00a0\u00a0arba \u201e\u00a0\u00a0<b>Shelly 1PM\u201c,<\/b>\u00a0\u00a0nebent jums konkre\u010diai reikalinga reguliavimo funkcija.<\/p>\n<p>\u201eShelly Bypass\u201c tinka \u201eShelly 1L\u201c, kai var\u017ein\u0117 apkrova yra ma\u017eesn\u0117 nei 20 W be prijungto neutralaus, arba \u201eShelly Dimmer 2\u201c, kai apkrova yra ma\u017eesn\u0117 nei 10 W be prijungto neutralaus.<\/p>\n<h3 class=\"detail-title\">Kaip tai veikia?<\/h3>\n<div class=\"work-process\">\n<div class=\"how-it-works\">\n<ul>\n<li class=\"text-holder\">Atsisi\u0173skite \u201eShelly Cloud\u201c program\u0105 \u012f savo i\u0161man\u0173j\u012f telefon\u0105 ar plan\u0161etin\u012f kompiuter\u012f<\/li>\n<li class=\"text-holder\">Prijunkite \u201eShelly Bypass\u201c prie \u201eWi-Fi\u201c mar\u0161rutizatoriaus<\/li>\n<li class=\"text-holder\">\u012ed\u0117kite \u012frengin\u012f visur, kur norite<\/li>\n<\/ul>\n<\/div>\n<\/div>\n<p>[\/vc_column_text][vc_column_text el_class=&#8221;text-larger&#8221; text_larger=&#8221;no&#8221;]<\/p>\n<table>\n<tbody>\n<tr>\n<th>Suderinama su<\/th>\n<td style=\"text-align: right; font-size: 16px;\">\u201eShelly 1L\u201c, \u201eShelly DImmer 2\u201c<\/td>\n<\/tr>\n<tr>\n<th>Maitinimo \u0161altinis<\/th>\n<td style=\"text-align: right; font-size: 16px;\">110\u2013230 V \u00b1 10%, 50 \/ 60Hz.<\/td>\n<\/tr>\n<tr>\n<th>IP \u012fvertinimas<\/th>\n<td style=\"text-align: right; font-size: 16px;\">IP20<\/td>\n<\/tr>\n<tr>\n<th>Dydis<\/th>\n<td style=\"text-align: right; font-size: 16px;\">39 mm x 23 mm x 7 mm<\/td>\n<\/tr>\n<\/tbody>\n<\/table>\n<p>[\/vc_column_text][\/vc_column][vc_column width=&#8221;1\/3&#8243; offset=&#8221;vc_hidden-sm vc_hidden-xs&#8221; mobile_bg_img_hidden=&#8221;no&#8221; tablet_bg_img_hidden=&#8221;no&#8221; woodmart_parallax=&#8221;0&#8243; woodmart_sticky_column=&#8221;false&#8221; parallax_scroll=&#8221;no&#8221; mobile_reset_margin=&#8221;no&#8221; tablet_reset_margin=&#8221;no&#8221;][\/vc_column][\/vc_row][vc_row css=&#8221;.vc_custom_1609593577779{margin-bottom: 25px !important;}&#8221; mobile_bg_img_hidden=&#8221;no&#8221; tablet_bg_img_hidden=&#8221;no&#8221; woodmart_parallax=&#8221;0&#8243; woodmart_gradient_switch=&#8221;no&#8221; row_reverse_mobile=&#8221;0&#8243; row_reverse_tablet=&#8221;0&#8243; woodmart_disable_overflow=&#8221;0&#8243;][vc_column]\t\t<div id=\"gallery_367\" class=\"wd-images-gallery wd-justify-center wd-items-middle view-grid photoswipe-images\" >\n\t\t\t<div class=\"gallery-images row wd-spacing-0\">\n\t\t\t\t\t\t\t\t\t\t\t\t\t\t\t<div class=\"wd-gallery-item col-lg-12 col-md-12 col-sm-12 col-12\">\n\t\t\t\t\t\t\t\t\t\t\t\t\t\t<a href=\"\" data-elementor-open-lightbox=\"no\" data-index=\"1\" data-width=\"\" data-height=\"\"  >\n\t\t\t\t\t\t\t\t\n\t\t\t\t\t\t\t\t\n\t\t\t\t\t\t\t\t\t\t\t\t\t\t\t<\/a>\n\t\t\t\t\t\t\t\t\t\t\t\t<\/div>\n\t\t\t\t\t\t\t\t\t\t\t<div class=\"wd-gallery-item col-lg-12 col-md-12 col-sm-12 col-12\">\n\t\t\t\t\t\t\t\t\t\t\t\t\t\t<a href=\"\" data-elementor-open-lightbox=\"no\" data-index=\"2\" data-width=\"\" data-height=\"\"  >\n\t\t\t\t\t\t\t\t\n\t\t\t\t\t\t\t\t\n\t\t\t\t\t\t\t\t\t\t\t\t\t\t\t<\/a>\n\t\t\t\t\t\t\t\t\t\t\t\t<\/div>\n\t\t\t\t\t\t\t\t\t\t\t\t<\/div>\n\t\t<\/div>\n\t\t\t\t[\/vc_column][\/vc_row]<\/p>\n<\/section>","protected":false},"excerpt":{"rendered":"<p>[vc_row content_placement=&#8221;top&#8221; css=&#8221;.vc_custom_1619544704606{margin-bottom: 8vh !important;}&#8221; mobile_bg_img_hidden=&#8221;no&#8221; tablet_bg_img_hidden=&#8221;no&#8221; woodmart_parallax=&#8221;0&#8243; woodmart_gradient_switch=&#8221;no&#8221; row_reverse_mobile=&#8221;0&#8243; row_reverse_tablet=&#8221;0&#8243; woodmart_disable_overflow=&#8221;0&#8243;][vc_column width=&#8221;2\/3&#8243;][vc_column_text text_larger=&#8221;no&#8221;] Kam naudojamas \u201eShelly\u201c aplinkkelis ir kod\u0117l<\/p>\n","protected":false},"featured_media":2551,"template":"","meta":[],"product_cat":[299],"product_tag":[41],"class_list":{"0":"post-2553","1":"product","2":"type-product","3":"status-publish","4":"has-post-thumbnail","6":"product_cat-priedai","7":"product_tag-shelly","9":"first","10":"instock","11":"sale","12":"taxable","13":"shipping-taxable","14":"purchasable","15":"product-type-simple"},"yoast_head":"<!-- This site is optimized with the Yoast SEO plugin v20.12 - https:\/\/yoast.com\/wordpress\/plugins\/seo\/ -->\n<title>Shelly Bypass - shelly.lv<\/title>\n<meta name=\"robots\" content=\"index, follow, max-snippet:-1, max-image-preview:large, max-video-preview:-1\" \/>\n<link rel=\"canonical\" href=\"https:\/\/shelly.lv\/lt\/shop\/priedai\/shelly-bypass\/\" \/>\n<meta property=\"og:locale\" content=\"lt_LT\" \/>\n<meta property=\"og:type\" content=\"article\" \/>\n<meta property=\"og:title\" content=\"Shelly Bypass - shelly.lv\" \/>\n<meta property=\"og:description\" content=\"[vc_row content_placement=&#8221;top&#8221; css=&#8221;.vc_custom_1619544704606{margin-bottom: 8vh !important;}&#8221; mobile_bg_img_hidden=&#8221;no&#8221; tablet_bg_img_hidden=&#8221;no&#8221; woodmart_parallax=&#8221;0&#8243; woodmart_gradient_switch=&#8221;no&#8221; row_reverse_mobile=&#8221;0&#8243; row_reverse_tablet=&#8221;0&#8243; woodmart_disable_overflow=&#8221;0&#8243;][vc_column width=&#8221;2\/3&#8243;][vc_column_text text_larger=&#8221;no&#8221;] Kam naudojamas \u201eShelly\u201c aplinkkelis ir kod\u0117l\" \/>\n<meta property=\"og:url\" content=\"https:\/\/shelly.lv\/lt\/shop\/priedai\/shelly-bypass\/\" \/>\n<meta property=\"og:site_name\" content=\"shelly.lv\" \/>\n<meta property=\"article:modified_time\" content=\"2026-04-14T17:32:48+00:00\" \/>\n<meta property=\"og:image\" content=\"http:\/\/shelly.lv\/wp-content\/uploads\/2023\/10\/shelly_bypass_x1-1000x1000-1.jpg\" \/>\n\t<meta property=\"og:image:width\" content=\"1000\" \/>\n\t<meta property=\"og:image:height\" content=\"1000\" \/>\n\t<meta property=\"og:image:type\" content=\"image\/jpeg\" \/>\n<meta name=\"twitter:card\" content=\"summary_large_image\" \/>\n<meta name=\"twitter:label1\" content=\"Est. reading time\" \/>\n\t<meta name=\"twitter:data1\" content=\"3 minut\u0117s\" \/>\n<script type=\"application\/ld+json\" class=\"yoast-schema-graph\">{\"@context\":\"https:\/\/schema.org\",\"@graph\":[{\"@type\":\"WebPage\",\"@id\":\"https:\/\/shelly.lv\/lt\/shop\/priedai\/shelly-bypass\/\",\"url\":\"https:\/\/shelly.lv\/lt\/shop\/priedai\/shelly-bypass\/\",\"name\":\"Shelly Bypass - shelly.lv\",\"isPartOf\":{\"@id\":\"https:\/\/shelly.lv\/lt\/#website\"},\"datePublished\":\"2021-04-30T11:07:54+00:00\",\"dateModified\":\"2026-04-14T17:32:48+00:00\",\"breadcrumb\":{\"@id\":\"https:\/\/shelly.lv\/lt\/shop\/priedai\/shelly-bypass\/#breadcrumb\"},\"inLanguage\":\"lt-LT\",\"potentialAction\":[{\"@type\":\"ReadAction\",\"target\":[\"https:\/\/shelly.lv\/lt\/shop\/priedai\/shelly-bypass\/\"]}]},{\"@type\":\"BreadcrumbList\",\"@id\":\"https:\/\/shelly.lv\/lt\/shop\/priedai\/shelly-bypass\/#breadcrumb\",\"itemListElement\":[{\"@type\":\"ListItem\",\"position\":1,\"name\":\"Home\",\"item\":\"https:\/\/shelly.lv\/lt\/\"},{\"@type\":\"ListItem\",\"position\":2,\"name\":\"Parduotuv\u0117\",\"item\":\"https:\/\/shelly.lv\/lt\/shop\/\"},{\"@type\":\"ListItem\",\"position\":3,\"name\":\"Shelly Bypass\"}]},{\"@type\":\"WebSite\",\"@id\":\"https:\/\/shelly.lv\/lt\/#website\",\"url\":\"https:\/\/shelly.lv\/lt\/\",\"name\":\"Shelly.lv\",\"description\":\"Shelly Latvia\",\"publisher\":{\"@id\":\"https:\/\/shelly.lv\/lt\/#organization\"},\"potentialAction\":[{\"@type\":\"SearchAction\",\"target\":{\"@type\":\"EntryPoint\",\"urlTemplate\":\"https:\/\/shelly.lv\/lt\/?s={search_term_string}\"},\"query-input\":\"required name=search_term_string\"}],\"inLanguage\":\"lt-LT\"},{\"@type\":\"Organization\",\"@id\":\"https:\/\/shelly.lv\/lt\/#organization\",\"name\":\"Shelly.lv\",\"url\":\"https:\/\/shelly.lv\/lt\/\",\"logo\":{\"@type\":\"ImageObject\",\"inLanguage\":\"lt-LT\",\"@id\":\"https:\/\/shelly.lv\/lt\/#\/schema\/logo\/image\/\",\"url\":\"https:\/\/shelly.lv\/wp-content\/uploads\/2023\/07\/Asset-3.png\",\"contentUrl\":\"https:\/\/shelly.lv\/wp-content\/uploads\/2023\/07\/Asset-3.png\",\"width\":861,\"height\":240,\"caption\":\"Shelly.lv\"},\"image\":{\"@id\":\"https:\/\/shelly.lv\/lt\/#\/schema\/logo\/image\/\"}}]}<\/script>\n<!-- \/ Yoast SEO plugin. -->","yoast_head_json":{"title":"Shelly Bypass - shelly.lv","robots":{"index":"index","follow":"follow","max-snippet":"max-snippet:-1","max-image-preview":"max-image-preview:large","max-video-preview":"max-video-preview:-1"},"canonical":"https:\/\/shelly.lv\/lt\/shop\/priedai\/shelly-bypass\/","og_locale":"lt_LT","og_type":"article","og_title":"Shelly Bypass - shelly.lv","og_description":"[vc_row content_placement=&#8221;top&#8221; css=&#8221;.vc_custom_1619544704606{margin-bottom: 8vh !important;}&#8221; mobile_bg_img_hidden=&#8221;no&#8221; tablet_bg_img_hidden=&#8221;no&#8221; woodmart_parallax=&#8221;0&#8243; woodmart_gradient_switch=&#8221;no&#8221; row_reverse_mobile=&#8221;0&#8243; row_reverse_tablet=&#8221;0&#8243; woodmart_disable_overflow=&#8221;0&#8243;][vc_column width=&#8221;2\/3&#8243;][vc_column_text text_larger=&#8221;no&#8221;] Kam naudojamas \u201eShelly\u201c aplinkkelis ir kod\u0117l","og_url":"https:\/\/shelly.lv\/lt\/shop\/priedai\/shelly-bypass\/","og_site_name":"shelly.lv","article_modified_time":"2026-04-14T17:32:48+00:00","og_image":[{"width":1000,"height":1000,"url":"http:\/\/shelly.lv\/wp-content\/uploads\/2023\/10\/shelly_bypass_x1-1000x1000-1.jpg","type":"image\/jpeg"}],"twitter_card":"summary_large_image","twitter_misc":{"Est. reading time":"3 minut\u0117s"},"schema":{"@context":"https:\/\/schema.org","@graph":[{"@type":"WebPage","@id":"https:\/\/shelly.lv\/lt\/shop\/priedai\/shelly-bypass\/","url":"https:\/\/shelly.lv\/lt\/shop\/priedai\/shelly-bypass\/","name":"Shelly Bypass - shelly.lv","isPartOf":{"@id":"https:\/\/shelly.lv\/lt\/#website"},"datePublished":"2021-04-30T11:07:54+00:00","dateModified":"2026-04-14T17:32:48+00:00","breadcrumb":{"@id":"https:\/\/shelly.lv\/lt\/shop\/priedai\/shelly-bypass\/#breadcrumb"},"inLanguage":"lt-LT","potentialAction":[{"@type":"ReadAction","target":["https:\/\/shelly.lv\/lt\/shop\/priedai\/shelly-bypass\/"]}]},{"@type":"BreadcrumbList","@id":"https:\/\/shelly.lv\/lt\/shop\/priedai\/shelly-bypass\/#breadcrumb","itemListElement":[{"@type":"ListItem","position":1,"name":"Home","item":"https:\/\/shelly.lv\/lt\/"},{"@type":"ListItem","position":2,"name":"Parduotuv\u0117","item":"https:\/\/shelly.lv\/lt\/shop\/"},{"@type":"ListItem","position":3,"name":"Shelly Bypass"}]},{"@type":"WebSite","@id":"https:\/\/shelly.lv\/lt\/#website","url":"https:\/\/shelly.lv\/lt\/","name":"Shelly.lv","description":"Shelly Latvia","publisher":{"@id":"https:\/\/shelly.lv\/lt\/#organization"},"potentialAction":[{"@type":"SearchAction","target":{"@type":"EntryPoint","urlTemplate":"https:\/\/shelly.lv\/lt\/?s={search_term_string}"},"query-input":"required name=search_term_string"}],"inLanguage":"lt-LT"},{"@type":"Organization","@id":"https:\/\/shelly.lv\/lt\/#organization","name":"Shelly.lv","url":"https:\/\/shelly.lv\/lt\/","logo":{"@type":"ImageObject","inLanguage":"lt-LT","@id":"https:\/\/shelly.lv\/lt\/#\/schema\/logo\/image\/","url":"https:\/\/shelly.lv\/wp-content\/uploads\/2023\/07\/Asset-3.png","contentUrl":"https:\/\/shelly.lv\/wp-content\/uploads\/2023\/07\/Asset-3.png","width":861,"height":240,"caption":"Shelly.lv"},"image":{"@id":"https:\/\/shelly.lv\/lt\/#\/schema\/logo\/image\/"}}]}},"_links":{"self":[{"href":"https:\/\/shelly.lv\/lt\/wp-json\/wp\/v2\/product\/2553","targetHints":{"allow":["GET"]}}],"collection":[{"href":"https:\/\/shelly.lv\/lt\/wp-json\/wp\/v2\/product"}],"about":[{"href":"https:\/\/shelly.lv\/lt\/wp-json\/wp\/v2\/types\/product"}],"wp:featuredmedia":[{"embeddable":true,"href":"https:\/\/shelly.lv\/lt\/wp-json\/wp\/v2\/media\/2551"}],"wp:attachment":[{"href":"https:\/\/shelly.lv\/lt\/wp-json\/wp\/v2\/media?parent=2553"}],"wp:term":[{"taxonomy":"product_cat","embeddable":true,"href":"https:\/\/shelly.lv\/lt\/wp-json\/wp\/v2\/product_cat?post=2553"},{"taxonomy":"product_tag","embeddable":true,"href":"https:\/\/shelly.lv\/lt\/wp-json\/wp\/v2\/product_tag?post=2553"}],"curies":[{"name":"wp","href":"https:\/\/api.w.org\/{rel}","templated":true}]}}