{"id":2667,"date":"2023-01-11T16:07:37","date_gmt":"2023-01-11T14:07:37","guid":{"rendered":"https:\/\/shelly.lv\/veikals\/uncategorized\/shelly-plus-addon-priedas-plus-serijos-relems\/"},"modified":"2026-04-30T16:13:29","modified_gmt":"2026-04-30T13:13:29","slug":"shelly-plus-add-on","status":"publish","type":"product","link":"https:\/\/shelly.lv\/lt\/shop\/priedai\/shelly-plus-add-on\/","title":{"rendered":"Shelly Plus ADD-ON"},"content":{"rendered":"<section class=\"wpb-content-wrapper\"><p>[vc_row][vc_column]\n\t\t<div id=\"wd-63beb5c59520b\" class=\"title-wrapper wd-wpb set-mb-s reset-last-child  wd-rs-63beb5c59520b wd-title-color-default wd-title-style-default text-center vc_custom_1673442764916 wd-underline-colored\">\n\t\t\t\n\t\t\t<div class=\"liner-continer\">\n\t\t\t\t<h4 class=\"woodmart-title-container title  wd-font-weight-600 wd-fontsize-l\" >SHELLY PLUS ADDON<\/h4>\n\t\t\t\t\t\t\t<\/div>\n\t\t\t\n\t\t\t\n\t\t\t\n\t\t<\/div>\n\t\t\n\t\t[vc_column_text woodmart_inline=&#8221;no&#8221; text_larger=&#8221;no&#8221;]Shelly Plus Add-on yra galvani\u0161kai izoliuota jutiklio s\u0105saja visoms \u201eShelly Plus\u201c rel\u0117ms. Naudokite j\u012f temperat\u016brai ir dr\u0117gmei matuoti naudodami 1 laid\u0173 gnybtus arba prijunkite \u012fvairius analoginius ir skaitmeninius jutiklius sud\u0117tingam automatizavimui ir didesniam efektyvumui.<\/p>\n<p>Labai suderinamas<br \/>\nShelly Plus priedas suderinamas su dauguma Arduino jutikli\u0173! Naudokite jo skaitmenines arba analogines \u012fvestis norimiems parametrams i\u0161matuoti ir, remiantis jutiklio duomenimis, sukurti sud\u0117tingas automatizavimo scenas.<\/p>\n<p><img loading=\"lazy\" decoding=\"async\" class=\"alignnone size-full wp-image-29462\" src=\"https:\/\/improveit.lt\/wp-content\/uploads\/2023\/01\/2d2fd3ed476579910d226bfa3e994be2_image.png\" alt=\"Shelly Plus Add-on\" width=\"993\" height=\"557\" \/><\/p>\n<p><strong>Neribotos naudojimo programos<\/strong><\/p>\n<p>Gara\u017eo vart\u0173 pad\u0117tis \u2013 galite prijungti nendrinio jungiklio jutikl\u012f prie \u201eShelly Plus Add-on\u201c skaitmeninio jutiklio ir steb\u0117ti savo gara\u017eo vart\u0173 b\u016bkl\u0119. Tokiu b\u016bdu j\u016bs visada \u017einosite, ar jis atidarytas, ar u\u017edarytas, kai b\u016bsite i\u0161vyk\u0119, ir imsit\u0117s atitinkam\u0173 veiksm\u0173.<\/p>\n<p>Vandens \u0161ildymas \u2013 naudodami \u201eShelly Plus Add-on\u201c ir du DS18B20 jutiklius galite lengvai i\u0161matuoti tiksli\u0105 akvariumo temperat\u016br\u0105, taip pat kambario temperat\u016br\u0105. Remdamiesi \u0161iais duomenimis, galite palaikyti patogi\u0105 ir sveik\u0105 aplink\u0105 savo augintiniams. Be to, prie priedo galite prijungti skys\u010dio lygio jutikl\u012f ir visada \u012fsitikinkite, kad vandens lygis yra optimaliame lygyje.<\/p>\n<p>Valdykite savo ap\u0161vietim\u0105 pagal \u0161viesum\u0105 \u2013 kartu su LDR (fotorezistoriumi), \u201eShelly Plus\u201c priedas gali suaktyvinti \u201eShelly Plus 2PM\u201c, kad atidaryt\u0173 \u017ealiuzes, kai kambaryje per tamsu ir vis dar diena. Be to, kai \u0161viesumas yra ma\u017eas, \u201eShelly Plus Add-on\u201c gali suaktyvinti \u201eShelly Plus 1\u201c, kad \u012fjungt\u0173 \u0161viesas tinkamu laiku.<\/p>\n<p>Tentas, kuris seka or\u0105 &#8211; Lauko motorin\u0117s markiz\u0117s suteikia malon\u0173 pav\u0117s\u012f j\u016bs\u0173 sve\u010diams saul\u0117tomis dienomis. Ta\u010diau stiprus, nepaprastas v\u0117jas gali juos nepataisomai sugadinti. Sujungus j\u012f su v\u0117jo jutikliu, prijungtu prie \u201eShelly Plus Add-on\u201c, \u201eShelly Plus 2PM\u201c gali automati\u0161kai u\u017edaryti i\u0161orin\u0119 markiz\u0119, kad apsaugot\u0173 jas nuo v\u0117jo. Be to, \u201eShelly Plus\u201c priedas su lietaus jutikliu gali suaktyvinti \u201eShelly Plus 2PM\u201c, kad atidaryt\u0173 tent\u0105 tinkamu laiku ir apsaugot\u0173 j\u016bs\u0173 sve\u010dius.<\/p>\n<p>Laistymas tik tada, kai reikia \u2013 tur\u0117ti gra\u017e\u0173 sod\u0105 n\u0117ra lengva u\u017eduotis, o laistymo sistemos automatizavimas gali sutaupyti laiko ir optimizuoti i\u0161laidas. Kartu su dirvo\u017eemio dr\u0117gm\u0117s jutikliu \u201eShelly Plus Add-on\u201c gali suaktyvinti \u201eShelly Plus 1\u201c, kad laistymas b\u016bt\u0173 \u012fjungtas tik tada, kai reikia, visada praleid\u017eiant lietingas dienas.<\/p>\n<p>Judesiais valdomi \u0161viestuvai \u2013 \u201eShelly Plus Add-on\u201c taip pat galima prijungti prie PIR jutiklio, kad ap\u0161viestum\u0117te kambarius, kuriuos retkar\u010diais naudojate namuose. Taip \u012f\u0117jus \u012f patalp\u0105 \u0161viesa degs tiek, kiek reik\u0117s.<\/p>\n<p><strong>Palaikomi jutikliai<\/strong><\/p>\n<ul>\n<li>Iki 5 DS18B20<\/li>\n<li>Vienvietis DHT22<\/li>\n<li>NTC rezistoriai, kuri\u0173 vardin\u0117 var\u017ea 10 k\u03a9 ir \u03b2=4000 K<\/li>\n<li>Fotorezistoriai<\/li>\n<li>PIR jutikliai<\/li>\n<li>Dirvo\u017eemio dr\u0117gm\u0117s jutikliai<\/li>\n<li>Ultragarsiniai artumo jutikliai<\/li>\n<li>Talpiniai skys\u010dio lygio jutikliai<\/li>\n<li>Garso detektoriai<\/li>\n<li>Kiti analoginiai jutikliai nuo 0 iki 10 V i\u0161\u0117jimo \u012ftampa<\/li>\n<\/ul>\n<p><img loading=\"lazy\" decoding=\"async\" class=\"alignnone size-large wp-image-29463\" src=\"https:\/\/improveit.lt\/wp-content\/uploads\/2023\/01\/761a5efa80283b88918e44d69a3efce5_image-1024x611.png\" alt=\"Shelly Plus Add-on\" width=\"1024\" height=\"611\" \/><img loading=\"lazy\" decoding=\"async\" class=\"alignnone size-large wp-image-29464\" src=\"https:\/\/improveit.lt\/wp-content\/uploads\/2023\/01\/5243-1024x520.jpg\" alt=\"Shelly Plus Add-on\" width=\"1024\" height=\"520\" \/><img loading=\"lazy\" decoding=\"async\" class=\"alignnone size-large wp-image-29465\" src=\"https:\/\/improveit.lt\/wp-content\/uploads\/2023\/01\/aquarium-2160x1451-1-1024x688.jpg\" alt=\"Shelly Plus Add-on\" width=\"1024\" height=\"688\" \/><img loading=\"lazy\" decoding=\"async\" class=\"alignnone size-large wp-image-29466\" src=\"https:\/\/improveit.lt\/wp-content\/uploads\/2023\/01\/boiler_addon-2160x1215-1-1024x576.jpg\" alt=\"Shelly Plus Add-on\" width=\"1024\" height=\"576\" \/><img loading=\"lazy\" decoding=\"async\" class=\"alignnone size-full wp-image-29467\" src=\"https:\/\/improveit.lt\/wp-content\/uploads\/2023\/01\/Door_opening-820x550-1.jpg\" alt=\"Shelly Plus Add-on\" width=\"820\" height=\"550\" \/><img loading=\"lazy\" decoding=\"async\" class=\"alignnone size-full wp-image-29469\" src=\"https:\/\/improveit.lt\/wp-content\/uploads\/2023\/01\/Shtora_2-820x550-1.jpg\" alt=\"Shelly Plus Add-on\" width=\"820\" height=\"550\" \/>[\/vc_column_text][\/vc_column][\/vc_row]<\/p>\n<\/section>","protected":false},"excerpt":{"rendered":"<p>[vc_row][vc_column][vc_column_text woodmart_inline=&#8221;no&#8221; text_larger=&#8221;no&#8221;]Shelly Plus Add-on yra galvani\u0161kai izoliuota jutiklio s\u0105saja visoms \u201eShelly Plus\u201c rel\u0117ms. Naudokite j\u012f temperat\u016brai ir dr\u0117gmei matuoti<\/p>\n","protected":false},"featured_media":2659,"template":"","meta":[],"product_cat":[299],"product_tag":[41,200],"class_list":{"0":"post-2667","1":"product","2":"type-product","3":"status-publish","4":"has-post-thumbnail","6":"product_cat-priedai","7":"product_tag-shelly","8":"product_tag-shelly-plus","10":"first","11":"instock","12":"taxable","13":"shipping-taxable","14":"purchasable","15":"product-type-simple"},"yoast_head":"<!-- This site is optimized with the Yoast SEO plugin v20.12 - https:\/\/yoast.com\/wordpress\/plugins\/seo\/ -->\n<title>Shelly Plus ADD-ON - shelly.lv<\/title>\n<meta name=\"robots\" content=\"index, follow, max-snippet:-1, max-image-preview:large, max-video-preview:-1\" \/>\n<link rel=\"canonical\" href=\"https:\/\/shelly.lv\/lt\/shop\/priedai\/shelly-plus-add-on\/\" \/>\n<meta property=\"og:locale\" content=\"lt_LT\" \/>\n<meta property=\"og:type\" content=\"article\" \/>\n<meta property=\"og:title\" content=\"Shelly Plus ADD-ON - shelly.lv\" \/>\n<meta property=\"og:description\" content=\"[vc_row][vc_column][vc_column_text woodmart_inline=&#8221;no&#8221; text_larger=&#8221;no&#8221;]Shelly Plus Add-on yra galvani\u0161kai izoliuota jutiklio s\u0105saja visoms \u201eShelly Plus\u201c rel\u0117ms. Naudokite j\u012f temperat\u016brai ir dr\u0117gmei matuoti\" \/>\n<meta property=\"og:url\" content=\"https:\/\/shelly.lv\/lt\/shop\/priedai\/shelly-plus-add-on\/\" \/>\n<meta property=\"og:site_name\" content=\"shelly.lv\" \/>\n<meta property=\"article:modified_time\" content=\"2026-04-30T13:13:29+00:00\" \/>\n<meta property=\"og:image\" content=\"http:\/\/shelly.lv\/wp-content\/uploads\/2023\/10\/shelly-plus-addon.jpg\" \/>\n\t<meta property=\"og:image:width\" content=\"700\" \/>\n\t<meta property=\"og:image:height\" content=\"800\" \/>\n\t<meta property=\"og:image:type\" content=\"image\/jpeg\" \/>\n<meta name=\"twitter:card\" content=\"summary_large_image\" \/>\n<meta name=\"twitter:label1\" content=\"Est. reading time\" \/>\n\t<meta name=\"twitter:data1\" content=\"4 minut\u0117s\" \/>\n<script type=\"application\/ld+json\" class=\"yoast-schema-graph\">{\"@context\":\"https:\/\/schema.org\",\"@graph\":[{\"@type\":\"WebPage\",\"@id\":\"https:\/\/shelly.lv\/lt\/shop\/priedai\/shelly-plus-add-on\/\",\"url\":\"https:\/\/shelly.lv\/lt\/shop\/priedai\/shelly-plus-add-on\/\",\"name\":\"Shelly Plus ADD-ON - shelly.lv\",\"isPartOf\":{\"@id\":\"https:\/\/shelly.lv\/lt\/#website\"},\"datePublished\":\"2023-01-11T14:07:37+00:00\",\"dateModified\":\"2026-04-30T13:13:29+00:00\",\"breadcrumb\":{\"@id\":\"https:\/\/shelly.lv\/lt\/shop\/priedai\/shelly-plus-add-on\/#breadcrumb\"},\"inLanguage\":\"lt-LT\",\"potentialAction\":[{\"@type\":\"ReadAction\",\"target\":[\"https:\/\/shelly.lv\/lt\/shop\/priedai\/shelly-plus-add-on\/\"]}]},{\"@type\":\"BreadcrumbList\",\"@id\":\"https:\/\/shelly.lv\/lt\/shop\/priedai\/shelly-plus-add-on\/#breadcrumb\",\"itemListElement\":[{\"@type\":\"ListItem\",\"position\":1,\"name\":\"Home\",\"item\":\"https:\/\/shelly.lv\/lt\/\"},{\"@type\":\"ListItem\",\"position\":2,\"name\":\"Parduotuv\u0117\",\"item\":\"https:\/\/shelly.lv\/lt\/shop\/\"},{\"@type\":\"ListItem\",\"position\":3,\"name\":\"Shelly Plus ADD-ON\"}]},{\"@type\":\"WebSite\",\"@id\":\"https:\/\/shelly.lv\/lt\/#website\",\"url\":\"https:\/\/shelly.lv\/lt\/\",\"name\":\"Shelly.lv\",\"description\":\"Shelly Latvia\",\"publisher\":{\"@id\":\"https:\/\/shelly.lv\/lt\/#organization\"},\"potentialAction\":[{\"@type\":\"SearchAction\",\"target\":{\"@type\":\"EntryPoint\",\"urlTemplate\":\"https:\/\/shelly.lv\/lt\/?s={search_term_string}\"},\"query-input\":\"required name=search_term_string\"}],\"inLanguage\":\"lt-LT\"},{\"@type\":\"Organization\",\"@id\":\"https:\/\/shelly.lv\/lt\/#organization\",\"name\":\"Shelly.lv\",\"url\":\"https:\/\/shelly.lv\/lt\/\",\"logo\":{\"@type\":\"ImageObject\",\"inLanguage\":\"lt-LT\",\"@id\":\"https:\/\/shelly.lv\/lt\/#\/schema\/logo\/image\/\",\"url\":\"https:\/\/shelly.lv\/wp-content\/uploads\/2023\/07\/Asset-3.png\",\"contentUrl\":\"https:\/\/shelly.lv\/wp-content\/uploads\/2023\/07\/Asset-3.png\",\"width\":861,\"height\":240,\"caption\":\"Shelly.lv\"},\"image\":{\"@id\":\"https:\/\/shelly.lv\/lt\/#\/schema\/logo\/image\/\"}}]}<\/script>\n<!-- \/ Yoast SEO plugin. -->","yoast_head_json":{"title":"Shelly Plus ADD-ON - shelly.lv","robots":{"index":"index","follow":"follow","max-snippet":"max-snippet:-1","max-image-preview":"max-image-preview:large","max-video-preview":"max-video-preview:-1"},"canonical":"https:\/\/shelly.lv\/lt\/shop\/priedai\/shelly-plus-add-on\/","og_locale":"lt_LT","og_type":"article","og_title":"Shelly Plus ADD-ON - shelly.lv","og_description":"[vc_row][vc_column][vc_column_text woodmart_inline=&#8221;no&#8221; text_larger=&#8221;no&#8221;]Shelly Plus Add-on yra galvani\u0161kai izoliuota jutiklio s\u0105saja visoms \u201eShelly Plus\u201c rel\u0117ms. Naudokite j\u012f temperat\u016brai ir dr\u0117gmei matuoti","og_url":"https:\/\/shelly.lv\/lt\/shop\/priedai\/shelly-plus-add-on\/","og_site_name":"shelly.lv","article_modified_time":"2026-04-30T13:13:29+00:00","og_image":[{"width":700,"height":800,"url":"http:\/\/shelly.lv\/wp-content\/uploads\/2023\/10\/shelly-plus-addon.jpg","type":"image\/jpeg"}],"twitter_card":"summary_large_image","twitter_misc":{"Est. reading time":"4 minut\u0117s"},"schema":{"@context":"https:\/\/schema.org","@graph":[{"@type":"WebPage","@id":"https:\/\/shelly.lv\/lt\/shop\/priedai\/shelly-plus-add-on\/","url":"https:\/\/shelly.lv\/lt\/shop\/priedai\/shelly-plus-add-on\/","name":"Shelly Plus ADD-ON - shelly.lv","isPartOf":{"@id":"https:\/\/shelly.lv\/lt\/#website"},"datePublished":"2023-01-11T14:07:37+00:00","dateModified":"2026-04-30T13:13:29+00:00","breadcrumb":{"@id":"https:\/\/shelly.lv\/lt\/shop\/priedai\/shelly-plus-add-on\/#breadcrumb"},"inLanguage":"lt-LT","potentialAction":[{"@type":"ReadAction","target":["https:\/\/shelly.lv\/lt\/shop\/priedai\/shelly-plus-add-on\/"]}]},{"@type":"BreadcrumbList","@id":"https:\/\/shelly.lv\/lt\/shop\/priedai\/shelly-plus-add-on\/#breadcrumb","itemListElement":[{"@type":"ListItem","position":1,"name":"Home","item":"https:\/\/shelly.lv\/lt\/"},{"@type":"ListItem","position":2,"name":"Parduotuv\u0117","item":"https:\/\/shelly.lv\/lt\/shop\/"},{"@type":"ListItem","position":3,"name":"Shelly Plus ADD-ON"}]},{"@type":"WebSite","@id":"https:\/\/shelly.lv\/lt\/#website","url":"https:\/\/shelly.lv\/lt\/","name":"Shelly.lv","description":"Shelly Latvia","publisher":{"@id":"https:\/\/shelly.lv\/lt\/#organization"},"potentialAction":[{"@type":"SearchAction","target":{"@type":"EntryPoint","urlTemplate":"https:\/\/shelly.lv\/lt\/?s={search_term_string}"},"query-input":"required name=search_term_string"}],"inLanguage":"lt-LT"},{"@type":"Organization","@id":"https:\/\/shelly.lv\/lt\/#organization","name":"Shelly.lv","url":"https:\/\/shelly.lv\/lt\/","logo":{"@type":"ImageObject","inLanguage":"lt-LT","@id":"https:\/\/shelly.lv\/lt\/#\/schema\/logo\/image\/","url":"https:\/\/shelly.lv\/wp-content\/uploads\/2023\/07\/Asset-3.png","contentUrl":"https:\/\/shelly.lv\/wp-content\/uploads\/2023\/07\/Asset-3.png","width":861,"height":240,"caption":"Shelly.lv"},"image":{"@id":"https:\/\/shelly.lv\/lt\/#\/schema\/logo\/image\/"}}]}},"_links":{"self":[{"href":"https:\/\/shelly.lv\/lt\/wp-json\/wp\/v2\/product\/2667","targetHints":{"allow":["GET"]}}],"collection":[{"href":"https:\/\/shelly.lv\/lt\/wp-json\/wp\/v2\/product"}],"about":[{"href":"https:\/\/shelly.lv\/lt\/wp-json\/wp\/v2\/types\/product"}],"wp:featuredmedia":[{"embeddable":true,"href":"https:\/\/shelly.lv\/lt\/wp-json\/wp\/v2\/media\/2659"}],"wp:attachment":[{"href":"https:\/\/shelly.lv\/lt\/wp-json\/wp\/v2\/media?parent=2667"}],"wp:term":[{"taxonomy":"product_cat","embeddable":true,"href":"https:\/\/shelly.lv\/lt\/wp-json\/wp\/v2\/product_cat?post=2667"},{"taxonomy":"product_tag","embeddable":true,"href":"https:\/\/shelly.lv\/lt\/wp-json\/wp\/v2\/product_tag?post=2667"}],"curies":[{"name":"wp","href":"https:\/\/api.w.org\/{rel}","templated":true}]}}