{"id":2706,"date":"2022-10-08T17:09:30","date_gmt":"2022-10-08T14:09:30","guid":{"rendered":"https:\/\/shelly.lv\/veikals\/uncategorized\/shelly-plus-i4-dc\/"},"modified":"2026-05-04T11:32:28","modified_gmt":"2026-05-04T08:32:28","slug":"shelly-plus-i4-dc","status":"publish","type":"product","link":"https:\/\/shelly.lv\/lt\/shop\/plus-serija-lt\/shelly-plus-i4-dc\/","title":{"rendered":"Shelly Plus i4 DC"},"content":{"rendered":"<section class=\"wpb-content-wrapper\"><p>[vc_row][vc_column]\n\t\t<div id=\"wd-634186015716e\" class=\"title-wrapper wd-wpb set-mb-s reset-last-child  wd-rs-634186015716e wd-title-color-default wd-title-style-default text-center vc_custom_1665238537031 wd-underline-colored\">\n\t\t\t\n\t\t\t<div class=\"liner-continer\">\n\t\t\t\t<h4 class=\"woodmart-title-container title  wd-font-weight-600 wd-fontsize-l\" >Shelly Plus i4 DC<\/h4>\n\t\t\t\t\t\t\t<\/div>\n\t\t\t\n\t\t\t\n\t\t\t\n\t\t<\/div>\n\t\t\n\t\t[vc_column_text woodmart_inline=&#8221;no&#8221; text_larger=&#8221;no&#8221;]WiFi valdomas nuolatin\u0117s srov\u0117s 4 skaitmenini\u0173 \u012f\u0117jim\u0173 valdiklis, skirtas geresniam veiksm\u0173 valdymui.<\/p>\n<p>\u201eShelly Plus i4 DC\u201c leid\u017eia rankiniu b\u016bdu \u012fjungti arba i\u0161jungti bet kuri\u0105 sukurt\u0105 scen\u0105, vykdyti sinchronizuotus veiksmus arba vykdyti sud\u0117tingus paleidimo scenarijus. Patobulintas itin greitu procesoriumi. \u201eShelly Plus i4 DC\u201c i\u0161 karto lieps vykdyti ir prane\u0161ti apie \u012fvairius veiksmus.<\/p>\n<p>Galite naudoti Shelly Plus i4 DC valdyti kitas prijungtas Shelly reles, jutiklius arba HTTP ir MQTT valdomus \u012frenginius. Pakankamai ma\u017eas, kad tilpt\u0173 u\u017e kiekvieno sieninio jungiklio, \u201eShelly Plus i4 DC\u201c gali valdyti keturi\u0173 \u012f\u0117jim\u0173 veiksmus.<\/p>\n<p>\u201eShelly Plus\u201c serijos \u012frenginiuose yra itin greitas procesorius, greitesnis ry\u0161ys, patobulinta integracija ir padidinta sauga! Dabar galite lengvai prid\u0117ti \u012frenginius naudodami \u201eBluetooth\u201c ry\u0161\u012f naudodami \u201eShelly Cloud App\u201c.<\/p>\n<p>\u201eShelly Plus\u201c linija palaiko TLS \u0161ifravim\u0105 ir turi patobulint\u0105 apvalkal\u0105 standartizuotam i\u0161orini\u0173 jutikli\u0173 pried\u0173 palaikymui.<\/p>\n<p>Iki 12 galim\u0173 veiksm\u0173. Valdykite \u0161viesas, u\u017edarykite \u017ealiuzes, i\u0161junkite lizdus. Paleiskite bet kur\u012f pageidaujam\u0105 \u201eShelly\u201c \u012frengin\u012f ir scenas.<\/p>\n<p><strong>Bluetooth<\/strong><br \/>\nGreitai ir lengvai prid\u0117kite \u012frenginius naudodami \u201eBluetooth\u201c ry\u0161\u012f, naudodami \u201eShelly Cloud\u201c program\u0105.<\/p>\n<p><strong>Veikia su WiFi<\/strong><br \/>\nPrijunkite \u201eShelly Plus i4\u201c DC prie \u201eWi-Fi\u201c tinklo. HUB central\u0117s nereikia.<\/p>\n<p><strong>Patobulinta API s\u0105saja<\/strong><br \/>\nPlatus debes\u0173 jung\u010di\u0173 ir vietini\u0173 integracij\u0173 spektras su daug ma\u017eesn\u0117mis integravimo i\u0161laidomis.<\/p>\n<p><img loading=\"lazy\" decoding=\"async\" class=\"alignnone size-large wp-image-27151\" src=\"https:\/\/improveit.lt\/wp-content\/uploads\/2022\/10\/Shelly_i4DC-table-scene-1-1200x1200-1200x1200-1-1024x1024.jpg\" alt=\"shelly plus i4 dc\" width=\"1024\" height=\"1024\" \/>[\/vc_column_text][\/vc_column][\/vc_row]<\/p>\n<\/section>","protected":false},"excerpt":{"rendered":"<p>[vc_row][vc_column][vc_column_text woodmart_inline=&#8221;no&#8221; text_larger=&#8221;no&#8221;]WiFi valdomas nuolatin\u0117s srov\u0117s 4 skaitmenini\u0173 \u012f\u0117jim\u0173 valdiklis, skirtas geresniam veiksm\u0173 valdymui. \u201eShelly Plus i4 DC\u201c leid\u017eia rankiniu<\/p>\n","protected":false},"featured_media":2696,"template":"","meta":[],"product_cat":[296,297],"product_tag":[41,200,249],"class_list":{"0":"post-2706","1":"product","2":"type-product","3":"status-publish","4":"has-post-thumbnail","6":"product_cat-plus-serija-lt","7":"product_cat-ismaniosios-reles","8":"product_tag-shelly","9":"product_tag-shelly-plus","10":"product_tag-shelly-plus-i4-dc","12":"first","13":"instock","14":"sale","15":"taxable","16":"shipping-taxable","17":"purchasable","18":"product-type-simple"},"yoast_head":"<!-- This site is optimized with the Yoast SEO plugin v20.12 - https:\/\/yoast.com\/wordpress\/plugins\/seo\/ -->\n<title>Shelly Plus i4 DC - shelly.lv<\/title>\n<meta name=\"robots\" content=\"index, follow, max-snippet:-1, max-image-preview:large, max-video-preview:-1\" \/>\n<link rel=\"canonical\" href=\"https:\/\/shelly.lv\/lt\/shop\/plus-serija-lt\/shelly-plus-i4-dc\/\" \/>\n<meta property=\"og:locale\" content=\"lt_LT\" \/>\n<meta property=\"og:type\" content=\"article\" \/>\n<meta property=\"og:title\" content=\"Shelly Plus i4 DC - shelly.lv\" \/>\n<meta property=\"og:description\" content=\"[vc_row][vc_column][vc_column_text woodmart_inline=&#8221;no&#8221; text_larger=&#8221;no&#8221;]WiFi valdomas nuolatin\u0117s srov\u0117s 4 skaitmenini\u0173 \u012f\u0117jim\u0173 valdiklis, skirtas geresniam veiksm\u0173 valdymui. \u201eShelly Plus i4 DC\u201c leid\u017eia rankiniu\" \/>\n<meta property=\"og:url\" content=\"https:\/\/shelly.lv\/lt\/shop\/plus-serija-lt\/shelly-plus-i4-dc\/\" \/>\n<meta property=\"og:site_name\" content=\"shelly.lv\" \/>\n<meta property=\"article:modified_time\" content=\"2026-05-04T08:32:28+00:00\" \/>\n<meta property=\"og:image\" content=\"http:\/\/shelly.lv\/wp-content\/uploads\/2023\/10\/Shelly_i4DC_x1-1200x1200-1200x1200-1200x1200-1.jpg\" \/>\n\t<meta property=\"og:image:width\" content=\"1200\" \/>\n\t<meta property=\"og:image:height\" content=\"1200\" \/>\n\t<meta property=\"og:image:type\" content=\"image\/jpeg\" \/>\n<meta name=\"twitter:card\" content=\"summary_large_image\" \/>\n<meta name=\"twitter:label1\" content=\"Est. reading time\" \/>\n\t<meta name=\"twitter:data1\" content=\"2 minut\u0117s\" \/>\n<script type=\"application\/ld+json\" class=\"yoast-schema-graph\">{\"@context\":\"https:\/\/schema.org\",\"@graph\":[{\"@type\":\"WebPage\",\"@id\":\"https:\/\/shelly.lv\/lt\/shop\/plus-serija-lt\/shelly-plus-i4-dc\/\",\"url\":\"https:\/\/shelly.lv\/lt\/shop\/plus-serija-lt\/shelly-plus-i4-dc\/\",\"name\":\"Shelly Plus i4 DC - shelly.lv\",\"isPartOf\":{\"@id\":\"https:\/\/shelly.lv\/lt\/#website\"},\"datePublished\":\"2022-10-08T14:09:30+00:00\",\"dateModified\":\"2026-05-04T08:32:28+00:00\",\"breadcrumb\":{\"@id\":\"https:\/\/shelly.lv\/lt\/shop\/plus-serija-lt\/shelly-plus-i4-dc\/#breadcrumb\"},\"inLanguage\":\"lt-LT\",\"potentialAction\":[{\"@type\":\"ReadAction\",\"target\":[\"https:\/\/shelly.lv\/lt\/shop\/plus-serija-lt\/shelly-plus-i4-dc\/\"]}]},{\"@type\":\"BreadcrumbList\",\"@id\":\"https:\/\/shelly.lv\/lt\/shop\/plus-serija-lt\/shelly-plus-i4-dc\/#breadcrumb\",\"itemListElement\":[{\"@type\":\"ListItem\",\"position\":1,\"name\":\"Home\",\"item\":\"https:\/\/shelly.lv\/lt\/\"},{\"@type\":\"ListItem\",\"position\":2,\"name\":\"Parduotuv\u0117\",\"item\":\"https:\/\/shelly.lv\/lt\/shop\/\"},{\"@type\":\"ListItem\",\"position\":3,\"name\":\"Shelly Plus i4 DC\"}]},{\"@type\":\"WebSite\",\"@id\":\"https:\/\/shelly.lv\/lt\/#website\",\"url\":\"https:\/\/shelly.lv\/lt\/\",\"name\":\"Shelly.lv\",\"description\":\"Shelly Latvia\",\"publisher\":{\"@id\":\"https:\/\/shelly.lv\/lt\/#organization\"},\"potentialAction\":[{\"@type\":\"SearchAction\",\"target\":{\"@type\":\"EntryPoint\",\"urlTemplate\":\"https:\/\/shelly.lv\/lt\/?s={search_term_string}\"},\"query-input\":\"required name=search_term_string\"}],\"inLanguage\":\"lt-LT\"},{\"@type\":\"Organization\",\"@id\":\"https:\/\/shelly.lv\/lt\/#organization\",\"name\":\"Shelly.lv\",\"url\":\"https:\/\/shelly.lv\/lt\/\",\"logo\":{\"@type\":\"ImageObject\",\"inLanguage\":\"lt-LT\",\"@id\":\"https:\/\/shelly.lv\/lt\/#\/schema\/logo\/image\/\",\"url\":\"https:\/\/shelly.lv\/wp-content\/uploads\/2023\/07\/Asset-3.png\",\"contentUrl\":\"https:\/\/shelly.lv\/wp-content\/uploads\/2023\/07\/Asset-3.png\",\"width\":861,\"height\":240,\"caption\":\"Shelly.lv\"},\"image\":{\"@id\":\"https:\/\/shelly.lv\/lt\/#\/schema\/logo\/image\/\"}}]}<\/script>\n<!-- \/ Yoast SEO plugin. -->","yoast_head_json":{"title":"Shelly Plus i4 DC - shelly.lv","robots":{"index":"index","follow":"follow","max-snippet":"max-snippet:-1","max-image-preview":"max-image-preview:large","max-video-preview":"max-video-preview:-1"},"canonical":"https:\/\/shelly.lv\/lt\/shop\/plus-serija-lt\/shelly-plus-i4-dc\/","og_locale":"lt_LT","og_type":"article","og_title":"Shelly Plus i4 DC - shelly.lv","og_description":"[vc_row][vc_column][vc_column_text woodmart_inline=&#8221;no&#8221; text_larger=&#8221;no&#8221;]WiFi valdomas nuolatin\u0117s srov\u0117s 4 skaitmenini\u0173 \u012f\u0117jim\u0173 valdiklis, skirtas geresniam veiksm\u0173 valdymui. \u201eShelly Plus i4 DC\u201c leid\u017eia rankiniu","og_url":"https:\/\/shelly.lv\/lt\/shop\/plus-serija-lt\/shelly-plus-i4-dc\/","og_site_name":"shelly.lv","article_modified_time":"2026-05-04T08:32:28+00:00","og_image":[{"width":1200,"height":1200,"url":"http:\/\/shelly.lv\/wp-content\/uploads\/2023\/10\/Shelly_i4DC_x1-1200x1200-1200x1200-1200x1200-1.jpg","type":"image\/jpeg"}],"twitter_card":"summary_large_image","twitter_misc":{"Est. reading time":"2 minut\u0117s"},"schema":{"@context":"https:\/\/schema.org","@graph":[{"@type":"WebPage","@id":"https:\/\/shelly.lv\/lt\/shop\/plus-serija-lt\/shelly-plus-i4-dc\/","url":"https:\/\/shelly.lv\/lt\/shop\/plus-serija-lt\/shelly-plus-i4-dc\/","name":"Shelly Plus i4 DC - shelly.lv","isPartOf":{"@id":"https:\/\/shelly.lv\/lt\/#website"},"datePublished":"2022-10-08T14:09:30+00:00","dateModified":"2026-05-04T08:32:28+00:00","breadcrumb":{"@id":"https:\/\/shelly.lv\/lt\/shop\/plus-serija-lt\/shelly-plus-i4-dc\/#breadcrumb"},"inLanguage":"lt-LT","potentialAction":[{"@type":"ReadAction","target":["https:\/\/shelly.lv\/lt\/shop\/plus-serija-lt\/shelly-plus-i4-dc\/"]}]},{"@type":"BreadcrumbList","@id":"https:\/\/shelly.lv\/lt\/shop\/plus-serija-lt\/shelly-plus-i4-dc\/#breadcrumb","itemListElement":[{"@type":"ListItem","position":1,"name":"Home","item":"https:\/\/shelly.lv\/lt\/"},{"@type":"ListItem","position":2,"name":"Parduotuv\u0117","item":"https:\/\/shelly.lv\/lt\/shop\/"},{"@type":"ListItem","position":3,"name":"Shelly Plus i4 DC"}]},{"@type":"WebSite","@id":"https:\/\/shelly.lv\/lt\/#website","url":"https:\/\/shelly.lv\/lt\/","name":"Shelly.lv","description":"Shelly Latvia","publisher":{"@id":"https:\/\/shelly.lv\/lt\/#organization"},"potentialAction":[{"@type":"SearchAction","target":{"@type":"EntryPoint","urlTemplate":"https:\/\/shelly.lv\/lt\/?s={search_term_string}"},"query-input":"required name=search_term_string"}],"inLanguage":"lt-LT"},{"@type":"Organization","@id":"https:\/\/shelly.lv\/lt\/#organization","name":"Shelly.lv","url":"https:\/\/shelly.lv\/lt\/","logo":{"@type":"ImageObject","inLanguage":"lt-LT","@id":"https:\/\/shelly.lv\/lt\/#\/schema\/logo\/image\/","url":"https:\/\/shelly.lv\/wp-content\/uploads\/2023\/07\/Asset-3.png","contentUrl":"https:\/\/shelly.lv\/wp-content\/uploads\/2023\/07\/Asset-3.png","width":861,"height":240,"caption":"Shelly.lv"},"image":{"@id":"https:\/\/shelly.lv\/lt\/#\/schema\/logo\/image\/"}}]}},"_links":{"self":[{"href":"https:\/\/shelly.lv\/lt\/wp-json\/wp\/v2\/product\/2706","targetHints":{"allow":["GET"]}}],"collection":[{"href":"https:\/\/shelly.lv\/lt\/wp-json\/wp\/v2\/product"}],"about":[{"href":"https:\/\/shelly.lv\/lt\/wp-json\/wp\/v2\/types\/product"}],"wp:featuredmedia":[{"embeddable":true,"href":"https:\/\/shelly.lv\/lt\/wp-json\/wp\/v2\/media\/2696"}],"wp:attachment":[{"href":"https:\/\/shelly.lv\/lt\/wp-json\/wp\/v2\/media?parent=2706"}],"wp:term":[{"taxonomy":"product_cat","embeddable":true,"href":"https:\/\/shelly.lv\/lt\/wp-json\/wp\/v2\/product_cat?post=2706"},{"taxonomy":"product_tag","embeddable":true,"href":"https:\/\/shelly.lv\/lt\/wp-json\/wp\/v2\/product_tag?post=2706"}],"curies":[{"name":"wp","href":"https:\/\/api.w.org\/{rel}","templated":true}]}}