{"id":2782,"date":"2022-04-25T13:45:10","date_gmt":"2022-04-25T10:45:10","guid":{"rendered":"https:\/\/shelly.lv\/veikals\/uncategorized\/shelly-ws4-juodos-spalvos-4-mygtuku-jungiklis\/"},"modified":"2026-04-02T12:06:16","modified_gmt":"2026-04-02T09:06:16","slug":"shelly-wall-switch-4-juodas","status":"publish","type":"product","link":"https:\/\/shelly.lv\/lt\/shop\/jungikliai\/shelly-wall-switch-4-juodas\/","title":{"rendered":"Shelly Wall Switch 4 juodas"},"content":{"rendered":"<section class=\"wpb-content-wrapper\"><p>[vc_row content_placement=&#8221;top&#8221; css=&#8221;.vc_custom_1619544704606{margin-bottom: 8vh !important;}&#8221; mobile_bg_img_hidden=&#8221;no&#8221; tablet_bg_img_hidden=&#8221;no&#8221; woodmart_parallax=&#8221;0&#8243; woodmart_gradient_switch=&#8221;no&#8221; row_reverse_mobile=&#8221;0&#8243; row_reverse_tablet=&#8221;0&#8243; woodmart_disable_overflow=&#8221;0&#8243;][vc_column]\n\t\t<div id=\"wd-62667c5c8890c\" class=\"title-wrapper wd-wpb set-mb-s reset-last-child  wd-rs-62667c5c8890c wd-title-color-default wd-title-style-default text-left vc_custom_1650883683553 wd-underline-colored\">\n\t\t\t\n\t\t\t<div class=\"liner-continer\">\n\t\t\t\t<h4 class=\"woodmart-title-container title  wd-font-weight-600 wd-fontsize-l\" >Shelly WS4 24 kanal\u0173 jungiklis<\/h4>\n\t\t\t\t\t\t\t<\/div>\n\t\t\t\n\t\t\t\n\t\t\t\n\t\t<\/div>\n\t\t\n\t\t[vc_column_text text_larger=&#8221;no&#8221; woodmart_inline=&#8221;no&#8221;]Shelly WS4 4 mygtuk\u0173 jungiklio komplektacijoje yra pritvirtinamas rel\u0117s laikikliu, suderinamu su naujomis \u201eShelly Plus\u201c serijos rel\u0117mis. Shelly SW4 sieninis jungiklis i\u0161maniosioms rel\u0117ms gali tilpti \u012f bet kuri\u0105 esam\u0105 sienin\u0119 jungiklio konsol\u0119 ar net ma\u017eiausiose erdv\u0117se d\u0117l savo kompakti\u0161k\u0173 matmen\u0173 ir paprast\u0173 laid\u0173.<\/p>\n<ul>\n<li>Rel\u0117s laikiklis \u2013 \u201eShelly Plus\u201c serija<\/li>\n<li>Pasirinktinai \u2013 galima prijungti 2x Shelly 2.5 (reli\u0173 laikikliai neprideti)<\/li>\n<\/ul>\n<p>Jungiklis parduodamas atskirai be r\u0117melio. R\u0117melius galima \u012fsigyti 1,2 ar 3 viet\u0173.<\/p>\n<p>Jungikliai galimi 1,2 ir 4 klavi\u0161\u0173 (mygtum\u0173)[\/vc_column_text][vc_row_inner][vc_column_inner width=&#8221;1\/2&#8243;]\n\t\t<div id=\"wd-626677488d33e\" class=\"title-wrapper wd-wpb set-mb-s reset-last-child  wd-rs-626677488d33e wd-title-color-default wd-title-style-default text-left vc_custom_1650882383027 wd-width-enabled wd-underline-colored\" style=\"--wd-max-width: 90%;\">\n\t\t\t\n\t\t\t<div class=\"liner-continer\">\n\t\t\t\t<h4 class=\"woodmart-title-container title  wd-font-weight- wd-fontsize-xxl\" >Shelly WS2 specifikacija<\/h4>\n\t\t\t\t\t\t\t<\/div>\n\t\t\t\n\t\t\t\n\t\t\t\n\t\t<\/div>\n\t\t\n\t\t[vc_column_text el_class=&#8221;text-larger&#8221; text_larger=&#8221;no&#8221; woodmart_inline=&#8221;no&#8221;]<\/p>\n<table>\n<tbody>\n<tr>\n<th>Prek\u0117s \u017eenklas<\/th>\n<td style=\"text-align: right; font-size: 16px;\">Shelly<\/td>\n<\/tr>\n<tr>\n<th>Modelis<\/th>\n<td style=\"text-align: right; font-size: 16px;\">WS4<\/td>\n<\/tr>\n<tr>\n<th>Spalva<\/th>\n<td style=\"text-align: right; font-size: 16px;\">Juoda<\/td>\n<\/tr>\n<tr>\n<th>Mygtuk\u0173<\/th>\n<td style=\"text-align: right; font-size: 16px;\">4 mygtukai<\/td>\n<\/tr>\n<tr>\n<th>Suderinama su<\/th>\n<td style=\"text-align: right; font-size: 16px;\">Shelly Plus 1, Shelly Plus 1PM, Shelly i4<\/td>\n<\/tr>\n<tr>\n<th>I\u0161matavimai<\/th>\n<td style=\"text-align: right; font-size: 16px;\">80x80mm<\/td>\n<\/tr>\n<\/tbody>\n<\/table>\n<p>[\/vc_column_text]\t\t<div id=\"gallery_122\" class=\"wd-images-gallery wd-rs-62667e8ed3d28 wd-justify-center wd-items-middle view-grid photoswipe-images\" >\n\t\t\t<div class=\"gallery-images row wd-spacing-0\">\n\t\t\t\t\t\t\t\t\t\t\t\t\t\t\t<div class=\"wd-gallery-item col-lg-12 col-md-12 col-sm-12 col-12\">\n\t\t\t\t\t\t\t\t\t\t\t\t\t\t<a href=\"\" data-elementor-open-lightbox=\"no\" data-index=\"1\" data-width=\"\" data-height=\"\"  >\n\t\t\t\t\t\t\t\t\n\t\t\t\t\t\t\t\t\n\t\t\t\t\t\t\t\t\t\t\t\t\t\t\t<\/a>\n\t\t\t\t\t\t\t\t\t\t\t\t<\/div>\n\t\t\t\t\t\t\t\t\t\t\t<div class=\"wd-gallery-item col-lg-12 col-md-12 col-sm-12 col-12\">\n\t\t\t\t\t\t\t\t\t\t\t\t\t\t<a href=\"\" data-elementor-open-lightbox=\"no\" data-index=\"2\" data-width=\"\" data-height=\"\"  >\n\t\t\t\t\t\t\t\t\n\t\t\t\t\t\t\t\t\n\t\t\t\t\t\t\t\t\t\t\t\t\t\t\t<\/a>\n\t\t\t\t\t\t\t\t\t\t\t\t<\/div>\n\t\t\t\t\t\t\t\t\t\t\t<div class=\"wd-gallery-item col-lg-12 col-md-12 col-sm-12 col-12\">\n\t\t\t\t\t\t\t\t\t\t\t\t\t\t<a href=\"\" data-elementor-open-lightbox=\"no\" data-index=\"3\" data-width=\"\" data-height=\"\"  >\n\t\t\t\t\t\t\t\t\n\t\t\t\t\t\t\t\t\n\t\t\t\t\t\t\t\t\t\t\t\t\t\t\t<\/a>\n\t\t\t\t\t\t\t\t\t\t\t\t<\/div>\n\t\t\t\t\t\t\t\t\t\t\t<div class=\"wd-gallery-item col-lg-12 col-md-12 col-sm-12 col-12\">\n\t\t\t\t\t\t\t\t\t\t\t\t\t\t<a href=\"\" data-elementor-open-lightbox=\"no\" data-index=\"4\" data-width=\"\" data-height=\"\"  >\n\t\t\t\t\t\t\t\t\n\t\t\t\t\t\t\t\t\n\t\t\t\t\t\t\t\t\t\t\t\t\t\t\t<\/a>\n\t\t\t\t\t\t\t\t\t\t\t\t<\/div>\n\t\t\t\t\t\t\t\t\t\t\t<div class=\"wd-gallery-item col-lg-12 col-md-12 col-sm-12 col-12\">\n\t\t\t\t\t\t\t\t\t\t\t\t\t\t<a href=\"\" data-elementor-open-lightbox=\"no\" data-index=\"5\" data-width=\"\" data-height=\"\"  >\n\t\t\t\t\t\t\t\t\n\t\t\t\t\t\t\t\t\n\t\t\t\t\t\t\t\t\t\t\t\t\t\t\t<\/a>\n\t\t\t\t\t\t\t\t\t\t\t\t<\/div>\n\t\t\t\t\t\t\t\t\t\t\t<div class=\"wd-gallery-item col-lg-12 col-md-12 col-sm-12 col-12\">\n\t\t\t\t\t\t\t\t\t\t\t\t\t\t<a href=\"\" data-elementor-open-lightbox=\"no\" data-index=\"6\" data-width=\"\" data-height=\"\"  >\n\t\t\t\t\t\t\t\t\n\t\t\t\t\t\t\t\t\n\t\t\t\t\t\t\t\t\t\t\t\t\t\t\t<\/a>\n\t\t\t\t\t\t\t\t\t\t\t\t<\/div>\n\t\t\t\t\t\t\t\t\t\t\t<div class=\"wd-gallery-item col-lg-12 col-md-12 col-sm-12 col-12\">\n\t\t\t\t\t\t\t\t\t\t\t\t\t\t<a href=\"\" data-elementor-open-lightbox=\"no\" data-index=\"7\" data-width=\"\" data-height=\"\"  >\n\t\t\t\t\t\t\t\t\n\t\t\t\t\t\t\t\t\n\t\t\t\t\t\t\t\t\t\t\t\t\t\t\t<\/a>\n\t\t\t\t\t\t\t\t\t\t\t\t<\/div>\n\t\t\t\t\t\t\t\t\t\t\t\t<\/div>\n\t\t<\/div>\n\t\t\t\t[\/vc_column_inner][vc_column_inner width=&#8221;1\/2&#8243;][\/vc_column_inner][\/vc_row_inner][vc_single_image image=&#8221;24731&#8243; img_size=&#8221;full&#8221; alignment=&#8221;center&#8221; title=&#8221;Suderinamumas su Shelly&#8221; parallax_scroll=&#8221;no&#8221; woodmart_inline=&#8221;no&#8221;][\/vc_column][\/vc_row]<\/p>\n<\/section>","protected":false},"excerpt":{"rendered":"<p>[vc_row content_placement=&#8221;top&#8221; css=&#8221;.vc_custom_1619544704606{margin-bottom: 8vh !important;}&#8221; mobile_bg_img_hidden=&#8221;no&#8221; tablet_bg_img_hidden=&#8221;no&#8221; woodmart_parallax=&#8221;0&#8243; woodmart_gradient_switch=&#8221;no&#8221; row_reverse_mobile=&#8221;0&#8243; row_reverse_tablet=&#8221;0&#8243; woodmart_disable_overflow=&#8221;0&#8243;][vc_column][vc_column_text text_larger=&#8221;no&#8221; woodmart_inline=&#8221;no&#8221;]Shelly WS4 4 mygtuk\u0173 jungiklio komplektacijoje yra<\/p>\n","protected":false},"featured_media":2774,"template":"","meta":[],"product_cat":[300],"product_tag":[191,41],"class_list":{"0":"post-2782","1":"product","2":"type-product","3":"status-publish","4":"has-post-thumbnail","6":"product_cat-jungikliai","7":"product_tag-jungikliai","8":"product_tag-shelly","10":"first","11":"instock","12":"taxable","13":"shipping-taxable","14":"purchasable","15":"product-type-simple"},"yoast_head":"<!-- This site is optimized with the Yoast SEO plugin v20.12 - https:\/\/yoast.com\/wordpress\/plugins\/seo\/ -->\n<title>Shelly Wall Switch 4 juodas - shelly.lv<\/title>\n<meta name=\"robots\" content=\"index, follow, max-snippet:-1, max-image-preview:large, max-video-preview:-1\" \/>\n<link rel=\"canonical\" href=\"https:\/\/shelly.lv\/lt\/shop\/jungikliai\/shelly-wall-switch-4-juodas\/\" \/>\n<meta property=\"og:locale\" content=\"lt_LT\" \/>\n<meta property=\"og:type\" content=\"article\" \/>\n<meta property=\"og:title\" content=\"Shelly Wall Switch 4 juodas - shelly.lv\" \/>\n<meta property=\"og:description\" content=\"[vc_row content_placement=&#8221;top&#8221; css=&#8221;.vc_custom_1619544704606{margin-bottom: 8vh !important;}&#8221; mobile_bg_img_hidden=&#8221;no&#8221; tablet_bg_img_hidden=&#8221;no&#8221; woodmart_parallax=&#8221;0&#8243; woodmart_gradient_switch=&#8221;no&#8221; row_reverse_mobile=&#8221;0&#8243; row_reverse_tablet=&#8221;0&#8243; woodmart_disable_overflow=&#8221;0&#8243;][vc_column][vc_column_text text_larger=&#8221;no&#8221; woodmart_inline=&#8221;no&#8221;]Shelly WS4 4 mygtuk\u0173 jungiklio komplektacijoje yra\" \/>\n<meta property=\"og:url\" content=\"https:\/\/shelly.lv\/lt\/shop\/jungikliai\/shelly-wall-switch-4-juodas\/\" \/>\n<meta property=\"og:site_name\" content=\"shelly.lv\" \/>\n<meta property=\"article:modified_time\" content=\"2026-04-02T09:06:16+00:00\" \/>\n<meta property=\"og:image\" content=\"http:\/\/shelly.lv\/wp-content\/uploads\/2023\/10\/buttonblack-x4-1000x1000-1.jpg\" \/>\n\t<meta property=\"og:image:width\" content=\"1000\" \/>\n\t<meta property=\"og:image:height\" content=\"1000\" \/>\n\t<meta property=\"og:image:type\" content=\"image\/jpeg\" \/>\n<meta name=\"twitter:card\" content=\"summary_large_image\" \/>\n<meta name=\"twitter:label1\" content=\"Est. reading time\" \/>\n\t<meta name=\"twitter:data1\" content=\"1 minut\u0117\" \/>\n<script type=\"application\/ld+json\" class=\"yoast-schema-graph\">{\"@context\":\"https:\/\/schema.org\",\"@graph\":[{\"@type\":\"WebPage\",\"@id\":\"https:\/\/shelly.lv\/lt\/shop\/jungikliai\/shelly-wall-switch-4-juodas\/\",\"url\":\"https:\/\/shelly.lv\/lt\/shop\/jungikliai\/shelly-wall-switch-4-juodas\/\",\"name\":\"Shelly Wall Switch 4 juodas - shelly.lv\",\"isPartOf\":{\"@id\":\"https:\/\/shelly.lv\/lt\/#website\"},\"datePublished\":\"2022-04-25T10:45:10+00:00\",\"dateModified\":\"2026-04-02T09:06:16+00:00\",\"breadcrumb\":{\"@id\":\"https:\/\/shelly.lv\/lt\/shop\/jungikliai\/shelly-wall-switch-4-juodas\/#breadcrumb\"},\"inLanguage\":\"lt-LT\",\"potentialAction\":[{\"@type\":\"ReadAction\",\"target\":[\"https:\/\/shelly.lv\/lt\/shop\/jungikliai\/shelly-wall-switch-4-juodas\/\"]}]},{\"@type\":\"BreadcrumbList\",\"@id\":\"https:\/\/shelly.lv\/lt\/shop\/jungikliai\/shelly-wall-switch-4-juodas\/#breadcrumb\",\"itemListElement\":[{\"@type\":\"ListItem\",\"position\":1,\"name\":\"Home\",\"item\":\"https:\/\/shelly.lv\/lt\/\"},{\"@type\":\"ListItem\",\"position\":2,\"name\":\"Parduotuv\u0117\",\"item\":\"https:\/\/shelly.lv\/lt\/shop\/\"},{\"@type\":\"ListItem\",\"position\":3,\"name\":\"Shelly Wall Switch 4 juodas\"}]},{\"@type\":\"WebSite\",\"@id\":\"https:\/\/shelly.lv\/lt\/#website\",\"url\":\"https:\/\/shelly.lv\/lt\/\",\"name\":\"Shelly.lv\",\"description\":\"Shelly Latvia\",\"publisher\":{\"@id\":\"https:\/\/shelly.lv\/lt\/#organization\"},\"potentialAction\":[{\"@type\":\"SearchAction\",\"target\":{\"@type\":\"EntryPoint\",\"urlTemplate\":\"https:\/\/shelly.lv\/lt\/?s={search_term_string}\"},\"query-input\":\"required name=search_term_string\"}],\"inLanguage\":\"lt-LT\"},{\"@type\":\"Organization\",\"@id\":\"https:\/\/shelly.lv\/lt\/#organization\",\"name\":\"Shelly.lv\",\"url\":\"https:\/\/shelly.lv\/lt\/\",\"logo\":{\"@type\":\"ImageObject\",\"inLanguage\":\"lt-LT\",\"@id\":\"https:\/\/shelly.lv\/lt\/#\/schema\/logo\/image\/\",\"url\":\"https:\/\/shelly.lv\/wp-content\/uploads\/2023\/07\/Asset-3.png\",\"contentUrl\":\"https:\/\/shelly.lv\/wp-content\/uploads\/2023\/07\/Asset-3.png\",\"width\":861,\"height\":240,\"caption\":\"Shelly.lv\"},\"image\":{\"@id\":\"https:\/\/shelly.lv\/lt\/#\/schema\/logo\/image\/\"}}]}<\/script>\n<!-- \/ Yoast SEO plugin. -->","yoast_head_json":{"title":"Shelly Wall Switch 4 juodas - shelly.lv","robots":{"index":"index","follow":"follow","max-snippet":"max-snippet:-1","max-image-preview":"max-image-preview:large","max-video-preview":"max-video-preview:-1"},"canonical":"https:\/\/shelly.lv\/lt\/shop\/jungikliai\/shelly-wall-switch-4-juodas\/","og_locale":"lt_LT","og_type":"article","og_title":"Shelly Wall Switch 4 juodas - shelly.lv","og_description":"[vc_row content_placement=&#8221;top&#8221; css=&#8221;.vc_custom_1619544704606{margin-bottom: 8vh !important;}&#8221; mobile_bg_img_hidden=&#8221;no&#8221; tablet_bg_img_hidden=&#8221;no&#8221; woodmart_parallax=&#8221;0&#8243; woodmart_gradient_switch=&#8221;no&#8221; row_reverse_mobile=&#8221;0&#8243; row_reverse_tablet=&#8221;0&#8243; woodmart_disable_overflow=&#8221;0&#8243;][vc_column][vc_column_text text_larger=&#8221;no&#8221; woodmart_inline=&#8221;no&#8221;]Shelly WS4 4 mygtuk\u0173 jungiklio komplektacijoje yra","og_url":"https:\/\/shelly.lv\/lt\/shop\/jungikliai\/shelly-wall-switch-4-juodas\/","og_site_name":"shelly.lv","article_modified_time":"2026-04-02T09:06:16+00:00","og_image":[{"width":1000,"height":1000,"url":"http:\/\/shelly.lv\/wp-content\/uploads\/2023\/10\/buttonblack-x4-1000x1000-1.jpg","type":"image\/jpeg"}],"twitter_card":"summary_large_image","twitter_misc":{"Est. reading time":"1 minut\u0117"},"schema":{"@context":"https:\/\/schema.org","@graph":[{"@type":"WebPage","@id":"https:\/\/shelly.lv\/lt\/shop\/jungikliai\/shelly-wall-switch-4-juodas\/","url":"https:\/\/shelly.lv\/lt\/shop\/jungikliai\/shelly-wall-switch-4-juodas\/","name":"Shelly Wall Switch 4 juodas - shelly.lv","isPartOf":{"@id":"https:\/\/shelly.lv\/lt\/#website"},"datePublished":"2022-04-25T10:45:10+00:00","dateModified":"2026-04-02T09:06:16+00:00","breadcrumb":{"@id":"https:\/\/shelly.lv\/lt\/shop\/jungikliai\/shelly-wall-switch-4-juodas\/#breadcrumb"},"inLanguage":"lt-LT","potentialAction":[{"@type":"ReadAction","target":["https:\/\/shelly.lv\/lt\/shop\/jungikliai\/shelly-wall-switch-4-juodas\/"]}]},{"@type":"BreadcrumbList","@id":"https:\/\/shelly.lv\/lt\/shop\/jungikliai\/shelly-wall-switch-4-juodas\/#breadcrumb","itemListElement":[{"@type":"ListItem","position":1,"name":"Home","item":"https:\/\/shelly.lv\/lt\/"},{"@type":"ListItem","position":2,"name":"Parduotuv\u0117","item":"https:\/\/shelly.lv\/lt\/shop\/"},{"@type":"ListItem","position":3,"name":"Shelly Wall Switch 4 juodas"}]},{"@type":"WebSite","@id":"https:\/\/shelly.lv\/lt\/#website","url":"https:\/\/shelly.lv\/lt\/","name":"Shelly.lv","description":"Shelly Latvia","publisher":{"@id":"https:\/\/shelly.lv\/lt\/#organization"},"potentialAction":[{"@type":"SearchAction","target":{"@type":"EntryPoint","urlTemplate":"https:\/\/shelly.lv\/lt\/?s={search_term_string}"},"query-input":"required name=search_term_string"}],"inLanguage":"lt-LT"},{"@type":"Organization","@id":"https:\/\/shelly.lv\/lt\/#organization","name":"Shelly.lv","url":"https:\/\/shelly.lv\/lt\/","logo":{"@type":"ImageObject","inLanguage":"lt-LT","@id":"https:\/\/shelly.lv\/lt\/#\/schema\/logo\/image\/","url":"https:\/\/shelly.lv\/wp-content\/uploads\/2023\/07\/Asset-3.png","contentUrl":"https:\/\/shelly.lv\/wp-content\/uploads\/2023\/07\/Asset-3.png","width":861,"height":240,"caption":"Shelly.lv"},"image":{"@id":"https:\/\/shelly.lv\/lt\/#\/schema\/logo\/image\/"}}]}},"_links":{"self":[{"href":"https:\/\/shelly.lv\/lt\/wp-json\/wp\/v2\/product\/2782","targetHints":{"allow":["GET"]}}],"collection":[{"href":"https:\/\/shelly.lv\/lt\/wp-json\/wp\/v2\/product"}],"about":[{"href":"https:\/\/shelly.lv\/lt\/wp-json\/wp\/v2\/types\/product"}],"wp:featuredmedia":[{"embeddable":true,"href":"https:\/\/shelly.lv\/lt\/wp-json\/wp\/v2\/media\/2774"}],"wp:attachment":[{"href":"https:\/\/shelly.lv\/lt\/wp-json\/wp\/v2\/media?parent=2782"}],"wp:term":[{"taxonomy":"product_cat","embeddable":true,"href":"https:\/\/shelly.lv\/lt\/wp-json\/wp\/v2\/product_cat?post=2782"},{"taxonomy":"product_tag","embeddable":true,"href":"https:\/\/shelly.lv\/lt\/wp-json\/wp\/v2\/product_tag?post=2782"}],"curies":[{"name":"wp","href":"https:\/\/api.w.org\/{rel}","templated":true}]}}