{"id":2814,"date":"2022-04-22T09:24:43","date_gmt":"2022-04-22T06:24:43","guid":{"rendered":"https:\/\/shelly.lv\/veikals\/uncategorized\/shelly-ws1-baltos-spalvos-1-mygtuko-jungiklis\/"},"modified":"2026-04-01T11:39:02","modified_gmt":"2026-04-01T08:39:02","slug":"shelly-wall-switch-1-baltas","status":"publish","type":"product","link":"https:\/\/shelly.lv\/lt\/shop\/jungikliai\/shelly-wall-switch-1-baltas\/","title":{"rendered":"Shelly Wall Switch 1 baltas"},"content":{"rendered":"<section class=\"wpb-content-wrapper\"><p>[vc_row content_placement=&#8221;top&#8221; css=&#8221;.vc_custom_1619544704606{margin-bottom: 8vh !important;}&#8221; mobile_bg_img_hidden=&#8221;no&#8221; tablet_bg_img_hidden=&#8221;no&#8221; woodmart_parallax=&#8221;0&#8243; woodmart_gradient_switch=&#8221;no&#8221; row_reverse_mobile=&#8221;0&#8243; row_reverse_tablet=&#8221;0&#8243; woodmart_disable_overflow=&#8221;0&#8243;][vc_column]\n\t\t<div id=\"wd-62624caaea668\" class=\"title-wrapper wd-wpb set-mb-s reset-last-child  wd-rs-62624caaea668 wd-title-color-default wd-title-style-default text-left vc_custom_1650609350181 wd-underline-colored\">\n\t\t\t\n\t\t\t<div class=\"liner-continer\">\n\t\t\t\t<h4 class=\"woodmart-title-container title  wd-font-weight-600 wd-fontsize-l\" >Shelly WS1 1 kanalo jungiklis<\/h4>\n\t\t\t\t\t\t\t<\/div>\n\t\t\t\n\t\t\t\n\t\t\t\n\t\t<\/div>\n\t\t\n\t\t[vc_column_text text_larger=&#8221;no&#8221; woodmart_inline=&#8221;no&#8221;]Shelly WS1 jungikliuose yra pritvirtinami reli\u0173 laikikliai, kad tilpt\u0173 bet kuri j\u016bs\u0173 rel\u0117 ma\u017eiausioje erdv\u0117je. Shelly Wall Switch WS1 skirtas i\u0161maniosioms rel\u0117ms, gali tilpti \u012f bet kuri\u0105 esam\u0105 sieninio jungiklio konsol\u0119 ir palengvinti bet kok\u012f i\u0161maniojo namo projekt\u0105, leid\u017eiant\u012f vartotojui valdyti rankiniu b\u016bdu.<\/p>\n<p>1 mygtuko jungiklis yra komplektuojamas su 3 skirtingais laikikliais. Shelly sieninis jungiklis i\u0161maniosioms rel\u0117ms gali tilpti \u012f bet kuri\u0105 esam\u0105 sieninio jungiklio konsol\u0119. Laikikliai tinkami \u0161ioms rel\u0117ms.<\/p>\n<ul>\n<li>1 rel\u0117s laikiklis \u2013 Shelly 1 \/ Shelly 1PM<\/li>\n<li>2 rel\u0117s laikiklis \u2013 Shelly Plus 1 \/ Shelly Plus 1PM<\/li>\n<li>3 Rel\u0117s laikiklis\u00a0 \u2013 Shelly 1L \/ Shelly Dimmer<\/li>\n<\/ul>\n<p>Jungiklis parduodamas atskirai be r\u0117melio. R\u0117melius galima \u012fsigyti 1,2 ar 3 viet\u0173.<\/p>\n<p>Jungikliai galimi 1,2 ir 4 klavi\u0161\u0173 (mygtum\u0173)[\/vc_column_text][vc_row_inner][vc_column_inner width=&#8221;1\/2&#8243;]\n\t\t<div id=\"wd-62624ccccc7a8\" class=\"title-wrapper wd-wpb set-mb-s reset-last-child  wd-rs-62624ccccc7a8 wd-title-color-default wd-title-style-default text-left vc_custom_1650609363331 wd-width-enabled wd-underline-colored\" style=\"--wd-max-width: 90%;\">\n\t\t\t\n\t\t\t<div class=\"liner-continer\">\n\t\t\t\t<h4 class=\"woodmart-title-container title  wd-font-weight- wd-fontsize-xxl\" >Shelly WS1 specifikacija<\/h4>\n\t\t\t\t\t\t\t<\/div>\n\t\t\t\n\t\t\t\n\t\t\t\n\t\t<\/div>\n\t\t\n\t\t[vc_column_text el_class=&#8221;text-larger&#8221; text_larger=&#8221;no&#8221; woodmart_inline=&#8221;no&#8221;]<\/p>\n<table>\n<tbody>\n<tr>\n<th>Prek\u0117s \u017eenklas<\/th>\n<td style=\"text-align: right; font-size: 16px;\">Shelly<\/td>\n<\/tr>\n<tr>\n<th>Modelis<\/th>\n<td style=\"text-align: right; font-size: 16px;\">WS1<\/td>\n<\/tr>\n<tr>\n<th>Spalva<\/th>\n<td style=\"text-align: right; font-size: 16px;\">Balta<\/td>\n<\/tr>\n<tr>\n<th>Mygtuk\u0173<\/th>\n<td style=\"text-align: right; font-size: 16px;\">1 mygtukas<\/td>\n<\/tr>\n<tr>\n<th>Suderinama su<\/th>\n<td style=\"text-align: right; font-size: 16px;\">Shelly 1, Shelly 1PM, Shelly Plus 1, Shelly Plus 1PM, Shelly 1L, Shelly Dimmer<\/td>\n<\/tr>\n<tr>\n<th>I\u0161matavimai<\/th>\n<td style=\"text-align: right; font-size: 16px;\">80x80mm<\/td>\n<\/tr>\n<\/tbody>\n<\/table>\n<p>[\/vc_column_text]\t\t<div id=\"gallery_696\" class=\"wd-images-gallery wd-rs-6262520c7b7d1 wd-justify-center wd-items-middle view-grid photoswipe-images\" >\n\t\t\t<div class=\"gallery-images row wd-spacing-0\">\n\t\t\t\t\t\t\t\t\t\t\t\t\t\t\t<div class=\"wd-gallery-item col-lg-12 col-md-12 col-sm-12 col-12\">\n\t\t\t\t\t\t\t\t\t\t\t\t\t\t<a href=\"\" data-elementor-open-lightbox=\"no\" data-index=\"1\" data-width=\"\" data-height=\"\"  >\n\t\t\t\t\t\t\t\t\n\t\t\t\t\t\t\t\t\n\t\t\t\t\t\t\t\t\t\t\t\t\t\t\t<\/a>\n\t\t\t\t\t\t\t\t\t\t\t\t<\/div>\n\t\t\t\t\t\t\t\t\t\t\t<div class=\"wd-gallery-item col-lg-12 col-md-12 col-sm-12 col-12\">\n\t\t\t\t\t\t\t\t\t\t\t\t\t\t<a href=\"\" data-elementor-open-lightbox=\"no\" data-index=\"2\" data-width=\"\" data-height=\"\"  >\n\t\t\t\t\t\t\t\t\n\t\t\t\t\t\t\t\t\n\t\t\t\t\t\t\t\t\t\t\t\t\t\t\t<\/a>\n\t\t\t\t\t\t\t\t\t\t\t\t<\/div>\n\t\t\t\t\t\t\t\t\t\t\t<div class=\"wd-gallery-item col-lg-12 col-md-12 col-sm-12 col-12\">\n\t\t\t\t\t\t\t\t\t\t\t\t\t\t<a href=\"\" data-elementor-open-lightbox=\"no\" data-index=\"3\" data-width=\"\" data-height=\"\"  >\n\t\t\t\t\t\t\t\t\n\t\t\t\t\t\t\t\t\n\t\t\t\t\t\t\t\t\t\t\t\t\t\t\t<\/a>\n\t\t\t\t\t\t\t\t\t\t\t\t<\/div>\n\t\t\t\t\t\t\t\t\t\t\t<div class=\"wd-gallery-item col-lg-12 col-md-12 col-sm-12 col-12\">\n\t\t\t\t\t\t\t\t\t\t\t\t\t\t<a href=\"\" data-elementor-open-lightbox=\"no\" data-index=\"4\" data-width=\"\" data-height=\"\"  >\n\t\t\t\t\t\t\t\t\n\t\t\t\t\t\t\t\t\n\t\t\t\t\t\t\t\t\t\t\t\t\t\t\t<\/a>\n\t\t\t\t\t\t\t\t\t\t\t\t<\/div>\n\t\t\t\t\t\t\t\t\t\t\t<div class=\"wd-gallery-item col-lg-12 col-md-12 col-sm-12 col-12\">\n\t\t\t\t\t\t\t\t\t\t\t\t\t\t<a href=\"\" data-elementor-open-lightbox=\"no\" data-index=\"5\" data-width=\"\" data-height=\"\"  >\n\t\t\t\t\t\t\t\t\n\t\t\t\t\t\t\t\t\n\t\t\t\t\t\t\t\t\t\t\t\t\t\t\t<\/a>\n\t\t\t\t\t\t\t\t\t\t\t\t<\/div>\n\t\t\t\t\t\t\t\t\t\t\t<div class=\"wd-gallery-item col-lg-12 col-md-12 col-sm-12 col-12\">\n\t\t\t\t\t\t\t\t\t\t\t\t\t\t<a href=\"\" data-elementor-open-lightbox=\"no\" data-index=\"6\" data-width=\"\" data-height=\"\"  >\n\t\t\t\t\t\t\t\t\n\t\t\t\t\t\t\t\t\n\t\t\t\t\t\t\t\t\t\t\t\t\t\t\t<\/a>\n\t\t\t\t\t\t\t\t\t\t\t\t<\/div>\n\t\t\t\t\t\t\t\t\t\t\t\t<\/div>\n\t\t<\/div>\n\t\t\t\t[\/vc_column_inner][vc_column_inner width=&#8221;1\/2&#8243;][\/vc_column_inner][\/vc_row_inner][vc_single_image image=&#8221;24731&#8243; img_size=&#8221;full&#8221; alignment=&#8221;center&#8221; title=&#8221;Suderinamumas su Shelly&#8221; parallax_scroll=&#8221;no&#8221; woodmart_inline=&#8221;no&#8221;][\/vc_column][\/vc_row]<\/p>\n<\/section>","protected":false},"excerpt":{"rendered":"<p>[vc_row content_placement=&#8221;top&#8221; css=&#8221;.vc_custom_1619544704606{margin-bottom: 8vh !important;}&#8221; mobile_bg_img_hidden=&#8221;no&#8221; tablet_bg_img_hidden=&#8221;no&#8221; woodmart_parallax=&#8221;0&#8243; woodmart_gradient_switch=&#8221;no&#8221; row_reverse_mobile=&#8221;0&#8243; row_reverse_tablet=&#8221;0&#8243; woodmart_disable_overflow=&#8221;0&#8243;][vc_column][vc_column_text text_larger=&#8221;no&#8221; woodmart_inline=&#8221;no&#8221;]Shelly WS1 jungikliuose yra pritvirtinami reli\u0173 laikikliai,<\/p>\n","protected":false},"featured_media":2810,"template":"","meta":[],"product_cat":[300],"product_tag":[191,41],"class_list":{"0":"post-2814","1":"product","2":"type-product","3":"status-publish","4":"has-post-thumbnail","6":"product_cat-jungikliai","7":"product_tag-jungikliai","8":"product_tag-shelly","10":"first","11":"instock","12":"taxable","13":"shipping-taxable","14":"purchasable","15":"product-type-simple"},"yoast_head":"<!-- This site is optimized with the Yoast SEO plugin v20.12 - https:\/\/yoast.com\/wordpress\/plugins\/seo\/ -->\n<title>Shelly Wall Switch 1 baltas - shelly.lv<\/title>\n<meta name=\"robots\" content=\"index, follow, max-snippet:-1, max-image-preview:large, max-video-preview:-1\" \/>\n<link rel=\"canonical\" href=\"https:\/\/shelly.lv\/lt\/shop\/jungikliai\/shelly-wall-switch-1-baltas\/\" \/>\n<meta property=\"og:locale\" content=\"lt_LT\" \/>\n<meta property=\"og:type\" content=\"article\" \/>\n<meta property=\"og:title\" content=\"Shelly Wall Switch 1 baltas - shelly.lv\" \/>\n<meta property=\"og:description\" content=\"[vc_row content_placement=&#8221;top&#8221; css=&#8221;.vc_custom_1619544704606{margin-bottom: 8vh !important;}&#8221; mobile_bg_img_hidden=&#8221;no&#8221; tablet_bg_img_hidden=&#8221;no&#8221; woodmart_parallax=&#8221;0&#8243; woodmart_gradient_switch=&#8221;no&#8221; row_reverse_mobile=&#8221;0&#8243; row_reverse_tablet=&#8221;0&#8243; woodmart_disable_overflow=&#8221;0&#8243;][vc_column][vc_column_text text_larger=&#8221;no&#8221; woodmart_inline=&#8221;no&#8221;]Shelly WS1 jungikliuose yra pritvirtinami reli\u0173 laikikliai,\" \/>\n<meta property=\"og:url\" content=\"https:\/\/shelly.lv\/lt\/shop\/jungikliai\/shelly-wall-switch-1-baltas\/\" \/>\n<meta property=\"og:site_name\" content=\"shelly.lv\" \/>\n<meta property=\"article:modified_time\" content=\"2026-04-01T08:39:02+00:00\" \/>\n<meta property=\"og:image\" content=\"http:\/\/shelly.lv\/wp-content\/uploads\/2023\/10\/buttonwhite-x1-1000x1000-1.jpg\" \/>\n\t<meta property=\"og:image:width\" content=\"1000\" \/>\n\t<meta property=\"og:image:height\" content=\"1000\" \/>\n\t<meta property=\"og:image:type\" content=\"image\/jpeg\" \/>\n<meta name=\"twitter:card\" content=\"summary_large_image\" \/>\n<meta name=\"twitter:label1\" content=\"Est. reading time\" \/>\n\t<meta name=\"twitter:data1\" content=\"2 minut\u0117s\" \/>\n<script type=\"application\/ld+json\" class=\"yoast-schema-graph\">{\"@context\":\"https:\/\/schema.org\",\"@graph\":[{\"@type\":\"WebPage\",\"@id\":\"https:\/\/shelly.lv\/lt\/shop\/jungikliai\/shelly-wall-switch-1-baltas\/\",\"url\":\"https:\/\/shelly.lv\/lt\/shop\/jungikliai\/shelly-wall-switch-1-baltas\/\",\"name\":\"Shelly Wall Switch 1 baltas - shelly.lv\",\"isPartOf\":{\"@id\":\"https:\/\/shelly.lv\/lt\/#website\"},\"datePublished\":\"2022-04-22T06:24:43+00:00\",\"dateModified\":\"2026-04-01T08:39:02+00:00\",\"breadcrumb\":{\"@id\":\"https:\/\/shelly.lv\/lt\/shop\/jungikliai\/shelly-wall-switch-1-baltas\/#breadcrumb\"},\"inLanguage\":\"lt-LT\",\"potentialAction\":[{\"@type\":\"ReadAction\",\"target\":[\"https:\/\/shelly.lv\/lt\/shop\/jungikliai\/shelly-wall-switch-1-baltas\/\"]}]},{\"@type\":\"BreadcrumbList\",\"@id\":\"https:\/\/shelly.lv\/lt\/shop\/jungikliai\/shelly-wall-switch-1-baltas\/#breadcrumb\",\"itemListElement\":[{\"@type\":\"ListItem\",\"position\":1,\"name\":\"Home\",\"item\":\"https:\/\/shelly.lv\/lt\/\"},{\"@type\":\"ListItem\",\"position\":2,\"name\":\"Parduotuv\u0117\",\"item\":\"https:\/\/shelly.lv\/lt\/shop\/\"},{\"@type\":\"ListItem\",\"position\":3,\"name\":\"Shelly Wall Switch 1 baltas\"}]},{\"@type\":\"WebSite\",\"@id\":\"https:\/\/shelly.lv\/lt\/#website\",\"url\":\"https:\/\/shelly.lv\/lt\/\",\"name\":\"Shelly.lv\",\"description\":\"Shelly Latvia\",\"publisher\":{\"@id\":\"https:\/\/shelly.lv\/lt\/#organization\"},\"potentialAction\":[{\"@type\":\"SearchAction\",\"target\":{\"@type\":\"EntryPoint\",\"urlTemplate\":\"https:\/\/shelly.lv\/lt\/?s={search_term_string}\"},\"query-input\":\"required name=search_term_string\"}],\"inLanguage\":\"lt-LT\"},{\"@type\":\"Organization\",\"@id\":\"https:\/\/shelly.lv\/lt\/#organization\",\"name\":\"Shelly.lv\",\"url\":\"https:\/\/shelly.lv\/lt\/\",\"logo\":{\"@type\":\"ImageObject\",\"inLanguage\":\"lt-LT\",\"@id\":\"https:\/\/shelly.lv\/lt\/#\/schema\/logo\/image\/\",\"url\":\"https:\/\/shelly.lv\/wp-content\/uploads\/2023\/07\/Asset-3.png\",\"contentUrl\":\"https:\/\/shelly.lv\/wp-content\/uploads\/2023\/07\/Asset-3.png\",\"width\":861,\"height\":240,\"caption\":\"Shelly.lv\"},\"image\":{\"@id\":\"https:\/\/shelly.lv\/lt\/#\/schema\/logo\/image\/\"}}]}<\/script>\n<!-- \/ Yoast SEO plugin. -->","yoast_head_json":{"title":"Shelly Wall Switch 1 baltas - shelly.lv","robots":{"index":"index","follow":"follow","max-snippet":"max-snippet:-1","max-image-preview":"max-image-preview:large","max-video-preview":"max-video-preview:-1"},"canonical":"https:\/\/shelly.lv\/lt\/shop\/jungikliai\/shelly-wall-switch-1-baltas\/","og_locale":"lt_LT","og_type":"article","og_title":"Shelly Wall Switch 1 baltas - shelly.lv","og_description":"[vc_row content_placement=&#8221;top&#8221; css=&#8221;.vc_custom_1619544704606{margin-bottom: 8vh !important;}&#8221; mobile_bg_img_hidden=&#8221;no&#8221; tablet_bg_img_hidden=&#8221;no&#8221; woodmart_parallax=&#8221;0&#8243; woodmart_gradient_switch=&#8221;no&#8221; row_reverse_mobile=&#8221;0&#8243; row_reverse_tablet=&#8221;0&#8243; woodmart_disable_overflow=&#8221;0&#8243;][vc_column][vc_column_text text_larger=&#8221;no&#8221; woodmart_inline=&#8221;no&#8221;]Shelly WS1 jungikliuose yra pritvirtinami reli\u0173 laikikliai,","og_url":"https:\/\/shelly.lv\/lt\/shop\/jungikliai\/shelly-wall-switch-1-baltas\/","og_site_name":"shelly.lv","article_modified_time":"2026-04-01T08:39:02+00:00","og_image":[{"width":1000,"height":1000,"url":"http:\/\/shelly.lv\/wp-content\/uploads\/2023\/10\/buttonwhite-x1-1000x1000-1.jpg","type":"image\/jpeg"}],"twitter_card":"summary_large_image","twitter_misc":{"Est. reading time":"2 minut\u0117s"},"schema":{"@context":"https:\/\/schema.org","@graph":[{"@type":"WebPage","@id":"https:\/\/shelly.lv\/lt\/shop\/jungikliai\/shelly-wall-switch-1-baltas\/","url":"https:\/\/shelly.lv\/lt\/shop\/jungikliai\/shelly-wall-switch-1-baltas\/","name":"Shelly Wall Switch 1 baltas - shelly.lv","isPartOf":{"@id":"https:\/\/shelly.lv\/lt\/#website"},"datePublished":"2022-04-22T06:24:43+00:00","dateModified":"2026-04-01T08:39:02+00:00","breadcrumb":{"@id":"https:\/\/shelly.lv\/lt\/shop\/jungikliai\/shelly-wall-switch-1-baltas\/#breadcrumb"},"inLanguage":"lt-LT","potentialAction":[{"@type":"ReadAction","target":["https:\/\/shelly.lv\/lt\/shop\/jungikliai\/shelly-wall-switch-1-baltas\/"]}]},{"@type":"BreadcrumbList","@id":"https:\/\/shelly.lv\/lt\/shop\/jungikliai\/shelly-wall-switch-1-baltas\/#breadcrumb","itemListElement":[{"@type":"ListItem","position":1,"name":"Home","item":"https:\/\/shelly.lv\/lt\/"},{"@type":"ListItem","position":2,"name":"Parduotuv\u0117","item":"https:\/\/shelly.lv\/lt\/shop\/"},{"@type":"ListItem","position":3,"name":"Shelly Wall Switch 1 baltas"}]},{"@type":"WebSite","@id":"https:\/\/shelly.lv\/lt\/#website","url":"https:\/\/shelly.lv\/lt\/","name":"Shelly.lv","description":"Shelly Latvia","publisher":{"@id":"https:\/\/shelly.lv\/lt\/#organization"},"potentialAction":[{"@type":"SearchAction","target":{"@type":"EntryPoint","urlTemplate":"https:\/\/shelly.lv\/lt\/?s={search_term_string}"},"query-input":"required name=search_term_string"}],"inLanguage":"lt-LT"},{"@type":"Organization","@id":"https:\/\/shelly.lv\/lt\/#organization","name":"Shelly.lv","url":"https:\/\/shelly.lv\/lt\/","logo":{"@type":"ImageObject","inLanguage":"lt-LT","@id":"https:\/\/shelly.lv\/lt\/#\/schema\/logo\/image\/","url":"https:\/\/shelly.lv\/wp-content\/uploads\/2023\/07\/Asset-3.png","contentUrl":"https:\/\/shelly.lv\/wp-content\/uploads\/2023\/07\/Asset-3.png","width":861,"height":240,"caption":"Shelly.lv"},"image":{"@id":"https:\/\/shelly.lv\/lt\/#\/schema\/logo\/image\/"}}]}},"_links":{"self":[{"href":"https:\/\/shelly.lv\/lt\/wp-json\/wp\/v2\/product\/2814","targetHints":{"allow":["GET"]}}],"collection":[{"href":"https:\/\/shelly.lv\/lt\/wp-json\/wp\/v2\/product"}],"about":[{"href":"https:\/\/shelly.lv\/lt\/wp-json\/wp\/v2\/types\/product"}],"wp:featuredmedia":[{"embeddable":true,"href":"https:\/\/shelly.lv\/lt\/wp-json\/wp\/v2\/media\/2810"}],"wp:attachment":[{"href":"https:\/\/shelly.lv\/lt\/wp-json\/wp\/v2\/media?parent=2814"}],"wp:term":[{"taxonomy":"product_cat","embeddable":true,"href":"https:\/\/shelly.lv\/lt\/wp-json\/wp\/v2\/product_cat?post=2814"},{"taxonomy":"product_tag","embeddable":true,"href":"https:\/\/shelly.lv\/lt\/wp-json\/wp\/v2\/product_tag?post=2814"}],"curies":[{"name":"wp","href":"https:\/\/api.w.org\/{rel}","templated":true}]}}