{"id":2821,"date":"2022-03-28T11:49:53","date_gmt":"2022-03-28T08:49:53","guid":{"rendered":"https:\/\/shelly.lv\/veikals\/uncategorized\/shelly-pro-1-ismanioji-1-kanalo-rele-valdoma-wifi-lan-ar-bluetooth-montuojama-ant-din-begelio\/"},"modified":"2026-05-11T13:34:20","modified_gmt":"2026-05-11T10:34:20","slug":"shelly-pro-1","status":"publish","type":"product","link":"https:\/\/shelly.lv\/lt\/shop\/pro-serija-lt\/shelly-pro-1\/","title":{"rendered":"Shelly PRO 1"},"content":{"rendered":"<section class=\"wpb-content-wrapper\"><p>[vc_row content_placement=&#8221;top&#8221; css=&#8221;.vc_custom_1619544704606{margin-bottom: 8vh !important;}&#8221; mobile_bg_img_hidden=&#8221;no&#8221; tablet_bg_img_hidden=&#8221;no&#8221; woodmart_parallax=&#8221;0&#8243; woodmart_gradient_switch=&#8221;no&#8221; row_reverse_mobile=&#8221;0&#8243; row_reverse_tablet=&#8221;0&#8243; woodmart_disable_overflow=&#8221;0&#8243;][vc_column width=&#8221;2\/3&#8243;]\n\t\t<div id=\"wd-62417d8bcde64\" class=\"title-wrapper wd-wpb set-mb-s reset-last-child  wd-rs-62417d8bcde64 wd-title-color-default wd-title-style-default text-left vc_custom_1648459181243 wd-underline-colored\">\n\t\t\t\n\t\t\t<div class=\"liner-continer\">\n\t\t\t\t<h4 class=\"woodmart-title-container title  wd-font-weight-600 wd-fontsize-l\" >Shelly PRO 1 rel\u0117<\/h4>\n\t\t\t\t\t\t\t<\/div>\n\t\t\t\n\t\t\t\n\t\t\t\n\t\t<\/div>\n\t\t\n\t\t[vc_column_text text_larger=&#8221;no&#8221; woodmart_inline=&#8221;no&#8221;]LAN, \u201eWi-Fi\u201c ir \u201eBluetooth\u201c \u2013 vienu metu \u201eWi-Fi\u201c ir LAN naudojimas, greitai ir lengvai prid\u0117kite \u012frengin\u012f naudodami \u201eBluetooth\u201c ry\u0161\u012f SELV \u2013 ypa\u010d ma\u017ea atsitiktinio kontakto su auk\u0161tesne \u012ftampa ir elektros sm\u016bgio rizika 1 kanalo rel\u0117s jungiklis &#8211; 16A i\u0161\u0117jimas.<\/p>\n<p>Platus prietais\u0173 valdymo pasirinkimas \u2013 tinka automatizuoti \u0161viesas, buitinius prietaisus, gara\u017eo vartus, dur\u0173 spynas ir dur\u0173 skambu\u010dius, dr\u0117kinimo ir baseino sistem\u0105 ir kt.<\/p>\n<p>Platus \u012ftampos palaikymo diapazonas &#8211; Shelly Pro 1 gali b\u016bti maitinamas 110\u2013240 VAC ir 12 VDC. Sausi kontaktai \u2013 naudokite plat\u0173 i\u0161\u0117jimo \u012ftampos lygi\u0173 diapazon\u0105. Palaiko \u017eem\u0105 \u012ftamp\u0105.<\/p>\n<p><strong>Nauja Shelly Pro linija<\/strong><\/p>\n<p>Nauja profesionali \u201eShelly WiFi\u201c ir \u201eBluetooth\u201c reli\u0173 linija su LAN ry\u0161iu ir tiksliu valdymu, u\u017etikrinan\u010diu puiki\u0105 nam\u0173 ir patalp\u0173 automatizavimo patirt\u012f.<\/p>\n<p>Su patobulintomis saugos funkcijomis, Shelly Pro linija leid\u017eia visi\u0161kai automatizuoti ir valdyti be papildom\u0173 kabeli\u0173 ar laid\u0173. Shelly Pro linija puikiai tinka namams, biurams, parduotuv\u0117ms, verslo ir gamybos patalpoms.<\/p>\n<p><strong>Funkcijos<\/strong><\/p>\n<p>HTTP\/HTTPS WEBHOOKS GREITAI PRISIJUNGIMUI \u2013 patobulinta HTTP\/HTTP \u017einiatinklio kabliukais, \u201eShelly Pro\u201c linija gali lengvai prisijungti prie kitos suderinamos \u012frangos ar tre\u010diosios \u0161alies automatizavimo sistemos, prane\u0161ti arba valdyti j\u0105.<\/p>\n<p>SCRIPTAVIMAS TINKINTAM AUTOMATIZAVIMUI \u2013 \u201eShelly Pro\u201c linija visi\u0161kai palaiko mjS scenarij\u0173, tod\u0117l klientai gali kurti savo funkcionalums ir funkcijas! Leid\u017eia kartu vykdyti kelis scenarijus.<\/p>\n<p>Nereikalinga central\u0117. Shelly Pro Line\u201c \u012frenginius galima valdyti tiesiogiai be central\u0117s per i\u0161man\u0173j\u012f telefon\u0105 naudojant \u201eShelly Cloud App\u201c.[\/vc_column_text]\n\t\t<div id=\"wd-62417f1a256a5\" class=\"title-wrapper wd-wpb set-mb-s reset-last-child  wd-rs-62417f1a256a5 wd-title-color-default wd-title-style-default text-left vc_custom_1648459552464 wd-width-enabled wd-underline-colored\" style=\"--wd-max-width: 90%;\">\n\t\t\t\n\t\t\t<div class=\"liner-continer\">\n\t\t\t\t<h4 class=\"woodmart-title-container title  wd-font-weight- wd-fontsize-xxl\" >Shelly PRO 1 specifikacija<\/h4>\n\t\t\t\t\t\t\t<\/div>\n\t\t\t\n\t\t\t\n\t\t\t\n\t\t<\/div>\n\t\t\n\t\t[vc_column_text el_class=&#8221;text-larger&#8221; text_larger=&#8221;no&#8221; woodmart_inline=&#8221;no&#8221;]<\/p>\n<table>\n<tbody>\n<tr>\n<th>Modelis<\/th>\n<td style=\"text-align: right; font-size: 16px;\">PRO 1<\/td>\n<\/tr>\n<tr>\n<th>Maitinimas AC<\/th>\n<td style=\"text-align: right; font-size: 16px;\">110-240V \u00b110%, 50\/60Hz<\/td>\n<\/tr>\n<tr>\n<th>Maksimali apkrova<\/th>\n<td style=\"text-align: right; font-size: 16px;\">16A<\/td>\n<\/tr>\n<tr>\n<th>Maitinimas DC<\/th>\n<td style=\"text-align: right; font-size: 16px;\">12VDC \u00b1 10%<\/td>\n<\/tr>\n<tr>\n<th>Kanalai<\/th>\n<td style=\"text-align: right; font-size: 16px;\">1 Channel<\/td>\n<\/tr>\n<tr>\n<th>DC i\u0161vestis<\/th>\n<td style=\"text-align: right; font-size: 16px;\">0-30V; 12A<\/td>\n<\/tr>\n<tr>\n<th>SPECIALIOSIOS FUNKCIJOS<\/th>\n<td style=\"text-align: right; font-size: 16px;\"><\/td>\n<\/tr>\n<tr>\n<th>Sausi kontaktai<\/th>\n<td style=\"text-align: right; font-size: 16px;\">Taip<\/td>\n<\/tr>\n<tr>\n<th>Roleto re\u017eimas<\/th>\n<td style=\"text-align: right; font-size: 16px;\">Ne<\/td>\n<\/tr>\n<tr>\n<th>Prietaiso temperat\u016bros apsauga<\/th>\n<td style=\"text-align: right; font-size: 16px;\">Taip<\/td>\n<\/tr>\n<tr>\n<th>Apsauga nuo perkrovos<\/th>\n<td style=\"text-align: right; font-size: 16px;\">Taip<\/td>\n<\/tr>\n<tr>\n<th>Galios matavimas<\/th>\n<td style=\"text-align: right; font-size: 16px;\">Ne<\/td>\n<\/tr>\n<tr>\n<th>FUNKCIJOS<\/th>\n<td style=\"text-align: right; font-size: 16px;\"><\/td>\n<\/tr>\n<tr>\n<th>HTTP\/HTTPS \u017einiatinklio kabliukai<\/th>\n<td style=\"text-align: right; font-size: 16px;\">Taip<\/td>\n<\/tr>\n<tr>\n<th>Priskirti scenarijai (mJ)<\/th>\n<td style=\"text-align: right; font-size: 16px;\">Taip<\/td>\n<\/tr>\n<tr>\n<th>Darbin\u0117 temperat\u016bra<\/th>\n<td style=\"text-align: right; font-size: 16px;\">-20\u00b0C to + 40 \u00b0C<\/td>\n<\/tr>\n<tr>\n<th>\u012erenginio energijos suvartojimas<\/th>\n<td style=\"text-align: right; font-size: 16px;\">&lt; 4 W<\/td>\n<\/tr>\n<tr>\n<th>I\u0161manusis \u012fjungimas\/i\u0161jungimas<\/th>\n<td style=\"text-align: right; font-size: 16px;\">Taip<\/td>\n<\/tr>\n<tr>\n<th>Vietinis ir nuotolinis valdymas<\/th>\n<td style=\"text-align: right; font-size: 16px;\">Taip<\/td>\n<\/tr>\n<tr>\n<th>Saul\u0117tekis Saul\u0117lydis<\/th>\n<td style=\"text-align: right; font-size: 16px;\">Taip<\/td>\n<\/tr>\n<tr>\n<th>Savaitinis grafikas<\/th>\n<td style=\"text-align: right; font-size: 16px;\">Taip<\/td>\n<\/tr>\n<tr>\n<th>UL \u012ftrauktas \u012f s\u0105ra\u0161\u0105 variantas<\/th>\n<td style=\"text-align: right; font-size: 16px;\">Ne<\/td>\n<\/tr>\n<tr>\n<th>RY\u0160IUMAS<\/th>\n<td style=\"text-align: right; font-size: 16px;\"><\/td>\n<\/tr>\n<tr>\n<th>Bevielis<\/th>\n<td style=\"text-align: right; font-size: 16px;\">Taip<\/td>\n<\/tr>\n<tr>\n<th>\u201eWi-Fi\u201c protokolas<\/th>\n<td style=\"text-align: right; font-size: 16px;\">802.11 b\/g\/n<\/td>\n<\/tr>\n<tr>\n<th>Wi-Fi radijo da\u017enis<\/th>\n<td style=\"text-align: right; font-size: 16px;\">2412 &#8211; 2484 MHz<\/td>\n<\/tr>\n<tr>\n<th>\u201eWi-Fi\u201c radijo signalo galia<\/th>\n<td style=\"text-align: right; font-size: 16px;\">1mW<\/td>\n<\/tr>\n<tr>\n<th>Wi-Fi diapazonas<\/th>\n<td style=\"text-align: right; font-size: 16px;\">iki 50 m lauke ir iki 30 m patalpoje (priklausomai nuo statybini\u0173 med\u017eiag\u0173)<\/td>\n<\/tr>\n<tr>\n<th>Bluetooth<\/th>\n<td style=\"text-align: right; font-size: 16px;\">Taip<\/td>\n<\/tr>\n<tr>\n<th>Ethernet<\/th>\n<td style=\"text-align: right; font-size: 16px;\">Taip<\/td>\n<\/tr>\n<tr>\n<th>MATMENYS<\/th>\n<td style=\"text-align: right; font-size: 16px;\"><\/td>\n<\/tr>\n<tr>\n<th>Dydis<\/th>\n<td style=\"text-align: right; font-size: 16px;\">18,5mm x 89,5mm x 68,5mm<\/td>\n<\/tr>\n<\/tbody>\n<\/table>\n<p>[\/vc_column_text]\t\t<div id=\"gallery_180\" class=\"wd-images-gallery wd-justify-center wd-items-middle view-grid photoswipe-images\" >\n\t\t\t<div class=\"gallery-images row wd-spacing-0\">\n\t\t\t\t\t\t\t\t\t\t\t\t\t\t\t<div class=\"wd-gallery-item col-lg-12 col-md-12 col-sm-12 col-12\">\n\t\t\t\t\t\t\t\t\t\t\t\t\t\t<a href=\"\" data-elementor-open-lightbox=\"no\" data-index=\"1\" data-width=\"\" data-height=\"\"  >\n\t\t\t\t\t\t\t\t\n\t\t\t\t\t\t\t\t\n\t\t\t\t\t\t\t\t\t\t\t\t\t\t\t<\/a>\n\t\t\t\t\t\t\t\t\t\t\t\t<\/div>\n\t\t\t\t\t\t\t\t\t\t\t<div class=\"wd-gallery-item col-lg-12 col-md-12 col-sm-12 col-12\">\n\t\t\t\t\t\t\t\t\t\t\t\t\t\t<a href=\"\" data-elementor-open-lightbox=\"no\" data-index=\"2\" data-width=\"\" data-height=\"\"  >\n\t\t\t\t\t\t\t\t\n\t\t\t\t\t\t\t\t\n\t\t\t\t\t\t\t\t\t\t\t\t\t\t\t<\/a>\n\t\t\t\t\t\t\t\t\t\t\t\t<\/div>\n\t\t\t\t\t\t\t\t\t\t\t<div class=\"wd-gallery-item col-lg-12 col-md-12 col-sm-12 col-12\">\n\t\t\t\t\t\t\t\t\t\t\t\t\t\t<a href=\"\" data-elementor-open-lightbox=\"no\" data-index=\"3\" data-width=\"\" data-height=\"\"  >\n\t\t\t\t\t\t\t\t\n\t\t\t\t\t\t\t\t\n\t\t\t\t\t\t\t\t\t\t\t\t\t\t\t<\/a>\n\t\t\t\t\t\t\t\t\t\t\t\t<\/div>\n\t\t\t\t\t\t\t\t\t\t\t<div class=\"wd-gallery-item col-lg-12 col-md-12 col-sm-12 col-12\">\n\t\t\t\t\t\t\t\t\t\t\t\t\t\t<a href=\"\" data-elementor-open-lightbox=\"no\" data-index=\"4\" data-width=\"\" data-height=\"\"  >\n\t\t\t\t\t\t\t\t\n\t\t\t\t\t\t\t\t\n\t\t\t\t\t\t\t\t\t\t\t\t\t\t\t<\/a>\n\t\t\t\t\t\t\t\t\t\t\t\t<\/div>\n\t\t\t\t\t\t\t\t\t\t\t<div class=\"wd-gallery-item col-lg-12 col-md-12 col-sm-12 col-12\">\n\t\t\t\t\t\t\t\t\t\t\t\t\t\t<a href=\"\" data-elementor-open-lightbox=\"no\" data-index=\"5\" data-width=\"\" data-height=\"\"  >\n\t\t\t\t\t\t\t\t\n\t\t\t\t\t\t\t\t\n\t\t\t\t\t\t\t\t\t\t\t\t\t\t\t<\/a>\n\t\t\t\t\t\t\t\t\t\t\t\t<\/div>\n\t\t\t\t\t\t\t\t\t\t\t<div class=\"wd-gallery-item col-lg-12 col-md-12 col-sm-12 col-12\">\n\t\t\t\t\t\t\t\t\t\t\t\t\t\t<a href=\"\" data-elementor-open-lightbox=\"no\" data-index=\"6\" data-width=\"\" data-height=\"\"  >\n\t\t\t\t\t\t\t\t\n\t\t\t\t\t\t\t\t\n\t\t\t\t\t\t\t\t\t\t\t\t\t\t\t<\/a>\n\t\t\t\t\t\t\t\t\t\t\t\t<\/div>\n\t\t\t\t\t\t\t\t\t\t\t\t<\/div>\n\t\t<\/div>\n\t\t\t\t[\/vc_column][vc_column width=&#8221;1\/3&#8243; offset=&#8221;vc_hidden-sm vc_hidden-xs&#8221; mobile_bg_img_hidden=&#8221;no&#8221; tablet_bg_img_hidden=&#8221;no&#8221; woodmart_parallax=&#8221;0&#8243; woodmart_sticky_column=&#8221;false&#8221; parallax_scroll=&#8221;no&#8221; mobile_reset_margin=&#8221;no&#8221; tablet_reset_margin=&#8221;no&#8221;][\/vc_column][\/vc_row]<\/p>\n<\/section>","protected":false},"excerpt":{"rendered":"<p>Tinka nam\u0173 ir patalp\u0173 automatizavimui nuotoliniu valdymu.<br \/>\nMontuojamas saugikli\u0173 d\u0117\u017e\u0117je ant DIN b\u0117gio.<br \/>\nPatobulintos saugos funkcijos ir suderinamos su da\u017eniausiai naudojamomis nam\u0173 automatikos platformomis.<\/p>\n","protected":false},"featured_media":2815,"template":"","meta":[],"product_cat":[295,297],"product_tag":[41,190],"class_list":{"0":"post-2821","1":"product","2":"type-product","3":"status-publish","4":"has-post-thumbnail","6":"product_cat-pro-serija-lt","7":"product_cat-ismaniosios-reles","8":"product_tag-shelly","9":"product_tag-shelly-pro","11":"first","12":"instock","13":"sale","14":"taxable","15":"shipping-taxable","16":"purchasable","17":"product-type-simple"},"yoast_head":"<!-- This site is optimized with the Yoast SEO plugin v20.12 - https:\/\/yoast.com\/wordpress\/plugins\/seo\/ -->\n<title>Shelly PRO 1 - shelly.lv<\/title>\n<meta name=\"robots\" content=\"index, follow, max-snippet:-1, max-image-preview:large, max-video-preview:-1\" \/>\n<link rel=\"canonical\" href=\"https:\/\/shelly.lv\/lt\/shop\/pro-serija-lt\/shelly-pro-1\/\" \/>\n<meta property=\"og:locale\" content=\"lt_LT\" \/>\n<meta property=\"og:type\" content=\"article\" \/>\n<meta property=\"og:title\" content=\"Shelly PRO 1 - shelly.lv\" \/>\n<meta property=\"og:description\" content=\"Tinka nam\u0173 ir patalp\u0173 automatizavimui nuotoliniu valdymu. Montuojamas saugikli\u0173 d\u0117\u017e\u0117je ant DIN b\u0117gio. Patobulintos saugos funkcijos ir suderinamos su da\u017eniausiai naudojamomis nam\u0173 automatikos platformomis.\" \/>\n<meta property=\"og:url\" content=\"https:\/\/shelly.lv\/lt\/shop\/pro-serija-lt\/shelly-pro-1\/\" \/>\n<meta property=\"og:site_name\" content=\"shelly.lv\" \/>\n<meta property=\"article:modified_time\" content=\"2026-05-11T10:34:20+00:00\" \/>\n<meta property=\"og:image\" content=\"http:\/\/shelly.lv\/wp-content\/uploads\/2023\/10\/1_pro-1200x1200-1.jpg\" \/>\n\t<meta property=\"og:image:width\" content=\"1200\" \/>\n\t<meta property=\"og:image:height\" content=\"1200\" \/>\n\t<meta property=\"og:image:type\" content=\"image\/jpeg\" \/>\n<meta name=\"twitter:card\" content=\"summary_large_image\" \/>\n<meta name=\"twitter:label1\" content=\"Est. reading time\" \/>\n\t<meta name=\"twitter:data1\" content=\"3 minut\u0117s\" \/>\n<script type=\"application\/ld+json\" class=\"yoast-schema-graph\">{\"@context\":\"https:\/\/schema.org\",\"@graph\":[{\"@type\":\"WebPage\",\"@id\":\"https:\/\/shelly.lv\/lt\/shop\/pro-serija-lt\/shelly-pro-1\/\",\"url\":\"https:\/\/shelly.lv\/lt\/shop\/pro-serija-lt\/shelly-pro-1\/\",\"name\":\"Shelly PRO 1 - shelly.lv\",\"isPartOf\":{\"@id\":\"https:\/\/shelly.lv\/lt\/#website\"},\"datePublished\":\"2022-03-28T08:49:53+00:00\",\"dateModified\":\"2026-05-11T10:34:20+00:00\",\"breadcrumb\":{\"@id\":\"https:\/\/shelly.lv\/lt\/shop\/pro-serija-lt\/shelly-pro-1\/#breadcrumb\"},\"inLanguage\":\"lt-LT\",\"potentialAction\":[{\"@type\":\"ReadAction\",\"target\":[\"https:\/\/shelly.lv\/lt\/shop\/pro-serija-lt\/shelly-pro-1\/\"]}]},{\"@type\":\"BreadcrumbList\",\"@id\":\"https:\/\/shelly.lv\/lt\/shop\/pro-serija-lt\/shelly-pro-1\/#breadcrumb\",\"itemListElement\":[{\"@type\":\"ListItem\",\"position\":1,\"name\":\"Home\",\"item\":\"https:\/\/shelly.lv\/lt\/\"},{\"@type\":\"ListItem\",\"position\":2,\"name\":\"Parduotuv\u0117\",\"item\":\"https:\/\/shelly.lv\/lt\/shop\/\"},{\"@type\":\"ListItem\",\"position\":3,\"name\":\"Shelly PRO 1\"}]},{\"@type\":\"WebSite\",\"@id\":\"https:\/\/shelly.lv\/lt\/#website\",\"url\":\"https:\/\/shelly.lv\/lt\/\",\"name\":\"Shelly.lv\",\"description\":\"Shelly Latvia\",\"publisher\":{\"@id\":\"https:\/\/shelly.lv\/lt\/#organization\"},\"potentialAction\":[{\"@type\":\"SearchAction\",\"target\":{\"@type\":\"EntryPoint\",\"urlTemplate\":\"https:\/\/shelly.lv\/lt\/?s={search_term_string}\"},\"query-input\":\"required name=search_term_string\"}],\"inLanguage\":\"lt-LT\"},{\"@type\":\"Organization\",\"@id\":\"https:\/\/shelly.lv\/lt\/#organization\",\"name\":\"Shelly.lv\",\"url\":\"https:\/\/shelly.lv\/lt\/\",\"logo\":{\"@type\":\"ImageObject\",\"inLanguage\":\"lt-LT\",\"@id\":\"https:\/\/shelly.lv\/lt\/#\/schema\/logo\/image\/\",\"url\":\"https:\/\/shelly.lv\/wp-content\/uploads\/2023\/07\/Asset-3.png\",\"contentUrl\":\"https:\/\/shelly.lv\/wp-content\/uploads\/2023\/07\/Asset-3.png\",\"width\":861,\"height\":240,\"caption\":\"Shelly.lv\"},\"image\":{\"@id\":\"https:\/\/shelly.lv\/lt\/#\/schema\/logo\/image\/\"}}]}<\/script>\n<!-- \/ Yoast SEO plugin. -->","yoast_head_json":{"title":"Shelly PRO 1 - shelly.lv","robots":{"index":"index","follow":"follow","max-snippet":"max-snippet:-1","max-image-preview":"max-image-preview:large","max-video-preview":"max-video-preview:-1"},"canonical":"https:\/\/shelly.lv\/lt\/shop\/pro-serija-lt\/shelly-pro-1\/","og_locale":"lt_LT","og_type":"article","og_title":"Shelly PRO 1 - shelly.lv","og_description":"Tinka nam\u0173 ir patalp\u0173 automatizavimui nuotoliniu valdymu. Montuojamas saugikli\u0173 d\u0117\u017e\u0117je ant DIN b\u0117gio. Patobulintos saugos funkcijos ir suderinamos su da\u017eniausiai naudojamomis nam\u0173 automatikos platformomis.","og_url":"https:\/\/shelly.lv\/lt\/shop\/pro-serija-lt\/shelly-pro-1\/","og_site_name":"shelly.lv","article_modified_time":"2026-05-11T10:34:20+00:00","og_image":[{"width":1200,"height":1200,"url":"http:\/\/shelly.lv\/wp-content\/uploads\/2023\/10\/1_pro-1200x1200-1.jpg","type":"image\/jpeg"}],"twitter_card":"summary_large_image","twitter_misc":{"Est. reading time":"3 minut\u0117s"},"schema":{"@context":"https:\/\/schema.org","@graph":[{"@type":"WebPage","@id":"https:\/\/shelly.lv\/lt\/shop\/pro-serija-lt\/shelly-pro-1\/","url":"https:\/\/shelly.lv\/lt\/shop\/pro-serija-lt\/shelly-pro-1\/","name":"Shelly PRO 1 - shelly.lv","isPartOf":{"@id":"https:\/\/shelly.lv\/lt\/#website"},"datePublished":"2022-03-28T08:49:53+00:00","dateModified":"2026-05-11T10:34:20+00:00","breadcrumb":{"@id":"https:\/\/shelly.lv\/lt\/shop\/pro-serija-lt\/shelly-pro-1\/#breadcrumb"},"inLanguage":"lt-LT","potentialAction":[{"@type":"ReadAction","target":["https:\/\/shelly.lv\/lt\/shop\/pro-serija-lt\/shelly-pro-1\/"]}]},{"@type":"BreadcrumbList","@id":"https:\/\/shelly.lv\/lt\/shop\/pro-serija-lt\/shelly-pro-1\/#breadcrumb","itemListElement":[{"@type":"ListItem","position":1,"name":"Home","item":"https:\/\/shelly.lv\/lt\/"},{"@type":"ListItem","position":2,"name":"Parduotuv\u0117","item":"https:\/\/shelly.lv\/lt\/shop\/"},{"@type":"ListItem","position":3,"name":"Shelly PRO 1"}]},{"@type":"WebSite","@id":"https:\/\/shelly.lv\/lt\/#website","url":"https:\/\/shelly.lv\/lt\/","name":"Shelly.lv","description":"Shelly Latvia","publisher":{"@id":"https:\/\/shelly.lv\/lt\/#organization"},"potentialAction":[{"@type":"SearchAction","target":{"@type":"EntryPoint","urlTemplate":"https:\/\/shelly.lv\/lt\/?s={search_term_string}"},"query-input":"required name=search_term_string"}],"inLanguage":"lt-LT"},{"@type":"Organization","@id":"https:\/\/shelly.lv\/lt\/#organization","name":"Shelly.lv","url":"https:\/\/shelly.lv\/lt\/","logo":{"@type":"ImageObject","inLanguage":"lt-LT","@id":"https:\/\/shelly.lv\/lt\/#\/schema\/logo\/image\/","url":"https:\/\/shelly.lv\/wp-content\/uploads\/2023\/07\/Asset-3.png","contentUrl":"https:\/\/shelly.lv\/wp-content\/uploads\/2023\/07\/Asset-3.png","width":861,"height":240,"caption":"Shelly.lv"},"image":{"@id":"https:\/\/shelly.lv\/lt\/#\/schema\/logo\/image\/"}}]}},"_links":{"self":[{"href":"https:\/\/shelly.lv\/lt\/wp-json\/wp\/v2\/product\/2821","targetHints":{"allow":["GET"]}}],"collection":[{"href":"https:\/\/shelly.lv\/lt\/wp-json\/wp\/v2\/product"}],"about":[{"href":"https:\/\/shelly.lv\/lt\/wp-json\/wp\/v2\/types\/product"}],"wp:featuredmedia":[{"embeddable":true,"href":"https:\/\/shelly.lv\/lt\/wp-json\/wp\/v2\/media\/2815"}],"wp:attachment":[{"href":"https:\/\/shelly.lv\/lt\/wp-json\/wp\/v2\/media?parent=2821"}],"wp:term":[{"taxonomy":"product_cat","embeddable":true,"href":"https:\/\/shelly.lv\/lt\/wp-json\/wp\/v2\/product_cat?post=2821"},{"taxonomy":"product_tag","embeddable":true,"href":"https:\/\/shelly.lv\/lt\/wp-json\/wp\/v2\/product_tag?post=2821"}],"curies":[{"name":"wp","href":"https:\/\/api.w.org\/{rel}","templated":true}]}}