{"id":2843,"date":"2022-02-09T14:17:15","date_gmt":"2022-02-09T12:17:15","guid":{"rendered":"https:\/\/shelly.lv\/veikals\/uncategorized\/shelly-plus-i4\/"},"modified":"2025-03-25T12:57:34","modified_gmt":"2025-03-25T10:57:34","slug":"shelly-plus-i4","status":"publish","type":"product","link":"https:\/\/shelly.lv\/lt\/shop\/plus-serija-lt\/shelly-plus-i4\/","title":{"rendered":"Shelly Plus i4"},"content":{"rendered":"<section class=\"wpb-content-wrapper\"><p>[vc_row content_placement=&#8221;top&#8221; css=&#8221;.vc_custom_1619544704606{margin-bottom: 8vh !important;}&#8221; mobile_bg_img_hidden=&#8221;no&#8221; tablet_bg_img_hidden=&#8221;no&#8221; woodmart_parallax=&#8221;0&#8243; woodmart_gradient_switch=&#8221;no&#8221; row_reverse_mobile=&#8221;0&#8243; row_reverse_tablet=&#8221;0&#8243; woodmart_disable_overflow=&#8221;0&#8243;][vc_column width=&#8221;2\/3&#8243;]\n\t\t<div id=\"wd-620a5a1ad43a9\" class=\"title-wrapper wd-wpb set-mb-s reset-last-child  wd-rs-620a5a1ad43a9 wd-title-color-default wd-title-style-default text-left vc_custom_1644845603116 wd-underline-colored\">\n\t\t\t\n\t\t\t<div class=\"liner-continer\">\n\t\t\t\t<h4 class=\"woodmart-title-container title  wd-font-weight-600 wd-fontsize-l\" >Shelly PLUS i4 WiFi scen\u0173 valdiklis<\/h4>\n\t\t\t\t\t\t\t<\/div>\n\t\t\t\n\t\t\t\n\t\t\t\n\t\t<\/div>\n\t\t\n\t\t[vc_column_text text_larger=&#8221;no&#8221; woodmart_inline=&#8221;no&#8221;]Shelly Plus i4 leid\u017eia rankiniu b\u016bdu \u012fjungti arba i\u0161jungti bet kuri\u0105 sukurt\u0105 scen\u0105, vykdyti sinchronizuotus veiksmus arba vykdyti sud\u0117tingus paleidimo scenarijus. Shelly Plus i4 galite naudoti nor\u0117dami valdyti kitas prijungtas Shelly reles, jutiklius arba HTTP ir MQTT valdomus \u012frenginius.<\/p>\n<p>Pakankamai ma\u017eas, kad b\u016bt\u0173 u\u017e kiekvieno sieninio jungiklio, Shelly Plus i4 gali rodyti b\u016bsen\u0105 ir valdyti keturi\u0173 \u012f\u0117jim\u0173 veiksmus.<\/p>\n<p><strong>Funkcijos<\/strong><\/p>\n<ul>\n<li>Nereikia HUB (central\u0117s)<\/li>\n<li>Platus \u012ftampos palaikymo diapazonas<\/li>\n<li>Keli\u0173 paspaudim\u0173 palaikymas su iki 12 galim\u0173 veiksm\u0173 (bus didesnis su kitais programin\u0117s \u012frangos atnaujinimais)<\/li>\n<li>4 kintamosios srov\u0117s \u012f\u0117jimai<\/li>\n<li>Scenarij\u0173 k\u016brimas, \u201eBluetooth\u201c, tvarkara\u0161\u010diai ir \u017einiatinklio kabliukai<\/li>\n<\/ul>\n<p>[\/vc_column_text][vc_row_inner][vc_column_inner]\n\t\t<div id=\"wd-620a5a27584f9\" class=\"title-wrapper wd-wpb set-mb-s reset-last-child  wd-rs-620a5a27584f9 wd-title-color-default wd-title-style-default text-left vc_custom_1644845655988 wd-width-enabled wd-underline-colored\" style=\"--wd-max-width: 90%;\">\n\t\t\t\n\t\t\t<div class=\"liner-continer\">\n\t\t\t\t<h4 class=\"woodmart-title-container title  wd-font-weight- wd-fontsize-xxl\" >Shelly PLUS i4 video<\/h4>\n\t\t\t\t\t\t\t<\/div>\n\t\t\t\n\t\t\t\n\t\t\t\n\t\t<\/div>\n\t\t\n\t\t[vc_message message_box_color=&#8221;white&#8221; icon_fontawesome=&#8221;fab fa-youtube&#8221;]<a href=\"https:\/\/www.youtube.com\/watch?v=VfIgp_Tw1I0\" target=\"_blank\" rel=\"noopener\">Der neue Shelly PLUS i4. Super mit dem Shelly 4fach-Taster. Vorgestellt und ausprobiert.<\/a>[\/vc_message][\/vc_column_inner][\/vc_row_inner]\n\t\t<div id=\"wd-620a5a0a5f028\" class=\"title-wrapper wd-wpb set-mb-s reset-last-child  wd-rs-620a5a0a5f028 wd-title-color-default wd-title-style-default text-left vc_custom_1644845585999 wd-width-enabled wd-underline-colored\" style=\"--wd-max-width: 90%;\">\n\t\t\t\n\t\t\t<div class=\"liner-continer\">\n\t\t\t\t<h4 class=\"woodmart-title-container title  wd-font-weight- wd-fontsize-xxl\" >Shelly PLUS i4 specifikacija<\/h4>\n\t\t\t\t\t\t\t<\/div>\n\t\t\t\n\t\t\t\n\t\t\t\n\t\t<\/div>\n\t\t\n\t\t[vc_column_text el_class=&#8221;text-larger&#8221; text_larger=&#8221;no&#8221; woodmart_inline=&#8221;no&#8221;]<\/p>\n<table>\n<tbody>\n<tr>\n<th>GALIA<\/th>\n<td style=\"text-align: right; font-size: 16px;\"><\/td>\n<\/tr>\n<tr>\n<th>Maitinimas AC<\/th>\n<td style=\"text-align: right; font-size: 16px;\">110-240V \u00b110%, 50\/60Hz<\/td>\n<\/tr>\n<tr>\n<th>Maitinimas DC<\/th>\n<td style=\"text-align: right; font-size: 16px;\">Ne<\/td>\n<\/tr>\n<tr>\n<th>SPECIALIOSIOS FUNKCIJOS<\/th>\n<td style=\"text-align: right; font-size: 16px;\"><\/td>\n<\/tr>\n<tr>\n<th>Prietaiso temperat\u016bros apsauga<\/th>\n<td style=\"text-align: right; font-size: 16px;\">Taip<\/td>\n<\/tr>\n<tr>\n<th>Apsauga nuo perkrovos<\/th>\n<td style=\"text-align: right; font-size: 16px;\">Ne<\/td>\n<\/tr>\n<tr>\n<th>Keli\u0173 paspaudim\u0173 palaikymas<\/th>\n<td style=\"text-align: right; font-size: 16px;\">Iki 12 galim\u0173 veiksm\u0173<\/td>\n<\/tr>\n<tr>\n<th>FUNKCIJOS<\/th>\n<td style=\"text-align: right; font-size: 16px;\"><\/td>\n<\/tr>\n<tr>\n<th>HTTP\/HTTPS \u017einiatinklio kabliukai<\/th>\n<td style=\"text-align: right; font-size: 16px;\">Taip<\/td>\n<\/tr>\n<tr>\n<th>Tinkinti scenarijai (mJ)<\/th>\n<td style=\"text-align: right; font-size: 16px;\">Taip<\/td>\n<\/tr>\n<tr>\n<th>Kanalai<\/th>\n<td style=\"text-align: right; font-size: 16px;\">4 kanal\u0173 \u012fvestis<\/td>\n<\/tr>\n<tr>\n<th>Darbin\u0117 temperat\u016bra<\/th>\n<td style=\"text-align: right; font-size: 16px;\">0\u00b0C to + 40 \u00b0C<\/td>\n<\/tr>\n<tr>\n<th>\u012erenginio energijos suvartojimas<\/th>\n<td style=\"text-align: right; font-size: 16px;\">&lt; 1 W<\/td>\n<\/tr>\n<tr>\n<th>I\u0161manusis \u012fjungimas\/i\u0161jungimas<\/th>\n<td style=\"text-align: right; font-size: 16px;\">Taip<\/td>\n<\/tr>\n<tr>\n<th>Vietinis ir nuotolinis valdymas<\/th>\n<td style=\"text-align: right; font-size: 16px;\">Taip<\/td>\n<\/tr>\n<tr>\n<th>Saul\u0117tekis Saul\u0117lydis<\/th>\n<td style=\"text-align: right; font-size: 16px;\">Taip<\/td>\n<\/tr>\n<tr>\n<th>Savaitinis grafikas<\/th>\n<td style=\"text-align: right; font-size: 16px;\">Taip<\/td>\n<\/tr>\n<tr>\n<th>RY\u0160IUMAS<\/th>\n<td style=\"text-align: right; font-size: 16px;\"><\/td>\n<\/tr>\n<tr>\n<th>Bevielis<\/th>\n<td style=\"text-align: right; font-size: 16px;\">Taip<\/td>\n<\/tr>\n<tr>\n<th>\u201eWi-Fi\u201c protokolas<\/th>\n<td style=\"text-align: right; font-size: 16px;\">802.11 b\/g\/n<\/td>\n<\/tr>\n<tr>\n<th>Wi-Fi radijo da\u017enis<\/th>\n<td style=\"text-align: right; font-size: 16px;\">2412-2472 \u041cHz<\/td>\n<\/tr>\n<tr>\n<th>\u201eWi-Fi\u201c radijo signalo galia<\/th>\n<td style=\"text-align: right; font-size: 16px;\">1mW<\/td>\n<\/tr>\n<tr>\n<th>Wi-Fi diapazonas<\/th>\n<td style=\"text-align: right; font-size: 16px;\">iki 50 m lauke ir iki 30 m patalpoje (priklausomai nuo statybini\u0173 med\u017eiag\u0173)<\/td>\n<\/tr>\n<tr>\n<th>MATMENYS<\/th>\n<td style=\"text-align: right; font-size: 16px;\"><\/td>\n<\/tr>\n<tr>\n<th>Dydis<\/th>\n<td style=\"text-align: right; font-size: 16px;\">42 mm x 38 mm x 17 mm<\/td>\n<\/tr>\n<\/tbody>\n<\/table>\n<p>[\/vc_column_text]\t\t<div id=\"gallery_874\" class=\"wd-images-gallery wd-justify-center wd-items-middle view-grid photoswipe-images\" >\n\t\t\t<div class=\"gallery-images row wd-spacing-0\">\n\t\t\t\t\t\t\t\t\t\t\t\t\t\t\t<div class=\"wd-gallery-item col-lg-12 col-md-12 col-sm-12 col-12\">\n\t\t\t\t\t\t\t\t\t\t\t\t\t\t<a href=\"\" data-elementor-open-lightbox=\"no\" data-index=\"1\" data-width=\"\" data-height=\"\"  >\n\t\t\t\t\t\t\t\t\n\t\t\t\t\t\t\t\t\n\t\t\t\t\t\t\t\t\t\t\t\t\t\t\t<\/a>\n\t\t\t\t\t\t\t\t\t\t\t\t<\/div>\n\t\t\t\t\t\t\t\t\t\t\t<div class=\"wd-gallery-item col-lg-12 col-md-12 col-sm-12 col-12\">\n\t\t\t\t\t\t\t\t\t\t\t\t\t\t<a href=\"\" data-elementor-open-lightbox=\"no\" data-index=\"2\" data-width=\"\" data-height=\"\"  >\n\t\t\t\t\t\t\t\t\n\t\t\t\t\t\t\t\t\n\t\t\t\t\t\t\t\t\t\t\t\t\t\t\t<\/a>\n\t\t\t\t\t\t\t\t\t\t\t\t<\/div>\n\t\t\t\t\t\t\t\t\t\t\t<div class=\"wd-gallery-item col-lg-12 col-md-12 col-sm-12 col-12\">\n\t\t\t\t\t\t\t\t\t\t\t\t\t\t<a href=\"\" data-elementor-open-lightbox=\"no\" data-index=\"3\" data-width=\"\" data-height=\"\"  >\n\t\t\t\t\t\t\t\t\n\t\t\t\t\t\t\t\t\n\t\t\t\t\t\t\t\t\t\t\t\t\t\t\t<\/a>\n\t\t\t\t\t\t\t\t\t\t\t\t<\/div>\n\t\t\t\t\t\t\t\t\t\t\t<div class=\"wd-gallery-item col-lg-12 col-md-12 col-sm-12 col-12\">\n\t\t\t\t\t\t\t\t\t\t\t\t\t\t<a href=\"\" data-elementor-open-lightbox=\"no\" data-index=\"4\" data-width=\"\" data-height=\"\"  >\n\t\t\t\t\t\t\t\t\n\t\t\t\t\t\t\t\t\n\t\t\t\t\t\t\t\t\t\t\t\t\t\t\t<\/a>\n\t\t\t\t\t\t\t\t\t\t\t\t<\/div>\n\t\t\t\t\t\t\t\t\t\t\t<div class=\"wd-gallery-item col-lg-12 col-md-12 col-sm-12 col-12\">\n\t\t\t\t\t\t\t\t\t\t\t\t\t\t<a href=\"\" data-elementor-open-lightbox=\"no\" data-index=\"5\" data-width=\"\" data-height=\"\"  >\n\t\t\t\t\t\t\t\t\n\t\t\t\t\t\t\t\t\n\t\t\t\t\t\t\t\t\t\t\t\t\t\t\t<\/a>\n\t\t\t\t\t\t\t\t\t\t\t\t<\/div>\n\t\t\t\t\t\t\t\t\t\t\t\t<\/div>\n\t\t<\/div>\n\t\t\t\t[\/vc_column][vc_column width=&#8221;1\/3&#8243; offset=&#8221;vc_hidden-sm vc_hidden-xs&#8221; mobile_bg_img_hidden=&#8221;no&#8221; tablet_bg_img_hidden=&#8221;no&#8221; woodmart_parallax=&#8221;0&#8243; woodmart_sticky_column=&#8221;false&#8221; parallax_scroll=&#8221;no&#8221; mobile_reset_margin=&#8221;no&#8221; tablet_reset_margin=&#8221;no&#8221;][\/vc_column][\/vc_row]<\/p>\n<\/section>","protected":false},"excerpt":{"rendered":"<p>Shelly Plus i4 leid\u017eia rankiniu b\u016bdu \u012fjungti arba i\u0161jungti bet kuri\u0105 sukurt\u0105 scen\u0105, vykdyti sinchronizuotus veiksmus arba vykdyti sud\u0117tingus paleidimo scenarijus.<\/p>\n","protected":false},"featured_media":2835,"template":"","meta":[],"product_cat":[296,297],"product_tag":[41],"class_list":{"0":"post-2843","1":"product","2":"type-product","3":"status-publish","4":"has-post-thumbnail","6":"product_cat-plus-serija-lt","7":"product_cat-ismaniosios-reles","8":"product_tag-shelly","10":"first","11":"outofstock","12":"taxable","13":"shipping-taxable","14":"purchasable","15":"product-type-simple"},"yoast_head":"<!-- This site is optimized with the Yoast SEO plugin v20.12 - https:\/\/yoast.com\/wordpress\/plugins\/seo\/ -->\n<title>Shelly Plus i4 - shelly.lv<\/title>\n<meta name=\"robots\" content=\"index, follow, max-snippet:-1, max-image-preview:large, max-video-preview:-1\" \/>\n<link rel=\"canonical\" href=\"https:\/\/shelly.lv\/lt\/shop\/plus-serija-lt\/shelly-plus-i4\/\" \/>\n<meta property=\"og:locale\" content=\"lt_LT\" \/>\n<meta property=\"og:type\" content=\"article\" \/>\n<meta property=\"og:title\" content=\"Shelly Plus i4 - shelly.lv\" \/>\n<meta property=\"og:description\" content=\"Shelly Plus i4 leid\u017eia rankiniu b\u016bdu \u012fjungti arba i\u0161jungti bet kuri\u0105 sukurt\u0105 scen\u0105, vykdyti sinchronizuotus veiksmus arba vykdyti sud\u0117tingus paleidimo scenarijus.\" \/>\n<meta property=\"og:url\" content=\"https:\/\/shelly.lv\/lt\/shop\/plus-serija-lt\/shelly-plus-i4\/\" \/>\n<meta property=\"og:site_name\" content=\"shelly.lv\" \/>\n<meta property=\"article:modified_time\" content=\"2025-03-25T10:57:34+00:00\" \/>\n<meta property=\"og:image\" content=\"http:\/\/shelly.lv\/wp-content\/uploads\/2023\/10\/Shelly_i4-right-1200x1200-1.jpg\" \/>\n\t<meta property=\"og:image:width\" content=\"1200\" \/>\n\t<meta property=\"og:image:height\" content=\"1200\" \/>\n\t<meta property=\"og:image:type\" content=\"image\/jpeg\" \/>\n<meta name=\"twitter:card\" content=\"summary_large_image\" \/>\n<meta name=\"twitter:label1\" content=\"Est. reading time\" \/>\n\t<meta name=\"twitter:data1\" content=\"2 minut\u0117s\" \/>\n<script type=\"application\/ld+json\" class=\"yoast-schema-graph\">{\"@context\":\"https:\/\/schema.org\",\"@graph\":[{\"@type\":\"WebPage\",\"@id\":\"https:\/\/shelly.lv\/lt\/shop\/plus-serija-lt\/shelly-plus-i4\/\",\"url\":\"https:\/\/shelly.lv\/lt\/shop\/plus-serija-lt\/shelly-plus-i4\/\",\"name\":\"Shelly Plus i4 - shelly.lv\",\"isPartOf\":{\"@id\":\"https:\/\/shelly.lv\/lt\/#website\"},\"datePublished\":\"2022-02-09T12:17:15+00:00\",\"dateModified\":\"2025-03-25T10:57:34+00:00\",\"breadcrumb\":{\"@id\":\"https:\/\/shelly.lv\/lt\/shop\/plus-serija-lt\/shelly-plus-i4\/#breadcrumb\"},\"inLanguage\":\"lt-LT\",\"potentialAction\":[{\"@type\":\"ReadAction\",\"target\":[\"https:\/\/shelly.lv\/lt\/shop\/plus-serija-lt\/shelly-plus-i4\/\"]}]},{\"@type\":\"BreadcrumbList\",\"@id\":\"https:\/\/shelly.lv\/lt\/shop\/plus-serija-lt\/shelly-plus-i4\/#breadcrumb\",\"itemListElement\":[{\"@type\":\"ListItem\",\"position\":1,\"name\":\"Home\",\"item\":\"https:\/\/shelly.lv\/lt\/\"},{\"@type\":\"ListItem\",\"position\":2,\"name\":\"Parduotuv\u0117\",\"item\":\"https:\/\/shelly.lv\/lt\/shop\/\"},{\"@type\":\"ListItem\",\"position\":3,\"name\":\"Shelly Plus i4\"}]},{\"@type\":\"WebSite\",\"@id\":\"https:\/\/shelly.lv\/lt\/#website\",\"url\":\"https:\/\/shelly.lv\/lt\/\",\"name\":\"Shelly.lv\",\"description\":\"Shelly Latvia\",\"publisher\":{\"@id\":\"https:\/\/shelly.lv\/lt\/#organization\"},\"potentialAction\":[{\"@type\":\"SearchAction\",\"target\":{\"@type\":\"EntryPoint\",\"urlTemplate\":\"https:\/\/shelly.lv\/lt\/?s={search_term_string}\"},\"query-input\":\"required name=search_term_string\"}],\"inLanguage\":\"lt-LT\"},{\"@type\":\"Organization\",\"@id\":\"https:\/\/shelly.lv\/lt\/#organization\",\"name\":\"Shelly.lv\",\"url\":\"https:\/\/shelly.lv\/lt\/\",\"logo\":{\"@type\":\"ImageObject\",\"inLanguage\":\"lt-LT\",\"@id\":\"https:\/\/shelly.lv\/lt\/#\/schema\/logo\/image\/\",\"url\":\"https:\/\/shelly.lv\/wp-content\/uploads\/2023\/07\/Asset-3.png\",\"contentUrl\":\"https:\/\/shelly.lv\/wp-content\/uploads\/2023\/07\/Asset-3.png\",\"width\":861,\"height\":240,\"caption\":\"Shelly.lv\"},\"image\":{\"@id\":\"https:\/\/shelly.lv\/lt\/#\/schema\/logo\/image\/\"}}]}<\/script>\n<!-- \/ Yoast SEO plugin. -->","yoast_head_json":{"title":"Shelly Plus i4 - shelly.lv","robots":{"index":"index","follow":"follow","max-snippet":"max-snippet:-1","max-image-preview":"max-image-preview:large","max-video-preview":"max-video-preview:-1"},"canonical":"https:\/\/shelly.lv\/lt\/shop\/plus-serija-lt\/shelly-plus-i4\/","og_locale":"lt_LT","og_type":"article","og_title":"Shelly Plus i4 - shelly.lv","og_description":"Shelly Plus i4 leid\u017eia rankiniu b\u016bdu \u012fjungti arba i\u0161jungti bet kuri\u0105 sukurt\u0105 scen\u0105, vykdyti sinchronizuotus veiksmus arba vykdyti sud\u0117tingus paleidimo scenarijus.","og_url":"https:\/\/shelly.lv\/lt\/shop\/plus-serija-lt\/shelly-plus-i4\/","og_site_name":"shelly.lv","article_modified_time":"2025-03-25T10:57:34+00:00","og_image":[{"width":1200,"height":1200,"url":"http:\/\/shelly.lv\/wp-content\/uploads\/2023\/10\/Shelly_i4-right-1200x1200-1.jpg","type":"image\/jpeg"}],"twitter_card":"summary_large_image","twitter_misc":{"Est. reading time":"2 minut\u0117s"},"schema":{"@context":"https:\/\/schema.org","@graph":[{"@type":"WebPage","@id":"https:\/\/shelly.lv\/lt\/shop\/plus-serija-lt\/shelly-plus-i4\/","url":"https:\/\/shelly.lv\/lt\/shop\/plus-serija-lt\/shelly-plus-i4\/","name":"Shelly Plus i4 - shelly.lv","isPartOf":{"@id":"https:\/\/shelly.lv\/lt\/#website"},"datePublished":"2022-02-09T12:17:15+00:00","dateModified":"2025-03-25T10:57:34+00:00","breadcrumb":{"@id":"https:\/\/shelly.lv\/lt\/shop\/plus-serija-lt\/shelly-plus-i4\/#breadcrumb"},"inLanguage":"lt-LT","potentialAction":[{"@type":"ReadAction","target":["https:\/\/shelly.lv\/lt\/shop\/plus-serija-lt\/shelly-plus-i4\/"]}]},{"@type":"BreadcrumbList","@id":"https:\/\/shelly.lv\/lt\/shop\/plus-serija-lt\/shelly-plus-i4\/#breadcrumb","itemListElement":[{"@type":"ListItem","position":1,"name":"Home","item":"https:\/\/shelly.lv\/lt\/"},{"@type":"ListItem","position":2,"name":"Parduotuv\u0117","item":"https:\/\/shelly.lv\/lt\/shop\/"},{"@type":"ListItem","position":3,"name":"Shelly Plus i4"}]},{"@type":"WebSite","@id":"https:\/\/shelly.lv\/lt\/#website","url":"https:\/\/shelly.lv\/lt\/","name":"Shelly.lv","description":"Shelly Latvia","publisher":{"@id":"https:\/\/shelly.lv\/lt\/#organization"},"potentialAction":[{"@type":"SearchAction","target":{"@type":"EntryPoint","urlTemplate":"https:\/\/shelly.lv\/lt\/?s={search_term_string}"},"query-input":"required name=search_term_string"}],"inLanguage":"lt-LT"},{"@type":"Organization","@id":"https:\/\/shelly.lv\/lt\/#organization","name":"Shelly.lv","url":"https:\/\/shelly.lv\/lt\/","logo":{"@type":"ImageObject","inLanguage":"lt-LT","@id":"https:\/\/shelly.lv\/lt\/#\/schema\/logo\/image\/","url":"https:\/\/shelly.lv\/wp-content\/uploads\/2023\/07\/Asset-3.png","contentUrl":"https:\/\/shelly.lv\/wp-content\/uploads\/2023\/07\/Asset-3.png","width":861,"height":240,"caption":"Shelly.lv"},"image":{"@id":"https:\/\/shelly.lv\/lt\/#\/schema\/logo\/image\/"}}]}},"_links":{"self":[{"href":"https:\/\/shelly.lv\/lt\/wp-json\/wp\/v2\/product\/2843","targetHints":{"allow":["GET"]}}],"collection":[{"href":"https:\/\/shelly.lv\/lt\/wp-json\/wp\/v2\/product"}],"about":[{"href":"https:\/\/shelly.lv\/lt\/wp-json\/wp\/v2\/types\/product"}],"wp:featuredmedia":[{"embeddable":true,"href":"https:\/\/shelly.lv\/lt\/wp-json\/wp\/v2\/media\/2835"}],"wp:attachment":[{"href":"https:\/\/shelly.lv\/lt\/wp-json\/wp\/v2\/media?parent=2843"}],"wp:term":[{"taxonomy":"product_cat","embeddable":true,"href":"https:\/\/shelly.lv\/lt\/wp-json\/wp\/v2\/product_cat?post=2843"},{"taxonomy":"product_tag","embeddable":true,"href":"https:\/\/shelly.lv\/lt\/wp-json\/wp\/v2\/product_tag?post=2843"}],"curies":[{"name":"wp","href":"https:\/\/api.w.org\/{rel}","templated":true}]}}