{"id":2886,"date":"2021-11-05T13:23:58","date_gmt":"2021-11-05T11:23:58","guid":{"rendered":"https:\/\/shelly.lv\/veikals\/uncategorized\/shelly-plus-1-ismanusis-1-kanalo-wifi-valdomas-relinis-jungiklis-bluetooth-pridejimas\/"},"modified":"2025-09-23T08:54:25","modified_gmt":"2025-09-23T05:54:25","slug":"shelly-plus-1","status":"publish","type":"product","link":"https:\/\/shelly.lv\/lt\/shop\/plus-serija-lt\/shelly-plus-1\/","title":{"rendered":"Shelly Plus 1"},"content":{"rendered":"<section class=\"wpb-content-wrapper\"><p>[vc_row][vc_column]\n\t\t<div id=\"wd-649eb47757dc8\" class=\"title-wrapper wd-wpb set-mb-s reset-last-child  wd-rs-649eb47757dc8 wd-title-color-default wd-title-style-default text-center vc_custom_1688122489240 wd-underline-colored\">\n\t\t\t\n\t\t\t<div class=\"liner-continer\">\n\t\t\t\t<h4 class=\"woodmart-title-container title  wd-font-weight-600 wd-fontsize-l\" >Shelly Plus 1 Wifi relinis jungiklis 16A<\/h4>\n\t\t\t\t\t\t\t<\/div>\n\t\t\t\n\t\t\t\n\t\t\t\n\t\t<\/div>\n\t\t\n\t\t[vc_column_text woodmart_inline=&#8221;no&#8221; text_larger=&#8221;no&#8221;]Valdykite plat\u0173 asortiment\u0105 buitin\u0117s technikos ir biuro \u012frangos (\u0161viesos, elektros laidai, apsaugos sistemos, \u0161ildymo radiatoriai, oro kondicionieriai ir kt.) i\u0161 bet kurios vietos ma\u017eiausiu WiFi valdomu rel\u0117s jungikliu, su Bluetooth ry\u0161iu.<\/p>\n<p>Shelly Plus 1 gali b\u016bti maitinamas 110-240 VAC, 24-240 VDC arba 12VDC<\/p>\n<ul>\n<li>Veikia \u201eWi-Fi\u201c \u2013 prisijungia prie j\u016bs\u0173 \u201eWi-Fi\u201c tinklo. HUB nereikia!<\/li>\n<li>\u201eBluetooth\u201c \u2013 greitai ir lengvai prid\u0117kite \u012frenginius naudodami \u201eBluetooth\u201c ry\u0161\u012f, naudodami \u201eShelly Cloud App\u201c.<\/li>\n<li>Sausi kontaktai<\/li>\n<li>\u017demos \u012ftampos palaikymas<\/li>\n<li>Itin greitas procesorius \u2013 ESP32<\/li>\n<li>Didesn\u0117 sauga \u2013 apsauga nuo perkaitimo<\/li>\n<li>Patobulintas saugumas \u2013 MQTT ir WSS palaikymas, TLS ir pasirinktini\u0173 sertifikat\u0173 palaikymas<\/li>\n<li>Patobulinta API s\u0105saja<\/li>\n<\/ul>\n<table class=\"table table-bordered\">\n<thead>\n<tr>\n<td colspan=\"2\"><strong>GALIA<\/strong><\/td>\n<\/tr>\n<\/thead>\n<tbody>\n<tr>\n<td>Maitinimas AC<\/td>\n<td>110-230V \u00b110%, 50\/60Hz<\/td>\n<\/tr>\n<tr>\n<td>Maitinimas DC<\/td>\n<td>24 \u2013 240V \/ 12V stabilized<\/td>\n<\/tr>\n<\/tbody>\n<thead>\n<tr>\n<td colspan=\"2\"><strong>SPECIALIOSIOS FUNKCIJOS<\/strong><\/td>\n<\/tr>\n<\/thead>\n<tbody>\n<tr>\n<td>Sausi kontaktai<\/td>\n<td>Taip<\/td>\n<\/tr>\n<tr>\n<td>Roleto re\u017eimas<\/td>\n<td>Ne<\/td>\n<\/tr>\n<tr>\n<td>Prietaiso temperat\u016bros apsauga<\/td>\n<td>Taip<\/td>\n<\/tr>\n<tr>\n<td>Apsauga nuo perkrovos<\/td>\n<td>Ne<\/td>\n<\/tr>\n<tr>\n<td>Galios matavimas<\/td>\n<td>Ne<\/td>\n<\/tr>\n<tr>\n<td>Darbas be neutralios linijos<\/td>\n<td>Ne<\/td>\n<\/tr>\n<\/tbody>\n<thead>\n<tr>\n<td colspan=\"2\"><strong>FUNKCIJOS<\/strong><\/td>\n<\/tr>\n<\/thead>\n<tbody>\n<tr>\n<td>HTTP\/HTTPS webhooks<\/td>\n<td>Taip<\/td>\n<\/tr>\n<tr>\n<td>Priskirti scenarijai (mJs)<\/td>\n<td>Taip<\/td>\n<\/tr>\n<tr>\n<td>Kanalai<\/td>\n<td>1 Channel<\/td>\n<\/tr>\n<tr>\n<td>Maksimali apkrova<\/td>\n<td>16A<\/td>\n<\/tr>\n<tr>\n<td>Darbin\u0117 temperat\u016bra<\/td>\n<td>0\u00b0C to + 40 \u00b0C<\/td>\n<\/tr>\n<tr>\n<td>\u012erenginio energijos suvartojimas<\/td>\n<td>&lt; 1 W<\/td>\n<\/tr>\n<tr>\n<td>I\u0161manusis \u012fjungimas\/i\u0161jungimas<\/td>\n<td>Yes<\/td>\n<\/tr>\n<tr>\n<td>Vietinis ir nuotolinis valdymas<\/td>\n<td>Yes<\/td>\n<\/tr>\n<tr>\n<td>Saul\u0117tekis \/ Saul\u0117lydis<\/td>\n<td>Yes<\/td>\n<\/tr>\n<tr>\n<td>Savaitinis grafikas<\/td>\n<td>Yes<\/td>\n<\/tr>\n<tr>\n<td>UL \u012ftrauktas \u012f s\u0105ra\u0161\u0105 pasirinkimas<\/td>\n<td>No<\/td>\n<\/tr>\n<\/tbody>\n<thead>\n<tr>\n<td colspan=\"2\"><strong>Ry\u0161ys<\/strong><\/td>\n<\/tr>\n<\/thead>\n<tbody>\n<tr>\n<td>Wifi<\/td>\n<td>Taip<\/td>\n<\/tr>\n<tr>\n<td>Wi-Fi Protokolas<\/td>\n<td>802.11 b\/g\/n<\/td>\n<\/tr>\n<tr>\n<td>Wi-Fi radijo da\u017enis<\/td>\n<td>2412 &#8211; 2484 MHz<\/td>\n<\/tr>\n<tr>\n<td>Wi-Fi radijo signalo galia<\/td>\n<td>1mW<\/td>\n<\/tr>\n<tr>\n<td>Wi-Fi diapazonas<\/td>\n<td>iki 50 m lauke ir iki 30 m patalpoje (priklausomai nuo statybini\u0173 med\u017eiag\u0173)<\/td>\n<\/tr>\n<tr>\n<td>Bluetooth<\/td>\n<td>Taip<\/td>\n<\/tr>\n<\/tbody>\n<thead>\n<tr>\n<td colspan=\"2\"><strong>MATMENYS<\/strong><\/td>\n<\/tr>\n<\/thead>\n<tbody>\n<tr>\n<td>Dydis<\/td>\n<td>41mm x 36mm x 15mm<\/td>\n<\/tr>\n<\/tbody>\n<\/table>\n<p>[\/vc_column_text]\t\t<div id=\"gallery_522\" class=\"wd-images-gallery wd-justify-center wd-items-middle view-grid photoswipe-images\" >\n\t\t\t<div class=\"gallery-images row wd-spacing-0\">\n\t\t\t\t\t\t\t\t\t\t\t\t\t\t\t<div class=\"wd-gallery-item col-lg-12 col-md-12 col-sm-12 col-12\">\n\t\t\t\t\t\t\t\t\t\t\t\t\t\t<a href=\"\" data-elementor-open-lightbox=\"no\" data-index=\"1\" data-width=\"\" data-height=\"\"  >\n\t\t\t\t\t\t\t\t\n\t\t\t\t\t\t\t\t\n\t\t\t\t\t\t\t\t\t\t\t\t\t\t\t<\/a>\n\t\t\t\t\t\t\t\t\t\t\t\t<\/div>\n\t\t\t\t\t\t\t\t\t\t\t<div class=\"wd-gallery-item col-lg-12 col-md-12 col-sm-12 col-12\">\n\t\t\t\t\t\t\t\t\t\t\t\t\t\t<a href=\"\" data-elementor-open-lightbox=\"no\" data-index=\"2\" data-width=\"\" data-height=\"\"  >\n\t\t\t\t\t\t\t\t\n\t\t\t\t\t\t\t\t\n\t\t\t\t\t\t\t\t\t\t\t\t\t\t\t<\/a>\n\t\t\t\t\t\t\t\t\t\t\t\t<\/div>\n\t\t\t\t\t\t\t\t\t\t\t<div class=\"wd-gallery-item col-lg-12 col-md-12 col-sm-12 col-12\">\n\t\t\t\t\t\t\t\t\t\t\t\t\t\t<a href=\"\" data-elementor-open-lightbox=\"no\" data-index=\"3\" data-width=\"\" data-height=\"\"  >\n\t\t\t\t\t\t\t\t\n\t\t\t\t\t\t\t\t\n\t\t\t\t\t\t\t\t\t\t\t\t\t\t\t<\/a>\n\t\t\t\t\t\t\t\t\t\t\t\t<\/div>\n\t\t\t\t\t\t\t\t\t\t\t\t<\/div>\n\t\t<\/div>\n\t\t\t\t[vc_video link=&#8221;https:\/\/www.youtube.com\/watch?v=wOqu2MHPv10&#8243; el_width=&#8221;80&#8243; align=&#8221;center&#8221; image_poster_switch=&#8221;no&#8221; css=&#8221;.vc_custom_1688122588597{padding-bottom: 15px !important;}&#8221;][\/vc_column][\/vc_row]<\/p>\n<\/section>","protected":false},"excerpt":{"rendered":"<p>[vc_row][vc_column][vc_column_text woodmart_inline=&#8221;no&#8221; text_larger=&#8221;no&#8221;]Valdykite plat\u0173 asortiment\u0105 buitin\u0117s technikos ir biuro \u012frangos (\u0161viesos, elektros laidai, apsaugos sistemos, \u0161ildymo radiatoriai, oro kondicionieriai ir<\/p>\n","protected":false},"featured_media":2870,"template":"","meta":[],"product_cat":[296,297],"product_tag":[201],"class_list":{"0":"post-2886","1":"product","2":"type-product","3":"status-publish","4":"has-post-thumbnail","6":"product_cat-plus-serija-lt","7":"product_cat-ismaniosios-reles","8":"product_tag-shelly-plus-1","10":"first","11":"outofstock","12":"sale","13":"taxable","14":"shipping-taxable","15":"purchasable","16":"product-type-simple"},"yoast_head":"<!-- This site is optimized with the Yoast SEO plugin v20.12 - https:\/\/yoast.com\/wordpress\/plugins\/seo\/ -->\n<title>Shelly Plus 1 - shelly.lv<\/title>\n<meta name=\"robots\" content=\"index, follow, max-snippet:-1, max-image-preview:large, max-video-preview:-1\" \/>\n<link rel=\"canonical\" href=\"https:\/\/shelly.lv\/lt\/shop\/plus-serija-lt\/shelly-plus-1\/\" \/>\n<meta property=\"og:locale\" content=\"lt_LT\" \/>\n<meta property=\"og:type\" content=\"article\" \/>\n<meta property=\"og:title\" content=\"Shelly Plus 1 - shelly.lv\" \/>\n<meta property=\"og:description\" content=\"[vc_row][vc_column][vc_column_text woodmart_inline=&#8221;no&#8221; text_larger=&#8221;no&#8221;]Valdykite plat\u0173 asortiment\u0105 buitin\u0117s technikos ir biuro \u012frangos (\u0161viesos, elektros laidai, apsaugos sistemos, \u0161ildymo radiatoriai, oro kondicionieriai ir\" \/>\n<meta property=\"og:url\" content=\"https:\/\/shelly.lv\/lt\/shop\/plus-serija-lt\/shelly-plus-1\/\" \/>\n<meta property=\"og:site_name\" content=\"shelly.lv\" \/>\n<meta property=\"article:modified_time\" content=\"2025-09-23T05:54:25+00:00\" \/>\n<meta property=\"og:image\" content=\"http:\/\/shelly.lv\/wp-content\/uploads\/2023\/10\/shellyplus_1_x1-1000x1000-1.jpg\" \/>\n\t<meta property=\"og:image:width\" content=\"1000\" \/>\n\t<meta property=\"og:image:height\" content=\"1000\" \/>\n\t<meta property=\"og:image:type\" content=\"image\/jpeg\" \/>\n<meta name=\"twitter:card\" content=\"summary_large_image\" \/>\n<meta name=\"twitter:label1\" content=\"Est. reading time\" \/>\n\t<meta name=\"twitter:data1\" content=\"2 minut\u0117s\" \/>\n<script type=\"application\/ld+json\" class=\"yoast-schema-graph\">{\"@context\":\"https:\/\/schema.org\",\"@graph\":[{\"@type\":\"WebPage\",\"@id\":\"https:\/\/shelly.lv\/lt\/shop\/plus-serija-lt\/shelly-plus-1\/\",\"url\":\"https:\/\/shelly.lv\/lt\/shop\/plus-serija-lt\/shelly-plus-1\/\",\"name\":\"Shelly Plus 1 - shelly.lv\",\"isPartOf\":{\"@id\":\"https:\/\/shelly.lv\/lt\/#website\"},\"datePublished\":\"2021-11-05T11:23:58+00:00\",\"dateModified\":\"2025-09-23T05:54:25+00:00\",\"breadcrumb\":{\"@id\":\"https:\/\/shelly.lv\/lt\/shop\/plus-serija-lt\/shelly-plus-1\/#breadcrumb\"},\"inLanguage\":\"lt-LT\",\"potentialAction\":[{\"@type\":\"ReadAction\",\"target\":[\"https:\/\/shelly.lv\/lt\/shop\/plus-serija-lt\/shelly-plus-1\/\"]}]},{\"@type\":\"BreadcrumbList\",\"@id\":\"https:\/\/shelly.lv\/lt\/shop\/plus-serija-lt\/shelly-plus-1\/#breadcrumb\",\"itemListElement\":[{\"@type\":\"ListItem\",\"position\":1,\"name\":\"Home\",\"item\":\"https:\/\/shelly.lv\/lt\/\"},{\"@type\":\"ListItem\",\"position\":2,\"name\":\"Parduotuv\u0117\",\"item\":\"https:\/\/shelly.lv\/lt\/shop\/\"},{\"@type\":\"ListItem\",\"position\":3,\"name\":\"Shelly Plus 1\"}]},{\"@type\":\"WebSite\",\"@id\":\"https:\/\/shelly.lv\/lt\/#website\",\"url\":\"https:\/\/shelly.lv\/lt\/\",\"name\":\"Shelly.lv\",\"description\":\"Shelly Latvia\",\"publisher\":{\"@id\":\"https:\/\/shelly.lv\/lt\/#organization\"},\"potentialAction\":[{\"@type\":\"SearchAction\",\"target\":{\"@type\":\"EntryPoint\",\"urlTemplate\":\"https:\/\/shelly.lv\/lt\/?s={search_term_string}\"},\"query-input\":\"required name=search_term_string\"}],\"inLanguage\":\"lt-LT\"},{\"@type\":\"Organization\",\"@id\":\"https:\/\/shelly.lv\/lt\/#organization\",\"name\":\"Shelly.lv\",\"url\":\"https:\/\/shelly.lv\/lt\/\",\"logo\":{\"@type\":\"ImageObject\",\"inLanguage\":\"lt-LT\",\"@id\":\"https:\/\/shelly.lv\/lt\/#\/schema\/logo\/image\/\",\"url\":\"https:\/\/shelly.lv\/wp-content\/uploads\/2023\/07\/Asset-3.png\",\"contentUrl\":\"https:\/\/shelly.lv\/wp-content\/uploads\/2023\/07\/Asset-3.png\",\"width\":861,\"height\":240,\"caption\":\"Shelly.lv\"},\"image\":{\"@id\":\"https:\/\/shelly.lv\/lt\/#\/schema\/logo\/image\/\"}}]}<\/script>\n<!-- \/ Yoast SEO plugin. -->","yoast_head_json":{"title":"Shelly Plus 1 - shelly.lv","robots":{"index":"index","follow":"follow","max-snippet":"max-snippet:-1","max-image-preview":"max-image-preview:large","max-video-preview":"max-video-preview:-1"},"canonical":"https:\/\/shelly.lv\/lt\/shop\/plus-serija-lt\/shelly-plus-1\/","og_locale":"lt_LT","og_type":"article","og_title":"Shelly Plus 1 - shelly.lv","og_description":"[vc_row][vc_column][vc_column_text woodmart_inline=&#8221;no&#8221; text_larger=&#8221;no&#8221;]Valdykite plat\u0173 asortiment\u0105 buitin\u0117s technikos ir biuro \u012frangos (\u0161viesos, elektros laidai, apsaugos sistemos, \u0161ildymo radiatoriai, oro kondicionieriai ir","og_url":"https:\/\/shelly.lv\/lt\/shop\/plus-serija-lt\/shelly-plus-1\/","og_site_name":"shelly.lv","article_modified_time":"2025-09-23T05:54:25+00:00","og_image":[{"width":1000,"height":1000,"url":"http:\/\/shelly.lv\/wp-content\/uploads\/2023\/10\/shellyplus_1_x1-1000x1000-1.jpg","type":"image\/jpeg"}],"twitter_card":"summary_large_image","twitter_misc":{"Est. reading time":"2 minut\u0117s"},"schema":{"@context":"https:\/\/schema.org","@graph":[{"@type":"WebPage","@id":"https:\/\/shelly.lv\/lt\/shop\/plus-serija-lt\/shelly-plus-1\/","url":"https:\/\/shelly.lv\/lt\/shop\/plus-serija-lt\/shelly-plus-1\/","name":"Shelly Plus 1 - shelly.lv","isPartOf":{"@id":"https:\/\/shelly.lv\/lt\/#website"},"datePublished":"2021-11-05T11:23:58+00:00","dateModified":"2025-09-23T05:54:25+00:00","breadcrumb":{"@id":"https:\/\/shelly.lv\/lt\/shop\/plus-serija-lt\/shelly-plus-1\/#breadcrumb"},"inLanguage":"lt-LT","potentialAction":[{"@type":"ReadAction","target":["https:\/\/shelly.lv\/lt\/shop\/plus-serija-lt\/shelly-plus-1\/"]}]},{"@type":"BreadcrumbList","@id":"https:\/\/shelly.lv\/lt\/shop\/plus-serija-lt\/shelly-plus-1\/#breadcrumb","itemListElement":[{"@type":"ListItem","position":1,"name":"Home","item":"https:\/\/shelly.lv\/lt\/"},{"@type":"ListItem","position":2,"name":"Parduotuv\u0117","item":"https:\/\/shelly.lv\/lt\/shop\/"},{"@type":"ListItem","position":3,"name":"Shelly Plus 1"}]},{"@type":"WebSite","@id":"https:\/\/shelly.lv\/lt\/#website","url":"https:\/\/shelly.lv\/lt\/","name":"Shelly.lv","description":"Shelly Latvia","publisher":{"@id":"https:\/\/shelly.lv\/lt\/#organization"},"potentialAction":[{"@type":"SearchAction","target":{"@type":"EntryPoint","urlTemplate":"https:\/\/shelly.lv\/lt\/?s={search_term_string}"},"query-input":"required name=search_term_string"}],"inLanguage":"lt-LT"},{"@type":"Organization","@id":"https:\/\/shelly.lv\/lt\/#organization","name":"Shelly.lv","url":"https:\/\/shelly.lv\/lt\/","logo":{"@type":"ImageObject","inLanguage":"lt-LT","@id":"https:\/\/shelly.lv\/lt\/#\/schema\/logo\/image\/","url":"https:\/\/shelly.lv\/wp-content\/uploads\/2023\/07\/Asset-3.png","contentUrl":"https:\/\/shelly.lv\/wp-content\/uploads\/2023\/07\/Asset-3.png","width":861,"height":240,"caption":"Shelly.lv"},"image":{"@id":"https:\/\/shelly.lv\/lt\/#\/schema\/logo\/image\/"}}]}},"_links":{"self":[{"href":"https:\/\/shelly.lv\/lt\/wp-json\/wp\/v2\/product\/2886","targetHints":{"allow":["GET"]}}],"collection":[{"href":"https:\/\/shelly.lv\/lt\/wp-json\/wp\/v2\/product"}],"about":[{"href":"https:\/\/shelly.lv\/lt\/wp-json\/wp\/v2\/types\/product"}],"wp:featuredmedia":[{"embeddable":true,"href":"https:\/\/shelly.lv\/lt\/wp-json\/wp\/v2\/media\/2870"}],"wp:attachment":[{"href":"https:\/\/shelly.lv\/lt\/wp-json\/wp\/v2\/media?parent=2886"}],"wp:term":[{"taxonomy":"product_cat","embeddable":true,"href":"https:\/\/shelly.lv\/lt\/wp-json\/wp\/v2\/product_cat?post=2886"},{"taxonomy":"product_tag","embeddable":true,"href":"https:\/\/shelly.lv\/lt\/wp-json\/wp\/v2\/product_tag?post=2886"}],"curies":[{"name":"wp","href":"https:\/\/api.w.org\/{rel}","templated":true}]}}