{"id":2915,"date":"2021-05-10T11:24:31","date_gmt":"2021-05-10T08:24:31","guid":{"rendered":"https:\/\/shelly.lv\/veikals\/uncategorized\/shelly-vintage-st64-ismanioji-wifi-led-lempa\/"},"modified":"2025-11-08T12:45:15","modified_gmt":"2025-11-08T10:45:15","slug":"shelly-vintage-st64","status":"publish","type":"product","link":"https:\/\/shelly.lv\/lt\/shop\/apsvietimas\/shelly-vintage-st64\/","title":{"rendered":"Shelly Vintage ST64"},"content":{"rendered":"<section class=\"wpb-content-wrapper\"><p>[vc_row content_placement=&#8221;top&#8221; css=&#8221;.vc_custom_1619544704606{margin-bottom: 8vh !important;}&#8221; mobile_bg_img_hidden=&#8221;no&#8221; tablet_bg_img_hidden=&#8221;no&#8221; woodmart_parallax=&#8221;0&#8243; woodmart_gradient_switch=&#8221;no&#8221; row_reverse_mobile=&#8221;0&#8243; row_reverse_tablet=&#8221;0&#8243; woodmart_disable_overflow=&#8221;0&#8243;][vc_column width=&#8221;2\/3&#8243;]\n\t\t<div id=\"wd-6098ede34f4ef\" class=\"title-wrapper wd-wpb set-mb-s reset-last-child  wd-rs-6098ede34f4ef wd-title-color-default wd-title-style-default text-left vc_custom_1620635110865 wd-underline-colored\">\n\t\t\t\n\t\t\t<div class=\"liner-continer\">\n\t\t\t\t<h4 class=\"woodmart-title-container title  wd-font-weight-600 wd-fontsize-l\" >Shelly Vintage ST64 i\u0161manioji wifi Led lemput\u0117<\/h4>\n\t\t\t\t\t\t\t<\/div>\n\t\t\t\n\t\t\t\n\t\t\t\n\t\t<\/div>\n\t\t\n\t\t[vc_column_text text_larger=&#8221;no&#8221;]<strong>Kod\u0117l \u201eShelly Vintage\u201c<\/strong><\/p>\n<p>I\u0161mani, reguliuojama lemput\u0117 su senoviniu dizainu.\u00a0Naudodamiesi nemokama \u201eShelly Cloud\u201c programa, valdykite ir reguliuokite savo \u0161viesos ry\u0161kum\u0105, atsi\u017evelgdami \u012f savo norus.\u00a0Prijunkite \u201eShelly Vintage\u201c tiesiai prie \u201eWi-Fi\u201c namuose, \u017eaiskite su \u0161viesa ir pasirinkite \u0161viesos ry\u0161kum\u0105 pagal savo pageidavimus.<\/p>\n<p><strong>Sekite saul\u0119<\/strong><\/p>\n<p>Automati\u0161kai sekite saul\u0119 ir valdykite savo \u0161vies\u0105.\u00a0Nustatykite savo \u201eShelly Vintage\u201c lemputes \u012fsijungti \/ i\u0161jungti, atsi\u017evelgiant \u012f saul\u0117tekio ir saul\u0117lyd\u017eio valandas.<\/p>\n<p><strong>Gyvenkite gyvenim\u0105 paprastai!<\/strong><\/p>\n<p>Prijunkite \u201eShelly Vintage\u201c lemputes su savo nam\u0173 \u201eWi-Fi\u201c tinklu ir valdykite jas tiesiogiai i\u0161 bet kurios vietos naudodami nemokam\u0105 \u201eShelly\u201c program\u0105.\u00a0Lengvai sureguliuokite savo \u0161vies\u0173 ry\u0161kum\u0105 ir nustatykite pasirinktinius tvarkara\u0161\u010dius gul\u0117dami ant sofos.<\/p>\n<p><strong>Kaip tai veikia?<\/strong><\/p>\n<p>Nuimkite sen\u0105 nuobod\u017ei\u0105 lemput\u0119 ir \u012fsukite \u012f lizd\u0105 savo \u201eShelly Vintage\u201c lemput\u0119.\u00a0Atsisi\u0173skite \u201eShelly Cloud\u201c program\u0105 ir prid\u0117kite \u201eShelly Vintage\u201c lemput\u0119.\u00a0\u201eShelly Vintage Bulb\u201c galite \u012fjungti \/ i\u0161jungti kaip ir \u012fprast\u0105 lemput\u0119 i\u0161 kambario jungiklio.<\/p>\n<p><strong>Protingas pabusti tamsiu paros metu<\/strong><\/p>\n<p>Tamsiomis ankstyvomis ryto valandomis nebebus \u012ftemptos ry\u0161kios \u0161viesos.\u00a0Nustatykite savo pasirinkt\u0105 tvarkara\u0161t\u012f ir rinkit\u0117s \u0161velni\u0105 ir silpn\u0105 \u0161vies\u0105, kol lauke dar tamsu, kai jums reikia \u012fjungti \u0161viesas anksti ryte.<\/p>\n<p><strong>Ap\u0161vietimo valdymas<\/strong><\/p>\n<p>Einate miegoti ir turite i\u0161jungti visas \u0161viesas, ar keliat\u0117s \u012f darb\u0105 ir norite, kad \u0161viesa b\u016bt\u0173 \u0161velnesn\u0117?\u00a0Naudodamiesi \u201eShelly Vintage\u201c, galite be vargo valdyti nam\u0173 ap\u0161vietim\u0105 telefonu, suma\u017einti energijos suvartojim\u0105 ir i\u0161vengti \u012ftemptos \u0161viesos, jei pabundate nakt\u012f.<\/p>\n<p><strong>Stilingas pritemdymas<\/strong><\/p>\n<p>Ar rengiat\u0117s romanti\u0161k\u0105 vakarien\u0119 su savo mylimuoju, ta\u010diau atmosfera kambaryje n\u0117ra tokia, kokios trok\u0161tate?\u00a0Naudodami stiling\u0105 \u201eShelly Vintage\u201c galite m\u0117gautis pritemdoma \u0161viesa, tiksliai sureguliuodami ry\u0161kum\u0105 vienu palietimu per telefon\u0105 arba i\u0161 sienos jungiklio &#8211; viskas priklauso tik nuo j\u016bs\u0173!<\/p>\n<p class=\"vc_custom_heading text_upp vc_custom_1589789334160\"><strong>VALDYKITE VISK\u0104<\/strong><\/p>\n<p>\u201eShelly Vintage\u201c \u017eino saul\u0117tekio ir saul\u0117lyd\u017eio laikus j\u016bs\u0173 vietoje.\u00a0Tai gali automati\u0161kai \u012fsijungti ir i\u0161jungti, atsi\u017evelgiant \u012f j\u016bs\u0173 norus ir poreikius.\u00a0Imituoti buvim\u0105, kai nesate namuose, dar niekada nebuvo taip paprasta.\u00a0Naudodami 24 valand\u0173 laikmat\u012f kiekvienai savait\u0117s dienai, galite i\u0161 anksto nustatyti tiksl\u0173 \u0161viesos \u012fjungimo \/ i\u0161jungimo laik\u0105.[\/vc_column_text]\n\t\t<div id=\"wd-6098edf6c6ba2\" class=\"title-wrapper wd-wpb set-mb-s reset-last-child  wd-rs-6098edf6c6ba2 wd-title-color-default wd-title-style-default text-left vc_custom_1620635130224 wd-width-enabled wd-underline-colored\" style=\"--wd-max-width: 90%;\">\n\t\t\t\n\t\t\t<div class=\"liner-continer\">\n\t\t\t\t<h4 class=\"woodmart-title-container title  wd-font-weight- wd-fontsize-xl\" >Shelly Vintage ST64 pajungimas ir duomenys<\/h4>\n\t\t\t\t\t\t\t<\/div>\n\t\t\t\n\t\t\t\n\t\t\t\n\t\t<\/div>\n\t\t\n\t\t[vc_video link=&#8221;https:\/\/www.youtube.com\/watch?v=LfAkGV67rkA&#8221; image_poster_switch=&#8221;no&#8221;][vc_column_text el_class=&#8221;text-larger&#8221; text_larger=&#8221;no&#8221;]<\/p>\n<table>\n<tbody>\n<tr>\n<th>Galia<\/th>\n<td style=\"text-align: right; font-size: 16px;\">7W<\/td>\n<\/tr>\n<tr>\n<th>Lizdas<\/th>\n<td style=\"text-align: right; font-size: 16px;\">E27<\/td>\n<\/tr>\n<tr>\n<th>Maitinimo \u0161altinis AC<\/th>\n<td style=\"text-align: right; font-size: 16px;\">230 V \u00b1 10%, 50Hz<\/td>\n<\/tr>\n<tr>\n<th>Maitinimo \u0161altinis DC<\/th>\n<td style=\"text-align: right; font-size: 16px;\">Ne<\/td>\n<\/tr>\n<tr>\n<th style=\"text-align: left;\"><em>Specialios funkcijos<\/em><\/th>\n<td style=\"text-align: right; font-size: 16px;\"><\/td>\n<\/tr>\n<tr>\n<th>Prietaiso apsauga nuo temperat\u016bros<\/th>\n<td style=\"text-align: right; font-size: 16px;\">Ne<\/td>\n<\/tr>\n<tr>\n<th>Dimerevimas<\/th>\n<td style=\"text-align: right; font-size: 16px;\">Taip<\/td>\n<\/tr>\n<tr>\n<th>Apsauga nuo perkrovos<\/th>\n<td style=\"text-align: right; font-size: 16px;\">Ne<\/td>\n<\/tr>\n<tr>\n<th>Galios matavimo<\/th>\n<td style=\"text-align: right; font-size: 16px;\">Ne<\/td>\n<\/tr>\n<tr>\n<th style=\"text-align: left;\"><em>Funkcijos<\/em><\/th>\n<td style=\"text-align: right; font-size: 16px;\"><\/td>\n<\/tr>\n<tr>\n<th>Darbin\u0117 temperat\u016bra<\/th>\n<td style=\"text-align: right; font-size: 16px;\">Nuo -10 \u00b0 C iki + 40 \u00b0 C<\/td>\n<\/tr>\n<tr>\n<th>Ry\u0161kumas<\/th>\n<td style=\"text-align: right; font-size: 16px;\">\u0160ilta balta: 750 LM<\/td>\n<\/tr>\n<tr>\n<th>Spalva kei\u010diasi<\/th>\n<td style=\"text-align: right; font-size: 16px;\">Ne<\/td>\n<\/tr>\n<tr>\n<th>Spalv\u0173 temperat\u016bra<\/th>\n<td style=\"text-align: right; font-size: 16px;\">2700K<\/td>\n<\/tr>\n<tr>\n<th>Lemput\u0117s tipas<\/th>\n<td style=\"text-align: right; font-size: 16px;\">LED<\/td>\n<\/tr>\n<tr>\n<th>Stiklas \/ danga<\/th>\n<td style=\"text-align: right; font-size: 16px;\">&#8211;<\/td>\n<\/tr>\n<tr>\n<th>I\u0161 anksto nustatytas poveikis<\/th>\n<td style=\"text-align: right; font-size: 16px;\">Ne<\/td>\n<\/tr>\n<tr>\n<th>Apsaugos klas\u0117<\/th>\n<td style=\"text-align: right; font-size: 16px;\">IP20<\/td>\n<\/tr>\n<tr>\n<th>Pa\u017eangus \u012fjungimas \/ i\u0161jungimas<\/th>\n<td style=\"text-align: right; font-size: 16px;\">Taip<\/td>\n<\/tr>\n<tr>\n<th>Saul\u0117tekis \/ saul\u0117lydis<\/th>\n<td style=\"text-align: right; font-size: 16px;\">Taip<\/td>\n<\/tr>\n<tr>\n<th>Savait\u0117s grafikas<\/th>\n<td style=\"text-align: right; font-size: 16px;\">Taip<\/td>\n<\/tr>\n<tr>\n<th>Veikimo laikas<\/th>\n<td style=\"text-align: right; font-size: 16px;\">15 000 valand\u0173<\/td>\n<\/tr>\n<tr>\n<th style=\"text-align: left;\"><em>Jungtis<\/em><\/th>\n<td style=\"text-align: right; font-size: 16px;\"><\/td>\n<\/tr>\n<tr>\n<th>Wireless\/WiFi Protocol<\/th>\n<td style=\"text-align: right; font-size: 16px;\">802.11 b \/ g \/ n<\/td>\n<\/tr>\n<tr>\n<th>Radijo da\u017enis<\/th>\n<td style=\"text-align: right; font-size: 16px;\">2400 &#8211; 2484 MHz<\/td>\n<\/tr>\n<tr>\n<th>Radijo signalo galia<\/th>\n<td style=\"text-align: right; font-size: 16px;\">1mW<\/td>\n<\/tr>\n<tr>\n<th>Atstumas<\/th>\n<td style=\"text-align: right; font-size: 16px;\">iki 50 m lauke ir iki 30 m patalpose (priklausomai nuo statybini\u0173 med\u017eiag\u0173)<\/td>\n<\/tr>\n<tr>\n<th>Dydis<\/th>\n<td style=\"text-align: right; font-size: 16px;\">64 mm x 160 mm<\/td>\n<\/tr>\n<\/tbody>\n<\/table>\n<p>[\/vc_column_text][\/vc_column][vc_column width=&#8221;1\/3&#8243; offset=&#8221;vc_hidden-sm vc_hidden-xs&#8221; mobile_bg_img_hidden=&#8221;no&#8221; tablet_bg_img_hidden=&#8221;no&#8221; woodmart_parallax=&#8221;0&#8243; woodmart_sticky_column=&#8221;false&#8221; parallax_scroll=&#8221;no&#8221; mobile_reset_margin=&#8221;no&#8221; tablet_reset_margin=&#8221;no&#8221;][\/vc_column][\/vc_row]<\/p>\n<\/section>","protected":false},"excerpt":{"rendered":"<p>[vc_row content_placement=&#8221;top&#8221; css=&#8221;.vc_custom_1619544704606{margin-bottom: 8vh !important;}&#8221; mobile_bg_img_hidden=&#8221;no&#8221; tablet_bg_img_hidden=&#8221;no&#8221; woodmart_parallax=&#8221;0&#8243; woodmart_gradient_switch=&#8221;no&#8221; row_reverse_mobile=&#8221;0&#8243; row_reverse_tablet=&#8221;0&#8243; woodmart_disable_overflow=&#8221;0&#8243;][vc_column width=&#8221;2\/3&#8243;][vc_column_text text_larger=&#8221;no&#8221;]Kod\u0117l \u201eShelly Vintage\u201c I\u0161mani, reguliuojama lemput\u0117 su<\/p>\n","protected":false},"featured_media":2913,"template":"","meta":[],"product_cat":[301],"product_tag":[41,207,208,209],"class_list":{"0":"post-2915","1":"product","2":"type-product","3":"status-publish","4":"has-post-thumbnail","6":"product_cat-apsvietimas","7":"product_tag-shelly","8":"product_tag-shelly-ismanioji-lempute","9":"product_tag-shelly-lemputes","10":"product_tag-shelly-vintage","12":"first","13":"outofstock","14":"sale","15":"taxable","16":"shipping-taxable","17":"purchasable","18":"product-type-simple"},"yoast_head":"<!-- This site is optimized with the Yoast SEO plugin v20.12 - https:\/\/yoast.com\/wordpress\/plugins\/seo\/ -->\n<title>Shelly Vintage ST64 - shelly.lv<\/title>\n<meta name=\"robots\" content=\"index, follow, max-snippet:-1, max-image-preview:large, max-video-preview:-1\" \/>\n<link rel=\"canonical\" href=\"https:\/\/shelly.lv\/lt\/shop\/apsvietimas\/shelly-vintage-st64\/\" \/>\n<meta property=\"og:locale\" content=\"lt_LT\" \/>\n<meta property=\"og:type\" content=\"article\" \/>\n<meta property=\"og:title\" content=\"Shelly Vintage ST64 - shelly.lv\" \/>\n<meta property=\"og:description\" content=\"[vc_row content_placement=&#8221;top&#8221; css=&#8221;.vc_custom_1619544704606{margin-bottom: 8vh !important;}&#8221; mobile_bg_img_hidden=&#8221;no&#8221; tablet_bg_img_hidden=&#8221;no&#8221; woodmart_parallax=&#8221;0&#8243; woodmart_gradient_switch=&#8221;no&#8221; row_reverse_mobile=&#8221;0&#8243; row_reverse_tablet=&#8221;0&#8243; woodmart_disable_overflow=&#8221;0&#8243;][vc_column width=&#8221;2\/3&#8243;][vc_column_text text_larger=&#8221;no&#8221;]Kod\u0117l \u201eShelly Vintage\u201c I\u0161mani, reguliuojama lemput\u0117 su\" \/>\n<meta property=\"og:url\" content=\"https:\/\/shelly.lv\/lt\/shop\/apsvietimas\/shelly-vintage-st64\/\" \/>\n<meta property=\"og:site_name\" content=\"shelly.lv\" \/>\n<meta property=\"article:modified_time\" content=\"2025-11-08T10:45:15+00:00\" \/>\n<meta property=\"og:image\" content=\"http:\/\/shelly.lv\/wp-content\/uploads\/2023\/10\/shelly_vintage_ST64-1000x1000-1.jpg\" \/>\n\t<meta property=\"og:image:width\" content=\"1000\" \/>\n\t<meta property=\"og:image:height\" content=\"1000\" \/>\n\t<meta property=\"og:image:type\" content=\"image\/jpeg\" \/>\n<meta name=\"twitter:card\" content=\"summary_large_image\" \/>\n<meta name=\"twitter:label1\" content=\"Est. reading time\" \/>\n\t<meta name=\"twitter:data1\" content=\"3 minut\u0117s\" \/>\n<script type=\"application\/ld+json\" class=\"yoast-schema-graph\">{\"@context\":\"https:\/\/schema.org\",\"@graph\":[{\"@type\":\"WebPage\",\"@id\":\"https:\/\/shelly.lv\/lt\/shop\/apsvietimas\/shelly-vintage-st64\/\",\"url\":\"https:\/\/shelly.lv\/lt\/shop\/apsvietimas\/shelly-vintage-st64\/\",\"name\":\"Shelly Vintage ST64 - shelly.lv\",\"isPartOf\":{\"@id\":\"https:\/\/shelly.lv\/lt\/#website\"},\"datePublished\":\"2021-05-10T08:24:31+00:00\",\"dateModified\":\"2025-11-08T10:45:15+00:00\",\"breadcrumb\":{\"@id\":\"https:\/\/shelly.lv\/lt\/shop\/apsvietimas\/shelly-vintage-st64\/#breadcrumb\"},\"inLanguage\":\"lt-LT\",\"potentialAction\":[{\"@type\":\"ReadAction\",\"target\":[\"https:\/\/shelly.lv\/lt\/shop\/apsvietimas\/shelly-vintage-st64\/\"]}]},{\"@type\":\"BreadcrumbList\",\"@id\":\"https:\/\/shelly.lv\/lt\/shop\/apsvietimas\/shelly-vintage-st64\/#breadcrumb\",\"itemListElement\":[{\"@type\":\"ListItem\",\"position\":1,\"name\":\"Home\",\"item\":\"https:\/\/shelly.lv\/lt\/\"},{\"@type\":\"ListItem\",\"position\":2,\"name\":\"Parduotuv\u0117\",\"item\":\"https:\/\/shelly.lv\/lt\/shop\/\"},{\"@type\":\"ListItem\",\"position\":3,\"name\":\"Shelly Vintage ST64\"}]},{\"@type\":\"WebSite\",\"@id\":\"https:\/\/shelly.lv\/lt\/#website\",\"url\":\"https:\/\/shelly.lv\/lt\/\",\"name\":\"Shelly.lv\",\"description\":\"Shelly Latvia\",\"publisher\":{\"@id\":\"https:\/\/shelly.lv\/lt\/#organization\"},\"potentialAction\":[{\"@type\":\"SearchAction\",\"target\":{\"@type\":\"EntryPoint\",\"urlTemplate\":\"https:\/\/shelly.lv\/lt\/?s={search_term_string}\"},\"query-input\":\"required name=search_term_string\"}],\"inLanguage\":\"lt-LT\"},{\"@type\":\"Organization\",\"@id\":\"https:\/\/shelly.lv\/lt\/#organization\",\"name\":\"Shelly.lv\",\"url\":\"https:\/\/shelly.lv\/lt\/\",\"logo\":{\"@type\":\"ImageObject\",\"inLanguage\":\"lt-LT\",\"@id\":\"https:\/\/shelly.lv\/lt\/#\/schema\/logo\/image\/\",\"url\":\"https:\/\/shelly.lv\/wp-content\/uploads\/2023\/07\/Asset-3.png\",\"contentUrl\":\"https:\/\/shelly.lv\/wp-content\/uploads\/2023\/07\/Asset-3.png\",\"width\":861,\"height\":240,\"caption\":\"Shelly.lv\"},\"image\":{\"@id\":\"https:\/\/shelly.lv\/lt\/#\/schema\/logo\/image\/\"}}]}<\/script>\n<!-- \/ Yoast SEO plugin. -->","yoast_head_json":{"title":"Shelly Vintage ST64 - shelly.lv","robots":{"index":"index","follow":"follow","max-snippet":"max-snippet:-1","max-image-preview":"max-image-preview:large","max-video-preview":"max-video-preview:-1"},"canonical":"https:\/\/shelly.lv\/lt\/shop\/apsvietimas\/shelly-vintage-st64\/","og_locale":"lt_LT","og_type":"article","og_title":"Shelly Vintage ST64 - shelly.lv","og_description":"[vc_row content_placement=&#8221;top&#8221; css=&#8221;.vc_custom_1619544704606{margin-bottom: 8vh !important;}&#8221; mobile_bg_img_hidden=&#8221;no&#8221; tablet_bg_img_hidden=&#8221;no&#8221; woodmart_parallax=&#8221;0&#8243; woodmart_gradient_switch=&#8221;no&#8221; row_reverse_mobile=&#8221;0&#8243; row_reverse_tablet=&#8221;0&#8243; woodmart_disable_overflow=&#8221;0&#8243;][vc_column width=&#8221;2\/3&#8243;][vc_column_text text_larger=&#8221;no&#8221;]Kod\u0117l \u201eShelly Vintage\u201c I\u0161mani, reguliuojama lemput\u0117 su","og_url":"https:\/\/shelly.lv\/lt\/shop\/apsvietimas\/shelly-vintage-st64\/","og_site_name":"shelly.lv","article_modified_time":"2025-11-08T10:45:15+00:00","og_image":[{"width":1000,"height":1000,"url":"http:\/\/shelly.lv\/wp-content\/uploads\/2023\/10\/shelly_vintage_ST64-1000x1000-1.jpg","type":"image\/jpeg"}],"twitter_card":"summary_large_image","twitter_misc":{"Est. reading time":"3 minut\u0117s"},"schema":{"@context":"https:\/\/schema.org","@graph":[{"@type":"WebPage","@id":"https:\/\/shelly.lv\/lt\/shop\/apsvietimas\/shelly-vintage-st64\/","url":"https:\/\/shelly.lv\/lt\/shop\/apsvietimas\/shelly-vintage-st64\/","name":"Shelly Vintage ST64 - shelly.lv","isPartOf":{"@id":"https:\/\/shelly.lv\/lt\/#website"},"datePublished":"2021-05-10T08:24:31+00:00","dateModified":"2025-11-08T10:45:15+00:00","breadcrumb":{"@id":"https:\/\/shelly.lv\/lt\/shop\/apsvietimas\/shelly-vintage-st64\/#breadcrumb"},"inLanguage":"lt-LT","potentialAction":[{"@type":"ReadAction","target":["https:\/\/shelly.lv\/lt\/shop\/apsvietimas\/shelly-vintage-st64\/"]}]},{"@type":"BreadcrumbList","@id":"https:\/\/shelly.lv\/lt\/shop\/apsvietimas\/shelly-vintage-st64\/#breadcrumb","itemListElement":[{"@type":"ListItem","position":1,"name":"Home","item":"https:\/\/shelly.lv\/lt\/"},{"@type":"ListItem","position":2,"name":"Parduotuv\u0117","item":"https:\/\/shelly.lv\/lt\/shop\/"},{"@type":"ListItem","position":3,"name":"Shelly Vintage ST64"}]},{"@type":"WebSite","@id":"https:\/\/shelly.lv\/lt\/#website","url":"https:\/\/shelly.lv\/lt\/","name":"Shelly.lv","description":"Shelly Latvia","publisher":{"@id":"https:\/\/shelly.lv\/lt\/#organization"},"potentialAction":[{"@type":"SearchAction","target":{"@type":"EntryPoint","urlTemplate":"https:\/\/shelly.lv\/lt\/?s={search_term_string}"},"query-input":"required name=search_term_string"}],"inLanguage":"lt-LT"},{"@type":"Organization","@id":"https:\/\/shelly.lv\/lt\/#organization","name":"Shelly.lv","url":"https:\/\/shelly.lv\/lt\/","logo":{"@type":"ImageObject","inLanguage":"lt-LT","@id":"https:\/\/shelly.lv\/lt\/#\/schema\/logo\/image\/","url":"https:\/\/shelly.lv\/wp-content\/uploads\/2023\/07\/Asset-3.png","contentUrl":"https:\/\/shelly.lv\/wp-content\/uploads\/2023\/07\/Asset-3.png","width":861,"height":240,"caption":"Shelly.lv"},"image":{"@id":"https:\/\/shelly.lv\/lt\/#\/schema\/logo\/image\/"}}]}},"_links":{"self":[{"href":"https:\/\/shelly.lv\/lt\/wp-json\/wp\/v2\/product\/2915","targetHints":{"allow":["GET"]}}],"collection":[{"href":"https:\/\/shelly.lv\/lt\/wp-json\/wp\/v2\/product"}],"about":[{"href":"https:\/\/shelly.lv\/lt\/wp-json\/wp\/v2\/types\/product"}],"wp:featuredmedia":[{"embeddable":true,"href":"https:\/\/shelly.lv\/lt\/wp-json\/wp\/v2\/media\/2913"}],"wp:attachment":[{"href":"https:\/\/shelly.lv\/lt\/wp-json\/wp\/v2\/media?parent=2915"}],"wp:term":[{"taxonomy":"product_cat","embeddable":true,"href":"https:\/\/shelly.lv\/lt\/wp-json\/wp\/v2\/product_cat?post=2915"},{"taxonomy":"product_tag","embeddable":true,"href":"https:\/\/shelly.lv\/lt\/wp-json\/wp\/v2\/product_tag?post=2915"}],"curies":[{"name":"wp","href":"https:\/\/api.w.org\/{rel}","templated":true}]}}