{"id":2923,"date":"2021-05-10T10:55:49","date_gmt":"2021-05-10T07:55:49","guid":{"rendered":"https:\/\/shelly.lv\/veikals\/uncategorized\/shelly-duo-rgbw-gu10-wifi\/"},"modified":"2025-10-07T07:21:45","modified_gmt":"2025-10-07T04:21:45","slug":"shelly-duo-rgbw-gu10","status":"publish","type":"product","link":"https:\/\/shelly.lv\/lt\/shop\/apsvietimas\/shelly-duo-rgbw-gu10\/","title":{"rendered":"Shelly DUO RGBW GU10"},"content":{"rendered":"<section class=\"wpb-content-wrapper\"><p>[vc_row content_placement=&#8221;top&#8221; css=&#8221;.vc_custom_1619544704606{margin-bottom: 8vh !important;}&#8221; mobile_bg_img_hidden=&#8221;no&#8221; tablet_bg_img_hidden=&#8221;no&#8221; woodmart_parallax=&#8221;0&#8243; woodmart_gradient_switch=&#8221;no&#8221; row_reverse_mobile=&#8221;0&#8243; row_reverse_tablet=&#8221;0&#8243; woodmart_disable_overflow=&#8221;0&#8243;][vc_column width=&#8221;2\/3&#8243;]\n\t\t<div id=\"wd-6098e73e68ef7\" class=\"title-wrapper wd-wpb set-mb-s reset-last-child  wd-rs-6098e73e68ef7 wd-title-color-default wd-title-style-default text-left vc_custom_1620633408819 wd-underline-colored\">\n\t\t\t\n\t\t\t<div class=\"liner-continer\">\n\t\t\t\t<h4 class=\"woodmart-title-container title  wd-font-weight-600 wd-fontsize-l\" >Shelly DUO RGBW i\u0161manioji wifi Led lemput\u0117<\/h4>\n\t\t\t\t\t\t\t<\/div>\n\t\t\t\n\t\t\t\n\t\t\t\n\t\t<\/div>\n\t\t\n\t\t[vc_column_text text_larger=&#8221;no&#8221;]<span class=\"\">Nustatykite \u0161vies\u0105 pagal savo nuotaik\u0105.\u00a0<\/span>Naudodami \u201edimmer\u201c galite reguliuoti \u201eShelly Bulb\u201c ry\u0161kum\u0105. \u201eShelly Bulb\u201c pasitinka jus namuose ir leid\u017eia valdyti \u0161viesas nuo miegamojo iki kiemo.\u00a0<span class=\"\">Net atrodo, kad tu esi namuose, kai tav\u0119s n\u0117ra.\u00a0<\/span>Viskas yra supaprastinti savo gyvenim\u0105 naudojant protingiausi\u0105 \u201eWiFi \u201c lemput\u0119 pasaulyje.<\/p>\n<p>Automati\u0161kai sekite saul\u0119 ir valdykite savo \u0161vies\u0105.\u00a0Nustatykite \u201eShelly DUO\u201c lemputes \u012fsijungti \/ i\u0161jungti, atsi\u017evelgiant \u012f saul\u0117tekio ir saul\u0117lyd\u017eio valandas. <span class=\"\">Prijunkite \u201eShelly DUO Bulb\u201c su savo nam\u0173 \u201eWi-Fi\u201c tinklu ir valdykite juos tiesiogiai i\u0161 bet kurios vietos naudodami nemokam\u0105 \u201eShelly\u201c program\u0105.\u00a0<\/span><span class=\"\">Lengvai sureguliuokite savo \u0161vies\u0173 ry\u0161kum\u0105 ir nustatykite pasirinktus tvarkara\u0161\u010dius gul\u0117dami ant sofos.<\/span><\/p>\n<p><strong>Privalumai<\/strong><\/p>\n<ul>\n<li>Sukurtas montuoti standartiniame \u0161viesos lizde &#8211; GU10<\/li>\n<li>Turi blausumo parinkt\u012f.<\/li>\n<li>Savait\u0117s ir saul\u0117tekio \/ saul\u0117lyd\u017eio tvarkara\u0161\u010diai.<\/li>\n<li>Automatinis \u012fjungimas \/ i\u0161jungimas.<\/li>\n<li>Turi \u012fterpt\u0105 interneto server\u012f.<\/li>\n<\/ul>\n<p>[\/vc_column_text]\n\t\t<div id=\"wd-6098e748640d6\" class=\"title-wrapper wd-wpb set-mb-s reset-last-child  wd-rs-6098e748640d6 wd-title-color-default wd-title-style-default text-left vc_custom_1620633418978 wd-width-enabled wd-underline-colored\" style=\"--wd-max-width: 90%;\">\n\t\t\t\n\t\t\t<div class=\"liner-continer\">\n\t\t\t\t<h4 class=\"woodmart-title-container title  wd-font-weight- wd-fontsize-xl\" >Shelly DUO RGBW pajungimas ir duomenys<\/h4>\n\t\t\t\t\t\t\t<\/div>\n\t\t\t\n\t\t\t\n\t\t\t\n\t\t<\/div>\n\t\t\n\t\t[vc_video link=&#8221;https:\/\/www.youtube.com\/watch?v=lvBdwW_0w-8&#8243; image_poster_switch=&#8221;no&#8221;][vc_column_text el_class=&#8221;text-larger&#8221; text_larger=&#8221;no&#8221;]<\/p>\n<table>\n<tbody>\n<tr>\n<th>Galia<\/th>\n<td style=\"text-align: right; font-size: 16px;\">RGB: 5W, nat\u016brali balta: 5W<\/td>\n<\/tr>\n<tr>\n<th>Lizdas<\/th>\n<td style=\"text-align: right; font-size: 16px;\">GU10<\/td>\n<\/tr>\n<tr>\n<th>Maitinimo \u0161altinis AC<\/th>\n<td style=\"text-align: right; font-size: 16px;\">230 V \u00b1 10%, 50Hz<\/td>\n<\/tr>\n<tr>\n<th>Maitinimo \u0161altinis DC<\/th>\n<td style=\"text-align: right; font-size: 16px;\">Ne<\/td>\n<\/tr>\n<tr>\n<th style=\"text-align: left;\"><em>Specialios funkcijos<\/em><\/th>\n<td style=\"text-align: right; font-size: 16px;\"><\/td>\n<\/tr>\n<tr>\n<th>Prietaiso apsauga nuo temperat\u016bros<\/th>\n<td style=\"text-align: right; font-size: 16px;\">Ne<\/td>\n<\/tr>\n<tr>\n<th>Dimerevimas<\/th>\n<td style=\"text-align: right; font-size: 16px;\">Taip<\/td>\n<\/tr>\n<tr>\n<th>Apsauga nuo perkrovos<\/th>\n<td style=\"text-align: right; font-size: 16px;\">Ne<\/td>\n<\/tr>\n<tr>\n<th>Galios matavimo<\/th>\n<td style=\"text-align: right; font-size: 16px;\">Ne<\/td>\n<\/tr>\n<tr>\n<th style=\"text-align: left;\"><em>Funkcijos<\/em><\/th>\n<td style=\"text-align: right; font-size: 16px;\"><\/td>\n<\/tr>\n<tr>\n<th>Darbin\u0117 temperat\u016bra<\/th>\n<td style=\"text-align: right; font-size: 16px;\">Nuo -10 \u00b0 C iki + 40 \u00b0 C<\/td>\n<\/tr>\n<tr>\n<th>Ry\u0161kumas<\/th>\n<td style=\"text-align: right; font-size: 16px;\">RGB + W: 400 LM<\/td>\n<\/tr>\n<tr>\n<th>Spalva kei\u010diasi<\/th>\n<td style=\"text-align: right; font-size: 16px;\">Taip<\/td>\n<\/tr>\n<tr>\n<th>Spalv\u0173 temperat\u016bra<\/th>\n<td style=\"text-align: right; font-size: 16px;\">RGB + nat\u016brali balta (4000K)<\/td>\n<\/tr>\n<tr>\n<th>Lemput\u0117s tipas<\/th>\n<td style=\"text-align: right; font-size: 16px;\">LED<\/td>\n<\/tr>\n<tr>\n<th>Stiklas \/ danga<\/th>\n<td style=\"text-align: right; font-size: 16px;\">Matinis<\/td>\n<\/tr>\n<tr>\n<th>I\u0161 anksto nustatytas poveikis<\/th>\n<td style=\"text-align: right; font-size: 16px;\">Ne<\/td>\n<\/tr>\n<tr>\n<th>Apsaugos klas\u0117<\/th>\n<td style=\"text-align: right; font-size: 16px;\">IP20<\/td>\n<\/tr>\n<tr>\n<th>Pa\u017eangus \u012fjungimas \/ i\u0161jungimas<\/th>\n<td style=\"text-align: right; font-size: 16px;\">Taip<\/td>\n<\/tr>\n<tr>\n<th>Saul\u0117tekis \/ saul\u0117lydis<\/th>\n<td style=\"text-align: right; font-size: 16px;\">Taip<\/td>\n<\/tr>\n<tr>\n<th>Savait\u0117s grafikas<\/th>\n<td style=\"text-align: right; font-size: 16px;\">Taip<\/td>\n<\/tr>\n<tr>\n<th>Veikimo laikas<\/th>\n<td style=\"text-align: right; font-size: 16px;\">30 000 valand\u0173<\/td>\n<\/tr>\n<tr>\n<th style=\"text-align: left;\"><em>Jungtis<\/em><\/th>\n<td style=\"text-align: right; font-size: 16px;\"><\/td>\n<\/tr>\n<tr>\n<th>Wireless\/WiFi Protocol<\/th>\n<td style=\"text-align: right; font-size: 16px;\">802.11 b \/ g \/ n<\/td>\n<\/tr>\n<tr>\n<th>Radijo da\u017enis<\/th>\n<td style=\"text-align: right; font-size: 16px;\">2400 &#8211; 2484 MHz<\/td>\n<\/tr>\n<tr>\n<th>Radijo signalo galia<\/th>\n<td style=\"text-align: right; font-size: 16px;\">1mW<\/td>\n<\/tr>\n<tr>\n<th>Atstumas<\/th>\n<td style=\"text-align: right; font-size: 16px;\">iki 50 m lauke ir iki 30 m patalpose (priklausomai nuo statybini\u0173 med\u017eiag\u0173)<\/td>\n<\/tr>\n<tr>\n<th>Dydis<\/th>\n<td style=\"text-align: right; font-size: 16px;\">50 mm x 73 mm<\/td>\n<\/tr>\n<\/tbody>\n<\/table>\n<p>[\/vc_column_text][\/vc_column][vc_column width=&#8221;1\/3&#8243; offset=&#8221;vc_hidden-sm vc_hidden-xs&#8221; mobile_bg_img_hidden=&#8221;no&#8221; tablet_bg_img_hidden=&#8221;no&#8221; woodmart_parallax=&#8221;0&#8243; woodmart_sticky_column=&#8221;false&#8221; parallax_scroll=&#8221;no&#8221; mobile_reset_margin=&#8221;no&#8221; tablet_reset_margin=&#8221;no&#8221;][\/vc_column][\/vc_row][vc_row css=&#8221;.vc_custom_1609593577779{margin-bottom: 25px !important;}&#8221; mobile_bg_img_hidden=&#8221;no&#8221; tablet_bg_img_hidden=&#8221;no&#8221; woodmart_parallax=&#8221;0&#8243; woodmart_gradient_switch=&#8221;no&#8221; row_reverse_mobile=&#8221;0&#8243; row_reverse_tablet=&#8221;0&#8243; woodmart_disable_overflow=&#8221;0&#8243;][vc_column]\t\t<div id=\"gallery_733\" class=\"wd-images-gallery wd-justify-center wd-items-middle view-grid photoswipe-images\" >\n\t\t\t<div class=\"gallery-images row wd-spacing-0\">\n\t\t\t\t\t\t\t\t\t\t\t\t\t\t\t\t<\/div>\n\t\t<\/div>\n\t\t\t\t[\/vc_column][\/vc_row]<\/p>\n<\/section>","protected":false},"excerpt":{"rendered":"<p>[vc_row content_placement=&#8221;top&#8221; css=&#8221;.vc_custom_1619544704606{margin-bottom: 8vh !important;}&#8221; mobile_bg_img_hidden=&#8221;no&#8221; tablet_bg_img_hidden=&#8221;no&#8221; woodmart_parallax=&#8221;0&#8243; woodmart_gradient_switch=&#8221;no&#8221; row_reverse_mobile=&#8221;0&#8243; row_reverse_tablet=&#8221;0&#8243; woodmart_disable_overflow=&#8221;0&#8243;][vc_column width=&#8221;2\/3&#8243;][vc_column_text text_larger=&#8221;no&#8221;]Nustatykite \u0161vies\u0105 pagal savo nuotaik\u0105.\u00a0Naudodami \u201edimmer\u201c galite<\/p>\n","protected":false},"featured_media":2921,"template":"","meta":[],"product_cat":[301],"product_tag":[270,41,271,207,208],"class_list":{"0":"post-2923","1":"product","2":"type-product","3":"status-publish","4":"has-post-thumbnail","6":"product_cat-apsvietimas","7":"product_tag-led-rgbw","8":"product_tag-shelly","9":"product_tag-shelly-gu10","10":"product_tag-shelly-ismanioji-lempute","11":"product_tag-shelly-lemputes","13":"first","14":"outofstock","15":"taxable","16":"shipping-taxable","17":"purchasable","18":"product-type-simple"},"yoast_head":"<!-- This site is optimized with the Yoast SEO plugin v20.12 - https:\/\/yoast.com\/wordpress\/plugins\/seo\/ -->\n<title>Shelly DUO RGBW GU10 - shelly.lv<\/title>\n<meta name=\"robots\" content=\"index, follow, max-snippet:-1, max-image-preview:large, max-video-preview:-1\" \/>\n<link rel=\"canonical\" href=\"https:\/\/shelly.lv\/lt\/shop\/apsvietimas\/shelly-duo-rgbw-gu10\/\" \/>\n<meta property=\"og:locale\" content=\"lt_LT\" \/>\n<meta property=\"og:type\" content=\"article\" \/>\n<meta property=\"og:title\" content=\"Shelly DUO RGBW GU10 - shelly.lv\" \/>\n<meta property=\"og:description\" content=\"[vc_row content_placement=&#8221;top&#8221; css=&#8221;.vc_custom_1619544704606{margin-bottom: 8vh !important;}&#8221; mobile_bg_img_hidden=&#8221;no&#8221; tablet_bg_img_hidden=&#8221;no&#8221; woodmart_parallax=&#8221;0&#8243; woodmart_gradient_switch=&#8221;no&#8221; row_reverse_mobile=&#8221;0&#8243; row_reverse_tablet=&#8221;0&#8243; woodmart_disable_overflow=&#8221;0&#8243;][vc_column width=&#8221;2\/3&#8243;][vc_column_text text_larger=&#8221;no&#8221;]Nustatykite \u0161vies\u0105 pagal savo nuotaik\u0105.\u00a0Naudodami \u201edimmer\u201c galite\" \/>\n<meta property=\"og:url\" content=\"https:\/\/shelly.lv\/lt\/shop\/apsvietimas\/shelly-duo-rgbw-gu10\/\" \/>\n<meta property=\"og:site_name\" content=\"shelly.lv\" \/>\n<meta property=\"article:modified_time\" content=\"2025-10-07T04:21:45+00:00\" \/>\n<meta property=\"og:image\" content=\"http:\/\/shelly.lv\/wp-content\/uploads\/2023\/10\/Shelly-Duo-RGBW-GU10.jpg\" \/>\n\t<meta property=\"og:image:width\" content=\"1000\" \/>\n\t<meta property=\"og:image:height\" content=\"1000\" \/>\n\t<meta property=\"og:image:type\" content=\"image\/jpeg\" \/>\n<meta name=\"twitter:card\" content=\"summary_large_image\" \/>\n<meta name=\"twitter:label1\" content=\"Est. reading time\" \/>\n\t<meta name=\"twitter:data1\" content=\"2 minut\u0117s\" \/>\n<script type=\"application\/ld+json\" class=\"yoast-schema-graph\">{\"@context\":\"https:\/\/schema.org\",\"@graph\":[{\"@type\":\"WebPage\",\"@id\":\"https:\/\/shelly.lv\/lt\/shop\/apsvietimas\/shelly-duo-rgbw-gu10\/\",\"url\":\"https:\/\/shelly.lv\/lt\/shop\/apsvietimas\/shelly-duo-rgbw-gu10\/\",\"name\":\"Shelly DUO RGBW GU10 - shelly.lv\",\"isPartOf\":{\"@id\":\"https:\/\/shelly.lv\/lt\/#website\"},\"datePublished\":\"2021-05-10T07:55:49+00:00\",\"dateModified\":\"2025-10-07T04:21:45+00:00\",\"breadcrumb\":{\"@id\":\"https:\/\/shelly.lv\/lt\/shop\/apsvietimas\/shelly-duo-rgbw-gu10\/#breadcrumb\"},\"inLanguage\":\"lt-LT\",\"potentialAction\":[{\"@type\":\"ReadAction\",\"target\":[\"https:\/\/shelly.lv\/lt\/shop\/apsvietimas\/shelly-duo-rgbw-gu10\/\"]}]},{\"@type\":\"BreadcrumbList\",\"@id\":\"https:\/\/shelly.lv\/lt\/shop\/apsvietimas\/shelly-duo-rgbw-gu10\/#breadcrumb\",\"itemListElement\":[{\"@type\":\"ListItem\",\"position\":1,\"name\":\"Home\",\"item\":\"https:\/\/shelly.lv\/lt\/\"},{\"@type\":\"ListItem\",\"position\":2,\"name\":\"Parduotuv\u0117\",\"item\":\"https:\/\/shelly.lv\/lt\/shop\/\"},{\"@type\":\"ListItem\",\"position\":3,\"name\":\"Shelly DUO RGBW GU10\"}]},{\"@type\":\"WebSite\",\"@id\":\"https:\/\/shelly.lv\/lt\/#website\",\"url\":\"https:\/\/shelly.lv\/lt\/\",\"name\":\"Shelly.lv\",\"description\":\"Shelly Latvia\",\"publisher\":{\"@id\":\"https:\/\/shelly.lv\/lt\/#organization\"},\"potentialAction\":[{\"@type\":\"SearchAction\",\"target\":{\"@type\":\"EntryPoint\",\"urlTemplate\":\"https:\/\/shelly.lv\/lt\/?s={search_term_string}\"},\"query-input\":\"required name=search_term_string\"}],\"inLanguage\":\"lt-LT\"},{\"@type\":\"Organization\",\"@id\":\"https:\/\/shelly.lv\/lt\/#organization\",\"name\":\"Shelly.lv\",\"url\":\"https:\/\/shelly.lv\/lt\/\",\"logo\":{\"@type\":\"ImageObject\",\"inLanguage\":\"lt-LT\",\"@id\":\"https:\/\/shelly.lv\/lt\/#\/schema\/logo\/image\/\",\"url\":\"https:\/\/shelly.lv\/wp-content\/uploads\/2023\/07\/Asset-3.png\",\"contentUrl\":\"https:\/\/shelly.lv\/wp-content\/uploads\/2023\/07\/Asset-3.png\",\"width\":861,\"height\":240,\"caption\":\"Shelly.lv\"},\"image\":{\"@id\":\"https:\/\/shelly.lv\/lt\/#\/schema\/logo\/image\/\"}}]}<\/script>\n<!-- \/ Yoast SEO plugin. -->","yoast_head_json":{"title":"Shelly DUO RGBW GU10 - shelly.lv","robots":{"index":"index","follow":"follow","max-snippet":"max-snippet:-1","max-image-preview":"max-image-preview:large","max-video-preview":"max-video-preview:-1"},"canonical":"https:\/\/shelly.lv\/lt\/shop\/apsvietimas\/shelly-duo-rgbw-gu10\/","og_locale":"lt_LT","og_type":"article","og_title":"Shelly DUO RGBW GU10 - shelly.lv","og_description":"[vc_row content_placement=&#8221;top&#8221; css=&#8221;.vc_custom_1619544704606{margin-bottom: 8vh !important;}&#8221; mobile_bg_img_hidden=&#8221;no&#8221; tablet_bg_img_hidden=&#8221;no&#8221; woodmart_parallax=&#8221;0&#8243; woodmart_gradient_switch=&#8221;no&#8221; row_reverse_mobile=&#8221;0&#8243; row_reverse_tablet=&#8221;0&#8243; woodmart_disable_overflow=&#8221;0&#8243;][vc_column width=&#8221;2\/3&#8243;][vc_column_text text_larger=&#8221;no&#8221;]Nustatykite \u0161vies\u0105 pagal savo nuotaik\u0105.\u00a0Naudodami \u201edimmer\u201c galite","og_url":"https:\/\/shelly.lv\/lt\/shop\/apsvietimas\/shelly-duo-rgbw-gu10\/","og_site_name":"shelly.lv","article_modified_time":"2025-10-07T04:21:45+00:00","og_image":[{"width":1000,"height":1000,"url":"http:\/\/shelly.lv\/wp-content\/uploads\/2023\/10\/Shelly-Duo-RGBW-GU10.jpg","type":"image\/jpeg"}],"twitter_card":"summary_large_image","twitter_misc":{"Est. reading time":"2 minut\u0117s"},"schema":{"@context":"https:\/\/schema.org","@graph":[{"@type":"WebPage","@id":"https:\/\/shelly.lv\/lt\/shop\/apsvietimas\/shelly-duo-rgbw-gu10\/","url":"https:\/\/shelly.lv\/lt\/shop\/apsvietimas\/shelly-duo-rgbw-gu10\/","name":"Shelly DUO RGBW GU10 - shelly.lv","isPartOf":{"@id":"https:\/\/shelly.lv\/lt\/#website"},"datePublished":"2021-05-10T07:55:49+00:00","dateModified":"2025-10-07T04:21:45+00:00","breadcrumb":{"@id":"https:\/\/shelly.lv\/lt\/shop\/apsvietimas\/shelly-duo-rgbw-gu10\/#breadcrumb"},"inLanguage":"lt-LT","potentialAction":[{"@type":"ReadAction","target":["https:\/\/shelly.lv\/lt\/shop\/apsvietimas\/shelly-duo-rgbw-gu10\/"]}]},{"@type":"BreadcrumbList","@id":"https:\/\/shelly.lv\/lt\/shop\/apsvietimas\/shelly-duo-rgbw-gu10\/#breadcrumb","itemListElement":[{"@type":"ListItem","position":1,"name":"Home","item":"https:\/\/shelly.lv\/lt\/"},{"@type":"ListItem","position":2,"name":"Parduotuv\u0117","item":"https:\/\/shelly.lv\/lt\/shop\/"},{"@type":"ListItem","position":3,"name":"Shelly DUO RGBW GU10"}]},{"@type":"WebSite","@id":"https:\/\/shelly.lv\/lt\/#website","url":"https:\/\/shelly.lv\/lt\/","name":"Shelly.lv","description":"Shelly Latvia","publisher":{"@id":"https:\/\/shelly.lv\/lt\/#organization"},"potentialAction":[{"@type":"SearchAction","target":{"@type":"EntryPoint","urlTemplate":"https:\/\/shelly.lv\/lt\/?s={search_term_string}"},"query-input":"required name=search_term_string"}],"inLanguage":"lt-LT"},{"@type":"Organization","@id":"https:\/\/shelly.lv\/lt\/#organization","name":"Shelly.lv","url":"https:\/\/shelly.lv\/lt\/","logo":{"@type":"ImageObject","inLanguage":"lt-LT","@id":"https:\/\/shelly.lv\/lt\/#\/schema\/logo\/image\/","url":"https:\/\/shelly.lv\/wp-content\/uploads\/2023\/07\/Asset-3.png","contentUrl":"https:\/\/shelly.lv\/wp-content\/uploads\/2023\/07\/Asset-3.png","width":861,"height":240,"caption":"Shelly.lv"},"image":{"@id":"https:\/\/shelly.lv\/lt\/#\/schema\/logo\/image\/"}}]}},"_links":{"self":[{"href":"https:\/\/shelly.lv\/lt\/wp-json\/wp\/v2\/product\/2923","targetHints":{"allow":["GET"]}}],"collection":[{"href":"https:\/\/shelly.lv\/lt\/wp-json\/wp\/v2\/product"}],"about":[{"href":"https:\/\/shelly.lv\/lt\/wp-json\/wp\/v2\/types\/product"}],"wp:featuredmedia":[{"embeddable":true,"href":"https:\/\/shelly.lv\/lt\/wp-json\/wp\/v2\/media\/2921"}],"wp:attachment":[{"href":"https:\/\/shelly.lv\/lt\/wp-json\/wp\/v2\/media?parent=2923"}],"wp:term":[{"taxonomy":"product_cat","embeddable":true,"href":"https:\/\/shelly.lv\/lt\/wp-json\/wp\/v2\/product_cat?post=2923"},{"taxonomy":"product_tag","embeddable":true,"href":"https:\/\/shelly.lv\/lt\/wp-json\/wp\/v2\/product_tag?post=2923"}],"curies":[{"name":"wp","href":"https:\/\/api.w.org\/{rel}","templated":true}]}}