{"id":2932,"date":"2021-05-06T16:23:14","date_gmt":"2021-05-06T13:23:14","guid":{"rendered":"https:\/\/shelly.lv\/veikals\/uncategorized\/shelly-duo-ismanioji-wifi-led-lempute-e27\/"},"modified":"2025-07-17T14:53:11","modified_gmt":"2025-07-17T11:53:11","slug":"shelly-duo","status":"publish","type":"product","link":"https:\/\/shelly.lv\/lt\/shop\/apsvietimas\/shelly-duo\/","title":{"rendered":"Shelly DUO"},"content":{"rendered":"<section class=\"wpb-content-wrapper\"><p>[vc_row content_placement=&#8221;top&#8221; css=&#8221;.vc_custom_1619544704606{margin-bottom: 8vh !important;}&#8221; mobile_bg_img_hidden=&#8221;no&#8221; tablet_bg_img_hidden=&#8221;no&#8221; woodmart_parallax=&#8221;0&#8243; woodmart_gradient_switch=&#8221;no&#8221; row_reverse_mobile=&#8221;0&#8243; row_reverse_tablet=&#8221;0&#8243; woodmart_disable_overflow=&#8221;0&#8243;][vc_column width=&#8221;2\/3&#8243;]\n\t\t<div id=\"wd-6093ee90e7984\" class=\"title-wrapper wd-wpb set-mb-s reset-last-child  wd-rs-6093ee90e7984 wd-title-color-default wd-title-style-default text-left vc_custom_1620307606478 wd-underline-colored\">\n\t\t\t\n\t\t\t<div class=\"liner-continer\">\n\t\t\t\t<h4 class=\"woodmart-title-container title  wd-font-weight-600 wd-fontsize-l\" >Shelly DUO i\u0161manioji wifi Led lemput\u0117<\/h4>\n\t\t\t\t\t\t\t<\/div>\n\t\t\t\n\t\t\t\n\t\t\t\n\t\t<\/div>\n\t\t\n\t\t[vc_column_text text_larger=&#8221;no&#8221;]I\u0161manioji \u201eWiFi\u201c baltoji \u0161viesa. Nustatykite \u0161vies\u0105 pagal savo nuotaik\u0105. Duslintuvo slankikliu galite reguliuoti \u201eShelly DUO\u201c ry\u0161kum\u0105. \u201eShelly DUO\u201c pasitinka jus namuose ir leid\u017eia valdyti \u0161viesas nuo miegamojo iki kiemo. Net atrodo, kad tu esi namuose, kai tav\u0119s n\u0117ra. Viskas yra supaprastinti savo gyvenim\u0105 naudojant protingiausi\u0105 \u201eWiFi White\u201c lemput\u0119 pasaulyje.<\/p>\n<p><strong>Privalumai<\/strong><\/p>\n<ul>\n<li>Sukurtas montuoti standartiniame \u0161viesos lizde &#8211; E27<\/li>\n<li>Galite individualizuoti savo ap\u0161vietim\u0105 naudodami baltos temperat\u016bros palet\u0119 (diapazonas 2700K-6500K).<\/li>\n<li>\u0160ilta ir \u0161alta balta.<\/li>\n<li>Turi blausumo parinkt\u012f.<\/li>\n<li>Savait\u0117s ir saul\u0117tekio \/ saul\u0117lyd\u017eio tvarkara\u0161\u010diai.<\/li>\n<li>Automatinis \u012fjungimas \/ i\u0161jungimas.<\/li>\n<li>Turi \u012fterpt\u0105 interneto server\u012f.<\/li>\n<\/ul>\n<p>[\/vc_column_text]\n\t\t<div id=\"wd-6093ee9c364dd\" class=\"title-wrapper wd-wpb set-mb-s reset-last-child  wd-rs-6093ee9c364dd wd-title-color-default wd-title-style-default text-left vc_custom_1620307625086 wd-width-enabled wd-underline-colored\" style=\"--wd-max-width: 90%;\">\n\t\t\t\n\t\t\t<div class=\"liner-continer\">\n\t\t\t\t<h4 class=\"woodmart-title-container title  wd-font-weight- wd-fontsize-xl\" >Shelly DUO pajungimas ir duomenys<\/h4>\n\t\t\t\t\t\t\t<\/div>\n\t\t\t\n\t\t\t\n\t\t\t\n\t\t<\/div>\n\t\t\n\t\t[vc_video link=&#8221;https:\/\/www.youtube.com\/watch?v=lvBdwW_0w-8&#8243; image_poster_switch=&#8221;no&#8221;][vc_column_text el_class=&#8221;text-larger&#8221; text_larger=&#8221;no&#8221;]<\/p>\n<table>\n<tbody>\n<tr>\n<th>Galia<\/th>\n<td style=\"text-align: right; font-size: 16px;\">9W<\/td>\n<\/tr>\n<tr>\n<th>Lizdas<\/th>\n<td style=\"text-align: right; font-size: 16px;\">E27<\/td>\n<\/tr>\n<tr>\n<th>Maitinimo \u0161altinis AC<\/th>\n<td style=\"text-align: right; font-size: 16px;\">230 V \u00b1 10%, 50Hz<\/td>\n<\/tr>\n<tr>\n<th>Maitinimo \u0161altinis DC<\/th>\n<td style=\"text-align: right; font-size: 16px;\">Ne<\/td>\n<\/tr>\n<tr>\n<th style=\"text-align: left;\"><em>Specialios funkcijos<\/em><\/th>\n<td style=\"text-align: right; font-size: 16px;\"><\/td>\n<\/tr>\n<tr>\n<th>Prietaiso apsauga nuo temperat\u016bros<\/th>\n<td style=\"text-align: right; font-size: 16px;\">Ne<\/td>\n<\/tr>\n<tr>\n<th>Dimerevimas<\/th>\n<td style=\"text-align: right; font-size: 16px;\">Taip<\/td>\n<\/tr>\n<tr>\n<th>Apsauga nuo perkrovos<\/th>\n<td style=\"text-align: right; font-size: 16px;\">Ne<\/td>\n<\/tr>\n<tr>\n<th>Galios matavimo<\/th>\n<td style=\"text-align: right; font-size: 16px;\">Ne<\/td>\n<\/tr>\n<tr>\n<th style=\"text-align: left;\"><em>Funkcijos<\/em><\/th>\n<td style=\"text-align: right; font-size: 16px;\"><\/td>\n<\/tr>\n<tr>\n<th>Darbin\u0117 temperat\u016bra<\/th>\n<td style=\"text-align: right; font-size: 16px;\">Nuo -10 \u00b0 C iki + 40 \u00b0 C<\/td>\n<\/tr>\n<tr>\n<th>Ry\u0161kumas<\/th>\n<td style=\"text-align: right; font-size: 16px;\">\u0160ilta balta: 800 LM<\/td>\n<\/tr>\n<tr>\n<th>Spalva kei\u010diasi<\/th>\n<td style=\"text-align: right; font-size: 16px;\">Ne<\/td>\n<\/tr>\n<tr>\n<th>Spalv\u0173 temperat\u016bra<\/th>\n<td style=\"text-align: right; font-size: 16px;\">2700\u20136500 K<\/td>\n<\/tr>\n<tr>\n<th>Lemput\u0117s tipas<\/th>\n<td style=\"text-align: right; font-size: 16px;\">LED<\/td>\n<\/tr>\n<tr>\n<th>Stiklas \/ danga<\/th>\n<td style=\"text-align: right; font-size: 16px;\">Matinis<\/td>\n<\/tr>\n<tr>\n<th>I\u0161 anksto nustatytas poveikis<\/th>\n<td style=\"text-align: right; font-size: 16px;\">Ne<\/td>\n<\/tr>\n<tr>\n<th>Apsaugos klas\u0117<\/th>\n<td style=\"text-align: right; font-size: 16px;\">IP20<\/td>\n<\/tr>\n<tr>\n<th>Pa\u017eangus \u012fjungimas \/ i\u0161jungimas<\/th>\n<td style=\"text-align: right; font-size: 16px;\">Taip<\/td>\n<\/tr>\n<tr>\n<th>Saul\u0117tekis \/ saul\u0117lydis<\/th>\n<td style=\"text-align: right; font-size: 16px;\">Taip<\/td>\n<\/tr>\n<tr>\n<th>Savait\u0117s grafikas<\/th>\n<td style=\"text-align: right; font-size: 16px;\">Taip<\/td>\n<\/tr>\n<tr>\n<th>Veikimo laikas<\/th>\n<td style=\"text-align: right; font-size: 16px;\">30 000 valand\u0173<\/td>\n<\/tr>\n<tr>\n<th style=\"text-align: left;\"><em>Jungtis<\/em><\/th>\n<td style=\"text-align: right; font-size: 16px;\"><\/td>\n<\/tr>\n<tr>\n<th>Wireless\/WiFi Protocol<\/th>\n<td style=\"text-align: right; font-size: 16px;\">802.11 b \/ g \/ n<\/td>\n<\/tr>\n<tr>\n<th>Radijo da\u017enis<\/th>\n<td style=\"text-align: right; font-size: 16px;\">2400 &#8211; 2484 MHz<\/td>\n<\/tr>\n<tr>\n<th>Radijo signalo galia<\/th>\n<td style=\"text-align: right; font-size: 16px;\">1mW<\/td>\n<\/tr>\n<tr>\n<th>Atstumas<\/th>\n<td style=\"text-align: right; font-size: 16px;\">iki 50 m lauke ir iki 30 m patalpose (priklausomai nuo statybini\u0173 med\u017eiag\u0173)<\/td>\n<\/tr>\n<tr>\n<th>Dydis<\/th>\n<td style=\"text-align: right; font-size: 16px;\">60 mm x 122 mm<\/td>\n<\/tr>\n<\/tbody>\n<\/table>\n<p>[\/vc_column_text][\/vc_column][vc_column width=&#8221;1\/3&#8243; offset=&#8221;vc_hidden-sm vc_hidden-xs&#8221; mobile_bg_img_hidden=&#8221;no&#8221; tablet_bg_img_hidden=&#8221;no&#8221; woodmart_parallax=&#8221;0&#8243; woodmart_sticky_column=&#8221;false&#8221; parallax_scroll=&#8221;no&#8221; mobile_reset_margin=&#8221;no&#8221; tablet_reset_margin=&#8221;no&#8221;][\/vc_column][\/vc_row][vc_row css=&#8221;.vc_custom_1609593577779{margin-bottom: 25px !important;}&#8221; mobile_bg_img_hidden=&#8221;no&#8221; tablet_bg_img_hidden=&#8221;no&#8221; woodmart_parallax=&#8221;0&#8243; woodmart_gradient_switch=&#8221;no&#8221; row_reverse_mobile=&#8221;0&#8243; row_reverse_tablet=&#8221;0&#8243; woodmart_disable_overflow=&#8221;0&#8243;][vc_column]\t\t<div id=\"gallery_263\" class=\"wd-images-gallery wd-justify-center wd-items-middle view-grid photoswipe-images\" >\n\t\t\t<div class=\"gallery-images row wd-spacing-0\">\n\t\t\t\t\t\t\t\t\t\t\t\t\t\t\t\t<\/div>\n\t\t<\/div>\n\t\t\t\t[\/vc_column][\/vc_row]<\/p>\n<\/section>","protected":false},"excerpt":{"rendered":"<p>[vc_row content_placement=&#8221;top&#8221; css=&#8221;.vc_custom_1619544704606{margin-bottom: 8vh !important;}&#8221; mobile_bg_img_hidden=&#8221;no&#8221; tablet_bg_img_hidden=&#8221;no&#8221; woodmart_parallax=&#8221;0&#8243; woodmart_gradient_switch=&#8221;no&#8221; row_reverse_mobile=&#8221;0&#8243; row_reverse_tablet=&#8221;0&#8243; woodmart_disable_overflow=&#8221;0&#8243;][vc_column width=&#8221;2\/3&#8243;][vc_column_text text_larger=&#8221;no&#8221;]I\u0161manioji \u201eWiFi\u201c baltoji \u0161viesa. Nustatykite \u0161vies\u0105 pagal<\/p>\n","protected":false},"featured_media":2930,"template":"","meta":[],"product_cat":[301],"product_tag":[41,272,207,208],"class_list":{"0":"post-2932","1":"product","2":"type-product","3":"status-publish","4":"has-post-thumbnail","6":"product_cat-apsvietimas","7":"product_tag-shelly","8":"product_tag-shelly-e27","9":"product_tag-shelly-ismanioji-lempute","10":"product_tag-shelly-lemputes","12":"first","13":"outofstock","14":"sale","15":"taxable","16":"shipping-taxable","17":"purchasable","18":"product-type-simple"},"yoast_head":"<!-- This site is optimized with the Yoast SEO plugin v20.12 - https:\/\/yoast.com\/wordpress\/plugins\/seo\/ -->\n<title>Shelly DUO - shelly.lv<\/title>\n<meta name=\"robots\" content=\"index, follow, max-snippet:-1, max-image-preview:large, max-video-preview:-1\" \/>\n<link rel=\"canonical\" href=\"https:\/\/shelly.lv\/lt\/shop\/apsvietimas\/shelly-duo\/\" \/>\n<meta property=\"og:locale\" content=\"lt_LT\" \/>\n<meta property=\"og:type\" content=\"article\" \/>\n<meta property=\"og:title\" content=\"Shelly DUO - shelly.lv\" \/>\n<meta property=\"og:description\" content=\"[vc_row content_placement=&#8221;top&#8221; css=&#8221;.vc_custom_1619544704606{margin-bottom: 8vh !important;}&#8221; mobile_bg_img_hidden=&#8221;no&#8221; tablet_bg_img_hidden=&#8221;no&#8221; woodmart_parallax=&#8221;0&#8243; woodmart_gradient_switch=&#8221;no&#8221; row_reverse_mobile=&#8221;0&#8243; row_reverse_tablet=&#8221;0&#8243; woodmart_disable_overflow=&#8221;0&#8243;][vc_column width=&#8221;2\/3&#8243;][vc_column_text text_larger=&#8221;no&#8221;]I\u0161manioji \u201eWiFi\u201c baltoji \u0161viesa. Nustatykite \u0161vies\u0105 pagal\" \/>\n<meta property=\"og:url\" content=\"https:\/\/shelly.lv\/lt\/shop\/apsvietimas\/shelly-duo\/\" \/>\n<meta property=\"og:site_name\" content=\"shelly.lv\" \/>\n<meta property=\"article:modified_time\" content=\"2025-07-17T11:53:11+00:00\" \/>\n<meta property=\"og:image\" content=\"http:\/\/shelly.lv\/wp-content\/uploads\/2023\/10\/1531617809930-1.png\" \/>\n\t<meta property=\"og:image:width\" content=\"500\" \/>\n\t<meta property=\"og:image:height\" content=\"500\" \/>\n\t<meta property=\"og:image:type\" content=\"image\/png\" \/>\n<meta name=\"twitter:card\" content=\"summary_large_image\" \/>\n<meta name=\"twitter:label1\" content=\"Est. reading time\" \/>\n\t<meta name=\"twitter:data1\" content=\"2 minut\u0117s\" \/>\n<script type=\"application\/ld+json\" class=\"yoast-schema-graph\">{\"@context\":\"https:\/\/schema.org\",\"@graph\":[{\"@type\":\"WebPage\",\"@id\":\"https:\/\/shelly.lv\/lt\/shop\/apsvietimas\/shelly-duo\/\",\"url\":\"https:\/\/shelly.lv\/lt\/shop\/apsvietimas\/shelly-duo\/\",\"name\":\"Shelly DUO - shelly.lv\",\"isPartOf\":{\"@id\":\"https:\/\/shelly.lv\/lt\/#website\"},\"datePublished\":\"2021-05-06T13:23:14+00:00\",\"dateModified\":\"2025-07-17T11:53:11+00:00\",\"breadcrumb\":{\"@id\":\"https:\/\/shelly.lv\/lt\/shop\/apsvietimas\/shelly-duo\/#breadcrumb\"},\"inLanguage\":\"lt-LT\",\"potentialAction\":[{\"@type\":\"ReadAction\",\"target\":[\"https:\/\/shelly.lv\/lt\/shop\/apsvietimas\/shelly-duo\/\"]}]},{\"@type\":\"BreadcrumbList\",\"@id\":\"https:\/\/shelly.lv\/lt\/shop\/apsvietimas\/shelly-duo\/#breadcrumb\",\"itemListElement\":[{\"@type\":\"ListItem\",\"position\":1,\"name\":\"Home\",\"item\":\"https:\/\/shelly.lv\/lt\/\"},{\"@type\":\"ListItem\",\"position\":2,\"name\":\"Parduotuv\u0117\",\"item\":\"https:\/\/shelly.lv\/lt\/shop\/\"},{\"@type\":\"ListItem\",\"position\":3,\"name\":\"Shelly DUO\"}]},{\"@type\":\"WebSite\",\"@id\":\"https:\/\/shelly.lv\/lt\/#website\",\"url\":\"https:\/\/shelly.lv\/lt\/\",\"name\":\"Shelly.lv\",\"description\":\"Shelly Latvia\",\"publisher\":{\"@id\":\"https:\/\/shelly.lv\/lt\/#organization\"},\"potentialAction\":[{\"@type\":\"SearchAction\",\"target\":{\"@type\":\"EntryPoint\",\"urlTemplate\":\"https:\/\/shelly.lv\/lt\/?s={search_term_string}\"},\"query-input\":\"required name=search_term_string\"}],\"inLanguage\":\"lt-LT\"},{\"@type\":\"Organization\",\"@id\":\"https:\/\/shelly.lv\/lt\/#organization\",\"name\":\"Shelly.lv\",\"url\":\"https:\/\/shelly.lv\/lt\/\",\"logo\":{\"@type\":\"ImageObject\",\"inLanguage\":\"lt-LT\",\"@id\":\"https:\/\/shelly.lv\/lt\/#\/schema\/logo\/image\/\",\"url\":\"https:\/\/shelly.lv\/wp-content\/uploads\/2023\/07\/Asset-3.png\",\"contentUrl\":\"https:\/\/shelly.lv\/wp-content\/uploads\/2023\/07\/Asset-3.png\",\"width\":861,\"height\":240,\"caption\":\"Shelly.lv\"},\"image\":{\"@id\":\"https:\/\/shelly.lv\/lt\/#\/schema\/logo\/image\/\"}}]}<\/script>\n<!-- \/ Yoast SEO plugin. -->","yoast_head_json":{"title":"Shelly DUO - shelly.lv","robots":{"index":"index","follow":"follow","max-snippet":"max-snippet:-1","max-image-preview":"max-image-preview:large","max-video-preview":"max-video-preview:-1"},"canonical":"https:\/\/shelly.lv\/lt\/shop\/apsvietimas\/shelly-duo\/","og_locale":"lt_LT","og_type":"article","og_title":"Shelly DUO - shelly.lv","og_description":"[vc_row content_placement=&#8221;top&#8221; css=&#8221;.vc_custom_1619544704606{margin-bottom: 8vh !important;}&#8221; mobile_bg_img_hidden=&#8221;no&#8221; tablet_bg_img_hidden=&#8221;no&#8221; woodmart_parallax=&#8221;0&#8243; woodmart_gradient_switch=&#8221;no&#8221; row_reverse_mobile=&#8221;0&#8243; row_reverse_tablet=&#8221;0&#8243; woodmart_disable_overflow=&#8221;0&#8243;][vc_column width=&#8221;2\/3&#8243;][vc_column_text text_larger=&#8221;no&#8221;]I\u0161manioji \u201eWiFi\u201c baltoji \u0161viesa. Nustatykite \u0161vies\u0105 pagal","og_url":"https:\/\/shelly.lv\/lt\/shop\/apsvietimas\/shelly-duo\/","og_site_name":"shelly.lv","article_modified_time":"2025-07-17T11:53:11+00:00","og_image":[{"width":500,"height":500,"url":"http:\/\/shelly.lv\/wp-content\/uploads\/2023\/10\/1531617809930-1.png","type":"image\/png"}],"twitter_card":"summary_large_image","twitter_misc":{"Est. reading time":"2 minut\u0117s"},"schema":{"@context":"https:\/\/schema.org","@graph":[{"@type":"WebPage","@id":"https:\/\/shelly.lv\/lt\/shop\/apsvietimas\/shelly-duo\/","url":"https:\/\/shelly.lv\/lt\/shop\/apsvietimas\/shelly-duo\/","name":"Shelly DUO - shelly.lv","isPartOf":{"@id":"https:\/\/shelly.lv\/lt\/#website"},"datePublished":"2021-05-06T13:23:14+00:00","dateModified":"2025-07-17T11:53:11+00:00","breadcrumb":{"@id":"https:\/\/shelly.lv\/lt\/shop\/apsvietimas\/shelly-duo\/#breadcrumb"},"inLanguage":"lt-LT","potentialAction":[{"@type":"ReadAction","target":["https:\/\/shelly.lv\/lt\/shop\/apsvietimas\/shelly-duo\/"]}]},{"@type":"BreadcrumbList","@id":"https:\/\/shelly.lv\/lt\/shop\/apsvietimas\/shelly-duo\/#breadcrumb","itemListElement":[{"@type":"ListItem","position":1,"name":"Home","item":"https:\/\/shelly.lv\/lt\/"},{"@type":"ListItem","position":2,"name":"Parduotuv\u0117","item":"https:\/\/shelly.lv\/lt\/shop\/"},{"@type":"ListItem","position":3,"name":"Shelly DUO"}]},{"@type":"WebSite","@id":"https:\/\/shelly.lv\/lt\/#website","url":"https:\/\/shelly.lv\/lt\/","name":"Shelly.lv","description":"Shelly Latvia","publisher":{"@id":"https:\/\/shelly.lv\/lt\/#organization"},"potentialAction":[{"@type":"SearchAction","target":{"@type":"EntryPoint","urlTemplate":"https:\/\/shelly.lv\/lt\/?s={search_term_string}"},"query-input":"required name=search_term_string"}],"inLanguage":"lt-LT"},{"@type":"Organization","@id":"https:\/\/shelly.lv\/lt\/#organization","name":"Shelly.lv","url":"https:\/\/shelly.lv\/lt\/","logo":{"@type":"ImageObject","inLanguage":"lt-LT","@id":"https:\/\/shelly.lv\/lt\/#\/schema\/logo\/image\/","url":"https:\/\/shelly.lv\/wp-content\/uploads\/2023\/07\/Asset-3.png","contentUrl":"https:\/\/shelly.lv\/wp-content\/uploads\/2023\/07\/Asset-3.png","width":861,"height":240,"caption":"Shelly.lv"},"image":{"@id":"https:\/\/shelly.lv\/lt\/#\/schema\/logo\/image\/"}}]}},"_links":{"self":[{"href":"https:\/\/shelly.lv\/lt\/wp-json\/wp\/v2\/product\/2932","targetHints":{"allow":["GET"]}}],"collection":[{"href":"https:\/\/shelly.lv\/lt\/wp-json\/wp\/v2\/product"}],"about":[{"href":"https:\/\/shelly.lv\/lt\/wp-json\/wp\/v2\/types\/product"}],"wp:featuredmedia":[{"embeddable":true,"href":"https:\/\/shelly.lv\/lt\/wp-json\/wp\/v2\/media\/2930"}],"wp:attachment":[{"href":"https:\/\/shelly.lv\/lt\/wp-json\/wp\/v2\/media?parent=2932"}],"wp:term":[{"taxonomy":"product_cat","embeddable":true,"href":"https:\/\/shelly.lv\/lt\/wp-json\/wp\/v2\/product_cat?post=2932"},{"taxonomy":"product_tag","embeddable":true,"href":"https:\/\/shelly.lv\/lt\/wp-json\/wp\/v2\/product_tag?post=2932"}],"curies":[{"name":"wp","href":"https:\/\/api.w.org\/{rel}","templated":true}]}}