{"id":2956,"date":"2023-10-11T12:00:39","date_gmt":"2023-10-11T09:00:39","guid":{"rendered":"https:\/\/shelly.lv\/veikals\/uncategorized\/shelly-pro-em-50a\/"},"modified":"2026-04-30T15:40:18","modified_gmt":"2026-04-30T12:40:18","slug":"shelly-pro-em-50a","status":"publish","type":"product","link":"https:\/\/shelly.lv\/lt\/shop\/pro-serija-lt\/shelly-pro-em-50a\/","title":{"rendered":"Shelly PRO EM 50A"},"content":{"rendered":"<section class=\"wpb-content-wrapper\"><p>[vc_row][vc_column]\n\t\t<div id=\"wd-64f4ab8dcf2d2\" class=\"title-wrapper wd-wpb set-mb-s reset-last-child  wd-rs-64f4ab8dcf2d2 wd-title-color-default wd-title-style-default text-center vc_custom_1693756311094 wd-underline-colored\">\n\t\t\t\n\t\t\t<div class=\"liner-continer\">\n\t\t\t\t<h4 class=\"woodmart-title-container title  wd-font-weight-600 wd-fontsize-l\" >Shelly PRO EM<\/h4>\n\t\t\t\t\t\t\t<\/div>\n\t\t\t\n\t\t\t\n\t\t\t\n\t\t<\/div>\n\t\t\n\t\t[vc_column_text woodmart_inline=&#8221;no&#8221; text_larger=&#8221;no&#8221;]<strong>Wi-Fi energijos matuoklis su kontaktoriaus valdymu<\/strong><\/p>\n<p>Shelly Pro EM-50 yra ant DIN b\u0117gio montuojamas dviej\u0173 kanal\u0173 vienfazis energijos skaitiklis. Jame yra integruotas jungiklis su sausais kontaktais kontaktoriaus valdymui.<\/p>\n<ul>\n<li>LAN, Wi-Fi ir Bluetooth ry\u0161ys u\u017etikrina auk\u0161t\u0105 saugum\u0105 ir patikimum\u0105<br \/>\nPrane\u0161a apie sukaupt\u0105 energij\u0105, taip pat momentin\u0119 \u012ftamp\u0105, srov\u0119, aktyvi\u0105j\u0105 ir tariam\u0105j\u0105 gali\u0105 fazei realiu laiku.<\/li>\n<li>Galios matavimas \u2013 du nepriklausomi matavimo kanalai toje pa\u010dioje faz\u0117je<\/li>\n<li>4 Kvadranto matavimas su optiniu impulsiniu energijos suvartojimo indikatoriumi<\/li>\n<li>Galima naudoti su kontaktoriais didesn\u0117ms apkrovoms<\/li>\n<li>B tikslumo klas\u0117 (IEC 62053-21)<\/li>\n<li>Saugo duomenis nepastovioje atmintyje, kuri\u0105 galima gauti iki 60 dien\u0173 1 minut\u0117s intervalais.<\/li>\n<li>Nereikalinga central\u0117! Lengvas valdymas naudojant Shelly Smart Control program\u0117l\u0119, daugum\u0105 platform\u0173 ir protokol\u0173, taip pat balso asistentus. Naudokite j\u012f su \u201eAlexa\u201c, \u201eHome Assistant\u201c arba pageidaujama automatizavimo sistema.<\/li>\n<li>Palaiko scenarijus, \u017einiatinklio kabliukus, MQTT, WebSocket, HTTPS, UDP, TLS ir pasirinktinius sertifikatus bei Modbus TCP protokol\u0105<br \/>\n*Pakuot\u0117je yra 2 vienetai 50 A srov\u0117s transformatoriai<\/li>\n<li>MODBUS palaikymas. Leid\u017eia lengvai ir greitai \u012fdiegti esamuose pramoniniuose \u012frenginiuose.<\/li>\n<\/ul>\n<p>[\/vc_column_text][vc_video link=&#8221;&#8221; el_width=&#8221;80&#8243; align=&#8221;center&#8221; image_poster_switch=&#8221;no&#8221;][\/vc_column][\/vc_row]<\/p>\n<\/section>","protected":false},"excerpt":{"rendered":"<p>[vc_row][vc_column][vc_column_text woodmart_inline=&#8221;no&#8221; text_larger=&#8221;no&#8221;]Wi-Fi energijos matuoklis su kontaktoriaus valdymu Shelly Pro EM-50 yra ant DIN b\u0117gio montuojamas dviej\u0173 kanal\u0173 vienfazis energijos<\/p>\n","protected":false},"featured_media":2950,"template":"","meta":[],"product_cat":[717,295],"product_tag":[41,190],"class_list":{"0":"post-2956","1":"product","2":"type-product","3":"status-publish","4":"has-post-thumbnail","6":"product_cat-elektros-apskaita","7":"product_cat-pro-serija-lt","8":"product_tag-shelly","9":"product_tag-shelly-pro","11":"first","12":"instock","13":"sale","14":"taxable","15":"shipping-taxable","16":"purchasable","17":"product-type-simple"},"yoast_head":"<!-- This site is optimized with the Yoast SEO plugin v20.12 - https:\/\/yoast.com\/wordpress\/plugins\/seo\/ -->\n<title>Shelly PRO EM 50A - shelly.lv<\/title>\n<meta name=\"robots\" content=\"index, follow, max-snippet:-1, max-image-preview:large, max-video-preview:-1\" \/>\n<link rel=\"canonical\" href=\"https:\/\/shelly.lv\/lt\/shop\/pro-serija-lt\/shelly-pro-em-50a\/\" \/>\n<meta property=\"og:locale\" content=\"lt_LT\" \/>\n<meta property=\"og:type\" content=\"article\" \/>\n<meta property=\"og:title\" content=\"Shelly PRO EM 50A - shelly.lv\" \/>\n<meta property=\"og:description\" content=\"[vc_row][vc_column][vc_column_text woodmart_inline=&#8221;no&#8221; text_larger=&#8221;no&#8221;]Wi-Fi energijos matuoklis su kontaktoriaus valdymu Shelly Pro EM-50 yra ant DIN b\u0117gio montuojamas dviej\u0173 kanal\u0173 vienfazis energijos\" \/>\n<meta property=\"og:url\" content=\"https:\/\/shelly.lv\/lt\/shop\/pro-serija-lt\/shelly-pro-em-50a\/\" \/>\n<meta property=\"og:site_name\" content=\"shelly.lv\" \/>\n<meta property=\"article:modified_time\" content=\"2026-04-30T12:40:18+00:00\" \/>\n<meta property=\"og:image\" content=\"http:\/\/shelly.lv\/wp-content\/uploads\/2023\/10\/Shelly-PRO-EM-1200x1200-1-1.jpg\" \/>\n\t<meta property=\"og:image:width\" content=\"1200\" \/>\n\t<meta property=\"og:image:height\" content=\"1200\" \/>\n\t<meta property=\"og:image:type\" content=\"image\/jpeg\" \/>\n<meta name=\"twitter:card\" content=\"summary_large_image\" \/>\n<meta name=\"twitter:label1\" content=\"Est. reading time\" \/>\n\t<meta name=\"twitter:data1\" content=\"1 minut\u0117\" \/>\n<script type=\"application\/ld+json\" class=\"yoast-schema-graph\">{\"@context\":\"https:\/\/schema.org\",\"@graph\":[{\"@type\":\"WebPage\",\"@id\":\"https:\/\/shelly.lv\/lt\/shop\/pro-serija-lt\/shelly-pro-em-50a\/\",\"url\":\"https:\/\/shelly.lv\/lt\/shop\/pro-serija-lt\/shelly-pro-em-50a\/\",\"name\":\"Shelly PRO EM 50A - shelly.lv\",\"isPartOf\":{\"@id\":\"https:\/\/shelly.lv\/lt\/#website\"},\"datePublished\":\"2023-10-11T09:00:39+00:00\",\"dateModified\":\"2026-04-30T12:40:18+00:00\",\"breadcrumb\":{\"@id\":\"https:\/\/shelly.lv\/lt\/shop\/pro-serija-lt\/shelly-pro-em-50a\/#breadcrumb\"},\"inLanguage\":\"lt-LT\",\"potentialAction\":[{\"@type\":\"ReadAction\",\"target\":[\"https:\/\/shelly.lv\/lt\/shop\/pro-serija-lt\/shelly-pro-em-50a\/\"]}]},{\"@type\":\"BreadcrumbList\",\"@id\":\"https:\/\/shelly.lv\/lt\/shop\/pro-serija-lt\/shelly-pro-em-50a\/#breadcrumb\",\"itemListElement\":[{\"@type\":\"ListItem\",\"position\":1,\"name\":\"Home\",\"item\":\"https:\/\/shelly.lv\/lt\/\"},{\"@type\":\"ListItem\",\"position\":2,\"name\":\"Parduotuv\u0117\",\"item\":\"https:\/\/shelly.lv\/lt\/shop\/\"},{\"@type\":\"ListItem\",\"position\":3,\"name\":\"Shelly PRO EM 50A\"}]},{\"@type\":\"WebSite\",\"@id\":\"https:\/\/shelly.lv\/lt\/#website\",\"url\":\"https:\/\/shelly.lv\/lt\/\",\"name\":\"Shelly.lv\",\"description\":\"Shelly Latvia\",\"publisher\":{\"@id\":\"https:\/\/shelly.lv\/lt\/#organization\"},\"potentialAction\":[{\"@type\":\"SearchAction\",\"target\":{\"@type\":\"EntryPoint\",\"urlTemplate\":\"https:\/\/shelly.lv\/lt\/?s={search_term_string}\"},\"query-input\":\"required name=search_term_string\"}],\"inLanguage\":\"lt-LT\"},{\"@type\":\"Organization\",\"@id\":\"https:\/\/shelly.lv\/lt\/#organization\",\"name\":\"Shelly.lv\",\"url\":\"https:\/\/shelly.lv\/lt\/\",\"logo\":{\"@type\":\"ImageObject\",\"inLanguage\":\"lt-LT\",\"@id\":\"https:\/\/shelly.lv\/lt\/#\/schema\/logo\/image\/\",\"url\":\"https:\/\/shelly.lv\/wp-content\/uploads\/2023\/07\/Asset-3.png\",\"contentUrl\":\"https:\/\/shelly.lv\/wp-content\/uploads\/2023\/07\/Asset-3.png\",\"width\":861,\"height\":240,\"caption\":\"Shelly.lv\"},\"image\":{\"@id\":\"https:\/\/shelly.lv\/lt\/#\/schema\/logo\/image\/\"}}]}<\/script>\n<!-- \/ Yoast SEO plugin. -->","yoast_head_json":{"title":"Shelly PRO EM 50A - shelly.lv","robots":{"index":"index","follow":"follow","max-snippet":"max-snippet:-1","max-image-preview":"max-image-preview:large","max-video-preview":"max-video-preview:-1"},"canonical":"https:\/\/shelly.lv\/lt\/shop\/pro-serija-lt\/shelly-pro-em-50a\/","og_locale":"lt_LT","og_type":"article","og_title":"Shelly PRO EM 50A - shelly.lv","og_description":"[vc_row][vc_column][vc_column_text woodmart_inline=&#8221;no&#8221; text_larger=&#8221;no&#8221;]Wi-Fi energijos matuoklis su kontaktoriaus valdymu Shelly Pro EM-50 yra ant DIN b\u0117gio montuojamas dviej\u0173 kanal\u0173 vienfazis energijos","og_url":"https:\/\/shelly.lv\/lt\/shop\/pro-serija-lt\/shelly-pro-em-50a\/","og_site_name":"shelly.lv","article_modified_time":"2026-04-30T12:40:18+00:00","og_image":[{"width":1200,"height":1200,"url":"http:\/\/shelly.lv\/wp-content\/uploads\/2023\/10\/Shelly-PRO-EM-1200x1200-1-1.jpg","type":"image\/jpeg"}],"twitter_card":"summary_large_image","twitter_misc":{"Est. reading time":"1 minut\u0117"},"schema":{"@context":"https:\/\/schema.org","@graph":[{"@type":"WebPage","@id":"https:\/\/shelly.lv\/lt\/shop\/pro-serija-lt\/shelly-pro-em-50a\/","url":"https:\/\/shelly.lv\/lt\/shop\/pro-serija-lt\/shelly-pro-em-50a\/","name":"Shelly PRO EM 50A - shelly.lv","isPartOf":{"@id":"https:\/\/shelly.lv\/lt\/#website"},"datePublished":"2023-10-11T09:00:39+00:00","dateModified":"2026-04-30T12:40:18+00:00","breadcrumb":{"@id":"https:\/\/shelly.lv\/lt\/shop\/pro-serija-lt\/shelly-pro-em-50a\/#breadcrumb"},"inLanguage":"lt-LT","potentialAction":[{"@type":"ReadAction","target":["https:\/\/shelly.lv\/lt\/shop\/pro-serija-lt\/shelly-pro-em-50a\/"]}]},{"@type":"BreadcrumbList","@id":"https:\/\/shelly.lv\/lt\/shop\/pro-serija-lt\/shelly-pro-em-50a\/#breadcrumb","itemListElement":[{"@type":"ListItem","position":1,"name":"Home","item":"https:\/\/shelly.lv\/lt\/"},{"@type":"ListItem","position":2,"name":"Parduotuv\u0117","item":"https:\/\/shelly.lv\/lt\/shop\/"},{"@type":"ListItem","position":3,"name":"Shelly PRO EM 50A"}]},{"@type":"WebSite","@id":"https:\/\/shelly.lv\/lt\/#website","url":"https:\/\/shelly.lv\/lt\/","name":"Shelly.lv","description":"Shelly Latvia","publisher":{"@id":"https:\/\/shelly.lv\/lt\/#organization"},"potentialAction":[{"@type":"SearchAction","target":{"@type":"EntryPoint","urlTemplate":"https:\/\/shelly.lv\/lt\/?s={search_term_string}"},"query-input":"required name=search_term_string"}],"inLanguage":"lt-LT"},{"@type":"Organization","@id":"https:\/\/shelly.lv\/lt\/#organization","name":"Shelly.lv","url":"https:\/\/shelly.lv\/lt\/","logo":{"@type":"ImageObject","inLanguage":"lt-LT","@id":"https:\/\/shelly.lv\/lt\/#\/schema\/logo\/image\/","url":"https:\/\/shelly.lv\/wp-content\/uploads\/2023\/07\/Asset-3.png","contentUrl":"https:\/\/shelly.lv\/wp-content\/uploads\/2023\/07\/Asset-3.png","width":861,"height":240,"caption":"Shelly.lv"},"image":{"@id":"https:\/\/shelly.lv\/lt\/#\/schema\/logo\/image\/"}}]}},"_links":{"self":[{"href":"https:\/\/shelly.lv\/lt\/wp-json\/wp\/v2\/product\/2956","targetHints":{"allow":["GET"]}}],"collection":[{"href":"https:\/\/shelly.lv\/lt\/wp-json\/wp\/v2\/product"}],"about":[{"href":"https:\/\/shelly.lv\/lt\/wp-json\/wp\/v2\/types\/product"}],"wp:featuredmedia":[{"embeddable":true,"href":"https:\/\/shelly.lv\/lt\/wp-json\/wp\/v2\/media\/2950"}],"wp:attachment":[{"href":"https:\/\/shelly.lv\/lt\/wp-json\/wp\/v2\/media?parent=2956"}],"wp:term":[{"taxonomy":"product_cat","embeddable":true,"href":"https:\/\/shelly.lv\/lt\/wp-json\/wp\/v2\/product_cat?post=2956"},{"taxonomy":"product_tag","embeddable":true,"href":"https:\/\/shelly.lv\/lt\/wp-json\/wp\/v2\/product_tag?post=2956"}],"curies":[{"name":"wp","href":"https:\/\/api.w.org\/{rel}","templated":true}]}}