{"id":3007,"date":"2023-09-07T10:48:24","date_gmt":"2023-09-07T07:48:24","guid":{"rendered":"https:\/\/shelly.lv\/veikals\/uncategorized\/shelly-wall-display-ismaniu-namu-valdymo-ekranas\/"},"modified":"2025-08-04T17:40:11","modified_gmt":"2025-08-04T14:40:11","slug":"shelly-wall-display-ismaniu-namu-valdymo-ekranas-juodas","status":"publish","type":"product","link":"https:\/\/shelly.lv\/lt\/shop\/jungikliai\/shelly-wall-display-ismaniu-namu-valdymo-ekranas-juodas\/","title":{"rendered":"Shelly Wall Display i\u0161mani\u0173 nam\u0173 valdymo ekranas juodas"},"content":{"rendered":"<section class=\"wpb-content-wrapper\"><p>[vc_row][vc_column]\n\t\t<div id=\"wd-64f98f640c093\" class=\"title-wrapper wd-wpb set-mb-s reset-last-child  wd-rs-64f98f640c093 wd-title-color-default wd-title-style-default text-center vc_custom_1694076773551 wd-underline-colored\">\n\t\t\t\n\t\t\t<div class=\"liner-continer\">\n\t\t\t\t<h4 class=\"woodmart-title-container title  wd-font-weight-600 wd-fontsize-l\" >Shelly Wall Display<\/h4>\n\t\t\t\t\t\t\t<\/div>\n\t\t\t\n\t\t\t\n\t\t\t\n\t\t<\/div>\n\t\t\n\t\t[vc_column_text woodmart_inline=&#8221;no&#8221; text_larger=&#8221;no&#8221;]Shelly Wall Display yra intuityvus 4 coli\u0173 sieninis ekranas, leid\u017eiantis lengvai, centralizuotai valdyti ir steb\u0117ti visus savo \u201eShelly\u201c \u012frenginius. Minimalistin\u0117s i\u0161vaizdos ir pritaikomo pagrindinio ekrano \u201eShelly Wall Display\u201c puikiai tiks j\u016bs\u0173 interjerui ir prisitaikys prie j\u016bs\u0173 poreiki\u0173.<\/p>\n<p>Pakeiskite \u012fprast\u0105 \u0161viesos jungikl\u012f per 10 minu\u010di\u0173 ir valdykite visus savo \u201eShelly\u201c \u012frenginius vos vienu bakstel\u0117jimu.<\/p>\n<ul>\n<li>Integruota 5 A rel\u0117 prietaiso valdymui; reikalingas neutralus laidas (N)<\/li>\n<li>Integruoti temperat\u016bros, dr\u0117gm\u0117s ir LUX jutikliai<\/li>\n<li>Vis\u0173 prietais\u0173 energijos suvartojimo steb\u0117jimas j\u016bs\u0173 pasirinktame kambaryje<\/li>\n<li>Gali veikti kaip kambario termostatas (netrukus)<\/li>\n<li>Lengva nar\u0161yti ir tinkinti pagrindin\u012f ekran\u0105 bei ry\u0161kum\u0105<\/li>\n<li>Kurkite scenas ir tvarkara\u0161\u010dius<\/li>\n<\/ul>\n<p>Suasmenintas pagrindinis ekranas, skirtas momentiniam valdymui<br \/>\nPritaikykite savo pagrindin\u012f ekran\u0105 taip, kaip jums patinka. Lengvai sutvarkykite ir tinkinkite i\u0161d\u0117stym\u0105, kad parodytum\u0117te iki 6 jums svarbiausi\u0173 \u012frengini\u0173. Galite \u012fjungti arba i\u0161jungti \u012frenginius vienu bakstel\u0117jimu, steb\u0117ti dr\u0117gm\u0119 ir temperat\u016br\u0105 bei su\u017einoti dabartin\u012f kambario energijos suvartojim\u0105 vos vienu \u017evilgsniu.<\/p>\n<p>\u012erenginio skirtukas (konkre\u010diai patalpai)<br \/>\nI\u0161 karto pasiekite visus savo \u012frenginius naudodami \u201eShelly Wall Display\u201c skirtuk\u0105 \u012erenginiai. Per\u017ei\u016br\u0117kite vis\u0105 j\u016bs\u0173 pasirinktame kambaryje nustatyt\u0173 \u012frengini\u0173 s\u0105ra\u0161\u0105 ir valdykite kiekvien\u0105 atskirai.[\/vc_column_text][vc_video link=&#8221;&#8221; el_width=&#8221;80&#8243; align=&#8221;center&#8221; image_poster_switch=&#8221;no&#8221;][\/vc_column][\/vc_row]<\/p>\n<\/section>","protected":false},"excerpt":{"rendered":"<p>[vc_row][vc_column][vc_column_text woodmart_inline=&#8221;no&#8221; text_larger=&#8221;no&#8221;]Shelly Wall Display yra intuityvus 4 coli\u0173 sieninis ekranas, leid\u017eiantis lengvai, centralizuotai valdyti ir steb\u0117ti visus savo \u201eShelly\u201c<\/p>\n","protected":false},"featured_media":2997,"template":"","meta":[],"product_cat":[499,300],"product_tag":[41],"class_list":{"0":"post-3007","1":"product","2":"type-product","3":"status-publish","4":"has-post-thumbnail","6":"product_cat-ismaniosios-centrales","7":"product_cat-jungikliai","8":"product_tag-shelly","10":"first","11":"instock","12":"sale","13":"taxable","14":"shipping-taxable","15":"purchasable","16":"product-type-simple"},"yoast_head":"<!-- This site is optimized with the Yoast SEO plugin v20.12 - https:\/\/yoast.com\/wordpress\/plugins\/seo\/ -->\n<title>Shelly Wall Display i\u0161mani\u0173 nam\u0173 valdymo ekranas juodas - shelly.lv<\/title>\n<meta name=\"robots\" content=\"index, follow, max-snippet:-1, max-image-preview:large, max-video-preview:-1\" \/>\n<link rel=\"canonical\" href=\"https:\/\/shelly.lv\/lt\/shop\/jungikliai\/shelly-wall-display-ismaniu-namu-valdymo-ekranas-juodas\/\" \/>\n<meta property=\"og:locale\" content=\"lt_LT\" \/>\n<meta property=\"og:type\" content=\"article\" \/>\n<meta property=\"og:title\" content=\"Shelly Wall Display i\u0161mani\u0173 nam\u0173 valdymo ekranas juodas - shelly.lv\" \/>\n<meta property=\"og:description\" content=\"[vc_row][vc_column][vc_column_text woodmart_inline=&#8221;no&#8221; text_larger=&#8221;no&#8221;]Shelly Wall Display yra intuityvus 4 coli\u0173 sieninis ekranas, leid\u017eiantis lengvai, centralizuotai valdyti ir steb\u0117ti visus savo \u201eShelly\u201c\" \/>\n<meta property=\"og:url\" content=\"https:\/\/shelly.lv\/lt\/shop\/jungikliai\/shelly-wall-display-ismaniu-namu-valdymo-ekranas-juodas\/\" \/>\n<meta property=\"og:site_name\" content=\"shelly.lv\" \/>\n<meta property=\"article:modified_time\" content=\"2025-08-04T14:40:11+00:00\" \/>\n<meta property=\"og:image\" content=\"http:\/\/shelly.lv\/wp-content\/uploads\/2023\/10\/shelly-wall-display-1.jpg\" \/>\n\t<meta property=\"og:image:width\" content=\"800\" \/>\n\t<meta property=\"og:image:height\" content=\"800\" \/>\n\t<meta property=\"og:image:type\" content=\"image\/jpeg\" \/>\n<meta name=\"twitter:card\" content=\"summary_large_image\" \/>\n<meta name=\"twitter:label1\" content=\"Est. reading time\" \/>\n\t<meta name=\"twitter:data1\" content=\"2 minut\u0117s\" \/>\n<script type=\"application\/ld+json\" class=\"yoast-schema-graph\">{\"@context\":\"https:\/\/schema.org\",\"@graph\":[{\"@type\":\"WebPage\",\"@id\":\"https:\/\/shelly.lv\/lt\/shop\/jungikliai\/shelly-wall-display-ismaniu-namu-valdymo-ekranas-juodas\/\",\"url\":\"https:\/\/shelly.lv\/lt\/shop\/jungikliai\/shelly-wall-display-ismaniu-namu-valdymo-ekranas-juodas\/\",\"name\":\"Shelly Wall Display i\u0161mani\u0173 nam\u0173 valdymo ekranas juodas - shelly.lv\",\"isPartOf\":{\"@id\":\"https:\/\/shelly.lv\/lt\/#website\"},\"datePublished\":\"2023-09-07T07:48:24+00:00\",\"dateModified\":\"2025-08-04T14:40:11+00:00\",\"breadcrumb\":{\"@id\":\"https:\/\/shelly.lv\/lt\/shop\/jungikliai\/shelly-wall-display-ismaniu-namu-valdymo-ekranas-juodas\/#breadcrumb\"},\"inLanguage\":\"lt-LT\",\"potentialAction\":[{\"@type\":\"ReadAction\",\"target\":[\"https:\/\/shelly.lv\/lt\/shop\/jungikliai\/shelly-wall-display-ismaniu-namu-valdymo-ekranas-juodas\/\"]}]},{\"@type\":\"BreadcrumbList\",\"@id\":\"https:\/\/shelly.lv\/lt\/shop\/jungikliai\/shelly-wall-display-ismaniu-namu-valdymo-ekranas-juodas\/#breadcrumb\",\"itemListElement\":[{\"@type\":\"ListItem\",\"position\":1,\"name\":\"Home\",\"item\":\"https:\/\/shelly.lv\/lt\/\"},{\"@type\":\"ListItem\",\"position\":2,\"name\":\"Parduotuv\u0117\",\"item\":\"https:\/\/shelly.lv\/lt\/shop\/\"},{\"@type\":\"ListItem\",\"position\":3,\"name\":\"Shelly Wall Display i\u0161mani\u0173 nam\u0173 valdymo ekranas juodas\"}]},{\"@type\":\"WebSite\",\"@id\":\"https:\/\/shelly.lv\/lt\/#website\",\"url\":\"https:\/\/shelly.lv\/lt\/\",\"name\":\"Shelly.lv\",\"description\":\"Shelly Latvia\",\"publisher\":{\"@id\":\"https:\/\/shelly.lv\/lt\/#organization\"},\"potentialAction\":[{\"@type\":\"SearchAction\",\"target\":{\"@type\":\"EntryPoint\",\"urlTemplate\":\"https:\/\/shelly.lv\/lt\/?s={search_term_string}\"},\"query-input\":\"required name=search_term_string\"}],\"inLanguage\":\"lt-LT\"},{\"@type\":\"Organization\",\"@id\":\"https:\/\/shelly.lv\/lt\/#organization\",\"name\":\"Shelly.lv\",\"url\":\"https:\/\/shelly.lv\/lt\/\",\"logo\":{\"@type\":\"ImageObject\",\"inLanguage\":\"lt-LT\",\"@id\":\"https:\/\/shelly.lv\/lt\/#\/schema\/logo\/image\/\",\"url\":\"https:\/\/shelly.lv\/wp-content\/uploads\/2023\/07\/Asset-3.png\",\"contentUrl\":\"https:\/\/shelly.lv\/wp-content\/uploads\/2023\/07\/Asset-3.png\",\"width\":861,\"height\":240,\"caption\":\"Shelly.lv\"},\"image\":{\"@id\":\"https:\/\/shelly.lv\/lt\/#\/schema\/logo\/image\/\"}}]}<\/script>\n<!-- \/ Yoast SEO plugin. -->","yoast_head_json":{"title":"Shelly Wall Display i\u0161mani\u0173 nam\u0173 valdymo ekranas juodas - shelly.lv","robots":{"index":"index","follow":"follow","max-snippet":"max-snippet:-1","max-image-preview":"max-image-preview:large","max-video-preview":"max-video-preview:-1"},"canonical":"https:\/\/shelly.lv\/lt\/shop\/jungikliai\/shelly-wall-display-ismaniu-namu-valdymo-ekranas-juodas\/","og_locale":"lt_LT","og_type":"article","og_title":"Shelly Wall Display i\u0161mani\u0173 nam\u0173 valdymo ekranas juodas - shelly.lv","og_description":"[vc_row][vc_column][vc_column_text woodmart_inline=&#8221;no&#8221; text_larger=&#8221;no&#8221;]Shelly Wall Display yra intuityvus 4 coli\u0173 sieninis ekranas, leid\u017eiantis lengvai, centralizuotai valdyti ir steb\u0117ti visus savo \u201eShelly\u201c","og_url":"https:\/\/shelly.lv\/lt\/shop\/jungikliai\/shelly-wall-display-ismaniu-namu-valdymo-ekranas-juodas\/","og_site_name":"shelly.lv","article_modified_time":"2025-08-04T14:40:11+00:00","og_image":[{"width":800,"height":800,"url":"http:\/\/shelly.lv\/wp-content\/uploads\/2023\/10\/shelly-wall-display-1.jpg","type":"image\/jpeg"}],"twitter_card":"summary_large_image","twitter_misc":{"Est. reading time":"2 minut\u0117s"},"schema":{"@context":"https:\/\/schema.org","@graph":[{"@type":"WebPage","@id":"https:\/\/shelly.lv\/lt\/shop\/jungikliai\/shelly-wall-display-ismaniu-namu-valdymo-ekranas-juodas\/","url":"https:\/\/shelly.lv\/lt\/shop\/jungikliai\/shelly-wall-display-ismaniu-namu-valdymo-ekranas-juodas\/","name":"Shelly Wall Display i\u0161mani\u0173 nam\u0173 valdymo ekranas juodas - shelly.lv","isPartOf":{"@id":"https:\/\/shelly.lv\/lt\/#website"},"datePublished":"2023-09-07T07:48:24+00:00","dateModified":"2025-08-04T14:40:11+00:00","breadcrumb":{"@id":"https:\/\/shelly.lv\/lt\/shop\/jungikliai\/shelly-wall-display-ismaniu-namu-valdymo-ekranas-juodas\/#breadcrumb"},"inLanguage":"lt-LT","potentialAction":[{"@type":"ReadAction","target":["https:\/\/shelly.lv\/lt\/shop\/jungikliai\/shelly-wall-display-ismaniu-namu-valdymo-ekranas-juodas\/"]}]},{"@type":"BreadcrumbList","@id":"https:\/\/shelly.lv\/lt\/shop\/jungikliai\/shelly-wall-display-ismaniu-namu-valdymo-ekranas-juodas\/#breadcrumb","itemListElement":[{"@type":"ListItem","position":1,"name":"Home","item":"https:\/\/shelly.lv\/lt\/"},{"@type":"ListItem","position":2,"name":"Parduotuv\u0117","item":"https:\/\/shelly.lv\/lt\/shop\/"},{"@type":"ListItem","position":3,"name":"Shelly Wall Display i\u0161mani\u0173 nam\u0173 valdymo ekranas juodas"}]},{"@type":"WebSite","@id":"https:\/\/shelly.lv\/lt\/#website","url":"https:\/\/shelly.lv\/lt\/","name":"Shelly.lv","description":"Shelly Latvia","publisher":{"@id":"https:\/\/shelly.lv\/lt\/#organization"},"potentialAction":[{"@type":"SearchAction","target":{"@type":"EntryPoint","urlTemplate":"https:\/\/shelly.lv\/lt\/?s={search_term_string}"},"query-input":"required name=search_term_string"}],"inLanguage":"lt-LT"},{"@type":"Organization","@id":"https:\/\/shelly.lv\/lt\/#organization","name":"Shelly.lv","url":"https:\/\/shelly.lv\/lt\/","logo":{"@type":"ImageObject","inLanguage":"lt-LT","@id":"https:\/\/shelly.lv\/lt\/#\/schema\/logo\/image\/","url":"https:\/\/shelly.lv\/wp-content\/uploads\/2023\/07\/Asset-3.png","contentUrl":"https:\/\/shelly.lv\/wp-content\/uploads\/2023\/07\/Asset-3.png","width":861,"height":240,"caption":"Shelly.lv"},"image":{"@id":"https:\/\/shelly.lv\/lt\/#\/schema\/logo\/image\/"}}]}},"_links":{"self":[{"href":"https:\/\/shelly.lv\/lt\/wp-json\/wp\/v2\/product\/3007","targetHints":{"allow":["GET"]}}],"collection":[{"href":"https:\/\/shelly.lv\/lt\/wp-json\/wp\/v2\/product"}],"about":[{"href":"https:\/\/shelly.lv\/lt\/wp-json\/wp\/v2\/types\/product"}],"wp:featuredmedia":[{"embeddable":true,"href":"https:\/\/shelly.lv\/lt\/wp-json\/wp\/v2\/media\/2997"}],"wp:attachment":[{"href":"https:\/\/shelly.lv\/lt\/wp-json\/wp\/v2\/media?parent=3007"}],"wp:term":[{"taxonomy":"product_cat","embeddable":true,"href":"https:\/\/shelly.lv\/lt\/wp-json\/wp\/v2\/product_cat?post=3007"},{"taxonomy":"product_tag","embeddable":true,"href":"https:\/\/shelly.lv\/lt\/wp-json\/wp\/v2\/product_tag?post=3007"}],"curies":[{"name":"wp","href":"https:\/\/api.w.org\/{rel}","templated":true}]}}