{"id":3051,"date":"2023-08-28T01:00:10","date_gmt":"2023-08-27T22:00:10","guid":{"rendered":"https:\/\/shelly.lv\/veikals\/uncategorized\/shelly-wave-1-z-wave-1-kanalo-rele\/"},"modified":"2026-03-06T14:18:14","modified_gmt":"2026-03-06T12:18:14","slug":"shelly-wave-1","status":"publish","type":"product","link":"https:\/\/shelly.lv\/lt\/shop\/ismaniosios-reles\/shelly-wave-1\/","title":{"rendered":"Shelly Wave 1"},"content":{"rendered":"<section class=\"wpb-content-wrapper\"><p>[vc_row][vc_column]\n\t\t<div id=\"wd-64a27287c02f4\" class=\"title-wrapper wd-wpb set-mb-s reset-last-child  wd-rs-64a27287c02f4 wd-title-color-default wd-title-style-default text-center vc_custom_1688367756259 wd-underline-colored\">\n\t\t\t\n\t\t\t<div class=\"liner-continer\">\n\t\t\t\t<h4 class=\"woodmart-title-container title  wd-font-weight-600 wd-fontsize-l\" >Shelly Wave 1<\/h4>\n\t\t\t\t\t\t\t<\/div>\n\t\t\t\n\t\t\t\n\t\t\t\n\t\t<\/div>\n\t\t\n\t\t[vc_column_text woodmart_inline=&#8221;no&#8221; text_larger=&#8221;no&#8221;]Valdykite \u012fvairius \u012frenginius ir biuro \u012frang\u0105, pvz., elektrines spynas, vartus, gara\u017eo vartus, laistymo sistemas, LED juostas, \u0161viestuvus ir ki\u0161tukinius lizdus, \u200b\u200bi\u0161 bet kurios vietos. I\u0161\u0117jimo kontaktas yra be \u012ftampos (sausas kontaktas), leid\u017eiantis prie \u012frenginio prijungti \u012fvairias maitinimo apkrovas iki 16 A.<\/p>\n<p>Sausas kontaktas<br \/>\nItin ma\u017eas energijos suvartojimas: 0,3 W.<br \/>\nNaujausia technologija: Z-Wave 800 serija<br \/>\nZ-Wave da\u017eni\u0173 juosta: 868,4 MHz (CEPT \u0161alys)<br \/>\nAutomatinis nustatymas su SmartStart<br \/>\nApsauga 2 Autentifikuota siekiant auk\u0161\u010diausio lygio saugumo<br \/>\nPalaiko programin\u0117s \u012frangos atnaujinimus belaid\u017eiu b\u016bdu (OTA)<br \/>\nVeikia su Z-Wave sertifikuotomis central\u0117mis ir daugiau nei 4000 Z-Wave \u012frengini\u0173<br \/>\n* Central\u0117 (i\u0161manusis \u0161akotuvas) ne\u012ftrauktas. \u012erenginio konfig\u016bravimui reikalingas (i\u0161manusis \u0161akotuvas).<\/p>\n<p><img loading=\"lazy\" decoding=\"async\" class=\"aligncenter wp-image-32894 size-full\" src=\"https:\/\/improveit.lt\/wp-content\/uploads\/2023\/07\/z-wave-banner-1920x600-1920x500-1.jpg\" alt=\"\" width=\"1920\" height=\"500\" \/><\/p>\n<p><strong>Veikia su bet kuria Z-Wave centrale<\/strong><br \/>\nWave 1 yra modifikuotas ir sukurtas taip, kad tilpt\u0173 u\u017e bet kurio jungiklio ar lizdo, akimirksniu paversdamas j\u012f i\u0161maniuoju. \u012edieg\u0119 \u012ftraukite j\u012f \u012f savo Z-Wave tinkl\u0105 (reikalinga Z-Wave central\u0117) ir valdykite prijungtus prietaisus i\u0161 bet kurios vietos i\u0161maniuoju telefonu ar plan\u0161etiniu kompiuteriu. \u201eShelly Qubino\u201c \u012frenginiai veikia su daugiau nei 4000 \u201eZ-Wave\u201c sertifikuot\u0173 \u012frengini\u0173 ir centrali\u0173.[\/vc_column_text][vc_video link=&#8221;&#8221; el_width=&#8221;80&#8243; align=&#8221;center&#8221; image_poster_switch=&#8221;no&#8221;][\/vc_column][\/vc_row]<\/p>\n<\/section>","protected":false},"excerpt":{"rendered":"<p>[vc_row][vc_column][vc_column_text woodmart_inline=&#8221;no&#8221; text_larger=&#8221;no&#8221;]Valdykite \u012fvairius \u012frenginius ir biuro \u012frang\u0105, pvz., elektrines spynas, vartus, gara\u017eo vartus, laistymo sistemas, LED juostas, \u0161viestuvus ir<\/p>\n","protected":false},"featured_media":3041,"template":"","meta":[],"product_cat":[349,297],"product_tag":[41,42],"class_list":{"0":"post-3051","1":"product","2":"type-product","3":"status-publish","4":"has-post-thumbnail","6":"product_cat-wave-serija-lt","7":"product_cat-ismaniosios-reles","8":"product_tag-shelly","9":"product_tag-shelly-wave","11":"first","12":"outofstock","13":"taxable","14":"shipping-taxable","15":"purchasable","16":"product-type-simple"},"yoast_head":"<!-- This site is optimized with the Yoast SEO plugin v20.12 - https:\/\/yoast.com\/wordpress\/plugins\/seo\/ -->\n<title>Shelly Wave 1 - shelly.lv<\/title>\n<meta name=\"robots\" content=\"index, follow, max-snippet:-1, max-image-preview:large, max-video-preview:-1\" \/>\n<link rel=\"canonical\" href=\"https:\/\/shelly.lv\/lt\/shop\/ismaniosios-reles\/shelly-wave-1\/\" \/>\n<meta property=\"og:locale\" content=\"lt_LT\" \/>\n<meta property=\"og:type\" content=\"article\" \/>\n<meta property=\"og:title\" content=\"Shelly Wave 1 - shelly.lv\" \/>\n<meta property=\"og:description\" content=\"[vc_row][vc_column][vc_column_text woodmart_inline=&#8221;no&#8221; text_larger=&#8221;no&#8221;]Valdykite \u012fvairius \u012frenginius ir biuro \u012frang\u0105, pvz., elektrines spynas, vartus, gara\u017eo vartus, laistymo sistemas, LED juostas, \u0161viestuvus ir\" \/>\n<meta property=\"og:url\" content=\"https:\/\/shelly.lv\/lt\/shop\/ismaniosios-reles\/shelly-wave-1\/\" \/>\n<meta property=\"og:site_name\" content=\"shelly.lv\" \/>\n<meta property=\"article:modified_time\" content=\"2026-03-06T12:18:14+00:00\" \/>\n<meta property=\"og:image\" content=\"http:\/\/shelly.lv\/wp-content\/uploads\/2023\/10\/01_Wave1_webshop.jpg\" \/>\n\t<meta property=\"og:image:width\" content=\"1000\" \/>\n\t<meta property=\"og:image:height\" content=\"1000\" \/>\n\t<meta property=\"og:image:type\" content=\"image\/jpeg\" \/>\n<meta name=\"twitter:card\" content=\"summary_large_image\" \/>\n<meta name=\"twitter:label1\" content=\"Est. reading time\" \/>\n\t<meta name=\"twitter:data1\" content=\"2 minut\u0117s\" \/>\n<script type=\"application\/ld+json\" class=\"yoast-schema-graph\">{\"@context\":\"https:\/\/schema.org\",\"@graph\":[{\"@type\":\"WebPage\",\"@id\":\"https:\/\/shelly.lv\/lt\/shop\/ismaniosios-reles\/shelly-wave-1\/\",\"url\":\"https:\/\/shelly.lv\/lt\/shop\/ismaniosios-reles\/shelly-wave-1\/\",\"name\":\"Shelly Wave 1 - shelly.lv\",\"isPartOf\":{\"@id\":\"https:\/\/shelly.lv\/lt\/#website\"},\"datePublished\":\"2023-08-27T22:00:10+00:00\",\"dateModified\":\"2026-03-06T12:18:14+00:00\",\"breadcrumb\":{\"@id\":\"https:\/\/shelly.lv\/lt\/shop\/ismaniosios-reles\/shelly-wave-1\/#breadcrumb\"},\"inLanguage\":\"lt-LT\",\"potentialAction\":[{\"@type\":\"ReadAction\",\"target\":[\"https:\/\/shelly.lv\/lt\/shop\/ismaniosios-reles\/shelly-wave-1\/\"]}]},{\"@type\":\"BreadcrumbList\",\"@id\":\"https:\/\/shelly.lv\/lt\/shop\/ismaniosios-reles\/shelly-wave-1\/#breadcrumb\",\"itemListElement\":[{\"@type\":\"ListItem\",\"position\":1,\"name\":\"Home\",\"item\":\"https:\/\/shelly.lv\/lt\/\"},{\"@type\":\"ListItem\",\"position\":2,\"name\":\"Parduotuv\u0117\",\"item\":\"https:\/\/shelly.lv\/lt\/shop\/\"},{\"@type\":\"ListItem\",\"position\":3,\"name\":\"Shelly Wave 1\"}]},{\"@type\":\"WebSite\",\"@id\":\"https:\/\/shelly.lv\/lt\/#website\",\"url\":\"https:\/\/shelly.lv\/lt\/\",\"name\":\"Shelly.lv\",\"description\":\"Shelly Latvia\",\"publisher\":{\"@id\":\"https:\/\/shelly.lv\/lt\/#organization\"},\"potentialAction\":[{\"@type\":\"SearchAction\",\"target\":{\"@type\":\"EntryPoint\",\"urlTemplate\":\"https:\/\/shelly.lv\/lt\/?s={search_term_string}\"},\"query-input\":\"required name=search_term_string\"}],\"inLanguage\":\"lt-LT\"},{\"@type\":\"Organization\",\"@id\":\"https:\/\/shelly.lv\/lt\/#organization\",\"name\":\"Shelly.lv\",\"url\":\"https:\/\/shelly.lv\/lt\/\",\"logo\":{\"@type\":\"ImageObject\",\"inLanguage\":\"lt-LT\",\"@id\":\"https:\/\/shelly.lv\/lt\/#\/schema\/logo\/image\/\",\"url\":\"https:\/\/shelly.lv\/wp-content\/uploads\/2023\/07\/Asset-3.png\",\"contentUrl\":\"https:\/\/shelly.lv\/wp-content\/uploads\/2023\/07\/Asset-3.png\",\"width\":861,\"height\":240,\"caption\":\"Shelly.lv\"},\"image\":{\"@id\":\"https:\/\/shelly.lv\/lt\/#\/schema\/logo\/image\/\"}}]}<\/script>\n<!-- \/ Yoast SEO plugin. -->","yoast_head_json":{"title":"Shelly Wave 1 - shelly.lv","robots":{"index":"index","follow":"follow","max-snippet":"max-snippet:-1","max-image-preview":"max-image-preview:large","max-video-preview":"max-video-preview:-1"},"canonical":"https:\/\/shelly.lv\/lt\/shop\/ismaniosios-reles\/shelly-wave-1\/","og_locale":"lt_LT","og_type":"article","og_title":"Shelly Wave 1 - shelly.lv","og_description":"[vc_row][vc_column][vc_column_text woodmart_inline=&#8221;no&#8221; text_larger=&#8221;no&#8221;]Valdykite \u012fvairius \u012frenginius ir biuro \u012frang\u0105, pvz., elektrines spynas, vartus, gara\u017eo vartus, laistymo sistemas, LED juostas, \u0161viestuvus ir","og_url":"https:\/\/shelly.lv\/lt\/shop\/ismaniosios-reles\/shelly-wave-1\/","og_site_name":"shelly.lv","article_modified_time":"2026-03-06T12:18:14+00:00","og_image":[{"width":1000,"height":1000,"url":"http:\/\/shelly.lv\/wp-content\/uploads\/2023\/10\/01_Wave1_webshop.jpg","type":"image\/jpeg"}],"twitter_card":"summary_large_image","twitter_misc":{"Est. reading time":"2 minut\u0117s"},"schema":{"@context":"https:\/\/schema.org","@graph":[{"@type":"WebPage","@id":"https:\/\/shelly.lv\/lt\/shop\/ismaniosios-reles\/shelly-wave-1\/","url":"https:\/\/shelly.lv\/lt\/shop\/ismaniosios-reles\/shelly-wave-1\/","name":"Shelly Wave 1 - shelly.lv","isPartOf":{"@id":"https:\/\/shelly.lv\/lt\/#website"},"datePublished":"2023-08-27T22:00:10+00:00","dateModified":"2026-03-06T12:18:14+00:00","breadcrumb":{"@id":"https:\/\/shelly.lv\/lt\/shop\/ismaniosios-reles\/shelly-wave-1\/#breadcrumb"},"inLanguage":"lt-LT","potentialAction":[{"@type":"ReadAction","target":["https:\/\/shelly.lv\/lt\/shop\/ismaniosios-reles\/shelly-wave-1\/"]}]},{"@type":"BreadcrumbList","@id":"https:\/\/shelly.lv\/lt\/shop\/ismaniosios-reles\/shelly-wave-1\/#breadcrumb","itemListElement":[{"@type":"ListItem","position":1,"name":"Home","item":"https:\/\/shelly.lv\/lt\/"},{"@type":"ListItem","position":2,"name":"Parduotuv\u0117","item":"https:\/\/shelly.lv\/lt\/shop\/"},{"@type":"ListItem","position":3,"name":"Shelly Wave 1"}]},{"@type":"WebSite","@id":"https:\/\/shelly.lv\/lt\/#website","url":"https:\/\/shelly.lv\/lt\/","name":"Shelly.lv","description":"Shelly Latvia","publisher":{"@id":"https:\/\/shelly.lv\/lt\/#organization"},"potentialAction":[{"@type":"SearchAction","target":{"@type":"EntryPoint","urlTemplate":"https:\/\/shelly.lv\/lt\/?s={search_term_string}"},"query-input":"required name=search_term_string"}],"inLanguage":"lt-LT"},{"@type":"Organization","@id":"https:\/\/shelly.lv\/lt\/#organization","name":"Shelly.lv","url":"https:\/\/shelly.lv\/lt\/","logo":{"@type":"ImageObject","inLanguage":"lt-LT","@id":"https:\/\/shelly.lv\/lt\/#\/schema\/logo\/image\/","url":"https:\/\/shelly.lv\/wp-content\/uploads\/2023\/07\/Asset-3.png","contentUrl":"https:\/\/shelly.lv\/wp-content\/uploads\/2023\/07\/Asset-3.png","width":861,"height":240,"caption":"Shelly.lv"},"image":{"@id":"https:\/\/shelly.lv\/lt\/#\/schema\/logo\/image\/"}}]}},"_links":{"self":[{"href":"https:\/\/shelly.lv\/lt\/wp-json\/wp\/v2\/product\/3051","targetHints":{"allow":["GET"]}}],"collection":[{"href":"https:\/\/shelly.lv\/lt\/wp-json\/wp\/v2\/product"}],"about":[{"href":"https:\/\/shelly.lv\/lt\/wp-json\/wp\/v2\/types\/product"}],"wp:featuredmedia":[{"embeddable":true,"href":"https:\/\/shelly.lv\/lt\/wp-json\/wp\/v2\/media\/3041"}],"wp:attachment":[{"href":"https:\/\/shelly.lv\/lt\/wp-json\/wp\/v2\/media?parent=3051"}],"wp:term":[{"taxonomy":"product_cat","embeddable":true,"href":"https:\/\/shelly.lv\/lt\/wp-json\/wp\/v2\/product_cat?post=3051"},{"taxonomy":"product_tag","embeddable":true,"href":"https:\/\/shelly.lv\/lt\/wp-json\/wp\/v2\/product_tag?post=3051"}],"curies":[{"name":"wp","href":"https:\/\/api.w.org\/{rel}","templated":true}]}}