{"id":3062,"date":"2023-08-24T15:56:49","date_gmt":"2023-08-24T12:56:49","guid":{"rendered":"https:\/\/shelly.lv\/veikals\/uncategorized\/shelly-qubino-wave-2pm-z-wave-2-kanalu-rele\/"},"modified":"2025-11-20T12:17:11","modified_gmt":"2025-11-20T10:17:11","slug":"shelly-qubino-wave-2pm","status":"publish","type":"product","link":"https:\/\/shelly.lv\/lt\/shop\/ismaniosios-reles\/shelly-qubino-wave-2pm\/","title":{"rendered":"Shelly Qubino Wave 2PM"},"content":{"rendered":"<section class=\"wpb-content-wrapper\"><p>[vc_row][vc_column]\n\t\t<div id=\"wd-64e7559a54c72\" class=\"title-wrapper wd-wpb set-mb-s reset-last-child  wd-rs-64e7559a54c72 wd-title-color-default wd-title-style-default text-center vc_custom_1692882334638 wd-underline-colored\">\n\t\t\t\n\t\t\t<div class=\"liner-continer\">\n\t\t\t\t<h4 class=\"woodmart-title-container title  wd-font-weight-600 wd-fontsize-l\" >Shelly Wave 2PM<\/h4>\n\t\t\t\t\t\t\t<\/div>\n\t\t\t\n\t\t\t\n\t\t\t\n\t\t<\/div>\n\t\t\n\t\t[vc_column_text woodmart_inline=&#8221;no&#8221; text_larger=&#8221;no&#8221;]\u201eWave 2 PM\u201c \u012fprast\u0105 dviej\u0173 poli\u0173 sienin\u012f jungikl\u012f paver\u010dia i\u0161maniuoju jungikliu. Tai leid\u017eia nuotoliniu b\u016bdu valdyti du elektros prietaisus, tokius kaip \u0161viestuvai, lub\u0173 ventiliatoriai, IR plok\u0161t\u0117s ir IR \u0161ildytuvai. Jis \u012fjungia (\u012fjungia \/ i\u0161jungia) dvi nepriklausomas apkrovas ir matuoja j\u0173 energijos suvartojim\u0105 atskirai ir bendr\u0105.<\/p>\n<p>Prijungtus \u012frenginius galima valdyti i\u0161maniuoju telefonu\/plan\u0161ete, pagal tvarkara\u0161\u010dius ar scenas ir pan. Jis suderinamas su jungikliais arba mygtukais.<\/p>\n<p><strong>Galimyb\u0117s<\/strong><\/p>\n<ul>\n<li>Energetikos matavimas<\/li>\n<li>Labai ma\u017eas energijos suvartojimas: 0,3 W.<\/li>\n<li>Z-Wave da\u017enio juosta: 868,4 MHz (CEPT \u0161alys)<\/li>\n<li>Naujausia technologija: Z-Wave 800 serija<\/li>\n<li>Automatinis nustatymas su SmartStart<\/li>\n<li>Saugumas 2: patvirtintas auk\u0161\u010diausio lygio saugumas<\/li>\n<li>Palaiko atnaujinimus per oro (over-the-air firmware updates)<\/li>\n<li>Paprastas montavimas daugumoje standartini\u0173 elektros d\u0117\u017ei\u0173 ir jungikli\u0173 Veikia su sertifikuotomis Z-Wave central\u0117mis ir daugiau nei 4 000 Z-Wave \u012frengini\u0173.<\/li>\n<\/ul>\n<ul>\n<li>Central\u0117 (protingas centras) n\u0117ra \u012ftraukti. Central\u0117 (protingas centras) yra b\u016btini \u012frenginio konfig\u016bracijai atlikti.<\/li>\n<\/ul>\n<p><img loading=\"lazy\" decoding=\"async\" class=\"aligncenter wp-image-32894 size-full\" src=\"https:\/\/improveit.lt\/wp-content\/uploads\/2023\/07\/z-wave-banner-1920x600-1920x500-1.jpg\" alt=\"\" width=\"1920\" height=\"500\" \/><\/p>\n<p><strong>Veikia su bet kuria Z-Wave central\u0117<\/strong><\/p>\n<p>Wave 1PM yra modifikuotas ir sukurtas taip, kad tilpt\u0173 u\u017e bet kurio jungiklio ar lizdo, akimirksniu paversdamas j\u012f i\u0161maniuoju. \u012edieg\u0119 \u012ftraukite j\u012f \u012f savo Z-Wave tinkl\u0105 (reikalinga Z-Wave central\u0117) ir valdykite prijungtus prietaisus i\u0161 bet kurios vietos i\u0161maniuoju telefonu ar plan\u0161etiniu kompiuteriu. \u201eShelly Qubino\u201c \u012frenginiai veikia su daugiau nei 4000 \u201eZ-Wave\u201c sertifikuot\u0173 \u012frengini\u0173 ir centrali\u0173.[\/vc_column_text][vc_video link=&#8221;&#8221; el_width=&#8221;80&#8243; align=&#8221;center&#8221; image_poster_switch=&#8221;no&#8221;][\/vc_column][\/vc_row]<\/p>\n<\/section>","protected":false},"excerpt":{"rendered":"<p>[vc_row][vc_column][vc_column_text woodmart_inline=&#8221;no&#8221; text_larger=&#8221;no&#8221;]\u201eWave 2 PM\u201c \u012fprast\u0105 dviej\u0173 poli\u0173 sienin\u012f jungikl\u012f paver\u010dia i\u0161maniuoju jungikliu. Tai leid\u017eia nuotoliniu b\u016bdu valdyti du elektros<\/p>\n","protected":false},"featured_media":3052,"template":"","meta":[],"product_cat":[349,297],"product_tag":[41,42],"class_list":{"0":"post-3062","1":"product","2":"type-product","3":"status-publish","4":"has-post-thumbnail","6":"product_cat-wave-serija-lt","7":"product_cat-ismaniosios-reles","8":"product_tag-shelly","9":"product_tag-shelly-wave","11":"first","12":"outofstock","13":"taxable","14":"shipping-taxable","15":"purchasable","16":"product-type-simple"},"yoast_head":"<!-- This site is optimized with the Yoast SEO plugin v20.12 - https:\/\/yoast.com\/wordpress\/plugins\/seo\/ -->\n<title>Shelly Qubino Wave 2PM - shelly.lv<\/title>\n<meta name=\"robots\" content=\"index, follow, max-snippet:-1, max-image-preview:large, max-video-preview:-1\" \/>\n<link rel=\"canonical\" href=\"https:\/\/shelly.lv\/lt\/shop\/ismaniosios-reles\/shelly-qubino-wave-2pm\/\" \/>\n<meta property=\"og:locale\" content=\"lt_LT\" \/>\n<meta property=\"og:type\" content=\"article\" \/>\n<meta property=\"og:title\" content=\"Shelly Qubino Wave 2PM - shelly.lv\" \/>\n<meta property=\"og:description\" content=\"[vc_row][vc_column][vc_column_text woodmart_inline=&#8221;no&#8221; text_larger=&#8221;no&#8221;]\u201eWave 2 PM\u201c \u012fprast\u0105 dviej\u0173 poli\u0173 sienin\u012f jungikl\u012f paver\u010dia i\u0161maniuoju jungikliu. Tai leid\u017eia nuotoliniu b\u016bdu valdyti du elektros\" \/>\n<meta property=\"og:url\" content=\"https:\/\/shelly.lv\/lt\/shop\/ismaniosios-reles\/shelly-qubino-wave-2pm\/\" \/>\n<meta property=\"og:site_name\" content=\"shelly.lv\" \/>\n<meta property=\"article:modified_time\" content=\"2025-11-20T10:17:11+00:00\" \/>\n<meta property=\"og:image\" content=\"http:\/\/shelly.lv\/wp-content\/uploads\/2023\/10\/download.jpg\" \/>\n\t<meta property=\"og:image:width\" content=\"225\" \/>\n\t<meta property=\"og:image:height\" content=\"225\" \/>\n\t<meta property=\"og:image:type\" content=\"image\/jpeg\" \/>\n<meta name=\"twitter:card\" content=\"summary_large_image\" \/>\n<meta name=\"twitter:label1\" content=\"Est. reading time\" \/>\n\t<meta name=\"twitter:data1\" content=\"2 minut\u0117s\" \/>\n<script type=\"application\/ld+json\" class=\"yoast-schema-graph\">{\"@context\":\"https:\/\/schema.org\",\"@graph\":[{\"@type\":\"WebPage\",\"@id\":\"https:\/\/shelly.lv\/lt\/shop\/ismaniosios-reles\/shelly-qubino-wave-2pm\/\",\"url\":\"https:\/\/shelly.lv\/lt\/shop\/ismaniosios-reles\/shelly-qubino-wave-2pm\/\",\"name\":\"Shelly Qubino Wave 2PM - shelly.lv\",\"isPartOf\":{\"@id\":\"https:\/\/shelly.lv\/lt\/#website\"},\"datePublished\":\"2023-08-24T12:56:49+00:00\",\"dateModified\":\"2025-11-20T10:17:11+00:00\",\"breadcrumb\":{\"@id\":\"https:\/\/shelly.lv\/lt\/shop\/ismaniosios-reles\/shelly-qubino-wave-2pm\/#breadcrumb\"},\"inLanguage\":\"lt-LT\",\"potentialAction\":[{\"@type\":\"ReadAction\",\"target\":[\"https:\/\/shelly.lv\/lt\/shop\/ismaniosios-reles\/shelly-qubino-wave-2pm\/\"]}]},{\"@type\":\"BreadcrumbList\",\"@id\":\"https:\/\/shelly.lv\/lt\/shop\/ismaniosios-reles\/shelly-qubino-wave-2pm\/#breadcrumb\",\"itemListElement\":[{\"@type\":\"ListItem\",\"position\":1,\"name\":\"Home\",\"item\":\"https:\/\/shelly.lv\/lt\/\"},{\"@type\":\"ListItem\",\"position\":2,\"name\":\"Parduotuv\u0117\",\"item\":\"https:\/\/shelly.lv\/lt\/shop\/\"},{\"@type\":\"ListItem\",\"position\":3,\"name\":\"Shelly Qubino Wave 2PM\"}]},{\"@type\":\"WebSite\",\"@id\":\"https:\/\/shelly.lv\/lt\/#website\",\"url\":\"https:\/\/shelly.lv\/lt\/\",\"name\":\"Shelly.lv\",\"description\":\"Shelly Latvia\",\"publisher\":{\"@id\":\"https:\/\/shelly.lv\/lt\/#organization\"},\"potentialAction\":[{\"@type\":\"SearchAction\",\"target\":{\"@type\":\"EntryPoint\",\"urlTemplate\":\"https:\/\/shelly.lv\/lt\/?s={search_term_string}\"},\"query-input\":\"required name=search_term_string\"}],\"inLanguage\":\"lt-LT\"},{\"@type\":\"Organization\",\"@id\":\"https:\/\/shelly.lv\/lt\/#organization\",\"name\":\"Shelly.lv\",\"url\":\"https:\/\/shelly.lv\/lt\/\",\"logo\":{\"@type\":\"ImageObject\",\"inLanguage\":\"lt-LT\",\"@id\":\"https:\/\/shelly.lv\/lt\/#\/schema\/logo\/image\/\",\"url\":\"https:\/\/shelly.lv\/wp-content\/uploads\/2023\/07\/Asset-3.png\",\"contentUrl\":\"https:\/\/shelly.lv\/wp-content\/uploads\/2023\/07\/Asset-3.png\",\"width\":861,\"height\":240,\"caption\":\"Shelly.lv\"},\"image\":{\"@id\":\"https:\/\/shelly.lv\/lt\/#\/schema\/logo\/image\/\"}}]}<\/script>\n<!-- \/ Yoast SEO plugin. -->","yoast_head_json":{"title":"Shelly Qubino Wave 2PM - shelly.lv","robots":{"index":"index","follow":"follow","max-snippet":"max-snippet:-1","max-image-preview":"max-image-preview:large","max-video-preview":"max-video-preview:-1"},"canonical":"https:\/\/shelly.lv\/lt\/shop\/ismaniosios-reles\/shelly-qubino-wave-2pm\/","og_locale":"lt_LT","og_type":"article","og_title":"Shelly Qubino Wave 2PM - shelly.lv","og_description":"[vc_row][vc_column][vc_column_text woodmart_inline=&#8221;no&#8221; text_larger=&#8221;no&#8221;]\u201eWave 2 PM\u201c \u012fprast\u0105 dviej\u0173 poli\u0173 sienin\u012f jungikl\u012f paver\u010dia i\u0161maniuoju jungikliu. Tai leid\u017eia nuotoliniu b\u016bdu valdyti du elektros","og_url":"https:\/\/shelly.lv\/lt\/shop\/ismaniosios-reles\/shelly-qubino-wave-2pm\/","og_site_name":"shelly.lv","article_modified_time":"2025-11-20T10:17:11+00:00","og_image":[{"width":225,"height":225,"url":"http:\/\/shelly.lv\/wp-content\/uploads\/2023\/10\/download.jpg","type":"image\/jpeg"}],"twitter_card":"summary_large_image","twitter_misc":{"Est. reading time":"2 minut\u0117s"},"schema":{"@context":"https:\/\/schema.org","@graph":[{"@type":"WebPage","@id":"https:\/\/shelly.lv\/lt\/shop\/ismaniosios-reles\/shelly-qubino-wave-2pm\/","url":"https:\/\/shelly.lv\/lt\/shop\/ismaniosios-reles\/shelly-qubino-wave-2pm\/","name":"Shelly Qubino Wave 2PM - shelly.lv","isPartOf":{"@id":"https:\/\/shelly.lv\/lt\/#website"},"datePublished":"2023-08-24T12:56:49+00:00","dateModified":"2025-11-20T10:17:11+00:00","breadcrumb":{"@id":"https:\/\/shelly.lv\/lt\/shop\/ismaniosios-reles\/shelly-qubino-wave-2pm\/#breadcrumb"},"inLanguage":"lt-LT","potentialAction":[{"@type":"ReadAction","target":["https:\/\/shelly.lv\/lt\/shop\/ismaniosios-reles\/shelly-qubino-wave-2pm\/"]}]},{"@type":"BreadcrumbList","@id":"https:\/\/shelly.lv\/lt\/shop\/ismaniosios-reles\/shelly-qubino-wave-2pm\/#breadcrumb","itemListElement":[{"@type":"ListItem","position":1,"name":"Home","item":"https:\/\/shelly.lv\/lt\/"},{"@type":"ListItem","position":2,"name":"Parduotuv\u0117","item":"https:\/\/shelly.lv\/lt\/shop\/"},{"@type":"ListItem","position":3,"name":"Shelly Qubino Wave 2PM"}]},{"@type":"WebSite","@id":"https:\/\/shelly.lv\/lt\/#website","url":"https:\/\/shelly.lv\/lt\/","name":"Shelly.lv","description":"Shelly Latvia","publisher":{"@id":"https:\/\/shelly.lv\/lt\/#organization"},"potentialAction":[{"@type":"SearchAction","target":{"@type":"EntryPoint","urlTemplate":"https:\/\/shelly.lv\/lt\/?s={search_term_string}"},"query-input":"required name=search_term_string"}],"inLanguage":"lt-LT"},{"@type":"Organization","@id":"https:\/\/shelly.lv\/lt\/#organization","name":"Shelly.lv","url":"https:\/\/shelly.lv\/lt\/","logo":{"@type":"ImageObject","inLanguage":"lt-LT","@id":"https:\/\/shelly.lv\/lt\/#\/schema\/logo\/image\/","url":"https:\/\/shelly.lv\/wp-content\/uploads\/2023\/07\/Asset-3.png","contentUrl":"https:\/\/shelly.lv\/wp-content\/uploads\/2023\/07\/Asset-3.png","width":861,"height":240,"caption":"Shelly.lv"},"image":{"@id":"https:\/\/shelly.lv\/lt\/#\/schema\/logo\/image\/"}}]}},"_links":{"self":[{"href":"https:\/\/shelly.lv\/lt\/wp-json\/wp\/v2\/product\/3062","targetHints":{"allow":["GET"]}}],"collection":[{"href":"https:\/\/shelly.lv\/lt\/wp-json\/wp\/v2\/product"}],"about":[{"href":"https:\/\/shelly.lv\/lt\/wp-json\/wp\/v2\/types\/product"}],"wp:featuredmedia":[{"embeddable":true,"href":"https:\/\/shelly.lv\/lt\/wp-json\/wp\/v2\/media\/3052"}],"wp:attachment":[{"href":"https:\/\/shelly.lv\/lt\/wp-json\/wp\/v2\/media?parent=3062"}],"wp:term":[{"taxonomy":"product_cat","embeddable":true,"href":"https:\/\/shelly.lv\/lt\/wp-json\/wp\/v2\/product_cat?post=3062"},{"taxonomy":"product_tag","embeddable":true,"href":"https:\/\/shelly.lv\/lt\/wp-json\/wp\/v2\/product_tag?post=3062"}],"curies":[{"name":"wp","href":"https:\/\/api.w.org\/{rel}","templated":true}]}}