{"id":3067,"date":"2023-06-30T14:54:50","date_gmt":"2023-06-30T11:54:50","guid":{"rendered":"https:\/\/shelly.lv\/veikals\/uncategorized\/shelly-120a-sroves-transformatorius-pro-3em-versijai\/"},"modified":"2025-11-19T14:31:55","modified_gmt":"2025-11-19T12:31:55","slug":"shelly-120a-sroves-transformatorius-pro-3em-versijai","status":"publish","type":"product","link":"https:\/\/shelly.lv\/lt\/shop\/pro-serija-lt\/shelly-120a-sroves-transformatorius-pro-3em-versijai\/","title":{"rendered":"Shelly 120A srov\u0117s transformatorius PRO 3EM versijai"},"content":{"rendered":"<section class=\"wpb-content-wrapper\"><p>[vc_row][vc_column]\n\t\t<div id=\"wd-649ec325d7acc\" class=\"title-wrapper wd-wpb set-mb-s reset-last-child  wd-rs-649ec325d7acc wd-title-color-default wd-title-style-default text-center vc_custom_1688126258358 wd-underline-colored\">\n\t\t\t\n\t\t\t<div class=\"liner-continer\">\n\t\t\t\t<h4 class=\"woodmart-title-container title  wd-font-weight-600 wd-fontsize-l\" >Shelly 120A srov\u0117s transformatorius<\/h4>\n\t\t\t\t\t\t\t<\/div>\n\t\t\t\n\t\t\t\n\t\t\t\n\t\t<\/div>\n\t\t\n\t\t[vc_column_text woodmart_inline=&#8221;no&#8221; text_larger=&#8221;no&#8221;]Srov\u0117s transformatorius su jungtimi, skirtas tiesioginiam prijungimui prie Shelly Pro 3EM. Jei nupjaunate \u0161i\u0105 jungt\u012f, spaustuk\u0105 galima prijungti prie Shelly EM.<br \/>\nSuderinamas su Shelly Pro 3EM ir Shelly EM.<br \/>\nNesuderinamas su Shelly 3EM.[\/vc_column_text][\/vc_column][\/vc_row]<\/p>\n<\/section>","protected":false},"excerpt":{"rendered":"<p>[vc_row][vc_column][vc_column_text woodmart_inline=&#8221;no&#8221; text_larger=&#8221;no&#8221;]Srov\u0117s transformatorius su jungtimi, skirtas tiesioginiam prijungimui prie Shelly Pro 3EM. Jei nupjaunate \u0161i\u0105 jungt\u012f, spaustuk\u0105 galima prijungti<\/p>\n","protected":false},"featured_media":3063,"template":"","meta":[],"product_cat":[295,298,299],"product_tag":[41,190],"class_list":{"0":"post-3067","1":"product","2":"type-product","3":"status-publish","4":"has-post-thumbnail","6":"product_cat-pro-serija-lt","7":"product_cat-sensoriai","8":"product_cat-priedai","9":"product_tag-shelly","10":"product_tag-shelly-pro","12":"first","13":"outofstock","14":"taxable","15":"shipping-taxable","16":"purchasable","17":"product-type-simple"},"yoast_head":"<!-- This site is optimized with the Yoast SEO plugin v20.12 - https:\/\/yoast.com\/wordpress\/plugins\/seo\/ -->\n<title>Shelly 120A srov\u0117s transformatorius PRO 3EM versijai - shelly.lv<\/title>\n<meta name=\"robots\" content=\"index, follow, max-snippet:-1, max-image-preview:large, max-video-preview:-1\" \/>\n<link rel=\"canonical\" href=\"https:\/\/shelly.lv\/lt\/shop\/pro-serija-lt\/shelly-120a-sroves-transformatorius-pro-3em-versijai\/\" \/>\n<meta property=\"og:locale\" content=\"lt_LT\" \/>\n<meta property=\"og:type\" content=\"article\" \/>\n<meta property=\"og:title\" content=\"Shelly 120A srov\u0117s transformatorius PRO 3EM versijai - shelly.lv\" \/>\n<meta property=\"og:description\" content=\"[vc_row][vc_column][vc_column_text woodmart_inline=&#8221;no&#8221; text_larger=&#8221;no&#8221;]Srov\u0117s transformatorius su jungtimi, skirtas tiesioginiam prijungimui prie Shelly Pro 3EM. Jei nupjaunate \u0161i\u0105 jungt\u012f, spaustuk\u0105 galima prijungti\" \/>\n<meta property=\"og:url\" content=\"https:\/\/shelly.lv\/lt\/shop\/pro-serija-lt\/shelly-120a-sroves-transformatorius-pro-3em-versijai\/\" \/>\n<meta property=\"og:site_name\" content=\"shelly.lv\" \/>\n<meta property=\"article:modified_time\" content=\"2025-11-19T12:31:55+00:00\" \/>\n<meta property=\"og:image\" content=\"http:\/\/shelly.lv\/wp-content\/uploads\/2023\/10\/shelly-split-core-current-transformer-120a-for-shelly-pro-3em-and-em.jpg\" \/>\n\t<meta property=\"og:image:width\" content=\"700\" \/>\n\t<meta property=\"og:image:height\" content=\"800\" \/>\n\t<meta property=\"og:image:type\" content=\"image\/jpeg\" \/>\n<meta name=\"twitter:card\" content=\"summary_large_image\" \/>\n<meta name=\"twitter:label1\" content=\"Est. reading time\" \/>\n\t<meta name=\"twitter:data1\" content=\"1 minut\u0117\" \/>\n<script type=\"application\/ld+json\" class=\"yoast-schema-graph\">{\"@context\":\"https:\/\/schema.org\",\"@graph\":[{\"@type\":\"WebPage\",\"@id\":\"https:\/\/shelly.lv\/lt\/shop\/pro-serija-lt\/shelly-120a-sroves-transformatorius-pro-3em-versijai\/\",\"url\":\"https:\/\/shelly.lv\/lt\/shop\/pro-serija-lt\/shelly-120a-sroves-transformatorius-pro-3em-versijai\/\",\"name\":\"Shelly 120A srov\u0117s transformatorius PRO 3EM versijai - shelly.lv\",\"isPartOf\":{\"@id\":\"https:\/\/shelly.lv\/lt\/#website\"},\"datePublished\":\"2023-06-30T11:54:50+00:00\",\"dateModified\":\"2025-11-19T12:31:55+00:00\",\"breadcrumb\":{\"@id\":\"https:\/\/shelly.lv\/lt\/shop\/pro-serija-lt\/shelly-120a-sroves-transformatorius-pro-3em-versijai\/#breadcrumb\"},\"inLanguage\":\"lt-LT\",\"potentialAction\":[{\"@type\":\"ReadAction\",\"target\":[\"https:\/\/shelly.lv\/lt\/shop\/pro-serija-lt\/shelly-120a-sroves-transformatorius-pro-3em-versijai\/\"]}]},{\"@type\":\"BreadcrumbList\",\"@id\":\"https:\/\/shelly.lv\/lt\/shop\/pro-serija-lt\/shelly-120a-sroves-transformatorius-pro-3em-versijai\/#breadcrumb\",\"itemListElement\":[{\"@type\":\"ListItem\",\"position\":1,\"name\":\"Home\",\"item\":\"https:\/\/shelly.lv\/lt\/\"},{\"@type\":\"ListItem\",\"position\":2,\"name\":\"Parduotuv\u0117\",\"item\":\"https:\/\/shelly.lv\/lt\/shop\/\"},{\"@type\":\"ListItem\",\"position\":3,\"name\":\"Shelly 120A srov\u0117s transformatorius PRO 3EM versijai\"}]},{\"@type\":\"WebSite\",\"@id\":\"https:\/\/shelly.lv\/lt\/#website\",\"url\":\"https:\/\/shelly.lv\/lt\/\",\"name\":\"Shelly.lv\",\"description\":\"Shelly Latvia\",\"publisher\":{\"@id\":\"https:\/\/shelly.lv\/lt\/#organization\"},\"potentialAction\":[{\"@type\":\"SearchAction\",\"target\":{\"@type\":\"EntryPoint\",\"urlTemplate\":\"https:\/\/shelly.lv\/lt\/?s={search_term_string}\"},\"query-input\":\"required name=search_term_string\"}],\"inLanguage\":\"lt-LT\"},{\"@type\":\"Organization\",\"@id\":\"https:\/\/shelly.lv\/lt\/#organization\",\"name\":\"Shelly.lv\",\"url\":\"https:\/\/shelly.lv\/lt\/\",\"logo\":{\"@type\":\"ImageObject\",\"inLanguage\":\"lt-LT\",\"@id\":\"https:\/\/shelly.lv\/lt\/#\/schema\/logo\/image\/\",\"url\":\"https:\/\/shelly.lv\/wp-content\/uploads\/2023\/07\/Asset-3.png\",\"contentUrl\":\"https:\/\/shelly.lv\/wp-content\/uploads\/2023\/07\/Asset-3.png\",\"width\":861,\"height\":240,\"caption\":\"Shelly.lv\"},\"image\":{\"@id\":\"https:\/\/shelly.lv\/lt\/#\/schema\/logo\/image\/\"}}]}<\/script>\n<!-- \/ Yoast SEO plugin. -->","yoast_head_json":{"title":"Shelly 120A srov\u0117s transformatorius PRO 3EM versijai - shelly.lv","robots":{"index":"index","follow":"follow","max-snippet":"max-snippet:-1","max-image-preview":"max-image-preview:large","max-video-preview":"max-video-preview:-1"},"canonical":"https:\/\/shelly.lv\/lt\/shop\/pro-serija-lt\/shelly-120a-sroves-transformatorius-pro-3em-versijai\/","og_locale":"lt_LT","og_type":"article","og_title":"Shelly 120A srov\u0117s transformatorius PRO 3EM versijai - shelly.lv","og_description":"[vc_row][vc_column][vc_column_text woodmart_inline=&#8221;no&#8221; text_larger=&#8221;no&#8221;]Srov\u0117s transformatorius su jungtimi, skirtas tiesioginiam prijungimui prie Shelly Pro 3EM. Jei nupjaunate \u0161i\u0105 jungt\u012f, spaustuk\u0105 galima prijungti","og_url":"https:\/\/shelly.lv\/lt\/shop\/pro-serija-lt\/shelly-120a-sroves-transformatorius-pro-3em-versijai\/","og_site_name":"shelly.lv","article_modified_time":"2025-11-19T12:31:55+00:00","og_image":[{"width":700,"height":800,"url":"http:\/\/shelly.lv\/wp-content\/uploads\/2023\/10\/shelly-split-core-current-transformer-120a-for-shelly-pro-3em-and-em.jpg","type":"image\/jpeg"}],"twitter_card":"summary_large_image","twitter_misc":{"Est. reading time":"1 minut\u0117"},"schema":{"@context":"https:\/\/schema.org","@graph":[{"@type":"WebPage","@id":"https:\/\/shelly.lv\/lt\/shop\/pro-serija-lt\/shelly-120a-sroves-transformatorius-pro-3em-versijai\/","url":"https:\/\/shelly.lv\/lt\/shop\/pro-serija-lt\/shelly-120a-sroves-transformatorius-pro-3em-versijai\/","name":"Shelly 120A srov\u0117s transformatorius PRO 3EM versijai - shelly.lv","isPartOf":{"@id":"https:\/\/shelly.lv\/lt\/#website"},"datePublished":"2023-06-30T11:54:50+00:00","dateModified":"2025-11-19T12:31:55+00:00","breadcrumb":{"@id":"https:\/\/shelly.lv\/lt\/shop\/pro-serija-lt\/shelly-120a-sroves-transformatorius-pro-3em-versijai\/#breadcrumb"},"inLanguage":"lt-LT","potentialAction":[{"@type":"ReadAction","target":["https:\/\/shelly.lv\/lt\/shop\/pro-serija-lt\/shelly-120a-sroves-transformatorius-pro-3em-versijai\/"]}]},{"@type":"BreadcrumbList","@id":"https:\/\/shelly.lv\/lt\/shop\/pro-serija-lt\/shelly-120a-sroves-transformatorius-pro-3em-versijai\/#breadcrumb","itemListElement":[{"@type":"ListItem","position":1,"name":"Home","item":"https:\/\/shelly.lv\/lt\/"},{"@type":"ListItem","position":2,"name":"Parduotuv\u0117","item":"https:\/\/shelly.lv\/lt\/shop\/"},{"@type":"ListItem","position":3,"name":"Shelly 120A srov\u0117s transformatorius PRO 3EM versijai"}]},{"@type":"WebSite","@id":"https:\/\/shelly.lv\/lt\/#website","url":"https:\/\/shelly.lv\/lt\/","name":"Shelly.lv","description":"Shelly Latvia","publisher":{"@id":"https:\/\/shelly.lv\/lt\/#organization"},"potentialAction":[{"@type":"SearchAction","target":{"@type":"EntryPoint","urlTemplate":"https:\/\/shelly.lv\/lt\/?s={search_term_string}"},"query-input":"required name=search_term_string"}],"inLanguage":"lt-LT"},{"@type":"Organization","@id":"https:\/\/shelly.lv\/lt\/#organization","name":"Shelly.lv","url":"https:\/\/shelly.lv\/lt\/","logo":{"@type":"ImageObject","inLanguage":"lt-LT","@id":"https:\/\/shelly.lv\/lt\/#\/schema\/logo\/image\/","url":"https:\/\/shelly.lv\/wp-content\/uploads\/2023\/07\/Asset-3.png","contentUrl":"https:\/\/shelly.lv\/wp-content\/uploads\/2023\/07\/Asset-3.png","width":861,"height":240,"caption":"Shelly.lv"},"image":{"@id":"https:\/\/shelly.lv\/lt\/#\/schema\/logo\/image\/"}}]}},"_links":{"self":[{"href":"https:\/\/shelly.lv\/lt\/wp-json\/wp\/v2\/product\/3067","targetHints":{"allow":["GET"]}}],"collection":[{"href":"https:\/\/shelly.lv\/lt\/wp-json\/wp\/v2\/product"}],"about":[{"href":"https:\/\/shelly.lv\/lt\/wp-json\/wp\/v2\/types\/product"}],"wp:featuredmedia":[{"embeddable":true,"href":"https:\/\/shelly.lv\/lt\/wp-json\/wp\/v2\/media\/3063"}],"wp:attachment":[{"href":"https:\/\/shelly.lv\/lt\/wp-json\/wp\/v2\/media?parent=3067"}],"wp:term":[{"taxonomy":"product_cat","embeddable":true,"href":"https:\/\/shelly.lv\/lt\/wp-json\/wp\/v2\/product_cat?post=3067"},{"taxonomy":"product_tag","embeddable":true,"href":"https:\/\/shelly.lv\/lt\/wp-json\/wp\/v2\/product_tag?post=3067"}],"curies":[{"name":"wp","href":"https:\/\/api.w.org\/{rel}","templated":true}]}}