{"id":3070,"date":"2023-06-30T12:31:10","date_gmt":"2023-06-30T09:31:10","guid":{"rendered":"https:\/\/shelly.lv\/veikals\/uncategorized\/shelly-pro-pm-dual-wifi-lan-dvieju-roletu-zaliuziu-valdiklis\/"},"modified":"2026-04-30T15:40:35","modified_gmt":"2026-04-30T12:40:35","slug":"shelly-pro-pm-dual","status":"publish","type":"product","link":"https:\/\/shelly.lv\/lt\/shop\/pro-serija-lt\/shelly-pro-pm-dual\/","title":{"rendered":"Shelly PRO PM Dual"},"content":{"rendered":"<section class=\"wpb-content-wrapper\"><p>[vc_row][vc_column]\n\t\t<div id=\"wd-6492f824b1243\" class=\"title-wrapper wd-wpb set-mb-s reset-last-child  wd-rs-6492f824b1243 wd-title-color-default wd-title-style-default text-center vc_custom_1687353384888 wd-underline-colored\">\n\t\t\t\n\t\t\t<div class=\"liner-continer\">\n\t\t\t\t<h4 class=\"woodmart-title-container title  wd-font-weight-600 wd-fontsize-l\" >Shelly PRO PM Dual<\/h4>\n\t\t\t\t\t\t\t<\/div>\n\t\t\t\n\t\t\t\n\t\t\t\n\t\t<\/div>\n\t\t\n\t\t[vc_column_text woodmart_inline=&#8221;no&#8221; text_larger=&#8221;no&#8221;]Valdykite du rolet\u0173 variklius i\u0161 bet kurios vietos naudodami WiFi valdom\u0105 keturi\u0173 reli\u0173 jungikl\u012f Shelly Pro PM Dual Roller Shutter.<\/p>\n<ul>\n<li>Dvigubas 32 bit\u0173 procesorius su 8 MB \u201eflash\u201c atmintimi<\/li>\n<li>WiFi ir Bluetooth<\/li>\n<li>Pasirenkamas LAN ry\u0161ys<\/li>\n<li>Parduotuv\u0117 ir scenarij\u0173 rengykl\u0117<\/li>\n<li>Turi integruot\u0105 \u017einiatinklio server\u012f<\/li>\n<li>Buvo suprojektuotas montuoti kartu su pertraukikliais<\/li>\n<li>Turi 1,8 colio spalvot\u0105 TFT ekran\u0105<\/li>\n<li>Galima naudoti dviem rolet\u0173 varikliams, taip pat matuoti energijos s\u0105naudas<\/li>\n<li>Gali veikti kaip atskiras \u012frenginys, kaip nam\u0173 automatikos valdiklio priedas arba gali b\u016bti naudojamas kaip kitas automatikos sistemos komponentas.<\/li>\n<li>LAN, Wi-Fi ir Bluetooth ry\u0161ys<\/li>\n<li>2 u\u017euolaidos\/langin\u0117s po 16A<\/li>\n<li>Galios matavimas ant kiekvieno kanalo ir nemokami saugojimo duomenys<\/li>\n<li>Dang\u010di\u0173 (rolet\u0173) valdymas &#8211; roletai, markiz\u0117s, vartai, u\u017etvarai, stumdomos durys, u\u017euolaidos, gara\u017eo vartai, dvikryp\u010diai kintamosios srov\u0117s varikliai<\/li>\n<li>Vienfazis valdymas<\/li>\n<li>Lengvas valdymas naudojant Shelly program\u0117l\u0119, \u012fvairius protokolus ir platformas, taip pat balso asistentus<\/li>\n<\/ul>\n<p>\u201eShelly Pro Dual Cover \/ Shutter PM\u201c yra ant DIN b\u0117gio montuojamas dviej\u0173 u\u017euolaid\u0173 i\u0161manusis valdiklis, palaikantis iki 16A apkrov\u0105 vienam u\u017euolaidai. Shelly Pro Dual Cover \/ Shutter PM turi integruotus tikslius galios matuoklius, kurie leid\u017eia valdyti ir steb\u0117ti kiekvienos u\u017euiolaidos suvartojim\u0105 atskirai.<\/p>\n<p>Puikiai tinka rolet\u0173, u\u017euolaid\u0173, tent\u0173, vart\u0173 ir daugelio kit\u0173 dalyk\u0173 automatizavimui! Naudokite scenarijus, kad sukurtum\u0117te i\u0161pl\u0117stines pasirinktines automatizavimo proced\u016bras, pagr\u012fstas \u012fvairiais \u012fvykiais, or\u0173 prognoz\u0117mis ir kt.<\/p>\n<p><img loading=\"lazy\" decoding=\"async\" class=\"aligncenter wp-image-32851 size-full\" src=\"https:\/\/improveit.lt\/wp-content\/uploads\/2023\/06\/Template_067-820x550-1.webp\" alt=\"\" width=\"820\" height=\"550\" \/><img loading=\"lazy\" decoding=\"async\" class=\"aligncenter wp-image-32852 size-full\" src=\"https:\/\/improveit.lt\/wp-content\/uploads\/2023\/06\/Template_066-1-820x550-1.webp\" alt=\"\" width=\"820\" height=\"550\" \/>[\/vc_column_text][\/vc_column][\/vc_row]<\/p>\n<\/section>","protected":false},"excerpt":{"rendered":"<p>[vc_row][vc_column][vc_column_text woodmart_inline=&#8221;no&#8221; text_larger=&#8221;no&#8221;]Valdykite du rolet\u0173 variklius i\u0161 bet kurios vietos naudodami WiFi valdom\u0105 keturi\u0173 reli\u0173 jungikl\u012f Shelly Pro PM Dual<\/p>\n","protected":false},"featured_media":3068,"template":"","meta":[],"product_cat":[295,297],"product_tag":[],"class_list":{"0":"post-3070","1":"product","2":"type-product","3":"status-publish","4":"has-post-thumbnail","6":"product_cat-pro-serija-lt","7":"product_cat-ismaniosios-reles","9":"first","10":"instock","11":"sale","12":"taxable","13":"shipping-taxable","14":"purchasable","15":"product-type-simple"},"yoast_head":"<!-- This site is optimized with the Yoast SEO plugin v20.12 - https:\/\/yoast.com\/wordpress\/plugins\/seo\/ -->\n<title>Shelly PRO PM Dual - shelly.lv<\/title>\n<meta name=\"robots\" content=\"index, follow, max-snippet:-1, max-image-preview:large, max-video-preview:-1\" \/>\n<link rel=\"canonical\" href=\"https:\/\/shelly.lv\/lt\/shop\/pro-serija-lt\/shelly-pro-pm-dual\/\" \/>\n<meta property=\"og:locale\" content=\"lt_LT\" \/>\n<meta property=\"og:type\" content=\"article\" \/>\n<meta property=\"og:title\" content=\"Shelly PRO PM Dual - shelly.lv\" \/>\n<meta property=\"og:description\" content=\"[vc_row][vc_column][vc_column_text woodmart_inline=&#8221;no&#8221; text_larger=&#8221;no&#8221;]Valdykite du rolet\u0173 variklius i\u0161 bet kurios vietos naudodami WiFi valdom\u0105 keturi\u0173 reli\u0173 jungikl\u012f Shelly Pro PM Dual\" \/>\n<meta property=\"og:url\" content=\"https:\/\/shelly.lv\/lt\/shop\/pro-serija-lt\/shelly-pro-pm-dual\/\" \/>\n<meta property=\"og:site_name\" content=\"shelly.lv\" \/>\n<meta property=\"article:modified_time\" content=\"2026-04-30T12:40:35+00:00\" \/>\n<meta property=\"og:image\" content=\"http:\/\/shelly.lv\/wp-content\/uploads\/2023\/10\/shelly-pro-pm-cover-shutter-pm-din-rail-module-for-controlling-2-motors-lan-wifi-bluetooth.jpg\" \/>\n\t<meta property=\"og:image:width\" content=\"700\" \/>\n\t<meta property=\"og:image:height\" content=\"800\" \/>\n\t<meta property=\"og:image:type\" content=\"image\/jpeg\" \/>\n<meta name=\"twitter:card\" content=\"summary_large_image\" \/>\n<meta name=\"twitter:label1\" content=\"Est. reading time\" \/>\n\t<meta name=\"twitter:data1\" content=\"2 minut\u0117s\" \/>\n<script type=\"application\/ld+json\" class=\"yoast-schema-graph\">{\"@context\":\"https:\/\/schema.org\",\"@graph\":[{\"@type\":\"WebPage\",\"@id\":\"https:\/\/shelly.lv\/lt\/shop\/pro-serija-lt\/shelly-pro-pm-dual\/\",\"url\":\"https:\/\/shelly.lv\/lt\/shop\/pro-serija-lt\/shelly-pro-pm-dual\/\",\"name\":\"Shelly PRO PM Dual - shelly.lv\",\"isPartOf\":{\"@id\":\"https:\/\/shelly.lv\/lt\/#website\"},\"datePublished\":\"2023-06-30T09:31:10+00:00\",\"dateModified\":\"2026-04-30T12:40:35+00:00\",\"breadcrumb\":{\"@id\":\"https:\/\/shelly.lv\/lt\/shop\/pro-serija-lt\/shelly-pro-pm-dual\/#breadcrumb\"},\"inLanguage\":\"lt-LT\",\"potentialAction\":[{\"@type\":\"ReadAction\",\"target\":[\"https:\/\/shelly.lv\/lt\/shop\/pro-serija-lt\/shelly-pro-pm-dual\/\"]}]},{\"@type\":\"BreadcrumbList\",\"@id\":\"https:\/\/shelly.lv\/lt\/shop\/pro-serija-lt\/shelly-pro-pm-dual\/#breadcrumb\",\"itemListElement\":[{\"@type\":\"ListItem\",\"position\":1,\"name\":\"Home\",\"item\":\"https:\/\/shelly.lv\/lt\/\"},{\"@type\":\"ListItem\",\"position\":2,\"name\":\"Parduotuv\u0117\",\"item\":\"https:\/\/shelly.lv\/lt\/shop\/\"},{\"@type\":\"ListItem\",\"position\":3,\"name\":\"Shelly PRO PM Dual\"}]},{\"@type\":\"WebSite\",\"@id\":\"https:\/\/shelly.lv\/lt\/#website\",\"url\":\"https:\/\/shelly.lv\/lt\/\",\"name\":\"Shelly.lv\",\"description\":\"Shelly Latvia\",\"publisher\":{\"@id\":\"https:\/\/shelly.lv\/lt\/#organization\"},\"potentialAction\":[{\"@type\":\"SearchAction\",\"target\":{\"@type\":\"EntryPoint\",\"urlTemplate\":\"https:\/\/shelly.lv\/lt\/?s={search_term_string}\"},\"query-input\":\"required name=search_term_string\"}],\"inLanguage\":\"lt-LT\"},{\"@type\":\"Organization\",\"@id\":\"https:\/\/shelly.lv\/lt\/#organization\",\"name\":\"Shelly.lv\",\"url\":\"https:\/\/shelly.lv\/lt\/\",\"logo\":{\"@type\":\"ImageObject\",\"inLanguage\":\"lt-LT\",\"@id\":\"https:\/\/shelly.lv\/lt\/#\/schema\/logo\/image\/\",\"url\":\"https:\/\/shelly.lv\/wp-content\/uploads\/2023\/07\/Asset-3.png\",\"contentUrl\":\"https:\/\/shelly.lv\/wp-content\/uploads\/2023\/07\/Asset-3.png\",\"width\":861,\"height\":240,\"caption\":\"Shelly.lv\"},\"image\":{\"@id\":\"https:\/\/shelly.lv\/lt\/#\/schema\/logo\/image\/\"}}]}<\/script>\n<!-- \/ Yoast SEO plugin. -->","yoast_head_json":{"title":"Shelly PRO PM Dual - shelly.lv","robots":{"index":"index","follow":"follow","max-snippet":"max-snippet:-1","max-image-preview":"max-image-preview:large","max-video-preview":"max-video-preview:-1"},"canonical":"https:\/\/shelly.lv\/lt\/shop\/pro-serija-lt\/shelly-pro-pm-dual\/","og_locale":"lt_LT","og_type":"article","og_title":"Shelly PRO PM Dual - shelly.lv","og_description":"[vc_row][vc_column][vc_column_text woodmart_inline=&#8221;no&#8221; text_larger=&#8221;no&#8221;]Valdykite du rolet\u0173 variklius i\u0161 bet kurios vietos naudodami WiFi valdom\u0105 keturi\u0173 reli\u0173 jungikl\u012f Shelly Pro PM Dual","og_url":"https:\/\/shelly.lv\/lt\/shop\/pro-serija-lt\/shelly-pro-pm-dual\/","og_site_name":"shelly.lv","article_modified_time":"2026-04-30T12:40:35+00:00","og_image":[{"width":700,"height":800,"url":"http:\/\/shelly.lv\/wp-content\/uploads\/2023\/10\/shelly-pro-pm-cover-shutter-pm-din-rail-module-for-controlling-2-motors-lan-wifi-bluetooth.jpg","type":"image\/jpeg"}],"twitter_card":"summary_large_image","twitter_misc":{"Est. reading time":"2 minut\u0117s"},"schema":{"@context":"https:\/\/schema.org","@graph":[{"@type":"WebPage","@id":"https:\/\/shelly.lv\/lt\/shop\/pro-serija-lt\/shelly-pro-pm-dual\/","url":"https:\/\/shelly.lv\/lt\/shop\/pro-serija-lt\/shelly-pro-pm-dual\/","name":"Shelly PRO PM Dual - shelly.lv","isPartOf":{"@id":"https:\/\/shelly.lv\/lt\/#website"},"datePublished":"2023-06-30T09:31:10+00:00","dateModified":"2026-04-30T12:40:35+00:00","breadcrumb":{"@id":"https:\/\/shelly.lv\/lt\/shop\/pro-serija-lt\/shelly-pro-pm-dual\/#breadcrumb"},"inLanguage":"lt-LT","potentialAction":[{"@type":"ReadAction","target":["https:\/\/shelly.lv\/lt\/shop\/pro-serija-lt\/shelly-pro-pm-dual\/"]}]},{"@type":"BreadcrumbList","@id":"https:\/\/shelly.lv\/lt\/shop\/pro-serija-lt\/shelly-pro-pm-dual\/#breadcrumb","itemListElement":[{"@type":"ListItem","position":1,"name":"Home","item":"https:\/\/shelly.lv\/lt\/"},{"@type":"ListItem","position":2,"name":"Parduotuv\u0117","item":"https:\/\/shelly.lv\/lt\/shop\/"},{"@type":"ListItem","position":3,"name":"Shelly PRO PM Dual"}]},{"@type":"WebSite","@id":"https:\/\/shelly.lv\/lt\/#website","url":"https:\/\/shelly.lv\/lt\/","name":"Shelly.lv","description":"Shelly Latvia","publisher":{"@id":"https:\/\/shelly.lv\/lt\/#organization"},"potentialAction":[{"@type":"SearchAction","target":{"@type":"EntryPoint","urlTemplate":"https:\/\/shelly.lv\/lt\/?s={search_term_string}"},"query-input":"required name=search_term_string"}],"inLanguage":"lt-LT"},{"@type":"Organization","@id":"https:\/\/shelly.lv\/lt\/#organization","name":"Shelly.lv","url":"https:\/\/shelly.lv\/lt\/","logo":{"@type":"ImageObject","inLanguage":"lt-LT","@id":"https:\/\/shelly.lv\/lt\/#\/schema\/logo\/image\/","url":"https:\/\/shelly.lv\/wp-content\/uploads\/2023\/07\/Asset-3.png","contentUrl":"https:\/\/shelly.lv\/wp-content\/uploads\/2023\/07\/Asset-3.png","width":861,"height":240,"caption":"Shelly.lv"},"image":{"@id":"https:\/\/shelly.lv\/lt\/#\/schema\/logo\/image\/"}}]}},"_links":{"self":[{"href":"https:\/\/shelly.lv\/lt\/wp-json\/wp\/v2\/product\/3070","targetHints":{"allow":["GET"]}}],"collection":[{"href":"https:\/\/shelly.lv\/lt\/wp-json\/wp\/v2\/product"}],"about":[{"href":"https:\/\/shelly.lv\/lt\/wp-json\/wp\/v2\/types\/product"}],"wp:featuredmedia":[{"embeddable":true,"href":"https:\/\/shelly.lv\/lt\/wp-json\/wp\/v2\/media\/3068"}],"wp:attachment":[{"href":"https:\/\/shelly.lv\/lt\/wp-json\/wp\/v2\/media?parent=3070"}],"wp:term":[{"taxonomy":"product_cat","embeddable":true,"href":"https:\/\/shelly.lv\/lt\/wp-json\/wp\/v2\/product_cat?post=3070"},{"taxonomy":"product_tag","embeddable":true,"href":"https:\/\/shelly.lv\/lt\/wp-json\/wp\/v2\/product_tag?post=3070"}],"curies":[{"name":"wp","href":"https:\/\/api.w.org\/{rel}","templated":true}]}}