{"id":3082,"date":"2023-06-29T12:56:43","date_gmt":"2023-06-29T09:56:43","guid":{"rendered":"https:\/\/shelly.lv\/veikals\/uncategorized\/shelly-blu-duru-langu-jutiklis-su-lux-ir-pasvirimo-kampo-matavimu-juodas\/"},"modified":"2026-05-04T14:23:46","modified_gmt":"2026-05-04T11:23:46","slug":"shelly-blu-duru-langu-magnetinis-jutiklis-juodas","status":"publish","type":"product","link":"https:\/\/shelly.lv\/lt\/shop\/sensoriai\/shelly-blu-duru-langu-magnetinis-jutiklis-juodas\/","title":{"rendered":"Shelly BLU dur\u0173\/lang\u0173 magnetinis jutiklis juodas"},"content":{"rendered":"<section class=\"wpb-content-wrapper\"><p>[vc_row][vc_column]\n\t\t<div id=\"wd-649e994a3b852\" class=\"title-wrapper wd-wpb set-mb-s reset-last-child  wd-rs-649e994a3b852 wd-title-color-default wd-title-style-default text-center vc_custom_1688115535560 wd-underline-colored\">\n\t\t\t\n\t\t\t<div class=\"liner-continer\">\n\t\t\t\t<h4 class=\"woodmart-title-container title  wd-font-weight-600 wd-fontsize-l\" >Shelly BLU magnetinis jutiklis<\/h4>\n\t\t\t\t\t\t\t<\/div>\n\t\t\t\n\t\t\t\n\t\t\t\n\t\t<\/div>\n\t\t\n\t\t[vc_column_text woodmart_inline=&#8221;no&#8221; text_larger=&#8221;no&#8221;]Shelly BLU dur\u0173 lang\u0173 jutiklis \u2013 tai naujas Europos gamintojo produktas, i\u0161leistas 2023 m. bir\u017eelio pabaigoje: labai ma\u017eas, baterijomis maitinamas dur\u0173\/lang\u0173 atidarymo jutiklis naudojant Bluetooth technologij\u0105.<\/p>\n<p>\u012erenginys gali prisijungti prie \u201eShelly Plus\u201c arba \u201eShelly Pro\u201c rel\u0117s modulio \u201eBluetooth\u201c imtuvo ir naudoti j\u012f prisijungiant prie kit\u0173 \u201eShelly\u201c \u012frengini\u0173 vietiniame tinkle arba internete. Prietaisas taip pat apr\u016bpintas \u0161viesos jutikliu, tod\u0117l galima sukurti valdikl\u012f, kuris \u012fjungia \u0161viesas tik atidarant duris sutemus.<\/p>\n<p>D\u0117l \u012fmontuoto posvyrio jutiklio taip pat galite j\u012f montuoti ant stumdom\u0173 lang\u0173 ir stumdom\u0173 dur\u0173 bei sukurti automatizavim\u0105, skirt\u0105 pasvirimui tam tikru kampu, atskiriant atidarym\u0105 ir u\u017edarym\u0105.<\/p>\n<p>Jis gali b\u016bti pritvirtintas prie dur\u0173 ar lango su (pridedama) dvipuse lipnia juosta.<\/p>\n<p>Remiantis gamyklos specifikacijomis, \u201eBluetooth\u201c diapazonas yra ne daugiau kaip 10 m viduje ir ne daugiau kaip 30 m lauke, per kur\u012f j\u012f galima suporuoti ir valdyti su \u012fdiegta \u201eShelly Plus\u201c arba \u201ePro\u201c serijos rele, kuri bus naudojama kaip \u201eBluetooth\u201c \u0161liuzas.<\/p>\n<p>Pagal numatytuosius nustatymus \u012frenginys siun\u010dia informacij\u0105 apie atidarymo\/u\u017edarymo b\u016bsen\u0105, ry\u0161kum\u0105 ir akumuliatoriaus b\u016bsen\u0105 i\u0161 karto, kai pakei\u010diama atidaryta\/u\u017edaryta b\u016bsena, o po keli\u0173 sekund\u017ei\u0173 siun\u010dia informacij\u0105 apie pasvirimo kamp\u0105.<\/p>\n<p>Perjungus \u012f \u0161vyturio re\u017eim\u0105, kas 30 sekund\u017ei\u0173 siun\u010diama atidaryta\/u\u017edaryta b\u016bsena, pakreipimo kampas, ap\u0161vietimo lygis ir akumuliatoriaus b\u016bsena, o tai grei\u010diausiai sutrumpina baterijos veikimo laik\u0105.<\/p>\n<p>\u012erenginys suderinamas su \u201eShelly\u201c \u201eBluetooth\u201c i\u0161mani\u0173j\u0173 nam\u0173 sistema, pvz., \u201eShelly Plus\u201c ir \u201ePro\u201c serijos reli\u0173 moduliais, ir gali b\u016bti su jais susietas naudojant \u201eShelly Smart Control\u201c program\u0105. Ta\u010diau jis taip pat suderinamas su kitais \u012frenginiais ir platformomis, kurios palaiko \u201eShelly Blu\u201c dur\u0173 lango jutiklio BTHome protokolas, daugiau informacijos rasite www.bthome.io.[\/vc_column_text][vc_video link=&#8221;&#8221; el_width=&#8221;80&#8243; align=&#8221;center&#8221; image_poster_switch=&#8221;no&#8221;][\/vc_column][\/vc_row]<\/p>\n<\/section>","protected":false},"excerpt":{"rendered":"<p>[vc_row][vc_column][vc_column_text woodmart_inline=&#8221;no&#8221; text_larger=&#8221;no&#8221;]Shelly BLU dur\u0173 lang\u0173 jutiklis \u2013 tai naujas Europos gamintojo produktas, i\u0161leistas 2023 m. bir\u017eelio pabaigoje: labai ma\u017eas,<\/p>\n","protected":false},"featured_media":3080,"template":"","meta":[],"product_cat":[298],"product_tag":[41,227],"class_list":{"0":"post-3082","1":"product","2":"type-product","3":"status-publish","4":"has-post-thumbnail","6":"product_cat-sensoriai","7":"product_tag-shelly","8":"product_tag-shelly-blu","10":"first","11":"outofstock","12":"taxable","13":"shipping-taxable","14":"purchasable","15":"product-type-simple"},"yoast_head":"<!-- This site is optimized with the Yoast SEO plugin v20.12 - https:\/\/yoast.com\/wordpress\/plugins\/seo\/ -->\n<title>Shelly BLU dur\u0173\/lang\u0173 magnetinis jutiklis juodas - shelly.lv<\/title>\n<meta name=\"robots\" content=\"index, follow, max-snippet:-1, max-image-preview:large, max-video-preview:-1\" \/>\n<link rel=\"canonical\" href=\"https:\/\/shelly.lv\/lt\/shop\/sensoriai\/shelly-blu-duru-langu-magnetinis-jutiklis-juodas\/\" \/>\n<meta property=\"og:locale\" content=\"lt_LT\" \/>\n<meta property=\"og:type\" content=\"article\" \/>\n<meta property=\"og:title\" content=\"Shelly BLU dur\u0173\/lang\u0173 magnetinis jutiklis juodas - shelly.lv\" \/>\n<meta property=\"og:description\" content=\"[vc_row][vc_column][vc_column_text woodmart_inline=&#8221;no&#8221; text_larger=&#8221;no&#8221;]Shelly BLU dur\u0173 lang\u0173 jutiklis \u2013 tai naujas Europos gamintojo produktas, i\u0161leistas 2023 m. bir\u017eelio pabaigoje: labai ma\u017eas,\" \/>\n<meta property=\"og:url\" content=\"https:\/\/shelly.lv\/lt\/shop\/sensoriai\/shelly-blu-duru-langu-magnetinis-jutiklis-juodas\/\" \/>\n<meta property=\"og:site_name\" content=\"shelly.lv\" \/>\n<meta property=\"article:modified_time\" content=\"2026-05-04T11:23:46+00:00\" \/>\n<meta property=\"og:image\" content=\"http:\/\/shelly.lv\/wp-content\/uploads\/2023\/10\/shelly-blu-door-window-sensor-black-reed-sensor-bluetooth-black.jpg\" \/>\n\t<meta property=\"og:image:width\" content=\"700\" \/>\n\t<meta property=\"og:image:height\" content=\"800\" \/>\n\t<meta property=\"og:image:type\" content=\"image\/jpeg\" \/>\n<meta name=\"twitter:card\" content=\"summary_large_image\" \/>\n<meta name=\"twitter:label1\" content=\"Est. reading time\" \/>\n\t<meta name=\"twitter:data1\" content=\"2 minut\u0117s\" \/>\n<script type=\"application\/ld+json\" class=\"yoast-schema-graph\">{\"@context\":\"https:\/\/schema.org\",\"@graph\":[{\"@type\":\"WebPage\",\"@id\":\"https:\/\/shelly.lv\/lt\/shop\/sensoriai\/shelly-blu-duru-langu-magnetinis-jutiklis-juodas\/\",\"url\":\"https:\/\/shelly.lv\/lt\/shop\/sensoriai\/shelly-blu-duru-langu-magnetinis-jutiklis-juodas\/\",\"name\":\"Shelly BLU dur\u0173\/lang\u0173 magnetinis jutiklis juodas - shelly.lv\",\"isPartOf\":{\"@id\":\"https:\/\/shelly.lv\/lt\/#website\"},\"datePublished\":\"2023-06-29T09:56:43+00:00\",\"dateModified\":\"2026-05-04T11:23:46+00:00\",\"breadcrumb\":{\"@id\":\"https:\/\/shelly.lv\/lt\/shop\/sensoriai\/shelly-blu-duru-langu-magnetinis-jutiklis-juodas\/#breadcrumb\"},\"inLanguage\":\"lt-LT\",\"potentialAction\":[{\"@type\":\"ReadAction\",\"target\":[\"https:\/\/shelly.lv\/lt\/shop\/sensoriai\/shelly-blu-duru-langu-magnetinis-jutiklis-juodas\/\"]}]},{\"@type\":\"BreadcrumbList\",\"@id\":\"https:\/\/shelly.lv\/lt\/shop\/sensoriai\/shelly-blu-duru-langu-magnetinis-jutiklis-juodas\/#breadcrumb\",\"itemListElement\":[{\"@type\":\"ListItem\",\"position\":1,\"name\":\"Home\",\"item\":\"https:\/\/shelly.lv\/lt\/\"},{\"@type\":\"ListItem\",\"position\":2,\"name\":\"Parduotuv\u0117\",\"item\":\"https:\/\/shelly.lv\/lt\/shop\/\"},{\"@type\":\"ListItem\",\"position\":3,\"name\":\"Shelly BLU dur\u0173\/lang\u0173 magnetinis jutiklis juodas\"}]},{\"@type\":\"WebSite\",\"@id\":\"https:\/\/shelly.lv\/lt\/#website\",\"url\":\"https:\/\/shelly.lv\/lt\/\",\"name\":\"Shelly.lv\",\"description\":\"Shelly Latvia\",\"publisher\":{\"@id\":\"https:\/\/shelly.lv\/lt\/#organization\"},\"potentialAction\":[{\"@type\":\"SearchAction\",\"target\":{\"@type\":\"EntryPoint\",\"urlTemplate\":\"https:\/\/shelly.lv\/lt\/?s={search_term_string}\"},\"query-input\":\"required name=search_term_string\"}],\"inLanguage\":\"lt-LT\"},{\"@type\":\"Organization\",\"@id\":\"https:\/\/shelly.lv\/lt\/#organization\",\"name\":\"Shelly.lv\",\"url\":\"https:\/\/shelly.lv\/lt\/\",\"logo\":{\"@type\":\"ImageObject\",\"inLanguage\":\"lt-LT\",\"@id\":\"https:\/\/shelly.lv\/lt\/#\/schema\/logo\/image\/\",\"url\":\"https:\/\/shelly.lv\/wp-content\/uploads\/2023\/07\/Asset-3.png\",\"contentUrl\":\"https:\/\/shelly.lv\/wp-content\/uploads\/2023\/07\/Asset-3.png\",\"width\":861,\"height\":240,\"caption\":\"Shelly.lv\"},\"image\":{\"@id\":\"https:\/\/shelly.lv\/lt\/#\/schema\/logo\/image\/\"}}]}<\/script>\n<!-- \/ Yoast SEO plugin. -->","yoast_head_json":{"title":"Shelly BLU dur\u0173\/lang\u0173 magnetinis jutiklis juodas - shelly.lv","robots":{"index":"index","follow":"follow","max-snippet":"max-snippet:-1","max-image-preview":"max-image-preview:large","max-video-preview":"max-video-preview:-1"},"canonical":"https:\/\/shelly.lv\/lt\/shop\/sensoriai\/shelly-blu-duru-langu-magnetinis-jutiklis-juodas\/","og_locale":"lt_LT","og_type":"article","og_title":"Shelly BLU dur\u0173\/lang\u0173 magnetinis jutiklis juodas - shelly.lv","og_description":"[vc_row][vc_column][vc_column_text woodmart_inline=&#8221;no&#8221; text_larger=&#8221;no&#8221;]Shelly BLU dur\u0173 lang\u0173 jutiklis \u2013 tai naujas Europos gamintojo produktas, i\u0161leistas 2023 m. bir\u017eelio pabaigoje: labai ma\u017eas,","og_url":"https:\/\/shelly.lv\/lt\/shop\/sensoriai\/shelly-blu-duru-langu-magnetinis-jutiklis-juodas\/","og_site_name":"shelly.lv","article_modified_time":"2026-05-04T11:23:46+00:00","og_image":[{"width":700,"height":800,"url":"http:\/\/shelly.lv\/wp-content\/uploads\/2023\/10\/shelly-blu-door-window-sensor-black-reed-sensor-bluetooth-black.jpg","type":"image\/jpeg"}],"twitter_card":"summary_large_image","twitter_misc":{"Est. reading time":"2 minut\u0117s"},"schema":{"@context":"https:\/\/schema.org","@graph":[{"@type":"WebPage","@id":"https:\/\/shelly.lv\/lt\/shop\/sensoriai\/shelly-blu-duru-langu-magnetinis-jutiklis-juodas\/","url":"https:\/\/shelly.lv\/lt\/shop\/sensoriai\/shelly-blu-duru-langu-magnetinis-jutiklis-juodas\/","name":"Shelly BLU dur\u0173\/lang\u0173 magnetinis jutiklis juodas - shelly.lv","isPartOf":{"@id":"https:\/\/shelly.lv\/lt\/#website"},"datePublished":"2023-06-29T09:56:43+00:00","dateModified":"2026-05-04T11:23:46+00:00","breadcrumb":{"@id":"https:\/\/shelly.lv\/lt\/shop\/sensoriai\/shelly-blu-duru-langu-magnetinis-jutiklis-juodas\/#breadcrumb"},"inLanguage":"lt-LT","potentialAction":[{"@type":"ReadAction","target":["https:\/\/shelly.lv\/lt\/shop\/sensoriai\/shelly-blu-duru-langu-magnetinis-jutiklis-juodas\/"]}]},{"@type":"BreadcrumbList","@id":"https:\/\/shelly.lv\/lt\/shop\/sensoriai\/shelly-blu-duru-langu-magnetinis-jutiklis-juodas\/#breadcrumb","itemListElement":[{"@type":"ListItem","position":1,"name":"Home","item":"https:\/\/shelly.lv\/lt\/"},{"@type":"ListItem","position":2,"name":"Parduotuv\u0117","item":"https:\/\/shelly.lv\/lt\/shop\/"},{"@type":"ListItem","position":3,"name":"Shelly BLU dur\u0173\/lang\u0173 magnetinis jutiklis juodas"}]},{"@type":"WebSite","@id":"https:\/\/shelly.lv\/lt\/#website","url":"https:\/\/shelly.lv\/lt\/","name":"Shelly.lv","description":"Shelly Latvia","publisher":{"@id":"https:\/\/shelly.lv\/lt\/#organization"},"potentialAction":[{"@type":"SearchAction","target":{"@type":"EntryPoint","urlTemplate":"https:\/\/shelly.lv\/lt\/?s={search_term_string}"},"query-input":"required name=search_term_string"}],"inLanguage":"lt-LT"},{"@type":"Organization","@id":"https:\/\/shelly.lv\/lt\/#organization","name":"Shelly.lv","url":"https:\/\/shelly.lv\/lt\/","logo":{"@type":"ImageObject","inLanguage":"lt-LT","@id":"https:\/\/shelly.lv\/lt\/#\/schema\/logo\/image\/","url":"https:\/\/shelly.lv\/wp-content\/uploads\/2023\/07\/Asset-3.png","contentUrl":"https:\/\/shelly.lv\/wp-content\/uploads\/2023\/07\/Asset-3.png","width":861,"height":240,"caption":"Shelly.lv"},"image":{"@id":"https:\/\/shelly.lv\/lt\/#\/schema\/logo\/image\/"}}]}},"_links":{"self":[{"href":"https:\/\/shelly.lv\/lt\/wp-json\/wp\/v2\/product\/3082","targetHints":{"allow":["GET"]}}],"collection":[{"href":"https:\/\/shelly.lv\/lt\/wp-json\/wp\/v2\/product"}],"about":[{"href":"https:\/\/shelly.lv\/lt\/wp-json\/wp\/v2\/types\/product"}],"wp:featuredmedia":[{"embeddable":true,"href":"https:\/\/shelly.lv\/lt\/wp-json\/wp\/v2\/media\/3080"}],"wp:attachment":[{"href":"https:\/\/shelly.lv\/lt\/wp-json\/wp\/v2\/media?parent=3082"}],"wp:term":[{"taxonomy":"product_cat","embeddable":true,"href":"https:\/\/shelly.lv\/lt\/wp-json\/wp\/v2\/product_cat?post=3082"},{"taxonomy":"product_tag","embeddable":true,"href":"https:\/\/shelly.lv\/lt\/wp-json\/wp\/v2\/product_tag?post=3082"}],"curies":[{"name":"wp","href":"https:\/\/api.w.org\/{rel}","templated":true}]}}