{"id":3085,"date":"2023-06-14T14:18:40","date_gmt":"2023-06-14T11:18:40","guid":{"rendered":"https:\/\/shelly.lv\/veikals\/uncategorized\/shelly-plus-plug-s-12a-kistukas-su-el-sanaudu-matavimu-juodos-spalvos\/"},"modified":"2025-12-03T10:07:58","modified_gmt":"2025-12-03T08:07:58","slug":"shelly-plus-plug-s-juodas","status":"publish","type":"product","link":"https:\/\/shelly.lv\/lt\/shop\/plus-serija-lt\/shelly-plus-plug-s-juodas\/","title":{"rendered":"Shelly Plus Plug S juodas"},"content":{"rendered":"<section class=\"wpb-content-wrapper\"><p>[vc_row][vc_column]\n\t\t<div id=\"wd-63db96f82fd83\" class=\"title-wrapper wd-wpb set-mb-s reset-last-child  wd-rs-63db96f82fd83 wd-title-color-default wd-title-style-default text-center vc_custom_1675335427663 wd-underline-colored\">\n\t\t\t\n\t\t\t<div class=\"liner-continer\">\n\t\t\t\t<h4 class=\"woodmart-title-container title  wd-font-weight-600 wd-fontsize-l\" >Shelly Plus Plug S<\/h4>\n\t\t\t\t\t\t\t<\/div>\n\t\t\t\n\t\t\t\n\t\t\t\n\t\t<\/div>\n\t\t\n\t\t[vc_column_text woodmart_inline=&#8221;no&#8221; text_larger=&#8221;no&#8221;]Shelly Plus Plug S yra ma\u017eas, bet galingas \u201eWi-Fi\u201c i\u0161manusis ki\u0161tukas su \u201eBluetooth\u201c ry\u0161iu ir galios matavimu, kuris stebi ir valdo ap\u0161vietim\u0105, \u0161ildym\u0105 ar bet kur\u012f kit\u0105 prijungt\u0105 elektros prietais\u0105 namuose, kurio galia siekia iki 2500 W. Shelly Plus Plug S turi pritaikomus LED indikatorius ir netgi gali b\u016bti naudojamas kaip maloni jauki naktin\u0117 lemput\u0117.<\/p>\n<p><strong><img loading=\"lazy\" decoding=\"async\" class=\"aligncenter wp-image-29959 size-large\" src=\"https:\/\/improveit.lt\/wp-content\/uploads\/2023\/02\/01-shelly-plus-plug-s-1024x687.jpg\" alt=\"\" width=\"1024\" height=\"687\" \/><\/strong><\/p>\n<p><strong>Funkcionalumas<\/strong><br \/>\nVeikia \u201eWi-Fi\u201c ry\u0161iu \u2013 prijunkite \u201eShelly Plus Plug S\u201c prie \u201eWi-Fi\u201c tinklo. HUB nereikia!<br \/>\nPalaikoma daug \u012fvairi\u0173 prietais\u0173 \u2013 naudokite \u012fvairiems prietaisams ir prietaisams valdyti (iki 12 A)<br \/>\nPasirinktiniai tvarkara\u0161\u010diai \u2013 nustatykite pasirinktinius tvarkara\u0161\u010dius pagal savo dienos darbotvark\u0119 arba automati\u0161kai sekite saul\u0117tek\u012f\/saul\u0117lyd\u012f ir atitinkamai valdykite savo prietaisus.<br \/>\nGalios steb\u0117jimas \u2013 \u201eShelly Plus Plug S\u201c u\u017etikrina tiksl\u0173 energijos suvartojimo steb\u0117jim\u0105.<br \/>\nI\u0161maniosios scenos \u2013 nustatykite pasirinktines scenas derindami \u201eShelly Plus Plug S\u201c su kitais \u201eShelly\u201c \u012frenginiais.<br \/>\nURL veiksmai \u2013 leiskite \u201eShelly Plus Plug S\u201c tiesiogiai valdyti kitus i\u0161maniuosius \u012frenginius arba juos valdyti.<br \/>\n3 LED indikacijos re\u017eimai maksimaliam valdymui<br \/>\nNaudokite \u201eShelly App\u201c, kad nustatytum\u0117te LED \u017eiedo ry\u0161kum\u0105 pagal savo pageidavimus visais re\u017eimais. Ir jei norite, galite visi\u0161kai i\u0161jungti spalv\u0173 indikacijas.<\/p>\n<p>Energijos suvartojimas \u2013 kai nustatytas re\u017eimas \u201eEnergijos suvartojimas\u201c, \u201eShelly Plus Plug S\u201c parodys energijos suvartojim\u0105 skland\u017eiai keisdamas spalv\u0105 i\u0161 \u017ealios 0 %, geltonos \u2013 50 % ir raudonos \u2013 100 % galios ribos.<br \/>\nJungiklio b\u016bsena \u2013 \u201eShelly Plus Plug S\u201c leid\u017eia nustatyti pasirinktines spalvas, atitinkan\u010dias ON ir OFF jungikli\u0173 b\u016bsenas.<br \/>\nVisi\u0161kai i\u0161jungtas \u2013 jei nenorite, kad j\u016bs\u0173 Plus Plug S b\u016bt\u0173 pastebimas, galite visi\u0161kai i\u0161jungti LED indikacij\u0105.<br \/>\nNeribotos naudojimo programos<br \/>\nDaugiau joki\u0173 pamir\u0161t\u0173 prietais\u0173<br \/>\nVenkite energijos \u0161vaistymo automatizuodami savo elektros prietaisus<br \/>\nOro valytuvas, kuris atitinka oro s\u0105lygas<br \/>\n\u0160velniai pritemdyta naktin\u0117 lemput\u0117 vaik\u0173 patogumui<br \/>\nT\u0117v\u0173 kontrol\u0117, kad ir kur b\u016btum\u0117te!<\/p>\n<p><img loading=\"lazy\" decoding=\"async\" class=\"aligncenter wp-image-29958 size-full\" src=\"https:\/\/improveit.lt\/wp-content\/uploads\/2023\/02\/Plus-Plug-S-internal-schematics.png\" alt=\"\" width=\"225\" height=\"497\" \/>[\/vc_column_text][vc_video link=&#8221;&#8221; el_width=&#8221;80&#8243; align=&#8221;center&#8221; image_poster_switch=&#8221;no&#8221;][\/vc_column][\/vc_row]<\/p>\n<\/section>","protected":false},"excerpt":{"rendered":"<p>[vc_row][vc_column][vc_column_text woodmart_inline=&#8221;no&#8221; text_larger=&#8221;no&#8221;]Shelly Plus Plug S yra ma\u017eas, bet galingas \u201eWi-Fi\u201c i\u0161manusis ki\u0161tukas su \u201eBluetooth\u201c ry\u0161iu ir galios matavimu, kuris<\/p>\n","protected":false},"featured_media":3083,"template":"","meta":[],"product_cat":[296,297],"product_tag":[41,200],"class_list":{"0":"post-3085","1":"product","2":"type-product","3":"status-publish","4":"has-post-thumbnail","6":"product_cat-plus-serija-lt","7":"product_cat-ismaniosios-reles","8":"product_tag-shelly","9":"product_tag-shelly-plus","11":"first","12":"outofstock","13":"taxable","14":"shipping-taxable","15":"purchasable","16":"product-type-simple"},"yoast_head":"<!-- This site is optimized with the Yoast SEO plugin v20.12 - https:\/\/yoast.com\/wordpress\/plugins\/seo\/ -->\n<title>Shelly Plus Plug S juodas - shelly.lv<\/title>\n<meta name=\"robots\" content=\"index, follow, max-snippet:-1, max-image-preview:large, max-video-preview:-1\" \/>\n<link rel=\"canonical\" href=\"https:\/\/shelly.lv\/lt\/shop\/plus-serija-lt\/shelly-plus-plug-s-juodas\/\" \/>\n<meta property=\"og:locale\" content=\"lt_LT\" \/>\n<meta property=\"og:type\" content=\"article\" \/>\n<meta property=\"og:title\" content=\"Shelly Plus Plug S juodas - shelly.lv\" \/>\n<meta property=\"og:description\" content=\"[vc_row][vc_column][vc_column_text woodmart_inline=&#8221;no&#8221; text_larger=&#8221;no&#8221;]Shelly Plus Plug S yra ma\u017eas, bet galingas \u201eWi-Fi\u201c i\u0161manusis ki\u0161tukas su \u201eBluetooth\u201c ry\u0161iu ir galios matavimu, kuris\" \/>\n<meta property=\"og:url\" content=\"https:\/\/shelly.lv\/lt\/shop\/plus-serija-lt\/shelly-plus-plug-s-juodas\/\" \/>\n<meta property=\"og:site_name\" content=\"shelly.lv\" \/>\n<meta property=\"article:modified_time\" content=\"2025-12-03T08:07:58+00:00\" \/>\n<meta property=\"og:image\" content=\"http:\/\/shelly.lv\/wp-content\/uploads\/2023\/10\/shelly-plus-plug-s-black-smart-wallplug-with-power-metering-wifi.jpg\" \/>\n\t<meta property=\"og:image:width\" content=\"700\" \/>\n\t<meta property=\"og:image:height\" content=\"800\" \/>\n\t<meta property=\"og:image:type\" content=\"image\/jpeg\" \/>\n<meta name=\"twitter:card\" content=\"summary_large_image\" \/>\n<meta name=\"twitter:label1\" content=\"Est. reading time\" \/>\n\t<meta name=\"twitter:data1\" content=\"2 minut\u0117s\" \/>\n<script type=\"application\/ld+json\" class=\"yoast-schema-graph\">{\"@context\":\"https:\/\/schema.org\",\"@graph\":[{\"@type\":\"WebPage\",\"@id\":\"https:\/\/shelly.lv\/lt\/shop\/plus-serija-lt\/shelly-plus-plug-s-juodas\/\",\"url\":\"https:\/\/shelly.lv\/lt\/shop\/plus-serija-lt\/shelly-plus-plug-s-juodas\/\",\"name\":\"Shelly Plus Plug S juodas - shelly.lv\",\"isPartOf\":{\"@id\":\"https:\/\/shelly.lv\/lt\/#website\"},\"datePublished\":\"2023-06-14T11:18:40+00:00\",\"dateModified\":\"2025-12-03T08:07:58+00:00\",\"breadcrumb\":{\"@id\":\"https:\/\/shelly.lv\/lt\/shop\/plus-serija-lt\/shelly-plus-plug-s-juodas\/#breadcrumb\"},\"inLanguage\":\"lt-LT\",\"potentialAction\":[{\"@type\":\"ReadAction\",\"target\":[\"https:\/\/shelly.lv\/lt\/shop\/plus-serija-lt\/shelly-plus-plug-s-juodas\/\"]}]},{\"@type\":\"BreadcrumbList\",\"@id\":\"https:\/\/shelly.lv\/lt\/shop\/plus-serija-lt\/shelly-plus-plug-s-juodas\/#breadcrumb\",\"itemListElement\":[{\"@type\":\"ListItem\",\"position\":1,\"name\":\"Home\",\"item\":\"https:\/\/shelly.lv\/lt\/\"},{\"@type\":\"ListItem\",\"position\":2,\"name\":\"Parduotuv\u0117\",\"item\":\"https:\/\/shelly.lv\/lt\/shop\/\"},{\"@type\":\"ListItem\",\"position\":3,\"name\":\"Shelly Plus Plug S juodas\"}]},{\"@type\":\"WebSite\",\"@id\":\"https:\/\/shelly.lv\/lt\/#website\",\"url\":\"https:\/\/shelly.lv\/lt\/\",\"name\":\"Shelly.lv\",\"description\":\"Shelly Latvia\",\"publisher\":{\"@id\":\"https:\/\/shelly.lv\/lt\/#organization\"},\"potentialAction\":[{\"@type\":\"SearchAction\",\"target\":{\"@type\":\"EntryPoint\",\"urlTemplate\":\"https:\/\/shelly.lv\/lt\/?s={search_term_string}\"},\"query-input\":\"required name=search_term_string\"}],\"inLanguage\":\"lt-LT\"},{\"@type\":\"Organization\",\"@id\":\"https:\/\/shelly.lv\/lt\/#organization\",\"name\":\"Shelly.lv\",\"url\":\"https:\/\/shelly.lv\/lt\/\",\"logo\":{\"@type\":\"ImageObject\",\"inLanguage\":\"lt-LT\",\"@id\":\"https:\/\/shelly.lv\/lt\/#\/schema\/logo\/image\/\",\"url\":\"https:\/\/shelly.lv\/wp-content\/uploads\/2023\/07\/Asset-3.png\",\"contentUrl\":\"https:\/\/shelly.lv\/wp-content\/uploads\/2023\/07\/Asset-3.png\",\"width\":861,\"height\":240,\"caption\":\"Shelly.lv\"},\"image\":{\"@id\":\"https:\/\/shelly.lv\/lt\/#\/schema\/logo\/image\/\"}}]}<\/script>\n<!-- \/ Yoast SEO plugin. -->","yoast_head_json":{"title":"Shelly Plus Plug S juodas - shelly.lv","robots":{"index":"index","follow":"follow","max-snippet":"max-snippet:-1","max-image-preview":"max-image-preview:large","max-video-preview":"max-video-preview:-1"},"canonical":"https:\/\/shelly.lv\/lt\/shop\/plus-serija-lt\/shelly-plus-plug-s-juodas\/","og_locale":"lt_LT","og_type":"article","og_title":"Shelly Plus Plug S juodas - shelly.lv","og_description":"[vc_row][vc_column][vc_column_text woodmart_inline=&#8221;no&#8221; text_larger=&#8221;no&#8221;]Shelly Plus Plug S yra ma\u017eas, bet galingas \u201eWi-Fi\u201c i\u0161manusis ki\u0161tukas su \u201eBluetooth\u201c ry\u0161iu ir galios matavimu, kuris","og_url":"https:\/\/shelly.lv\/lt\/shop\/plus-serija-lt\/shelly-plus-plug-s-juodas\/","og_site_name":"shelly.lv","article_modified_time":"2025-12-03T08:07:58+00:00","og_image":[{"width":700,"height":800,"url":"http:\/\/shelly.lv\/wp-content\/uploads\/2023\/10\/shelly-plus-plug-s-black-smart-wallplug-with-power-metering-wifi.jpg","type":"image\/jpeg"}],"twitter_card":"summary_large_image","twitter_misc":{"Est. reading time":"2 minut\u0117s"},"schema":{"@context":"https:\/\/schema.org","@graph":[{"@type":"WebPage","@id":"https:\/\/shelly.lv\/lt\/shop\/plus-serija-lt\/shelly-plus-plug-s-juodas\/","url":"https:\/\/shelly.lv\/lt\/shop\/plus-serija-lt\/shelly-plus-plug-s-juodas\/","name":"Shelly Plus Plug S juodas - shelly.lv","isPartOf":{"@id":"https:\/\/shelly.lv\/lt\/#website"},"datePublished":"2023-06-14T11:18:40+00:00","dateModified":"2025-12-03T08:07:58+00:00","breadcrumb":{"@id":"https:\/\/shelly.lv\/lt\/shop\/plus-serija-lt\/shelly-plus-plug-s-juodas\/#breadcrumb"},"inLanguage":"lt-LT","potentialAction":[{"@type":"ReadAction","target":["https:\/\/shelly.lv\/lt\/shop\/plus-serija-lt\/shelly-plus-plug-s-juodas\/"]}]},{"@type":"BreadcrumbList","@id":"https:\/\/shelly.lv\/lt\/shop\/plus-serija-lt\/shelly-plus-plug-s-juodas\/#breadcrumb","itemListElement":[{"@type":"ListItem","position":1,"name":"Home","item":"https:\/\/shelly.lv\/lt\/"},{"@type":"ListItem","position":2,"name":"Parduotuv\u0117","item":"https:\/\/shelly.lv\/lt\/shop\/"},{"@type":"ListItem","position":3,"name":"Shelly Plus Plug S juodas"}]},{"@type":"WebSite","@id":"https:\/\/shelly.lv\/lt\/#website","url":"https:\/\/shelly.lv\/lt\/","name":"Shelly.lv","description":"Shelly Latvia","publisher":{"@id":"https:\/\/shelly.lv\/lt\/#organization"},"potentialAction":[{"@type":"SearchAction","target":{"@type":"EntryPoint","urlTemplate":"https:\/\/shelly.lv\/lt\/?s={search_term_string}"},"query-input":"required name=search_term_string"}],"inLanguage":"lt-LT"},{"@type":"Organization","@id":"https:\/\/shelly.lv\/lt\/#organization","name":"Shelly.lv","url":"https:\/\/shelly.lv\/lt\/","logo":{"@type":"ImageObject","inLanguage":"lt-LT","@id":"https:\/\/shelly.lv\/lt\/#\/schema\/logo\/image\/","url":"https:\/\/shelly.lv\/wp-content\/uploads\/2023\/07\/Asset-3.png","contentUrl":"https:\/\/shelly.lv\/wp-content\/uploads\/2023\/07\/Asset-3.png","width":861,"height":240,"caption":"Shelly.lv"},"image":{"@id":"https:\/\/shelly.lv\/lt\/#\/schema\/logo\/image\/"}}]}},"_links":{"self":[{"href":"https:\/\/shelly.lv\/lt\/wp-json\/wp\/v2\/product\/3085","targetHints":{"allow":["GET"]}}],"collection":[{"href":"https:\/\/shelly.lv\/lt\/wp-json\/wp\/v2\/product"}],"about":[{"href":"https:\/\/shelly.lv\/lt\/wp-json\/wp\/v2\/types\/product"}],"wp:featuredmedia":[{"embeddable":true,"href":"https:\/\/shelly.lv\/lt\/wp-json\/wp\/v2\/media\/3083"}],"wp:attachment":[{"href":"https:\/\/shelly.lv\/lt\/wp-json\/wp\/v2\/media?parent=3085"}],"wp:term":[{"taxonomy":"product_cat","embeddable":true,"href":"https:\/\/shelly.lv\/lt\/wp-json\/wp\/v2\/product_cat?post=3085"},{"taxonomy":"product_tag","embeddable":true,"href":"https:\/\/shelly.lv\/lt\/wp-json\/wp\/v2\/product_tag?post=3085"}],"curies":[{"name":"wp","href":"https:\/\/api.w.org\/{rel}","templated":true}]}}