{"id":3101,"date":"2023-05-08T15:46:37","date_gmt":"2023-05-08T12:46:37","guid":{"rendered":"https:\/\/shelly.lv\/veikals\/uncategorized\/shelly-din-begio-adapteris-2-vnt-shelly-em-arba-shelly-2-5\/"},"modified":"2025-03-13T14:14:18","modified_gmt":"2025-03-13T12:14:18","slug":"shelly-din-begio-adapteris-2-vnt-shelly-em-arba-shelly-2-5","status":"publish","type":"product","link":"https:\/\/shelly.lv\/lt\/shop\/priedai\/shelly-din-begio-adapteris-2-vnt-shelly-em-arba-shelly-2-5\/","title":{"rendered":"Shelly DIN b\u0117gio adapteris 2 vnt. Shelly EM arba Shelly 2.5"},"content":{"rendered":"<section class=\"wpb-content-wrapper\"><p>[vc_row][vc_column]\n\t\t<div id=\"wd-6458ef6741d9c\" class=\"title-wrapper wd-wpb set-mb-s reset-last-child  wd-rs-6458ef6741d9c wd-title-color-default wd-title-style-default text-center vc_custom_1683550057689 wd-underline-colored\">\n\t\t\t\n\t\t\t<div class=\"liner-continer\">\n\t\t\t\t<h4 class=\"woodmart-title-container title  wd-font-weight-600 wd-fontsize-l\" >Shelly DIN b\u0117gio adapteris 2 vnt. Shelly EM arba Shelly 2.5<\/h4>\n\t\t\t\t\t\t\t<\/div>\n\t\t\t\n\t\t\t\n\t\t\t\n\t\t<\/div>\n\t\t\n\t\t[vc_column_text woodmart_inline=&#8221;no&#8221; text_larger=&#8221;no&#8221;]Su \u0161iuo adapteriu lengvai pritvirtinkite 2 Shelly 2.5 i\u0161maniosios rel\u0117s jungiklius arba Shelly EM galios matuokl\u012f prie elektros spinteli\u0173 DIN b\u0117gelio.<\/p>\n<p>Tai auk\u0161tos kokyb\u0117s 3D spausdinimas i\u0161 kokybi\u0161kos PETG med\u017eiagos. Rekomenduojama naudoti viduje.[\/vc_column_text][vc_video link=&#8221;&#8221; align=&#8221;center&#8221; image_poster_switch=&#8221;no&#8221;][\/vc_column][\/vc_row]<\/p>\n<\/section>","protected":false},"excerpt":{"rendered":"<p>[vc_row][vc_column][vc_column_text woodmart_inline=&#8221;no&#8221; text_larger=&#8221;no&#8221;]Su \u0161iuo adapteriu lengvai pritvirtinkite 2 Shelly 2.5 i\u0161maniosios rel\u0117s jungiklius arba Shelly EM galios matuokl\u012f prie elektros<\/p>\n","protected":false},"featured_media":3095,"template":"","meta":[],"product_cat":[299],"product_tag":[41,259],"class_list":{"0":"post-3101","1":"product","2":"type-product","3":"status-publish","4":"has-post-thumbnail","6":"product_cat-priedai","7":"product_tag-shelly","8":"product_tag-shelly-din","10":"first","11":"outofstock","12":"taxable","13":"shipping-taxable","14":"purchasable","15":"product-type-simple"},"yoast_head":"<!-- This site is optimized with the Yoast SEO plugin v20.12 - https:\/\/yoast.com\/wordpress\/plugins\/seo\/ -->\n<title>Shelly DIN b\u0117gio adapteris 2 vnt. Shelly EM arba Shelly 2.5 - shelly.lv<\/title>\n<meta name=\"robots\" content=\"index, follow, max-snippet:-1, max-image-preview:large, max-video-preview:-1\" \/>\n<link rel=\"canonical\" href=\"https:\/\/shelly.lv\/lt\/shop\/priedai\/shelly-din-begio-adapteris-2-vnt-shelly-em-arba-shelly-2-5\/\" \/>\n<meta property=\"og:locale\" content=\"lt_LT\" \/>\n<meta property=\"og:type\" content=\"article\" \/>\n<meta property=\"og:title\" content=\"Shelly DIN b\u0117gio adapteris 2 vnt. Shelly EM arba Shelly 2.5 - shelly.lv\" \/>\n<meta property=\"og:description\" content=\"[vc_row][vc_column][vc_column_text woodmart_inline=&#8221;no&#8221; text_larger=&#8221;no&#8221;]Su \u0161iuo adapteriu lengvai pritvirtinkite 2 Shelly 2.5 i\u0161maniosios rel\u0117s jungiklius arba Shelly EM galios matuokl\u012f prie elektros\" \/>\n<meta property=\"og:url\" content=\"https:\/\/shelly.lv\/lt\/shop\/priedai\/shelly-din-begio-adapteris-2-vnt-shelly-em-arba-shelly-2-5\/\" \/>\n<meta property=\"og:site_name\" content=\"shelly.lv\" \/>\n<meta property=\"article:modified_time\" content=\"2025-03-13T12:14:18+00:00\" \/>\n<meta property=\"og:image\" content=\"http:\/\/shelly.lv\/wp-content\/uploads\/2023\/10\/DIN-SHE25-DUP_3.png\" \/>\n\t<meta property=\"og:image:width\" content=\"600\" \/>\n\t<meta property=\"og:image:height\" content=\"600\" \/>\n\t<meta property=\"og:image:type\" content=\"image\/png\" \/>\n<meta name=\"twitter:card\" content=\"summary_large_image\" \/>\n<meta name=\"twitter:label1\" content=\"Est. reading time\" \/>\n\t<meta name=\"twitter:data1\" content=\"1 minut\u0117\" \/>\n<script type=\"application\/ld+json\" class=\"yoast-schema-graph\">{\"@context\":\"https:\/\/schema.org\",\"@graph\":[{\"@type\":\"WebPage\",\"@id\":\"https:\/\/shelly.lv\/lt\/shop\/priedai\/shelly-din-begio-adapteris-2-vnt-shelly-em-arba-shelly-2-5\/\",\"url\":\"https:\/\/shelly.lv\/lt\/shop\/priedai\/shelly-din-begio-adapteris-2-vnt-shelly-em-arba-shelly-2-5\/\",\"name\":\"Shelly DIN b\u0117gio adapteris 2 vnt. Shelly EM arba Shelly 2.5 - shelly.lv\",\"isPartOf\":{\"@id\":\"https:\/\/shelly.lv\/lt\/#website\"},\"datePublished\":\"2023-05-08T12:46:37+00:00\",\"dateModified\":\"2025-03-13T12:14:18+00:00\",\"breadcrumb\":{\"@id\":\"https:\/\/shelly.lv\/lt\/shop\/priedai\/shelly-din-begio-adapteris-2-vnt-shelly-em-arba-shelly-2-5\/#breadcrumb\"},\"inLanguage\":\"lt-LT\",\"potentialAction\":[{\"@type\":\"ReadAction\",\"target\":[\"https:\/\/shelly.lv\/lt\/shop\/priedai\/shelly-din-begio-adapteris-2-vnt-shelly-em-arba-shelly-2-5\/\"]}]},{\"@type\":\"BreadcrumbList\",\"@id\":\"https:\/\/shelly.lv\/lt\/shop\/priedai\/shelly-din-begio-adapteris-2-vnt-shelly-em-arba-shelly-2-5\/#breadcrumb\",\"itemListElement\":[{\"@type\":\"ListItem\",\"position\":1,\"name\":\"Home\",\"item\":\"https:\/\/shelly.lv\/lt\/\"},{\"@type\":\"ListItem\",\"position\":2,\"name\":\"Parduotuv\u0117\",\"item\":\"https:\/\/shelly.lv\/lt\/shop\/\"},{\"@type\":\"ListItem\",\"position\":3,\"name\":\"Shelly DIN b\u0117gio adapteris 2 vnt. Shelly EM arba Shelly 2.5\"}]},{\"@type\":\"WebSite\",\"@id\":\"https:\/\/shelly.lv\/lt\/#website\",\"url\":\"https:\/\/shelly.lv\/lt\/\",\"name\":\"Shelly.lv\",\"description\":\"Shelly Latvia\",\"publisher\":{\"@id\":\"https:\/\/shelly.lv\/lt\/#organization\"},\"potentialAction\":[{\"@type\":\"SearchAction\",\"target\":{\"@type\":\"EntryPoint\",\"urlTemplate\":\"https:\/\/shelly.lv\/lt\/?s={search_term_string}\"},\"query-input\":\"required name=search_term_string\"}],\"inLanguage\":\"lt-LT\"},{\"@type\":\"Organization\",\"@id\":\"https:\/\/shelly.lv\/lt\/#organization\",\"name\":\"Shelly.lv\",\"url\":\"https:\/\/shelly.lv\/lt\/\",\"logo\":{\"@type\":\"ImageObject\",\"inLanguage\":\"lt-LT\",\"@id\":\"https:\/\/shelly.lv\/lt\/#\/schema\/logo\/image\/\",\"url\":\"https:\/\/shelly.lv\/wp-content\/uploads\/2023\/07\/Asset-3.png\",\"contentUrl\":\"https:\/\/shelly.lv\/wp-content\/uploads\/2023\/07\/Asset-3.png\",\"width\":861,\"height\":240,\"caption\":\"Shelly.lv\"},\"image\":{\"@id\":\"https:\/\/shelly.lv\/lt\/#\/schema\/logo\/image\/\"}}]}<\/script>\n<!-- \/ Yoast SEO plugin. -->","yoast_head_json":{"title":"Shelly DIN b\u0117gio adapteris 2 vnt. Shelly EM arba Shelly 2.5 - shelly.lv","robots":{"index":"index","follow":"follow","max-snippet":"max-snippet:-1","max-image-preview":"max-image-preview:large","max-video-preview":"max-video-preview:-1"},"canonical":"https:\/\/shelly.lv\/lt\/shop\/priedai\/shelly-din-begio-adapteris-2-vnt-shelly-em-arba-shelly-2-5\/","og_locale":"lt_LT","og_type":"article","og_title":"Shelly DIN b\u0117gio adapteris 2 vnt. Shelly EM arba Shelly 2.5 - shelly.lv","og_description":"[vc_row][vc_column][vc_column_text woodmart_inline=&#8221;no&#8221; text_larger=&#8221;no&#8221;]Su \u0161iuo adapteriu lengvai pritvirtinkite 2 Shelly 2.5 i\u0161maniosios rel\u0117s jungiklius arba Shelly EM galios matuokl\u012f prie elektros","og_url":"https:\/\/shelly.lv\/lt\/shop\/priedai\/shelly-din-begio-adapteris-2-vnt-shelly-em-arba-shelly-2-5\/","og_site_name":"shelly.lv","article_modified_time":"2025-03-13T12:14:18+00:00","og_image":[{"width":600,"height":600,"url":"http:\/\/shelly.lv\/wp-content\/uploads\/2023\/10\/DIN-SHE25-DUP_3.png","type":"image\/png"}],"twitter_card":"summary_large_image","twitter_misc":{"Est. reading time":"1 minut\u0117"},"schema":{"@context":"https:\/\/schema.org","@graph":[{"@type":"WebPage","@id":"https:\/\/shelly.lv\/lt\/shop\/priedai\/shelly-din-begio-adapteris-2-vnt-shelly-em-arba-shelly-2-5\/","url":"https:\/\/shelly.lv\/lt\/shop\/priedai\/shelly-din-begio-adapteris-2-vnt-shelly-em-arba-shelly-2-5\/","name":"Shelly DIN b\u0117gio adapteris 2 vnt. Shelly EM arba Shelly 2.5 - shelly.lv","isPartOf":{"@id":"https:\/\/shelly.lv\/lt\/#website"},"datePublished":"2023-05-08T12:46:37+00:00","dateModified":"2025-03-13T12:14:18+00:00","breadcrumb":{"@id":"https:\/\/shelly.lv\/lt\/shop\/priedai\/shelly-din-begio-adapteris-2-vnt-shelly-em-arba-shelly-2-5\/#breadcrumb"},"inLanguage":"lt-LT","potentialAction":[{"@type":"ReadAction","target":["https:\/\/shelly.lv\/lt\/shop\/priedai\/shelly-din-begio-adapteris-2-vnt-shelly-em-arba-shelly-2-5\/"]}]},{"@type":"BreadcrumbList","@id":"https:\/\/shelly.lv\/lt\/shop\/priedai\/shelly-din-begio-adapteris-2-vnt-shelly-em-arba-shelly-2-5\/#breadcrumb","itemListElement":[{"@type":"ListItem","position":1,"name":"Home","item":"https:\/\/shelly.lv\/lt\/"},{"@type":"ListItem","position":2,"name":"Parduotuv\u0117","item":"https:\/\/shelly.lv\/lt\/shop\/"},{"@type":"ListItem","position":3,"name":"Shelly DIN b\u0117gio adapteris 2 vnt. Shelly EM arba Shelly 2.5"}]},{"@type":"WebSite","@id":"https:\/\/shelly.lv\/lt\/#website","url":"https:\/\/shelly.lv\/lt\/","name":"Shelly.lv","description":"Shelly Latvia","publisher":{"@id":"https:\/\/shelly.lv\/lt\/#organization"},"potentialAction":[{"@type":"SearchAction","target":{"@type":"EntryPoint","urlTemplate":"https:\/\/shelly.lv\/lt\/?s={search_term_string}"},"query-input":"required name=search_term_string"}],"inLanguage":"lt-LT"},{"@type":"Organization","@id":"https:\/\/shelly.lv\/lt\/#organization","name":"Shelly.lv","url":"https:\/\/shelly.lv\/lt\/","logo":{"@type":"ImageObject","inLanguage":"lt-LT","@id":"https:\/\/shelly.lv\/lt\/#\/schema\/logo\/image\/","url":"https:\/\/shelly.lv\/wp-content\/uploads\/2023\/07\/Asset-3.png","contentUrl":"https:\/\/shelly.lv\/wp-content\/uploads\/2023\/07\/Asset-3.png","width":861,"height":240,"caption":"Shelly.lv"},"image":{"@id":"https:\/\/shelly.lv\/lt\/#\/schema\/logo\/image\/"}}]}},"_links":{"self":[{"href":"https:\/\/shelly.lv\/lt\/wp-json\/wp\/v2\/product\/3101","targetHints":{"allow":["GET"]}}],"collection":[{"href":"https:\/\/shelly.lv\/lt\/wp-json\/wp\/v2\/product"}],"about":[{"href":"https:\/\/shelly.lv\/lt\/wp-json\/wp\/v2\/types\/product"}],"wp:featuredmedia":[{"embeddable":true,"href":"https:\/\/shelly.lv\/lt\/wp-json\/wp\/v2\/media\/3095"}],"wp:attachment":[{"href":"https:\/\/shelly.lv\/lt\/wp-json\/wp\/v2\/media?parent=3101"}],"wp:term":[{"taxonomy":"product_cat","embeddable":true,"href":"https:\/\/shelly.lv\/lt\/wp-json\/wp\/v2\/product_cat?post=3101"},{"taxonomy":"product_tag","embeddable":true,"href":"https:\/\/shelly.lv\/lt\/wp-json\/wp\/v2\/product_tag?post=3101"}],"curies":[{"name":"wp","href":"https:\/\/api.w.org\/{rel}","templated":true}]}}