{"id":3846,"date":"2024-06-06T16:31:59","date_gmt":"2024-06-06T13:31:59","guid":{"rendered":"https:\/\/shelly.lv\/veikals\/uncategorized\/shelly-gen3-dimmer-0-1-10v-pm-sviesos-intensyvuno-valdiklis-wifi-bluetooth\/"},"modified":"2026-04-30T22:02:48","modified_gmt":"2026-04-30T19:02:48","slug":"shelly-gen3-dimmer-0-1-10v-pm-sviesos-intensyvuno-valdiklis-wifi-bluetooth","status":"publish","type":"product","link":"https:\/\/shelly.lv\/lt\/shop\/apsvietimas\/shelly-gen3-dimmer-0-1-10v-pm-sviesos-intensyvuno-valdiklis-wifi-bluetooth\/","title":{"rendered":"Shelly Gen3 Dimmer 0\/1-10V PM \u0161viesos intensyvuno valdiklis (Wifi, Bluetooth)"},"content":{"rendered":"<section class=\"wpb-content-wrapper\"><p>[vc_row][vc_column][vc_column_text woodmart_inline=&#8221;no&#8221; text_larger=&#8221;no&#8221;][display-apps][\/vc_column_text][\/vc_column][\/vc_row][vc_row content_placement=&#8221;top&#8221; css=&#8221;.vc_custom_1619544704606{margin-bottom: 8vh !important;}&#8221; mobile_bg_img_hidden=&#8221;no&#8221; tablet_bg_img_hidden=&#8221;no&#8221; woodmart_parallax=&#8221;0&#8243; woodmart_gradient_switch=&#8221;no&#8221; row_reverse_mobile=&#8221;0&#8243; row_reverse_tablet=&#8221;0&#8243; woodmart_disable_overflow=&#8221;0&#8243;][vc_column][vc_row_inner content_placement=&#8221;top&#8221; css=&#8221;.vc_custom_1665234175678{margin-right: 0px !important;margin-left: 0px !important;padding-top: 2vh !important;padding-right: 2vh !important;padding-bottom: 2vh !important;padding-left: 2vh !important;background-color: #ffffff !important;}&#8221; row_reverse_mobile=&#8221;0&#8243; row_reverse_tablet=&#8221;0&#8243; woodmart_css_id=&#8221;634174f75117f&#8221; responsive_spacing=&#8221;eyJwYXJhbV90eXBlIjoid29vZG1hcnRfcmVzcG9uc2l2ZV9zcGFjaW5nIiwic2VsZWN0b3JfaWQiOiI2MzQxNzRmNzUxMTdmIiwic2hvcnRjb2RlIjoidmNfcm93X2lubmVyIiwiZGF0YSI6eyJ0YWJsZXQiOnt9LCJtb2JpbGUiOnsicGFkZGluZy1yaWdodCI6IjAiLCJwYWRkaW5nLWxlZnQiOiIwIn19fQ==&#8221; mobile_bg_img_hidden=&#8221;no&#8221; tablet_bg_img_hidden=&#8221;no&#8221; woodmart_parallax=&#8221;0&#8243; woodmart_gradient_switch=&#8221;no&#8221; woodmart_box_shadow=&#8221;no&#8221; wd_z_index=&#8221;no&#8221; woodmart_disable_overflow=&#8221;0&#8243;][vc_column_inner offset=&#8221;vc_col-lg-6 vc_col-md-6 vc_col-xs-12&#8243; woodmart_css_id=&#8221;634175733e66a&#8221; parallax_scroll=&#8221;no&#8221; woodmart_sticky_column=&#8221;false&#8221; wd_collapsible_content_switcher=&#8221;no&#8221; wd_column_role_offcanvas_desktop=&#8221;no&#8221; wd_column_role_offcanvas_tablet=&#8221;no&#8221; wd_column_role_offcanvas_mobile=&#8221;no&#8221; wd_column_role_content_desktop=&#8221;no&#8221; wd_column_role_content_tablet=&#8221;no&#8221; wd_column_role_content_mobile=&#8221;no&#8221; mobile_bg_img_hidden=&#8221;no&#8221; tablet_bg_img_hidden=&#8221;no&#8221; woodmart_parallax=&#8221;0&#8243; woodmart_box_shadow=&#8221;no&#8221; responsive_spacing=&#8221;eyJwYXJhbV90eXBlIjoid29vZG1hcnRfcmVzcG9uc2l2ZV9zcGFjaW5nIiwic2VsZWN0b3JfaWQiOiI2MzQxNzU3MzNlNjZhIiwic2hvcnRjb2RlIjoidmNfY29sdW1uX2lubmVyIiwiZGF0YSI6eyJ0YWJsZXQiOnt9LCJtb2JpbGUiOnsicGFkZGluZy1yaWdodCI6IjdweCIsInBhZGRpbmctbGVmdCI6IjdweCJ9fX0=&#8221; wd_z_index=&#8221;no&#8221; css=&#8221;.vc_custom_1665234300629{padding-top: 0px !important;}&#8221;][vc_column_text css=&#8221;&#8221; woodmart_inline=&#8221;no&#8221; text_larger=&#8221;no&#8221;]Sukurtas valdyti 0\/1\u201310 V valdomus maitinimo \u0161altinius, \u201eShelly Dimmer 0\/1-10 V PM Gen3\u201c si\u016blo tiksl\u0173 pritemdym\u0105 ir galios matavim\u0105. Jis yra modifikuojamas ir gali b\u016bti naudojamas su bet kokiu \u012fprastu jungikliu, kur\u012f turite namuose.<\/p>\n<ul>\n<li>Palaiko 0-10V ir 1-10V tip\u0173 tvarkykles (\u017eibintus, variklius, vo\u017etuvus ir kt.<\/li>\n<li>Veikia Wi-Fi ir Bluetooth<\/li>\n<li>Suderinamas su \u201eShelly Plus\u201c priedu: palaiko ry\u0161\u012f su jutiklio s\u0105saja, kad b\u016bt\u0173 galima matuoti skirtingus duomenis (dr\u0117gm\u0119, temperat\u016br\u0105 ir kt.)<\/li>\n<li>Vieno \/ dviej\u0173 mygtuk\u0173 pritemdymo re\u017eimas (naudoti su fiziniais jungikliais)<\/li>\n<li>Pritaikomos temperat\u016bros, dr\u0117gm\u0117s ir \u0161viesos slenks\u010diai ir poslinkiai, jei naudojami su \u201ePlus Add-on\u201c<\/li>\n<li>Galios matavimas: Tikslus energijos suvartojimo steb\u0117jimas. Rodoma informacija apie \u012ftamp\u0105 (V), srov\u0119 (A) ir suvartojim\u0105 (W).<\/li>\n<li>Sauga: Apsauga nuo srov\u0117s \/ \u012ftampos \/ maitinimo<\/li>\n<li>Palaiko \u201enaktin\u012f re\u017eim\u0105\u201c: automati\u0161kai nustato \u017eem\u0105 \u0161viesos ry\u0161kum\u0105 nakties valandomis<br \/>\n\u201eWi-Fi\u201c diapazono pl\u0117stuvas ir \u201eBLE Gateway\u201c.<\/li>\n<li>\u012erengtas naujas procesorius ir padidinta \u201eflash\u201c atmintis \u2013 ESP Shelly<\/li>\n<li>Nereikalingas centras! Lengvas valdymas naudojant Shelly Smart Control program\u0117l\u0119, daugum\u0105 platform\u0173 ir protokol\u0173, taip pat balso asistentus. Naudokite j\u012f su \u201eAlexa\u201c, \u201eHome Assistant\u201c arba pageidaujama automatizavimo platforma.<\/li>\n<\/ul>\n<table>\n<tbody>\n<tr>\n<th colspan=\"2\"><\/th>\n<\/tr>\n<tr>\n<th>Dydis (AxPxD):<\/th>\n<td>38,5 x 43,5 x 17 mm<\/td>\n<\/tr>\n<tr>\n<th>Svoris:<\/th>\n<td>28,5 g<\/td>\n<\/tr>\n<tr>\n<th>Maksimalus var\u017et\u0173 gnybt\u0173 sukimo momentas:<\/th>\n<td>0,4 Nm<\/td>\n<\/tr>\n<tr>\n<th>Laid\u017eio skerspj\u016bvis:<\/th>\n<td>0,2\u20132,5 mm\u00b2 \/ 24\u201314 AWG (tvirtos, susuktos ir suri\u0161amos \u012fvor\u0117s)<\/td>\n<\/tr>\n<tr>\n<th>Laid\u017eio nuimtas ilgis:<\/th>\n<td>5\u20136 mm<\/td>\n<\/tr>\n<tr>\n<th>Tvirtinimas:<\/th>\n<td>Sienos konsol\u0117 \/ u\u017e sienos \/ lub\u0173 konstrukcija<\/td>\n<\/tr>\n<tr>\n<th>Apvalkalo med\u017eiaga:<\/th>\n<td>Plastikas<\/td>\n<\/tr>\n<tr>\n<th colspan=\"2\"><\/th>\n<\/tr>\n<tr>\n<th colspan=\"2\">APLINKA<\/th>\n<\/tr>\n<tr>\n<th>Aplinkos darbo temperat\u016bra:<\/th>\n<td>nuo -20\u00b0C iki 40\u00b0C<\/td>\n<\/tr>\n<tr>\n<th>Dr\u0117gm\u0117:<\/th>\n<td>30\u201370 % santykinis dr\u0117gnis<\/td>\n<\/tr>\n<tr>\n<th>Maks. auk\u0161tis vir\u0161 j\u016bros lygio:<\/th>\n<td>2000 m<\/td>\n<\/tr>\n<tr>\n<th colspan=\"2\"><\/th>\n<\/tr>\n<tr>\n<th colspan=\"2\">ELEKTROS<\/th>\n<\/tr>\n<tr>\n<th>Maitinimo \u0161altinis:<\/th>\n<td>110\u2013240 V ~ 50\/60 Hz<\/td>\n<\/tr>\n<tr>\n<th>Energijos suvartojimas:<\/th>\n<td>&lt; 1,5 W<\/td>\n<\/tr>\n<tr>\n<th>I\u0161orin\u0117 apsauga:<\/th>\n<td>16A, i\u0161jungimo charakteristika B arba C, 6 kA pertraukimo nominalas, 3 energijos ribojimo klas\u0117<\/td>\n<\/tr>\n<tr>\n<th>Maks. perjungimo \u012ftampa:<\/th>\n<td>240 V~<\/td>\n<\/tr>\n<tr>\n<th>Maks. perjungimo srov\u0117:<\/th>\n<td>13 A<\/td>\n<\/tr>\n<tr>\n<th>Maks. valdymo srov\u0117:<\/th>\n<td>35 mA<\/td>\n<\/tr>\n<tr>\n<th>Voltmetras (AC):<\/th>\n<td>110\u2013240 V<\/td>\n<\/tr>\n<tr>\n<th>Ampermetras (AC):<\/th>\n<td>50 mA \u2013 16 A<\/td>\n<\/tr>\n<tr>\n<th>Metr\u0173 tikslumas:<\/th>\n<td>\u00b110 %<\/td>\n<\/tr>\n<tr>\n<th>Galios ir energijos skaitikliai:<\/th>\n<td>Aktyvioji ir tariama galia \/ Aktyvioji ir tariama energija<\/td>\n<\/tr>\n<tr>\n<th colspan=\"2\">GALIOS FAKTORIUS<\/th>\n<\/tr>\n<tr>\n<th>Matavimo duomen\u0173 saugykla:<\/th>\n<td>Ne<\/td>\n<\/tr>\n<tr>\n<th>Vidin\u0117s temperat\u016bros jutiklis:<\/th>\n<td>Taip<\/td>\n<\/tr>\n<tr>\n<th colspan=\"2\">WI-FI<\/th>\n<\/tr>\n<tr>\n<th>Protokolas:<\/th>\n<td>802.11 b\/g\/n<\/td>\n<\/tr>\n<tr>\n<th>RF juosta:<\/th>\n<td>2401\u20132495 MHz<\/td>\n<\/tr>\n<tr>\n<th>Maks. RF galia:<\/th>\n<td>&lt; 20 dBm<\/td>\n<\/tr>\n<tr>\n<th>Diapazonas:<\/th>\n<td>Iki 30 m \/ 100 p\u0117d\u0173 viduje ir iki 50 m \/ 160 p\u0117d\u0173 lauke (atsi\u017evelgiant \u012f vietos s\u0105lygas)<\/td>\n<\/tr>\n<tr>\n<th colspan=\"2\">BLUETOOTH<\/th>\n<\/tr>\n<tr>\n<th>Protokolas:<\/th>\n<td>4.2<\/td>\n<\/tr>\n<tr>\n<th>RF juosta:<\/th>\n<td>2400\u20132483,5 MHz<\/td>\n<\/tr>\n<tr>\n<th>Maks. RF galia:<\/th>\n<td>&lt; 4 dBm<\/td>\n<\/tr>\n<tr>\n<th>Diapazonas:<\/th>\n<td>Iki 30 m \/ 100 p\u0117d\u0173 lauke, iki 10 m \/ 33 p\u0117d\u0173 viduje (atsi\u017evelgiant \u012f vietos s\u0105lygas)<\/td>\n<\/tr>\n<tr>\n<th colspan=\"2\"><\/th>\n<\/tr>\n<tr>\n<th colspan=\"2\">MIKROVALDIKLIS<\/th>\n<\/tr>\n<tr>\n<th>CPU:<\/th>\n<td>Shelly ESP32 C3<\/td>\n<\/tr>\n<tr>\n<th>Laikrod\u017eio da\u017enis:<\/th>\n<td>40 Mhz<\/td>\n<\/tr>\n<tr>\n<th>Flash:<\/th>\n<td>8 MB<\/td>\n<\/tr>\n<tr>\n<th colspan=\"2\"><\/th>\n<\/tr>\n<tr>\n<th colspan=\"2\">MIKROVALDIKLIS<\/th>\n<\/tr>\n<tr>\n<th>Tvarkara\u0161\u010diai:<\/th>\n<td>20<\/td>\n<\/tr>\n<tr>\n<th>\u017diniatinklio kabliukai (URL veiksmai):<\/th>\n<td>20 su 5 URL kiekviename kabliuke<\/td>\n<\/tr>\n<tr>\n<th>Scenarijus:<\/th>\n<td>Taip<\/td>\n<\/tr>\n<tr>\n<th>MQTT:<\/th>\n<td>Taip<\/td>\n<\/tr>\n<tr>\n<th>I\u0161pl\u0117stiniai tvarkara\u0161\u010diai:<\/th>\n<td>Taip<\/td>\n<\/tr>\n<tr>\n<th>KVS (Key-Value Store):<\/th>\n<td>Taip<\/td>\n<\/tr>\n<\/tbody>\n<\/table>\n<p>[\/vc_column_text]\t\t<div id=\"gallery_424\" class=\"wd-images-gallery wd-rs-6661b4782ae64 wd-justify-center wd-items-middle view-grid photoswipe-images\" >\n\t\t\t<div class=\"gallery-images row wd-spacing-0\">\n\t\t\t\t\t\t\t\t\t\t\t\t\t\t\t\t<\/div>\n\t\t<\/div>\n\t\t\t\t[vc_video link=&#8221;&#8221; el_width=&#8221;80&#8243; align=&#8221;center&#8221; css=&#8221;.vc_custom_1717676823638{padding-bottom: 15px !important;}&#8221; image_poster_switch=&#8221;no&#8221; woodmart_css_id=&#8221;6661ab12a35dc&#8221;][\/vc_column_inner][vc_column_inner css=&#8221;.vc_custom_1665234239863{padding-top: 50px !important;padding-right: 10% !important;padding-bottom: 2vh !important;padding-left: 10% !important;background-color: #f3f3f3 !important;}&#8221; offset=&#8221;vc_col-lg-6 vc_col-md-6 vc_col-xs-12&#8243; woodmart_css_id=&#8221;6341752ee3720&#8243; parallax_scroll=&#8221;no&#8221; woodmart_sticky_column=&#8221;false&#8221; wd_collapsible_content_switcher=&#8221;no&#8221; wd_column_role_offcanvas_desktop=&#8221;no&#8221; wd_column_role_offcanvas_tablet=&#8221;no&#8221; wd_column_role_offcanvas_mobile=&#8221;no&#8221; wd_column_role_content_desktop=&#8221;no&#8221; wd_column_role_content_tablet=&#8221;no&#8221; wd_column_role_content_mobile=&#8221;no&#8221; mobile_bg_img_hidden=&#8221;no&#8221; tablet_bg_img_hidden=&#8221;no&#8221; woodmart_parallax=&#8221;0&#8243; woodmart_box_shadow=&#8221;no&#8221; responsive_spacing=&#8221;eyJwYXJhbV90eXBlIjoid29vZG1hcnRfcmVzcG9uc2l2ZV9zcGFjaW5nIiwic2VsZWN0b3JfaWQiOiI2MzQxNzUyZWUzNzIwIiwic2hvcnRjb2RlIjoidmNfY29sdW1uX2lubmVyIiwiZGF0YSI6eyJ0YWJsZXQiOnt9LCJtb2JpbGUiOnsicGFkZGluZy1yaWdodCI6IjdweCIsInBhZGRpbmctbGVmdCI6IjdweCJ9fX0=&#8221; wd_z_index=&#8221;no&#8221;][\/vc_column_inner][\/vc_row_inner][\/vc_column][\/vc_row]<\/p>\n<\/section>","protected":false},"excerpt":{"rendered":"<p>[vc_row][vc_column][vc_column_text woodmart_inline=&#8221;no&#8221; text_larger=&#8221;no&#8221;][display-apps][\/vc_column_text][\/vc_column][\/vc_row][vc_row content_placement=&#8221;top&#8221; css=&#8221;.vc_custom_1619544704606{margin-bottom: 8vh !important;}&#8221; mobile_bg_img_hidden=&#8221;no&#8221; tablet_bg_img_hidden=&#8221;no&#8221; woodmart_parallax=&#8221;0&#8243; woodmart_gradient_switch=&#8221;no&#8221; row_reverse_mobile=&#8221;0&#8243; row_reverse_tablet=&#8221;0&#8243; woodmart_disable_overflow=&#8221;0&#8243;][vc_column][vc_row_inner content_placement=&#8221;top&#8221; css=&#8221;.vc_custom_1665234175678{margin-right: 0px !important;margin-left: 0px !important;padding-top:<\/p>\n","protected":false},"featured_media":3840,"template":"","meta":[],"product_cat":[689,301],"product_tag":[41],"class_list":{"0":"post-3846","1":"product","2":"type-product","3":"status-publish","4":"has-post-thumbnail","6":"product_cat-gen3","7":"product_cat-apsvietimas","8":"product_tag-shelly","9":"product_shipping_class-pastomatai","11":"first","12":"instock","13":"taxable","14":"shipping-taxable","15":"purchasable","16":"product-type-simple"},"yoast_head":"<!-- This site is optimized with the Yoast SEO plugin v20.12 - https:\/\/yoast.com\/wordpress\/plugins\/seo\/ -->\n<title>Shelly Gen3 Dimmer 0\/1-10V PM \u0161viesos intensyvuno valdiklis (Wifi, Bluetooth) - shelly.lv<\/title>\n<meta name=\"robots\" content=\"index, follow, max-snippet:-1, max-image-preview:large, max-video-preview:-1\" \/>\n<link rel=\"canonical\" href=\"https:\/\/shelly.lv\/lt\/shop\/apsvietimas\/shelly-gen3-dimmer-0-1-10v-pm-sviesos-intensyvuno-valdiklis-wifi-bluetooth\/\" \/>\n<meta property=\"og:locale\" content=\"lt_LT\" \/>\n<meta property=\"og:type\" content=\"article\" \/>\n<meta property=\"og:title\" content=\"Shelly Gen3 Dimmer 0\/1-10V PM \u0161viesos intensyvuno valdiklis (Wifi, Bluetooth) - shelly.lv\" \/>\n<meta property=\"og:description\" content=\"[vc_row][vc_column][vc_column_text woodmart_inline=&#8221;no&#8221; text_larger=&#8221;no&#8221;][display-apps][\/vc_column_text][\/vc_column][\/vc_row][vc_row content_placement=&#8221;top&#8221; css=&#8221;.vc_custom_1619544704606{margin-bottom: 8vh !important;}&#8221; mobile_bg_img_hidden=&#8221;no&#8221; tablet_bg_img_hidden=&#8221;no&#8221; woodmart_parallax=&#8221;0&#8243; woodmart_gradient_switch=&#8221;no&#8221; row_reverse_mobile=&#8221;0&#8243; row_reverse_tablet=&#8221;0&#8243; woodmart_disable_overflow=&#8221;0&#8243;][vc_column][vc_row_inner content_placement=&#8221;top&#8221; css=&#8221;.vc_custom_1665234175678{margin-right: 0px !important;margin-left: 0px !important;padding-top:\" \/>\n<meta property=\"og:url\" content=\"https:\/\/shelly.lv\/lt\/shop\/apsvietimas\/shelly-gen3-dimmer-0-1-10v-pm-sviesos-intensyvuno-valdiklis-wifi-bluetooth\/\" \/>\n<meta property=\"og:site_name\" content=\"shelly.lv\" \/>\n<meta property=\"article:modified_time\" content=\"2026-04-30T19:02:48+00:00\" \/>\n<meta property=\"og:image\" content=\"http:\/\/shelly.lv\/wp-content\/uploads\/2024\/09\/shelly-dimmer-01-10v-pm-gen3-dimming-module-wifi.jpg\" \/>\n\t<meta property=\"og:image:width\" content=\"700\" \/>\n\t<meta property=\"og:image:height\" content=\"800\" \/>\n\t<meta property=\"og:image:type\" content=\"image\/jpeg\" \/>\n<meta name=\"twitter:card\" content=\"summary_large_image\" \/>\n<meta name=\"twitter:label1\" content=\"Est. reading time\" \/>\n\t<meta name=\"twitter:data1\" content=\"3 minut\u0117s\" \/>\n<script type=\"application\/ld+json\" class=\"yoast-schema-graph\">{\"@context\":\"https:\/\/schema.org\",\"@graph\":[{\"@type\":\"WebPage\",\"@id\":\"https:\/\/shelly.lv\/lt\/shop\/apsvietimas\/shelly-gen3-dimmer-0-1-10v-pm-sviesos-intensyvuno-valdiklis-wifi-bluetooth\/\",\"url\":\"https:\/\/shelly.lv\/lt\/shop\/apsvietimas\/shelly-gen3-dimmer-0-1-10v-pm-sviesos-intensyvuno-valdiklis-wifi-bluetooth\/\",\"name\":\"Shelly Gen3 Dimmer 0\/1-10V PM \u0161viesos intensyvuno valdiklis (Wifi, Bluetooth) - shelly.lv\",\"isPartOf\":{\"@id\":\"https:\/\/shelly.lv\/lt\/#website\"},\"datePublished\":\"2024-06-06T13:31:59+00:00\",\"dateModified\":\"2026-04-30T19:02:48+00:00\",\"breadcrumb\":{\"@id\":\"https:\/\/shelly.lv\/lt\/shop\/apsvietimas\/shelly-gen3-dimmer-0-1-10v-pm-sviesos-intensyvuno-valdiklis-wifi-bluetooth\/#breadcrumb\"},\"inLanguage\":\"lt-LT\",\"potentialAction\":[{\"@type\":\"ReadAction\",\"target\":[\"https:\/\/shelly.lv\/lt\/shop\/apsvietimas\/shelly-gen3-dimmer-0-1-10v-pm-sviesos-intensyvuno-valdiklis-wifi-bluetooth\/\"]}]},{\"@type\":\"BreadcrumbList\",\"@id\":\"https:\/\/shelly.lv\/lt\/shop\/apsvietimas\/shelly-gen3-dimmer-0-1-10v-pm-sviesos-intensyvuno-valdiklis-wifi-bluetooth\/#breadcrumb\",\"itemListElement\":[{\"@type\":\"ListItem\",\"position\":1,\"name\":\"Home\",\"item\":\"https:\/\/shelly.lv\/lt\/\"},{\"@type\":\"ListItem\",\"position\":2,\"name\":\"Parduotuv\u0117\",\"item\":\"https:\/\/shelly.lv\/lt\/shop\/\"},{\"@type\":\"ListItem\",\"position\":3,\"name\":\"Shelly Gen3 Dimmer 0\/1-10V PM \u0161viesos intensyvuno valdiklis (Wifi, Bluetooth)\"}]},{\"@type\":\"WebSite\",\"@id\":\"https:\/\/shelly.lv\/lt\/#website\",\"url\":\"https:\/\/shelly.lv\/lt\/\",\"name\":\"Shelly.lv\",\"description\":\"Shelly Latvia\",\"publisher\":{\"@id\":\"https:\/\/shelly.lv\/lt\/#organization\"},\"potentialAction\":[{\"@type\":\"SearchAction\",\"target\":{\"@type\":\"EntryPoint\",\"urlTemplate\":\"https:\/\/shelly.lv\/lt\/?s={search_term_string}\"},\"query-input\":\"required name=search_term_string\"}],\"inLanguage\":\"lt-LT\"},{\"@type\":\"Organization\",\"@id\":\"https:\/\/shelly.lv\/lt\/#organization\",\"name\":\"Shelly.lv\",\"url\":\"https:\/\/shelly.lv\/lt\/\",\"logo\":{\"@type\":\"ImageObject\",\"inLanguage\":\"lt-LT\",\"@id\":\"https:\/\/shelly.lv\/lt\/#\/schema\/logo\/image\/\",\"url\":\"https:\/\/shelly.lv\/wp-content\/uploads\/2023\/07\/Asset-3.png\",\"contentUrl\":\"https:\/\/shelly.lv\/wp-content\/uploads\/2023\/07\/Asset-3.png\",\"width\":861,\"height\":240,\"caption\":\"Shelly.lv\"},\"image\":{\"@id\":\"https:\/\/shelly.lv\/lt\/#\/schema\/logo\/image\/\"}}]}<\/script>\n<!-- \/ Yoast SEO plugin. -->","yoast_head_json":{"title":"Shelly Gen3 Dimmer 0\/1-10V PM \u0161viesos intensyvuno valdiklis (Wifi, Bluetooth) - shelly.lv","robots":{"index":"index","follow":"follow","max-snippet":"max-snippet:-1","max-image-preview":"max-image-preview:large","max-video-preview":"max-video-preview:-1"},"canonical":"https:\/\/shelly.lv\/lt\/shop\/apsvietimas\/shelly-gen3-dimmer-0-1-10v-pm-sviesos-intensyvuno-valdiklis-wifi-bluetooth\/","og_locale":"lt_LT","og_type":"article","og_title":"Shelly Gen3 Dimmer 0\/1-10V PM \u0161viesos intensyvuno valdiklis (Wifi, Bluetooth) - shelly.lv","og_description":"[vc_row][vc_column][vc_column_text woodmart_inline=&#8221;no&#8221; text_larger=&#8221;no&#8221;][display-apps][\/vc_column_text][\/vc_column][\/vc_row][vc_row content_placement=&#8221;top&#8221; css=&#8221;.vc_custom_1619544704606{margin-bottom: 8vh !important;}&#8221; mobile_bg_img_hidden=&#8221;no&#8221; tablet_bg_img_hidden=&#8221;no&#8221; woodmart_parallax=&#8221;0&#8243; woodmart_gradient_switch=&#8221;no&#8221; row_reverse_mobile=&#8221;0&#8243; row_reverse_tablet=&#8221;0&#8243; woodmart_disable_overflow=&#8221;0&#8243;][vc_column][vc_row_inner content_placement=&#8221;top&#8221; css=&#8221;.vc_custom_1665234175678{margin-right: 0px !important;margin-left: 0px !important;padding-top:","og_url":"https:\/\/shelly.lv\/lt\/shop\/apsvietimas\/shelly-gen3-dimmer-0-1-10v-pm-sviesos-intensyvuno-valdiklis-wifi-bluetooth\/","og_site_name":"shelly.lv","article_modified_time":"2026-04-30T19:02:48+00:00","og_image":[{"width":700,"height":800,"url":"http:\/\/shelly.lv\/wp-content\/uploads\/2024\/09\/shelly-dimmer-01-10v-pm-gen3-dimming-module-wifi.jpg","type":"image\/jpeg"}],"twitter_card":"summary_large_image","twitter_misc":{"Est. reading time":"3 minut\u0117s"},"schema":{"@context":"https:\/\/schema.org","@graph":[{"@type":"WebPage","@id":"https:\/\/shelly.lv\/lt\/shop\/apsvietimas\/shelly-gen3-dimmer-0-1-10v-pm-sviesos-intensyvuno-valdiklis-wifi-bluetooth\/","url":"https:\/\/shelly.lv\/lt\/shop\/apsvietimas\/shelly-gen3-dimmer-0-1-10v-pm-sviesos-intensyvuno-valdiklis-wifi-bluetooth\/","name":"Shelly Gen3 Dimmer 0\/1-10V PM \u0161viesos intensyvuno valdiklis (Wifi, Bluetooth) - shelly.lv","isPartOf":{"@id":"https:\/\/shelly.lv\/lt\/#website"},"datePublished":"2024-06-06T13:31:59+00:00","dateModified":"2026-04-30T19:02:48+00:00","breadcrumb":{"@id":"https:\/\/shelly.lv\/lt\/shop\/apsvietimas\/shelly-gen3-dimmer-0-1-10v-pm-sviesos-intensyvuno-valdiklis-wifi-bluetooth\/#breadcrumb"},"inLanguage":"lt-LT","potentialAction":[{"@type":"ReadAction","target":["https:\/\/shelly.lv\/lt\/shop\/apsvietimas\/shelly-gen3-dimmer-0-1-10v-pm-sviesos-intensyvuno-valdiklis-wifi-bluetooth\/"]}]},{"@type":"BreadcrumbList","@id":"https:\/\/shelly.lv\/lt\/shop\/apsvietimas\/shelly-gen3-dimmer-0-1-10v-pm-sviesos-intensyvuno-valdiklis-wifi-bluetooth\/#breadcrumb","itemListElement":[{"@type":"ListItem","position":1,"name":"Home","item":"https:\/\/shelly.lv\/lt\/"},{"@type":"ListItem","position":2,"name":"Parduotuv\u0117","item":"https:\/\/shelly.lv\/lt\/shop\/"},{"@type":"ListItem","position":3,"name":"Shelly Gen3 Dimmer 0\/1-10V PM \u0161viesos intensyvuno valdiklis (Wifi, Bluetooth)"}]},{"@type":"WebSite","@id":"https:\/\/shelly.lv\/lt\/#website","url":"https:\/\/shelly.lv\/lt\/","name":"Shelly.lv","description":"Shelly Latvia","publisher":{"@id":"https:\/\/shelly.lv\/lt\/#organization"},"potentialAction":[{"@type":"SearchAction","target":{"@type":"EntryPoint","urlTemplate":"https:\/\/shelly.lv\/lt\/?s={search_term_string}"},"query-input":"required name=search_term_string"}],"inLanguage":"lt-LT"},{"@type":"Organization","@id":"https:\/\/shelly.lv\/lt\/#organization","name":"Shelly.lv","url":"https:\/\/shelly.lv\/lt\/","logo":{"@type":"ImageObject","inLanguage":"lt-LT","@id":"https:\/\/shelly.lv\/lt\/#\/schema\/logo\/image\/","url":"https:\/\/shelly.lv\/wp-content\/uploads\/2023\/07\/Asset-3.png","contentUrl":"https:\/\/shelly.lv\/wp-content\/uploads\/2023\/07\/Asset-3.png","width":861,"height":240,"caption":"Shelly.lv"},"image":{"@id":"https:\/\/shelly.lv\/lt\/#\/schema\/logo\/image\/"}}]}},"_links":{"self":[{"href":"https:\/\/shelly.lv\/lt\/wp-json\/wp\/v2\/product\/3846","targetHints":{"allow":["GET"]}}],"collection":[{"href":"https:\/\/shelly.lv\/lt\/wp-json\/wp\/v2\/product"}],"about":[{"href":"https:\/\/shelly.lv\/lt\/wp-json\/wp\/v2\/types\/product"}],"wp:featuredmedia":[{"embeddable":true,"href":"https:\/\/shelly.lv\/lt\/wp-json\/wp\/v2\/media\/3840"}],"wp:attachment":[{"href":"https:\/\/shelly.lv\/lt\/wp-json\/wp\/v2\/media?parent=3846"}],"wp:term":[{"taxonomy":"product_cat","embeddable":true,"href":"https:\/\/shelly.lv\/lt\/wp-json\/wp\/v2\/product_cat?post=3846"},{"taxonomy":"product_tag","embeddable":true,"href":"https:\/\/shelly.lv\/lt\/wp-json\/wp\/v2\/product_tag?post=3846"}],"curies":[{"name":"wp","href":"https:\/\/api.w.org\/{rel}","templated":true}]}}