{"id":3869,"date":"2024-06-06T15:20:04","date_gmt":"2024-06-06T12:20:04","guid":{"rendered":"https:\/\/shelly.lv\/veikals\/uncategorized\/shelly-1-gen3-1-kanalo-rele-16a-wifi-bluetooth\/"},"modified":"2026-04-03T20:25:09","modified_gmt":"2026-04-03T17:25:09","slug":"shelly-1-gen3-1-kanalo-rele-16a-wifi-bluetooth","status":"publish","type":"product","link":"https:\/\/shelly.lv\/lt\/shop\/ismaniosios-reles\/shelly-1-gen3-1-kanalo-rele-16a-wifi-bluetooth\/","title":{"rendered":"Shelly 1 Gen3 1 kanalo rel\u0117 16A (Wifi, Bluetooth)"},"content":{"rendered":"<section class=\"wpb-content-wrapper\"><p>[vc_row][vc_column][vc_column_text woodmart_inline=&#8221;no&#8221; text_larger=&#8221;no&#8221;][display-apps][\/vc_column_text][\/vc_column][\/vc_row][vc_row content_placement=&#8221;top&#8221; css=&#8221;.vc_custom_1619544704606{margin-bottom: 8vh !important;}&#8221; mobile_bg_img_hidden=&#8221;no&#8221; tablet_bg_img_hidden=&#8221;no&#8221; woodmart_parallax=&#8221;0&#8243; woodmart_gradient_switch=&#8221;no&#8221; row_reverse_mobile=&#8221;0&#8243; row_reverse_tablet=&#8221;0&#8243; woodmart_disable_overflow=&#8221;0&#8243;][vc_column][vc_row_inner content_placement=&#8221;top&#8221; css=&#8221;.vc_custom_1665234175678{margin-right: 0px !important;margin-left: 0px !important;padding-top: 2vh !important;padding-right: 2vh !important;padding-bottom: 2vh !important;padding-left: 2vh !important;background-color: #ffffff !important;}&#8221; row_reverse_mobile=&#8221;0&#8243; row_reverse_tablet=&#8221;0&#8243; woodmart_css_id=&#8221;634174f75117f&#8221; responsive_spacing=&#8221;eyJwYXJhbV90eXBlIjoid29vZG1hcnRfcmVzcG9uc2l2ZV9zcGFjaW5nIiwic2VsZWN0b3JfaWQiOiI2MzQxNzRmNzUxMTdmIiwic2hvcnRjb2RlIjoidmNfcm93X2lubmVyIiwiZGF0YSI6eyJ0YWJsZXQiOnt9LCJtb2JpbGUiOnsicGFkZGluZy1yaWdodCI6IjAiLCJwYWRkaW5nLWxlZnQiOiIwIn19fQ==&#8221; mobile_bg_img_hidden=&#8221;no&#8221; tablet_bg_img_hidden=&#8221;no&#8221; woodmart_parallax=&#8221;0&#8243; woodmart_gradient_switch=&#8221;no&#8221; woodmart_box_shadow=&#8221;no&#8221; wd_z_index=&#8221;no&#8221; woodmart_disable_overflow=&#8221;0&#8243;][vc_column_inner offset=&#8221;vc_col-lg-6 vc_col-md-6 vc_col-xs-12&#8243; woodmart_css_id=&#8221;634175733e66a&#8221; parallax_scroll=&#8221;no&#8221; woodmart_sticky_column=&#8221;false&#8221; wd_collapsible_content_switcher=&#8221;no&#8221; wd_column_role_offcanvas_desktop=&#8221;no&#8221; wd_column_role_offcanvas_tablet=&#8221;no&#8221; wd_column_role_offcanvas_mobile=&#8221;no&#8221; wd_column_role_content_desktop=&#8221;no&#8221; wd_column_role_content_tablet=&#8221;no&#8221; wd_column_role_content_mobile=&#8221;no&#8221; mobile_bg_img_hidden=&#8221;no&#8221; tablet_bg_img_hidden=&#8221;no&#8221; woodmart_parallax=&#8221;0&#8243; woodmart_box_shadow=&#8221;no&#8221; responsive_spacing=&#8221;eyJwYXJhbV90eXBlIjoid29vZG1hcnRfcmVzcG9uc2l2ZV9zcGFjaW5nIiwic2VsZWN0b3JfaWQiOiI2MzQxNzU3MzNlNjZhIiwic2hvcnRjb2RlIjoidmNfY29sdW1uX2lubmVyIiwiZGF0YSI6eyJ0YWJsZXQiOnt9LCJtb2JpbGUiOnsicGFkZGluZy1yaWdodCI6IjdweCIsInBhZGRpbmctbGVmdCI6IjdweCJ9fX0=&#8221; wd_z_index=&#8221;no&#8221; css=&#8221;.vc_custom_1665234300629{padding-top: 0px !important;}&#8221;]\n\t\t<div id=\"wd-649eb47757dc8\" class=\"title-wrapper wd-wpb set-mb-s reset-last-child  wd-rs-649eb47757dc8 wd-title-color-default wd-title-style-default text-center vc_custom_1688122489240 wd-underline-colored\">\n\t\t\t\n\t\t\t<div class=\"liner-continer\">\n\t\t\t\t<h4 class=\"woodmart-title-container title  wd-font-weight-600 wd-fontsize-l\" >Shelly Plus 1 Wifi relinis jungiklis 16A<\/h4>\n\t\t\t\t\t\t\t<\/div>\n\t\t\t\n\t\t\t\n\t\t\t\n\t\t<\/div>\n\t\t\n\t\t[vc_column_text css=&#8221;&#8221; woodmart_inline=&#8221;no&#8221; text_larger=&#8221;no&#8221;]\u201eShelly 1 Gen3\u201c yra i\u0161manusis jungiklis su &#8222;sausais kontaktais&#8221;. Nuotoliniu b\u016bdu valdykite plat\u0173 buitin\u0117s technikos ir biuro \u012frangos asortiment\u0105 i\u0161 bet kurios vietos. Sumontuokite standartines sienines elektros d\u0117\u017ees, maitinimo lizdus ir \u0161viesos jungiklius ar kitas vietas, kuriose yra ma\u017eai vietos.<\/p>\n<p>Sausi kontaktai (be potencialo) \u2013 kontaktoriaus valdymo galimyb\u0117<br \/>\nNaujas procesorius \u2013 ESP-Shelly-C38F lustas su padidinta 8 MB atmintimi<br \/>\nPagerintas gnybt\u0173 patvarumas<br \/>\nAuk\u0161tas saugumas<br \/>\n\u201eWi-Fi\u201c diapazono pl\u0117tiklis ir \u201eBluetooth\u201c \u0161liuzas<br \/>\nPalaiko scenarijus, \u017einiatinklio kabliukus, MQTT, WebSocket, HTTPS, UDP, TLS ir pasirinktinius sertifikatus<br \/>\nHUB nereikia! Lengvas valdymas naudojant Shelly Smart Control program\u0117l\u0119, \u012fvairius nam\u0173 automatikos protokolus, platformas, taip pat balso asistentus<\/p>\n<p>Valdykite savo gara\u017eo vartus nuotoliniu b\u016bdu \u2013 automatizuokite savo gara\u017eo vartus ir valdykite i\u0161 bet kurios pasaulio vietos! Shelly 1 Gen3, kurio darbin\u0117 \u012ftampa yra 12V DC ir 24-48V DC, idealiai tinka tvarkyti gara\u017eo vartus. Naudodami \u201eShelly Plus\u201c pried\u0105 ir \u201eReed\u201c jungikl\u012f taip pat galite su\u017einoti dabartin\u0119 b\u016bsen\u0105 (atidaryta \/ u\u017edaryta).<\/p>\n<p>Optimalus \u0161ildymas ir v\u0117sinimas \u2013 naudodami \u201eShelly 1 Gen3\u201c galite be vargo valdyti vo\u017etuvus ir \u0161ildymo\/au\u0161inimo kolektorius savo namuose, u\u017etikrindami tiksl\u0173 vandens srauto valdym\u0105, kad b\u016bt\u0173 galima optimaliai reguliuoti temperat\u016br\u0105 ir efektyviai naudoti energij\u0105. Naudodami j\u012f kartu su Shelly BLU H&amp;T kiekvienai sri\u010diai, galite sukurti tvarkara\u0161\u010dius ir scenas, kad atidarytum\u0117te kar\u0161to vandens paskirstymo vo\u017etuvus, kai temperat\u016bra nukrenta, ir perjungsite \u0161ildymo ir v\u0117sinimo re\u017eimus pagal esam\u0105 temperat\u016br\u0105. \u0160i s\u0105ranka palaiko komforti\u0161k\u0105 klimat\u0105 i\u0161tisus metus, suma\u017eina rankinio \u012fsiki\u0161imo poreik\u012f ir leid\u017eia nuotoliniu b\u016bdu reguliuoti.<\/p>\n<p>I\u0161manusis ap\u0161vietimas \u2013 automatizuokite savo ap\u0161vietim\u0105, kad \u012fsijungt\u0173 saul\u0117lyd\u017eio metu ir i\u0161jungt\u0173 prie\u0161 mieg\u0105, kad prireikus j\u016bs\u0173 namai visada b\u016bt\u0173 gerai ap\u0161viesti. Naudodamiesi \u201eShelly 1 Gen3\u201c planavimo galimyb\u0117mis galite sukurti pasirinktinius ap\u0161vietimo grafikus ir scenas, kad atitikt\u0173 j\u016bs\u0173 kasdienyb\u0119. Nesvarbu, ar esate namuose, ar i\u0161vyk\u0119, valdykite ap\u0161vietim\u0105 nuotoliniu b\u016bdu ir taupykite energij\u0105 u\u017etikrindami, kad \u0161viesos niekada neb\u016bt\u0173 be reikalo. Ir nesijaudinkite \u2013 \u0161viesos jungiklius vis tiek galima naudoti rankiniu b\u016bdu, kad atitikt\u0173 vis\u0173 j\u016bs\u0173 namuose esan\u010di\u0173 \u017emoni\u0173 poreikius.<\/p>\n<p>Gen3 serijos funkcijos<br \/>\nPakeliui \u012f matter \u2013 kiekvienas Gen3 \u012frenginys sukurtas taip, kad j\u012f b\u016bt\u0173 galima atnaujinti \u012f matter . Dviguba atmintis, palyginti su \u201ePlus\u201c serija, garantuoja skland\u0173 atnaujinimo proces\u0105, atverdama keli\u0105 naujoms i\u0161maniosioms galimyb\u0117ms ir integracijai. *Priklauso nuo \u201eMatter\u201c funkcij\u0173 palaikymo masto.<\/p>\n<p>Daugiau atminties, daugiau galios \u2013 Gen3 serija u\u017etikrina m\u016bs\u0173 \u012frengini\u0173 kokyb\u0119 ir patikimum\u0105, naudodama m\u016bs\u0173 pa\u010di\u0173 galing\u0105 Shelly lust\u0105. Tur\u0117damas 8 MB atminties, tai \u017eymiai pagerina \u012frenginio veikim\u0105 ir efektyvum\u0105. \u0160is reik\u0161mingas atminties padid\u0117jimas ne tik garantuoja sklandesn\u012f ir greitesn\u012f veikim\u0105, bet ir apr\u016bpina Gen3 serij\u0105 naujomis galimyb\u0117mis.<\/p>\n<p>Vieningas valdymas su virtualiais komponentais \u2013 \u201eGen3\u201c serijoje pristatomi \u201evirtual\u016bs komponentai, pakei\u010diantys tre\u010di\u0173j\u0173 \u0161ali\u0173 \u012frengini\u0173 valdym\u0105 ir valdym\u0105. \u201eShelly Smart Control\u201c program\u0117l\u0117je dabar galite kurti virtualius \u012frenginius, integruodami ne \u201eShelly\u201c gaminius \u012f viening\u0105 valdymo sistem\u0105. \u0160i funkcija suteikia supaprastint\u0105 vis\u0173 j\u016bs\u0173 i\u0161mani\u0173j\u0173 \u012frengini\u0173 valdym\u0105, neatsi\u017evelgiant \u012f prek\u0117s \u017eenkl\u0105, naudojant vien\u0105 s\u0105saj\u0105.<\/p>\n<p>Specifikacijos<br \/>\nDydis (AxPxG): 37x42x16 mm \/ 1,46&#215;1,65&#215;0,63 colio<br \/>\nSvoris: 26 g \/ 0,92 uncijos<br \/>\nVar\u017etini\u0173 gnybt\u0173 maksimalus sukimo momentas: 0,4 Nm \/ 3,5 lbin<br \/>\nLaidininko skerspj\u016bvis: nuo 0,2 iki 2,5 mm\u00b2 \/ 24\u201314 AWG (tvirtos, susuktos ir suri\u0161amos \u012fvor\u0117s)<br \/>\nLaidininko ilgis nuimtas: 6\u20137 mm \/ 0,24\u20130,28 colio<br \/>\nMontavimas: sienin\u0117 konsol\u0117 \/ sienin\u0117 d\u0117\u017eut\u0117<br \/>\nKorpuso med\u017eiaga: plastikas<br \/>\nKorpuso spalva: m\u0117lyna<br \/>\nAplinkos darbo temperat\u016bra: -20\u00b0C iki 40\u00b0C \/ -5\u00b0F iki 105\u00b0F<br \/>\nDr\u0117gm\u0117: nuo 30% iki 70% santykinis dr\u0117gnis<br \/>\nMaks. auk\u0161tis: 2000 m \/ 6562 p\u0117dos<br \/>\nMaitinimas: 110-240 V ~ 24-48 V\u239312 V\u2393<br \/>\nEnergijos s\u0105naudos: &lt; 1,2 W<br \/>\nMaks. perjungimo \u012ftampa: 240 V~30 V\u2393<br \/>\nMaks. perjungimo srov\u0117: 16 A (240 V~) 10 A (30 V\u2393)<br \/>\nVidaus temperat\u016bros jutiklis: Taip<br \/>\n\u201eWi-Fi\u201c protokolas: 802.11 b\/g\/n<br \/>\nRF juosta: 2401-2483 \u041cHz<br \/>\nMaks. RF galia: &lt; 20 dBm<br \/>\nDiapazonas: iki 50 m \/ 165 p\u0117d\u0173 lauke, iki 30 m \/ 99 p\u0117d\u0173 viduje (priklausomai nuo vietini\u0173 s\u0105lyg\u0173)<br \/>\nProtokolas: 4.2<br \/>\nRF juosta: 2400 &#8211; 2483,5 MHz<br \/>\nMaks. RF galia: &lt;4 dBm<br \/>\nDiapazonas: iki 30 m \/ 100 p\u0117d\u0173 lauke, iki 10 m \/ 33 p\u0117d\u0173 viduje (priklausomai nuo vietos s\u0105lyg\u0173)<br \/>\nMikrovaldiklio blokas CPU: ESP-Shelly-C38F, Flash: 8 MB<br \/>\nTvarkara\u0161\u010diai: 20<br \/>\nWebhooks (URL veiksmai): 20 su 5 URL kiekviename kabliuke<br \/>\n\u201eWi-Fi\u201c diapazono pl\u0117tiklis: Taip<br \/>\nBLE vartai Taip<br \/>\nScenarijus: Taip<br \/>\nMQTT: Taip<br \/>\n\u0160ifravimas: Taip[\/vc_column_text]\t\t<div id=\"gallery_917\" class=\"wd-images-gallery wd-rs-6661ab0723d19 wd-justify-center wd-items-middle view-grid photoswipe-images\" >\n\t\t\t<div class=\"gallery-images row wd-spacing-0\">\n\t\t\t\t\t\t\t\t\t\t\t\t\t\t\t\t<\/div>\n\t\t<\/div>\n\t\t\t\t[vc_video link=&#8221;&#8221; el_width=&#8221;80&#8243; align=&#8221;center&#8221; css=&#8221;.vc_custom_1717676823638{padding-bottom: 15px !important;}&#8221; image_poster_switch=&#8221;no&#8221; woodmart_css_id=&#8221;6661ab12a35dc&#8221;][\/vc_column_inner][vc_column_inner css=&#8221;.vc_custom_1665234239863{padding-top: 50px !important;padding-right: 10% !important;padding-bottom: 2vh !important;padding-left: 10% !important;background-color: #f3f3f3 !important;}&#8221; offset=&#8221;vc_col-lg-6 vc_col-md-6 vc_col-xs-12&#8243; woodmart_css_id=&#8221;6341752ee3720&#8243; parallax_scroll=&#8221;no&#8221; woodmart_sticky_column=&#8221;false&#8221; wd_collapsible_content_switcher=&#8221;no&#8221; wd_column_role_offcanvas_desktop=&#8221;no&#8221; wd_column_role_offcanvas_tablet=&#8221;no&#8221; wd_column_role_offcanvas_mobile=&#8221;no&#8221; wd_column_role_content_desktop=&#8221;no&#8221; wd_column_role_content_tablet=&#8221;no&#8221; wd_column_role_content_mobile=&#8221;no&#8221; mobile_bg_img_hidden=&#8221;no&#8221; tablet_bg_img_hidden=&#8221;no&#8221; woodmart_parallax=&#8221;0&#8243; woodmart_box_shadow=&#8221;no&#8221; responsive_spacing=&#8221;eyJwYXJhbV90eXBlIjoid29vZG1hcnRfcmVzcG9uc2l2ZV9zcGFjaW5nIiwic2VsZWN0b3JfaWQiOiI2MzQxNzUyZWUzNzIwIiwic2hvcnRjb2RlIjoidmNfY29sdW1uX2lubmVyIiwiZGF0YSI6eyJ0YWJsZXQiOnt9LCJtb2JpbGUiOnsicGFkZGluZy1yaWdodCI6IjdweCIsInBhZGRpbmctbGVmdCI6IjdweCJ9fX0=&#8221; wd_z_index=&#8221;no&#8221;][\/vc_column_inner][\/vc_row_inner][\/vc_column][\/vc_row]<\/p>\n<\/section>","protected":false},"excerpt":{"rendered":"<p>[vc_row][vc_column][vc_column_text woodmart_inline=&#8221;no&#8221; text_larger=&#8221;no&#8221;][display-apps][\/vc_column_text][\/vc_column][\/vc_row][vc_row content_placement=&#8221;top&#8221; css=&#8221;.vc_custom_1619544704606{margin-bottom: 8vh !important;}&#8221; mobile_bg_img_hidden=&#8221;no&#8221; tablet_bg_img_hidden=&#8221;no&#8221; woodmart_parallax=&#8221;0&#8243; woodmart_gradient_switch=&#8221;no&#8221; row_reverse_mobile=&#8221;0&#8243; row_reverse_tablet=&#8221;0&#8243; woodmart_disable_overflow=&#8221;0&#8243;][vc_column][vc_row_inner content_placement=&#8221;top&#8221; css=&#8221;.vc_custom_1665234175678{margin-right: 0px !important;margin-left: 0px !important;padding-top:<\/p>\n","protected":false},"featured_media":3863,"template":"","meta":[],"product_cat":[689,297],"product_tag":[41],"class_list":{"0":"post-3869","1":"product","2":"type-product","3":"status-publish","4":"has-post-thumbnail","6":"product_cat-gen3","7":"product_cat-ismaniosios-reles","8":"product_tag-shelly","9":"product_shipping_class-pastomatai","11":"first","12":"instock","13":"sale","14":"taxable","15":"shipping-taxable","16":"purchasable","17":"product-type-simple"},"yoast_head":"<!-- This site is optimized with the Yoast SEO plugin v20.12 - https:\/\/yoast.com\/wordpress\/plugins\/seo\/ -->\n<title>Shelly 1 Gen3 1 kanalo rel\u0117 16A (Wifi, Bluetooth) - shelly.lv<\/title>\n<meta name=\"robots\" content=\"index, follow, max-snippet:-1, max-image-preview:large, max-video-preview:-1\" \/>\n<link rel=\"canonical\" href=\"https:\/\/shelly.lv\/lt\/shop\/ismaniosios-reles\/shelly-1-gen3-1-kanalo-rele-16a-wifi-bluetooth\/\" \/>\n<meta property=\"og:locale\" content=\"lt_LT\" \/>\n<meta property=\"og:type\" content=\"article\" \/>\n<meta property=\"og:title\" content=\"Shelly 1 Gen3 1 kanalo rel\u0117 16A (Wifi, Bluetooth) - shelly.lv\" \/>\n<meta property=\"og:description\" content=\"[vc_row][vc_column][vc_column_text woodmart_inline=&#8221;no&#8221; text_larger=&#8221;no&#8221;][display-apps][\/vc_column_text][\/vc_column][\/vc_row][vc_row content_placement=&#8221;top&#8221; css=&#8221;.vc_custom_1619544704606{margin-bottom: 8vh !important;}&#8221; mobile_bg_img_hidden=&#8221;no&#8221; tablet_bg_img_hidden=&#8221;no&#8221; woodmart_parallax=&#8221;0&#8243; woodmart_gradient_switch=&#8221;no&#8221; row_reverse_mobile=&#8221;0&#8243; row_reverse_tablet=&#8221;0&#8243; woodmart_disable_overflow=&#8221;0&#8243;][vc_column][vc_row_inner content_placement=&#8221;top&#8221; css=&#8221;.vc_custom_1665234175678{margin-right: 0px !important;margin-left: 0px !important;padding-top:\" \/>\n<meta property=\"og:url\" content=\"https:\/\/shelly.lv\/lt\/shop\/ismaniosios-reles\/shelly-1-gen3-1-kanalo-rele-16a-wifi-bluetooth\/\" \/>\n<meta property=\"og:site_name\" content=\"shelly.lv\" \/>\n<meta property=\"article:modified_time\" content=\"2026-04-03T17:25:09+00:00\" \/>\n<meta property=\"og:image\" content=\"http:\/\/shelly.lv\/wp-content\/uploads\/2024\/09\/shelly-1-gen3-relay-switch-1x-16a-wifi-bluetooth.jpg\" \/>\n\t<meta property=\"og:image:width\" content=\"700\" \/>\n\t<meta property=\"og:image:height\" content=\"800\" \/>\n\t<meta property=\"og:image:type\" content=\"image\/jpeg\" \/>\n<meta name=\"twitter:card\" content=\"summary_large_image\" \/>\n<meta name=\"twitter:label1\" content=\"Est. reading time\" \/>\n\t<meta name=\"twitter:data1\" content=\"5 minut\u0117s\" \/>\n<script type=\"application\/ld+json\" class=\"yoast-schema-graph\">{\"@context\":\"https:\/\/schema.org\",\"@graph\":[{\"@type\":\"WebPage\",\"@id\":\"https:\/\/shelly.lv\/lt\/shop\/ismaniosios-reles\/shelly-1-gen3-1-kanalo-rele-16a-wifi-bluetooth\/\",\"url\":\"https:\/\/shelly.lv\/lt\/shop\/ismaniosios-reles\/shelly-1-gen3-1-kanalo-rele-16a-wifi-bluetooth\/\",\"name\":\"Shelly 1 Gen3 1 kanalo rel\u0117 16A (Wifi, Bluetooth) - shelly.lv\",\"isPartOf\":{\"@id\":\"https:\/\/shelly.lv\/lt\/#website\"},\"datePublished\":\"2024-06-06T12:20:04+00:00\",\"dateModified\":\"2026-04-03T17:25:09+00:00\",\"breadcrumb\":{\"@id\":\"https:\/\/shelly.lv\/lt\/shop\/ismaniosios-reles\/shelly-1-gen3-1-kanalo-rele-16a-wifi-bluetooth\/#breadcrumb\"},\"inLanguage\":\"lt-LT\",\"potentialAction\":[{\"@type\":\"ReadAction\",\"target\":[\"https:\/\/shelly.lv\/lt\/shop\/ismaniosios-reles\/shelly-1-gen3-1-kanalo-rele-16a-wifi-bluetooth\/\"]}]},{\"@type\":\"BreadcrumbList\",\"@id\":\"https:\/\/shelly.lv\/lt\/shop\/ismaniosios-reles\/shelly-1-gen3-1-kanalo-rele-16a-wifi-bluetooth\/#breadcrumb\",\"itemListElement\":[{\"@type\":\"ListItem\",\"position\":1,\"name\":\"Home\",\"item\":\"https:\/\/shelly.lv\/lt\/\"},{\"@type\":\"ListItem\",\"position\":2,\"name\":\"Parduotuv\u0117\",\"item\":\"https:\/\/shelly.lv\/lt\/shop\/\"},{\"@type\":\"ListItem\",\"position\":3,\"name\":\"Shelly 1 Gen3 1 kanalo rel\u0117 16A (Wifi, Bluetooth)\"}]},{\"@type\":\"WebSite\",\"@id\":\"https:\/\/shelly.lv\/lt\/#website\",\"url\":\"https:\/\/shelly.lv\/lt\/\",\"name\":\"Shelly.lv\",\"description\":\"Shelly Latvia\",\"publisher\":{\"@id\":\"https:\/\/shelly.lv\/lt\/#organization\"},\"potentialAction\":[{\"@type\":\"SearchAction\",\"target\":{\"@type\":\"EntryPoint\",\"urlTemplate\":\"https:\/\/shelly.lv\/lt\/?s={search_term_string}\"},\"query-input\":\"required name=search_term_string\"}],\"inLanguage\":\"lt-LT\"},{\"@type\":\"Organization\",\"@id\":\"https:\/\/shelly.lv\/lt\/#organization\",\"name\":\"Shelly.lv\",\"url\":\"https:\/\/shelly.lv\/lt\/\",\"logo\":{\"@type\":\"ImageObject\",\"inLanguage\":\"lt-LT\",\"@id\":\"https:\/\/shelly.lv\/lt\/#\/schema\/logo\/image\/\",\"url\":\"https:\/\/shelly.lv\/wp-content\/uploads\/2023\/07\/Asset-3.png\",\"contentUrl\":\"https:\/\/shelly.lv\/wp-content\/uploads\/2023\/07\/Asset-3.png\",\"width\":861,\"height\":240,\"caption\":\"Shelly.lv\"},\"image\":{\"@id\":\"https:\/\/shelly.lv\/lt\/#\/schema\/logo\/image\/\"}}]}<\/script>\n<!-- \/ Yoast SEO plugin. -->","yoast_head_json":{"title":"Shelly 1 Gen3 1 kanalo rel\u0117 16A (Wifi, Bluetooth) - shelly.lv","robots":{"index":"index","follow":"follow","max-snippet":"max-snippet:-1","max-image-preview":"max-image-preview:large","max-video-preview":"max-video-preview:-1"},"canonical":"https:\/\/shelly.lv\/lt\/shop\/ismaniosios-reles\/shelly-1-gen3-1-kanalo-rele-16a-wifi-bluetooth\/","og_locale":"lt_LT","og_type":"article","og_title":"Shelly 1 Gen3 1 kanalo rel\u0117 16A (Wifi, Bluetooth) - shelly.lv","og_description":"[vc_row][vc_column][vc_column_text woodmart_inline=&#8221;no&#8221; text_larger=&#8221;no&#8221;][display-apps][\/vc_column_text][\/vc_column][\/vc_row][vc_row content_placement=&#8221;top&#8221; css=&#8221;.vc_custom_1619544704606{margin-bottom: 8vh !important;}&#8221; mobile_bg_img_hidden=&#8221;no&#8221; tablet_bg_img_hidden=&#8221;no&#8221; woodmart_parallax=&#8221;0&#8243; woodmart_gradient_switch=&#8221;no&#8221; row_reverse_mobile=&#8221;0&#8243; row_reverse_tablet=&#8221;0&#8243; woodmart_disable_overflow=&#8221;0&#8243;][vc_column][vc_row_inner content_placement=&#8221;top&#8221; css=&#8221;.vc_custom_1665234175678{margin-right: 0px !important;margin-left: 0px !important;padding-top:","og_url":"https:\/\/shelly.lv\/lt\/shop\/ismaniosios-reles\/shelly-1-gen3-1-kanalo-rele-16a-wifi-bluetooth\/","og_site_name":"shelly.lv","article_modified_time":"2026-04-03T17:25:09+00:00","og_image":[{"width":700,"height":800,"url":"http:\/\/shelly.lv\/wp-content\/uploads\/2024\/09\/shelly-1-gen3-relay-switch-1x-16a-wifi-bluetooth.jpg","type":"image\/jpeg"}],"twitter_card":"summary_large_image","twitter_misc":{"Est. reading time":"5 minut\u0117s"},"schema":{"@context":"https:\/\/schema.org","@graph":[{"@type":"WebPage","@id":"https:\/\/shelly.lv\/lt\/shop\/ismaniosios-reles\/shelly-1-gen3-1-kanalo-rele-16a-wifi-bluetooth\/","url":"https:\/\/shelly.lv\/lt\/shop\/ismaniosios-reles\/shelly-1-gen3-1-kanalo-rele-16a-wifi-bluetooth\/","name":"Shelly 1 Gen3 1 kanalo rel\u0117 16A (Wifi, Bluetooth) - shelly.lv","isPartOf":{"@id":"https:\/\/shelly.lv\/lt\/#website"},"datePublished":"2024-06-06T12:20:04+00:00","dateModified":"2026-04-03T17:25:09+00:00","breadcrumb":{"@id":"https:\/\/shelly.lv\/lt\/shop\/ismaniosios-reles\/shelly-1-gen3-1-kanalo-rele-16a-wifi-bluetooth\/#breadcrumb"},"inLanguage":"lt-LT","potentialAction":[{"@type":"ReadAction","target":["https:\/\/shelly.lv\/lt\/shop\/ismaniosios-reles\/shelly-1-gen3-1-kanalo-rele-16a-wifi-bluetooth\/"]}]},{"@type":"BreadcrumbList","@id":"https:\/\/shelly.lv\/lt\/shop\/ismaniosios-reles\/shelly-1-gen3-1-kanalo-rele-16a-wifi-bluetooth\/#breadcrumb","itemListElement":[{"@type":"ListItem","position":1,"name":"Home","item":"https:\/\/shelly.lv\/lt\/"},{"@type":"ListItem","position":2,"name":"Parduotuv\u0117","item":"https:\/\/shelly.lv\/lt\/shop\/"},{"@type":"ListItem","position":3,"name":"Shelly 1 Gen3 1 kanalo rel\u0117 16A (Wifi, Bluetooth)"}]},{"@type":"WebSite","@id":"https:\/\/shelly.lv\/lt\/#website","url":"https:\/\/shelly.lv\/lt\/","name":"Shelly.lv","description":"Shelly Latvia","publisher":{"@id":"https:\/\/shelly.lv\/lt\/#organization"},"potentialAction":[{"@type":"SearchAction","target":{"@type":"EntryPoint","urlTemplate":"https:\/\/shelly.lv\/lt\/?s={search_term_string}"},"query-input":"required name=search_term_string"}],"inLanguage":"lt-LT"},{"@type":"Organization","@id":"https:\/\/shelly.lv\/lt\/#organization","name":"Shelly.lv","url":"https:\/\/shelly.lv\/lt\/","logo":{"@type":"ImageObject","inLanguage":"lt-LT","@id":"https:\/\/shelly.lv\/lt\/#\/schema\/logo\/image\/","url":"https:\/\/shelly.lv\/wp-content\/uploads\/2023\/07\/Asset-3.png","contentUrl":"https:\/\/shelly.lv\/wp-content\/uploads\/2023\/07\/Asset-3.png","width":861,"height":240,"caption":"Shelly.lv"},"image":{"@id":"https:\/\/shelly.lv\/lt\/#\/schema\/logo\/image\/"}}]}},"_links":{"self":[{"href":"https:\/\/shelly.lv\/lt\/wp-json\/wp\/v2\/product\/3869","targetHints":{"allow":["GET"]}}],"collection":[{"href":"https:\/\/shelly.lv\/lt\/wp-json\/wp\/v2\/product"}],"about":[{"href":"https:\/\/shelly.lv\/lt\/wp-json\/wp\/v2\/types\/product"}],"wp:featuredmedia":[{"embeddable":true,"href":"https:\/\/shelly.lv\/lt\/wp-json\/wp\/v2\/media\/3863"}],"wp:attachment":[{"href":"https:\/\/shelly.lv\/lt\/wp-json\/wp\/v2\/media?parent=3869"}],"wp:term":[{"taxonomy":"product_cat","embeddable":true,"href":"https:\/\/shelly.lv\/lt\/wp-json\/wp\/v2\/product_cat?post=3869"},{"taxonomy":"product_tag","embeddable":true,"href":"https:\/\/shelly.lv\/lt\/wp-json\/wp\/v2\/product_tag?post=3869"}],"curies":[{"name":"wp","href":"https:\/\/api.w.org\/{rel}","templated":true}]}}