{"id":3886,"date":"2024-05-22T15:17:14","date_gmt":"2024-05-22T12:17:14","guid":{"rendered":"https:\/\/shelly.lv\/veikals\/uncategorized\/shelly-blu-button-tough-1-bluetooth-belaidis-pultelis-moka\/"},"modified":"2026-01-25T20:36:42","modified_gmt":"2026-01-25T18:36:42","slug":"shelly-blu-button-tough-1-bluetooth-belaidis-pultelis-moka","status":"publish","type":"product","link":"https:\/\/shelly.lv\/lt\/shop\/jungikliai\/shelly-blu-button-tough-1-bluetooth-belaidis-pultelis-moka\/","title":{"rendered":"Shelly BLU Button Tough 1 Bluetooth belaidis pultelis Moka"},"content":{"rendered":"<section class=\"wpb-content-wrapper\"><p>[vc_row][vc_column][vc_column_text woodmart_inline=&#8221;no&#8221; text_larger=&#8221;no&#8221;][display-apps][\/vc_column_text][\/vc_column][\/vc_row][vc_row content_placement=&#8221;top&#8221; css=&#8221;.vc_custom_1619544704606{margin-bottom: 8vh !important;}&#8221; mobile_bg_img_hidden=&#8221;no&#8221; tablet_bg_img_hidden=&#8221;no&#8221; woodmart_parallax=&#8221;0&#8243; woodmart_gradient_switch=&#8221;no&#8221; row_reverse_mobile=&#8221;0&#8243; row_reverse_tablet=&#8221;0&#8243; woodmart_disable_overflow=&#8221;0&#8243;][vc_column][vc_row_inner content_placement=&#8221;top&#8221; css=&#8221;.vc_custom_1665234175678{margin-right: 0px !important;margin-left: 0px !important;padding-top: 2vh !important;padding-right: 2vh !important;padding-bottom: 2vh !important;padding-left: 2vh !important;background-color: #ffffff !important;}&#8221; row_reverse_mobile=&#8221;0&#8243; row_reverse_tablet=&#8221;0&#8243; woodmart_css_id=&#8221;634174f75117f&#8221; responsive_spacing=&#8221;eyJwYXJhbV90eXBlIjoid29vZG1hcnRfcmVzcG9uc2l2ZV9zcGFjaW5nIiwic2VsZWN0b3JfaWQiOiI2MzQxNzRmNzUxMTdmIiwic2hvcnRjb2RlIjoidmNfcm93X2lubmVyIiwiZGF0YSI6eyJ0YWJsZXQiOnt9LCJtb2JpbGUiOnsicGFkZGluZy1yaWdodCI6IjAiLCJwYWRkaW5nLWxlZnQiOiIwIn19fQ==&#8221; mobile_bg_img_hidden=&#8221;no&#8221; tablet_bg_img_hidden=&#8221;no&#8221; woodmart_parallax=&#8221;0&#8243; woodmart_gradient_switch=&#8221;no&#8221; woodmart_box_shadow=&#8221;no&#8221; wd_z_index=&#8221;no&#8221; woodmart_disable_overflow=&#8221;0&#8243;][vc_column_inner offset=&#8221;vc_col-lg-6 vc_col-md-6 vc_col-xs-12&#8243; woodmart_css_id=&#8221;634175733e66a&#8221; parallax_scroll=&#8221;no&#8221; woodmart_sticky_column=&#8221;false&#8221; wd_collapsible_content_switcher=&#8221;no&#8221; wd_column_role_offcanvas_desktop=&#8221;no&#8221; wd_column_role_offcanvas_tablet=&#8221;no&#8221; wd_column_role_offcanvas_mobile=&#8221;no&#8221; wd_column_role_content_desktop=&#8221;no&#8221; wd_column_role_content_tablet=&#8221;no&#8221; wd_column_role_content_mobile=&#8221;no&#8221; mobile_bg_img_hidden=&#8221;no&#8221; tablet_bg_img_hidden=&#8221;no&#8221; woodmart_parallax=&#8221;0&#8243; woodmart_box_shadow=&#8221;no&#8221; responsive_spacing=&#8221;eyJwYXJhbV90eXBlIjoid29vZG1hcnRfcmVzcG9uc2l2ZV9zcGFjaW5nIiwic2VsZWN0b3JfaWQiOiI2MzQxNzU3MzNlNjZhIiwic2hvcnRjb2RlIjoidmNfY29sdW1uX2lubmVyIiwiZGF0YSI6eyJ0YWJsZXQiOnt9LCJtb2JpbGUiOnsicGFkZGluZy1yaWdodCI6IjdweCIsInBhZGRpbmctbGVmdCI6IjdweCJ9fX0=&#8221; wd_z_index=&#8221;no&#8221; css=&#8221;.vc_custom_1665234300629{padding-top: 0px !important;}&#8221;]\n\t\t<div id=\"wd-664ddd0fd2d7a\" class=\"title-wrapper wd-wpb set-mb-s reset-last-child  wd-rs-664ddd0fd2d7a wd-title-color-default wd-title-style-default text-center vc_custom_1716378900345 wd-underline-colored\">\n\t\t\t\n\t\t\t<div class=\"liner-continer\">\n\t\t\t\t<h4 class=\"woodmart-title-container title  wd-font-weight-600 wd-fontsize-l\" >Shelly BLU Button Tough 1<\/h4>\n\t\t\t\t\t\t\t<\/div>\n\t\t\t\n\t\t\t\n\t\t\t\n\t\t<\/div>\n\t\t\n\t\t[vc_column_text css=&#8221;&#8221; woodmart_inline=&#8221;no&#8221; text_larger=&#8221;no&#8221;]Shelly BLU Button Tough1 yra patvarus veiksmo ir scen\u0173 aktyvinimo mygtukas. M\u0117gaukit\u0117s nuotolinio valdymo pultu nepasitik\u0117dami savo mobiliuoju telefonu. Naudodami intuityvius paspaudim\u0173 derinius galite lengvai atlikti iki 4 i\u0161 anksto nustatyt\u0173 veiksm\u0173 ar scen\u0173, supaprastindami i\u0161mani\u0173j\u0173 nam\u0173 valdym\u0105.<\/p>\n<ul>\n<li>Galimyb\u0117 \u012fjungti \/ i\u0161jungti prietaisus, pritemdyti ir suaktyvinti scenas<\/li>\n<li>Atsparus sm\u016bgiams, purslams ir dulk\u0117ms \u2013 IP54<\/li>\n<li>Scenarij\u0173 k\u016brimo funkcija begaliniams veiksmams pagal viet\u0105<\/li>\n<li>Visi\u0161kas suderinamumas su \u201eHome Assistant\u201c ir bet kokiu kitu \u012frenginiu, kuris palaiko BTHome protokol\u0105<\/li>\n<li>Naudojama BLE technologija<\/li>\n<li>Garso \u012fsp\u0117jimai ir \u201eHush\u201c re\u017eimas, kad neb\u016bt\u0173 joki\u0173 gars\u0173<\/li>\n<li>Funkcija \u201eSurask mane\u201c, suaktyvinta \u0161vyturio re\u017eimu<\/li>\n<li>Atstumas 10m viduje ir 30m lauke<\/li>\n<li>Veikia su Plus ir Pro Shelly \u012frenginiais.<\/li>\n<\/ul>\n<p><strong>J\u016bs\u0173 i\u0161manieji namai vienu paspaudimu<\/strong><\/p>\n<p>Akimirksniu valdykite savo i\u0161maniuosius \u012frenginius vienu paspaudimu. \u0160is \u201eBluetooth\u201c valdomas mygtukas, sukurtas taip, kad b\u016bt\u0173 visi\u0161kai integruotas \u012f bet kokius nustatymus, leid\u017eia akimirksniu valdyti ap\u0161vietim\u0105, prietaisus ir scenas, nenaudojant mobiliojo telefono. Jis yra atsparus dulk\u0117ms, purslams ir sm\u016bgiams, tod\u0117l u\u017etikrina patikimum\u0105 tiek viduje, tiek lauke.<\/p>\n<p><strong>Eleganti\u0161kas ir ne\u0161iojamas<\/strong><\/p>\n<p>Nesvarbu, kuri\u0105 spalv\u0105 pasirinksite, \u201eShelly BLU Button Tough1\u201c sukurtas taip, kad b\u016bt\u0173 integruotas su j\u016bs\u0173 asmeniniu stiliumi ir skland\u017eiai \u012ftraukt\u0173 paprast\u0105 i\u0161man\u0173j\u012f valdym\u0105 \u012f j\u016bs\u0173 kasdien\u012f gyvenim\u0105. Dr\u0105siai ne\u0161iokit\u0117s j\u012f ki\u0161en\u0117je, \u017einodami, kad jis ne tik papildo j\u016bs\u0173 aprang\u0105, bet ir suteikia patogi\u0105 bei diskreti\u0161k\u0105 prieig\u0105 prie i\u0161mani\u0173j\u0173 nam\u0173 valdikli\u0173.<\/p>\n<p><strong>Neprilygstamas patvarumas<\/strong><\/p>\n<p>Sukurtas aktyviems ir m\u0117gstantiems nuotykius, Shelly BLU Button Tough1 atitinka auk\u0161tus patvarumo standartus. Jis sukurtas taip, kad b\u016bt\u0173 atsparus sm\u016bgiams, purslams ir dulk\u0117ms, tod\u0117l yra patikimas bet kokioje aplinkoje. Jo tvirta i\u0161or\u0117 beveik nesulau\u017eoma, tod\u0117l net ir pa\u010diomis at\u0161iauriausiomis s\u0105lygomis i\u0161liksite prisijung\u0119 prie i\u0161mani\u0173j\u0173 nam\u0173.<\/p>\n<p><strong>Funkcionalumas<\/strong><\/p>\n<ul>\n<li>Palaikomas \u201eBluetooth\u201c \u2013 greitesnis atsakas, ilgesnis akumuliatoriaus veikimo laikas ir paprastas \u012ftraukimas<\/li>\n<li>Keli\u0173 paspaudim\u0173 veiksmo aktyviklis \u2013 atlikite iki 4 i\u0161 anksto nustatyt\u0173 veiksm\u0173 arba scen\u0173 naudodami paprastus paspaudim\u0173 derinius<\/li>\n<li>Labai atsparus \u2013 atsparus sm\u016bgiams, vandeniui ir dulk\u0117ms, tod\u0117l puikiai tinka naudoti lauke<\/li>\n<li>Greitas atsako laikas \u2013 atsako laikas trumpesnis nei 1 sekund\u0117<\/li>\n<li>Platus asortimentas \u2013 \u201eShelly BLU Button Tough1\u201c veikia 10 m atstumu viduje ir 30 m lauke<\/li>\n<li>Scenos aktyvinimas \u2013 nustatykite pasirinktines scenas derindami \u201eShelly BLU Button Tough1\u201c su kitais \u201eShelly\u201c \u012frenginiais<\/li>\n<li>Bluetooth protokolas: 4.2<\/li>\n<li>\u0160ifravimas: AES (CCM re\u017eimas)<\/li>\n<\/ul>\n<p>[\/vc_column_text]\t\t<div id=\"gallery_166\" class=\"wd-images-gallery wd-rs-664de4b436c6b wd-justify-center wd-items-middle view-grid photoswipe-images\" >\n\t\t\t<div class=\"gallery-images row wd-spacing-0\">\n\t\t\t\t\t\t\t\t\t\t\t\t\t\t\t<div class=\"wd-gallery-item col-lg-12 col-md-12 col-sm-12 col-12\">\n\t\t\t\t\t\t\t\t\t\t\t\t\t\t<a href=\"\" data-elementor-open-lightbox=\"no\" data-index=\"1\" data-width=\"\" data-height=\"\"  >\n\t\t\t\t\t\t\t\t\n\t\t\t\t\t\t\t\t\n\t\t\t\t\t\t\t\t\t\t\t\t\t\t\t<\/a>\n\t\t\t\t\t\t\t\t\t\t\t\t<\/div>\n\t\t\t\t\t\t\t\t\t\t\t<div class=\"wd-gallery-item col-lg-12 col-md-12 col-sm-12 col-12\">\n\t\t\t\t\t\t\t\t\t\t\t\t\t\t<a href=\"\" data-elementor-open-lightbox=\"no\" data-index=\"2\" data-width=\"\" data-height=\"\"  >\n\t\t\t\t\t\t\t\t\n\t\t\t\t\t\t\t\t\n\t\t\t\t\t\t\t\t\t\t\t\t\t\t\t<\/a>\n\t\t\t\t\t\t\t\t\t\t\t\t<\/div>\n\t\t\t\t\t\t\t\t\t\t\t<div class=\"wd-gallery-item col-lg-12 col-md-12 col-sm-12 col-12\">\n\t\t\t\t\t\t\t\t\t\t\t\t\t\t<a href=\"\" data-elementor-open-lightbox=\"no\" data-index=\"3\" data-width=\"\" data-height=\"\"  >\n\t\t\t\t\t\t\t\t\n\t\t\t\t\t\t\t\t\n\t\t\t\t\t\t\t\t\t\t\t\t\t\t\t<\/a>\n\t\t\t\t\t\t\t\t\t\t\t\t<\/div>\n\t\t\t\t\t\t\t\t\t\t\t\t<\/div>\n\t\t<\/div>\n\t\t\t\t[vc_video link=&#8221;https:\/\/www.youtube.com\/watch?v=sCjdxaIqU5I&#8221; el_width=&#8221;80&#8243; align=&#8221;center&#8221; css=&#8221;&#8221; image_poster_switch=&#8221;no&#8221; woodmart_css_id=&#8221;664ddd8564fde&#8221;][\/vc_column_inner][vc_column_inner css=&#8221;.vc_custom_1665234239863{padding-top: 50px !important;padding-right: 10% !important;padding-bottom: 2vh !important;padding-left: 10% !important;background-color: #f3f3f3 !important;}&#8221; offset=&#8221;vc_col-lg-6 vc_col-md-6 vc_col-xs-12&#8243; woodmart_css_id=&#8221;6341752ee3720&#8243; parallax_scroll=&#8221;no&#8221; woodmart_sticky_column=&#8221;false&#8221; wd_collapsible_content_switcher=&#8221;no&#8221; wd_column_role_offcanvas_desktop=&#8221;no&#8221; wd_column_role_offcanvas_tablet=&#8221;no&#8221; wd_column_role_offcanvas_mobile=&#8221;no&#8221; wd_column_role_content_desktop=&#8221;no&#8221; wd_column_role_content_tablet=&#8221;no&#8221; wd_column_role_content_mobile=&#8221;no&#8221; mobile_bg_img_hidden=&#8221;no&#8221; tablet_bg_img_hidden=&#8221;no&#8221; woodmart_parallax=&#8221;0&#8243; woodmart_box_shadow=&#8221;no&#8221; responsive_spacing=&#8221;eyJwYXJhbV90eXBlIjoid29vZG1hcnRfcmVzcG9uc2l2ZV9zcGFjaW5nIiwic2VsZWN0b3JfaWQiOiI2MzQxNzUyZWUzNzIwIiwic2hvcnRjb2RlIjoidmNfY29sdW1uX2lubmVyIiwiZGF0YSI6eyJ0YWJsZXQiOnt9LCJtb2JpbGUiOnsicGFkZGluZy1yaWdodCI6IjdweCIsInBhZGRpbmctbGVmdCI6IjdweCJ9fX0=&#8221; wd_z_index=&#8221;no&#8221;][\/vc_column_inner][\/vc_row_inner][\/vc_column][\/vc_row]<\/p>\n<\/section>","protected":false},"excerpt":{"rendered":"<p>[vc_row][vc_column][vc_column_text woodmart_inline=&#8221;no&#8221; text_larger=&#8221;no&#8221;][display-apps][\/vc_column_text][\/vc_column][\/vc_row][vc_row content_placement=&#8221;top&#8221; css=&#8221;.vc_custom_1619544704606{margin-bottom: 8vh !important;}&#8221; mobile_bg_img_hidden=&#8221;no&#8221; tablet_bg_img_hidden=&#8221;no&#8221; woodmart_parallax=&#8221;0&#8243; woodmart_gradient_switch=&#8221;no&#8221; row_reverse_mobile=&#8221;0&#8243; row_reverse_tablet=&#8221;0&#8243; woodmart_disable_overflow=&#8221;0&#8243;][vc_column][vc_row_inner content_placement=&#8221;top&#8221; css=&#8221;.vc_custom_1665234175678{margin-right: 0px !important;margin-left: 0px !important;padding-top:<\/p>\n","protected":false},"featured_media":3880,"template":"","meta":[],"product_cat":[300],"product_tag":[41,227],"class_list":{"0":"post-3886","1":"product","2":"type-product","3":"status-publish","4":"has-post-thumbnail","6":"product_cat-jungikliai","7":"product_tag-shelly","8":"product_tag-shelly-blu","9":"product_shipping_class-pastomatai","11":"first","12":"instock","13":"taxable","14":"shipping-taxable","15":"purchasable","16":"product-type-simple"},"yoast_head":"<!-- This site is optimized with the Yoast SEO plugin v20.12 - https:\/\/yoast.com\/wordpress\/plugins\/seo\/ -->\n<title>Shelly BLU Button Tough 1 Bluetooth belaidis pultelis Moka - shelly.lv<\/title>\n<meta name=\"robots\" content=\"index, follow, max-snippet:-1, max-image-preview:large, max-video-preview:-1\" \/>\n<link rel=\"canonical\" href=\"https:\/\/shelly.lv\/lt\/shop\/jungikliai\/shelly-blu-button-tough-1-bluetooth-belaidis-pultelis-moka\/\" \/>\n<meta property=\"og:locale\" content=\"lt_LT\" \/>\n<meta property=\"og:type\" content=\"article\" \/>\n<meta property=\"og:title\" content=\"Shelly BLU Button Tough 1 Bluetooth belaidis pultelis Moka - shelly.lv\" \/>\n<meta property=\"og:description\" content=\"[vc_row][vc_column][vc_column_text woodmart_inline=&#8221;no&#8221; text_larger=&#8221;no&#8221;][display-apps][\/vc_column_text][\/vc_column][\/vc_row][vc_row content_placement=&#8221;top&#8221; css=&#8221;.vc_custom_1619544704606{margin-bottom: 8vh !important;}&#8221; mobile_bg_img_hidden=&#8221;no&#8221; tablet_bg_img_hidden=&#8221;no&#8221; woodmart_parallax=&#8221;0&#8243; woodmart_gradient_switch=&#8221;no&#8221; row_reverse_mobile=&#8221;0&#8243; row_reverse_tablet=&#8221;0&#8243; woodmart_disable_overflow=&#8221;0&#8243;][vc_column][vc_row_inner content_placement=&#8221;top&#8221; css=&#8221;.vc_custom_1665234175678{margin-right: 0px !important;margin-left: 0px !important;padding-top:\" \/>\n<meta property=\"og:url\" content=\"https:\/\/shelly.lv\/lt\/shop\/jungikliai\/shelly-blu-button-tough-1-bluetooth-belaidis-pultelis-moka\/\" \/>\n<meta property=\"og:site_name\" content=\"shelly.lv\" \/>\n<meta property=\"article:modified_time\" content=\"2026-01-25T18:36:42+00:00\" \/>\n<meta property=\"og:image\" content=\"http:\/\/shelly.lv\/wp-content\/uploads\/2024\/09\/423469-1-1000x1000-1.jpg\" \/>\n\t<meta property=\"og:image:width\" content=\"1000\" \/>\n\t<meta property=\"og:image:height\" content=\"1000\" \/>\n\t<meta property=\"og:image:type\" content=\"image\/jpeg\" \/>\n<meta name=\"twitter:card\" content=\"summary_large_image\" \/>\n<meta name=\"twitter:label1\" content=\"Est. reading time\" \/>\n\t<meta name=\"twitter:data1\" content=\"3 minut\u0117s\" \/>\n<script type=\"application\/ld+json\" class=\"yoast-schema-graph\">{\"@context\":\"https:\/\/schema.org\",\"@graph\":[{\"@type\":\"WebPage\",\"@id\":\"https:\/\/shelly.lv\/lt\/shop\/jungikliai\/shelly-blu-button-tough-1-bluetooth-belaidis-pultelis-moka\/\",\"url\":\"https:\/\/shelly.lv\/lt\/shop\/jungikliai\/shelly-blu-button-tough-1-bluetooth-belaidis-pultelis-moka\/\",\"name\":\"Shelly BLU Button Tough 1 Bluetooth belaidis pultelis Moka - shelly.lv\",\"isPartOf\":{\"@id\":\"https:\/\/shelly.lv\/lt\/#website\"},\"datePublished\":\"2024-05-22T12:17:14+00:00\",\"dateModified\":\"2026-01-25T18:36:42+00:00\",\"breadcrumb\":{\"@id\":\"https:\/\/shelly.lv\/lt\/shop\/jungikliai\/shelly-blu-button-tough-1-bluetooth-belaidis-pultelis-moka\/#breadcrumb\"},\"inLanguage\":\"lt-LT\",\"potentialAction\":[{\"@type\":\"ReadAction\",\"target\":[\"https:\/\/shelly.lv\/lt\/shop\/jungikliai\/shelly-blu-button-tough-1-bluetooth-belaidis-pultelis-moka\/\"]}]},{\"@type\":\"BreadcrumbList\",\"@id\":\"https:\/\/shelly.lv\/lt\/shop\/jungikliai\/shelly-blu-button-tough-1-bluetooth-belaidis-pultelis-moka\/#breadcrumb\",\"itemListElement\":[{\"@type\":\"ListItem\",\"position\":1,\"name\":\"Home\",\"item\":\"https:\/\/shelly.lv\/lt\/\"},{\"@type\":\"ListItem\",\"position\":2,\"name\":\"Parduotuv\u0117\",\"item\":\"https:\/\/shelly.lv\/lt\/shop\/\"},{\"@type\":\"ListItem\",\"position\":3,\"name\":\"Shelly BLU Button Tough 1 Bluetooth belaidis pultelis Moka\"}]},{\"@type\":\"WebSite\",\"@id\":\"https:\/\/shelly.lv\/lt\/#website\",\"url\":\"https:\/\/shelly.lv\/lt\/\",\"name\":\"Shelly.lv\",\"description\":\"Shelly Latvia\",\"publisher\":{\"@id\":\"https:\/\/shelly.lv\/lt\/#organization\"},\"potentialAction\":[{\"@type\":\"SearchAction\",\"target\":{\"@type\":\"EntryPoint\",\"urlTemplate\":\"https:\/\/shelly.lv\/lt\/?s={search_term_string}\"},\"query-input\":\"required name=search_term_string\"}],\"inLanguage\":\"lt-LT\"},{\"@type\":\"Organization\",\"@id\":\"https:\/\/shelly.lv\/lt\/#organization\",\"name\":\"Shelly.lv\",\"url\":\"https:\/\/shelly.lv\/lt\/\",\"logo\":{\"@type\":\"ImageObject\",\"inLanguage\":\"lt-LT\",\"@id\":\"https:\/\/shelly.lv\/lt\/#\/schema\/logo\/image\/\",\"url\":\"https:\/\/shelly.lv\/wp-content\/uploads\/2023\/07\/Asset-3.png\",\"contentUrl\":\"https:\/\/shelly.lv\/wp-content\/uploads\/2023\/07\/Asset-3.png\",\"width\":861,\"height\":240,\"caption\":\"Shelly.lv\"},\"image\":{\"@id\":\"https:\/\/shelly.lv\/lt\/#\/schema\/logo\/image\/\"}}]}<\/script>\n<!-- \/ Yoast SEO plugin. -->","yoast_head_json":{"title":"Shelly BLU Button Tough 1 Bluetooth belaidis pultelis Moka - shelly.lv","robots":{"index":"index","follow":"follow","max-snippet":"max-snippet:-1","max-image-preview":"max-image-preview:large","max-video-preview":"max-video-preview:-1"},"canonical":"https:\/\/shelly.lv\/lt\/shop\/jungikliai\/shelly-blu-button-tough-1-bluetooth-belaidis-pultelis-moka\/","og_locale":"lt_LT","og_type":"article","og_title":"Shelly BLU Button Tough 1 Bluetooth belaidis pultelis Moka - shelly.lv","og_description":"[vc_row][vc_column][vc_column_text woodmart_inline=&#8221;no&#8221; text_larger=&#8221;no&#8221;][display-apps][\/vc_column_text][\/vc_column][\/vc_row][vc_row content_placement=&#8221;top&#8221; css=&#8221;.vc_custom_1619544704606{margin-bottom: 8vh !important;}&#8221; mobile_bg_img_hidden=&#8221;no&#8221; tablet_bg_img_hidden=&#8221;no&#8221; woodmart_parallax=&#8221;0&#8243; woodmart_gradient_switch=&#8221;no&#8221; row_reverse_mobile=&#8221;0&#8243; row_reverse_tablet=&#8221;0&#8243; woodmart_disable_overflow=&#8221;0&#8243;][vc_column][vc_row_inner content_placement=&#8221;top&#8221; css=&#8221;.vc_custom_1665234175678{margin-right: 0px !important;margin-left: 0px !important;padding-top:","og_url":"https:\/\/shelly.lv\/lt\/shop\/jungikliai\/shelly-blu-button-tough-1-bluetooth-belaidis-pultelis-moka\/","og_site_name":"shelly.lv","article_modified_time":"2026-01-25T18:36:42+00:00","og_image":[{"width":1000,"height":1000,"url":"http:\/\/shelly.lv\/wp-content\/uploads\/2024\/09\/423469-1-1000x1000-1.jpg","type":"image\/jpeg"}],"twitter_card":"summary_large_image","twitter_misc":{"Est. reading time":"3 minut\u0117s"},"schema":{"@context":"https:\/\/schema.org","@graph":[{"@type":"WebPage","@id":"https:\/\/shelly.lv\/lt\/shop\/jungikliai\/shelly-blu-button-tough-1-bluetooth-belaidis-pultelis-moka\/","url":"https:\/\/shelly.lv\/lt\/shop\/jungikliai\/shelly-blu-button-tough-1-bluetooth-belaidis-pultelis-moka\/","name":"Shelly BLU Button Tough 1 Bluetooth belaidis pultelis Moka - shelly.lv","isPartOf":{"@id":"https:\/\/shelly.lv\/lt\/#website"},"datePublished":"2024-05-22T12:17:14+00:00","dateModified":"2026-01-25T18:36:42+00:00","breadcrumb":{"@id":"https:\/\/shelly.lv\/lt\/shop\/jungikliai\/shelly-blu-button-tough-1-bluetooth-belaidis-pultelis-moka\/#breadcrumb"},"inLanguage":"lt-LT","potentialAction":[{"@type":"ReadAction","target":["https:\/\/shelly.lv\/lt\/shop\/jungikliai\/shelly-blu-button-tough-1-bluetooth-belaidis-pultelis-moka\/"]}]},{"@type":"BreadcrumbList","@id":"https:\/\/shelly.lv\/lt\/shop\/jungikliai\/shelly-blu-button-tough-1-bluetooth-belaidis-pultelis-moka\/#breadcrumb","itemListElement":[{"@type":"ListItem","position":1,"name":"Home","item":"https:\/\/shelly.lv\/lt\/"},{"@type":"ListItem","position":2,"name":"Parduotuv\u0117","item":"https:\/\/shelly.lv\/lt\/shop\/"},{"@type":"ListItem","position":3,"name":"Shelly BLU Button Tough 1 Bluetooth belaidis pultelis Moka"}]},{"@type":"WebSite","@id":"https:\/\/shelly.lv\/lt\/#website","url":"https:\/\/shelly.lv\/lt\/","name":"Shelly.lv","description":"Shelly Latvia","publisher":{"@id":"https:\/\/shelly.lv\/lt\/#organization"},"potentialAction":[{"@type":"SearchAction","target":{"@type":"EntryPoint","urlTemplate":"https:\/\/shelly.lv\/lt\/?s={search_term_string}"},"query-input":"required name=search_term_string"}],"inLanguage":"lt-LT"},{"@type":"Organization","@id":"https:\/\/shelly.lv\/lt\/#organization","name":"Shelly.lv","url":"https:\/\/shelly.lv\/lt\/","logo":{"@type":"ImageObject","inLanguage":"lt-LT","@id":"https:\/\/shelly.lv\/lt\/#\/schema\/logo\/image\/","url":"https:\/\/shelly.lv\/wp-content\/uploads\/2023\/07\/Asset-3.png","contentUrl":"https:\/\/shelly.lv\/wp-content\/uploads\/2023\/07\/Asset-3.png","width":861,"height":240,"caption":"Shelly.lv"},"image":{"@id":"https:\/\/shelly.lv\/lt\/#\/schema\/logo\/image\/"}}]}},"_links":{"self":[{"href":"https:\/\/shelly.lv\/lt\/wp-json\/wp\/v2\/product\/3886","targetHints":{"allow":["GET"]}}],"collection":[{"href":"https:\/\/shelly.lv\/lt\/wp-json\/wp\/v2\/product"}],"about":[{"href":"https:\/\/shelly.lv\/lt\/wp-json\/wp\/v2\/types\/product"}],"wp:featuredmedia":[{"embeddable":true,"href":"https:\/\/shelly.lv\/lt\/wp-json\/wp\/v2\/media\/3880"}],"wp:attachment":[{"href":"https:\/\/shelly.lv\/lt\/wp-json\/wp\/v2\/media?parent=3886"}],"wp:term":[{"taxonomy":"product_cat","embeddable":true,"href":"https:\/\/shelly.lv\/lt\/wp-json\/wp\/v2\/product_cat?post=3886"},{"taxonomy":"product_tag","embeddable":true,"href":"https:\/\/shelly.lv\/lt\/wp-json\/wp\/v2\/product_tag?post=3886"}],"curies":[{"name":"wp","href":"https:\/\/api.w.org\/{rel}","templated":true}]}}