{"id":3908,"date":"2024-03-08T14:40:34","date_gmt":"2024-03-08T12:40:34","guid":{"rendered":"https:\/\/shelly.lv\/veikals\/uncategorized\/shelly-lan-switch\/"},"modified":"2026-04-30T15:37:56","modified_gmt":"2026-04-30T12:37:56","slug":"shelly-lan-switch","status":"publish","type":"product","link":"https:\/\/shelly.lv\/lt\/shop\/pro-serija-lt\/shelly-lan-switch\/","title":{"rendered":"Shelly LAN Switch"},"content":{"rendered":"<section class=\"wpb-content-wrapper\"><p>[vc_row][vc_column][vc_column_text woodmart_inline=&#8221;no&#8221; text_larger=&#8221;no&#8221;][display-apps][\/vc_column_text][\/vc_column][\/vc_row][vc_row content_placement=&#8221;top&#8221; css=&#8221;.vc_custom_1619544704606{margin-bottom: 8vh !important;}&#8221; mobile_bg_img_hidden=&#8221;no&#8221; tablet_bg_img_hidden=&#8221;no&#8221; woodmart_parallax=&#8221;0&#8243; woodmart_gradient_switch=&#8221;no&#8221; row_reverse_mobile=&#8221;0&#8243; row_reverse_tablet=&#8221;0&#8243; woodmart_disable_overflow=&#8221;0&#8243;][vc_column][vc_row_inner content_placement=&#8221;top&#8221; css=&#8221;.vc_custom_1665234175678{margin-right: 0px !important;margin-left: 0px !important;padding-top: 2vh !important;padding-right: 2vh !important;padding-bottom: 2vh !important;padding-left: 2vh !important;background-color: #ffffff !important;}&#8221; row_reverse_mobile=&#8221;0&#8243; row_reverse_tablet=&#8221;0&#8243; woodmart_css_id=&#8221;634174f75117f&#8221; responsive_spacing=&#8221;eyJwYXJhbV90eXBlIjoid29vZG1hcnRfcmVzcG9uc2l2ZV9zcGFjaW5nIiwic2VsZWN0b3JfaWQiOiI2MzQxNzRmNzUxMTdmIiwic2hvcnRjb2RlIjoidmNfcm93X2lubmVyIiwiZGF0YSI6eyJ0YWJsZXQiOnt9LCJtb2JpbGUiOnsicGFkZGluZy1yaWdodCI6IjAiLCJwYWRkaW5nLWxlZnQiOiIwIn19fQ==&#8221; mobile_bg_img_hidden=&#8221;no&#8221; tablet_bg_img_hidden=&#8221;no&#8221; woodmart_parallax=&#8221;0&#8243; woodmart_gradient_switch=&#8221;no&#8221; woodmart_box_shadow=&#8221;no&#8221; wd_z_index=&#8221;no&#8221; woodmart_disable_overflow=&#8221;0&#8243;][vc_column_inner offset=&#8221;vc_col-lg-6 vc_col-md-6 vc_col-xs-12&#8243; woodmart_css_id=&#8221;634175733e66a&#8221; parallax_scroll=&#8221;no&#8221; woodmart_sticky_column=&#8221;false&#8221; wd_collapsible_content_switcher=&#8221;no&#8221; wd_column_role_offcanvas_desktop=&#8221;no&#8221; wd_column_role_offcanvas_tablet=&#8221;no&#8221; wd_column_role_offcanvas_mobile=&#8221;no&#8221; wd_column_role_content_desktop=&#8221;no&#8221; wd_column_role_content_tablet=&#8221;no&#8221; wd_column_role_content_mobile=&#8221;no&#8221; mobile_bg_img_hidden=&#8221;no&#8221; tablet_bg_img_hidden=&#8221;no&#8221; woodmart_parallax=&#8221;0&#8243; woodmart_box_shadow=&#8221;no&#8221; responsive_spacing=&#8221;eyJwYXJhbV90eXBlIjoid29vZG1hcnRfcmVzcG9uc2l2ZV9zcGFjaW5nIiwic2VsZWN0b3JfaWQiOiI2MzQxNzU3MzNlNjZhIiwic2hvcnRjb2RlIjoidmNfY29sdW1uX2lubmVyIiwiZGF0YSI6eyJ0YWJsZXQiOnt9LCJtb2JpbGUiOnsicGFkZGluZy1yaWdodCI6IjdweCIsInBhZGRpbmctbGVmdCI6IjdweCJ9fX0=&#8221; wd_z_index=&#8221;no&#8221; css=&#8221;.vc_custom_1665234300629{padding-top: 0px !important;}&#8221;]\n\t\t<div id=\"wd-65eb080e7580a\" class=\"title-wrapper wd-wpb set-mb-s reset-last-child  wd-rs-65eb080e7580a wd-title-color-default wd-title-style-default text-center vc_custom_1709901850243 wd-underline-colored\">\n\t\t\t\n\t\t\t<div class=\"liner-continer\">\n\t\t\t\t<h4 class=\"woodmart-title-container title  wd-font-weight-600 wd-fontsize-l\" >Shelly LAN Switch<\/h4>\n\t\t\t\t\t\t\t<\/div>\n\t\t\t\n\t\t\t\n\t\t\t\n\t\t<\/div>\n\t\t\n\t\t[vc_column_text woodmart_inline=&#8221;no&#8221; text_larger=&#8221;no&#8221;]\u201eShelly LAN Switch\u201c yra DIN montuojamas Ethernet jungiklis su 5 RJ45 prievadais. Jis si\u016blo vientis\u0105 sprendim\u0105 i\u0161pl\u0117sti tinklo galimybes be dideli\u0173 perjungim\u0173. Sukurtas patikimumui ir na\u0161umui, jis u\u017etikrina nuosekl\u0173 ir stabil\u0173 tiesiogin\u012f tinklo ry\u0161\u012f su j\u016bs\u0173 \u012frenginiais, suteikdamas jums ramyb\u0119 ir pasitik\u0117jim\u0105 savo tinklo infrastrukt\u016bra.<\/p>\n<ul>\n<li>Montuojamas DIN<\/li>\n<li>5 RJ45 prievadai<\/li>\n<li>10\/100 Mbps<\/li>\n<li>LED indikatoriai<\/li>\n<li>Tinka Shelly PRO \u012frenginiams<\/li>\n<li>110V &#8211; 230V maitinimas; Nereikia papildom\u0173 adapteri\u0173<\/li>\n<\/ul>\n<p>Formos faktorius, kur\u012f jau m\u0117gstate<br \/>\n\u201eShelly LAN Switch\u201c yra paprastas sprendimas patikimam sujungimui be dideli\u0173 elektros modifikacij\u0173. Dabar jums reikia tik 1 LAN kabelio pertraukiklio d\u0117\u017eut\u0117je, kad gal\u0117tum\u0117te prijungti \u012frenginius! Jo bendras formos koeficientas su m\u016bs\u0173 Pro linijos \u012frenginiais u\u017etikrina, kad jis puikiai tilpt\u0173 \u012f \u201eShelly\u201c u\u017eimt\u0105 pertraukiklio d\u0117\u017e\u0119, supaprastindamas montavim\u0105 ir palaikydamas organizuot\u0105 s\u0105rank\u0105.<\/p>\n<p>Funkcionalumas<br \/>\nMontuojamas prie DIN \u2013 sukurtas taip, kad atitikt\u0173 pasaulin\u012f DIN b\u0117gio standart\u0105 ir puikiai tinka visoms j\u016bs\u0173 \u201ePro\u201c rel\u0117ms<br \/>\nMaitinamas kintamosios srov\u0117s maitinimu \u2013 maitinkite \u012frengin\u012f 110\u2013230 V, tod\u0117l nereikia adapteri\u0173<br \/>\nPlug &amp; Play \u2013 neskausmingas diegimas ir konfig\u016bravimas, leid\u017eiantis greitai nustatyti ir optimizuoti tinkl\u0105[\/vc_column_text]\t\t<div id=\"gallery_636\" class=\"wd-images-gallery wd-rs-65eb0c4a0970b wd-justify-center wd-items-middle view-grid photoswipe-images\" >\n\t\t\t<div class=\"gallery-images row wd-spacing-0\">\n\t\t\t\t\t\t\t\t\t\t\t\t\t\t\t<div class=\"wd-gallery-item col-lg-4 col-md-4 col-sm-6 col-6\">\n\t\t\t\t\t\t\t\t\t\t\t\t\t\t<a href=\"\" data-elementor-open-lightbox=\"no\" data-index=\"1\" data-width=\"\" data-height=\"\"  >\n\t\t\t\t\t\t\t\t\n\t\t\t\t\t\t\t\t\n\t\t\t\t\t\t\t\t\t\t\t\t\t\t\t<\/a>\n\t\t\t\t\t\t\t\t\t\t\t\t<\/div>\n\t\t\t\t\t\t\t\t\t\t\t\t<\/div>\n\t\t<\/div>\n\t\t\t\t[vc_video link=&#8221;&#8221; el_width=&#8221;80&#8243; align=&#8221;center&#8221; image_poster_switch=&#8221;no&#8221;][\/vc_column_inner][vc_column_inner css=&#8221;.vc_custom_1665234239863{padding-top: 50px !important;padding-right: 10% !important;padding-bottom: 2vh !important;padding-left: 10% !important;background-color: #f3f3f3 !important;}&#8221; offset=&#8221;vc_col-lg-6 vc_col-md-6 vc_col-xs-12&#8243; woodmart_css_id=&#8221;6341752ee3720&#8243; parallax_scroll=&#8221;no&#8221; woodmart_sticky_column=&#8221;false&#8221; wd_collapsible_content_switcher=&#8221;no&#8221; wd_column_role_offcanvas_desktop=&#8221;no&#8221; wd_column_role_offcanvas_tablet=&#8221;no&#8221; wd_column_role_offcanvas_mobile=&#8221;no&#8221; wd_column_role_content_desktop=&#8221;no&#8221; wd_column_role_content_tablet=&#8221;no&#8221; wd_column_role_content_mobile=&#8221;no&#8221; mobile_bg_img_hidden=&#8221;no&#8221; tablet_bg_img_hidden=&#8221;no&#8221; woodmart_parallax=&#8221;0&#8243; woodmart_box_shadow=&#8221;no&#8221; responsive_spacing=&#8221;eyJwYXJhbV90eXBlIjoid29vZG1hcnRfcmVzcG9uc2l2ZV9zcGFjaW5nIiwic2VsZWN0b3JfaWQiOiI2MzQxNzUyZWUzNzIwIiwic2hvcnRjb2RlIjoidmNfY29sdW1uX2lubmVyIiwiZGF0YSI6eyJ0YWJsZXQiOnt9LCJtb2JpbGUiOnsicGFkZGluZy1yaWdodCI6IjdweCIsInBhZGRpbmctbGVmdCI6IjdweCJ9fX0=&#8221; wd_z_index=&#8221;no&#8221;][\/vc_column_inner][\/vc_row_inner][\/vc_column][\/vc_row]<\/p>\n<\/section>","protected":false},"excerpt":{"rendered":"<p>[vc_row][vc_column][vc_column_text woodmart_inline=&#8221;no&#8221; text_larger=&#8221;no&#8221;][display-apps][\/vc_column_text][\/vc_column][\/vc_row][vc_row content_placement=&#8221;top&#8221; css=&#8221;.vc_custom_1619544704606{margin-bottom: 8vh !important;}&#8221; mobile_bg_img_hidden=&#8221;no&#8221; tablet_bg_img_hidden=&#8221;no&#8221; woodmart_parallax=&#8221;0&#8243; woodmart_gradient_switch=&#8221;no&#8221; row_reverse_mobile=&#8221;0&#8243; row_reverse_tablet=&#8221;0&#8243; woodmart_disable_overflow=&#8221;0&#8243;][vc_column][vc_row_inner content_placement=&#8221;top&#8221; css=&#8221;.vc_custom_1665234175678{margin-right: 0px !important;margin-left: 0px !important;padding-top:<\/p>\n","protected":false},"featured_media":3900,"template":"","meta":[],"product_cat":[295,299],"product_tag":[41,190],"class_list":{"0":"post-3908","1":"product","2":"type-product","3":"status-publish","4":"has-post-thumbnail","6":"product_cat-pro-serija-lt","7":"product_cat-priedai","8":"product_tag-shelly","9":"product_tag-shelly-pro","10":"product_shipping_class-pastomatai","12":"first","13":"instock","14":"taxable","15":"shipping-taxable","16":"purchasable","17":"product-type-simple"},"yoast_head":"<!-- This site is optimized with the Yoast SEO plugin v20.12 - https:\/\/yoast.com\/wordpress\/plugins\/seo\/ -->\n<title>Shelly LAN Switch - shelly.lv<\/title>\n<meta name=\"robots\" content=\"index, follow, max-snippet:-1, max-image-preview:large, max-video-preview:-1\" \/>\n<link rel=\"canonical\" href=\"https:\/\/shelly.lv\/lt\/shop\/pro-serija-lt\/shelly-lan-switch\/\" \/>\n<meta property=\"og:locale\" content=\"lt_LT\" \/>\n<meta property=\"og:type\" content=\"article\" \/>\n<meta property=\"og:title\" content=\"Shelly LAN Switch - shelly.lv\" \/>\n<meta property=\"og:description\" content=\"[vc_row][vc_column][vc_column_text woodmart_inline=&#8221;no&#8221; text_larger=&#8221;no&#8221;][display-apps][\/vc_column_text][\/vc_column][\/vc_row][vc_row content_placement=&#8221;top&#8221; css=&#8221;.vc_custom_1619544704606{margin-bottom: 8vh !important;}&#8221; mobile_bg_img_hidden=&#8221;no&#8221; tablet_bg_img_hidden=&#8221;no&#8221; woodmart_parallax=&#8221;0&#8243; woodmart_gradient_switch=&#8221;no&#8221; row_reverse_mobile=&#8221;0&#8243; row_reverse_tablet=&#8221;0&#8243; woodmart_disable_overflow=&#8221;0&#8243;][vc_column][vc_row_inner content_placement=&#8221;top&#8221; css=&#8221;.vc_custom_1665234175678{margin-right: 0px !important;margin-left: 0px !important;padding-top:\" \/>\n<meta property=\"og:url\" content=\"https:\/\/shelly.lv\/lt\/shop\/pro-serija-lt\/shelly-lan-switch\/\" \/>\n<meta property=\"og:site_name\" content=\"shelly.lv\" \/>\n<meta property=\"article:modified_time\" content=\"2026-04-30T12:37:56+00:00\" \/>\n<meta property=\"og:image\" content=\"http:\/\/shelly.lv\/wp-content\/uploads\/2024\/09\/shelly-lan-switch.jpg\" \/>\n\t<meta property=\"og:image:width\" content=\"700\" \/>\n\t<meta property=\"og:image:height\" content=\"800\" \/>\n\t<meta property=\"og:image:type\" content=\"image\/jpeg\" \/>\n<meta name=\"twitter:card\" content=\"summary_large_image\" \/>\n<meta name=\"twitter:label1\" content=\"Est. reading time\" \/>\n\t<meta name=\"twitter:data1\" content=\"2 minut\u0117s\" \/>\n<script type=\"application\/ld+json\" class=\"yoast-schema-graph\">{\"@context\":\"https:\/\/schema.org\",\"@graph\":[{\"@type\":\"WebPage\",\"@id\":\"https:\/\/shelly.lv\/lt\/shop\/pro-serija-lt\/shelly-lan-switch\/\",\"url\":\"https:\/\/shelly.lv\/lt\/shop\/pro-serija-lt\/shelly-lan-switch\/\",\"name\":\"Shelly LAN Switch - shelly.lv\",\"isPartOf\":{\"@id\":\"https:\/\/shelly.lv\/lt\/#website\"},\"datePublished\":\"2024-03-08T12:40:34+00:00\",\"dateModified\":\"2026-04-30T12:37:56+00:00\",\"breadcrumb\":{\"@id\":\"https:\/\/shelly.lv\/lt\/shop\/pro-serija-lt\/shelly-lan-switch\/#breadcrumb\"},\"inLanguage\":\"lt-LT\",\"potentialAction\":[{\"@type\":\"ReadAction\",\"target\":[\"https:\/\/shelly.lv\/lt\/shop\/pro-serija-lt\/shelly-lan-switch\/\"]}]},{\"@type\":\"BreadcrumbList\",\"@id\":\"https:\/\/shelly.lv\/lt\/shop\/pro-serija-lt\/shelly-lan-switch\/#breadcrumb\",\"itemListElement\":[{\"@type\":\"ListItem\",\"position\":1,\"name\":\"Home\",\"item\":\"https:\/\/shelly.lv\/lt\/\"},{\"@type\":\"ListItem\",\"position\":2,\"name\":\"Parduotuv\u0117\",\"item\":\"https:\/\/shelly.lv\/lt\/shop\/\"},{\"@type\":\"ListItem\",\"position\":3,\"name\":\"Shelly LAN Switch\"}]},{\"@type\":\"WebSite\",\"@id\":\"https:\/\/shelly.lv\/lt\/#website\",\"url\":\"https:\/\/shelly.lv\/lt\/\",\"name\":\"Shelly.lv\",\"description\":\"Shelly Latvia\",\"publisher\":{\"@id\":\"https:\/\/shelly.lv\/lt\/#organization\"},\"potentialAction\":[{\"@type\":\"SearchAction\",\"target\":{\"@type\":\"EntryPoint\",\"urlTemplate\":\"https:\/\/shelly.lv\/lt\/?s={search_term_string}\"},\"query-input\":\"required name=search_term_string\"}],\"inLanguage\":\"lt-LT\"},{\"@type\":\"Organization\",\"@id\":\"https:\/\/shelly.lv\/lt\/#organization\",\"name\":\"Shelly.lv\",\"url\":\"https:\/\/shelly.lv\/lt\/\",\"logo\":{\"@type\":\"ImageObject\",\"inLanguage\":\"lt-LT\",\"@id\":\"https:\/\/shelly.lv\/lt\/#\/schema\/logo\/image\/\",\"url\":\"https:\/\/shelly.lv\/wp-content\/uploads\/2023\/07\/Asset-3.png\",\"contentUrl\":\"https:\/\/shelly.lv\/wp-content\/uploads\/2023\/07\/Asset-3.png\",\"width\":861,\"height\":240,\"caption\":\"Shelly.lv\"},\"image\":{\"@id\":\"https:\/\/shelly.lv\/lt\/#\/schema\/logo\/image\/\"}}]}<\/script>\n<!-- \/ Yoast SEO plugin. -->","yoast_head_json":{"title":"Shelly LAN Switch - shelly.lv","robots":{"index":"index","follow":"follow","max-snippet":"max-snippet:-1","max-image-preview":"max-image-preview:large","max-video-preview":"max-video-preview:-1"},"canonical":"https:\/\/shelly.lv\/lt\/shop\/pro-serija-lt\/shelly-lan-switch\/","og_locale":"lt_LT","og_type":"article","og_title":"Shelly LAN Switch - shelly.lv","og_description":"[vc_row][vc_column][vc_column_text woodmart_inline=&#8221;no&#8221; text_larger=&#8221;no&#8221;][display-apps][\/vc_column_text][\/vc_column][\/vc_row][vc_row content_placement=&#8221;top&#8221; css=&#8221;.vc_custom_1619544704606{margin-bottom: 8vh !important;}&#8221; mobile_bg_img_hidden=&#8221;no&#8221; tablet_bg_img_hidden=&#8221;no&#8221; woodmart_parallax=&#8221;0&#8243; woodmart_gradient_switch=&#8221;no&#8221; row_reverse_mobile=&#8221;0&#8243; row_reverse_tablet=&#8221;0&#8243; woodmart_disable_overflow=&#8221;0&#8243;][vc_column][vc_row_inner content_placement=&#8221;top&#8221; css=&#8221;.vc_custom_1665234175678{margin-right: 0px !important;margin-left: 0px !important;padding-top:","og_url":"https:\/\/shelly.lv\/lt\/shop\/pro-serija-lt\/shelly-lan-switch\/","og_site_name":"shelly.lv","article_modified_time":"2026-04-30T12:37:56+00:00","og_image":[{"width":700,"height":800,"url":"http:\/\/shelly.lv\/wp-content\/uploads\/2024\/09\/shelly-lan-switch.jpg","type":"image\/jpeg"}],"twitter_card":"summary_large_image","twitter_misc":{"Est. reading time":"2 minut\u0117s"},"schema":{"@context":"https:\/\/schema.org","@graph":[{"@type":"WebPage","@id":"https:\/\/shelly.lv\/lt\/shop\/pro-serija-lt\/shelly-lan-switch\/","url":"https:\/\/shelly.lv\/lt\/shop\/pro-serija-lt\/shelly-lan-switch\/","name":"Shelly LAN Switch - shelly.lv","isPartOf":{"@id":"https:\/\/shelly.lv\/lt\/#website"},"datePublished":"2024-03-08T12:40:34+00:00","dateModified":"2026-04-30T12:37:56+00:00","breadcrumb":{"@id":"https:\/\/shelly.lv\/lt\/shop\/pro-serija-lt\/shelly-lan-switch\/#breadcrumb"},"inLanguage":"lt-LT","potentialAction":[{"@type":"ReadAction","target":["https:\/\/shelly.lv\/lt\/shop\/pro-serija-lt\/shelly-lan-switch\/"]}]},{"@type":"BreadcrumbList","@id":"https:\/\/shelly.lv\/lt\/shop\/pro-serija-lt\/shelly-lan-switch\/#breadcrumb","itemListElement":[{"@type":"ListItem","position":1,"name":"Home","item":"https:\/\/shelly.lv\/lt\/"},{"@type":"ListItem","position":2,"name":"Parduotuv\u0117","item":"https:\/\/shelly.lv\/lt\/shop\/"},{"@type":"ListItem","position":3,"name":"Shelly LAN Switch"}]},{"@type":"WebSite","@id":"https:\/\/shelly.lv\/lt\/#website","url":"https:\/\/shelly.lv\/lt\/","name":"Shelly.lv","description":"Shelly Latvia","publisher":{"@id":"https:\/\/shelly.lv\/lt\/#organization"},"potentialAction":[{"@type":"SearchAction","target":{"@type":"EntryPoint","urlTemplate":"https:\/\/shelly.lv\/lt\/?s={search_term_string}"},"query-input":"required name=search_term_string"}],"inLanguage":"lt-LT"},{"@type":"Organization","@id":"https:\/\/shelly.lv\/lt\/#organization","name":"Shelly.lv","url":"https:\/\/shelly.lv\/lt\/","logo":{"@type":"ImageObject","inLanguage":"lt-LT","@id":"https:\/\/shelly.lv\/lt\/#\/schema\/logo\/image\/","url":"https:\/\/shelly.lv\/wp-content\/uploads\/2023\/07\/Asset-3.png","contentUrl":"https:\/\/shelly.lv\/wp-content\/uploads\/2023\/07\/Asset-3.png","width":861,"height":240,"caption":"Shelly.lv"},"image":{"@id":"https:\/\/shelly.lv\/lt\/#\/schema\/logo\/image\/"}}]}},"_links":{"self":[{"href":"https:\/\/shelly.lv\/lt\/wp-json\/wp\/v2\/product\/3908","targetHints":{"allow":["GET"]}}],"collection":[{"href":"https:\/\/shelly.lv\/lt\/wp-json\/wp\/v2\/product"}],"about":[{"href":"https:\/\/shelly.lv\/lt\/wp-json\/wp\/v2\/types\/product"}],"wp:featuredmedia":[{"embeddable":true,"href":"https:\/\/shelly.lv\/lt\/wp-json\/wp\/v2\/media\/3900"}],"wp:attachment":[{"href":"https:\/\/shelly.lv\/lt\/wp-json\/wp\/v2\/media?parent=3908"}],"wp:term":[{"taxonomy":"product_cat","embeddable":true,"href":"https:\/\/shelly.lv\/lt\/wp-json\/wp\/v2\/product_cat?post=3908"},{"taxonomy":"product_tag","embeddable":true,"href":"https:\/\/shelly.lv\/lt\/wp-json\/wp\/v2\/product_tag?post=3908"}],"curies":[{"name":"wp","href":"https:\/\/api.w.org\/{rel}","templated":true}]}}