{"id":3913,"date":"2024-02-23T11:57:03","date_gmt":"2024-02-23T09:57:03","guid":{"rendered":"https:\/\/shelly.lv\/veikals\/uncategorized\/shelly-plus-mini-dvigubas-adapteris-ant-din-begelio\/"},"modified":"2026-05-05T17:27:52","modified_gmt":"2026-05-05T14:27:52","slug":"shelly-plus-mini-dvigubas-adapteris-ant-din-begelio","status":"publish","type":"product","link":"https:\/\/shelly.lv\/lt\/shop\/priedai\/shelly-plus-mini-dvigubas-adapteris-ant-din-begelio\/","title":{"rendered":"Shelly Plus Mini dvigubas adapteris ant DIN b\u0117gelio"},"content":{"rendered":"<section class=\"wpb-content-wrapper\"><p>[vc_row][vc_column][vc_single_image image=&#8221;24734&#8243; img_size=&#8221;full&#8221; alignment=&#8221;center&#8221; parallax_scroll=&#8221;no&#8221; woodmart_inline=&#8221;no&#8221;][\/vc_column][\/vc_row][vc_row content_placement=&#8221;top&#8221; css=&#8221;.vc_custom_1619544704606{margin-bottom: 8vh !important;}&#8221; mobile_bg_img_hidden=&#8221;no&#8221; tablet_bg_img_hidden=&#8221;no&#8221; woodmart_parallax=&#8221;0&#8243; woodmart_gradient_switch=&#8221;no&#8221; row_reverse_mobile=&#8221;0&#8243; row_reverse_tablet=&#8221;0&#8243; woodmart_disable_overflow=&#8221;0&#8243;][vc_column][vc_row_inner content_placement=&#8221;top&#8221; css=&#8221;.vc_custom_1665234175678{margin-right: 0px !important;margin-left: 0px !important;padding-top: 2vh !important;padding-right: 2vh !important;padding-bottom: 2vh !important;padding-left: 2vh !important;background-color: #ffffff !important;}&#8221; row_reverse_mobile=&#8221;0&#8243; row_reverse_tablet=&#8221;0&#8243; woodmart_css_id=&#8221;634174f75117f&#8221; responsive_spacing=&#8221;eyJwYXJhbV90eXBlIjoid29vZG1hcnRfcmVzcG9uc2l2ZV9zcGFjaW5nIiwic2VsZWN0b3JfaWQiOiI2MzQxNzRmNzUxMTdmIiwic2hvcnRjb2RlIjoidmNfcm93X2lubmVyIiwiZGF0YSI6eyJ0YWJsZXQiOnt9LCJtb2JpbGUiOnsicGFkZGluZy1yaWdodCI6IjAiLCJwYWRkaW5nLWxlZnQiOiIwIn19fQ==&#8221; mobile_bg_img_hidden=&#8221;no&#8221; tablet_bg_img_hidden=&#8221;no&#8221; woodmart_parallax=&#8221;0&#8243; woodmart_gradient_switch=&#8221;no&#8221; woodmart_box_shadow=&#8221;no&#8221; wd_z_index=&#8221;no&#8221; woodmart_disable_overflow=&#8221;0&#8243;][vc_column_inner offset=&#8221;vc_col-lg-6 vc_col-md-6 vc_col-xs-12&#8243; woodmart_css_id=&#8221;634175733e66a&#8221; parallax_scroll=&#8221;no&#8221; woodmart_sticky_column=&#8221;false&#8221; wd_collapsible_content_switcher=&#8221;no&#8221; wd_column_role_offcanvas_desktop=&#8221;no&#8221; wd_column_role_offcanvas_tablet=&#8221;no&#8221; wd_column_role_offcanvas_mobile=&#8221;no&#8221; wd_column_role_content_desktop=&#8221;no&#8221; wd_column_role_content_tablet=&#8221;no&#8221; wd_column_role_content_mobile=&#8221;no&#8221; mobile_bg_img_hidden=&#8221;no&#8221; tablet_bg_img_hidden=&#8221;no&#8221; woodmart_parallax=&#8221;0&#8243; woodmart_box_shadow=&#8221;no&#8221; responsive_spacing=&#8221;eyJwYXJhbV90eXBlIjoid29vZG1hcnRfcmVzcG9uc2l2ZV9zcGFjaW5nIiwic2VsZWN0b3JfaWQiOiI2MzQxNzU3MzNlNjZhIiwic2hvcnRjb2RlIjoidmNfY29sdW1uX2lubmVyIiwiZGF0YSI6eyJ0YWJsZXQiOnt9LCJtb2JpbGUiOnsicGFkZGluZy1yaWdodCI6IjdweCIsInBhZGRpbmctbGVmdCI6IjdweCJ9fX0=&#8221; wd_z_index=&#8221;no&#8221; css=&#8221;.vc_custom_1665234300629{padding-top: 0px !important;}&#8221;]\n\t\t<div id=\"wd-65d86cb343567\" class=\"title-wrapper wd-wpb set-mb-s reset-last-child  wd-rs-65d86cb343567 wd-title-color-default wd-title-style-default text-center vc_custom_1708682423611 wd-underline-colored\">\n\t\t\t\n\t\t\t<div class=\"liner-continer\">\n\t\t\t\t<h4 class=\"woodmart-title-container title  wd-font-weight-600 wd-fontsize-l\" >Shelly Plus Mini dvigubas adapteris<\/h4>\n\t\t\t\t\t\t\t<\/div>\n\t\t\t\n\t\t\t\n\t\t\t\n\t\t<\/div>\n\t\t\n\t\t[vc_column_text woodmart_inline=&#8221;no&#8221; text_larger=&#8221;no&#8221;]DIN b\u0117gio adapteris 2 vnt Shelly PLUS MINI 1 \/ 1PM \/ PM reli\u0173 ir Shelly PLUS MINI R3 (3 gen.) 1 \/ 1PM \/ PM<\/p>\n<p>Matmenys<br \/>\n6,0 \u00d7 10,0 \u00d7 1,8 cm[\/vc_column_text][vc_video link=&#8221;&#8221; align=&#8221;center&#8221; image_poster_switch=&#8221;no&#8221;][\/vc_column_inner][vc_column_inner css=&#8221;.vc_custom_1665234239863{padding-top: 50px !important;padding-right: 10% !important;padding-bottom: 2vh !important;padding-left: 10% !important;background-color: #f3f3f3 !important;}&#8221; offset=&#8221;vc_col-lg-6 vc_col-md-6 vc_col-xs-12&#8243; woodmart_css_id=&#8221;6341752ee3720&#8243; parallax_scroll=&#8221;no&#8221; woodmart_sticky_column=&#8221;false&#8221; wd_collapsible_content_switcher=&#8221;no&#8221; wd_column_role_offcanvas_desktop=&#8221;no&#8221; wd_column_role_offcanvas_tablet=&#8221;no&#8221; wd_column_role_offcanvas_mobile=&#8221;no&#8221; wd_column_role_content_desktop=&#8221;no&#8221; wd_column_role_content_tablet=&#8221;no&#8221; wd_column_role_content_mobile=&#8221;no&#8221; mobile_bg_img_hidden=&#8221;no&#8221; tablet_bg_img_hidden=&#8221;no&#8221; woodmart_parallax=&#8221;0&#8243; woodmart_box_shadow=&#8221;no&#8221; responsive_spacing=&#8221;eyJwYXJhbV90eXBlIjoid29vZG1hcnRfcmVzcG9uc2l2ZV9zcGFjaW5nIiwic2VsZWN0b3JfaWQiOiI2MzQxNzUyZWUzNzIwIiwic2hvcnRjb2RlIjoidmNfY29sdW1uX2lubmVyIiwiZGF0YSI6eyJ0YWJsZXQiOnt9LCJtb2JpbGUiOnsicGFkZGluZy1yaWdodCI6IjdweCIsInBhZGRpbmctbGVmdCI6IjdweCJ9fX0=&#8221; wd_z_index=&#8221;no&#8221;][vc_column_text woodmart_inline=&#8221;no&#8221; text_larger=&#8221;no&#8221;][display-attributes][\/vc_column_text]\t\t\t<div class=\"info-box-wrapper\">\n\t\t\t\t<div id=\"wd-6454e8b107c48\" class=\" wd-rs-6454e8b107c48 wd-info-box wd-wpb text-center box-icon-align-left box-style- color-scheme-dark wd-bg-none wd-items-top with-btn box-btn-static vc_custom_1683286196855\"  >\n\t\t\t\t\t\t\t\t\t\t\t<div class=\"box-icon-wrapper  box-with-icon box-icon-simple\">\n\t\t\t\t\t\t\t<div class=\"info-box-icon\">\n\n\t\t\t\t\t\t\t\n\t\t\t\t\t\t\t\t\t\t\t\t\t\t\t\t\t\t\t\t\t\t\t\t\t\t\t\t\t\t\t\t\n\t\t\t\t\t\t\t<\/div>\n\t\t\t\t\t\t<\/div>\n\t\t\t\t\t\t\t\t\t\t<div class=\"info-box-content\">\n\t\t\t\t\t\t<div class=\"info-box-title title wd-font-weight-400 box-title-style-default wd-fontsize-xxl\">Shelly produkto instrukcija<\/div>\t\t\t\t\t\t<div class=\"info-box-inner set-cont-mb-s reset-last-child\"><\/div>\n\n\t\t\t\t\t\t<div class=\"info-btn-wrapper\"><div id=\"wd-6a04d90936c80\" class=\"  wd-button-wrapper text-center\"><a href=\"https:\/\/kb.shelly.cloud\/knowledge-base\/devices\" title=\"Shelly zinynas\" target=\"_blank\" class=\"btn btn-color-primary btn-style-default btn-style-rectangle btn-size-default\">Atidaryti instrukcijas<\/a><\/div><\/div>\t\t\t\t\t<\/div>\n\n\t\t\t\t\t\t\t\t\t<\/div>\n\t\t\t<\/div>\n\t\t\n\t\t<div id=\"wd-6340880647e7f\" class=\"title-wrapper wd-wpb set-mb-s reset-last-child  wd-rs-6340880647e7f wd-title-color-primary wd-title-style-simple text-left  wd-underline-colored\">\n\t\t\t\n\t\t\t<div class=\"liner-continer\">\n\t\t\t\t<h4 class=\"woodmart-title-container title  wd-font-weight- wd-fontsize-l\" >Program\u0117l\u0117 Shelly produktams<\/h4>\n\t\t\t\t\t\t\t<\/div>\n\t\t\t\n\t\t\t\t\t\t\t<div class=\"title-after_title  set-cont-mb-s reset-last-child  wd-fontsize-xs\">Valdykite Shelly \u012frenginius i\u0161maniai. Itin pla\u010diai konfig\u016bruojamos i\u0161maniosios relyt\u0117s kuri\u0173 pagalba profesionaliai gal\u0117site automatizuoti ir valdyti savo namus ar ofis\u0105. Galimyb\u0117 valdyti relytes ne tik su program\u0117le telefonu, bet taip pat susikurti ir suprogramuoti unikal\u0173 rely\u010di\u0173 valdym\u0105 ir platform\u0105.<\/div>\n\t\t\t\n\t\t\t\n\t\t<\/div>\n\t\t\n\t\t[vc_single_image image=&#8221;24743&#8243; img_size=&#8221;full&#8221; alignment=&#8221;center&#8221; title=&#8221;Suderinami balso asistentai&#8221; parallax_scroll=&#8221;no&#8221; woodmart_inline=&#8221;no&#8221;][vc_separator wd_hide_on_desktop=&#8221;no&#8221; wd_hide_on_tablet=&#8221;no&#8221; wd_hide_on_mobile=&#8221;no&#8221;]\n\t\t<div id=\"wd-626277cfa6dff\" class=\"title-wrapper wd-wpb set-mb-s reset-last-child  wd-rs-626277cfa6dff wd-title-color-primary wd-title-style-simple text-center  wd-underline-colored\">\n\t\t\t\n\t\t\t<div class=\"liner-continer\">\n\t\t\t\t<h4 class=\"woodmart-title-container title  wd-font-weight- wd-fontsize-l\" >Pritaikykite savo namams<\/h4>\n\t\t\t\t\t\t\t<\/div>\n\t\t\t\n\t\t\t\t\t\t\t<div class=\"title-after_title  set-cont-mb-s reset-last-child  wd-fontsize-xs\">Shelly \u012frenginiai yra suderinami su kitomis pla\u010diausiai pripa\u017eintomis vietin\u0117mis ir Cloud pagr\u012fstomis nam\u0173 automatizavimo platformomis. Norint \u012ftraukti savo Shelly \u012frenginius \u012f nam\u0173 automatizavimo platformas, tokias kaip \u201eGoogle Home\u201c ar \u201eAlexa\u201c, b\u016btina tur\u0117ti \u201eShelly\u201c vartotojo paskyr\u0105.<\/div>\n\t\t\t\n\t\t\t\n\t\t<\/div>\n\t\t\n\t\t\t\t\t<div class=\"info-box-wrapper\">\n\t\t\t\t<div id=\"wd-63415687c2274\" class=\" wd-rs-63415687c2274 wd-info-box wd-wpb text-center box-icon-align-left box-style- color-scheme-dark wd-bg-none wd-items-top with-btn box-btn-static vc_custom_1665226430753\"  >\n\t\t\t\t\t\t\t\t\t\t<div class=\"info-box-content\">\n\t\t\t\t\t\t<h4 class=\"info-box-title title wd-font-weight-400 box-title-style-default wd-fontsize-xxl\">Shelly programavimo s\u0105saja API<\/h4>\t\t\t\t\t\t<div class=\"info-box-inner set-cont-mb-s reset-last-child\"><\/div>\n\n\t\t\t\t\t\t<div class=\"info-btn-wrapper\"><div id=\"wd-6a04d90936df4\" class=\"  wd-button-wrapper text-center\"><a href=\"https:\/\/improveit.lt\/apps\/shelly-api\/\" title=\"shelly API\" target=\"_blank\" class=\"btn btn-color-primary btn-style-default btn-style-rectangle btn-size-default\">Shelly API<\/a><\/div><\/div>\t\t\t\t\t<\/div>\n\n\t\t\t\t\t\t\t\t\t<\/div>\n\t\t\t<\/div>\n\t\t<div id=\"wd-63f87b7c47132\" class=\" wd-rs-63f87b7c47132 vc_custom_1677228988500 wd-button-wrapper text-center\"><a href=\"https:\/\/improveit.lt\/shop\/?filter_brand=shelly\" title=\"SHELLY\" class=\"btn btn-color-primary btn-style-default btn-style-rectangle btn-size-default\">Visi SHELLY produktai<\/a><\/div>[\/vc_column_inner][\/vc_row_inner][\/vc_column][\/vc_row]<\/p>\n<\/section>","protected":false},"excerpt":{"rendered":"<p>[vc_row][vc_column][vc_single_image image=&#8221;24734&#8243; img_size=&#8221;full&#8221; alignment=&#8221;center&#8221; parallax_scroll=&#8221;no&#8221; woodmart_inline=&#8221;no&#8221;][\/vc_column][\/vc_row][vc_row content_placement=&#8221;top&#8221; css=&#8221;.vc_custom_1619544704606{margin-bottom: 8vh !important;}&#8221; mobile_bg_img_hidden=&#8221;no&#8221; tablet_bg_img_hidden=&#8221;no&#8221; woodmart_parallax=&#8221;0&#8243; woodmart_gradient_switch=&#8221;no&#8221; row_reverse_mobile=&#8221;0&#8243; row_reverse_tablet=&#8221;0&#8243; woodmart_disable_overflow=&#8221;0&#8243;][vc_column][vc_row_inner content_placement=&#8221;top&#8221; css=&#8221;.vc_custom_1665234175678{margin-right: 0px<\/p>\n","protected":false},"featured_media":3909,"template":"","meta":[],"product_cat":[299],"product_tag":[41,259],"class_list":{"0":"post-3913","1":"product","2":"type-product","3":"status-publish","4":"has-post-thumbnail","6":"product_cat-priedai","7":"product_tag-shelly","8":"product_tag-shelly-din","9":"product_shipping_class-pastomatai","11":"first","12":"instock","13":"taxable","14":"shipping-taxable","15":"purchasable","16":"product-type-simple"},"yoast_head":"<!-- This site is optimized with the Yoast SEO plugin v20.12 - https:\/\/yoast.com\/wordpress\/plugins\/seo\/ -->\n<title>Shelly Plus Mini dvigubas adapteris ant DIN b\u0117gelio - shelly.lv<\/title>\n<meta name=\"robots\" content=\"index, follow, max-snippet:-1, max-image-preview:large, max-video-preview:-1\" \/>\n<link rel=\"canonical\" href=\"https:\/\/shelly.lv\/lt\/shop\/priedai\/shelly-plus-mini-dvigubas-adapteris-ant-din-begelio\/\" \/>\n<meta property=\"og:locale\" content=\"lt_LT\" \/>\n<meta property=\"og:type\" content=\"article\" \/>\n<meta property=\"og:title\" content=\"Shelly Plus Mini dvigubas adapteris ant DIN b\u0117gelio - shelly.lv\" \/>\n<meta property=\"og:description\" content=\"[vc_row][vc_column][vc_single_image image=&#8221;24734&#8243; img_size=&#8221;full&#8221; alignment=&#8221;center&#8221; parallax_scroll=&#8221;no&#8221; woodmart_inline=&#8221;no&#8221;][\/vc_column][\/vc_row][vc_row content_placement=&#8221;top&#8221; css=&#8221;.vc_custom_1619544704606{margin-bottom: 8vh !important;}&#8221; mobile_bg_img_hidden=&#8221;no&#8221; tablet_bg_img_hidden=&#8221;no&#8221; woodmart_parallax=&#8221;0&#8243; woodmart_gradient_switch=&#8221;no&#8221; row_reverse_mobile=&#8221;0&#8243; row_reverse_tablet=&#8221;0&#8243; woodmart_disable_overflow=&#8221;0&#8243;][vc_column][vc_row_inner content_placement=&#8221;top&#8221; css=&#8221;.vc_custom_1665234175678{margin-right: 0px\" \/>\n<meta property=\"og:url\" content=\"https:\/\/shelly.lv\/lt\/shop\/priedai\/shelly-plus-mini-dvigubas-adapteris-ant-din-begelio\/\" \/>\n<meta property=\"og:site_name\" content=\"shelly.lv\" \/>\n<meta property=\"article:modified_time\" content=\"2026-05-05T14:27:52+00:00\" \/>\n<meta property=\"og:image\" content=\"http:\/\/shelly.lv\/wp-content\/uploads\/2024\/09\/Shelly-adapter-Wave-relehez-1-1704891709332.jpg\" \/>\n\t<meta property=\"og:image:width\" content=\"1000\" \/>\n\t<meta property=\"og:image:height\" content=\"1000\" \/>\n\t<meta property=\"og:image:type\" content=\"image\/jpeg\" \/>\n<meta name=\"twitter:card\" content=\"summary_large_image\" \/>\n<meta name=\"twitter:label1\" content=\"Est. reading time\" \/>\n\t<meta name=\"twitter:data1\" content=\"2 minut\u0117s\" \/>\n<script type=\"application\/ld+json\" class=\"yoast-schema-graph\">{\"@context\":\"https:\/\/schema.org\",\"@graph\":[{\"@type\":\"WebPage\",\"@id\":\"https:\/\/shelly.lv\/lt\/shop\/priedai\/shelly-plus-mini-dvigubas-adapteris-ant-din-begelio\/\",\"url\":\"https:\/\/shelly.lv\/lt\/shop\/priedai\/shelly-plus-mini-dvigubas-adapteris-ant-din-begelio\/\",\"name\":\"Shelly Plus Mini dvigubas adapteris ant DIN b\u0117gelio - shelly.lv\",\"isPartOf\":{\"@id\":\"https:\/\/shelly.lv\/lt\/#website\"},\"datePublished\":\"2024-02-23T09:57:03+00:00\",\"dateModified\":\"2026-05-05T14:27:52+00:00\",\"breadcrumb\":{\"@id\":\"https:\/\/shelly.lv\/lt\/shop\/priedai\/shelly-plus-mini-dvigubas-adapteris-ant-din-begelio\/#breadcrumb\"},\"inLanguage\":\"lt-LT\",\"potentialAction\":[{\"@type\":\"ReadAction\",\"target\":[\"https:\/\/shelly.lv\/lt\/shop\/priedai\/shelly-plus-mini-dvigubas-adapteris-ant-din-begelio\/\"]}]},{\"@type\":\"BreadcrumbList\",\"@id\":\"https:\/\/shelly.lv\/lt\/shop\/priedai\/shelly-plus-mini-dvigubas-adapteris-ant-din-begelio\/#breadcrumb\",\"itemListElement\":[{\"@type\":\"ListItem\",\"position\":1,\"name\":\"Home\",\"item\":\"https:\/\/shelly.lv\/lt\/\"},{\"@type\":\"ListItem\",\"position\":2,\"name\":\"Parduotuv\u0117\",\"item\":\"https:\/\/shelly.lv\/lt\/shop\/\"},{\"@type\":\"ListItem\",\"position\":3,\"name\":\"Shelly Plus Mini dvigubas adapteris ant DIN b\u0117gelio\"}]},{\"@type\":\"WebSite\",\"@id\":\"https:\/\/shelly.lv\/lt\/#website\",\"url\":\"https:\/\/shelly.lv\/lt\/\",\"name\":\"Shelly.lv\",\"description\":\"Shelly Latvia\",\"publisher\":{\"@id\":\"https:\/\/shelly.lv\/lt\/#organization\"},\"potentialAction\":[{\"@type\":\"SearchAction\",\"target\":{\"@type\":\"EntryPoint\",\"urlTemplate\":\"https:\/\/shelly.lv\/lt\/?s={search_term_string}\"},\"query-input\":\"required name=search_term_string\"}],\"inLanguage\":\"lt-LT\"},{\"@type\":\"Organization\",\"@id\":\"https:\/\/shelly.lv\/lt\/#organization\",\"name\":\"Shelly.lv\",\"url\":\"https:\/\/shelly.lv\/lt\/\",\"logo\":{\"@type\":\"ImageObject\",\"inLanguage\":\"lt-LT\",\"@id\":\"https:\/\/shelly.lv\/lt\/#\/schema\/logo\/image\/\",\"url\":\"https:\/\/shelly.lv\/wp-content\/uploads\/2023\/07\/Asset-3.png\",\"contentUrl\":\"https:\/\/shelly.lv\/wp-content\/uploads\/2023\/07\/Asset-3.png\",\"width\":861,\"height\":240,\"caption\":\"Shelly.lv\"},\"image\":{\"@id\":\"https:\/\/shelly.lv\/lt\/#\/schema\/logo\/image\/\"}}]}<\/script>\n<!-- \/ Yoast SEO plugin. -->","yoast_head_json":{"title":"Shelly Plus Mini dvigubas adapteris ant DIN b\u0117gelio - shelly.lv","robots":{"index":"index","follow":"follow","max-snippet":"max-snippet:-1","max-image-preview":"max-image-preview:large","max-video-preview":"max-video-preview:-1"},"canonical":"https:\/\/shelly.lv\/lt\/shop\/priedai\/shelly-plus-mini-dvigubas-adapteris-ant-din-begelio\/","og_locale":"lt_LT","og_type":"article","og_title":"Shelly Plus Mini dvigubas adapteris ant DIN b\u0117gelio - shelly.lv","og_description":"[vc_row][vc_column][vc_single_image image=&#8221;24734&#8243; img_size=&#8221;full&#8221; alignment=&#8221;center&#8221; parallax_scroll=&#8221;no&#8221; woodmart_inline=&#8221;no&#8221;][\/vc_column][\/vc_row][vc_row content_placement=&#8221;top&#8221; css=&#8221;.vc_custom_1619544704606{margin-bottom: 8vh !important;}&#8221; mobile_bg_img_hidden=&#8221;no&#8221; tablet_bg_img_hidden=&#8221;no&#8221; woodmart_parallax=&#8221;0&#8243; woodmart_gradient_switch=&#8221;no&#8221; row_reverse_mobile=&#8221;0&#8243; row_reverse_tablet=&#8221;0&#8243; woodmart_disable_overflow=&#8221;0&#8243;][vc_column][vc_row_inner content_placement=&#8221;top&#8221; css=&#8221;.vc_custom_1665234175678{margin-right: 0px","og_url":"https:\/\/shelly.lv\/lt\/shop\/priedai\/shelly-plus-mini-dvigubas-adapteris-ant-din-begelio\/","og_site_name":"shelly.lv","article_modified_time":"2026-05-05T14:27:52+00:00","og_image":[{"width":1000,"height":1000,"url":"http:\/\/shelly.lv\/wp-content\/uploads\/2024\/09\/Shelly-adapter-Wave-relehez-1-1704891709332.jpg","type":"image\/jpeg"}],"twitter_card":"summary_large_image","twitter_misc":{"Est. reading time":"2 minut\u0117s"},"schema":{"@context":"https:\/\/schema.org","@graph":[{"@type":"WebPage","@id":"https:\/\/shelly.lv\/lt\/shop\/priedai\/shelly-plus-mini-dvigubas-adapteris-ant-din-begelio\/","url":"https:\/\/shelly.lv\/lt\/shop\/priedai\/shelly-plus-mini-dvigubas-adapteris-ant-din-begelio\/","name":"Shelly Plus Mini dvigubas adapteris ant DIN b\u0117gelio - shelly.lv","isPartOf":{"@id":"https:\/\/shelly.lv\/lt\/#website"},"datePublished":"2024-02-23T09:57:03+00:00","dateModified":"2026-05-05T14:27:52+00:00","breadcrumb":{"@id":"https:\/\/shelly.lv\/lt\/shop\/priedai\/shelly-plus-mini-dvigubas-adapteris-ant-din-begelio\/#breadcrumb"},"inLanguage":"lt-LT","potentialAction":[{"@type":"ReadAction","target":["https:\/\/shelly.lv\/lt\/shop\/priedai\/shelly-plus-mini-dvigubas-adapteris-ant-din-begelio\/"]}]},{"@type":"BreadcrumbList","@id":"https:\/\/shelly.lv\/lt\/shop\/priedai\/shelly-plus-mini-dvigubas-adapteris-ant-din-begelio\/#breadcrumb","itemListElement":[{"@type":"ListItem","position":1,"name":"Home","item":"https:\/\/shelly.lv\/lt\/"},{"@type":"ListItem","position":2,"name":"Parduotuv\u0117","item":"https:\/\/shelly.lv\/lt\/shop\/"},{"@type":"ListItem","position":3,"name":"Shelly Plus Mini dvigubas adapteris ant DIN b\u0117gelio"}]},{"@type":"WebSite","@id":"https:\/\/shelly.lv\/lt\/#website","url":"https:\/\/shelly.lv\/lt\/","name":"Shelly.lv","description":"Shelly Latvia","publisher":{"@id":"https:\/\/shelly.lv\/lt\/#organization"},"potentialAction":[{"@type":"SearchAction","target":{"@type":"EntryPoint","urlTemplate":"https:\/\/shelly.lv\/lt\/?s={search_term_string}"},"query-input":"required name=search_term_string"}],"inLanguage":"lt-LT"},{"@type":"Organization","@id":"https:\/\/shelly.lv\/lt\/#organization","name":"Shelly.lv","url":"https:\/\/shelly.lv\/lt\/","logo":{"@type":"ImageObject","inLanguage":"lt-LT","@id":"https:\/\/shelly.lv\/lt\/#\/schema\/logo\/image\/","url":"https:\/\/shelly.lv\/wp-content\/uploads\/2023\/07\/Asset-3.png","contentUrl":"https:\/\/shelly.lv\/wp-content\/uploads\/2023\/07\/Asset-3.png","width":861,"height":240,"caption":"Shelly.lv"},"image":{"@id":"https:\/\/shelly.lv\/lt\/#\/schema\/logo\/image\/"}}]}},"_links":{"self":[{"href":"https:\/\/shelly.lv\/lt\/wp-json\/wp\/v2\/product\/3913","targetHints":{"allow":["GET"]}}],"collection":[{"href":"https:\/\/shelly.lv\/lt\/wp-json\/wp\/v2\/product"}],"about":[{"href":"https:\/\/shelly.lv\/lt\/wp-json\/wp\/v2\/types\/product"}],"wp:featuredmedia":[{"embeddable":true,"href":"https:\/\/shelly.lv\/lt\/wp-json\/wp\/v2\/media\/3909"}],"wp:attachment":[{"href":"https:\/\/shelly.lv\/lt\/wp-json\/wp\/v2\/media?parent=3913"}],"wp:term":[{"taxonomy":"product_cat","embeddable":true,"href":"https:\/\/shelly.lv\/lt\/wp-json\/wp\/v2\/product_cat?post=3913"},{"taxonomy":"product_tag","embeddable":true,"href":"https:\/\/shelly.lv\/lt\/wp-json\/wp\/v2\/product_tag?post=3913"}],"curies":[{"name":"wp","href":"https:\/\/api.w.org\/{rel}","templated":true}]}}