{"id":3925,"date":"2024-01-25T11:55:30","date_gmt":"2024-01-25T09:55:30","guid":{"rendered":"https:\/\/shelly.lv\/veikals\/uncategorized\/shelly-plus-uni\/"},"modified":"2026-04-22T09:28:50","modified_gmt":"2026-04-22T06:28:50","slug":"shelly-plus-uni","status":"publish","type":"product","link":"https:\/\/shelly.lv\/lt\/shop\/plus-serija-lt\/shelly-plus-uni\/","title":{"rendered":"Shelly Plus Uni"},"content":{"rendered":"<section class=\"wpb-content-wrapper\"><p>[vc_row][vc_column][vc_column_text woodmart_inline=&#8221;no&#8221; text_larger=&#8221;no&#8221;][display-apps][\/vc_column_text][\/vc_column][\/vc_row][vc_row content_placement=&#8221;top&#8221; css=&#8221;.vc_custom_1619544704606{margin-bottom: 8vh !important;}&#8221; mobile_bg_img_hidden=&#8221;no&#8221; tablet_bg_img_hidden=&#8221;no&#8221; woodmart_parallax=&#8221;0&#8243; woodmart_gradient_switch=&#8221;no&#8221; row_reverse_mobile=&#8221;0&#8243; row_reverse_tablet=&#8221;0&#8243; woodmart_disable_overflow=&#8221;0&#8243;][vc_column][vc_row_inner content_placement=&#8221;top&#8221; css=&#8221;.vc_custom_1665234175678{margin-right: 0px !important;margin-left: 0px !important;padding-top: 2vh !important;padding-right: 2vh !important;padding-bottom: 2vh !important;padding-left: 2vh !important;background-color: #ffffff !important;}&#8221; row_reverse_mobile=&#8221;0&#8243; row_reverse_tablet=&#8221;0&#8243; woodmart_css_id=&#8221;634174f75117f&#8221; responsive_spacing=&#8221;eyJwYXJhbV90eXBlIjoid29vZG1hcnRfcmVzcG9uc2l2ZV9zcGFjaW5nIiwic2VsZWN0b3JfaWQiOiI2MzQxNzRmNzUxMTdmIiwic2hvcnRjb2RlIjoidmNfcm93X2lubmVyIiwiZGF0YSI6eyJ0YWJsZXQiOnt9LCJtb2JpbGUiOnsicGFkZGluZy1yaWdodCI6IjAiLCJwYWRkaW5nLWxlZnQiOiIwIn19fQ==&#8221; mobile_bg_img_hidden=&#8221;no&#8221; tablet_bg_img_hidden=&#8221;no&#8221; woodmart_parallax=&#8221;0&#8243; woodmart_gradient_switch=&#8221;no&#8221; woodmart_box_shadow=&#8221;no&#8221; wd_z_index=&#8221;no&#8221; woodmart_disable_overflow=&#8221;0&#8243;][vc_column_inner offset=&#8221;vc_col-lg-6 vc_col-md-6 vc_col-xs-12&#8243; woodmart_css_id=&#8221;634175733e66a&#8221; parallax_scroll=&#8221;no&#8221; woodmart_sticky_column=&#8221;false&#8221; wd_collapsible_content_switcher=&#8221;no&#8221; wd_column_role_offcanvas_desktop=&#8221;no&#8221; wd_column_role_offcanvas_tablet=&#8221;no&#8221; wd_column_role_offcanvas_mobile=&#8221;no&#8221; wd_column_role_content_desktop=&#8221;no&#8221; wd_column_role_content_tablet=&#8221;no&#8221; wd_column_role_content_mobile=&#8221;no&#8221; mobile_bg_img_hidden=&#8221;no&#8221; tablet_bg_img_hidden=&#8221;no&#8221; woodmart_parallax=&#8221;0&#8243; woodmart_box_shadow=&#8221;no&#8221; responsive_spacing=&#8221;eyJwYXJhbV90eXBlIjoid29vZG1hcnRfcmVzcG9uc2l2ZV9zcGFjaW5nIiwic2VsZWN0b3JfaWQiOiI2MzQxNzU3MzNlNjZhIiwic2hvcnRjb2RlIjoidmNfY29sdW1uX2lubmVyIiwiZGF0YSI6eyJ0YWJsZXQiOnt9LCJtb2JpbGUiOnsicGFkZGluZy1yaWdodCI6IjdweCIsInBhZGRpbmctbGVmdCI6IjdweCJ9fX0=&#8221; wd_z_index=&#8221;no&#8221; css=&#8221;.vc_custom_1665234300629{padding-top: 0px !important;}&#8221;]\n\t\t<div id=\"wd-65b231abc405d\" class=\"title-wrapper wd-wpb set-mb-s reset-last-child  wd-rs-65b231abc405d wd-title-color-default wd-title-style-default text-center vc_custom_1706176948986 wd-underline-colored\">\n\t\t\t\n\t\t\t<div class=\"liner-continer\">\n\t\t\t\t<h4 class=\"woodmart-title-container title  wd-font-weight-600 wd-fontsize-l\" >Shelly Plus Uni<\/h4>\n\t\t\t\t\t\t\t<\/div>\n\t\t\t\n\t\t\t\n\t\t\t\n\t\t<\/div>\n\t\t\n\t\t\t\t<div id=\"gallery_935\" class=\"wd-images-gallery wd-rs-65b2316f776ee wd-justify-center wd-items-middle view-grid photoswipe-images\" >\n\t\t\t<div class=\"gallery-images row wd-spacing-2\">\n\t\t\t\t\t\t\t\t\t\t\t\t\t\t\t<div class=\"wd-gallery-item col-lg-12 col-md-12 col-sm-12 col-12\">\n\t\t\t\t\t\t\t\t\t\t\t\t\t\t<a href=\"\" data-elementor-open-lightbox=\"no\" data-index=\"1\" data-width=\"\" data-height=\"\"  >\n\t\t\t\t\t\t\t\t\n\t\t\t\t\t\t\t\t\n\t\t\t\t\t\t\t\t\t\t\t\t\t\t\t<\/a>\n\t\t\t\t\t\t\t\t\t\t\t\t<\/div>\n\t\t\t\t\t\t\t\t\t\t\t\t<\/div>\n\t\t<\/div>\n\t\t\t\t[vc_column_text woodmart_inline=&#8221;no&#8221; text_larger=&#8221;no&#8221;]Sukurtas \u017eemos \u012ftampos sistemoms, \u0161is ma\u017eas \u012frenginys si\u016blo pa\u017eang\u0173 automatizavim\u0105 ir \u012f\u017evalg\u0173 steb\u0117jim\u0105. Idealiai tinka \u012fvairioms programoms. Shelly Plus Uni atveria daugyb\u0119 i\u0161mani\u0173j\u0173 galimybi\u0173 j\u016bs\u0173 buitinei technikai.<\/p>\n<p>Shelly Plus Uni (\u012frenginys) yra ma\u017eos formos i\u0161manusis universalus modulis, turintis dvi reles su potencialiais laisvais kontaktais, impuls\u0173 skaitikl\u012f, analogin\u012f ir du skaitmeninius \u012f\u0117jimus. Tai leid\u017eia nuotoliniu b\u016bdu valdyti elektros prietaisus per mobil\u0173j\u012f telefon\u0105, plan\u0161etin\u012f kompiuter\u012f, asmenin\u012f kompiuter\u012f ar nam\u0173 automatikos sistem\u0105. Jis gali veikti atskirai vietiniame \u201eWi-Fi\u201c tinkle arba taip pat gali b\u016bti valdomas naudojant debesies pagrindu veikian\u010dias nam\u0173 automatizavimo paslaugas.<\/p>\n<p>Shelly Plus Uni galima pasiekti, valdyti ir steb\u0117ti nuotoliniu b\u016bdu i\u0161 bet kurios vietos, kur Vartotojas turi interneto ry\u0161\u012f, jei \u012frenginys prijungtas prie \u201eWi-Fi\u201c mar\u0161rutizatoriaus ir interneto.<\/p>\n<p>Shelly Plus Uni turi integruot\u0105 \u017einiatinklio s\u0105saj\u0105, kuri\u0105 galima naudoti \u012frenginiui steb\u0117ti ir valdyti, taip pat reguliuoti jo nustatymus.<\/p>\n<p>Tinka ma\u017eiems prietaisams su \u017eemos \u012ftampos kintamosios ir nuolatin\u0117s srov\u0117s \u012frenginiais (8-24 VAC, 9-28 VDC ir 5 VDC)<\/p>\n<p><strong>Funkcijos<\/strong><\/p>\n<ul>\n<li>Turi du skaitmeninius ir 1 analogin\u012f \u012f\u0117jim\u0105<\/li>\n<li>Palaiko 1 laid\u0173 jutiklius (vienas DHT22 ir iki 5 DS18B20)<\/li>\n<li>Suderinamas su dauguma Arduino jutikli\u0173! Naudokite jo skaitmenines arba analogines \u012fvestis norimiems parametrams i\u0161matuoti ir, remiantis jutiklio duomenimis, sukurti sud\u0117tingas automatizavimo scenas<\/li>\n<li>Gaukite tikslius duomenis i\u0161 savo energijos \/ duj\u0173 \/ vandens skaitiklio (arba bet kurio kito skaitiklio, kuris palaiko impuls\u0173 skai\u010di\u0173 per i\u0161orinius jutiklius)<\/li>\n<li>\u201eWi-Fi\u201c diapazono pl\u0117stuvas ir \u201eBLE Gateway\u201c.<\/li>\n<li>Itin greitas procesorius greitam reakcijai \u2013 ESP32<\/li>\n<li>Palaiko scenarijus, \u017einiatinklio kabliukus, MQTT, WebSocket, HTTPS, UDP, TLS ir pasirinktinius sertifikatus<\/li>\n<\/ul>\n<table class=\"confluenceTable\" data-local-id=\"bfb4c8e8-1f3b-4dd3-ac93-c353cc3916a6\" data-layout=\"default\">\n<tbody>\n<tr>\n<td class=\"confluenceTd\" colspan=\"1\" rowspan=\"1\"><strong>VAC1<\/strong><\/td>\n<td class=\"confluenceTd\" colspan=\"1\" rowspan=\"1\"><em>Raudonas<\/em><\/td>\n<td class=\"confluenceTd\" colspan=\"1\" rowspan=\"1\">8-24 VAC \/ 9-28 VDC power supply input 1<\/td>\n<\/tr>\n<tr>\n<td class=\"confluenceTd\" colspan=\"1\" rowspan=\"1\"><strong>VAC2<\/strong><\/td>\n<td class=\"confluenceTd\" colspan=\"1\" rowspan=\"1\"><em>Juodas<\/em><\/td>\n<td class=\"confluenceTd\" colspan=\"1\" rowspan=\"1\">8-24 VAC \/ 9-28 VDC power supply input 2<\/td>\n<\/tr>\n<tr>\n<td class=\"confluenceTd\" colspan=\"1\" rowspan=\"1\"><strong>ANALOG IN<\/strong><\/td>\n<td class=\"confluenceTd\" colspan=\"1\" rowspan=\"1\"><em>Baltas<\/em><\/td>\n<td class=\"confluenceTd\" colspan=\"1\" rowspan=\"1\">Analog input<\/td>\n<\/tr>\n<tr>\n<td class=\"confluenceTd\" colspan=\"1\" rowspan=\"1\"><strong>SENSOR VCC<\/strong><\/td>\n<td class=\"confluenceTd\" colspan=\"1\" rowspan=\"1\"><em>Geltonas<\/em><\/td>\n<td class=\"confluenceTd\" colspan=\"1\" rowspan=\"1\">Power supply for 1-Wire sensors<\/td>\n<\/tr>\n<tr>\n<td class=\"confluenceTd\" colspan=\"1\" rowspan=\"1\"><strong>DATA<\/strong><\/td>\n<td class=\"confluenceTd\" colspan=\"1\" rowspan=\"1\"><em>M\u0117lynas<\/em><\/td>\n<td class=\"confluenceTd\" colspan=\"1\" rowspan=\"1\">1-Wire data line<\/td>\n<\/tr>\n<tr>\n<td class=\"confluenceTd\" colspan=\"1\" rowspan=\"1\"><strong>+ 5 VDC<\/strong><\/td>\n<td class=\"confluenceTd\" colspan=\"1\" rowspan=\"1\"><em>Pilkas<\/em><\/td>\n<td class=\"confluenceTd\" colspan=\"1\" rowspan=\"1\">5 VDC power supply positive input<\/td>\n<\/tr>\n<tr>\n<td class=\"confluenceTd\" colspan=\"1\" rowspan=\"1\"><strong>GND<\/strong><\/td>\n<td class=\"confluenceTd\" colspan=\"1\" rowspan=\"1\"><em>\u017dalias<\/em><\/td>\n<td class=\"confluenceTd\" colspan=\"1\" rowspan=\"1\">5 VDC power supply ground input and Sensor ground<\/td>\n<\/tr>\n<tr>\n<td class=\"confluenceTd\" colspan=\"1\" rowspan=\"1\"><strong>COUNT IN<\/strong><\/td>\n<td class=\"confluenceTd\" colspan=\"1\" rowspan=\"1\"><em>Violetinis<\/em><\/td>\n<td class=\"confluenceTd\" colspan=\"1\" rowspan=\"1\">Counter input<\/td>\n<\/tr>\n<tr>\n<td class=\"confluenceTd\" colspan=\"1\" rowspan=\"1\"><strong>IN1<\/strong><\/td>\n<td class=\"confluenceTd\" colspan=\"1\" rowspan=\"1\"><em>Orand\u017einis<\/em><\/td>\n<td class=\"confluenceTd\" colspan=\"1\" rowspan=\"1\">Digital input 1<\/td>\n<\/tr>\n<tr>\n<td class=\"confluenceTd\" colspan=\"1\" rowspan=\"1\"><strong>IN2<\/strong><\/td>\n<td class=\"confluenceTd\" colspan=\"1\" rowspan=\"1\"><em>Rudas<\/em><\/td>\n<td class=\"confluenceTd\" colspan=\"1\" rowspan=\"1\">Digital input 2<\/td>\n<\/tr>\n<tr>\n<td class=\"confluenceTd\" colspan=\"1\" rowspan=\"1\"><strong>OUT 1<\/strong><\/td>\n<td class=\"confluenceTd\" colspan=\"1\" rowspan=\"1\"><em>Juodas<\/em><\/td>\n<td class=\"confluenceTd\" colspan=\"1\" rowspan=\"1\">Solid-state relay 1 terminals<\/td>\n<\/tr>\n<tr>\n<td class=\"confluenceTd\" colspan=\"1\" rowspan=\"1\"><strong>OUT 2<\/strong><\/td>\n<td class=\"confluenceTd\" colspan=\"1\" rowspan=\"1\"><em>Juodas<\/em><\/td>\n<td class=\"confluenceTd\" colspan=\"1\" rowspan=\"1\">Solid-state relay 2 terminals<\/td>\n<\/tr>\n<\/tbody>\n<\/table>\n<p>[\/vc_column_text]\t\t<div id=\"gallery_491\" class=\"wd-images-gallery wd-rs-65b231317fc02 wd-justify-center wd-items-middle view-grid photoswipe-images\" >\n\t\t\t<div class=\"gallery-images row wd-spacing-2\">\n\t\t\t\t\t\t\t\t\t\t\t\t\t\t\t<div class=\"wd-gallery-item col-lg-12 col-md-12 col-sm-12 col-12\">\n\t\t\t\t\t\t\t\t\t\t\t\t\t\t<a href=\"\" data-elementor-open-lightbox=\"no\" data-index=\"1\" data-width=\"\" data-height=\"\"  >\n\t\t\t\t\t\t\t\t\n\t\t\t\t\t\t\t\t\n\t\t\t\t\t\t\t\t\t\t\t\t\t\t\t<\/a>\n\t\t\t\t\t\t\t\t\t\t\t\t<\/div>\n\t\t\t\t\t\t\t\t\t\t\t<div class=\"wd-gallery-item col-lg-12 col-md-12 col-sm-12 col-12\">\n\t\t\t\t\t\t\t\t\t\t\t\t\t\t<a href=\"\" data-elementor-open-lightbox=\"no\" data-index=\"2\" data-width=\"\" data-height=\"\"  >\n\t\t\t\t\t\t\t\t\n\t\t\t\t\t\t\t\t\n\t\t\t\t\t\t\t\t\t\t\t\t\t\t\t<\/a>\n\t\t\t\t\t\t\t\t\t\t\t\t<\/div>\n\t\t\t\t\t\t\t\t\t\t\t\t<\/div>\n\t\t<\/div>\n\t\t\t\t[vc_video link=&#8221;&#8221; el_width=&#8221;80&#8243; align=&#8221;center&#8221; image_poster_switch=&#8221;no&#8221;][\/vc_column_inner][vc_column_inner css=&#8221;.vc_custom_1665234239863{padding-top: 50px !important;padding-right: 10% !important;padding-bottom: 2vh !important;padding-left: 10% !important;background-color: #f3f3f3 !important;}&#8221; offset=&#8221;vc_col-lg-6 vc_col-md-6 vc_col-xs-12&#8243; woodmart_css_id=&#8221;6341752ee3720&#8243; parallax_scroll=&#8221;no&#8221; woodmart_sticky_column=&#8221;false&#8221; wd_collapsible_content_switcher=&#8221;no&#8221; wd_column_role_offcanvas_desktop=&#8221;no&#8221; wd_column_role_offcanvas_tablet=&#8221;no&#8221; wd_column_role_offcanvas_mobile=&#8221;no&#8221; wd_column_role_content_desktop=&#8221;no&#8221; wd_column_role_content_tablet=&#8221;no&#8221; wd_column_role_content_mobile=&#8221;no&#8221; mobile_bg_img_hidden=&#8221;no&#8221; tablet_bg_img_hidden=&#8221;no&#8221; woodmart_parallax=&#8221;0&#8243; woodmart_box_shadow=&#8221;no&#8221; responsive_spacing=&#8221;eyJwYXJhbV90eXBlIjoid29vZG1hcnRfcmVzcG9uc2l2ZV9zcGFjaW5nIiwic2VsZWN0b3JfaWQiOiI2MzQxNzUyZWUzNzIwIiwic2hvcnRjb2RlIjoidmNfY29sdW1uX2lubmVyIiwiZGF0YSI6eyJ0YWJsZXQiOnt9LCJtb2JpbGUiOnsicGFkZGluZy1yaWdodCI6IjdweCIsInBhZGRpbmctbGVmdCI6IjdweCJ9fX0=&#8221; wd_z_index=&#8221;no&#8221;][\/vc_column_inner][\/vc_row_inner][\/vc_column][\/vc_row]<\/p>\n<\/section>","protected":false},"excerpt":{"rendered":"<p>[vc_row][vc_column][vc_column_text woodmart_inline=&#8221;no&#8221; text_larger=&#8221;no&#8221;][display-apps][\/vc_column_text][\/vc_column][\/vc_row][vc_row content_placement=&#8221;top&#8221; css=&#8221;.vc_custom_1619544704606{margin-bottom: 8vh !important;}&#8221; mobile_bg_img_hidden=&#8221;no&#8221; tablet_bg_img_hidden=&#8221;no&#8221; woodmart_parallax=&#8221;0&#8243; woodmart_gradient_switch=&#8221;no&#8221; row_reverse_mobile=&#8221;0&#8243; row_reverse_tablet=&#8221;0&#8243; woodmart_disable_overflow=&#8221;0&#8243;][vc_column][vc_row_inner content_placement=&#8221;top&#8221; css=&#8221;.vc_custom_1665234175678{margin-right: 0px !important;margin-left: 0px !important;padding-top:<\/p>\n","protected":false},"featured_media":3919,"template":"","meta":[],"product_cat":[296,297],"product_tag":[41,200],"class_list":{"0":"post-3925","1":"product","2":"type-product","3":"status-publish","4":"has-post-thumbnail","6":"product_cat-plus-serija-lt","7":"product_cat-ismaniosios-reles","8":"product_tag-shelly","9":"product_tag-shelly-plus","10":"product_shipping_class-pastomatai","12":"first","13":"outofstock","14":"taxable","15":"shipping-taxable","16":"purchasable","17":"product-type-simple"},"yoast_head":"<!-- This site is optimized with the Yoast SEO plugin v20.12 - https:\/\/yoast.com\/wordpress\/plugins\/seo\/ -->\n<title>Shelly Plus Uni - shelly.lv<\/title>\n<meta name=\"robots\" content=\"index, follow, max-snippet:-1, max-image-preview:large, max-video-preview:-1\" \/>\n<link rel=\"canonical\" href=\"https:\/\/shelly.lv\/lt\/shop\/plus-serija-lt\/shelly-plus-uni\/\" \/>\n<meta property=\"og:locale\" content=\"lt_LT\" \/>\n<meta property=\"og:type\" content=\"article\" \/>\n<meta property=\"og:title\" content=\"Shelly Plus Uni - shelly.lv\" \/>\n<meta property=\"og:description\" content=\"[vc_row][vc_column][vc_column_text woodmart_inline=&#8221;no&#8221; text_larger=&#8221;no&#8221;][display-apps][\/vc_column_text][\/vc_column][\/vc_row][vc_row content_placement=&#8221;top&#8221; css=&#8221;.vc_custom_1619544704606{margin-bottom: 8vh !important;}&#8221; mobile_bg_img_hidden=&#8221;no&#8221; tablet_bg_img_hidden=&#8221;no&#8221; woodmart_parallax=&#8221;0&#8243; woodmart_gradient_switch=&#8221;no&#8221; row_reverse_mobile=&#8221;0&#8243; row_reverse_tablet=&#8221;0&#8243; woodmart_disable_overflow=&#8221;0&#8243;][vc_column][vc_row_inner content_placement=&#8221;top&#8221; css=&#8221;.vc_custom_1665234175678{margin-right: 0px !important;margin-left: 0px !important;padding-top:\" \/>\n<meta property=\"og:url\" content=\"https:\/\/shelly.lv\/lt\/shop\/plus-serija-lt\/shelly-plus-uni\/\" \/>\n<meta property=\"og:site_name\" content=\"shelly.lv\" \/>\n<meta property=\"article:modified_time\" content=\"2026-04-22T06:28:50+00:00\" \/>\n<meta property=\"og:image\" content=\"http:\/\/shelly.lv\/wp-content\/uploads\/2024\/09\/Shelly_Plus_UNI_04.webp\" \/>\n\t<meta property=\"og:image:width\" content=\"625\" \/>\n\t<meta property=\"og:image:height\" content=\"625\" \/>\n\t<meta property=\"og:image:type\" content=\"image\/webp\" \/>\n<meta name=\"twitter:card\" content=\"summary_large_image\" \/>\n<meta name=\"twitter:label1\" content=\"Est. reading time\" \/>\n\t<meta name=\"twitter:data1\" content=\"3 minut\u0117s\" \/>\n<script type=\"application\/ld+json\" class=\"yoast-schema-graph\">{\"@context\":\"https:\/\/schema.org\",\"@graph\":[{\"@type\":\"WebPage\",\"@id\":\"https:\/\/shelly.lv\/lt\/shop\/plus-serija-lt\/shelly-plus-uni\/\",\"url\":\"https:\/\/shelly.lv\/lt\/shop\/plus-serija-lt\/shelly-plus-uni\/\",\"name\":\"Shelly Plus Uni - shelly.lv\",\"isPartOf\":{\"@id\":\"https:\/\/shelly.lv\/lt\/#website\"},\"datePublished\":\"2024-01-25T09:55:30+00:00\",\"dateModified\":\"2026-04-22T06:28:50+00:00\",\"breadcrumb\":{\"@id\":\"https:\/\/shelly.lv\/lt\/shop\/plus-serija-lt\/shelly-plus-uni\/#breadcrumb\"},\"inLanguage\":\"lt-LT\",\"potentialAction\":[{\"@type\":\"ReadAction\",\"target\":[\"https:\/\/shelly.lv\/lt\/shop\/plus-serija-lt\/shelly-plus-uni\/\"]}]},{\"@type\":\"BreadcrumbList\",\"@id\":\"https:\/\/shelly.lv\/lt\/shop\/plus-serija-lt\/shelly-plus-uni\/#breadcrumb\",\"itemListElement\":[{\"@type\":\"ListItem\",\"position\":1,\"name\":\"Home\",\"item\":\"https:\/\/shelly.lv\/lt\/\"},{\"@type\":\"ListItem\",\"position\":2,\"name\":\"Parduotuv\u0117\",\"item\":\"https:\/\/shelly.lv\/lt\/shop\/\"},{\"@type\":\"ListItem\",\"position\":3,\"name\":\"Shelly Plus Uni\"}]},{\"@type\":\"WebSite\",\"@id\":\"https:\/\/shelly.lv\/lt\/#website\",\"url\":\"https:\/\/shelly.lv\/lt\/\",\"name\":\"Shelly.lv\",\"description\":\"Shelly Latvia\",\"publisher\":{\"@id\":\"https:\/\/shelly.lv\/lt\/#organization\"},\"potentialAction\":[{\"@type\":\"SearchAction\",\"target\":{\"@type\":\"EntryPoint\",\"urlTemplate\":\"https:\/\/shelly.lv\/lt\/?s={search_term_string}\"},\"query-input\":\"required name=search_term_string\"}],\"inLanguage\":\"lt-LT\"},{\"@type\":\"Organization\",\"@id\":\"https:\/\/shelly.lv\/lt\/#organization\",\"name\":\"Shelly.lv\",\"url\":\"https:\/\/shelly.lv\/lt\/\",\"logo\":{\"@type\":\"ImageObject\",\"inLanguage\":\"lt-LT\",\"@id\":\"https:\/\/shelly.lv\/lt\/#\/schema\/logo\/image\/\",\"url\":\"https:\/\/shelly.lv\/wp-content\/uploads\/2023\/07\/Asset-3.png\",\"contentUrl\":\"https:\/\/shelly.lv\/wp-content\/uploads\/2023\/07\/Asset-3.png\",\"width\":861,\"height\":240,\"caption\":\"Shelly.lv\"},\"image\":{\"@id\":\"https:\/\/shelly.lv\/lt\/#\/schema\/logo\/image\/\"}}]}<\/script>\n<!-- \/ Yoast SEO plugin. -->","yoast_head_json":{"title":"Shelly Plus Uni - shelly.lv","robots":{"index":"index","follow":"follow","max-snippet":"max-snippet:-1","max-image-preview":"max-image-preview:large","max-video-preview":"max-video-preview:-1"},"canonical":"https:\/\/shelly.lv\/lt\/shop\/plus-serija-lt\/shelly-plus-uni\/","og_locale":"lt_LT","og_type":"article","og_title":"Shelly Plus Uni - shelly.lv","og_description":"[vc_row][vc_column][vc_column_text woodmart_inline=&#8221;no&#8221; text_larger=&#8221;no&#8221;][display-apps][\/vc_column_text][\/vc_column][\/vc_row][vc_row content_placement=&#8221;top&#8221; css=&#8221;.vc_custom_1619544704606{margin-bottom: 8vh !important;}&#8221; mobile_bg_img_hidden=&#8221;no&#8221; tablet_bg_img_hidden=&#8221;no&#8221; woodmart_parallax=&#8221;0&#8243; woodmart_gradient_switch=&#8221;no&#8221; row_reverse_mobile=&#8221;0&#8243; row_reverse_tablet=&#8221;0&#8243; woodmart_disable_overflow=&#8221;0&#8243;][vc_column][vc_row_inner content_placement=&#8221;top&#8221; css=&#8221;.vc_custom_1665234175678{margin-right: 0px !important;margin-left: 0px !important;padding-top:","og_url":"https:\/\/shelly.lv\/lt\/shop\/plus-serija-lt\/shelly-plus-uni\/","og_site_name":"shelly.lv","article_modified_time":"2026-04-22T06:28:50+00:00","og_image":[{"width":625,"height":625,"url":"http:\/\/shelly.lv\/wp-content\/uploads\/2024\/09\/Shelly_Plus_UNI_04.webp","type":"image\/webp"}],"twitter_card":"summary_large_image","twitter_misc":{"Est. reading time":"3 minut\u0117s"},"schema":{"@context":"https:\/\/schema.org","@graph":[{"@type":"WebPage","@id":"https:\/\/shelly.lv\/lt\/shop\/plus-serija-lt\/shelly-plus-uni\/","url":"https:\/\/shelly.lv\/lt\/shop\/plus-serija-lt\/shelly-plus-uni\/","name":"Shelly Plus Uni - shelly.lv","isPartOf":{"@id":"https:\/\/shelly.lv\/lt\/#website"},"datePublished":"2024-01-25T09:55:30+00:00","dateModified":"2026-04-22T06:28:50+00:00","breadcrumb":{"@id":"https:\/\/shelly.lv\/lt\/shop\/plus-serija-lt\/shelly-plus-uni\/#breadcrumb"},"inLanguage":"lt-LT","potentialAction":[{"@type":"ReadAction","target":["https:\/\/shelly.lv\/lt\/shop\/plus-serija-lt\/shelly-plus-uni\/"]}]},{"@type":"BreadcrumbList","@id":"https:\/\/shelly.lv\/lt\/shop\/plus-serija-lt\/shelly-plus-uni\/#breadcrumb","itemListElement":[{"@type":"ListItem","position":1,"name":"Home","item":"https:\/\/shelly.lv\/lt\/"},{"@type":"ListItem","position":2,"name":"Parduotuv\u0117","item":"https:\/\/shelly.lv\/lt\/shop\/"},{"@type":"ListItem","position":3,"name":"Shelly Plus Uni"}]},{"@type":"WebSite","@id":"https:\/\/shelly.lv\/lt\/#website","url":"https:\/\/shelly.lv\/lt\/","name":"Shelly.lv","description":"Shelly Latvia","publisher":{"@id":"https:\/\/shelly.lv\/lt\/#organization"},"potentialAction":[{"@type":"SearchAction","target":{"@type":"EntryPoint","urlTemplate":"https:\/\/shelly.lv\/lt\/?s={search_term_string}"},"query-input":"required name=search_term_string"}],"inLanguage":"lt-LT"},{"@type":"Organization","@id":"https:\/\/shelly.lv\/lt\/#organization","name":"Shelly.lv","url":"https:\/\/shelly.lv\/lt\/","logo":{"@type":"ImageObject","inLanguage":"lt-LT","@id":"https:\/\/shelly.lv\/lt\/#\/schema\/logo\/image\/","url":"https:\/\/shelly.lv\/wp-content\/uploads\/2023\/07\/Asset-3.png","contentUrl":"https:\/\/shelly.lv\/wp-content\/uploads\/2023\/07\/Asset-3.png","width":861,"height":240,"caption":"Shelly.lv"},"image":{"@id":"https:\/\/shelly.lv\/lt\/#\/schema\/logo\/image\/"}}]}},"_links":{"self":[{"href":"https:\/\/shelly.lv\/lt\/wp-json\/wp\/v2\/product\/3925","targetHints":{"allow":["GET"]}}],"collection":[{"href":"https:\/\/shelly.lv\/lt\/wp-json\/wp\/v2\/product"}],"about":[{"href":"https:\/\/shelly.lv\/lt\/wp-json\/wp\/v2\/types\/product"}],"wp:featuredmedia":[{"embeddable":true,"href":"https:\/\/shelly.lv\/lt\/wp-json\/wp\/v2\/media\/3919"}],"wp:attachment":[{"href":"https:\/\/shelly.lv\/lt\/wp-json\/wp\/v2\/media?parent=3925"}],"wp:term":[{"taxonomy":"product_cat","embeddable":true,"href":"https:\/\/shelly.lv\/lt\/wp-json\/wp\/v2\/product_cat?post=3925"},{"taxonomy":"product_tag","embeddable":true,"href":"https:\/\/shelly.lv\/lt\/wp-json\/wp\/v2\/product_tag?post=3925"}],"curies":[{"name":"wp","href":"https:\/\/api.w.org\/{rel}","templated":true}]}}