{"id":3932,"date":"2024-01-25T11:49:44","date_gmt":"2024-01-25T09:49:44","guid":{"rendered":"https:\/\/shelly.lv\/veikals\/uncategorized\/shelly-ht-gen3-wifi-temperaturos-ir-dregmes-sensorius-ivory\/"},"modified":"2026-04-30T22:03:17","modified_gmt":"2026-04-30T19:03:17","slug":"shelly-ht-gen3-wifi-temperaturos-ir-dregmes-sensorius-ivory","status":"publish","type":"product","link":"https:\/\/shelly.lv\/lt\/shop\/sensoriai\/shelly-ht-gen3-wifi-temperaturos-ir-dregmes-sensorius-ivory\/","title":{"rendered":"Shelly H&amp;T GEN3 Wifi temperat\u016bros ir dr\u0117gm\u0117s sensorius IVORY"},"content":{"rendered":"<section class=\"wpb-content-wrapper\"><p>[vc_row][vc_column][vc_column_text woodmart_inline=&#8221;no&#8221; text_larger=&#8221;no&#8221;][display-apps][\/vc_column_text][\/vc_column][\/vc_row][vc_row content_placement=&#8221;top&#8221; css=&#8221;.vc_custom_1619544704606{margin-bottom: 8vh !important;}&#8221; mobile_bg_img_hidden=&#8221;no&#8221; tablet_bg_img_hidden=&#8221;no&#8221; woodmart_parallax=&#8221;0&#8243; woodmart_gradient_switch=&#8221;no&#8221; row_reverse_mobile=&#8221;0&#8243; row_reverse_tablet=&#8221;0&#8243; woodmart_disable_overflow=&#8221;0&#8243;][vc_column][vc_row_inner content_placement=&#8221;top&#8221; css=&#8221;.vc_custom_1665234175678{margin-right: 0px !important;margin-left: 0px !important;padding-top: 2vh !important;padding-right: 2vh !important;padding-bottom: 2vh !important;padding-left: 2vh !important;background-color: #ffffff !important;}&#8221; row_reverse_mobile=&#8221;0&#8243; row_reverse_tablet=&#8221;0&#8243; woodmart_css_id=&#8221;634174f75117f&#8221; responsive_spacing=&#8221;eyJwYXJhbV90eXBlIjoid29vZG1hcnRfcmVzcG9uc2l2ZV9zcGFjaW5nIiwic2VsZWN0b3JfaWQiOiI2MzQxNzRmNzUxMTdmIiwic2hvcnRjb2RlIjoidmNfcm93X2lubmVyIiwiZGF0YSI6eyJ0YWJsZXQiOnt9LCJtb2JpbGUiOnsicGFkZGluZy1yaWdodCI6IjAiLCJwYWRkaW5nLWxlZnQiOiIwIn19fQ==&#8221; mobile_bg_img_hidden=&#8221;no&#8221; tablet_bg_img_hidden=&#8221;no&#8221; woodmart_parallax=&#8221;0&#8243; woodmart_gradient_switch=&#8221;no&#8221; woodmart_box_shadow=&#8221;no&#8221; wd_z_index=&#8221;no&#8221; woodmart_disable_overflow=&#8221;0&#8243;][vc_column_inner offset=&#8221;vc_col-lg-6 vc_col-md-6 vc_col-xs-12&#8243; woodmart_css_id=&#8221;634175733e66a&#8221; parallax_scroll=&#8221;no&#8221; woodmart_sticky_column=&#8221;false&#8221; wd_collapsible_content_switcher=&#8221;no&#8221; wd_column_role_offcanvas_desktop=&#8221;no&#8221; wd_column_role_offcanvas_tablet=&#8221;no&#8221; wd_column_role_offcanvas_mobile=&#8221;no&#8221; wd_column_role_content_desktop=&#8221;no&#8221; wd_column_role_content_tablet=&#8221;no&#8221; wd_column_role_content_mobile=&#8221;no&#8221; mobile_bg_img_hidden=&#8221;no&#8221; tablet_bg_img_hidden=&#8221;no&#8221; woodmart_parallax=&#8221;0&#8243; woodmart_box_shadow=&#8221;no&#8221; responsive_spacing=&#8221;eyJwYXJhbV90eXBlIjoid29vZG1hcnRfcmVzcG9uc2l2ZV9zcGFjaW5nIiwic2VsZWN0b3JfaWQiOiI2MzQxNzU3MzNlNjZhIiwic2hvcnRjb2RlIjoidmNfY29sdW1uX2lubmVyIiwiZGF0YSI6eyJ0YWJsZXQiOnt9LCJtb2JpbGUiOnsicGFkZGluZy1yaWdodCI6IjdweCIsInBhZGRpbmctbGVmdCI6IjdweCJ9fX0=&#8221; wd_z_index=&#8221;no&#8221; css=&#8221;.vc_custom_1665234300629{padding-top: 0px !important;}&#8221;]\n\t\t<div id=\"wd-65b1014a859fb\" class=\"title-wrapper wd-wpb set-mb-s reset-last-child  wd-rs-65b1014a859fb wd-title-color-default wd-title-style-default text-center vc_custom_1706099027833 wd-underline-colored\">\n\t\t\t\n\t\t\t<div class=\"liner-continer\">\n\t\t\t\t<h4 class=\"woodmart-title-container title  wd-font-weight-600 wd-fontsize-l\" >Shelly H&amp;T GEN3<\/h4>\n\t\t\t\t\t\t\t<\/div>\n\t\t\t\n\t\t\t\n\t\t\t\n\t\t<\/div>\n\t\t\n\t\t[vc_column_text woodmart_inline=&#8221;no&#8221; text_larger=&#8221;no&#8221;]Shelly H&amp;T Gen3 yra naujos kartos \u201eWi-Fi\u201c temperat\u016bros ir dr\u0117gm\u0117s jutiklis. \u0160is jutiklis tiksliai seka temperat\u016br\u0105 ir dr\u0117gm\u0119, kurios yra b\u016btinos sveikai nam\u0173 aplinkai. Sujunkite j\u012f su kitais Shelly \u012frenginiais, kad gal\u0117tum\u0117te skland\u017eiai automatizuoti klimat\u0105 ir u\u017etikrinti optimal\u0173 komfort\u0105 ir gerov\u0119 j\u016bs\u0173 gyvenamojoje erdv\u0117je.<\/p>\n<ul>\n<li>Nereikalinga central\u0117! Lengvas valdymas naudojant Shelly Smart Control program\u0117l\u0119, taip pat \u012fvairius protokolus, platformas ir balso asistentus<\/li>\n<li>\u012erengtas naujas Shelly lustas: 8 MB atminties ir greitesnis atsakas<\/li>\n<li><strong>Matter-upgradable<\/strong><\/li>\n<li>Patobulintas ma\u017eai sunaudojan\u010diu elektroninio popieriaus ekranu ir \u012fmontuotu laikrod\u017eiu<\/li>\n<li>Veikia su C tipo USB lizdu (greitesniam prijungimui)<\/li>\n<li>Baterijos 4 x 1,5 V AA (LR) baterijos (\u012f komplekt\u0105 ne\u012feina)<\/li>\n<li>Ma\u017eas akumuliatoriaus suvartojimas (iki 1 met\u0173 baterij\u0173 veikimo laikas)<\/li>\n<li>Tvirtinama prie sienos<\/li>\n<li>Turi integruot\u0105 \u017einiatinklio server\u012f ir jungiasi prie j\u016bs\u0173 Wi-Fi tinklo<\/li>\n<\/ul>\n<p>Atraskite patobulintos atminties gali\u0105 su Shelly H&amp;T Gen3. \u012erengtas m\u016bs\u0173 \u201eShelly\u201c lustas su 8 MB atminties, jis dvigubai padidina efektyvum\u0105 ir greit\u012f. Atminties talpos \u0161uolis parengia Gen3 \u012frenginius b\u016bsimoms funkcijoms, u\u017etikrina sklandesn\u012f veikim\u0105 ir greitesn\u012f atsak\u0105, u\u017etikrinant, kad j\u016bs\u0173 aplinka b\u016bt\u0173 stebima neprilygstamai tiksliai ir lengvai.<\/p>\n<p><strong>Dabar daugiau spalv\u0173<\/strong><\/p>\n<p>Patirkite tobul\u0105 funkcionalumo ir stiliaus derin\u012f su Shelly H&amp;T Gen3, kur\u012f dabar galima \u012fsigyti trij\u0173 nauj\u0173 spalv\u0173. Nesvarbu, ar jums labiau patinka subtilus prisilietimas, ar dr\u0105sus teiginys, \u201eShelly H&amp;T Gen3\u201c prisitaiko prie j\u016bs\u0173 stiliaus, tod\u0117l j\u016bs\u0173 nam\u0173 patogumas ir dizainas puikiai dera. Tai ne tik funkcionalumas; Tai yra j\u016bs\u0173 gyvenamosios erdv\u0117s papildymas \u012frenginiu, kuris atrodo kaip sukurtas kaip tik jums.<\/p>\n<p>&nbsp;<\/p>\n<p><strong>Dvigubas maitinimo \u0161altinis<\/strong><\/p>\n<p>4 x \u012fprastos 1,5 V AA (LR) baterijos \u2013 naudojant su baterijomis, \u201eShelly H&amp;T Gen3\u201c akumuliatoriaus veikimo laikas yra daugiau nei vieneri metai d\u0117l ma\u017eai energijos suvartojan\u010dio ekrano.<\/p>\n<p>USB maitinimas \u2013 \u201eShelly H&amp;T Gen3\u201c yra patobulintas C tipo USB lizdu, kuris u\u017etikrina nuolatin\u012f maitinim\u0105, greitesn\u012f ry\u0161\u012f ir da\u017enesnius prane\u0161imus.<\/p>\n<p>* USB lizdas negali b\u016bti naudojamas \u012frenginio baterijoms \u012fkrauti.<\/p>\n<p>&nbsp;<\/p>\n<p>Lengvas \u0161ildymas: \u201eShelly H&amp;T\u201c i\u0161manioji klimato kontrol\u0117 \u2013 be vargo pakeiskite savo sen\u0105 \u0161ildytuv\u0105 \u012f i\u0161man\u0173j\u012f. Papras\u010diausiai prijung\u0119 \u0161ildytuv\u0105 prie \u201eShelly Plug\u201c, o paskui su \u201eShelly H&amp;T Gen3\u201c, galite sukurti scen\u0105, kuri suaktyvins \u0161ildytuv\u0105 prie\u0161 pat nukritus temperat\u016brai. \u0160i i\u0161mani automatika u\u017etikrina, kad j\u016bs\u0173 namuose visada b\u016bt\u0173 patogiai \u0161ilta ir efektyvu.<\/p>\n<p>Sumanus dr\u0117gm\u0117s valdymas \u2013 palaikykite sveik\u0105 aplink\u0105 savo vonios kambaryje naudodami \u201eShelly H&amp;T Gen3\u201c. Sujung\u0119 jutikl\u012f su Shelly Plus 1, prijungtu prie vonios ventiliatoriaus, galite lengvai automatizuoti dr\u0117gm\u0117s valdym\u0105. Nustatykite scen\u0105, kurioje, aptik\u0119s auk\u0161t\u0105 dr\u0117gm\u0117s lyg\u012f, \u201eShelly Plus 1\u201c \u012fjungia ventiliatori\u0173, efektyviai suma\u017eindamas dr\u0117gm\u0119. Tai suteikia j\u016bs\u0173 kasdienybei patogumo ir u\u017etikrina, kad j\u016bs\u0173 vonios kambarys automati\u0161kai i\u0161liks patogus ir sausas.[\/vc_column_text]\t\t<div id=\"gallery_804\" class=\"wd-images-gallery wd-rs-65b109f7546a9 wd-justify-center wd-items-middle view-grid photoswipe-images\" >\n\t\t\t<div class=\"gallery-images row wd-spacing-2\">\n\t\t\t\t\t\t\t\t\t\t\t\t\t\t\t<div class=\"wd-gallery-item col-lg-12 col-md-12 col-sm-12 col-12\">\n\t\t\t\t\t\t\t\t\t\t\t\t\t\t<a href=\"\" data-elementor-open-lightbox=\"no\" data-index=\"1\" data-width=\"\" data-height=\"\"  >\n\t\t\t\t\t\t\t\t\n\t\t\t\t\t\t\t\t\n\t\t\t\t\t\t\t\t\t\t\t\t\t\t\t<\/a>\n\t\t\t\t\t\t\t\t\t\t\t\t<\/div>\n\t\t\t\t\t\t\t\t\t\t\t\t<\/div>\n\t\t<\/div>\n\t\t\t\t[vc_video link=&#8221;&#8221; el_width=&#8221;80&#8243; align=&#8221;center&#8221; image_poster_switch=&#8221;no&#8221;][\/vc_column_inner][vc_column_inner css=&#8221;.vc_custom_1665234239863{padding-top: 50px !important;padding-right: 10% !important;padding-bottom: 2vh !important;padding-left: 10% !important;background-color: #f3f3f3 !important;}&#8221; offset=&#8221;vc_col-lg-6 vc_col-md-6 vc_col-xs-12&#8243; woodmart_css_id=&#8221;6341752ee3720&#8243; parallax_scroll=&#8221;no&#8221; woodmart_sticky_column=&#8221;false&#8221; wd_collapsible_content_switcher=&#8221;no&#8221; wd_column_role_offcanvas_desktop=&#8221;no&#8221; wd_column_role_offcanvas_tablet=&#8221;no&#8221; wd_column_role_offcanvas_mobile=&#8221;no&#8221; wd_column_role_content_desktop=&#8221;no&#8221; wd_column_role_content_tablet=&#8221;no&#8221; wd_column_role_content_mobile=&#8221;no&#8221; mobile_bg_img_hidden=&#8221;no&#8221; tablet_bg_img_hidden=&#8221;no&#8221; woodmart_parallax=&#8221;0&#8243; woodmart_box_shadow=&#8221;no&#8221; responsive_spacing=&#8221;eyJwYXJhbV90eXBlIjoid29vZG1hcnRfcmVzcG9uc2l2ZV9zcGFjaW5nIiwic2VsZWN0b3JfaWQiOiI2MzQxNzUyZWUzNzIwIiwic2hvcnRjb2RlIjoidmNfY29sdW1uX2lubmVyIiwiZGF0YSI6eyJ0YWJsZXQiOnt9LCJtb2JpbGUiOnsicGFkZGluZy1yaWdodCI6IjdweCIsInBhZGRpbmctbGVmdCI6IjdweCJ9fX0=&#8221; wd_z_index=&#8221;no&#8221;][\/vc_column_inner][\/vc_row_inner][\/vc_column][\/vc_row]<\/p>\n<\/section>","protected":false},"excerpt":{"rendered":"<p>[vc_row][vc_column][vc_column_text woodmart_inline=&#8221;no&#8221; text_larger=&#8221;no&#8221;][display-apps][\/vc_column_text][\/vc_column][\/vc_row][vc_row content_placement=&#8221;top&#8221; css=&#8221;.vc_custom_1619544704606{margin-bottom: 8vh !important;}&#8221; mobile_bg_img_hidden=&#8221;no&#8221; tablet_bg_img_hidden=&#8221;no&#8221; woodmart_parallax=&#8221;0&#8243; woodmart_gradient_switch=&#8221;no&#8221; row_reverse_mobile=&#8221;0&#8243; row_reverse_tablet=&#8221;0&#8243; woodmart_disable_overflow=&#8221;0&#8243;][vc_column][vc_row_inner content_placement=&#8221;top&#8221; css=&#8221;.vc_custom_1665234175678{margin-right: 0px !important;margin-left: 0px !important;padding-top:<\/p>\n","protected":false},"featured_media":3926,"template":"","meta":[],"product_cat":[689,298],"product_tag":[41],"class_list":{"0":"post-3932","1":"product","2":"type-product","3":"status-publish","4":"has-post-thumbnail","6":"product_cat-gen3","7":"product_cat-sensoriai","8":"product_tag-shelly","9":"product_shipping_class-pastomatai","11":"first","12":"outofstock","13":"taxable","14":"shipping-taxable","15":"purchasable","16":"product-type-simple"},"yoast_head":"<!-- This site is optimized with the Yoast SEO plugin v20.12 - https:\/\/yoast.com\/wordpress\/plugins\/seo\/ -->\n<title>Shelly H&amp;T GEN3 Wifi temperat\u016bros ir dr\u0117gm\u0117s sensorius IVORY - shelly.lv<\/title>\n<meta name=\"robots\" content=\"index, follow, max-snippet:-1, max-image-preview:large, max-video-preview:-1\" \/>\n<link rel=\"canonical\" href=\"https:\/\/shelly.lv\/lt\/shop\/sensoriai\/shelly-ht-gen3-wifi-temperaturos-ir-dregmes-sensorius-ivory\/\" \/>\n<meta property=\"og:locale\" content=\"lt_LT\" \/>\n<meta property=\"og:type\" content=\"article\" \/>\n<meta property=\"og:title\" content=\"Shelly H&amp;T GEN3 Wifi temperat\u016bros ir dr\u0117gm\u0117s sensorius IVORY - shelly.lv\" \/>\n<meta property=\"og:description\" content=\"[vc_row][vc_column][vc_column_text woodmart_inline=&#8221;no&#8221; text_larger=&#8221;no&#8221;][display-apps][\/vc_column_text][\/vc_column][\/vc_row][vc_row content_placement=&#8221;top&#8221; css=&#8221;.vc_custom_1619544704606{margin-bottom: 8vh !important;}&#8221; mobile_bg_img_hidden=&#8221;no&#8221; tablet_bg_img_hidden=&#8221;no&#8221; woodmart_parallax=&#8221;0&#8243; woodmart_gradient_switch=&#8221;no&#8221; row_reverse_mobile=&#8221;0&#8243; row_reverse_tablet=&#8221;0&#8243; woodmart_disable_overflow=&#8221;0&#8243;][vc_column][vc_row_inner content_placement=&#8221;top&#8221; css=&#8221;.vc_custom_1665234175678{margin-right: 0px !important;margin-left: 0px !important;padding-top:\" \/>\n<meta property=\"og:url\" content=\"https:\/\/shelly.lv\/lt\/shop\/sensoriai\/shelly-ht-gen3-wifi-temperaturos-ir-dregmes-sensorius-ivory\/\" \/>\n<meta property=\"og:site_name\" content=\"shelly.lv\" \/>\n<meta property=\"article:modified_time\" content=\"2026-04-30T19:03:17+00:00\" \/>\n<meta property=\"og:image\" content=\"http:\/\/shelly.lv\/wp-content\/uploads\/2024\/09\/shelly-ht-gen3-temperature-and-humidity-sensor-wifi-ivory.jpg\" \/>\n\t<meta property=\"og:image:width\" content=\"700\" \/>\n\t<meta property=\"og:image:height\" content=\"800\" \/>\n\t<meta property=\"og:image:type\" content=\"image\/jpeg\" \/>\n<meta name=\"twitter:card\" content=\"summary_large_image\" \/>\n<meta name=\"twitter:label1\" content=\"Est. reading time\" \/>\n\t<meta name=\"twitter:data1\" content=\"3 minut\u0117s\" \/>\n<script type=\"application\/ld+json\" class=\"yoast-schema-graph\">{\"@context\":\"https:\/\/schema.org\",\"@graph\":[{\"@type\":\"WebPage\",\"@id\":\"https:\/\/shelly.lv\/lt\/shop\/sensoriai\/shelly-ht-gen3-wifi-temperaturos-ir-dregmes-sensorius-ivory\/\",\"url\":\"https:\/\/shelly.lv\/lt\/shop\/sensoriai\/shelly-ht-gen3-wifi-temperaturos-ir-dregmes-sensorius-ivory\/\",\"name\":\"Shelly H&amp;T GEN3 Wifi temperat\u016bros ir dr\u0117gm\u0117s sensorius IVORY - shelly.lv\",\"isPartOf\":{\"@id\":\"https:\/\/shelly.lv\/lt\/#website\"},\"datePublished\":\"2024-01-25T09:49:44+00:00\",\"dateModified\":\"2026-04-30T19:03:17+00:00\",\"breadcrumb\":{\"@id\":\"https:\/\/shelly.lv\/lt\/shop\/sensoriai\/shelly-ht-gen3-wifi-temperaturos-ir-dregmes-sensorius-ivory\/#breadcrumb\"},\"inLanguage\":\"lt-LT\",\"potentialAction\":[{\"@type\":\"ReadAction\",\"target\":[\"https:\/\/shelly.lv\/lt\/shop\/sensoriai\/shelly-ht-gen3-wifi-temperaturos-ir-dregmes-sensorius-ivory\/\"]}]},{\"@type\":\"BreadcrumbList\",\"@id\":\"https:\/\/shelly.lv\/lt\/shop\/sensoriai\/shelly-ht-gen3-wifi-temperaturos-ir-dregmes-sensorius-ivory\/#breadcrumb\",\"itemListElement\":[{\"@type\":\"ListItem\",\"position\":1,\"name\":\"Home\",\"item\":\"https:\/\/shelly.lv\/lt\/\"},{\"@type\":\"ListItem\",\"position\":2,\"name\":\"Parduotuv\u0117\",\"item\":\"https:\/\/shelly.lv\/lt\/shop\/\"},{\"@type\":\"ListItem\",\"position\":3,\"name\":\"Shelly H&amp;T GEN3 Wifi temperat\u016bros ir dr\u0117gm\u0117s sensorius IVORY\"}]},{\"@type\":\"WebSite\",\"@id\":\"https:\/\/shelly.lv\/lt\/#website\",\"url\":\"https:\/\/shelly.lv\/lt\/\",\"name\":\"Shelly.lv\",\"description\":\"Shelly Latvia\",\"publisher\":{\"@id\":\"https:\/\/shelly.lv\/lt\/#organization\"},\"potentialAction\":[{\"@type\":\"SearchAction\",\"target\":{\"@type\":\"EntryPoint\",\"urlTemplate\":\"https:\/\/shelly.lv\/lt\/?s={search_term_string}\"},\"query-input\":\"required name=search_term_string\"}],\"inLanguage\":\"lt-LT\"},{\"@type\":\"Organization\",\"@id\":\"https:\/\/shelly.lv\/lt\/#organization\",\"name\":\"Shelly.lv\",\"url\":\"https:\/\/shelly.lv\/lt\/\",\"logo\":{\"@type\":\"ImageObject\",\"inLanguage\":\"lt-LT\",\"@id\":\"https:\/\/shelly.lv\/lt\/#\/schema\/logo\/image\/\",\"url\":\"https:\/\/shelly.lv\/wp-content\/uploads\/2023\/07\/Asset-3.png\",\"contentUrl\":\"https:\/\/shelly.lv\/wp-content\/uploads\/2023\/07\/Asset-3.png\",\"width\":861,\"height\":240,\"caption\":\"Shelly.lv\"},\"image\":{\"@id\":\"https:\/\/shelly.lv\/lt\/#\/schema\/logo\/image\/\"}}]}<\/script>\n<!-- \/ Yoast SEO plugin. -->","yoast_head_json":{"title":"Shelly H&amp;T GEN3 Wifi temperat\u016bros ir dr\u0117gm\u0117s sensorius IVORY - shelly.lv","robots":{"index":"index","follow":"follow","max-snippet":"max-snippet:-1","max-image-preview":"max-image-preview:large","max-video-preview":"max-video-preview:-1"},"canonical":"https:\/\/shelly.lv\/lt\/shop\/sensoriai\/shelly-ht-gen3-wifi-temperaturos-ir-dregmes-sensorius-ivory\/","og_locale":"lt_LT","og_type":"article","og_title":"Shelly H&amp;T GEN3 Wifi temperat\u016bros ir dr\u0117gm\u0117s sensorius IVORY - shelly.lv","og_description":"[vc_row][vc_column][vc_column_text woodmart_inline=&#8221;no&#8221; text_larger=&#8221;no&#8221;][display-apps][\/vc_column_text][\/vc_column][\/vc_row][vc_row content_placement=&#8221;top&#8221; css=&#8221;.vc_custom_1619544704606{margin-bottom: 8vh !important;}&#8221; mobile_bg_img_hidden=&#8221;no&#8221; tablet_bg_img_hidden=&#8221;no&#8221; woodmart_parallax=&#8221;0&#8243; woodmart_gradient_switch=&#8221;no&#8221; row_reverse_mobile=&#8221;0&#8243; row_reverse_tablet=&#8221;0&#8243; woodmart_disable_overflow=&#8221;0&#8243;][vc_column][vc_row_inner content_placement=&#8221;top&#8221; css=&#8221;.vc_custom_1665234175678{margin-right: 0px !important;margin-left: 0px !important;padding-top:","og_url":"https:\/\/shelly.lv\/lt\/shop\/sensoriai\/shelly-ht-gen3-wifi-temperaturos-ir-dregmes-sensorius-ivory\/","og_site_name":"shelly.lv","article_modified_time":"2026-04-30T19:03:17+00:00","og_image":[{"width":700,"height":800,"url":"http:\/\/shelly.lv\/wp-content\/uploads\/2024\/09\/shelly-ht-gen3-temperature-and-humidity-sensor-wifi-ivory.jpg","type":"image\/jpeg"}],"twitter_card":"summary_large_image","twitter_misc":{"Est. reading time":"3 minut\u0117s"},"schema":{"@context":"https:\/\/schema.org","@graph":[{"@type":"WebPage","@id":"https:\/\/shelly.lv\/lt\/shop\/sensoriai\/shelly-ht-gen3-wifi-temperaturos-ir-dregmes-sensorius-ivory\/","url":"https:\/\/shelly.lv\/lt\/shop\/sensoriai\/shelly-ht-gen3-wifi-temperaturos-ir-dregmes-sensorius-ivory\/","name":"Shelly H&amp;T GEN3 Wifi temperat\u016bros ir dr\u0117gm\u0117s sensorius IVORY - shelly.lv","isPartOf":{"@id":"https:\/\/shelly.lv\/lt\/#website"},"datePublished":"2024-01-25T09:49:44+00:00","dateModified":"2026-04-30T19:03:17+00:00","breadcrumb":{"@id":"https:\/\/shelly.lv\/lt\/shop\/sensoriai\/shelly-ht-gen3-wifi-temperaturos-ir-dregmes-sensorius-ivory\/#breadcrumb"},"inLanguage":"lt-LT","potentialAction":[{"@type":"ReadAction","target":["https:\/\/shelly.lv\/lt\/shop\/sensoriai\/shelly-ht-gen3-wifi-temperaturos-ir-dregmes-sensorius-ivory\/"]}]},{"@type":"BreadcrumbList","@id":"https:\/\/shelly.lv\/lt\/shop\/sensoriai\/shelly-ht-gen3-wifi-temperaturos-ir-dregmes-sensorius-ivory\/#breadcrumb","itemListElement":[{"@type":"ListItem","position":1,"name":"Home","item":"https:\/\/shelly.lv\/lt\/"},{"@type":"ListItem","position":2,"name":"Parduotuv\u0117","item":"https:\/\/shelly.lv\/lt\/shop\/"},{"@type":"ListItem","position":3,"name":"Shelly H&amp;T GEN3 Wifi temperat\u016bros ir dr\u0117gm\u0117s sensorius IVORY"}]},{"@type":"WebSite","@id":"https:\/\/shelly.lv\/lt\/#website","url":"https:\/\/shelly.lv\/lt\/","name":"Shelly.lv","description":"Shelly Latvia","publisher":{"@id":"https:\/\/shelly.lv\/lt\/#organization"},"potentialAction":[{"@type":"SearchAction","target":{"@type":"EntryPoint","urlTemplate":"https:\/\/shelly.lv\/lt\/?s={search_term_string}"},"query-input":"required name=search_term_string"}],"inLanguage":"lt-LT"},{"@type":"Organization","@id":"https:\/\/shelly.lv\/lt\/#organization","name":"Shelly.lv","url":"https:\/\/shelly.lv\/lt\/","logo":{"@type":"ImageObject","inLanguage":"lt-LT","@id":"https:\/\/shelly.lv\/lt\/#\/schema\/logo\/image\/","url":"https:\/\/shelly.lv\/wp-content\/uploads\/2023\/07\/Asset-3.png","contentUrl":"https:\/\/shelly.lv\/wp-content\/uploads\/2023\/07\/Asset-3.png","width":861,"height":240,"caption":"Shelly.lv"},"image":{"@id":"https:\/\/shelly.lv\/lt\/#\/schema\/logo\/image\/"}}]}},"_links":{"self":[{"href":"https:\/\/shelly.lv\/lt\/wp-json\/wp\/v2\/product\/3932","targetHints":{"allow":["GET"]}}],"collection":[{"href":"https:\/\/shelly.lv\/lt\/wp-json\/wp\/v2\/product"}],"about":[{"href":"https:\/\/shelly.lv\/lt\/wp-json\/wp\/v2\/types\/product"}],"wp:featuredmedia":[{"embeddable":true,"href":"https:\/\/shelly.lv\/lt\/wp-json\/wp\/v2\/media\/3926"}],"wp:attachment":[{"href":"https:\/\/shelly.lv\/lt\/wp-json\/wp\/v2\/media?parent=3932"}],"wp:term":[{"taxonomy":"product_cat","embeddable":true,"href":"https:\/\/shelly.lv\/lt\/wp-json\/wp\/v2\/product_cat?post=3932"},{"taxonomy":"product_tag","embeddable":true,"href":"https:\/\/shelly.lv\/lt\/wp-json\/wp\/v2\/product_tag?post=3932"}],"curies":[{"name":"wp","href":"https:\/\/api.w.org\/{rel}","templated":true}]}}