{"id":3953,"date":"2023-10-18T22:55:24","date_gmt":"2023-10-18T19:55:24","guid":{"rendered":"https:\/\/shelly.lv\/veikals\/be-kategorijos\/shelly-qubino-bangu-vartu-voztuvas-2\/"},"modified":"2024-09-13T14:25:09","modified_gmt":"2024-09-13T11:25:09","slug":"shelly-qubino-bangu-vartu-voztuvas-2","status":"publish","type":"product","link":"https:\/\/shelly.lv\/lt\/shop\/ismaniosios-reles\/shelly-qubino-bangu-vartu-voztuvas-2\/","title":{"rendered":"&#8222;Shelly Qubino&#8221; bang\u0173 vart\u0173 vo\u017etuvas"},"content":{"rendered":"<section class=\"wpb-content-wrapper\"><p>[vc_row][vc_column]\n\t\t<div id=\"wd-65302eec67110\" class=\"title-wrapper wd-wpb set-mb-s reset-last-child  wd-rs-65302eec67110 wd-title-color-default wd-title-style-default text-left vc_custom_1697656569229 wd-title-empty wd-underline-colored\">\n\t\t\t\n\t\t\t<div class=\"liner-continer\">\n\t\t\t\t<h4 class=\"woodmart-title-container title  wd-font-weight-600 wd-fontsize-l\" ><\/h4>\n\t\t\t\t\t\t\t<\/div>\n\t\t\t\n\t\t\t\n\t\t\t\n\t\t<\/div>\n\t\t\n\t\t[vc_column_text woodmart_inline=&#8221;no&#8221; text_larger=&#8221;no&#8221;]&#8221;Z-Wave\u2122&#8221; varikli\u0173 valdymas su galios matavimu, 10 A vienam kanalui Automatizuoti ir nuotoliniu b\u016bdu valdyti rolet\u0173, \u017ealiuzi\u0173, lang\u0173, markizi\u0173, basein\u0173 dang\u010di\u0173 ir kit\u0173 \u012frengini\u0173, kuriuos maitina dvikryp\u010diai kintamosios srov\u0117s varikliai, b\u016bsen\u0105.<\/p>\n<ul>\n<li>Sureguliuokite \u017ealiuzi\u0173 lameli\u0173 pasvirimo pad\u0117t\u012f (kamp\u0105).<\/li>\n<li>Palaiko mygtukinius \/ momentinius jungiklius ir perjungiamuosius jungiklius.<\/li>\n<li>Galios matavimas<\/li>\n<li>&lt; Labai ma\u017eas energijos suvartojimas: 0,3 W.<\/li>\n<li>&#8222;Z-Wave&#8221; da\u017eni\u0173 juosta: 868,4 MHz (CEPT \u0161alyse).<\/li>\n<li>Naujausia technologija: &#8222;Z-Wave 800&#8221; serija<\/li>\n<li>Automatin\u0117 s\u0105ranka su &#8222;SmartStart<\/li>\n<li>Saugumas 2 Autenti\u0161kumo nustatymas siekiant u\u017etikrinti auk\u0161\u010diausi\u0105 saugumo lyg\u012f<\/li>\n<li>Belaid\u0117s programin\u0117s \u012frangos atnaujinimai<\/li>\n<li>Veikia su &#8222;Z-Wave&#8221; sertifikuotais valdymo skydais ir daugiau kaip 4000 &#8222;Z-Wave&#8221; \u012frengini\u0173.<br \/>\n* Centrinis (i\u0161manusis koncentratorius) \u012f komplekt\u0105 ne\u012ftrauktas.<br \/>\nNorint sukonfig\u016bruoti \u012frengin\u012f, reikia valdymo pulto (i\u0161maniojo koncentratoriaus).<\/li>\n<\/ul>\n<p>[\/vc_column_text][\/vc_column][\/vc_row]<\/p>\n<\/section>","protected":false},"excerpt":{"rendered":"<p>[vc_row][vc_column][vc_column_text woodmart_inline=&#8221;no&#8221; text_larger=&#8221;no&#8221;]&#8221;Z-Wave\u2122&#8221; varikli\u0173 valdymas su galios matavimu, 10 A vienam kanalui Automatizuoti ir nuotoliniu b\u016bdu valdyti rolet\u0173, \u017ealiuzi\u0173, lang\u0173,<\/p>\n","protected":false},"featured_media":2934,"template":"","meta":[],"product_cat":[349,297],"product_tag":[42],"class_list":{"0":"post-3953","1":"product","2":"type-product","3":"status-publish","4":"has-post-thumbnail","6":"product_cat-wave-serija-lt","7":"product_cat-ismaniosios-reles","8":"product_tag-shelly-wave","10":"first","11":"instock","12":"taxable","13":"shipping-taxable","14":"purchasable","15":"product-type-simple"},"yoast_head":"<!-- This site is optimized with the Yoast SEO plugin v20.12 - https:\/\/yoast.com\/wordpress\/plugins\/seo\/ -->\n<title>&quot;Shelly Qubino&quot; bang\u0173 vart\u0173 vo\u017etuvas - shelly.lv<\/title>\n<meta name=\"robots\" content=\"index, follow, max-snippet:-1, max-image-preview:large, max-video-preview:-1\" \/>\n<link rel=\"canonical\" href=\"https:\/\/shelly.lv\/lt\/shop\/ismaniosios-reles\/shelly-qubino-bangu-vartu-voztuvas-2\/\" \/>\n<meta property=\"og:locale\" content=\"lt_LT\" \/>\n<meta property=\"og:type\" content=\"article\" \/>\n<meta property=\"og:title\" content=\"&quot;Shelly Qubino&quot; bang\u0173 vart\u0173 vo\u017etuvas - shelly.lv\" \/>\n<meta property=\"og:description\" content=\"[vc_row][vc_column][vc_column_text woodmart_inline=&#8221;no&#8221; text_larger=&#8221;no&#8221;]&#8221;Z-Wave\u2122&#8221; varikli\u0173 valdymas su galios matavimu, 10 A vienam kanalui Automatizuoti ir nuotoliniu b\u016bdu valdyti rolet\u0173, \u017ealiuzi\u0173, lang\u0173,\" \/>\n<meta property=\"og:url\" content=\"https:\/\/shelly.lv\/lt\/shop\/ismaniosios-reles\/shelly-qubino-bangu-vartu-voztuvas-2\/\" \/>\n<meta property=\"og:site_name\" content=\"shelly.lv\" \/>\n<meta property=\"article:modified_time\" content=\"2024-09-13T11:25:09+00:00\" \/>\n<meta property=\"og:image\" content=\"http:\/\/shelly.lv\/wp-content\/uploads\/2023\/10\/shelly-qubino-wave-shutter.jpeg\" \/>\n\t<meta property=\"og:image:width\" content=\"800\" \/>\n\t<meta property=\"og:image:height\" content=\"800\" \/>\n\t<meta property=\"og:image:type\" content=\"image\/jpeg\" \/>\n<meta name=\"twitter:card\" content=\"summary_large_image\" \/>\n<meta name=\"twitter:label1\" content=\"Est. reading time\" \/>\n\t<meta name=\"twitter:data1\" content=\"1 minut\u0117\" \/>\n<script type=\"application\/ld+json\" class=\"yoast-schema-graph\">{\"@context\":\"https:\/\/schema.org\",\"@graph\":[{\"@type\":\"WebPage\",\"@id\":\"https:\/\/shelly.lv\/lt\/shop\/ismaniosios-reles\/shelly-qubino-bangu-vartu-voztuvas-2\/\",\"url\":\"https:\/\/shelly.lv\/lt\/shop\/ismaniosios-reles\/shelly-qubino-bangu-vartu-voztuvas-2\/\",\"name\":\"\\\"Shelly Qubino\\\" bang\u0173 vart\u0173 vo\u017etuvas - shelly.lv\",\"isPartOf\":{\"@id\":\"https:\/\/shelly.lv\/lt\/#website\"},\"datePublished\":\"2023-10-18T19:55:24+00:00\",\"dateModified\":\"2024-09-13T11:25:09+00:00\",\"breadcrumb\":{\"@id\":\"https:\/\/shelly.lv\/lt\/shop\/ismaniosios-reles\/shelly-qubino-bangu-vartu-voztuvas-2\/#breadcrumb\"},\"inLanguage\":\"lt-LT\",\"potentialAction\":[{\"@type\":\"ReadAction\",\"target\":[\"https:\/\/shelly.lv\/lt\/shop\/ismaniosios-reles\/shelly-qubino-bangu-vartu-voztuvas-2\/\"]}]},{\"@type\":\"BreadcrumbList\",\"@id\":\"https:\/\/shelly.lv\/lt\/shop\/ismaniosios-reles\/shelly-qubino-bangu-vartu-voztuvas-2\/#breadcrumb\",\"itemListElement\":[{\"@type\":\"ListItem\",\"position\":1,\"name\":\"Home\",\"item\":\"https:\/\/shelly.lv\/lt\/\"},{\"@type\":\"ListItem\",\"position\":2,\"name\":\"Parduotuv\u0117\",\"item\":\"https:\/\/shelly.lv\/lt\/shop\/\"},{\"@type\":\"ListItem\",\"position\":3,\"name\":\"&#8220;Shelly Qubino&#8221; bang\u0173 vart\u0173 vo\u017etuvas\"}]},{\"@type\":\"WebSite\",\"@id\":\"https:\/\/shelly.lv\/lt\/#website\",\"url\":\"https:\/\/shelly.lv\/lt\/\",\"name\":\"Shelly.lv\",\"description\":\"Shelly Latvia\",\"publisher\":{\"@id\":\"https:\/\/shelly.lv\/lt\/#organization\"},\"potentialAction\":[{\"@type\":\"SearchAction\",\"target\":{\"@type\":\"EntryPoint\",\"urlTemplate\":\"https:\/\/shelly.lv\/lt\/?s={search_term_string}\"},\"query-input\":\"required name=search_term_string\"}],\"inLanguage\":\"lt-LT\"},{\"@type\":\"Organization\",\"@id\":\"https:\/\/shelly.lv\/lt\/#organization\",\"name\":\"Shelly.lv\",\"url\":\"https:\/\/shelly.lv\/lt\/\",\"logo\":{\"@type\":\"ImageObject\",\"inLanguage\":\"lt-LT\",\"@id\":\"https:\/\/shelly.lv\/lt\/#\/schema\/logo\/image\/\",\"url\":\"https:\/\/shelly.lv\/wp-content\/uploads\/2023\/07\/Asset-3.png\",\"contentUrl\":\"https:\/\/shelly.lv\/wp-content\/uploads\/2023\/07\/Asset-3.png\",\"width\":861,\"height\":240,\"caption\":\"Shelly.lv\"},\"image\":{\"@id\":\"https:\/\/shelly.lv\/lt\/#\/schema\/logo\/image\/\"}}]}<\/script>\n<!-- \/ Yoast SEO plugin. -->","yoast_head_json":{"title":"\"Shelly Qubino\" bang\u0173 vart\u0173 vo\u017etuvas - shelly.lv","robots":{"index":"index","follow":"follow","max-snippet":"max-snippet:-1","max-image-preview":"max-image-preview:large","max-video-preview":"max-video-preview:-1"},"canonical":"https:\/\/shelly.lv\/lt\/shop\/ismaniosios-reles\/shelly-qubino-bangu-vartu-voztuvas-2\/","og_locale":"lt_LT","og_type":"article","og_title":"\"Shelly Qubino\" bang\u0173 vart\u0173 vo\u017etuvas - shelly.lv","og_description":"[vc_row][vc_column][vc_column_text woodmart_inline=&#8221;no&#8221; text_larger=&#8221;no&#8221;]&#8221;Z-Wave\u2122&#8221; varikli\u0173 valdymas su galios matavimu, 10 A vienam kanalui Automatizuoti ir nuotoliniu b\u016bdu valdyti rolet\u0173, \u017ealiuzi\u0173, lang\u0173,","og_url":"https:\/\/shelly.lv\/lt\/shop\/ismaniosios-reles\/shelly-qubino-bangu-vartu-voztuvas-2\/","og_site_name":"shelly.lv","article_modified_time":"2024-09-13T11:25:09+00:00","og_image":[{"width":800,"height":800,"url":"http:\/\/shelly.lv\/wp-content\/uploads\/2023\/10\/shelly-qubino-wave-shutter.jpeg","type":"image\/jpeg"}],"twitter_card":"summary_large_image","twitter_misc":{"Est. reading time":"1 minut\u0117"},"schema":{"@context":"https:\/\/schema.org","@graph":[{"@type":"WebPage","@id":"https:\/\/shelly.lv\/lt\/shop\/ismaniosios-reles\/shelly-qubino-bangu-vartu-voztuvas-2\/","url":"https:\/\/shelly.lv\/lt\/shop\/ismaniosios-reles\/shelly-qubino-bangu-vartu-voztuvas-2\/","name":"\"Shelly Qubino\" bang\u0173 vart\u0173 vo\u017etuvas - shelly.lv","isPartOf":{"@id":"https:\/\/shelly.lv\/lt\/#website"},"datePublished":"2023-10-18T19:55:24+00:00","dateModified":"2024-09-13T11:25:09+00:00","breadcrumb":{"@id":"https:\/\/shelly.lv\/lt\/shop\/ismaniosios-reles\/shelly-qubino-bangu-vartu-voztuvas-2\/#breadcrumb"},"inLanguage":"lt-LT","potentialAction":[{"@type":"ReadAction","target":["https:\/\/shelly.lv\/lt\/shop\/ismaniosios-reles\/shelly-qubino-bangu-vartu-voztuvas-2\/"]}]},{"@type":"BreadcrumbList","@id":"https:\/\/shelly.lv\/lt\/shop\/ismaniosios-reles\/shelly-qubino-bangu-vartu-voztuvas-2\/#breadcrumb","itemListElement":[{"@type":"ListItem","position":1,"name":"Home","item":"https:\/\/shelly.lv\/lt\/"},{"@type":"ListItem","position":2,"name":"Parduotuv\u0117","item":"https:\/\/shelly.lv\/lt\/shop\/"},{"@type":"ListItem","position":3,"name":"&#8220;Shelly Qubino&#8221; bang\u0173 vart\u0173 vo\u017etuvas"}]},{"@type":"WebSite","@id":"https:\/\/shelly.lv\/lt\/#website","url":"https:\/\/shelly.lv\/lt\/","name":"Shelly.lv","description":"Shelly Latvia","publisher":{"@id":"https:\/\/shelly.lv\/lt\/#organization"},"potentialAction":[{"@type":"SearchAction","target":{"@type":"EntryPoint","urlTemplate":"https:\/\/shelly.lv\/lt\/?s={search_term_string}"},"query-input":"required name=search_term_string"}],"inLanguage":"lt-LT"},{"@type":"Organization","@id":"https:\/\/shelly.lv\/lt\/#organization","name":"Shelly.lv","url":"https:\/\/shelly.lv\/lt\/","logo":{"@type":"ImageObject","inLanguage":"lt-LT","@id":"https:\/\/shelly.lv\/lt\/#\/schema\/logo\/image\/","url":"https:\/\/shelly.lv\/wp-content\/uploads\/2023\/07\/Asset-3.png","contentUrl":"https:\/\/shelly.lv\/wp-content\/uploads\/2023\/07\/Asset-3.png","width":861,"height":240,"caption":"Shelly.lv"},"image":{"@id":"https:\/\/shelly.lv\/lt\/#\/schema\/logo\/image\/"}}]}},"_links":{"self":[{"href":"https:\/\/shelly.lv\/lt\/wp-json\/wp\/v2\/product\/3953","targetHints":{"allow":["GET"]}}],"collection":[{"href":"https:\/\/shelly.lv\/lt\/wp-json\/wp\/v2\/product"}],"about":[{"href":"https:\/\/shelly.lv\/lt\/wp-json\/wp\/v2\/types\/product"}],"wp:featuredmedia":[{"embeddable":true,"href":"https:\/\/shelly.lv\/lt\/wp-json\/wp\/v2\/media\/2934"}],"wp:attachment":[{"href":"https:\/\/shelly.lv\/lt\/wp-json\/wp\/v2\/media?parent=3953"}],"wp:term":[{"taxonomy":"product_cat","embeddable":true,"href":"https:\/\/shelly.lv\/lt\/wp-json\/wp\/v2\/product_cat?post=3953"},{"taxonomy":"product_tag","embeddable":true,"href":"https:\/\/shelly.lv\/lt\/wp-json\/wp\/v2\/product_tag?post=3953"}],"curies":[{"name":"wp","href":"https:\/\/api.w.org\/{rel}","templated":true}]}}