{"id":3958,"date":"2024-10-11T00:00:26","date_gmt":"2024-10-10T21:00:26","guid":{"rendered":"https:\/\/shelly.lv\/veikals\/uncategorized\/shelly-i4-gen3-iejimu-kontroleris-wifi-bluetooth\/"},"modified":"2026-04-30T22:00:56","modified_gmt":"2026-04-30T19:00:56","slug":"shelly-i4-gen3-iejimu-kontroleris-wifi-bluetooth","status":"publish","type":"product","link":"https:\/\/shelly.lv\/lt\/shop\/ismaniosios-reles\/shelly-i4-gen3-iejimu-kontroleris-wifi-bluetooth\/","title":{"rendered":"Shelly i4 Gen3 4 \u012f\u0117jim\u0173 kontroleris (Wifi, Bluetooth)"},"content":{"rendered":"<section class=\"wpb-content-wrapper\"><p>[vc_row][vc_column][vc_column_text css=&#8221;&#8221; woodmart_inline=&#8221;no&#8221; text_larger=&#8221;no&#8221;]Galite valdyti 4 skaitmenines \u012fvestis, \u201eShelly i4 Gen3\u201c leid\u017eia rankiniu b\u016bdu \u012fjungti arba i\u0161jungti bet kuri\u0105 sukurt\u0105 scen\u0105, sinchronizuoti veiksmus arba vykdyti sud\u0117tingus paleidimo scenarijus. Aktyvuokite skirtingus \u012frenginius ir valdykite ap\u0161vietim\u0105, u\u017edarykite \u017ealiuzes ir suaktyvinkite scenas akimirksniu i\u0161 vienos vietos. Pakankamai kompakti\u0161kas, kad tilpt\u0173 u\u017e daugumos sienini\u0173 jungikli\u0173, \u201eShelly i4 Gen3\u201c yra modifikuojamas ir u\u017etrunka ma\u017eiau nei 10 minu\u010di\u0173, kad b\u016bt\u0173 galima sumontuoti po bet kuriuo \u012fprastu 4 mygtuk\u0173 jungikliu.<\/p>\n<ul>\n<li>Multi-paspaudimai \u2013 iki 16 galim\u0173 veiksm\u0173<\/li>\n<li>Naujas procesorius \u2013 ESP-Shelly-C38F lustas su padidinta 8 MB atmintimi<\/li>\n<li>Pagerintas gnybt\u0173 patvarumas<\/li>\n<li>Palaiko scenarijus, \u017einiatinklio kabliukus, MQTT, WebSocket, HTTPS, UDP, TLS ir pasirinktinius sertifikatus<\/li>\n<li>HUB nereikia! Lengvas valdymas naudojant Shelly Smart Control program\u0117l\u0119, \u012fvairius nam\u0173 automatikos protokolus ir platformas<\/li>\n<li>*Shelly Plus i4 yra \u012fvesties skaitymo \u012frenginys (jame n\u0117ra rel\u0117s)<\/li>\n<\/ul>\n<table>\n<tbody>\n<tr>\n<th>Dydis (AxPxD):<\/th>\n<td>37 x 42 x 17 mm<\/td>\n<\/tr>\n<tr>\n<th>Svoris:<\/th>\n<td>18 g<\/td>\n<\/tr>\n<tr>\n<th>Maksimalus var\u017et\u0173 gnybt\u0173 sukimo momentas:<\/th>\n<td>0,4 Nm<\/td>\n<\/tr>\n<tr>\n<th>Laid\u017eio skerspj\u016bvis:<\/th>\n<td>0,2\u20132,5 mm\u00b2\/ 24\u201314 AWG (vientisos, susuktos ir \u012fkrovos antgaliai)<\/td>\n<\/tr>\n<tr>\n<th>Laid\u017eio nuimtas ilgis:<\/th>\n<td>6\u20137 mm<\/td>\n<\/tr>\n<tr>\n<th>Tvirtinimas:<\/th>\n<td>Sienin\u0117 konsol\u0117 \/ sienin\u0117 d\u0117\u017eut\u0117<\/td>\n<\/tr>\n<tr>\n<th>Apvalkalo med\u017eiaga:<\/th>\n<td>Plastikas<\/td>\n<\/tr>\n<tr>\n<th colspan=\"2\">APLINKA<\/th>\n<\/tr>\n<tr>\n<th>Aplinkos darbo temperat\u016bra:<\/th>\n<td>nuo -20\u00b0C iki 40\u00b0C<\/td>\n<\/tr>\n<tr>\n<th>Dr\u0117gm\u0117:<\/th>\n<td>30\u201370 % santykinis dr\u0117gnis<\/td>\n<\/tr>\n<tr>\n<th colspan=\"2\">MAX. AUK\u0160TIS: 2000 M \/ 6562 FT<\/th>\n<\/tr>\n<tr>\n<th colspan=\"2\">ELEKTROS<\/th>\n<\/tr>\n<tr>\n<th>Maitinimo \u0161altinis:<\/th>\n<td>110\u2013240 V ~ 50\/60 Hz<\/td>\n<\/tr>\n<tr>\n<th>Energijos suvartojimas:<\/th>\n<td>&lt; 1 W<\/td>\n<\/tr>\n<tr>\n<th colspan=\"2\">JUTIKLAI, METRAI<\/th>\n<\/tr>\n<tr>\n<th>Vidin\u0117s temperat\u016bros jutiklis:<\/th>\n<td>Taip<\/td>\n<\/tr>\n<tr>\n<th colspan=\"2\">RADIJAS<\/th>\n<\/tr>\n<tr>\n<th colspan=\"2\">WI-FI<\/th>\n<\/tr>\n<tr>\n<th>Protokolas:<\/th>\n<td>802.11 b\/g\/n<\/td>\n<\/tr>\n<tr>\n<th>RF juosta:<\/th>\n<td>2401\u20132483 \u041cHz<\/td>\n<\/tr>\n<tr>\n<th>Maks. RF galia:<\/th>\n<td>&lt; 20 dBm<\/td>\n<\/tr>\n<tr>\n<th>Diapazonas:<\/th>\n<td>Iki 50 m lauke, iki 30 m viduje (atsi\u017evelgiant \u012f vietos s\u0105lygas)<\/td>\n<\/tr>\n<tr>\n<th colspan=\"2\">BLUETOOTH<\/th>\n<\/tr>\n<tr>\n<th>Protokolas:<\/th>\n<td>4.2<\/td>\n<\/tr>\n<tr>\n<th>RF juosta:<\/th>\n<td>2400\u20132483,5 MHz<\/td>\n<\/tr>\n<tr>\n<th>Maks. RF galia:<\/th>\n<td>&lt; 4 dBm<\/td>\n<\/tr>\n<tr>\n<th>Diapazonas:<\/th>\n<td>Iki 30 m lauke, iki 10 m viduje (atsi\u017evelgiant \u012f vietos s\u0105lygas)<\/td>\n<\/tr>\n<tr>\n<th colspan=\"2\">MIKROVALDIKLIS<\/th>\n<\/tr>\n<tr>\n<th>CPU:<\/th>\n<td>ESP-Shelly-C38F<\/td>\n<\/tr>\n<tr>\n<th>Flash:<\/th>\n<td>8 MB<\/td>\n<\/tr>\n<tr>\n<th colspan=\"2\">PROGRAMIN\u0116S PROGRAMIN\u0116S GALIMYB\u0116S<\/th>\n<\/tr>\n<tr>\n<th>\u017diniatinklio kabliukai (URL veiksmai):<\/th>\n<td>20 su 5 URL<\/td>\n<\/tr>\n<tr>\n<th colspan=\"2\">PER KABLIS<\/th>\n<\/tr>\n<tr>\n<th>Scenarijus:<\/th>\n<td>Taip<\/td>\n<\/tr>\n<tr>\n<th>MQTT:<\/th>\n<td>Taip<\/td>\n<\/tr>\n<tr>\n<th>\u0160ifravimas:<\/th>\n<td>Taip<\/td>\n<\/tr>\n<\/tbody>\n<\/table>\n<p>[\/vc_column_text]\t\t<div id=\"gallery_535\" class=\"wd-images-gallery wd-rs-6662a7cc86a7e wd-justify-center wd-items-middle view-grid photoswipe-images\" >\n\t\t\t<div class=\"gallery-images row wd-spacing-0\">\n\t\t\t\t\t\t\t\t\t\t\t\t\t\t\t\t<\/div>\n\t\t<\/div>\n\t\t\t\t[vc_video link=&#8221;&#8221; el_width=&#8221;80&#8243; align=&#8221;center&#8221; css=&#8221;.vc_custom_1717676823638{padding-bottom: 15px !important;}&#8221; image_poster_switch=&#8221;no&#8221; woodmart_css_id=&#8221;6661ab12a35dc&#8221;][\/vc_column][\/vc_row]<\/p>\n<\/section>","protected":false},"excerpt":{"rendered":"<p>[vc_row][vc_column][vc_column_text css=&#8221;&#8221; woodmart_inline=&#8221;no&#8221; text_larger=&#8221;no&#8221;]Galite valdyti 4 skaitmenines \u012fvestis, \u201eShelly i4 Gen3\u201c leid\u017eia rankiniu b\u016bdu \u012fjungti arba i\u0161jungti bet kuri\u0105 sukurt\u0105<\/p>\n","protected":false},"featured_media":3833,"template":"","meta":[],"product_cat":[689,297,300],"product_tag":[41],"class_list":{"0":"post-3958","1":"product","2":"type-product","3":"status-publish","4":"has-post-thumbnail","6":"product_cat-gen3","7":"product_cat-ismaniosios-reles","8":"product_cat-jungikliai","9":"product_tag-shelly","10":"product_shipping_class-pastomatai","12":"first","13":"instock","14":"taxable","15":"shipping-taxable","16":"purchasable","17":"product-type-simple"},"yoast_head":"<!-- This site is optimized with the Yoast SEO plugin v20.12 - https:\/\/yoast.com\/wordpress\/plugins\/seo\/ -->\n<title>Shelly i4 Gen3 4 \u012f\u0117jim\u0173 kontroleris (Wifi, Bluetooth) - shelly.lv<\/title>\n<meta name=\"robots\" content=\"index, follow, max-snippet:-1, max-image-preview:large, max-video-preview:-1\" \/>\n<link rel=\"canonical\" href=\"https:\/\/shelly.lv\/lt\/shop\/ismaniosios-reles\/shelly-i4-gen3-iejimu-kontroleris-wifi-bluetooth\/\" \/>\n<meta property=\"og:locale\" content=\"lt_LT\" \/>\n<meta property=\"og:type\" content=\"article\" \/>\n<meta property=\"og:title\" content=\"Shelly i4 Gen3 4 \u012f\u0117jim\u0173 kontroleris (Wifi, Bluetooth) - shelly.lv\" \/>\n<meta property=\"og:description\" content=\"[vc_row][vc_column][vc_column_text css=&#8221;&#8221; woodmart_inline=&#8221;no&#8221; text_larger=&#8221;no&#8221;]Galite valdyti 4 skaitmenines \u012fvestis, \u201eShelly i4 Gen3\u201c leid\u017eia rankiniu b\u016bdu \u012fjungti arba i\u0161jungti bet kuri\u0105 sukurt\u0105\" \/>\n<meta property=\"og:url\" content=\"https:\/\/shelly.lv\/lt\/shop\/ismaniosios-reles\/shelly-i4-gen3-iejimu-kontroleris-wifi-bluetooth\/\" \/>\n<meta property=\"og:site_name\" content=\"shelly.lv\" \/>\n<meta property=\"article:modified_time\" content=\"2026-04-30T19:00:56+00:00\" \/>\n<meta property=\"og:image\" content=\"http:\/\/shelly.lv\/wp-content\/uploads\/2024\/09\/shelly-i4-gen3-scene-activation-module-wifi.jpg\" \/>\n\t<meta property=\"og:image:width\" content=\"700\" \/>\n\t<meta property=\"og:image:height\" content=\"800\" \/>\n\t<meta property=\"og:image:type\" content=\"image\/jpeg\" \/>\n<meta name=\"twitter:card\" content=\"summary_large_image\" \/>\n<meta name=\"twitter:label1\" content=\"Est. reading time\" \/>\n\t<meta name=\"twitter:data1\" content=\"2 minut\u0117s\" \/>\n<script type=\"application\/ld+json\" class=\"yoast-schema-graph\">{\"@context\":\"https:\/\/schema.org\",\"@graph\":[{\"@type\":\"WebPage\",\"@id\":\"https:\/\/shelly.lv\/lt\/shop\/ismaniosios-reles\/shelly-i4-gen3-iejimu-kontroleris-wifi-bluetooth\/\",\"url\":\"https:\/\/shelly.lv\/lt\/shop\/ismaniosios-reles\/shelly-i4-gen3-iejimu-kontroleris-wifi-bluetooth\/\",\"name\":\"Shelly i4 Gen3 4 \u012f\u0117jim\u0173 kontroleris (Wifi, Bluetooth) - shelly.lv\",\"isPartOf\":{\"@id\":\"https:\/\/shelly.lv\/lt\/#website\"},\"datePublished\":\"2024-10-10T21:00:26+00:00\",\"dateModified\":\"2026-04-30T19:00:56+00:00\",\"breadcrumb\":{\"@id\":\"https:\/\/shelly.lv\/lt\/shop\/ismaniosios-reles\/shelly-i4-gen3-iejimu-kontroleris-wifi-bluetooth\/#breadcrumb\"},\"inLanguage\":\"lt-LT\",\"potentialAction\":[{\"@type\":\"ReadAction\",\"target\":[\"https:\/\/shelly.lv\/lt\/shop\/ismaniosios-reles\/shelly-i4-gen3-iejimu-kontroleris-wifi-bluetooth\/\"]}]},{\"@type\":\"BreadcrumbList\",\"@id\":\"https:\/\/shelly.lv\/lt\/shop\/ismaniosios-reles\/shelly-i4-gen3-iejimu-kontroleris-wifi-bluetooth\/#breadcrumb\",\"itemListElement\":[{\"@type\":\"ListItem\",\"position\":1,\"name\":\"Home\",\"item\":\"https:\/\/shelly.lv\/lt\/\"},{\"@type\":\"ListItem\",\"position\":2,\"name\":\"Parduotuv\u0117\",\"item\":\"https:\/\/shelly.lv\/lt\/shop\/\"},{\"@type\":\"ListItem\",\"position\":3,\"name\":\"Shelly i4 Gen3 4 \u012f\u0117jim\u0173 kontroleris (Wifi, Bluetooth)\"}]},{\"@type\":\"WebSite\",\"@id\":\"https:\/\/shelly.lv\/lt\/#website\",\"url\":\"https:\/\/shelly.lv\/lt\/\",\"name\":\"Shelly.lv\",\"description\":\"Shelly Latvia\",\"publisher\":{\"@id\":\"https:\/\/shelly.lv\/lt\/#organization\"},\"potentialAction\":[{\"@type\":\"SearchAction\",\"target\":{\"@type\":\"EntryPoint\",\"urlTemplate\":\"https:\/\/shelly.lv\/lt\/?s={search_term_string}\"},\"query-input\":\"required name=search_term_string\"}],\"inLanguage\":\"lt-LT\"},{\"@type\":\"Organization\",\"@id\":\"https:\/\/shelly.lv\/lt\/#organization\",\"name\":\"Shelly.lv\",\"url\":\"https:\/\/shelly.lv\/lt\/\",\"logo\":{\"@type\":\"ImageObject\",\"inLanguage\":\"lt-LT\",\"@id\":\"https:\/\/shelly.lv\/lt\/#\/schema\/logo\/image\/\",\"url\":\"https:\/\/shelly.lv\/wp-content\/uploads\/2023\/07\/Asset-3.png\",\"contentUrl\":\"https:\/\/shelly.lv\/wp-content\/uploads\/2023\/07\/Asset-3.png\",\"width\":861,\"height\":240,\"caption\":\"Shelly.lv\"},\"image\":{\"@id\":\"https:\/\/shelly.lv\/lt\/#\/schema\/logo\/image\/\"}}]}<\/script>\n<!-- \/ Yoast SEO plugin. -->","yoast_head_json":{"title":"Shelly i4 Gen3 4 \u012f\u0117jim\u0173 kontroleris (Wifi, Bluetooth) - shelly.lv","robots":{"index":"index","follow":"follow","max-snippet":"max-snippet:-1","max-image-preview":"max-image-preview:large","max-video-preview":"max-video-preview:-1"},"canonical":"https:\/\/shelly.lv\/lt\/shop\/ismaniosios-reles\/shelly-i4-gen3-iejimu-kontroleris-wifi-bluetooth\/","og_locale":"lt_LT","og_type":"article","og_title":"Shelly i4 Gen3 4 \u012f\u0117jim\u0173 kontroleris (Wifi, Bluetooth) - shelly.lv","og_description":"[vc_row][vc_column][vc_column_text css=&#8221;&#8221; woodmart_inline=&#8221;no&#8221; text_larger=&#8221;no&#8221;]Galite valdyti 4 skaitmenines \u012fvestis, \u201eShelly i4 Gen3\u201c leid\u017eia rankiniu b\u016bdu \u012fjungti arba i\u0161jungti bet kuri\u0105 sukurt\u0105","og_url":"https:\/\/shelly.lv\/lt\/shop\/ismaniosios-reles\/shelly-i4-gen3-iejimu-kontroleris-wifi-bluetooth\/","og_site_name":"shelly.lv","article_modified_time":"2026-04-30T19:00:56+00:00","og_image":[{"width":700,"height":800,"url":"http:\/\/shelly.lv\/wp-content\/uploads\/2024\/09\/shelly-i4-gen3-scene-activation-module-wifi.jpg","type":"image\/jpeg"}],"twitter_card":"summary_large_image","twitter_misc":{"Est. reading time":"2 minut\u0117s"},"schema":{"@context":"https:\/\/schema.org","@graph":[{"@type":"WebPage","@id":"https:\/\/shelly.lv\/lt\/shop\/ismaniosios-reles\/shelly-i4-gen3-iejimu-kontroleris-wifi-bluetooth\/","url":"https:\/\/shelly.lv\/lt\/shop\/ismaniosios-reles\/shelly-i4-gen3-iejimu-kontroleris-wifi-bluetooth\/","name":"Shelly i4 Gen3 4 \u012f\u0117jim\u0173 kontroleris (Wifi, Bluetooth) - shelly.lv","isPartOf":{"@id":"https:\/\/shelly.lv\/lt\/#website"},"datePublished":"2024-10-10T21:00:26+00:00","dateModified":"2026-04-30T19:00:56+00:00","breadcrumb":{"@id":"https:\/\/shelly.lv\/lt\/shop\/ismaniosios-reles\/shelly-i4-gen3-iejimu-kontroleris-wifi-bluetooth\/#breadcrumb"},"inLanguage":"lt-LT","potentialAction":[{"@type":"ReadAction","target":["https:\/\/shelly.lv\/lt\/shop\/ismaniosios-reles\/shelly-i4-gen3-iejimu-kontroleris-wifi-bluetooth\/"]}]},{"@type":"BreadcrumbList","@id":"https:\/\/shelly.lv\/lt\/shop\/ismaniosios-reles\/shelly-i4-gen3-iejimu-kontroleris-wifi-bluetooth\/#breadcrumb","itemListElement":[{"@type":"ListItem","position":1,"name":"Home","item":"https:\/\/shelly.lv\/lt\/"},{"@type":"ListItem","position":2,"name":"Parduotuv\u0117","item":"https:\/\/shelly.lv\/lt\/shop\/"},{"@type":"ListItem","position":3,"name":"Shelly i4 Gen3 4 \u012f\u0117jim\u0173 kontroleris (Wifi, Bluetooth)"}]},{"@type":"WebSite","@id":"https:\/\/shelly.lv\/lt\/#website","url":"https:\/\/shelly.lv\/lt\/","name":"Shelly.lv","description":"Shelly Latvia","publisher":{"@id":"https:\/\/shelly.lv\/lt\/#organization"},"potentialAction":[{"@type":"SearchAction","target":{"@type":"EntryPoint","urlTemplate":"https:\/\/shelly.lv\/lt\/?s={search_term_string}"},"query-input":"required name=search_term_string"}],"inLanguage":"lt-LT"},{"@type":"Organization","@id":"https:\/\/shelly.lv\/lt\/#organization","name":"Shelly.lv","url":"https:\/\/shelly.lv\/lt\/","logo":{"@type":"ImageObject","inLanguage":"lt-LT","@id":"https:\/\/shelly.lv\/lt\/#\/schema\/logo\/image\/","url":"https:\/\/shelly.lv\/wp-content\/uploads\/2023\/07\/Asset-3.png","contentUrl":"https:\/\/shelly.lv\/wp-content\/uploads\/2023\/07\/Asset-3.png","width":861,"height":240,"caption":"Shelly.lv"},"image":{"@id":"https:\/\/shelly.lv\/lt\/#\/schema\/logo\/image\/"}}]}},"_links":{"self":[{"href":"https:\/\/shelly.lv\/lt\/wp-json\/wp\/v2\/product\/3958","targetHints":{"allow":["GET"]}}],"collection":[{"href":"https:\/\/shelly.lv\/lt\/wp-json\/wp\/v2\/product"}],"about":[{"href":"https:\/\/shelly.lv\/lt\/wp-json\/wp\/v2\/types\/product"}],"wp:featuredmedia":[{"embeddable":true,"href":"https:\/\/shelly.lv\/lt\/wp-json\/wp\/v2\/media\/3833"}],"wp:attachment":[{"href":"https:\/\/shelly.lv\/lt\/wp-json\/wp\/v2\/media?parent=3958"}],"wp:term":[{"taxonomy":"product_cat","embeddable":true,"href":"https:\/\/shelly.lv\/lt\/wp-json\/wp\/v2\/product_cat?post=3958"},{"taxonomy":"product_tag","embeddable":true,"href":"https:\/\/shelly.lv\/lt\/wp-json\/wp\/v2\/product_tag?post=3958"}],"curies":[{"name":"wp","href":"https:\/\/api.w.org\/{rel}","templated":true}]}}