{"id":4024,"date":"2025-04-26T12:25:59","date_gmt":"2025-04-26T09:25:59","guid":{"rendered":"https:\/\/shelly.lv\/veikals\/uncategorized\/shelly-2l-gen3-2-kanalu-rele-veikianti-be-nulio\/"},"modified":"2026-04-30T21:57:29","modified_gmt":"2026-04-30T18:57:29","slug":"shelly-2l-gen3-2-kanalu-rele-veikianti-be-nulio","status":"publish","type":"product","link":"https:\/\/shelly.lv\/lt\/shop\/ismaniosios-reles\/shelly-2l-gen3-2-kanalu-rele-veikianti-be-nulio\/","title":{"rendered":"Shelly 2L Gen3 2 kanal\u0173 rel\u0117 veikianti be nulio"},"content":{"rendered":"<section class=\"wpb-content-wrapper\"><p>[vc_row][vc_column][vc_column_text css=&#8221;&#8221; text_larger=&#8221;no&#8221; woodmart_inline=&#8221;no&#8221;]<\/p>\n<div class=\"product-description\">\n<div class=\"caption heading-caption text-body mobile-text mobile-text-body regular mobile-desktop black mobile-\">\n<p>Dviej\u0173 kanal\u0173 i\u0161manusis jungiklis, pritaikytas tiksliam ap\u0161vietimo valdymui sistemose be neutrali\u0173 laid\u0173. Tiesiog prid\u0117dami \u201eShelly Bypass\u201c 1L\/2L* lygiagre\u010diai su 1 i\u0161vesties apkrova, galite lengvai pakeisti savo ap\u0161vietimo konfig\u016bracij\u0105!<\/p>\n<p>\u201eShelly 2L Gen3\u201c (\u012erenginys) yra kompakti\u0161kas, dviej\u0173 kanal\u0173 i\u0161manusis jungiklis, pritaikytas tiksliam ap\u0161vietimo valdymui. I\u0161skirtin\u0117 \u0161io \u012frenginio savyb\u0117 yra ta, kad jam veikti nereikia neutralaus laido. Ta\u010diau jam reikia \u201eShelly Bypass 1L\/2L Gen3\u201c, prijungto lygiagre\u010diai prie pirmojo kanalo apkrovos. \u201eShelly 2L Gen3\u201c leid\u017eia vartotojams lengvai valdyti ap\u0161vietimo nustatymus mobiliuoju telefonu, plan\u0161etiniu kompiuteriu, asmeniniu kompiuteriu arba integruota nam\u0173 automatikos sistema.<\/p>\n<p>*\u201eShelly Bypass\u201c 1L\/2L yra pakuot\u0117je.<\/p>\n<p><strong>Pagrindin\u0117s savyb\u0117s<\/strong><\/p>\n<ul>\n<li>\u201eBluetooth\u201c, \u201eWi-Fi\u201c<\/li>\n<li>Nereikia neutralaus laido<\/li>\n<li>Su \u201eShelly Bypass\u201c 1 l\/2 l* nereikia minimalios apkrovos<\/li>\n<li>Palaiko tvarkara\u0161\u010dius, scenarijus ir vietinius veiksmus<\/li>\n<li>Palaiko scenarij\u0173 k\u016brim\u0105, HTTPS, MQTTS, \u012feinan\u010dius ir i\u0161einan\u010dius interneto lizdus<br \/>\nVidinis temperat\u016bros jutiklis apsaugai nuo perkaitimo<\/li>\n<li>Nereikia \u0161akotuvo! Paprastas valdymas naudojant \u201eShelly Smart Control\u201c program\u0117l\u0119, daugum\u0105 platform\u0173 ir protokol\u0173, taip pat balso asistentus. Naudokite su \u201eAlexa\u201c, \u201eHome<\/li>\n<li>Assistant\u201c arba kita pageidaujama automatizavimo platforma.<\/li>\n<li>\u201eWi-Fi\u201c diapazono pl\u0117tiklis ir \u201eBluetooth\u201c central\u0117<\/li>\n<\/ul>\n<p>\u012erenginys gali veikti savaranki\u0161kai vietiniame \u201eWi-Fi\u201c tinkle arba gali b\u016bti integruotas su debesijos nam\u0173 automatizavimo paslaugomis. Prijungus \u201eShelly 2L Gen3\u201c prie \u201eWi-Fi\u201c mar\u0161rutizatoriaus ir interneto, vartotojai gali j\u012f pasiekti, valdyti ir steb\u0117ti i\u0161 bet kurios vietos.<\/p>\n<p>Sukurtas atsi\u017evelgiant \u012f pritaikomum\u0105, \u201eShelly 2L Gen3\u201c yra sukonstruotas taip, kad tilpt\u0173 \u012f standartines elektros sienines d\u0117\u017eutes, b\u016bt\u0173 diskreti\u0161kai pastatytas u\u017e \u0161viesos jungikli\u0173 arba kitose vietose, kur erdv\u0117 gali b\u016bti ribojantis veiksnys. Papildomas privalumas yra integruota \u017einiatinklio s\u0105saja, leid\u017eianti vartotojams ne tik steb\u0117ti ir valdyti ap\u0161vietim\u0105, bet ir lengvai tiksliai reguliuoti \u012frenginio nustatymus.<\/p>\n<p>\u0160is \u012frenginys yra paruo\u0161tas \u201eMatter\u201c standartui, \u0161i\u0105 funkcij\u0105 galima prid\u0117ti atnaujinus programin\u0119 \u012frang\u0105 (2025-04).<\/p>\n<\/div>\n<\/div>\n<p><strong>Technin\u0117s specifikacijos<\/strong><br \/>\nMatmenys (A x P x G): 37 x 42 x 16 \u00b1 0,5 mm<br \/>\nSvoris: 28 g<br \/>\nMaksimalus gnybt\u0173 priver\u017eimo sukimo momentas: 0,4 Nm<br \/>\nLaido skerspj\u016bvis: nuo 0,2 iki 2,5 mm\u00b2<br \/>\nLaido juostel\u0117s ilgis: nuo 6 iki 7 mm<br \/>\nMontavimas: \u012e sien\u0105<br \/>\nKorpuso med\u017eiaga: plastikas<br \/>\nDarbin\u0117 temperat\u016bra: nuo -20 \u00b0C iki 40 \u00b0C<br \/>\nLaikymo temperat\u016bra: nuo 10 \u00b0C iki 40 \u00b0C<br \/>\nDr\u0117gm\u0117: nuo 30 % iki 70 % santykinio oro dr\u0117gnumo<br \/>\nMaksimalus auk\u0161tis vir\u0161 j\u016bros lygio: 2000 m<br \/>\nMaitinimo \u0161altinis: 220\u2013240 V~ (reikalingas \u201eShelly Bypass\u201c apkrovoms) O1)<br \/>\n\u012etrauktas \u201eShelly\u201c ap\u0117jimas: Taip<br \/>\nEnergijos suvartojimas: &lt; 1,2 W<br \/>\nNereikia neutralaus laido: Taip (ap\u0117jimas reikalingas apkrovai, esan\u010diai O1)<br \/>\nMinimalus kr\u016bvis be neutralaus laido ir be ap\u0117jimo: ap\u0117jimas reikalingas O1 apkrovai (i\u0161skyrus kaitrines lemputes)<br \/>\nMaksimali perjungimo \u012ftampa: 240 V~<br \/>\nMaksimali perjungimo srov\u0117:<br \/>\n1,2 A ties O1<br \/>\n3 A ties O2<br \/>\nTemperat\u016bros jutiklis: Taip[\/vc_column_text][vc_video link=&#8221;&#8221; css=&#8221;&#8221; image_poster_switch=&#8221;no&#8221; woodmart_css_id=&#8221;680ca47b406e7&#8243;]\t\t<div id=\"gallery_629\" class=\"wd-images-gallery wd-rs-680ca7911d966 wd-justify-center wd-items-middle view-grid photoswipe-images\" >\n\t\t\t<div class=\"gallery-images row wd-spacing-0\">\n\t\t\t\t\t\t\t\t\t\t\t\t\t\t\t<div class=\"wd-gallery-item col-lg-12 col-md-12 col-sm-12 col-12\">\n\t\t\t\t\t\t\t\t\t\t\t\t\t\t<a href=\"\" data-elementor-open-lightbox=\"no\" data-index=\"1\" data-width=\"\" data-height=\"\"  >\n\t\t\t\t\t\t\t\t\n\t\t\t\t\t\t\t\t\n\t\t\t\t\t\t\t\t\t\t\t\t\t\t\t<\/a>\n\t\t\t\t\t\t\t\t\t\t\t\t<\/div>\n\t\t\t\t\t\t\t\t\t\t\t<div class=\"wd-gallery-item col-lg-12 col-md-12 col-sm-12 col-12\">\n\t\t\t\t\t\t\t\t\t\t\t\t\t\t<a href=\"\" data-elementor-open-lightbox=\"no\" data-index=\"2\" data-width=\"\" data-height=\"\"  >\n\t\t\t\t\t\t\t\t\n\t\t\t\t\t\t\t\t\n\t\t\t\t\t\t\t\t\t\t\t\t\t\t\t<\/a>\n\t\t\t\t\t\t\t\t\t\t\t\t<\/div>\n\t\t\t\t\t\t\t\t\t\t\t\t<\/div>\n\t\t<\/div>\n\t\t\t\t[\/vc_column][\/vc_row]<\/p>\n<\/section>","protected":false},"excerpt":{"rendered":"<p>[vc_row][vc_column][vc_column_text css=&#8221;&#8221; text_larger=&#8221;no&#8221; woodmart_inline=&#8221;no&#8221;] Dviej\u0173 kanal\u0173 i\u0161manusis jungiklis, pritaikytas tiksliam ap\u0161vietimo valdymui sistemose be neutrali\u0173 laid\u0173. Tiesiog prid\u0117dami \u201eShelly Bypass\u201c<\/p>\n","protected":false},"featured_media":4022,"template":"","meta":[],"product_cat":[689,297],"product_tag":[41],"class_list":{"0":"post-4024","1":"product","2":"type-product","3":"status-publish","4":"has-post-thumbnail","6":"product_cat-gen3","7":"product_cat-ismaniosios-reles","8":"product_tag-shelly","9":"product_shipping_class-pastomatai","11":"first","12":"instock","13":"taxable","14":"shipping-taxable","15":"purchasable","16":"product-type-simple"},"yoast_head":"<!-- This site is optimized with the Yoast SEO plugin v20.12 - https:\/\/yoast.com\/wordpress\/plugins\/seo\/ -->\n<title>Shelly 2L Gen3 2 kanal\u0173 rel\u0117 veikianti be nulio - shelly.lv<\/title>\n<meta name=\"robots\" content=\"index, follow, max-snippet:-1, max-image-preview:large, max-video-preview:-1\" \/>\n<link rel=\"canonical\" href=\"https:\/\/shelly.lv\/lt\/shop\/ismaniosios-reles\/shelly-2l-gen3-2-kanalu-rele-veikianti-be-nulio\/\" \/>\n<meta property=\"og:locale\" content=\"lt_LT\" \/>\n<meta property=\"og:type\" content=\"article\" \/>\n<meta property=\"og:title\" content=\"Shelly 2L Gen3 2 kanal\u0173 rel\u0117 veikianti be nulio - shelly.lv\" \/>\n<meta property=\"og:description\" content=\"[vc_row][vc_column][vc_column_text css=&#8221;&#8221; text_larger=&#8221;no&#8221; woodmart_inline=&#8221;no&#8221;] Dviej\u0173 kanal\u0173 i\u0161manusis jungiklis, pritaikytas tiksliam ap\u0161vietimo valdymui sistemose be neutrali\u0173 laid\u0173. Tiesiog prid\u0117dami \u201eShelly Bypass\u201c\" \/>\n<meta property=\"og:url\" content=\"https:\/\/shelly.lv\/lt\/shop\/ismaniosios-reles\/shelly-2l-gen3-2-kanalu-rele-veikianti-be-nulio\/\" \/>\n<meta property=\"og:site_name\" content=\"shelly.lv\" \/>\n<meta property=\"article:modified_time\" content=\"2026-04-30T18:57:29+00:00\" \/>\n<meta property=\"og:image\" content=\"http:\/\/shelly.lv\/wp-content\/uploads\/2025\/04\/Shelly-2L-Gen3-Bypass-main-image_900x.webp\" \/>\n\t<meta property=\"og:image:width\" content=\"900\" \/>\n\t<meta property=\"og:image:height\" content=\"900\" \/>\n\t<meta property=\"og:image:type\" content=\"image\/webp\" \/>\n<meta name=\"twitter:card\" content=\"summary_large_image\" \/>\n<meta name=\"twitter:label1\" content=\"Est. reading time\" \/>\n\t<meta name=\"twitter:data1\" content=\"3 minut\u0117s\" \/>\n<script type=\"application\/ld+json\" class=\"yoast-schema-graph\">{\"@context\":\"https:\/\/schema.org\",\"@graph\":[{\"@type\":\"WebPage\",\"@id\":\"https:\/\/shelly.lv\/lt\/shop\/ismaniosios-reles\/shelly-2l-gen3-2-kanalu-rele-veikianti-be-nulio\/\",\"url\":\"https:\/\/shelly.lv\/lt\/shop\/ismaniosios-reles\/shelly-2l-gen3-2-kanalu-rele-veikianti-be-nulio\/\",\"name\":\"Shelly 2L Gen3 2 kanal\u0173 rel\u0117 veikianti be nulio - shelly.lv\",\"isPartOf\":{\"@id\":\"https:\/\/shelly.lv\/lt\/#website\"},\"datePublished\":\"2025-04-26T09:25:59+00:00\",\"dateModified\":\"2026-04-30T18:57:29+00:00\",\"breadcrumb\":{\"@id\":\"https:\/\/shelly.lv\/lt\/shop\/ismaniosios-reles\/shelly-2l-gen3-2-kanalu-rele-veikianti-be-nulio\/#breadcrumb\"},\"inLanguage\":\"lt-LT\",\"potentialAction\":[{\"@type\":\"ReadAction\",\"target\":[\"https:\/\/shelly.lv\/lt\/shop\/ismaniosios-reles\/shelly-2l-gen3-2-kanalu-rele-veikianti-be-nulio\/\"]}]},{\"@type\":\"BreadcrumbList\",\"@id\":\"https:\/\/shelly.lv\/lt\/shop\/ismaniosios-reles\/shelly-2l-gen3-2-kanalu-rele-veikianti-be-nulio\/#breadcrumb\",\"itemListElement\":[{\"@type\":\"ListItem\",\"position\":1,\"name\":\"Home\",\"item\":\"https:\/\/shelly.lv\/lt\/\"},{\"@type\":\"ListItem\",\"position\":2,\"name\":\"Parduotuv\u0117\",\"item\":\"https:\/\/shelly.lv\/lt\/shop\/\"},{\"@type\":\"ListItem\",\"position\":3,\"name\":\"Shelly 2L Gen3 2 kanal\u0173 rel\u0117 veikianti be nulio\"}]},{\"@type\":\"WebSite\",\"@id\":\"https:\/\/shelly.lv\/lt\/#website\",\"url\":\"https:\/\/shelly.lv\/lt\/\",\"name\":\"Shelly.lv\",\"description\":\"Shelly Latvia\",\"publisher\":{\"@id\":\"https:\/\/shelly.lv\/lt\/#organization\"},\"potentialAction\":[{\"@type\":\"SearchAction\",\"target\":{\"@type\":\"EntryPoint\",\"urlTemplate\":\"https:\/\/shelly.lv\/lt\/?s={search_term_string}\"},\"query-input\":\"required name=search_term_string\"}],\"inLanguage\":\"lt-LT\"},{\"@type\":\"Organization\",\"@id\":\"https:\/\/shelly.lv\/lt\/#organization\",\"name\":\"Shelly.lv\",\"url\":\"https:\/\/shelly.lv\/lt\/\",\"logo\":{\"@type\":\"ImageObject\",\"inLanguage\":\"lt-LT\",\"@id\":\"https:\/\/shelly.lv\/lt\/#\/schema\/logo\/image\/\",\"url\":\"https:\/\/shelly.lv\/wp-content\/uploads\/2023\/07\/Asset-3.png\",\"contentUrl\":\"https:\/\/shelly.lv\/wp-content\/uploads\/2023\/07\/Asset-3.png\",\"width\":861,\"height\":240,\"caption\":\"Shelly.lv\"},\"image\":{\"@id\":\"https:\/\/shelly.lv\/lt\/#\/schema\/logo\/image\/\"}}]}<\/script>\n<!-- \/ Yoast SEO plugin. -->","yoast_head_json":{"title":"Shelly 2L Gen3 2 kanal\u0173 rel\u0117 veikianti be nulio - shelly.lv","robots":{"index":"index","follow":"follow","max-snippet":"max-snippet:-1","max-image-preview":"max-image-preview:large","max-video-preview":"max-video-preview:-1"},"canonical":"https:\/\/shelly.lv\/lt\/shop\/ismaniosios-reles\/shelly-2l-gen3-2-kanalu-rele-veikianti-be-nulio\/","og_locale":"lt_LT","og_type":"article","og_title":"Shelly 2L Gen3 2 kanal\u0173 rel\u0117 veikianti be nulio - shelly.lv","og_description":"[vc_row][vc_column][vc_column_text css=&#8221;&#8221; text_larger=&#8221;no&#8221; woodmart_inline=&#8221;no&#8221;] Dviej\u0173 kanal\u0173 i\u0161manusis jungiklis, pritaikytas tiksliam ap\u0161vietimo valdymui sistemose be neutrali\u0173 laid\u0173. Tiesiog prid\u0117dami \u201eShelly Bypass\u201c","og_url":"https:\/\/shelly.lv\/lt\/shop\/ismaniosios-reles\/shelly-2l-gen3-2-kanalu-rele-veikianti-be-nulio\/","og_site_name":"shelly.lv","article_modified_time":"2026-04-30T18:57:29+00:00","og_image":[{"width":900,"height":900,"url":"http:\/\/shelly.lv\/wp-content\/uploads\/2025\/04\/Shelly-2L-Gen3-Bypass-main-image_900x.webp","type":"image\/webp"}],"twitter_card":"summary_large_image","twitter_misc":{"Est. reading time":"3 minut\u0117s"},"schema":{"@context":"https:\/\/schema.org","@graph":[{"@type":"WebPage","@id":"https:\/\/shelly.lv\/lt\/shop\/ismaniosios-reles\/shelly-2l-gen3-2-kanalu-rele-veikianti-be-nulio\/","url":"https:\/\/shelly.lv\/lt\/shop\/ismaniosios-reles\/shelly-2l-gen3-2-kanalu-rele-veikianti-be-nulio\/","name":"Shelly 2L Gen3 2 kanal\u0173 rel\u0117 veikianti be nulio - shelly.lv","isPartOf":{"@id":"https:\/\/shelly.lv\/lt\/#website"},"datePublished":"2025-04-26T09:25:59+00:00","dateModified":"2026-04-30T18:57:29+00:00","breadcrumb":{"@id":"https:\/\/shelly.lv\/lt\/shop\/ismaniosios-reles\/shelly-2l-gen3-2-kanalu-rele-veikianti-be-nulio\/#breadcrumb"},"inLanguage":"lt-LT","potentialAction":[{"@type":"ReadAction","target":["https:\/\/shelly.lv\/lt\/shop\/ismaniosios-reles\/shelly-2l-gen3-2-kanalu-rele-veikianti-be-nulio\/"]}]},{"@type":"BreadcrumbList","@id":"https:\/\/shelly.lv\/lt\/shop\/ismaniosios-reles\/shelly-2l-gen3-2-kanalu-rele-veikianti-be-nulio\/#breadcrumb","itemListElement":[{"@type":"ListItem","position":1,"name":"Home","item":"https:\/\/shelly.lv\/lt\/"},{"@type":"ListItem","position":2,"name":"Parduotuv\u0117","item":"https:\/\/shelly.lv\/lt\/shop\/"},{"@type":"ListItem","position":3,"name":"Shelly 2L Gen3 2 kanal\u0173 rel\u0117 veikianti be nulio"}]},{"@type":"WebSite","@id":"https:\/\/shelly.lv\/lt\/#website","url":"https:\/\/shelly.lv\/lt\/","name":"Shelly.lv","description":"Shelly Latvia","publisher":{"@id":"https:\/\/shelly.lv\/lt\/#organization"},"potentialAction":[{"@type":"SearchAction","target":{"@type":"EntryPoint","urlTemplate":"https:\/\/shelly.lv\/lt\/?s={search_term_string}"},"query-input":"required name=search_term_string"}],"inLanguage":"lt-LT"},{"@type":"Organization","@id":"https:\/\/shelly.lv\/lt\/#organization","name":"Shelly.lv","url":"https:\/\/shelly.lv\/lt\/","logo":{"@type":"ImageObject","inLanguage":"lt-LT","@id":"https:\/\/shelly.lv\/lt\/#\/schema\/logo\/image\/","url":"https:\/\/shelly.lv\/wp-content\/uploads\/2023\/07\/Asset-3.png","contentUrl":"https:\/\/shelly.lv\/wp-content\/uploads\/2023\/07\/Asset-3.png","width":861,"height":240,"caption":"Shelly.lv"},"image":{"@id":"https:\/\/shelly.lv\/lt\/#\/schema\/logo\/image\/"}}]}},"_links":{"self":[{"href":"https:\/\/shelly.lv\/lt\/wp-json\/wp\/v2\/product\/4024","targetHints":{"allow":["GET"]}}],"collection":[{"href":"https:\/\/shelly.lv\/lt\/wp-json\/wp\/v2\/product"}],"about":[{"href":"https:\/\/shelly.lv\/lt\/wp-json\/wp\/v2\/types\/product"}],"wp:featuredmedia":[{"embeddable":true,"href":"https:\/\/shelly.lv\/lt\/wp-json\/wp\/v2\/media\/4022"}],"wp:attachment":[{"href":"https:\/\/shelly.lv\/lt\/wp-json\/wp\/v2\/media?parent=4024"}],"wp:term":[{"taxonomy":"product_cat","embeddable":true,"href":"https:\/\/shelly.lv\/lt\/wp-json\/wp\/v2\/product_cat?post=4024"},{"taxonomy":"product_tag","embeddable":true,"href":"https:\/\/shelly.lv\/lt\/wp-json\/wp\/v2\/product_tag?post=4024"}],"curies":[{"name":"wp","href":"https:\/\/api.w.org\/{rel}","templated":true}]}}