{"id":4036,"date":"2025-04-26T12:09:28","date_gmt":"2025-04-26T09:09:28","guid":{"rendered":"https:\/\/shelly.lv\/veikals\/uncategorized\/shelly-1l-gen3-1-kanalo-rele-veikianti-be-nulio\/"},"modified":"2026-04-30T21:57:50","modified_gmt":"2026-04-30T18:57:50","slug":"shelly-1l-gen3-1-kanalo-rele-veikianti-be-nulio","status":"publish","type":"product","link":"https:\/\/shelly.lv\/lt\/shop\/ismaniosios-reles\/shelly-1l-gen3-1-kanalo-rele-veikianti-be-nulio\/","title":{"rendered":"Shelly 1L Gen3 1 kanalo rel\u0117 veikianti be nulio"},"content":{"rendered":"<section class=\"wpb-content-wrapper\"><p>[vc_row][vc_column][vc_column_text css=&#8221;&#8221; text_larger=&#8221;no&#8221; woodmart_inline=&#8221;no&#8221;]<\/p>\n<div class=\"product-description\">\n<div class=\"caption heading-caption text-body mobile-text mobile-text-body regular mobile-desktop black mobile-\">\n<p>Vieno kanalo i\u0161manusis jungiklis, pritaikytas ap\u0161vietimo valdymui sistemose be neutralaus (nulio) laido. Tiesiog prid\u0117dami \u201eShelly Bypass\u201c 1L\/2L* lygiagre\u010diai apkrovai, galite lengvai pakeisti savo ap\u0161vietimo sistem\u0105.<\/p>\n<p>\u201eShelly 1L Gen3\u201c (\u012erenginys) yra kompakti\u0161kas i\u0161manusis jungiklis, skirtas ap\u0161vietimui valdyti. I\u0161skirtin\u0117 \u0161io \u012frenginio savyb\u0117 yra ta, kad jam veikti nereikia neutralaus laido. Ta\u010diau jam reikia \u201eShelly Bypass 1L\/2L Gen3\u201c, prijungto lygiagre\u010diai prie apkrovos. Ap\u0161vietim\u0105 galite patogiai valdyti naudodami mobil\u0173j\u012f telefon\u0105, plan\u0161etin\u012f kompiuter\u012f, kompiuter\u012f arba nam\u0173 automatikos sistem\u0105.<\/p>\n<p>*\u201eShelly Bypass\u201c 1L\/2L yra pakuot\u0117je.<\/p>\n<p><strong>Pagrindin\u0117s savyb\u0117s<\/strong><\/p>\n<ul>\n<li>\u201eBluetooth\u201c, \u201eWi-Fi\u201c<\/li>\n<li>Nereikia neutralaus laido<\/li>\n<li>Su \u201eShelly Bypass\u201c 1 l\/2 l* nereikia minimalios apkrovos<\/li>\n<li>Palaiko tvarkara\u0161\u010dius, scenarijus ir vietinius veiksmus<\/li>\n<li>Palaiko scenarij\u0173 k\u016brim\u0105, HTTPS, MQTTS, \u012feinan\u010dius ir i\u0161einan\u010dius interneto lizdus<br \/>\nVidinis temperat\u016bros jutiklis apsaugai nuo perkaitimo<\/li>\n<li>Nereikia \u0161akotuvo! Paprastas valdymas naudojant \u201eShelly Smart Control\u201c program\u0117l\u0119, daugum\u0105 platform\u0173 ir protokol\u0173, taip pat balso asistentus. Naudokite su \u201eAlexa\u201c, \u201eHome<\/li>\n<li>Assistant\u201c arba kita pageidaujama automatizavimo platforma.<\/li>\n<li>\u201eWi-Fi\u201c diapazono pl\u0117tiklis ir \u201eBluetooth\u201c central\u0117<\/li>\n<\/ul>\n<p>\u012erenginys gali veikti savaranki\u0161kai vietiniame \u201eWi-Fi\u201c tinkle arba gali b\u016bti integruotas su debesijos nam\u0173 automatizavimo paslaugomis. Prijungus \u201eShelly 1L Gen3\u201c prie \u201eWi-Fi\u201c mar\u0161rutizatoriaus ir interneto, vartotojai gali j\u012f pasiekti, valdyti ir steb\u0117ti i\u0161 bet kurios vietos.<\/p>\n<p>Sukurtas atsi\u017evelgiant \u012f pritaikomum\u0105, \u201eShelly 1L Gen3\u201c yra sukonstruotas taip, kad tilpt\u0173 \u012f standartines elektros sienines d\u0117\u017eutes, b\u016bt\u0173 diskreti\u0161kai pastatytas u\u017e \u0161viesos jungikli\u0173 arba kitose vietose, kur erdv\u0117 gali b\u016bti ribojantis veiksnys. Papildomas privalumas yra integruota \u017einiatinklio s\u0105saja, leid\u017eianti vartotojams ne tik steb\u0117ti ir valdyti ap\u0161vietim\u0105, bet ir lengvai tiksliai reguliuoti \u012frenginio nustatymus.<\/p>\n<p>\u0160is \u012frenginys yra paruo\u0161tas \u201eMatter\u201c standartui, \u0161i\u0105 funkcij\u0105 galima prid\u0117ti atnaujinus programin\u0119 \u012frang\u0105 (2025-04).<\/p>\n<\/div>\n<\/div>\n<p><strong>Technin\u0117s specifikacijos<\/strong><br \/>\nMatmenys (I x P x A): 37 x 42 x 16 mm<br \/>\nSvoris: 24 g<br \/>\nAplinkos temperat\u016bra: nuo -20 \u00b0C iki 40 \u00b0C<br \/>\nDr\u0117gm\u0117: nuo 30 % iki 70 % santykin\u0117s oro dr\u0117gm\u0117s<br \/>\nMaksimalus auk\u0161tis vir\u0161 j\u016bros lygio: 2000 m<br \/>\nVar\u017etini\u0173 gnybt\u0173 maksimalus sukimo momentas: 0,4 Nm<br \/>\nLaidininko skerspj\u016bvis: nuo 0,2 iki 2,5 mm\u00b2<br \/>\nNuimto laidininko ilgis: nuo 6 iki 7 mm<br \/>\nMaitinimo \u0161altinis: 220\u2013240 V ~ 50\/60 Hz*<br \/>\nEnergijos suvartojimas: &lt; 1,2 W<br \/>\nI\u0161orin\u0117 apsauga: maks. 10 A, i\u0161jungimo charakteristika B arba C, 6 kA pertraukimo srov\u0117, energijos ribojimo klas\u0117 3<br \/>\nMaksimali perjungimo \u012ftampa: 240 V<br \/>\nMaksimali perjungimo srov\u0117: 1,2 A<br \/>\nRF juosta: 2400\u20132495 MHz<br \/>\nMaksimali RF galia: &lt; 20 dBm<br \/>\n\u201eWi-Fi\u201c protokolas: 802.11 b\/g\/n<br \/>\n\u201eWi-Fi\u201c veikimo atstumas: iki 50 m lauke \/ 30 m patalpose<br \/>\n\u201eBluetooth\u201c protokolas: 4.2<br \/>\n\u201eBluetooth\u201c veikimo atstumas: iki 30 m lauke \/ 10 m patalpose<br \/>\nCPU: ESP-Shelly-C38F<br \/>\n\u201eFlash\u201c atmintis: 8 MB<br \/>\nTvarkara\u0161\u010diai: 20<br \/>\n\u017diniatinklio kabliai (URL veiksmai): 20 su 5 URL kiekvienam kabliui<br \/>\nScenarij\u0173 ra\u0161ymas: Taip<br \/>\nMQTT: Taip[\/vc_column_text][vc_video link=&#8221;&#8221; css=&#8221;&#8221; image_poster_switch=&#8221;no&#8221; woodmart_css_id=&#8221;680ca47b406e7&#8243;]\t\t<div id=\"gallery_872\" class=\"wd-images-gallery wd-rs-680ca481eeb14 wd-justify-center wd-items-middle view-grid photoswipe-images\" >\n\t\t\t<div class=\"gallery-images row wd-spacing-0\">\n\t\t\t\t\t\t\t\t\t\t\t\t\t\t\t<div class=\"wd-gallery-item col-lg-12 col-md-12 col-sm-12 col-12\">\n\t\t\t\t\t\t\t\t\t\t\t\t\t\t<a href=\"\" data-elementor-open-lightbox=\"no\" data-index=\"1\" data-width=\"\" data-height=\"\"  >\n\t\t\t\t\t\t\t\t\n\t\t\t\t\t\t\t\t\n\t\t\t\t\t\t\t\t\t\t\t\t\t\t\t<\/a>\n\t\t\t\t\t\t\t\t\t\t\t\t<\/div>\n\t\t\t\t\t\t\t\t\t\t\t<div class=\"wd-gallery-item col-lg-12 col-md-12 col-sm-12 col-12\">\n\t\t\t\t\t\t\t\t\t\t\t\t\t\t<a href=\"\" data-elementor-open-lightbox=\"no\" data-index=\"2\" data-width=\"\" data-height=\"\"  >\n\t\t\t\t\t\t\t\t\n\t\t\t\t\t\t\t\t\n\t\t\t\t\t\t\t\t\t\t\t\t\t\t\t<\/a>\n\t\t\t\t\t\t\t\t\t\t\t\t<\/div>\n\t\t\t\t\t\t\t\t\t\t\t\t<\/div>\n\t\t<\/div>\n\t\t\t\t[\/vc_column][\/vc_row]<\/p>\n<\/section>","protected":false},"excerpt":{"rendered":"<p>[vc_row][vc_column][vc_column_text css=&#8221;&#8221; text_larger=&#8221;no&#8221; woodmart_inline=&#8221;no&#8221;] Vieno kanalo i\u0161manusis jungiklis, pritaikytas ap\u0161vietimo valdymui sistemose be neutralaus (nulio) laido. Tiesiog prid\u0117dami \u201eShelly Bypass\u201c<\/p>\n","protected":false},"featured_media":4028,"template":"","meta":[],"product_cat":[689,297],"product_tag":[41],"class_list":{"0":"post-4036","1":"product","2":"type-product","3":"status-publish","4":"has-post-thumbnail","6":"product_cat-gen3","7":"product_cat-ismaniosios-reles","8":"product_tag-shelly","9":"product_shipping_class-pastomatai","11":"first","12":"instock","13":"taxable","14":"shipping-taxable","15":"purchasable","16":"product-type-simple"},"yoast_head":"<!-- This site is optimized with the Yoast SEO plugin v20.12 - https:\/\/yoast.com\/wordpress\/plugins\/seo\/ -->\n<title>Shelly 1L Gen3 1 kanalo rel\u0117 veikianti be nulio - shelly.lv<\/title>\n<meta name=\"robots\" content=\"index, follow, max-snippet:-1, max-image-preview:large, max-video-preview:-1\" \/>\n<link rel=\"canonical\" href=\"https:\/\/shelly.lv\/lt\/shop\/ismaniosios-reles\/shelly-1l-gen3-1-kanalo-rele-veikianti-be-nulio\/\" \/>\n<meta property=\"og:locale\" content=\"lt_LT\" \/>\n<meta property=\"og:type\" content=\"article\" \/>\n<meta property=\"og:title\" content=\"Shelly 1L Gen3 1 kanalo rel\u0117 veikianti be nulio - shelly.lv\" \/>\n<meta property=\"og:description\" content=\"[vc_row][vc_column][vc_column_text css=&#8221;&#8221; text_larger=&#8221;no&#8221; woodmart_inline=&#8221;no&#8221;] Vieno kanalo i\u0161manusis jungiklis, pritaikytas ap\u0161vietimo valdymui sistemose be neutralaus (nulio) laido. Tiesiog prid\u0117dami \u201eShelly Bypass\u201c\" \/>\n<meta property=\"og:url\" content=\"https:\/\/shelly.lv\/lt\/shop\/ismaniosios-reles\/shelly-1l-gen3-1-kanalo-rele-veikianti-be-nulio\/\" \/>\n<meta property=\"og:site_name\" content=\"shelly.lv\" \/>\n<meta property=\"article:modified_time\" content=\"2026-04-30T18:57:50+00:00\" \/>\n<meta property=\"og:image\" content=\"http:\/\/shelly.lv\/wp-content\/uploads\/2025\/04\/Shelly-1L-Gen3-Bypass-main-image.webp\" \/>\n\t<meta property=\"og:image:width\" content=\"1000\" \/>\n\t<meta property=\"og:image:height\" content=\"1000\" \/>\n\t<meta property=\"og:image:type\" content=\"image\/webp\" \/>\n<meta name=\"twitter:card\" content=\"summary_large_image\" \/>\n<meta name=\"twitter:label1\" content=\"Est. reading time\" \/>\n\t<meta name=\"twitter:data1\" content=\"3 minut\u0117s\" \/>\n<script type=\"application\/ld+json\" class=\"yoast-schema-graph\">{\"@context\":\"https:\/\/schema.org\",\"@graph\":[{\"@type\":\"WebPage\",\"@id\":\"https:\/\/shelly.lv\/lt\/shop\/ismaniosios-reles\/shelly-1l-gen3-1-kanalo-rele-veikianti-be-nulio\/\",\"url\":\"https:\/\/shelly.lv\/lt\/shop\/ismaniosios-reles\/shelly-1l-gen3-1-kanalo-rele-veikianti-be-nulio\/\",\"name\":\"Shelly 1L Gen3 1 kanalo rel\u0117 veikianti be nulio - shelly.lv\",\"isPartOf\":{\"@id\":\"https:\/\/shelly.lv\/lt\/#website\"},\"datePublished\":\"2025-04-26T09:09:28+00:00\",\"dateModified\":\"2026-04-30T18:57:50+00:00\",\"breadcrumb\":{\"@id\":\"https:\/\/shelly.lv\/lt\/shop\/ismaniosios-reles\/shelly-1l-gen3-1-kanalo-rele-veikianti-be-nulio\/#breadcrumb\"},\"inLanguage\":\"lt-LT\",\"potentialAction\":[{\"@type\":\"ReadAction\",\"target\":[\"https:\/\/shelly.lv\/lt\/shop\/ismaniosios-reles\/shelly-1l-gen3-1-kanalo-rele-veikianti-be-nulio\/\"]}]},{\"@type\":\"BreadcrumbList\",\"@id\":\"https:\/\/shelly.lv\/lt\/shop\/ismaniosios-reles\/shelly-1l-gen3-1-kanalo-rele-veikianti-be-nulio\/#breadcrumb\",\"itemListElement\":[{\"@type\":\"ListItem\",\"position\":1,\"name\":\"Home\",\"item\":\"https:\/\/shelly.lv\/lt\/\"},{\"@type\":\"ListItem\",\"position\":2,\"name\":\"Parduotuv\u0117\",\"item\":\"https:\/\/shelly.lv\/lt\/shop\/\"},{\"@type\":\"ListItem\",\"position\":3,\"name\":\"Shelly 1L Gen3 1 kanalo rel\u0117 veikianti be nulio\"}]},{\"@type\":\"WebSite\",\"@id\":\"https:\/\/shelly.lv\/lt\/#website\",\"url\":\"https:\/\/shelly.lv\/lt\/\",\"name\":\"Shelly.lv\",\"description\":\"Shelly Latvia\",\"publisher\":{\"@id\":\"https:\/\/shelly.lv\/lt\/#organization\"},\"potentialAction\":[{\"@type\":\"SearchAction\",\"target\":{\"@type\":\"EntryPoint\",\"urlTemplate\":\"https:\/\/shelly.lv\/lt\/?s={search_term_string}\"},\"query-input\":\"required name=search_term_string\"}],\"inLanguage\":\"lt-LT\"},{\"@type\":\"Organization\",\"@id\":\"https:\/\/shelly.lv\/lt\/#organization\",\"name\":\"Shelly.lv\",\"url\":\"https:\/\/shelly.lv\/lt\/\",\"logo\":{\"@type\":\"ImageObject\",\"inLanguage\":\"lt-LT\",\"@id\":\"https:\/\/shelly.lv\/lt\/#\/schema\/logo\/image\/\",\"url\":\"https:\/\/shelly.lv\/wp-content\/uploads\/2023\/07\/Asset-3.png\",\"contentUrl\":\"https:\/\/shelly.lv\/wp-content\/uploads\/2023\/07\/Asset-3.png\",\"width\":861,\"height\":240,\"caption\":\"Shelly.lv\"},\"image\":{\"@id\":\"https:\/\/shelly.lv\/lt\/#\/schema\/logo\/image\/\"}}]}<\/script>\n<!-- \/ Yoast SEO plugin. -->","yoast_head_json":{"title":"Shelly 1L Gen3 1 kanalo rel\u0117 veikianti be nulio - shelly.lv","robots":{"index":"index","follow":"follow","max-snippet":"max-snippet:-1","max-image-preview":"max-image-preview:large","max-video-preview":"max-video-preview:-1"},"canonical":"https:\/\/shelly.lv\/lt\/shop\/ismaniosios-reles\/shelly-1l-gen3-1-kanalo-rele-veikianti-be-nulio\/","og_locale":"lt_LT","og_type":"article","og_title":"Shelly 1L Gen3 1 kanalo rel\u0117 veikianti be nulio - shelly.lv","og_description":"[vc_row][vc_column][vc_column_text css=&#8221;&#8221; text_larger=&#8221;no&#8221; woodmart_inline=&#8221;no&#8221;] Vieno kanalo i\u0161manusis jungiklis, pritaikytas ap\u0161vietimo valdymui sistemose be neutralaus (nulio) laido. Tiesiog prid\u0117dami \u201eShelly Bypass\u201c","og_url":"https:\/\/shelly.lv\/lt\/shop\/ismaniosios-reles\/shelly-1l-gen3-1-kanalo-rele-veikianti-be-nulio\/","og_site_name":"shelly.lv","article_modified_time":"2026-04-30T18:57:50+00:00","og_image":[{"width":1000,"height":1000,"url":"http:\/\/shelly.lv\/wp-content\/uploads\/2025\/04\/Shelly-1L-Gen3-Bypass-main-image.webp","type":"image\/webp"}],"twitter_card":"summary_large_image","twitter_misc":{"Est. reading time":"3 minut\u0117s"},"schema":{"@context":"https:\/\/schema.org","@graph":[{"@type":"WebPage","@id":"https:\/\/shelly.lv\/lt\/shop\/ismaniosios-reles\/shelly-1l-gen3-1-kanalo-rele-veikianti-be-nulio\/","url":"https:\/\/shelly.lv\/lt\/shop\/ismaniosios-reles\/shelly-1l-gen3-1-kanalo-rele-veikianti-be-nulio\/","name":"Shelly 1L Gen3 1 kanalo rel\u0117 veikianti be nulio - shelly.lv","isPartOf":{"@id":"https:\/\/shelly.lv\/lt\/#website"},"datePublished":"2025-04-26T09:09:28+00:00","dateModified":"2026-04-30T18:57:50+00:00","breadcrumb":{"@id":"https:\/\/shelly.lv\/lt\/shop\/ismaniosios-reles\/shelly-1l-gen3-1-kanalo-rele-veikianti-be-nulio\/#breadcrumb"},"inLanguage":"lt-LT","potentialAction":[{"@type":"ReadAction","target":["https:\/\/shelly.lv\/lt\/shop\/ismaniosios-reles\/shelly-1l-gen3-1-kanalo-rele-veikianti-be-nulio\/"]}]},{"@type":"BreadcrumbList","@id":"https:\/\/shelly.lv\/lt\/shop\/ismaniosios-reles\/shelly-1l-gen3-1-kanalo-rele-veikianti-be-nulio\/#breadcrumb","itemListElement":[{"@type":"ListItem","position":1,"name":"Home","item":"https:\/\/shelly.lv\/lt\/"},{"@type":"ListItem","position":2,"name":"Parduotuv\u0117","item":"https:\/\/shelly.lv\/lt\/shop\/"},{"@type":"ListItem","position":3,"name":"Shelly 1L Gen3 1 kanalo rel\u0117 veikianti be nulio"}]},{"@type":"WebSite","@id":"https:\/\/shelly.lv\/lt\/#website","url":"https:\/\/shelly.lv\/lt\/","name":"Shelly.lv","description":"Shelly Latvia","publisher":{"@id":"https:\/\/shelly.lv\/lt\/#organization"},"potentialAction":[{"@type":"SearchAction","target":{"@type":"EntryPoint","urlTemplate":"https:\/\/shelly.lv\/lt\/?s={search_term_string}"},"query-input":"required name=search_term_string"}],"inLanguage":"lt-LT"},{"@type":"Organization","@id":"https:\/\/shelly.lv\/lt\/#organization","name":"Shelly.lv","url":"https:\/\/shelly.lv\/lt\/","logo":{"@type":"ImageObject","inLanguage":"lt-LT","@id":"https:\/\/shelly.lv\/lt\/#\/schema\/logo\/image\/","url":"https:\/\/shelly.lv\/wp-content\/uploads\/2023\/07\/Asset-3.png","contentUrl":"https:\/\/shelly.lv\/wp-content\/uploads\/2023\/07\/Asset-3.png","width":861,"height":240,"caption":"Shelly.lv"},"image":{"@id":"https:\/\/shelly.lv\/lt\/#\/schema\/logo\/image\/"}}]}},"_links":{"self":[{"href":"https:\/\/shelly.lv\/lt\/wp-json\/wp\/v2\/product\/4036","targetHints":{"allow":["GET"]}}],"collection":[{"href":"https:\/\/shelly.lv\/lt\/wp-json\/wp\/v2\/product"}],"about":[{"href":"https:\/\/shelly.lv\/lt\/wp-json\/wp\/v2\/types\/product"}],"wp:featuredmedia":[{"embeddable":true,"href":"https:\/\/shelly.lv\/lt\/wp-json\/wp\/v2\/media\/4028"}],"wp:attachment":[{"href":"https:\/\/shelly.lv\/lt\/wp-json\/wp\/v2\/media?parent=4036"}],"wp:term":[{"taxonomy":"product_cat","embeddable":true,"href":"https:\/\/shelly.lv\/lt\/wp-json\/wp\/v2\/product_cat?post=4036"},{"taxonomy":"product_tag","embeddable":true,"href":"https:\/\/shelly.lv\/lt\/wp-json\/wp\/v2\/product_tag?post=4036"}],"curies":[{"name":"wp","href":"https:\/\/api.w.org\/{rel}","templated":true}]}}