{"id":4068,"date":"2025-03-19T09:24:54","date_gmt":"2025-03-19T07:24:54","guid":{"rendered":"https:\/\/shelly.lv\/veikals\/uncategorized\/shelly-1-mini-gen4-1-kanalo-rele-8a-wifi-bluetooth-zigbee-matter\/"},"modified":"2026-05-01T17:45:35","modified_gmt":"2026-05-01T14:45:35","slug":"shelly-1-mini-gen4-1-kanalo-rele-8a-wifi-bluetooth-zigbee-matter","status":"publish","type":"product","link":"https:\/\/shelly.lv\/lt\/shop\/ismaniosios-reles\/shelly-1-mini-gen4-1-kanalo-rele-8a-wifi-bluetooth-zigbee-matter\/","title":{"rendered":"Shelly 1 Mini Gen4 1 kanalo rel\u0117 8A (WiFi, Bluetooth, Zigbee, Matter)"},"content":{"rendered":"<section class=\"wpb-content-wrapper\"><p>[vc_row][vc_column][vc_column_text css=&#8221;&#8221; woodmart_inline=&#8221;no&#8221; text_larger=&#8221;no&#8221;]\u0160ios mini rel\u0117s, sukurtos atsi\u017evelgiant \u012f patogum\u0105, turi visas \u201ePlus\u201c serijos galimybes, kurios telpa \u012f kompakti\u0161k\u0105 ir erdv\u0119 taupan\u010di\u0105 form\u0105. 35 % suma\u017einus \u201eShelly Plus\u201c \u012frengini\u0173 dyd\u012f, \u201eShelly Mini\u201c puikiai tinka toms ank\u0161toms erdv\u0117ms, kur tradicin\u0117s rel\u0117s tiesiog netilps. Nepaisant ma\u017eo dyd\u017eio, \u201eShelly Mini\u201c \u012frenginiai nekenkia nei na\u0161umui, nei funkcionalumui.<\/p>\n<p>Pastaba: tai GEN4 produkto versija.<\/p>\n<p>Keli\u0173 protokol\u0173 ry\u0161ys su \u201eWi-Fi\u201c, \u201eBluetooth\u201c, \u201eZigbee\u201c ir \u201eMatter\u201c \u2013 pasirinkite ry\u0161\u012f ir nustatykite savo \u201eShelly\u201c \u012frengin\u012f, kad jis greitai veikt\u0173 su pageidaujamu i\u0161mani\u0173j\u0173 nam\u0173 tinklu.<br \/>\n\u012erengtas naujas procesorius ir padidinta \u201eflash\u201c atmintis \u2013 ESP Shelly<br \/>\nPagerintas gnybt\u0173 patvarumas<\/p>\n<p><strong>Funkcionalumas<\/strong><\/p>\n<ul>\n<li>Keli\u0173 protokol\u0173 ry\u0161ys su \u201eWi-Fi\u201c, \u201eBluetooth\u201c, \u201eZigbee\u201c ir \u201eMatter\u201c \u2013 pasirinkite ry\u0161\u012f ir nustatykite savo \u201eShelly\u201c \u012frengin\u012f, kad jis greitai veikt\u0173 su pageidaujamu i\u0161mani\u0173j\u0173 nam\u0173 tinklu.<\/li>\n<li>Bluetooth \u2013 Greitas \u012ftraukimas per Bluetooth arba naudokite j\u012f kaip Bluetooth \u0161liuz\u0105.<\/li>\n<li>Sausi kontaktai \u2013 naudokite \u012fvairiems prietaisams ir prietaisams valdyti.<\/li>\n<li>I\u0161manieji tvarkara\u0161\u010diai \u2013 nustatykite pasirinktinius tvarkara\u0161\u010dius pagal savo dienos darbotvark\u0119 arba sekite saul\u0117tek\u012f\/saul\u0117lyd\u012f ir atitinkamai valdykite ap\u0161vietim\u0105.<\/li>\n<li>I\u0161maniosios scenos \u2013 nustatykite pasirinktines scenas derindami \u201eShelly 1 Mini\u201c su kitais \u201eShelly\u201c \u012frenginiais.<\/li>\n<li>Scenarij\u0173 k\u016brimas \u2013 \u201eShelly 1 Mini\u201c visi\u0161kai palaiko mjS scenarijus, tod\u0117l galite kurti pasirinktines funkcijas ir funkcijas.<\/li>\n<li>HTTP\/HTTPS \u017einiatinklio kabliukai \u2013 \u201eShelly\u201c \u012frenginiai gali prane\u0161ti arba valdyti kit\u0105 suderinam\u0105 \u012frang\u0105 arba tre\u010diosios \u0161alies automatizavimo sistem\u0105.<\/li>\n<li>Visi\u0161kas suderinamumas<\/li>\n<li>\u201eShelly\u201c \u012frenginiai suderinami su \u201eAlexa\u201c, \u201eGoogle Home\u201c, \u201eAndroid\u201c ir \u201eiOS\u201c. Kartu su balso asistentu galite valdyti \u201eShelly\u201c \u012frenginius tik savo balsu!<\/li>\n<\/ul>\n<p>[\/vc_column_text]\t\t<div id=\"gallery_414\" class=\"wd-images-gallery wd-rs-67da7248f402b wd-justify-center wd-items-middle view-grid photoswipe-images\" >\n\t\t\t<div class=\"gallery-images row wd-spacing-0\">\n\t\t\t\t\t\t\t\t\t\t\t\t\t\t\t<div class=\"wd-gallery-item col-lg-12 col-md-12 col-sm-12 col-12\">\n\t\t\t\t\t\t\t\t\t\t\t\t\t\t<a href=\"\" data-elementor-open-lightbox=\"no\" data-index=\"1\" data-width=\"\" data-height=\"\"  >\n\t\t\t\t\t\t\t\t\n\t\t\t\t\t\t\t\t\n\t\t\t\t\t\t\t\t\t\t\t\t\t\t\t<\/a>\n\t\t\t\t\t\t\t\t\t\t\t\t<\/div>\n\t\t\t\t\t\t\t\t\t\t\t\t<\/div>\n\t\t<\/div>\n\t\t\t\t[vc_video link=&#8221;&#8221; el_width=&#8221;80&#8243; align=&#8221;center&#8221; css=&#8221;.vc_custom_1717676823638{padding-bottom: 15px !important;}&#8221; image_poster_switch=&#8221;no&#8221; woodmart_css_id=&#8221;6661ab12a35dc&#8221;][\/vc_column][\/vc_row]<\/p>\n<\/section>","protected":false},"excerpt":{"rendered":"<p>[vc_row][vc_column][vc_column_text css=&#8221;&#8221; woodmart_inline=&#8221;no&#8221; text_larger=&#8221;no&#8221;]\u0160ios mini rel\u0117s, sukurtos atsi\u017evelgiant \u012f patogum\u0105, turi visas \u201ePlus\u201c serijos galimybes, kurios telpa \u012f kompakti\u0161k\u0105 ir<\/p>\n","protected":false},"featured_media":4064,"template":"","meta":[],"product_cat":[713,297],"product_tag":[41],"class_list":{"0":"post-4068","1":"product","2":"type-product","3":"status-publish","4":"has-post-thumbnail","6":"product_cat-gen4-serija","7":"product_cat-ismaniosios-reles","8":"product_tag-shelly","9":"product_shipping_class-pastomatai","11":"first","12":"instock","13":"taxable","14":"shipping-taxable","15":"purchasable","16":"product-type-simple"},"yoast_head":"<!-- This site is optimized with the Yoast SEO plugin v20.12 - https:\/\/yoast.com\/wordpress\/plugins\/seo\/ -->\n<title>Shelly 1 Mini Gen4 1 kanalo rel\u0117 8A (WiFi, Bluetooth, Zigbee, Matter) - shelly.lv<\/title>\n<meta name=\"robots\" content=\"index, follow, max-snippet:-1, max-image-preview:large, max-video-preview:-1\" \/>\n<link rel=\"canonical\" href=\"https:\/\/shelly.lv\/lt\/shop\/ismaniosios-reles\/shelly-1-mini-gen4-1-kanalo-rele-8a-wifi-bluetooth-zigbee-matter\/\" \/>\n<meta property=\"og:locale\" content=\"lt_LT\" \/>\n<meta property=\"og:type\" content=\"article\" \/>\n<meta property=\"og:title\" content=\"Shelly 1 Mini Gen4 1 kanalo rel\u0117 8A (WiFi, Bluetooth, Zigbee, Matter) - shelly.lv\" \/>\n<meta property=\"og:description\" content=\"[vc_row][vc_column][vc_column_text css=&#8221;&#8221; woodmart_inline=&#8221;no&#8221; text_larger=&#8221;no&#8221;]\u0160ios mini rel\u0117s, sukurtos atsi\u017evelgiant \u012f patogum\u0105, turi visas \u201ePlus\u201c serijos galimybes, kurios telpa \u012f kompakti\u0161k\u0105 ir\" \/>\n<meta property=\"og:url\" content=\"https:\/\/shelly.lv\/lt\/shop\/ismaniosios-reles\/shelly-1-mini-gen4-1-kanalo-rele-8a-wifi-bluetooth-zigbee-matter\/\" \/>\n<meta property=\"og:site_name\" content=\"shelly.lv\" \/>\n<meta property=\"article:modified_time\" content=\"2026-05-01T14:45:35+00:00\" \/>\n<meta property=\"og:image\" content=\"http:\/\/shelly.lv\/wp-content\/uploads\/2025\/04\/shelly-mini-1-gen4-1-scaled.jpg\" \/>\n\t<meta property=\"og:image:width\" content=\"2560\" \/>\n\t<meta property=\"og:image:height\" content=\"2560\" \/>\n\t<meta property=\"og:image:type\" content=\"image\/jpeg\" \/>\n<meta name=\"twitter:card\" content=\"summary_large_image\" \/>\n<meta name=\"twitter:label1\" content=\"Est. reading time\" \/>\n\t<meta name=\"twitter:data1\" content=\"2 minut\u0117s\" \/>\n<script type=\"application\/ld+json\" class=\"yoast-schema-graph\">{\"@context\":\"https:\/\/schema.org\",\"@graph\":[{\"@type\":\"WebPage\",\"@id\":\"https:\/\/shelly.lv\/lt\/shop\/ismaniosios-reles\/shelly-1-mini-gen4-1-kanalo-rele-8a-wifi-bluetooth-zigbee-matter\/\",\"url\":\"https:\/\/shelly.lv\/lt\/shop\/ismaniosios-reles\/shelly-1-mini-gen4-1-kanalo-rele-8a-wifi-bluetooth-zigbee-matter\/\",\"name\":\"Shelly 1 Mini Gen4 1 kanalo rel\u0117 8A (WiFi, Bluetooth, Zigbee, Matter) - shelly.lv\",\"isPartOf\":{\"@id\":\"https:\/\/shelly.lv\/lt\/#website\"},\"datePublished\":\"2025-03-19T07:24:54+00:00\",\"dateModified\":\"2026-05-01T14:45:35+00:00\",\"breadcrumb\":{\"@id\":\"https:\/\/shelly.lv\/lt\/shop\/ismaniosios-reles\/shelly-1-mini-gen4-1-kanalo-rele-8a-wifi-bluetooth-zigbee-matter\/#breadcrumb\"},\"inLanguage\":\"lt-LT\",\"potentialAction\":[{\"@type\":\"ReadAction\",\"target\":[\"https:\/\/shelly.lv\/lt\/shop\/ismaniosios-reles\/shelly-1-mini-gen4-1-kanalo-rele-8a-wifi-bluetooth-zigbee-matter\/\"]}]},{\"@type\":\"BreadcrumbList\",\"@id\":\"https:\/\/shelly.lv\/lt\/shop\/ismaniosios-reles\/shelly-1-mini-gen4-1-kanalo-rele-8a-wifi-bluetooth-zigbee-matter\/#breadcrumb\",\"itemListElement\":[{\"@type\":\"ListItem\",\"position\":1,\"name\":\"Home\",\"item\":\"https:\/\/shelly.lv\/lt\/\"},{\"@type\":\"ListItem\",\"position\":2,\"name\":\"Parduotuv\u0117\",\"item\":\"https:\/\/shelly.lv\/lt\/shop\/\"},{\"@type\":\"ListItem\",\"position\":3,\"name\":\"Shelly 1 Mini Gen4 1 kanalo rel\u0117 8A (WiFi, Bluetooth, Zigbee, Matter)\"}]},{\"@type\":\"WebSite\",\"@id\":\"https:\/\/shelly.lv\/lt\/#website\",\"url\":\"https:\/\/shelly.lv\/lt\/\",\"name\":\"Shelly.lv\",\"description\":\"Shelly Latvia\",\"publisher\":{\"@id\":\"https:\/\/shelly.lv\/lt\/#organization\"},\"potentialAction\":[{\"@type\":\"SearchAction\",\"target\":{\"@type\":\"EntryPoint\",\"urlTemplate\":\"https:\/\/shelly.lv\/lt\/?s={search_term_string}\"},\"query-input\":\"required name=search_term_string\"}],\"inLanguage\":\"lt-LT\"},{\"@type\":\"Organization\",\"@id\":\"https:\/\/shelly.lv\/lt\/#organization\",\"name\":\"Shelly.lv\",\"url\":\"https:\/\/shelly.lv\/lt\/\",\"logo\":{\"@type\":\"ImageObject\",\"inLanguage\":\"lt-LT\",\"@id\":\"https:\/\/shelly.lv\/lt\/#\/schema\/logo\/image\/\",\"url\":\"https:\/\/shelly.lv\/wp-content\/uploads\/2023\/07\/Asset-3.png\",\"contentUrl\":\"https:\/\/shelly.lv\/wp-content\/uploads\/2023\/07\/Asset-3.png\",\"width\":861,\"height\":240,\"caption\":\"Shelly.lv\"},\"image\":{\"@id\":\"https:\/\/shelly.lv\/lt\/#\/schema\/logo\/image\/\"}}]}<\/script>\n<!-- \/ Yoast SEO plugin. -->","yoast_head_json":{"title":"Shelly 1 Mini Gen4 1 kanalo rel\u0117 8A (WiFi, Bluetooth, Zigbee, Matter) - shelly.lv","robots":{"index":"index","follow":"follow","max-snippet":"max-snippet:-1","max-image-preview":"max-image-preview:large","max-video-preview":"max-video-preview:-1"},"canonical":"https:\/\/shelly.lv\/lt\/shop\/ismaniosios-reles\/shelly-1-mini-gen4-1-kanalo-rele-8a-wifi-bluetooth-zigbee-matter\/","og_locale":"lt_LT","og_type":"article","og_title":"Shelly 1 Mini Gen4 1 kanalo rel\u0117 8A (WiFi, Bluetooth, Zigbee, Matter) - shelly.lv","og_description":"[vc_row][vc_column][vc_column_text css=&#8221;&#8221; woodmart_inline=&#8221;no&#8221; text_larger=&#8221;no&#8221;]\u0160ios mini rel\u0117s, sukurtos atsi\u017evelgiant \u012f patogum\u0105, turi visas \u201ePlus\u201c serijos galimybes, kurios telpa \u012f kompakti\u0161k\u0105 ir","og_url":"https:\/\/shelly.lv\/lt\/shop\/ismaniosios-reles\/shelly-1-mini-gen4-1-kanalo-rele-8a-wifi-bluetooth-zigbee-matter\/","og_site_name":"shelly.lv","article_modified_time":"2026-05-01T14:45:35+00:00","og_image":[{"width":2560,"height":2560,"url":"http:\/\/shelly.lv\/wp-content\/uploads\/2025\/04\/shelly-mini-1-gen4-1-scaled.jpg","type":"image\/jpeg"}],"twitter_card":"summary_large_image","twitter_misc":{"Est. reading time":"2 minut\u0117s"},"schema":{"@context":"https:\/\/schema.org","@graph":[{"@type":"WebPage","@id":"https:\/\/shelly.lv\/lt\/shop\/ismaniosios-reles\/shelly-1-mini-gen4-1-kanalo-rele-8a-wifi-bluetooth-zigbee-matter\/","url":"https:\/\/shelly.lv\/lt\/shop\/ismaniosios-reles\/shelly-1-mini-gen4-1-kanalo-rele-8a-wifi-bluetooth-zigbee-matter\/","name":"Shelly 1 Mini Gen4 1 kanalo rel\u0117 8A (WiFi, Bluetooth, Zigbee, Matter) - shelly.lv","isPartOf":{"@id":"https:\/\/shelly.lv\/lt\/#website"},"datePublished":"2025-03-19T07:24:54+00:00","dateModified":"2026-05-01T14:45:35+00:00","breadcrumb":{"@id":"https:\/\/shelly.lv\/lt\/shop\/ismaniosios-reles\/shelly-1-mini-gen4-1-kanalo-rele-8a-wifi-bluetooth-zigbee-matter\/#breadcrumb"},"inLanguage":"lt-LT","potentialAction":[{"@type":"ReadAction","target":["https:\/\/shelly.lv\/lt\/shop\/ismaniosios-reles\/shelly-1-mini-gen4-1-kanalo-rele-8a-wifi-bluetooth-zigbee-matter\/"]}]},{"@type":"BreadcrumbList","@id":"https:\/\/shelly.lv\/lt\/shop\/ismaniosios-reles\/shelly-1-mini-gen4-1-kanalo-rele-8a-wifi-bluetooth-zigbee-matter\/#breadcrumb","itemListElement":[{"@type":"ListItem","position":1,"name":"Home","item":"https:\/\/shelly.lv\/lt\/"},{"@type":"ListItem","position":2,"name":"Parduotuv\u0117","item":"https:\/\/shelly.lv\/lt\/shop\/"},{"@type":"ListItem","position":3,"name":"Shelly 1 Mini Gen4 1 kanalo rel\u0117 8A (WiFi, Bluetooth, Zigbee, Matter)"}]},{"@type":"WebSite","@id":"https:\/\/shelly.lv\/lt\/#website","url":"https:\/\/shelly.lv\/lt\/","name":"Shelly.lv","description":"Shelly Latvia","publisher":{"@id":"https:\/\/shelly.lv\/lt\/#organization"},"potentialAction":[{"@type":"SearchAction","target":{"@type":"EntryPoint","urlTemplate":"https:\/\/shelly.lv\/lt\/?s={search_term_string}"},"query-input":"required name=search_term_string"}],"inLanguage":"lt-LT"},{"@type":"Organization","@id":"https:\/\/shelly.lv\/lt\/#organization","name":"Shelly.lv","url":"https:\/\/shelly.lv\/lt\/","logo":{"@type":"ImageObject","inLanguage":"lt-LT","@id":"https:\/\/shelly.lv\/lt\/#\/schema\/logo\/image\/","url":"https:\/\/shelly.lv\/wp-content\/uploads\/2023\/07\/Asset-3.png","contentUrl":"https:\/\/shelly.lv\/wp-content\/uploads\/2023\/07\/Asset-3.png","width":861,"height":240,"caption":"Shelly.lv"},"image":{"@id":"https:\/\/shelly.lv\/lt\/#\/schema\/logo\/image\/"}}]}},"_links":{"self":[{"href":"https:\/\/shelly.lv\/lt\/wp-json\/wp\/v2\/product\/4068","targetHints":{"allow":["GET"]}}],"collection":[{"href":"https:\/\/shelly.lv\/lt\/wp-json\/wp\/v2\/product"}],"about":[{"href":"https:\/\/shelly.lv\/lt\/wp-json\/wp\/v2\/types\/product"}],"wp:featuredmedia":[{"embeddable":true,"href":"https:\/\/shelly.lv\/lt\/wp-json\/wp\/v2\/media\/4064"}],"wp:attachment":[{"href":"https:\/\/shelly.lv\/lt\/wp-json\/wp\/v2\/media?parent=4068"}],"wp:term":[{"taxonomy":"product_cat","embeddable":true,"href":"https:\/\/shelly.lv\/lt\/wp-json\/wp\/v2\/product_cat?post=4068"},{"taxonomy":"product_tag","embeddable":true,"href":"https:\/\/shelly.lv\/lt\/wp-json\/wp\/v2\/product_tag?post=4068"}],"curies":[{"name":"wp","href":"https:\/\/api.w.org\/{rel}","templated":true}]}}