{"id":4078,"date":"2025-03-19T07:00:55","date_gmt":"2025-03-19T05:00:55","guid":{"rendered":"https:\/\/shelly.lv\/veikals\/uncategorized\/shelly-1-gen4-1-kanalo-rele-16a-wifi-bluetooth-zigbee-matter\/"},"modified":"2026-04-30T21:49:05","modified_gmt":"2026-04-30T18:49:05","slug":"shelly-1-gen4-1-kanalo-rele-16a-wifi-bluetooth-zigbee-matter","status":"publish","type":"product","link":"https:\/\/shelly.lv\/lt\/shop\/ismaniosios-reles\/shelly-1-gen4-1-kanalo-rele-16a-wifi-bluetooth-zigbee-matter\/","title":{"rendered":"Shelly 1 Gen4 1 kanalo rel\u0117 16A (WiFi, Bluetooth, Zigbee, Matter)"},"content":{"rendered":"<section class=\"wpb-content-wrapper\"><p>[vc_row][vc_column][vc_column_text css=&#8221;&#8221; woodmart_inline=&#8221;no&#8221; text_larger=&#8221;no&#8221;]Shelly 1 Gen4 yra kompakti\u0161ka i\u0161manioji rel\u0117, si\u016blanti skland\u0173 \u012fprast\u0173 elektros prietais\u0173, pvz., lemp\u0173, \u0161ildytuv\u0173, motorizuot\u0173 \u017ealiuzi\u0173 ir kt., nuotolin\u012f valdym\u0105. Kiemo vart\u0173, gara\u017eo vart\u0173 valdymas. Lengvai montuojamas ir pakankamai kompakti\u0161kas, kad j\u012f b\u016bt\u0173 galima montuoti u\u017e \u0161viesos jungiklio arba elektros lizdo, Shelly 1 Gen4 turi tiesiogin\u012f ry\u0161\u012f per \u201eWi-Fi\u201c, \u201eBluetooth\u201c, \u201eZigbee\u201c ir \u201eMatter\u201c, j\u012f galima valdyti nuotoliniu b\u016bdu naudojant nemokam\u0105 mobili\u0105j\u0105 program\u0105 arba skland\u017eiai integruoti \u012f i\u0161mani\u0105j\u0105 scen\u0105 ar tvarkara\u0161t\u012f, apimant\u012f kelis prijungtus \u201eShelly\u201c \u012frenginius.<\/p>\n<p>Gen4 turi vien\u0105 kanal\u0105 ir gali valdyti iki 16A, tod\u0117l tai idealus pasirinkimas ap\u0161vietimui, \u0161ildymui ir daugeliui kit\u0173 elektros prietais\u0173.<\/p>\n<ul>\n<li>Naujiena \u2013 keli\u0173 protokol\u0173 ry\u0161ys: pasirinkite \u201eBluetooth\u201c, \u201eWi-Fi\u201c arba \u201eZigbee\u201c.<\/li>\n<li>Naujiena \u2013 veikia su Apple Homekit: valdykite prijungtus \u012frenginius naudodami Apple Home program\u0105 arba Siri per Matter<\/li>\n<li>Sausi kontaktai (be potencialo) \u2013 kontaktoriaus valdymo galimyb\u0117. Leid\u017eia \u012fjungti ir i\u0161jungti \u017eemesn\u0117s \u012ftampos \u012frenginius.<\/li>\n<li>\u017demos ir auk\u0161tos \u012ftampos palaikymas<\/li>\n<li>Puikiai tinka montuoti u\u017e esam\u0173 jungikli\u0173 ir lizd\u0173<\/li>\n<li>Palaiko tvarkara\u0161\u010dius, scenas ir vietinius veiksmus<\/li>\n<li>Palaiko scenarijus, HTTPS, MQTTS, \u012feinan\u010dius ir i\u0161einan\u010dius \u017einiatinklio lizdus<\/li>\n<li>Palaiko virtualius komponentus<\/li>\n<li>Palaiko KNXnet \/ IP ry\u0161\u012f<\/li>\n<li>Vidinis temperat\u016bros jutiklis, apsaugantis nuo perkaitimo<\/li>\n<li>Nereikalingas centras! Lengvas valdymas naudojant Shelly Smart Control program\u0117l\u0119, daugum\u0105 platform\u0173 ir protokol\u0173, taip pat balso asistentus. Naudokite j\u012f su Alexa, Sir, Home Assistant, Apple Homekit arba pageidaujama automatizavimo platforma<\/li>\n<\/ul>\n<p>[\/vc_column_text]\t\t<div id=\"gallery_747\" class=\"wd-images-gallery wd-rs-67da6ddbe5b47 wd-justify-center wd-items-middle view-grid photoswipe-images\" >\n\t\t\t<div class=\"gallery-images row wd-spacing-0\">\n\t\t\t\t\t\t\t\t\t\t\t\t\t\t\t<div class=\"wd-gallery-item col-lg-12 col-md-12 col-sm-12 col-12\">\n\t\t\t\t\t\t\t\t\t\t\t\t\t\t<a href=\"\" data-elementor-open-lightbox=\"no\" data-index=\"1\" data-width=\"\" data-height=\"\"  >\n\t\t\t\t\t\t\t\t\n\t\t\t\t\t\t\t\t\n\t\t\t\t\t\t\t\t\t\t\t\t\t\t\t<\/a>\n\t\t\t\t\t\t\t\t\t\t\t\t<\/div>\n\t\t\t\t\t\t\t\t\t\t\t\t<\/div>\n\t\t<\/div>\n\t\t\t\t[vc_video link=&#8221;&#8221; el_width=&#8221;80&#8243; align=&#8221;center&#8221; css=&#8221;.vc_custom_1717676823638{padding-bottom: 15px !important;}&#8221; image_poster_switch=&#8221;no&#8221; woodmart_css_id=&#8221;6661ab12a35dc&#8221;][\/vc_column][\/vc_row]<\/p>\n<\/section>","protected":false},"excerpt":{"rendered":"<p>[vc_row][vc_column][vc_column_text css=&#8221;&#8221; woodmart_inline=&#8221;no&#8221; text_larger=&#8221;no&#8221;]Shelly 1 Gen4 yra kompakti\u0161ka i\u0161manioji rel\u0117, si\u016blanti skland\u0173 \u012fprast\u0173 elektros prietais\u0173, pvz., lemp\u0173, \u0161ildytuv\u0173, motorizuot\u0173 \u017ealiuzi\u0173<\/p>\n","protected":false},"featured_media":4074,"template":"","meta":[],"product_cat":[713,297],"product_tag":[41],"class_list":{"0":"post-4078","1":"product","2":"type-product","3":"status-publish","4":"has-post-thumbnail","6":"product_cat-gen4-serija","7":"product_cat-ismaniosios-reles","8":"product_tag-shelly","9":"product_shipping_class-pastomatai","11":"first","12":"instock","13":"taxable","14":"shipping-taxable","15":"purchasable","16":"product-type-simple"},"yoast_head":"<!-- This site is optimized with the Yoast SEO plugin v20.12 - https:\/\/yoast.com\/wordpress\/plugins\/seo\/ -->\n<title>Shelly 1 Gen4 1 kanalo rel\u0117 16A (WiFi, Bluetooth, Zigbee, Matter) - shelly.lv<\/title>\n<meta name=\"robots\" content=\"index, follow, max-snippet:-1, max-image-preview:large, max-video-preview:-1\" \/>\n<link rel=\"canonical\" href=\"https:\/\/shelly.lv\/lt\/shop\/ismaniosios-reles\/shelly-1-gen4-1-kanalo-rele-16a-wifi-bluetooth-zigbee-matter\/\" \/>\n<meta property=\"og:locale\" content=\"lt_LT\" \/>\n<meta property=\"og:type\" content=\"article\" \/>\n<meta property=\"og:title\" content=\"Shelly 1 Gen4 1 kanalo rel\u0117 16A (WiFi, Bluetooth, Zigbee, Matter) - shelly.lv\" \/>\n<meta property=\"og:description\" content=\"[vc_row][vc_column][vc_column_text css=&#8221;&#8221; woodmart_inline=&#8221;no&#8221; text_larger=&#8221;no&#8221;]Shelly 1 Gen4 yra kompakti\u0161ka i\u0161manioji rel\u0117, si\u016blanti skland\u0173 \u012fprast\u0173 elektros prietais\u0173, pvz., lemp\u0173, \u0161ildytuv\u0173, motorizuot\u0173 \u017ealiuzi\u0173\" \/>\n<meta property=\"og:url\" content=\"https:\/\/shelly.lv\/lt\/shop\/ismaniosios-reles\/shelly-1-gen4-1-kanalo-rele-16a-wifi-bluetooth-zigbee-matter\/\" \/>\n<meta property=\"og:site_name\" content=\"shelly.lv\" \/>\n<meta property=\"article:modified_time\" content=\"2026-04-30T18:49:05+00:00\" \/>\n<meta property=\"og:image\" content=\"http:\/\/shelly.lv\/wp-content\/uploads\/2025\/04\/shelly-1-gen4-relay-switch-1x-16a-wifi-bluetooth-zigbee-matter.jpg\" \/>\n\t<meta property=\"og:image:width\" content=\"800\" \/>\n\t<meta property=\"og:image:height\" content=\"800\" \/>\n\t<meta property=\"og:image:type\" content=\"image\/jpeg\" \/>\n<meta name=\"twitter:card\" content=\"summary_large_image\" \/>\n<meta name=\"twitter:label1\" content=\"Est. reading time\" \/>\n\t<meta name=\"twitter:data1\" content=\"2 minut\u0117s\" \/>\n<script type=\"application\/ld+json\" class=\"yoast-schema-graph\">{\"@context\":\"https:\/\/schema.org\",\"@graph\":[{\"@type\":\"WebPage\",\"@id\":\"https:\/\/shelly.lv\/lt\/shop\/ismaniosios-reles\/shelly-1-gen4-1-kanalo-rele-16a-wifi-bluetooth-zigbee-matter\/\",\"url\":\"https:\/\/shelly.lv\/lt\/shop\/ismaniosios-reles\/shelly-1-gen4-1-kanalo-rele-16a-wifi-bluetooth-zigbee-matter\/\",\"name\":\"Shelly 1 Gen4 1 kanalo rel\u0117 16A (WiFi, Bluetooth, Zigbee, Matter) - shelly.lv\",\"isPartOf\":{\"@id\":\"https:\/\/shelly.lv\/lt\/#website\"},\"datePublished\":\"2025-03-19T05:00:55+00:00\",\"dateModified\":\"2026-04-30T18:49:05+00:00\",\"breadcrumb\":{\"@id\":\"https:\/\/shelly.lv\/lt\/shop\/ismaniosios-reles\/shelly-1-gen4-1-kanalo-rele-16a-wifi-bluetooth-zigbee-matter\/#breadcrumb\"},\"inLanguage\":\"lt-LT\",\"potentialAction\":[{\"@type\":\"ReadAction\",\"target\":[\"https:\/\/shelly.lv\/lt\/shop\/ismaniosios-reles\/shelly-1-gen4-1-kanalo-rele-16a-wifi-bluetooth-zigbee-matter\/\"]}]},{\"@type\":\"BreadcrumbList\",\"@id\":\"https:\/\/shelly.lv\/lt\/shop\/ismaniosios-reles\/shelly-1-gen4-1-kanalo-rele-16a-wifi-bluetooth-zigbee-matter\/#breadcrumb\",\"itemListElement\":[{\"@type\":\"ListItem\",\"position\":1,\"name\":\"Home\",\"item\":\"https:\/\/shelly.lv\/lt\/\"},{\"@type\":\"ListItem\",\"position\":2,\"name\":\"Parduotuv\u0117\",\"item\":\"https:\/\/shelly.lv\/lt\/shop\/\"},{\"@type\":\"ListItem\",\"position\":3,\"name\":\"Shelly 1 Gen4 1 kanalo rel\u0117 16A (WiFi, Bluetooth, Zigbee, Matter)\"}]},{\"@type\":\"WebSite\",\"@id\":\"https:\/\/shelly.lv\/lt\/#website\",\"url\":\"https:\/\/shelly.lv\/lt\/\",\"name\":\"Shelly.lv\",\"description\":\"Shelly Latvia\",\"publisher\":{\"@id\":\"https:\/\/shelly.lv\/lt\/#organization\"},\"potentialAction\":[{\"@type\":\"SearchAction\",\"target\":{\"@type\":\"EntryPoint\",\"urlTemplate\":\"https:\/\/shelly.lv\/lt\/?s={search_term_string}\"},\"query-input\":\"required name=search_term_string\"}],\"inLanguage\":\"lt-LT\"},{\"@type\":\"Organization\",\"@id\":\"https:\/\/shelly.lv\/lt\/#organization\",\"name\":\"Shelly.lv\",\"url\":\"https:\/\/shelly.lv\/lt\/\",\"logo\":{\"@type\":\"ImageObject\",\"inLanguage\":\"lt-LT\",\"@id\":\"https:\/\/shelly.lv\/lt\/#\/schema\/logo\/image\/\",\"url\":\"https:\/\/shelly.lv\/wp-content\/uploads\/2023\/07\/Asset-3.png\",\"contentUrl\":\"https:\/\/shelly.lv\/wp-content\/uploads\/2023\/07\/Asset-3.png\",\"width\":861,\"height\":240,\"caption\":\"Shelly.lv\"},\"image\":{\"@id\":\"https:\/\/shelly.lv\/lt\/#\/schema\/logo\/image\/\"}}]}<\/script>\n<!-- \/ Yoast SEO plugin. -->","yoast_head_json":{"title":"Shelly 1 Gen4 1 kanalo rel\u0117 16A (WiFi, Bluetooth, Zigbee, Matter) - shelly.lv","robots":{"index":"index","follow":"follow","max-snippet":"max-snippet:-1","max-image-preview":"max-image-preview:large","max-video-preview":"max-video-preview:-1"},"canonical":"https:\/\/shelly.lv\/lt\/shop\/ismaniosios-reles\/shelly-1-gen4-1-kanalo-rele-16a-wifi-bluetooth-zigbee-matter\/","og_locale":"lt_LT","og_type":"article","og_title":"Shelly 1 Gen4 1 kanalo rel\u0117 16A (WiFi, Bluetooth, Zigbee, Matter) - shelly.lv","og_description":"[vc_row][vc_column][vc_column_text css=&#8221;&#8221; woodmart_inline=&#8221;no&#8221; text_larger=&#8221;no&#8221;]Shelly 1 Gen4 yra kompakti\u0161ka i\u0161manioji rel\u0117, si\u016blanti skland\u0173 \u012fprast\u0173 elektros prietais\u0173, pvz., lemp\u0173, \u0161ildytuv\u0173, motorizuot\u0173 \u017ealiuzi\u0173","og_url":"https:\/\/shelly.lv\/lt\/shop\/ismaniosios-reles\/shelly-1-gen4-1-kanalo-rele-16a-wifi-bluetooth-zigbee-matter\/","og_site_name":"shelly.lv","article_modified_time":"2026-04-30T18:49:05+00:00","og_image":[{"width":800,"height":800,"url":"http:\/\/shelly.lv\/wp-content\/uploads\/2025\/04\/shelly-1-gen4-relay-switch-1x-16a-wifi-bluetooth-zigbee-matter.jpg","type":"image\/jpeg"}],"twitter_card":"summary_large_image","twitter_misc":{"Est. reading time":"2 minut\u0117s"},"schema":{"@context":"https:\/\/schema.org","@graph":[{"@type":"WebPage","@id":"https:\/\/shelly.lv\/lt\/shop\/ismaniosios-reles\/shelly-1-gen4-1-kanalo-rele-16a-wifi-bluetooth-zigbee-matter\/","url":"https:\/\/shelly.lv\/lt\/shop\/ismaniosios-reles\/shelly-1-gen4-1-kanalo-rele-16a-wifi-bluetooth-zigbee-matter\/","name":"Shelly 1 Gen4 1 kanalo rel\u0117 16A (WiFi, Bluetooth, Zigbee, Matter) - shelly.lv","isPartOf":{"@id":"https:\/\/shelly.lv\/lt\/#website"},"datePublished":"2025-03-19T05:00:55+00:00","dateModified":"2026-04-30T18:49:05+00:00","breadcrumb":{"@id":"https:\/\/shelly.lv\/lt\/shop\/ismaniosios-reles\/shelly-1-gen4-1-kanalo-rele-16a-wifi-bluetooth-zigbee-matter\/#breadcrumb"},"inLanguage":"lt-LT","potentialAction":[{"@type":"ReadAction","target":["https:\/\/shelly.lv\/lt\/shop\/ismaniosios-reles\/shelly-1-gen4-1-kanalo-rele-16a-wifi-bluetooth-zigbee-matter\/"]}]},{"@type":"BreadcrumbList","@id":"https:\/\/shelly.lv\/lt\/shop\/ismaniosios-reles\/shelly-1-gen4-1-kanalo-rele-16a-wifi-bluetooth-zigbee-matter\/#breadcrumb","itemListElement":[{"@type":"ListItem","position":1,"name":"Home","item":"https:\/\/shelly.lv\/lt\/"},{"@type":"ListItem","position":2,"name":"Parduotuv\u0117","item":"https:\/\/shelly.lv\/lt\/shop\/"},{"@type":"ListItem","position":3,"name":"Shelly 1 Gen4 1 kanalo rel\u0117 16A (WiFi, Bluetooth, Zigbee, Matter)"}]},{"@type":"WebSite","@id":"https:\/\/shelly.lv\/lt\/#website","url":"https:\/\/shelly.lv\/lt\/","name":"Shelly.lv","description":"Shelly Latvia","publisher":{"@id":"https:\/\/shelly.lv\/lt\/#organization"},"potentialAction":[{"@type":"SearchAction","target":{"@type":"EntryPoint","urlTemplate":"https:\/\/shelly.lv\/lt\/?s={search_term_string}"},"query-input":"required name=search_term_string"}],"inLanguage":"lt-LT"},{"@type":"Organization","@id":"https:\/\/shelly.lv\/lt\/#organization","name":"Shelly.lv","url":"https:\/\/shelly.lv\/lt\/","logo":{"@type":"ImageObject","inLanguage":"lt-LT","@id":"https:\/\/shelly.lv\/lt\/#\/schema\/logo\/image\/","url":"https:\/\/shelly.lv\/wp-content\/uploads\/2023\/07\/Asset-3.png","contentUrl":"https:\/\/shelly.lv\/wp-content\/uploads\/2023\/07\/Asset-3.png","width":861,"height":240,"caption":"Shelly.lv"},"image":{"@id":"https:\/\/shelly.lv\/lt\/#\/schema\/logo\/image\/"}}]}},"_links":{"self":[{"href":"https:\/\/shelly.lv\/lt\/wp-json\/wp\/v2\/product\/4078","targetHints":{"allow":["GET"]}}],"collection":[{"href":"https:\/\/shelly.lv\/lt\/wp-json\/wp\/v2\/product"}],"about":[{"href":"https:\/\/shelly.lv\/lt\/wp-json\/wp\/v2\/types\/product"}],"wp:featuredmedia":[{"embeddable":true,"href":"https:\/\/shelly.lv\/lt\/wp-json\/wp\/v2\/media\/4074"}],"wp:attachment":[{"href":"https:\/\/shelly.lv\/lt\/wp-json\/wp\/v2\/media?parent=4078"}],"wp:term":[{"taxonomy":"product_cat","embeddable":true,"href":"https:\/\/shelly.lv\/lt\/wp-json\/wp\/v2\/product_cat?post=4078"},{"taxonomy":"product_tag","embeddable":true,"href":"https:\/\/shelly.lv\/lt\/wp-json\/wp\/v2\/product_tag?post=4078"}],"curies":[{"name":"wp","href":"https:\/\/api.w.org\/{rel}","templated":true}]}}