{"id":4087,"date":"2025-03-18T15:25:39","date_gmt":"2025-03-18T13:25:39","guid":{"rendered":"https:\/\/shelly.lv\/veikals\/uncategorized\/shelly-wall-display-x2-ismaniu-namu-valdymo-ekranas-sidabrinis\/"},"modified":"2026-01-29T16:10:08","modified_gmt":"2026-01-29T14:10:08","slug":"shelly-wall-display-x2-ismaniu-namu-valdymo-ekranas-sidabrinis","status":"publish","type":"product","link":"https:\/\/shelly.lv\/lt\/shop\/ismaniosios-reles\/shelly-wall-display-x2-ismaniu-namu-valdymo-ekranas-sidabrinis\/","title":{"rendered":"Shelly Wall Display X2 i\u0161mani\u0173 nam\u0173 valdymo ekranas sidabrinis"},"content":{"rendered":"<section class=\"wpb-content-wrapper\"><p>[vc_row][vc_column][vc_column_text css=&#8221;&#8221; woodmart_inline=&#8221;no&#8221; text_larger=&#8221;no&#8221;]\u201eShelly Wall Display x2\u201c yra intuityvus 6,96 coli\u0173 sieninis ekranas, leid\u017eiantis lengvai, centralizuotai valdyti ir steb\u0117ti visus savo \u201eShelly\u201c \u012frenginius. Minimalistin\u0117s i\u0161vaizdos ir pritaikomo pagrindinio ekrano \u201eShelly Wall Display X2\u201c puikiai der\u0117s prie j\u016bs\u0173 interjero ir prisitaikys prie j\u016bs\u0173 poreiki\u0173. Pakeiskite \u012fprast\u0105 \u0161viesos jungikl\u012f per 10 minu\u010di\u0173 ir valdykite visus savo \u201eShelly\u201c \u012frenginius vos vienu bakstel\u0117jimu.<\/p>\n<ul>\n<li>Integruota 5 A rel\u0117 prietaiso valdymui; reikalingas neutralus<\/li>\n<li>Integruoti temperat\u016bros, dr\u0117gm\u0117s ir LUX jutikliai<\/li>\n<li>Vis\u0173 prietais\u0173 energijos suvartojimo steb\u0117jimas j\u016bs\u0173 pasirinktame kambaryje<\/li>\n<li>Gali veikti kaip kambario termostatas (netrukus)<\/li>\n<li>Lengva nar\u0161yti ir tinkinti pagrindin\u012f ekran\u0105 bei ry\u0161kum\u0105<\/li>\n<li>Kurkite scenas ir tvarkara\u0161\u010dius<\/li>\n<\/ul>\n<p>\u201eShelly Wall Display X2\u201c yra sud\u0117tingas 6,95 coli\u0173 ekranas, kuris suteikia intuityv\u0173 valdym\u0105 ir skland\u0173 steb\u0117jim\u0105 kiekviename j\u016bs\u0173 i\u0161mani\u0173j\u0173 nam\u0173 kampelyje. Atsisveikinkite su \u012fprastais jungikliais \u2013 dabar galite be vargo \u012fjungti\/i\u0161jungti \u012frenginius paprastu prisilietimu.<\/p>\n<p>Nesvarbu, ar tai b\u016bt\u0173 \u0161viesos pritemdymas, kambario atmosferos reguliavimas ar optimalaus energijos vartojimo efektyvumo u\u017etikrinimas, \u0161is i\u0161manusis valdymo pultas palengvina nam\u0173 valdym\u0105. Labai pritaikomas pagrindinis ekranas atspindi j\u016bs\u0173 pageidavimus, greitai per\u017evelgdamas esmines i\u0161mani\u0173j\u0173 nam\u0173 detales, pvz., kambario temperat\u016br\u0105, dr\u0117gm\u0119 ir energijos suvartojim\u0105. Jame taip pat yra \u012fmontuotas 5 A jungiklis, kur\u012f lengva valdyti; greitas bakstel\u0117jimas dviem pir\u0161tais leid\u017eia j\u012f \u012fjungti arba i\u0161jungti ne\u017ei\u016brint.[\/vc_column_text][vc_video link=&#8221;&#8221; el_width=&#8221;80&#8243; align=&#8221;center&#8221; css=&#8221;&#8221; image_poster_switch=&#8221;no&#8221; woodmart_css_id=&#8221;67ae4914bd114&#8243;][\/vc_column][\/vc_row]<\/p>\n<\/section>","protected":false},"excerpt":{"rendered":"<p>[vc_row][vc_column][vc_column_text css=&#8221;&#8221; woodmart_inline=&#8221;no&#8221; text_larger=&#8221;no&#8221;]\u201eShelly Wall Display x2\u201c yra intuityvus 6,96 coli\u0173 sieninis ekranas, leid\u017eiantis lengvai, centralizuotai valdyti ir steb\u0117ti visus<\/p>\n","protected":false},"featured_media":4079,"template":"","meta":[],"product_cat":[499,297,300],"product_tag":[41],"class_list":{"0":"post-4087","1":"product","2":"type-product","3":"status-publish","4":"has-post-thumbnail","6":"product_cat-ismaniosios-centrales","7":"product_cat-ismaniosios-reles","8":"product_cat-jungikliai","9":"product_tag-shelly","10":"product_shipping_class-pastomatai","12":"first","13":"instock","14":"taxable","15":"shipping-taxable","16":"purchasable","17":"product-type-simple"},"yoast_head":"<!-- This site is optimized with the Yoast SEO plugin v20.12 - https:\/\/yoast.com\/wordpress\/plugins\/seo\/ -->\n<title>Shelly Wall Display X2 i\u0161mani\u0173 nam\u0173 valdymo ekranas sidabrinis - shelly.lv<\/title>\n<meta name=\"robots\" content=\"index, follow, max-snippet:-1, max-image-preview:large, max-video-preview:-1\" \/>\n<link rel=\"canonical\" href=\"https:\/\/shelly.lv\/lt\/shop\/ismaniosios-reles\/shelly-wall-display-x2-ismaniu-namu-valdymo-ekranas-sidabrinis\/\" \/>\n<meta property=\"og:locale\" content=\"lt_LT\" \/>\n<meta property=\"og:type\" content=\"article\" \/>\n<meta property=\"og:title\" content=\"Shelly Wall Display X2 i\u0161mani\u0173 nam\u0173 valdymo ekranas sidabrinis - shelly.lv\" \/>\n<meta property=\"og:description\" content=\"[vc_row][vc_column][vc_column_text css=&#8221;&#8221; woodmart_inline=&#8221;no&#8221; text_larger=&#8221;no&#8221;]\u201eShelly Wall Display x2\u201c yra intuityvus 6,96 coli\u0173 sieninis ekranas, leid\u017eiantis lengvai, centralizuotai valdyti ir steb\u0117ti visus\" \/>\n<meta property=\"og:url\" content=\"https:\/\/shelly.lv\/lt\/shop\/ismaniosios-reles\/shelly-wall-display-x2-ismaniu-namu-valdymo-ekranas-sidabrinis\/\" \/>\n<meta property=\"og:site_name\" content=\"shelly.lv\" \/>\n<meta property=\"article:modified_time\" content=\"2026-01-29T14:10:08+00:00\" \/>\n<meta property=\"og:image\" content=\"http:\/\/shelly.lv\/wp-content\/uploads\/2025\/04\/shelly-wall-display-X2-white-main-image.webp\" \/>\n\t<meta property=\"og:image:width\" content=\"1000\" \/>\n\t<meta property=\"og:image:height\" content=\"1000\" \/>\n\t<meta property=\"og:image:type\" content=\"image\/webp\" \/>\n<meta name=\"twitter:card\" content=\"summary_large_image\" \/>\n<meta name=\"twitter:label1\" content=\"Est. reading time\" \/>\n\t<meta name=\"twitter:data1\" content=\"2 minut\u0117s\" \/>\n<script type=\"application\/ld+json\" class=\"yoast-schema-graph\">{\"@context\":\"https:\/\/schema.org\",\"@graph\":[{\"@type\":\"WebPage\",\"@id\":\"https:\/\/shelly.lv\/lt\/shop\/ismaniosios-reles\/shelly-wall-display-x2-ismaniu-namu-valdymo-ekranas-sidabrinis\/\",\"url\":\"https:\/\/shelly.lv\/lt\/shop\/ismaniosios-reles\/shelly-wall-display-x2-ismaniu-namu-valdymo-ekranas-sidabrinis\/\",\"name\":\"Shelly Wall Display X2 i\u0161mani\u0173 nam\u0173 valdymo ekranas sidabrinis - shelly.lv\",\"isPartOf\":{\"@id\":\"https:\/\/shelly.lv\/lt\/#website\"},\"datePublished\":\"2025-03-18T13:25:39+00:00\",\"dateModified\":\"2026-01-29T14:10:08+00:00\",\"breadcrumb\":{\"@id\":\"https:\/\/shelly.lv\/lt\/shop\/ismaniosios-reles\/shelly-wall-display-x2-ismaniu-namu-valdymo-ekranas-sidabrinis\/#breadcrumb\"},\"inLanguage\":\"lt-LT\",\"potentialAction\":[{\"@type\":\"ReadAction\",\"target\":[\"https:\/\/shelly.lv\/lt\/shop\/ismaniosios-reles\/shelly-wall-display-x2-ismaniu-namu-valdymo-ekranas-sidabrinis\/\"]}]},{\"@type\":\"BreadcrumbList\",\"@id\":\"https:\/\/shelly.lv\/lt\/shop\/ismaniosios-reles\/shelly-wall-display-x2-ismaniu-namu-valdymo-ekranas-sidabrinis\/#breadcrumb\",\"itemListElement\":[{\"@type\":\"ListItem\",\"position\":1,\"name\":\"Home\",\"item\":\"https:\/\/shelly.lv\/lt\/\"},{\"@type\":\"ListItem\",\"position\":2,\"name\":\"Parduotuv\u0117\",\"item\":\"https:\/\/shelly.lv\/lt\/shop\/\"},{\"@type\":\"ListItem\",\"position\":3,\"name\":\"Shelly Wall Display X2 i\u0161mani\u0173 nam\u0173 valdymo ekranas sidabrinis\"}]},{\"@type\":\"WebSite\",\"@id\":\"https:\/\/shelly.lv\/lt\/#website\",\"url\":\"https:\/\/shelly.lv\/lt\/\",\"name\":\"Shelly.lv\",\"description\":\"Shelly Latvia\",\"publisher\":{\"@id\":\"https:\/\/shelly.lv\/lt\/#organization\"},\"potentialAction\":[{\"@type\":\"SearchAction\",\"target\":{\"@type\":\"EntryPoint\",\"urlTemplate\":\"https:\/\/shelly.lv\/lt\/?s={search_term_string}\"},\"query-input\":\"required name=search_term_string\"}],\"inLanguage\":\"lt-LT\"},{\"@type\":\"Organization\",\"@id\":\"https:\/\/shelly.lv\/lt\/#organization\",\"name\":\"Shelly.lv\",\"url\":\"https:\/\/shelly.lv\/lt\/\",\"logo\":{\"@type\":\"ImageObject\",\"inLanguage\":\"lt-LT\",\"@id\":\"https:\/\/shelly.lv\/lt\/#\/schema\/logo\/image\/\",\"url\":\"https:\/\/shelly.lv\/wp-content\/uploads\/2023\/07\/Asset-3.png\",\"contentUrl\":\"https:\/\/shelly.lv\/wp-content\/uploads\/2023\/07\/Asset-3.png\",\"width\":861,\"height\":240,\"caption\":\"Shelly.lv\"},\"image\":{\"@id\":\"https:\/\/shelly.lv\/lt\/#\/schema\/logo\/image\/\"}}]}<\/script>\n<!-- \/ Yoast SEO plugin. -->","yoast_head_json":{"title":"Shelly Wall Display X2 i\u0161mani\u0173 nam\u0173 valdymo ekranas sidabrinis - shelly.lv","robots":{"index":"index","follow":"follow","max-snippet":"max-snippet:-1","max-image-preview":"max-image-preview:large","max-video-preview":"max-video-preview:-1"},"canonical":"https:\/\/shelly.lv\/lt\/shop\/ismaniosios-reles\/shelly-wall-display-x2-ismaniu-namu-valdymo-ekranas-sidabrinis\/","og_locale":"lt_LT","og_type":"article","og_title":"Shelly Wall Display X2 i\u0161mani\u0173 nam\u0173 valdymo ekranas sidabrinis - shelly.lv","og_description":"[vc_row][vc_column][vc_column_text css=&#8221;&#8221; woodmart_inline=&#8221;no&#8221; text_larger=&#8221;no&#8221;]\u201eShelly Wall Display x2\u201c yra intuityvus 6,96 coli\u0173 sieninis ekranas, leid\u017eiantis lengvai, centralizuotai valdyti ir steb\u0117ti visus","og_url":"https:\/\/shelly.lv\/lt\/shop\/ismaniosios-reles\/shelly-wall-display-x2-ismaniu-namu-valdymo-ekranas-sidabrinis\/","og_site_name":"shelly.lv","article_modified_time":"2026-01-29T14:10:08+00:00","og_image":[{"width":1000,"height":1000,"url":"http:\/\/shelly.lv\/wp-content\/uploads\/2025\/04\/shelly-wall-display-X2-white-main-image.webp","type":"image\/webp"}],"twitter_card":"summary_large_image","twitter_misc":{"Est. reading time":"2 minut\u0117s"},"schema":{"@context":"https:\/\/schema.org","@graph":[{"@type":"WebPage","@id":"https:\/\/shelly.lv\/lt\/shop\/ismaniosios-reles\/shelly-wall-display-x2-ismaniu-namu-valdymo-ekranas-sidabrinis\/","url":"https:\/\/shelly.lv\/lt\/shop\/ismaniosios-reles\/shelly-wall-display-x2-ismaniu-namu-valdymo-ekranas-sidabrinis\/","name":"Shelly Wall Display X2 i\u0161mani\u0173 nam\u0173 valdymo ekranas sidabrinis - shelly.lv","isPartOf":{"@id":"https:\/\/shelly.lv\/lt\/#website"},"datePublished":"2025-03-18T13:25:39+00:00","dateModified":"2026-01-29T14:10:08+00:00","breadcrumb":{"@id":"https:\/\/shelly.lv\/lt\/shop\/ismaniosios-reles\/shelly-wall-display-x2-ismaniu-namu-valdymo-ekranas-sidabrinis\/#breadcrumb"},"inLanguage":"lt-LT","potentialAction":[{"@type":"ReadAction","target":["https:\/\/shelly.lv\/lt\/shop\/ismaniosios-reles\/shelly-wall-display-x2-ismaniu-namu-valdymo-ekranas-sidabrinis\/"]}]},{"@type":"BreadcrumbList","@id":"https:\/\/shelly.lv\/lt\/shop\/ismaniosios-reles\/shelly-wall-display-x2-ismaniu-namu-valdymo-ekranas-sidabrinis\/#breadcrumb","itemListElement":[{"@type":"ListItem","position":1,"name":"Home","item":"https:\/\/shelly.lv\/lt\/"},{"@type":"ListItem","position":2,"name":"Parduotuv\u0117","item":"https:\/\/shelly.lv\/lt\/shop\/"},{"@type":"ListItem","position":3,"name":"Shelly Wall Display X2 i\u0161mani\u0173 nam\u0173 valdymo ekranas sidabrinis"}]},{"@type":"WebSite","@id":"https:\/\/shelly.lv\/lt\/#website","url":"https:\/\/shelly.lv\/lt\/","name":"Shelly.lv","description":"Shelly Latvia","publisher":{"@id":"https:\/\/shelly.lv\/lt\/#organization"},"potentialAction":[{"@type":"SearchAction","target":{"@type":"EntryPoint","urlTemplate":"https:\/\/shelly.lv\/lt\/?s={search_term_string}"},"query-input":"required name=search_term_string"}],"inLanguage":"lt-LT"},{"@type":"Organization","@id":"https:\/\/shelly.lv\/lt\/#organization","name":"Shelly.lv","url":"https:\/\/shelly.lv\/lt\/","logo":{"@type":"ImageObject","inLanguage":"lt-LT","@id":"https:\/\/shelly.lv\/lt\/#\/schema\/logo\/image\/","url":"https:\/\/shelly.lv\/wp-content\/uploads\/2023\/07\/Asset-3.png","contentUrl":"https:\/\/shelly.lv\/wp-content\/uploads\/2023\/07\/Asset-3.png","width":861,"height":240,"caption":"Shelly.lv"},"image":{"@id":"https:\/\/shelly.lv\/lt\/#\/schema\/logo\/image\/"}}]}},"_links":{"self":[{"href":"https:\/\/shelly.lv\/lt\/wp-json\/wp\/v2\/product\/4087","targetHints":{"allow":["GET"]}}],"collection":[{"href":"https:\/\/shelly.lv\/lt\/wp-json\/wp\/v2\/product"}],"about":[{"href":"https:\/\/shelly.lv\/lt\/wp-json\/wp\/v2\/types\/product"}],"wp:featuredmedia":[{"embeddable":true,"href":"https:\/\/shelly.lv\/lt\/wp-json\/wp\/v2\/media\/4079"}],"wp:attachment":[{"href":"https:\/\/shelly.lv\/lt\/wp-json\/wp\/v2\/media?parent=4087"}],"wp:term":[{"taxonomy":"product_cat","embeddable":true,"href":"https:\/\/shelly.lv\/lt\/wp-json\/wp\/v2\/product_cat?post=4087"},{"taxonomy":"product_tag","embeddable":true,"href":"https:\/\/shelly.lv\/lt\/wp-json\/wp\/v2\/product_tag?post=4087"}],"curies":[{"name":"wp","href":"https:\/\/api.w.org\/{rel}","templated":true}]}}