{"id":4096,"date":"2025-02-13T20:40:56","date_gmt":"2025-02-13T18:40:56","guid":{"rendered":"https:\/\/shelly.lv\/veikals\/uncategorized\/shelly-3em-63w-gen3-elektros-sanaudu-skaitiklis\/"},"modified":"2026-04-30T21:58:47","modified_gmt":"2026-04-30T18:58:47","slug":"shelly-3em-63w-gen3-elektros-sanaudu-skaitiklis","status":"publish","type":"product","link":"https:\/\/shelly.lv\/lt\/shop\/gen3\/shelly-3em-63w-gen3-elektros-sanaudu-skaitiklis\/","title":{"rendered":"Shelly 3EM-63W Gen3 elektros s\u0105naud\u0173 skaitiklis"},"content":{"rendered":"<section class=\"wpb-content-wrapper\"><p>[vc_row][vc_column][vc_column_text css=&#8221;&#8221; woodmart_inline=&#8221;no&#8221; text_larger=&#8221;no&#8221;]Kompakti\u0161kas energijos skaitiklis, skirtas steb\u0117ti trifaz\u0119 sistem\u0105 arba tris nepriklausomas vienfazes grandines. Jis skland\u017eiai integruojamas \u012f i\u0161mani\u0173j\u0173 nam\u0173 sistemas ar profesionalias s\u0105rankas, pateikdamas tikslius duomenis realiuoju laiku, kad optimizuot\u0173 energijos vartojimo efektyvum\u0105.<\/p>\n<p><strong>Pagrindin\u0117s savyb\u0117s<\/strong><\/p>\n<ul>\n<li>4 kvadrant\u0173 matavimas<\/li>\n<li>Keli jung\u010di\u0173 tipai: trifaziai arba vienfaziai \u012frenginiai<\/li>\n<li>Nekontaktiniai srov\u0117s matavimai per srov\u0117s transformatorius<\/li>\n<li>Fazi\u0173 sekos klaid\u0173 aptikimas (pasirinktis)<\/li>\n<li>N\u0117ra apkrovos slenks\u010dio<\/li>\n<li>Optinis impulsinis energijos suvartojimo indikatorius<\/li>\n<li>Realaus laiko laikrodis: saugomi duomenys i\u0161saugo teisingas laiko \u017eymas, net jei interneto ry\u0161ys nutr\u016bksta.<\/li>\n<li>Duomen\u0173 \u017eurnalai: iki 7 dien\u0173 duomenys saugomi \u012frenginyje, kad v\u0117liau b\u016bt\u0173 galima juos atkurti<\/li>\n<li>B tikslumo klas\u0117 (IEC 62053-21)<\/li>\n<li>Galima naudoti su saul\u0117s elektrine<\/li>\n<\/ul>\n<p><strong>\u012erenginio identifikavimas<\/strong><\/p>\n<p>\u201eShelly 3EM-63W Gen3\u201c (laidinis modelis)<\/p>\n<p>\u201eShelly 3EM-63T Gen3\u201c (plok\u0161\u010dias terminalo modelis)<\/p>\n<p>Naudotojas Prietais\u0105 gali pasiekti, j\u012f nustatyti ir steb\u0117ti nuotoliniu b\u016bdu, taip pat \u012erenginys gali pasiekti automatizavimo sistem\u0105 ir su ja susisiekti, jei tik jie yra toje pa\u010dioje tinklo infrastrukt\u016broje.<\/p>\n<p>\u012erenginys turi integruot\u0105 \u017einiatinklio s\u0105saj\u0105, kuri\u0105 galima naudoti \u012frenginiui steb\u0117ti ir valdyti, taip pat reguliuoti jo nustatymus.<\/p>\n<p><strong>Naudojimo atvejai<\/strong><\/p>\n<ol>\n<li>Energijos suvartojimo steb\u0117jimas: steb\u0117kite savo prietais\u0173 energijos suvartojim\u0105 realiuoju laiku. \u0160i informacija gali b\u016bti naudinga norint suprasti energijos vartojimo modelius ir priimti pagr\u012fstus sprendimus, kaip suma\u017einti suvartojim\u0105.<\/li>\n<li>Energijos vartojimo efektyvumo optimizavimas: nustatykite elektros energijos vartojimo modelius ir optimizuokite elektros naudojim\u0105.<\/li>\n<li>Prietaiso b\u016bkl\u0117s patikrinimas: steb\u0117kite atskir\u0173 prietais\u0173 energijos suvartojim\u0105, kad \u012fvertintum\u0117te j\u0173 b\u016bkl\u0119 ir veikim\u0105 laikui b\u0117gant. Staig\u016bs \u0161uoliai arba energijos suvartojimo poky\u010diai gali rodyti prietaiso problemas.<\/li>\n<li>I\u0161laid\u0173 valdymas: norint valdyti elektros i\u0161laidas, labai svarbu suprasti energijos suvartojim\u0105. Naudodami Shelly 3EM-63 Gen3 galite \u012fvertinti konkre\u010di\u0173 \u012frengini\u0173 eksploatavimo i\u0161laidas, tod\u0117l galite priimti pagr\u012fstus sprendimus ir suma\u017einti s\u0105skaitas u\u017e energij\u0105.<\/li>\n<li>Erdv\u0119 taupantis \u012frengimas: sutaupykite vietos sumontuodami i\u0161man\u0173j\u012f energijos skaitikl\u012f tiesiai vir\u0161 arba po ant DIN b\u0117gio montuojamo grandin\u0117s pertraukiklio.<\/li>\n<li>Nuotolinis steb\u0117jimas: \u201eShelly 3EM-63 Gen3\u201c palaiko duomen\u0173 paskelbim\u0105 \u201eShelly Cloud\u201c arba kitose debesyje pagr\u012fstose duomen\u0173 rinkimo ir saugojimo sistemose. Tai leid\u017eia steb\u0117ti energijos suvartojim\u0105 net tada, kai esate toli nuo nam\u0173.<\/li>\n<li>Vietinis steb\u0117jimas: \u201eShelly 3EM-63 Gen3\u201c, kaip ir kiti \u201eShelly Wi-Fi\u201c \u012frenginiai, si\u016blo tik vietin\u012f steb\u0117jim\u0105 ir automatizavim\u0105. I\u0161saugotus energijos suvartojimo \u012fra\u0161us galite pasiekti tiesiai i\u0161 \u012frenginio \u017einiatinklio s\u0105sajos, tod\u0117l patogu steb\u0117ti energijos suvartojim\u0105. Taip pat galite nustatyti vietin\u0119 automatik\u0105 pagal momentin\u012f energijos suvartojim\u0105 arba energijos suvartojim\u0105 per tam tikr\u0105 laikotarp\u012f.<\/li>\n<\/ol>\n<p>[\/vc_column_text]\t\t<div id=\"gallery_194\" class=\"wd-images-gallery wd-rs-67ae41846edb5 wd-justify-center wd-items-middle view-grid photoswipe-images\" >\n\t\t\t<div class=\"gallery-images row wd-spacing-0\">\n\t\t\t\t\t\t\t\t\t\t\t\t\t\t\t\t<\/div>\n\t\t<\/div>\n\t\t\t\t[vc_video link=&#8221;&#8221; el_width=&#8221;80&#8243; align=&#8221;center&#8221; image_poster_switch=&#8221;no&#8221;][\/vc_column][\/vc_row]<\/p>\n<\/section>","protected":false},"excerpt":{"rendered":"<p>[vc_row][vc_column][vc_column_text css=&#8221;&#8221; woodmart_inline=&#8221;no&#8221; text_larger=&#8221;no&#8221;]Kompakti\u0161kas energijos skaitiklis, skirtas steb\u0117ti trifaz\u0119 sistem\u0105 arba tris nepriklausomas vienfazes grandines. Jis skland\u017eiai integruojamas \u012f i\u0161mani\u0173j\u0173<\/p>\n","protected":false},"featured_media":4088,"template":"","meta":[],"product_cat":[717,689],"product_tag":[41],"class_list":{"0":"post-4096","1":"product","2":"type-product","3":"status-publish","4":"has-post-thumbnail","6":"product_cat-elektros-apskaita","7":"product_cat-gen3","8":"product_tag-shelly","9":"product_shipping_class-pastomatai","11":"first","12":"instock","13":"taxable","14":"shipping-taxable","15":"purchasable","16":"product-type-simple"},"yoast_head":"<!-- This site is optimized with the Yoast SEO plugin v20.12 - https:\/\/yoast.com\/wordpress\/plugins\/seo\/ -->\n<title>Shelly 3EM-63W Gen3 elektros s\u0105naud\u0173 skaitiklis - shelly.lv<\/title>\n<meta name=\"robots\" content=\"index, follow, max-snippet:-1, max-image-preview:large, max-video-preview:-1\" \/>\n<link rel=\"canonical\" href=\"https:\/\/shelly.lv\/lt\/shop\/gen3\/shelly-3em-63w-gen3-elektros-sanaudu-skaitiklis\/\" \/>\n<meta property=\"og:locale\" content=\"lt_LT\" \/>\n<meta property=\"og:type\" content=\"article\" \/>\n<meta property=\"og:title\" content=\"Shelly 3EM-63W Gen3 elektros s\u0105naud\u0173 skaitiklis - shelly.lv\" \/>\n<meta property=\"og:description\" content=\"[vc_row][vc_column][vc_column_text css=&#8221;&#8221; woodmart_inline=&#8221;no&#8221; text_larger=&#8221;no&#8221;]Kompakti\u0161kas energijos skaitiklis, skirtas steb\u0117ti trifaz\u0119 sistem\u0105 arba tris nepriklausomas vienfazes grandines. Jis skland\u017eiai integruojamas \u012f i\u0161mani\u0173j\u0173\" \/>\n<meta property=\"og:url\" content=\"https:\/\/shelly.lv\/lt\/shop\/gen3\/shelly-3em-63w-gen3-elektros-sanaudu-skaitiklis\/\" \/>\n<meta property=\"og:site_name\" content=\"shelly.lv\" \/>\n<meta property=\"article:modified_time\" content=\"2026-04-30T18:58:47+00:00\" \/>\n<meta property=\"og:image\" content=\"http:\/\/shelly.lv\/wp-content\/uploads\/2025\/04\/Shelly-3_-63W-Gen3-main-image.webp\" \/>\n\t<meta property=\"og:image:width\" content=\"1000\" \/>\n\t<meta property=\"og:image:height\" content=\"1000\" \/>\n\t<meta property=\"og:image:type\" content=\"image\/webp\" \/>\n<meta name=\"twitter:card\" content=\"summary_large_image\" \/>\n<meta name=\"twitter:label1\" content=\"Est. reading time\" \/>\n\t<meta name=\"twitter:data1\" content=\"3 minut\u0117s\" \/>\n<script type=\"application\/ld+json\" class=\"yoast-schema-graph\">{\"@context\":\"https:\/\/schema.org\",\"@graph\":[{\"@type\":\"WebPage\",\"@id\":\"https:\/\/shelly.lv\/lt\/shop\/gen3\/shelly-3em-63w-gen3-elektros-sanaudu-skaitiklis\/\",\"url\":\"https:\/\/shelly.lv\/lt\/shop\/gen3\/shelly-3em-63w-gen3-elektros-sanaudu-skaitiklis\/\",\"name\":\"Shelly 3EM-63W Gen3 elektros s\u0105naud\u0173 skaitiklis - shelly.lv\",\"isPartOf\":{\"@id\":\"https:\/\/shelly.lv\/lt\/#website\"},\"datePublished\":\"2025-02-13T18:40:56+00:00\",\"dateModified\":\"2026-04-30T18:58:47+00:00\",\"breadcrumb\":{\"@id\":\"https:\/\/shelly.lv\/lt\/shop\/gen3\/shelly-3em-63w-gen3-elektros-sanaudu-skaitiklis\/#breadcrumb\"},\"inLanguage\":\"lt-LT\",\"potentialAction\":[{\"@type\":\"ReadAction\",\"target\":[\"https:\/\/shelly.lv\/lt\/shop\/gen3\/shelly-3em-63w-gen3-elektros-sanaudu-skaitiklis\/\"]}]},{\"@type\":\"BreadcrumbList\",\"@id\":\"https:\/\/shelly.lv\/lt\/shop\/gen3\/shelly-3em-63w-gen3-elektros-sanaudu-skaitiklis\/#breadcrumb\",\"itemListElement\":[{\"@type\":\"ListItem\",\"position\":1,\"name\":\"Home\",\"item\":\"https:\/\/shelly.lv\/lt\/\"},{\"@type\":\"ListItem\",\"position\":2,\"name\":\"Parduotuv\u0117\",\"item\":\"https:\/\/shelly.lv\/lt\/shop\/\"},{\"@type\":\"ListItem\",\"position\":3,\"name\":\"Shelly 3EM-63W Gen3 elektros s\u0105naud\u0173 skaitiklis\"}]},{\"@type\":\"WebSite\",\"@id\":\"https:\/\/shelly.lv\/lt\/#website\",\"url\":\"https:\/\/shelly.lv\/lt\/\",\"name\":\"Shelly.lv\",\"description\":\"Shelly Latvia\",\"publisher\":{\"@id\":\"https:\/\/shelly.lv\/lt\/#organization\"},\"potentialAction\":[{\"@type\":\"SearchAction\",\"target\":{\"@type\":\"EntryPoint\",\"urlTemplate\":\"https:\/\/shelly.lv\/lt\/?s={search_term_string}\"},\"query-input\":\"required name=search_term_string\"}],\"inLanguage\":\"lt-LT\"},{\"@type\":\"Organization\",\"@id\":\"https:\/\/shelly.lv\/lt\/#organization\",\"name\":\"Shelly.lv\",\"url\":\"https:\/\/shelly.lv\/lt\/\",\"logo\":{\"@type\":\"ImageObject\",\"inLanguage\":\"lt-LT\",\"@id\":\"https:\/\/shelly.lv\/lt\/#\/schema\/logo\/image\/\",\"url\":\"https:\/\/shelly.lv\/wp-content\/uploads\/2023\/07\/Asset-3.png\",\"contentUrl\":\"https:\/\/shelly.lv\/wp-content\/uploads\/2023\/07\/Asset-3.png\",\"width\":861,\"height\":240,\"caption\":\"Shelly.lv\"},\"image\":{\"@id\":\"https:\/\/shelly.lv\/lt\/#\/schema\/logo\/image\/\"}}]}<\/script>\n<!-- \/ Yoast SEO plugin. -->","yoast_head_json":{"title":"Shelly 3EM-63W Gen3 elektros s\u0105naud\u0173 skaitiklis - shelly.lv","robots":{"index":"index","follow":"follow","max-snippet":"max-snippet:-1","max-image-preview":"max-image-preview:large","max-video-preview":"max-video-preview:-1"},"canonical":"https:\/\/shelly.lv\/lt\/shop\/gen3\/shelly-3em-63w-gen3-elektros-sanaudu-skaitiklis\/","og_locale":"lt_LT","og_type":"article","og_title":"Shelly 3EM-63W Gen3 elektros s\u0105naud\u0173 skaitiklis - shelly.lv","og_description":"[vc_row][vc_column][vc_column_text css=&#8221;&#8221; woodmart_inline=&#8221;no&#8221; text_larger=&#8221;no&#8221;]Kompakti\u0161kas energijos skaitiklis, skirtas steb\u0117ti trifaz\u0119 sistem\u0105 arba tris nepriklausomas vienfazes grandines. Jis skland\u017eiai integruojamas \u012f i\u0161mani\u0173j\u0173","og_url":"https:\/\/shelly.lv\/lt\/shop\/gen3\/shelly-3em-63w-gen3-elektros-sanaudu-skaitiklis\/","og_site_name":"shelly.lv","article_modified_time":"2026-04-30T18:58:47+00:00","og_image":[{"width":1000,"height":1000,"url":"http:\/\/shelly.lv\/wp-content\/uploads\/2025\/04\/Shelly-3_-63W-Gen3-main-image.webp","type":"image\/webp"}],"twitter_card":"summary_large_image","twitter_misc":{"Est. reading time":"3 minut\u0117s"},"schema":{"@context":"https:\/\/schema.org","@graph":[{"@type":"WebPage","@id":"https:\/\/shelly.lv\/lt\/shop\/gen3\/shelly-3em-63w-gen3-elektros-sanaudu-skaitiklis\/","url":"https:\/\/shelly.lv\/lt\/shop\/gen3\/shelly-3em-63w-gen3-elektros-sanaudu-skaitiklis\/","name":"Shelly 3EM-63W Gen3 elektros s\u0105naud\u0173 skaitiklis - shelly.lv","isPartOf":{"@id":"https:\/\/shelly.lv\/lt\/#website"},"datePublished":"2025-02-13T18:40:56+00:00","dateModified":"2026-04-30T18:58:47+00:00","breadcrumb":{"@id":"https:\/\/shelly.lv\/lt\/shop\/gen3\/shelly-3em-63w-gen3-elektros-sanaudu-skaitiklis\/#breadcrumb"},"inLanguage":"lt-LT","potentialAction":[{"@type":"ReadAction","target":["https:\/\/shelly.lv\/lt\/shop\/gen3\/shelly-3em-63w-gen3-elektros-sanaudu-skaitiklis\/"]}]},{"@type":"BreadcrumbList","@id":"https:\/\/shelly.lv\/lt\/shop\/gen3\/shelly-3em-63w-gen3-elektros-sanaudu-skaitiklis\/#breadcrumb","itemListElement":[{"@type":"ListItem","position":1,"name":"Home","item":"https:\/\/shelly.lv\/lt\/"},{"@type":"ListItem","position":2,"name":"Parduotuv\u0117","item":"https:\/\/shelly.lv\/lt\/shop\/"},{"@type":"ListItem","position":3,"name":"Shelly 3EM-63W Gen3 elektros s\u0105naud\u0173 skaitiklis"}]},{"@type":"WebSite","@id":"https:\/\/shelly.lv\/lt\/#website","url":"https:\/\/shelly.lv\/lt\/","name":"Shelly.lv","description":"Shelly Latvia","publisher":{"@id":"https:\/\/shelly.lv\/lt\/#organization"},"potentialAction":[{"@type":"SearchAction","target":{"@type":"EntryPoint","urlTemplate":"https:\/\/shelly.lv\/lt\/?s={search_term_string}"},"query-input":"required name=search_term_string"}],"inLanguage":"lt-LT"},{"@type":"Organization","@id":"https:\/\/shelly.lv\/lt\/#organization","name":"Shelly.lv","url":"https:\/\/shelly.lv\/lt\/","logo":{"@type":"ImageObject","inLanguage":"lt-LT","@id":"https:\/\/shelly.lv\/lt\/#\/schema\/logo\/image\/","url":"https:\/\/shelly.lv\/wp-content\/uploads\/2023\/07\/Asset-3.png","contentUrl":"https:\/\/shelly.lv\/wp-content\/uploads\/2023\/07\/Asset-3.png","width":861,"height":240,"caption":"Shelly.lv"},"image":{"@id":"https:\/\/shelly.lv\/lt\/#\/schema\/logo\/image\/"}}]}},"_links":{"self":[{"href":"https:\/\/shelly.lv\/lt\/wp-json\/wp\/v2\/product\/4096","targetHints":{"allow":["GET"]}}],"collection":[{"href":"https:\/\/shelly.lv\/lt\/wp-json\/wp\/v2\/product"}],"about":[{"href":"https:\/\/shelly.lv\/lt\/wp-json\/wp\/v2\/types\/product"}],"wp:featuredmedia":[{"embeddable":true,"href":"https:\/\/shelly.lv\/lt\/wp-json\/wp\/v2\/media\/4088"}],"wp:attachment":[{"href":"https:\/\/shelly.lv\/lt\/wp-json\/wp\/v2\/media?parent=4096"}],"wp:term":[{"taxonomy":"product_cat","embeddable":true,"href":"https:\/\/shelly.lv\/lt\/wp-json\/wp\/v2\/product_cat?post=4096"},{"taxonomy":"product_tag","embeddable":true,"href":"https:\/\/shelly.lv\/lt\/wp-json\/wp\/v2\/product_tag?post=4096"}],"curies":[{"name":"wp","href":"https:\/\/api.w.org\/{rel}","templated":true}]}}