{"id":4110,"date":"2025-01-16T15:29:49","date_gmt":"2025-01-16T13:29:49","guid":{"rendered":"https:\/\/shelly.lv\/veikals\/uncategorized\/shelly-wall-display-ismaniu-namu-valdymo-ekranas-juodas-plius-blu-sensorius\/"},"modified":"2026-05-01T15:30:11","modified_gmt":"2026-05-01T12:30:11","slug":"shelly-wall-display-ismaniu-namu-valdymo-ekranas-juodas-plius-blu-sensorius","status":"publish","type":"product","link":"https:\/\/shelly.lv\/lt\/shop\/ismaniosios-reles\/shelly-wall-display-ismaniu-namu-valdymo-ekranas-juodas-plius-blu-sensorius\/","title":{"rendered":"Shelly Wall Display i\u0161mani\u0173 nam\u0173 valdymo ekranas juodas plius BLU sensorius"},"content":{"rendered":"<section class=\"wpb-content-wrapper\"><p>[vc_row][vc_column][vc_column_text css=&#8221;&#8221; woodmart_inline=&#8221;no&#8221; text_larger=&#8221;no&#8221;]Shelly Wall Display yra intuityvus 4 coli\u0173 sieninis ekranas, leid\u017eiantis lengvai, centralizuotai valdyti ir steb\u0117ti visus savo \u201eShelly\u201c \u012frenginius. Minimalistin\u0117s i\u0161vaizdos ir pritaikomo pagrindinio ekrano \u201eShelly Wall Display\u201c puikiai tiks j\u016bs\u0173 interjerui ir prisitaikys prie j\u016bs\u0173 poreiki\u0173.<\/p>\n<p>Pakeiskite \u012fprast\u0105 \u0161viesos jungikl\u012f per 10 minu\u010di\u0173 ir valdykite visus savo \u201eShelly\u201c \u012frenginius vos vienu bakstel\u0117jimu.<\/p>\n<ul>\n<li>Integruota 5 A rel\u0117 prietaiso valdymui; reikalingas neutralus laidas (N)<\/li>\n<li>Integruoti temperat\u016bros, dr\u0117gm\u0117s ir LUX jutikliai<\/li>\n<li>Vis\u0173 prietais\u0173 energijos suvartojimo steb\u0117jimas j\u016bs\u0173 pasirinktame kambaryje<\/li>\n<li>Gali veikti kaip kambario termostatas (netrukus)<\/li>\n<li>Lengva nar\u0161yti ir tinkinti pagrindin\u012f ekran\u0105 bei ry\u0161kum\u0105<\/li>\n<li>Kurkite scenas ir tvarkara\u0161\u010dius<\/li>\n<\/ul>\n<p>Suasmenintas pagrindinis ekranas, skirtas momentiniam valdymui<br \/>\nPritaikykite savo pagrindin\u012f ekran\u0105 taip, kaip jums patinka. Lengvai sutvarkykite ir tinkinkite i\u0161d\u0117stym\u0105, kad parodytum\u0117te iki 6 jums svarbiausi\u0173 \u012frengini\u0173. Galite \u012fjungti arba i\u0161jungti \u012frenginius vienu bakstel\u0117jimu, steb\u0117ti dr\u0117gm\u0119 ir temperat\u016br\u0105 bei su\u017einoti dabartin\u012f kambario energijos suvartojim\u0105 vos vienu \u017evilgsniu.<\/p>\n<p>\u012erenginio skirtukas (konkre\u010diai patalpai)<br \/>\nI\u0161 karto pasiekite visus savo \u012frenginius naudodami \u201eShelly Wall Display\u201c skirtuk\u0105 \u012erenginiai. Per\u017ei\u016br\u0117kite vis\u0105 j\u016bs\u0173 pasirinktame kambaryje nustatyt\u0173 \u012frengini\u0173 s\u0105ra\u0161\u0105 ir valdykite kiekvien\u0105 atskirai.<\/p>\n<p><strong>\u012e komplekt\u0105 \u012feina:<\/strong><\/p>\n<ul class=\"list-disc pl-5\">\n<li>Shelly BLU H&amp;T dr\u0117gm\u0117s ir temperat\u016bros jutiklis JUODAS<\/li>\n<li>Shelly Wall Display valdymo pultas<\/li>\n<\/ul>\n<p>[\/vc_column_text][vc_video link=&#8221;https:\/\/www.youtube.com\/watch?v=GQ7JXvPVpcY&#8221; el_width=&#8221;80&#8243; align=&#8221;center&#8221; css=&#8221;&#8221; image_poster_switch=&#8221;no&#8221; woodmart_css_id=&#8221;673492d37b210&#8243;][\/vc_column][\/vc_row]<\/p>\n<\/section>","protected":false},"excerpt":{"rendered":"<p>[vc_row][vc_column][vc_column_text css=&#8221;&#8221; woodmart_inline=&#8221;no&#8221; text_larger=&#8221;no&#8221;]Shelly Wall Display yra intuityvus 4 coli\u0173 sieninis ekranas, leid\u017eiantis lengvai, centralizuotai valdyti ir steb\u0117ti visus savo<\/p>\n","protected":false},"featured_media":4108,"template":"","meta":[],"product_cat":[499,297,298,300,351],"product_tag":[41],"class_list":{"0":"post-4110","1":"product","2":"type-product","3":"status-publish","4":"has-post-thumbnail","6":"product_cat-ismaniosios-centrales","7":"product_cat-ismaniosios-reles","8":"product_cat-sensoriai","9":"product_cat-jungikliai","10":"product_cat-komplektai-lt","11":"product_tag-shelly","12":"product_shipping_class-pastomatai","14":"first","15":"instock","16":"sale","17":"taxable","18":"shipping-taxable","19":"purchasable","20":"product-type-simple"},"yoast_head":"<!-- This site is optimized with the Yoast SEO plugin v20.12 - https:\/\/yoast.com\/wordpress\/plugins\/seo\/ -->\n<title>Shelly Wall Display i\u0161mani\u0173 nam\u0173 valdymo ekranas juodas plius BLU sensorius - shelly.lv<\/title>\n<meta name=\"robots\" content=\"index, follow, max-snippet:-1, max-image-preview:large, max-video-preview:-1\" \/>\n<link rel=\"canonical\" href=\"https:\/\/shelly.lv\/lt\/shop\/ismaniosios-reles\/shelly-wall-display-ismaniu-namu-valdymo-ekranas-juodas-plius-blu-sensorius\/\" \/>\n<meta property=\"og:locale\" content=\"lt_LT\" \/>\n<meta property=\"og:type\" content=\"article\" \/>\n<meta property=\"og:title\" content=\"Shelly Wall Display i\u0161mani\u0173 nam\u0173 valdymo ekranas juodas plius BLU sensorius - shelly.lv\" \/>\n<meta property=\"og:description\" content=\"[vc_row][vc_column][vc_column_text css=&#8221;&#8221; woodmart_inline=&#8221;no&#8221; text_larger=&#8221;no&#8221;]Shelly Wall Display yra intuityvus 4 coli\u0173 sieninis ekranas, leid\u017eiantis lengvai, centralizuotai valdyti ir steb\u0117ti visus savo\" \/>\n<meta property=\"og:url\" content=\"https:\/\/shelly.lv\/lt\/shop\/ismaniosios-reles\/shelly-wall-display-ismaniu-namu-valdymo-ekranas-juodas-plius-blu-sensorius\/\" \/>\n<meta property=\"og:site_name\" content=\"shelly.lv\" \/>\n<meta property=\"article:modified_time\" content=\"2026-05-01T12:30:11+00:00\" \/>\n<meta property=\"og:image\" content=\"http:\/\/shelly.lv\/wp-content\/uploads\/2025\/04\/Shelly-Wall-Display_H-and-T-black-main-image.webp\" \/>\n\t<meta property=\"og:image:width\" content=\"1000\" \/>\n\t<meta property=\"og:image:height\" content=\"1000\" \/>\n\t<meta property=\"og:image:type\" content=\"image\/webp\" \/>\n<meta name=\"twitter:card\" content=\"summary_large_image\" \/>\n<meta name=\"twitter:label1\" content=\"Est. reading time\" \/>\n\t<meta name=\"twitter:data1\" content=\"2 minut\u0117s\" \/>\n<script type=\"application\/ld+json\" class=\"yoast-schema-graph\">{\"@context\":\"https:\/\/schema.org\",\"@graph\":[{\"@type\":\"WebPage\",\"@id\":\"https:\/\/shelly.lv\/lt\/shop\/ismaniosios-reles\/shelly-wall-display-ismaniu-namu-valdymo-ekranas-juodas-plius-blu-sensorius\/\",\"url\":\"https:\/\/shelly.lv\/lt\/shop\/ismaniosios-reles\/shelly-wall-display-ismaniu-namu-valdymo-ekranas-juodas-plius-blu-sensorius\/\",\"name\":\"Shelly Wall Display i\u0161mani\u0173 nam\u0173 valdymo ekranas juodas plius BLU sensorius - shelly.lv\",\"isPartOf\":{\"@id\":\"https:\/\/shelly.lv\/lt\/#website\"},\"datePublished\":\"2025-01-16T13:29:49+00:00\",\"dateModified\":\"2026-05-01T12:30:11+00:00\",\"breadcrumb\":{\"@id\":\"https:\/\/shelly.lv\/lt\/shop\/ismaniosios-reles\/shelly-wall-display-ismaniu-namu-valdymo-ekranas-juodas-plius-blu-sensorius\/#breadcrumb\"},\"inLanguage\":\"lt-LT\",\"potentialAction\":[{\"@type\":\"ReadAction\",\"target\":[\"https:\/\/shelly.lv\/lt\/shop\/ismaniosios-reles\/shelly-wall-display-ismaniu-namu-valdymo-ekranas-juodas-plius-blu-sensorius\/\"]}]},{\"@type\":\"BreadcrumbList\",\"@id\":\"https:\/\/shelly.lv\/lt\/shop\/ismaniosios-reles\/shelly-wall-display-ismaniu-namu-valdymo-ekranas-juodas-plius-blu-sensorius\/#breadcrumb\",\"itemListElement\":[{\"@type\":\"ListItem\",\"position\":1,\"name\":\"Home\",\"item\":\"https:\/\/shelly.lv\/lt\/\"},{\"@type\":\"ListItem\",\"position\":2,\"name\":\"Parduotuv\u0117\",\"item\":\"https:\/\/shelly.lv\/lt\/shop\/\"},{\"@type\":\"ListItem\",\"position\":3,\"name\":\"Shelly Wall Display i\u0161mani\u0173 nam\u0173 valdymo ekranas juodas plius BLU sensorius\"}]},{\"@type\":\"WebSite\",\"@id\":\"https:\/\/shelly.lv\/lt\/#website\",\"url\":\"https:\/\/shelly.lv\/lt\/\",\"name\":\"Shelly.lv\",\"description\":\"Shelly Latvia\",\"publisher\":{\"@id\":\"https:\/\/shelly.lv\/lt\/#organization\"},\"potentialAction\":[{\"@type\":\"SearchAction\",\"target\":{\"@type\":\"EntryPoint\",\"urlTemplate\":\"https:\/\/shelly.lv\/lt\/?s={search_term_string}\"},\"query-input\":\"required name=search_term_string\"}],\"inLanguage\":\"lt-LT\"},{\"@type\":\"Organization\",\"@id\":\"https:\/\/shelly.lv\/lt\/#organization\",\"name\":\"Shelly.lv\",\"url\":\"https:\/\/shelly.lv\/lt\/\",\"logo\":{\"@type\":\"ImageObject\",\"inLanguage\":\"lt-LT\",\"@id\":\"https:\/\/shelly.lv\/lt\/#\/schema\/logo\/image\/\",\"url\":\"https:\/\/shelly.lv\/wp-content\/uploads\/2023\/07\/Asset-3.png\",\"contentUrl\":\"https:\/\/shelly.lv\/wp-content\/uploads\/2023\/07\/Asset-3.png\",\"width\":861,\"height\":240,\"caption\":\"Shelly.lv\"},\"image\":{\"@id\":\"https:\/\/shelly.lv\/lt\/#\/schema\/logo\/image\/\"}}]}<\/script>\n<!-- \/ Yoast SEO plugin. -->","yoast_head_json":{"title":"Shelly Wall Display i\u0161mani\u0173 nam\u0173 valdymo ekranas juodas plius BLU sensorius - shelly.lv","robots":{"index":"index","follow":"follow","max-snippet":"max-snippet:-1","max-image-preview":"max-image-preview:large","max-video-preview":"max-video-preview:-1"},"canonical":"https:\/\/shelly.lv\/lt\/shop\/ismaniosios-reles\/shelly-wall-display-ismaniu-namu-valdymo-ekranas-juodas-plius-blu-sensorius\/","og_locale":"lt_LT","og_type":"article","og_title":"Shelly Wall Display i\u0161mani\u0173 nam\u0173 valdymo ekranas juodas plius BLU sensorius - shelly.lv","og_description":"[vc_row][vc_column][vc_column_text css=&#8221;&#8221; woodmart_inline=&#8221;no&#8221; text_larger=&#8221;no&#8221;]Shelly Wall Display yra intuityvus 4 coli\u0173 sieninis ekranas, leid\u017eiantis lengvai, centralizuotai valdyti ir steb\u0117ti visus savo","og_url":"https:\/\/shelly.lv\/lt\/shop\/ismaniosios-reles\/shelly-wall-display-ismaniu-namu-valdymo-ekranas-juodas-plius-blu-sensorius\/","og_site_name":"shelly.lv","article_modified_time":"2026-05-01T12:30:11+00:00","og_image":[{"width":1000,"height":1000,"url":"http:\/\/shelly.lv\/wp-content\/uploads\/2025\/04\/Shelly-Wall-Display_H-and-T-black-main-image.webp","type":"image\/webp"}],"twitter_card":"summary_large_image","twitter_misc":{"Est. reading time":"2 minut\u0117s"},"schema":{"@context":"https:\/\/schema.org","@graph":[{"@type":"WebPage","@id":"https:\/\/shelly.lv\/lt\/shop\/ismaniosios-reles\/shelly-wall-display-ismaniu-namu-valdymo-ekranas-juodas-plius-blu-sensorius\/","url":"https:\/\/shelly.lv\/lt\/shop\/ismaniosios-reles\/shelly-wall-display-ismaniu-namu-valdymo-ekranas-juodas-plius-blu-sensorius\/","name":"Shelly Wall Display i\u0161mani\u0173 nam\u0173 valdymo ekranas juodas plius BLU sensorius - shelly.lv","isPartOf":{"@id":"https:\/\/shelly.lv\/lt\/#website"},"datePublished":"2025-01-16T13:29:49+00:00","dateModified":"2026-05-01T12:30:11+00:00","breadcrumb":{"@id":"https:\/\/shelly.lv\/lt\/shop\/ismaniosios-reles\/shelly-wall-display-ismaniu-namu-valdymo-ekranas-juodas-plius-blu-sensorius\/#breadcrumb"},"inLanguage":"lt-LT","potentialAction":[{"@type":"ReadAction","target":["https:\/\/shelly.lv\/lt\/shop\/ismaniosios-reles\/shelly-wall-display-ismaniu-namu-valdymo-ekranas-juodas-plius-blu-sensorius\/"]}]},{"@type":"BreadcrumbList","@id":"https:\/\/shelly.lv\/lt\/shop\/ismaniosios-reles\/shelly-wall-display-ismaniu-namu-valdymo-ekranas-juodas-plius-blu-sensorius\/#breadcrumb","itemListElement":[{"@type":"ListItem","position":1,"name":"Home","item":"https:\/\/shelly.lv\/lt\/"},{"@type":"ListItem","position":2,"name":"Parduotuv\u0117","item":"https:\/\/shelly.lv\/lt\/shop\/"},{"@type":"ListItem","position":3,"name":"Shelly Wall Display i\u0161mani\u0173 nam\u0173 valdymo ekranas juodas plius BLU sensorius"}]},{"@type":"WebSite","@id":"https:\/\/shelly.lv\/lt\/#website","url":"https:\/\/shelly.lv\/lt\/","name":"Shelly.lv","description":"Shelly Latvia","publisher":{"@id":"https:\/\/shelly.lv\/lt\/#organization"},"potentialAction":[{"@type":"SearchAction","target":{"@type":"EntryPoint","urlTemplate":"https:\/\/shelly.lv\/lt\/?s={search_term_string}"},"query-input":"required name=search_term_string"}],"inLanguage":"lt-LT"},{"@type":"Organization","@id":"https:\/\/shelly.lv\/lt\/#organization","name":"Shelly.lv","url":"https:\/\/shelly.lv\/lt\/","logo":{"@type":"ImageObject","inLanguage":"lt-LT","@id":"https:\/\/shelly.lv\/lt\/#\/schema\/logo\/image\/","url":"https:\/\/shelly.lv\/wp-content\/uploads\/2023\/07\/Asset-3.png","contentUrl":"https:\/\/shelly.lv\/wp-content\/uploads\/2023\/07\/Asset-3.png","width":861,"height":240,"caption":"Shelly.lv"},"image":{"@id":"https:\/\/shelly.lv\/lt\/#\/schema\/logo\/image\/"}}]}},"_links":{"self":[{"href":"https:\/\/shelly.lv\/lt\/wp-json\/wp\/v2\/product\/4110","targetHints":{"allow":["GET"]}}],"collection":[{"href":"https:\/\/shelly.lv\/lt\/wp-json\/wp\/v2\/product"}],"about":[{"href":"https:\/\/shelly.lv\/lt\/wp-json\/wp\/v2\/types\/product"}],"wp:featuredmedia":[{"embeddable":true,"href":"https:\/\/shelly.lv\/lt\/wp-json\/wp\/v2\/media\/4108"}],"wp:attachment":[{"href":"https:\/\/shelly.lv\/lt\/wp-json\/wp\/v2\/media?parent=4110"}],"wp:term":[{"taxonomy":"product_cat","embeddable":true,"href":"https:\/\/shelly.lv\/lt\/wp-json\/wp\/v2\/product_cat?post=4110"},{"taxonomy":"product_tag","embeddable":true,"href":"https:\/\/shelly.lv\/lt\/wp-json\/wp\/v2\/product_tag?post=4110"}],"curies":[{"name":"wp","href":"https:\/\/api.w.org\/{rel}","templated":true}]}}