{"id":4123,"date":"2025-01-10T12:45:06","date_gmt":"2025-01-10T10:45:06","guid":{"rendered":"https:\/\/shelly.lv\/veikals\/uncategorized\/shelly-dimmer-gen3-ismanusis-1-kanalo-wifi-dimeris\/"},"modified":"2026-04-30T21:59:22","modified_gmt":"2026-04-30T18:59:22","slug":"shelly-dimmer-gen3-ismanusis-1-kanalo-wifi-dimeris","status":"publish","type":"product","link":"https:\/\/shelly.lv\/lt\/shop\/ismaniosios-reles\/shelly-dimmer-gen3-ismanusis-1-kanalo-wifi-dimeris\/","title":{"rendered":"Shelly Dimmer GEN3 I\u0161manusis 1 kanalo wifi dimeris"},"content":{"rendered":"<section class=\"wpb-content-wrapper\"><p>[vc_row][vc_column][vc_column_text css=&#8221;&#8221; woodmart_inline=&#8221;no&#8221; text_larger=&#8221;no&#8221;]I\u0161manusis pritemdymo valdiklis, skirtas skland\u017eiai nuotoliniam pritemdom\u0173 \u0161vies\u0173 ir tvarkykli\u0173 valdymui. Jis gali b\u016bti naudojamas su neutraliu laidu arba be jo. \u012erengtas m\u016bs\u0173 pa\u010di\u0173 Shelly chip.<\/p>\n<p>*Bypass reikalingas, kai \u012frenginys naudojamas be neutral\u0117s ir apkrova ma\u017eesn\u0117 nei 20 W<\/p>\n<p><strong>Palaikomi \u0161viesos tipai:<\/strong><\/p>\n<ul>\n<li>Pritemdomos LED lempos: iki 150 W<\/li>\n<li>Kaitinamosios lemput\u0117s: iki 200 W<\/li>\n<li>Halogenin\u0117s lempos: iki 200 W<\/li>\n<li>Gele\u017ein\u0117s \u0161erdies transformatorius su \u017eemos \u012ftampos kaitrin\u0117mis lempomis: iki 200 VA<\/li>\n<li>Pritemdomi elektroniniai transformatoriai: iki 200 W<\/li>\n<\/ul>\n<p>&nbsp;<\/p>\n<p>[\/vc_column_text]\t\t<div id=\"gallery_135\" class=\"wd-images-gallery wd-rs-6780fc7b947f7 wd-justify-center wd-items-middle view-grid photoswipe-images\" >\n\t\t\t<div class=\"gallery-images row wd-spacing-0\">\n\t\t\t\t\t\t\t\t\t\t\t\t\t\t\t<div class=\"wd-gallery-item col-lg-12 col-md-12 col-sm-12 col-12\">\n\t\t\t\t\t\t\t\t\t\t\t\t\t\t<a href=\"\" data-elementor-open-lightbox=\"no\" data-index=\"1\" data-width=\"\" data-height=\"\"  >\n\t\t\t\t\t\t\t\t\n\t\t\t\t\t\t\t\t\n\t\t\t\t\t\t\t\t\t\t\t\t\t\t\t<\/a>\n\t\t\t\t\t\t\t\t\t\t\t\t<\/div>\n\t\t\t\t\t\t\t\t\t\t\t<div class=\"wd-gallery-item col-lg-12 col-md-12 col-sm-12 col-12\">\n\t\t\t\t\t\t\t\t\t\t\t\t\t\t<a href=\"\" data-elementor-open-lightbox=\"no\" data-index=\"2\" data-width=\"\" data-height=\"\"  >\n\t\t\t\t\t\t\t\t\n\t\t\t\t\t\t\t\t\n\t\t\t\t\t\t\t\t\t\t\t\t\t\t\t<\/a>\n\t\t\t\t\t\t\t\t\t\t\t\t<\/div>\n\t\t\t\t\t\t\t\t\t\t\t\t<\/div>\n\t\t<\/div>\n\t\t\t\t[\/vc_column][\/vc_row]<\/p>\n<\/section>","protected":false},"excerpt":{"rendered":"<p>[vc_row][vc_column][vc_column_text css=&#8221;&#8221; woodmart_inline=&#8221;no&#8221; text_larger=&#8221;no&#8221;]I\u0161manusis pritemdymo valdiklis, skirtas skland\u017eiai nuotoliniam pritemdom\u0173 \u0161vies\u0173 ir tvarkykli\u0173 valdymui. Jis gali b\u016bti naudojamas su neutraliu<\/p>\n","protected":false},"featured_media":4117,"template":"","meta":[],"product_cat":[689,297,301],"product_tag":[41],"class_list":{"0":"post-4123","1":"product","2":"type-product","3":"status-publish","4":"has-post-thumbnail","6":"product_cat-gen3","7":"product_cat-ismaniosios-reles","8":"product_cat-apsvietimas","9":"product_tag-shelly","10":"product_shipping_class-pastomatai","12":"first","13":"instock","14":"sale","15":"taxable","16":"shipping-taxable","17":"purchasable","18":"product-type-simple"},"yoast_head":"<!-- This site is optimized with the Yoast SEO plugin v20.12 - https:\/\/yoast.com\/wordpress\/plugins\/seo\/ -->\n<title>Shelly Dimmer GEN3 I\u0161manusis 1 kanalo wifi dimeris - shelly.lv<\/title>\n<meta name=\"robots\" content=\"index, follow, max-snippet:-1, max-image-preview:large, max-video-preview:-1\" \/>\n<link rel=\"canonical\" href=\"https:\/\/shelly.lv\/lt\/shop\/ismaniosios-reles\/shelly-dimmer-gen3-ismanusis-1-kanalo-wifi-dimeris\/\" \/>\n<meta property=\"og:locale\" content=\"lt_LT\" \/>\n<meta property=\"og:type\" content=\"article\" \/>\n<meta property=\"og:title\" content=\"Shelly Dimmer GEN3 I\u0161manusis 1 kanalo wifi dimeris - shelly.lv\" \/>\n<meta property=\"og:description\" content=\"[vc_row][vc_column][vc_column_text css=&#8221;&#8221; woodmart_inline=&#8221;no&#8221; text_larger=&#8221;no&#8221;]I\u0161manusis pritemdymo valdiklis, skirtas skland\u017eiai nuotoliniam pritemdom\u0173 \u0161vies\u0173 ir tvarkykli\u0173 valdymui. Jis gali b\u016bti naudojamas su neutraliu\" \/>\n<meta property=\"og:url\" content=\"https:\/\/shelly.lv\/lt\/shop\/ismaniosios-reles\/shelly-dimmer-gen3-ismanusis-1-kanalo-wifi-dimeris\/\" \/>\n<meta property=\"og:site_name\" content=\"shelly.lv\" \/>\n<meta property=\"article:modified_time\" content=\"2026-04-30T18:59:22+00:00\" \/>\n<meta property=\"og:image\" content=\"http:\/\/shelly.lv\/wp-content\/uploads\/2025\/04\/Shelly-Dimmer-Gen3-main-image.webp\" \/>\n\t<meta property=\"og:image:width\" content=\"1000\" \/>\n\t<meta property=\"og:image:height\" content=\"1000\" \/>\n\t<meta property=\"og:image:type\" content=\"image\/webp\" \/>\n<meta name=\"twitter:card\" content=\"summary_large_image\" \/>\n<meta name=\"twitter:label1\" content=\"Est. reading time\" \/>\n\t<meta name=\"twitter:data1\" content=\"1 minut\u0117\" \/>\n<script type=\"application\/ld+json\" class=\"yoast-schema-graph\">{\"@context\":\"https:\/\/schema.org\",\"@graph\":[{\"@type\":\"WebPage\",\"@id\":\"https:\/\/shelly.lv\/lt\/shop\/ismaniosios-reles\/shelly-dimmer-gen3-ismanusis-1-kanalo-wifi-dimeris\/\",\"url\":\"https:\/\/shelly.lv\/lt\/shop\/ismaniosios-reles\/shelly-dimmer-gen3-ismanusis-1-kanalo-wifi-dimeris\/\",\"name\":\"Shelly Dimmer GEN3 I\u0161manusis 1 kanalo wifi dimeris - shelly.lv\",\"isPartOf\":{\"@id\":\"https:\/\/shelly.lv\/lt\/#website\"},\"datePublished\":\"2025-01-10T10:45:06+00:00\",\"dateModified\":\"2026-04-30T18:59:22+00:00\",\"breadcrumb\":{\"@id\":\"https:\/\/shelly.lv\/lt\/shop\/ismaniosios-reles\/shelly-dimmer-gen3-ismanusis-1-kanalo-wifi-dimeris\/#breadcrumb\"},\"inLanguage\":\"lt-LT\",\"potentialAction\":[{\"@type\":\"ReadAction\",\"target\":[\"https:\/\/shelly.lv\/lt\/shop\/ismaniosios-reles\/shelly-dimmer-gen3-ismanusis-1-kanalo-wifi-dimeris\/\"]}]},{\"@type\":\"BreadcrumbList\",\"@id\":\"https:\/\/shelly.lv\/lt\/shop\/ismaniosios-reles\/shelly-dimmer-gen3-ismanusis-1-kanalo-wifi-dimeris\/#breadcrumb\",\"itemListElement\":[{\"@type\":\"ListItem\",\"position\":1,\"name\":\"Home\",\"item\":\"https:\/\/shelly.lv\/lt\/\"},{\"@type\":\"ListItem\",\"position\":2,\"name\":\"Parduotuv\u0117\",\"item\":\"https:\/\/shelly.lv\/lt\/shop\/\"},{\"@type\":\"ListItem\",\"position\":3,\"name\":\"Shelly Dimmer GEN3 I\u0161manusis 1 kanalo wifi dimeris\"}]},{\"@type\":\"WebSite\",\"@id\":\"https:\/\/shelly.lv\/lt\/#website\",\"url\":\"https:\/\/shelly.lv\/lt\/\",\"name\":\"Shelly.lv\",\"description\":\"Shelly Latvia\",\"publisher\":{\"@id\":\"https:\/\/shelly.lv\/lt\/#organization\"},\"potentialAction\":[{\"@type\":\"SearchAction\",\"target\":{\"@type\":\"EntryPoint\",\"urlTemplate\":\"https:\/\/shelly.lv\/lt\/?s={search_term_string}\"},\"query-input\":\"required name=search_term_string\"}],\"inLanguage\":\"lt-LT\"},{\"@type\":\"Organization\",\"@id\":\"https:\/\/shelly.lv\/lt\/#organization\",\"name\":\"Shelly.lv\",\"url\":\"https:\/\/shelly.lv\/lt\/\",\"logo\":{\"@type\":\"ImageObject\",\"inLanguage\":\"lt-LT\",\"@id\":\"https:\/\/shelly.lv\/lt\/#\/schema\/logo\/image\/\",\"url\":\"https:\/\/shelly.lv\/wp-content\/uploads\/2023\/07\/Asset-3.png\",\"contentUrl\":\"https:\/\/shelly.lv\/wp-content\/uploads\/2023\/07\/Asset-3.png\",\"width\":861,\"height\":240,\"caption\":\"Shelly.lv\"},\"image\":{\"@id\":\"https:\/\/shelly.lv\/lt\/#\/schema\/logo\/image\/\"}}]}<\/script>\n<!-- \/ Yoast SEO plugin. -->","yoast_head_json":{"title":"Shelly Dimmer GEN3 I\u0161manusis 1 kanalo wifi dimeris - shelly.lv","robots":{"index":"index","follow":"follow","max-snippet":"max-snippet:-1","max-image-preview":"max-image-preview:large","max-video-preview":"max-video-preview:-1"},"canonical":"https:\/\/shelly.lv\/lt\/shop\/ismaniosios-reles\/shelly-dimmer-gen3-ismanusis-1-kanalo-wifi-dimeris\/","og_locale":"lt_LT","og_type":"article","og_title":"Shelly Dimmer GEN3 I\u0161manusis 1 kanalo wifi dimeris - shelly.lv","og_description":"[vc_row][vc_column][vc_column_text css=&#8221;&#8221; woodmart_inline=&#8221;no&#8221; text_larger=&#8221;no&#8221;]I\u0161manusis pritemdymo valdiklis, skirtas skland\u017eiai nuotoliniam pritemdom\u0173 \u0161vies\u0173 ir tvarkykli\u0173 valdymui. Jis gali b\u016bti naudojamas su neutraliu","og_url":"https:\/\/shelly.lv\/lt\/shop\/ismaniosios-reles\/shelly-dimmer-gen3-ismanusis-1-kanalo-wifi-dimeris\/","og_site_name":"shelly.lv","article_modified_time":"2026-04-30T18:59:22+00:00","og_image":[{"width":1000,"height":1000,"url":"http:\/\/shelly.lv\/wp-content\/uploads\/2025\/04\/Shelly-Dimmer-Gen3-main-image.webp","type":"image\/webp"}],"twitter_card":"summary_large_image","twitter_misc":{"Est. reading time":"1 minut\u0117"},"schema":{"@context":"https:\/\/schema.org","@graph":[{"@type":"WebPage","@id":"https:\/\/shelly.lv\/lt\/shop\/ismaniosios-reles\/shelly-dimmer-gen3-ismanusis-1-kanalo-wifi-dimeris\/","url":"https:\/\/shelly.lv\/lt\/shop\/ismaniosios-reles\/shelly-dimmer-gen3-ismanusis-1-kanalo-wifi-dimeris\/","name":"Shelly Dimmer GEN3 I\u0161manusis 1 kanalo wifi dimeris - shelly.lv","isPartOf":{"@id":"https:\/\/shelly.lv\/lt\/#website"},"datePublished":"2025-01-10T10:45:06+00:00","dateModified":"2026-04-30T18:59:22+00:00","breadcrumb":{"@id":"https:\/\/shelly.lv\/lt\/shop\/ismaniosios-reles\/shelly-dimmer-gen3-ismanusis-1-kanalo-wifi-dimeris\/#breadcrumb"},"inLanguage":"lt-LT","potentialAction":[{"@type":"ReadAction","target":["https:\/\/shelly.lv\/lt\/shop\/ismaniosios-reles\/shelly-dimmer-gen3-ismanusis-1-kanalo-wifi-dimeris\/"]}]},{"@type":"BreadcrumbList","@id":"https:\/\/shelly.lv\/lt\/shop\/ismaniosios-reles\/shelly-dimmer-gen3-ismanusis-1-kanalo-wifi-dimeris\/#breadcrumb","itemListElement":[{"@type":"ListItem","position":1,"name":"Home","item":"https:\/\/shelly.lv\/lt\/"},{"@type":"ListItem","position":2,"name":"Parduotuv\u0117","item":"https:\/\/shelly.lv\/lt\/shop\/"},{"@type":"ListItem","position":3,"name":"Shelly Dimmer GEN3 I\u0161manusis 1 kanalo wifi dimeris"}]},{"@type":"WebSite","@id":"https:\/\/shelly.lv\/lt\/#website","url":"https:\/\/shelly.lv\/lt\/","name":"Shelly.lv","description":"Shelly Latvia","publisher":{"@id":"https:\/\/shelly.lv\/lt\/#organization"},"potentialAction":[{"@type":"SearchAction","target":{"@type":"EntryPoint","urlTemplate":"https:\/\/shelly.lv\/lt\/?s={search_term_string}"},"query-input":"required name=search_term_string"}],"inLanguage":"lt-LT"},{"@type":"Organization","@id":"https:\/\/shelly.lv\/lt\/#organization","name":"Shelly.lv","url":"https:\/\/shelly.lv\/lt\/","logo":{"@type":"ImageObject","inLanguage":"lt-LT","@id":"https:\/\/shelly.lv\/lt\/#\/schema\/logo\/image\/","url":"https:\/\/shelly.lv\/wp-content\/uploads\/2023\/07\/Asset-3.png","contentUrl":"https:\/\/shelly.lv\/wp-content\/uploads\/2023\/07\/Asset-3.png","width":861,"height":240,"caption":"Shelly.lv"},"image":{"@id":"https:\/\/shelly.lv\/lt\/#\/schema\/logo\/image\/"}}]}},"_links":{"self":[{"href":"https:\/\/shelly.lv\/lt\/wp-json\/wp\/v2\/product\/4123","targetHints":{"allow":["GET"]}}],"collection":[{"href":"https:\/\/shelly.lv\/lt\/wp-json\/wp\/v2\/product"}],"about":[{"href":"https:\/\/shelly.lv\/lt\/wp-json\/wp\/v2\/types\/product"}],"wp:featuredmedia":[{"embeddable":true,"href":"https:\/\/shelly.lv\/lt\/wp-json\/wp\/v2\/media\/4117"}],"wp:attachment":[{"href":"https:\/\/shelly.lv\/lt\/wp-json\/wp\/v2\/media?parent=4123"}],"wp:term":[{"taxonomy":"product_cat","embeddable":true,"href":"https:\/\/shelly.lv\/lt\/wp-json\/wp\/v2\/product_cat?post=4123"},{"taxonomy":"product_tag","embeddable":true,"href":"https:\/\/shelly.lv\/lt\/wp-json\/wp\/v2\/product_tag?post=4123"}],"curies":[{"name":"wp","href":"https:\/\/api.w.org\/{rel}","templated":true}]}}