{"id":4130,"date":"2025-01-10T12:02:06","date_gmt":"2025-01-10T10:02:06","guid":{"rendered":"https:\/\/shelly.lv\/veikals\/uncategorized\/shelly-pro-3em-3ct63-elektros-sanaudu-skaitiklis\/"},"modified":"2026-04-30T15:36:44","modified_gmt":"2026-04-30T12:36:44","slug":"shelly-pro-3em-3ct63-elektros-sanaudu-skaitiklis","status":"publish","type":"product","link":"https:\/\/shelly.lv\/lt\/shop\/pro-serija-lt\/shelly-pro-3em-3ct63-elektros-sanaudu-skaitiklis\/","title":{"rendered":"Shelly PRO 3EM-3CT63 elektros s\u0105naud\u0173 skaitiklis"},"content":{"rendered":"<section class=\"wpb-content-wrapper\"><p>[vc_row][vc_column][vc_column_text css=&#8221;&#8221; woodmart_inline=&#8221;no&#8221; text_larger=&#8221;no&#8221;]Shelly Pro 3EM-3CT63 yra vienfazis arba trifazis energijos skaitiklis, montuojamas ant DIN b\u0117gio. Jis tiekiamas su kombinuotu 3 fazi\u0173 srov\u0117s transformatoriumi (CT), kuris yra skirtas montuoti tiesiai vir\u0161 grandin\u0117s pertraukiklio. \u201eShelly Pro 3EM-3CT63\u201c tiksliai matuoja energijos suvartojim\u0105 ir gali b\u016bti naudojamas daugelyje nustatym\u0173, pavyzd\u017eiui, stebint pramonines ma\u0161inas, taupant energij\u0105 namuose ar biuruose ir valdant elektros apkrovas.<\/p>\n<ul>\n<li>DIN b\u0117gelio montavimas<\/li>\n<li>Keli jung\u010di\u0173 tipai: trifaziai arba vienfaziai \u012frenginiai<\/li>\n<li>Srov\u0117s transformatoriaus pajungimas: Nekontaktiniai matavimai.<\/li>\n<li>Optinis impulsinis energijos suvartojimo indikatorius<\/li>\n<li>Laikrodis realiuoju laiku: saugomi duomenys i\u0161laiko teisingas laiko \u017eymas, net jei interneto ry\u0161ys nutr\u016bksta. ***<\/li>\n<li>Duomen\u0173 \u017eurnalai: iki 60 dien\u0173 duomenys saugomi \u012frenginyje, kad v\u0117liau b\u016bt\u0173 galima juos atkurti<\/li>\n<li>*I\u0161orinio kontaktoriaus valdymas: apkrovas galima valdyti pagal \u012frenginio automatizavim\u0105 arba scenarijus. Galima \u012fsigyti su Shelly 3EM Switch Add-on<\/li>\n<li>Palaiko KNXnet \/ IP ry\u0161\u012f<\/li>\n<\/ul>\n<p>Kod\u0117l \u201eShelly Pro 3EM-3CT63\u201c \u2013 profesionalus i\u0161manusis matuoklis<br \/>\n\u201eShelly Pro 3EM-3CT63\u201c prane\u0161a apie sukaupt\u0105 energij\u0105, taip pat momentin\u0119 \u012ftamp\u0105, srov\u0119, aktyvi\u0105j\u0105 ir tariam\u0105j\u0105 faz\u0117s \/ kanalo gali\u0105 realiuoju laiku. Ji saugo duomenis nepastovioje atmintyje, kuri\u0105 galima gauti iki 60 dien\u0173 1 minut\u0117s intervalais. Jis turi realaus laiko laikrod\u012f, kad b\u016bt\u0173 nustatytas teisingas laikas, jei nutr\u016bksta ry\u0161ys su SNTP serveriu.<\/p>\n<p>KOD\u0116L 3CT63? Matuokite su pasitik\u0117jimu<br \/>\n\u201eShelly Pro 3EM\u201c yra su specialiai \u201eShelly\u201c suprojektuotu 3 fazi\u0173 srov\u0117s transformatoriumi. \u0160is ma\u017eas, bet galingas, matuoja iki 63 A, tod\u0117l puikiai tinka tiksliam energijos steb\u0117jimui. J\u012f lengva montuoti ant DIN b\u0117gio, sutaupant vietos elektros skydelyje. \u201eShelly\u201c dizainas u\u017etikrina patikim\u0105 veikim\u0105 ir paprast\u0105 energijos valdym\u0105.<\/p>\n<p><strong>Specifikacijos<\/strong><\/p>\n<ul>\n<li>Fizinis dydis (AxPxG): \u201eShelly Pro 3EM-3CT63\u201c: 94x19x69 mm<\/li>\n<li>Shelly 3CT63: 14x54x26 mm<\/li>\n<li>Svoris: \u201eShelly Pro 3EM-3CT63\u201c: 62 g<\/li>\n<li>Shelly 3CT63: 32 g<\/li>\n<li>CT diafragma: \u00d89 mm<\/li>\n<li>Vielos skersmuo: 6 mm \/ 10 AWG<\/li>\n<li>Var\u017etini\u0173 gnybt\u0173 maksimalus sukimo momentas: 0,4 Nm<\/li>\n<li>Laidininko skerspj\u016bvis: \u201eShelly Pro 3EM-3CT63\u201c: nuo 0,5 iki 2,5 mm\u00b2 \/ 20\u201314 AWG (tvirtos, susuktos ir suri\u0161amos \u012fvor\u0117s)<\/li>\n<li>\u201eShelly 3CT63\u201c: nuo 0,2 iki 2,5 mm\u00b2 \/ 24\u201314 AWG (tvirtos, susuktos ir suri\u0161amos \u012fvor\u0117s)<\/li>\n<li>Laidininko ilgis nuimtas: 6\u20137 mm<\/li>\n<li>Montavimas: Shelly Pro 3EM-3CT63: DIN b\u0117gis<\/li>\n<li>Shelly 3CT63: Laisvai stovi ant fazini\u0173 laid\u0173<\/li>\n<li>Korpuso med\u017eiaga: plastikas<\/li>\n<li>Korpuso spalva: balta<\/li>\n<li>Aplinkos darbo temperat\u016bra: -20\u00b0C iki 40\u00b0C<\/li>\n<li>Dr\u0117gm\u0117: nuo 30% iki 70% santykinis dr\u0117gnumas<\/li>\n<li>Maks. auk\u0161tis: 2000 m<\/li>\n<li>Elektros maitinimas: 100 &#8211; 260 V~ 50\/60 Hz<\/li>\n<li>Energijos s\u0105naudos: &lt; 3 W<\/li>\n<li>Shelly 3CT63 elektros stipris: 1000 V~, 60 sek<\/li>\n<li>Vidaus temperat\u016bros jutiklis: Taip<\/li>\n<li>Voltmetrai (RMS kiekvienai fazei): 100 &#8211; 260 V<\/li>\n<li>Voltmetro tikslumas: \u00b11 %<\/li>\n<li>Ampermetrai (RMS per CT kiekvienai fazei ir neutraliai): 0\u201363 A<\/li>\n<li>Suderinamas CT: 3CT63<\/li>\n<li>Ampermetr\u0173 tikslumas: \u00b11 % (2\u201363 A), \u00b12 % (1\u20132 A), \u00b15 % (0\u20131 A)<\/li>\n<li>Galios ir energijos skaitikliai: aktyvioji ir tariama galia, aktyvioji ir tariama energija, galios koeficientas, pagrindin\u0117 aktyvioji ir pagrindin\u0117 reaktyvioji energija<\/li>\n<li>Kalibravimas tarp kanal\u0173 ma\u017eiausiai 500 W vienam kanalui<\/li>\n<li>Be apkrovos slenkstis: 30 VA vienam kanalui<\/li>\n<li>Matavimo duomen\u0173 saugojimas: ma\u017eiausiai 60 dien\u0173 1 min duomen\u0173 skyra<\/li>\n<li>Duomen\u0173 eksportavimas: PQ \u012fra\u0161yt\u0173 ver\u010di\u0173 CSV<\/li>\n<li>JSON formato eksportavimas per RPC<\/li>\n<li>Wi-Fi RF juosta: 2400 &#8211; 2495 MHz<\/li>\n<li>Maks. RF galia: &lt; 20 dBm<\/li>\n<li>Protokolas: 802.11 b\/g\/n<\/li>\n<li>Diapazonas: iki 50 m lauke, iki 30 m viduje (priklausomai nuo vietini\u0173 s\u0105lyg\u0173)<\/li>\n<li>Bluetooth protokolas: 4.2<\/li>\n<li>RF juosta: 2400-2483,5 MHz<\/li>\n<li>Maks. RF galia: &lt;4 dBm<\/li>\n<li>CPU: ESP32-D0WDQ6<\/li>\n<li>Flash: 16 MB<\/li>\n<li>Webhooks (URL veiksmai): 20 su 5 URL kiekviename kabliuke<\/li>\n<li>\u201eWi-Fi\u201c diapazono pl\u0117tiklis: Taip<\/li>\n<li>BLE Gateway: Taip<\/li>\n<li>Scenarijus: Taip<\/li>\n<li>MQTT: Taip<\/li>\n<li>\u0160ifravimas: Taip<\/li>\n<\/ul>\n<p>[\/vc_column_text]\t\t<div id=\"gallery_704\" class=\"wd-images-gallery wd-rs-6780f7c077929 wd-justify-center wd-items-middle view-grid photoswipe-images\" >\n\t\t\t<div class=\"gallery-images row wd-spacing-0\">\n\t\t\t\t\t\t\t\t\t\t\t\t\t\t\t<div class=\"wd-gallery-item col-lg-12 col-md-12 col-sm-12 col-12\">\n\t\t\t\t\t\t\t\t\t\t\t\t\t\t<a href=\"\" data-elementor-open-lightbox=\"no\" data-index=\"1\" data-width=\"\" data-height=\"\"  >\n\t\t\t\t\t\t\t\t\n\t\t\t\t\t\t\t\t\n\t\t\t\t\t\t\t\t\t\t\t\t\t\t\t<\/a>\n\t\t\t\t\t\t\t\t\t\t\t\t<\/div>\n\t\t\t\t\t\t\t\t\t\t\t<div class=\"wd-gallery-item col-lg-12 col-md-12 col-sm-12 col-12\">\n\t\t\t\t\t\t\t\t\t\t\t\t\t\t<a href=\"\" data-elementor-open-lightbox=\"no\" data-index=\"2\" data-width=\"\" data-height=\"\"  >\n\t\t\t\t\t\t\t\t\n\t\t\t\t\t\t\t\t\n\t\t\t\t\t\t\t\t\t\t\t\t\t\t\t<\/a>\n\t\t\t\t\t\t\t\t\t\t\t\t<\/div>\n\t\t\t\t\t\t\t\t\t\t\t<div class=\"wd-gallery-item col-lg-12 col-md-12 col-sm-12 col-12\">\n\t\t\t\t\t\t\t\t\t\t\t\t\t\t<a href=\"\" data-elementor-open-lightbox=\"no\" data-index=\"3\" data-width=\"\" data-height=\"\"  >\n\t\t\t\t\t\t\t\t\n\t\t\t\t\t\t\t\t\n\t\t\t\t\t\t\t\t\t\t\t\t\t\t\t<\/a>\n\t\t\t\t\t\t\t\t\t\t\t\t<\/div>\n\t\t\t\t\t\t\t\t\t\t\t\t<\/div>\n\t\t<\/div>\n\t\t\t\t[vc_video link=&#8221;&#8221; el_width=&#8221;80&#8243; align=&#8221;center&#8221; image_poster_switch=&#8221;no&#8221;][\/vc_column][\/vc_row]<\/p>\n<\/section>","protected":false},"excerpt":{"rendered":"<p>[vc_row][vc_column][vc_column_text css=&#8221;&#8221; woodmart_inline=&#8221;no&#8221; text_larger=&#8221;no&#8221;]Shelly Pro 3EM-3CT63 yra vienfazis arba trifazis energijos skaitiklis, montuojamas ant DIN b\u0117gio. Jis tiekiamas su kombinuotu<\/p>\n","protected":false},"featured_media":4124,"template":"","meta":[],"product_cat":[717,295],"product_tag":[41,190],"class_list":{"0":"post-4130","1":"product","2":"type-product","3":"status-publish","4":"has-post-thumbnail","6":"product_cat-elektros-apskaita","7":"product_cat-pro-serija-lt","8":"product_tag-shelly","9":"product_tag-shelly-pro","10":"product_shipping_class-pastomatai","12":"first","13":"instock","14":"taxable","15":"shipping-taxable","16":"purchasable","17":"product-type-simple"},"yoast_head":"<!-- This site is optimized with the Yoast SEO plugin v20.12 - https:\/\/yoast.com\/wordpress\/plugins\/seo\/ -->\n<title>Shelly PRO 3EM-3CT63 elektros s\u0105naud\u0173 skaitiklis - shelly.lv<\/title>\n<meta name=\"robots\" content=\"index, follow, max-snippet:-1, max-image-preview:large, max-video-preview:-1\" \/>\n<link rel=\"canonical\" href=\"https:\/\/shelly.lv\/lt\/shop\/pro-serija-lt\/shelly-pro-3em-3ct63-elektros-sanaudu-skaitiklis\/\" \/>\n<meta property=\"og:locale\" content=\"lt_LT\" \/>\n<meta property=\"og:type\" content=\"article\" \/>\n<meta property=\"og:title\" content=\"Shelly PRO 3EM-3CT63 elektros s\u0105naud\u0173 skaitiklis - shelly.lv\" \/>\n<meta property=\"og:description\" content=\"[vc_row][vc_column][vc_column_text css=&#8221;&#8221; woodmart_inline=&#8221;no&#8221; text_larger=&#8221;no&#8221;]Shelly Pro 3EM-3CT63 yra vienfazis arba trifazis energijos skaitiklis, montuojamas ant DIN b\u0117gio. Jis tiekiamas su kombinuotu\" \/>\n<meta property=\"og:url\" content=\"https:\/\/shelly.lv\/lt\/shop\/pro-serija-lt\/shelly-pro-3em-3ct63-elektros-sanaudu-skaitiklis\/\" \/>\n<meta property=\"og:site_name\" content=\"shelly.lv\" \/>\n<meta property=\"article:modified_time\" content=\"2026-04-30T12:36:44+00:00\" \/>\n<meta property=\"og:image\" content=\"http:\/\/shelly.lv\/wp-content\/uploads\/2025\/04\/shelly-pro-3em-3ct63-3-phases-power-measurement-lan-wifi-bluetooth.webp\" \/>\n\t<meta property=\"og:image:width\" content=\"1200\" \/>\n\t<meta property=\"og:image:height\" content=\"1200\" \/>\n\t<meta property=\"og:image:type\" content=\"image\/webp\" \/>\n<meta name=\"twitter:card\" content=\"summary_large_image\" \/>\n<meta name=\"twitter:label1\" content=\"Est. reading time\" \/>\n\t<meta name=\"twitter:data1\" content=\"3 minut\u0117s\" \/>\n<script type=\"application\/ld+json\" class=\"yoast-schema-graph\">{\"@context\":\"https:\/\/schema.org\",\"@graph\":[{\"@type\":\"WebPage\",\"@id\":\"https:\/\/shelly.lv\/lt\/shop\/pro-serija-lt\/shelly-pro-3em-3ct63-elektros-sanaudu-skaitiklis\/\",\"url\":\"https:\/\/shelly.lv\/lt\/shop\/pro-serija-lt\/shelly-pro-3em-3ct63-elektros-sanaudu-skaitiklis\/\",\"name\":\"Shelly PRO 3EM-3CT63 elektros s\u0105naud\u0173 skaitiklis - shelly.lv\",\"isPartOf\":{\"@id\":\"https:\/\/shelly.lv\/lt\/#website\"},\"datePublished\":\"2025-01-10T10:02:06+00:00\",\"dateModified\":\"2026-04-30T12:36:44+00:00\",\"breadcrumb\":{\"@id\":\"https:\/\/shelly.lv\/lt\/shop\/pro-serija-lt\/shelly-pro-3em-3ct63-elektros-sanaudu-skaitiklis\/#breadcrumb\"},\"inLanguage\":\"lt-LT\",\"potentialAction\":[{\"@type\":\"ReadAction\",\"target\":[\"https:\/\/shelly.lv\/lt\/shop\/pro-serija-lt\/shelly-pro-3em-3ct63-elektros-sanaudu-skaitiklis\/\"]}]},{\"@type\":\"BreadcrumbList\",\"@id\":\"https:\/\/shelly.lv\/lt\/shop\/pro-serija-lt\/shelly-pro-3em-3ct63-elektros-sanaudu-skaitiklis\/#breadcrumb\",\"itemListElement\":[{\"@type\":\"ListItem\",\"position\":1,\"name\":\"Home\",\"item\":\"https:\/\/shelly.lv\/lt\/\"},{\"@type\":\"ListItem\",\"position\":2,\"name\":\"Parduotuv\u0117\",\"item\":\"https:\/\/shelly.lv\/lt\/shop\/\"},{\"@type\":\"ListItem\",\"position\":3,\"name\":\"Shelly PRO 3EM-3CT63 elektros s\u0105naud\u0173 skaitiklis\"}]},{\"@type\":\"WebSite\",\"@id\":\"https:\/\/shelly.lv\/lt\/#website\",\"url\":\"https:\/\/shelly.lv\/lt\/\",\"name\":\"Shelly.lv\",\"description\":\"Shelly Latvia\",\"publisher\":{\"@id\":\"https:\/\/shelly.lv\/lt\/#organization\"},\"potentialAction\":[{\"@type\":\"SearchAction\",\"target\":{\"@type\":\"EntryPoint\",\"urlTemplate\":\"https:\/\/shelly.lv\/lt\/?s={search_term_string}\"},\"query-input\":\"required name=search_term_string\"}],\"inLanguage\":\"lt-LT\"},{\"@type\":\"Organization\",\"@id\":\"https:\/\/shelly.lv\/lt\/#organization\",\"name\":\"Shelly.lv\",\"url\":\"https:\/\/shelly.lv\/lt\/\",\"logo\":{\"@type\":\"ImageObject\",\"inLanguage\":\"lt-LT\",\"@id\":\"https:\/\/shelly.lv\/lt\/#\/schema\/logo\/image\/\",\"url\":\"https:\/\/shelly.lv\/wp-content\/uploads\/2023\/07\/Asset-3.png\",\"contentUrl\":\"https:\/\/shelly.lv\/wp-content\/uploads\/2023\/07\/Asset-3.png\",\"width\":861,\"height\":240,\"caption\":\"Shelly.lv\"},\"image\":{\"@id\":\"https:\/\/shelly.lv\/lt\/#\/schema\/logo\/image\/\"}}]}<\/script>\n<!-- \/ Yoast SEO plugin. -->","yoast_head_json":{"title":"Shelly PRO 3EM-3CT63 elektros s\u0105naud\u0173 skaitiklis - shelly.lv","robots":{"index":"index","follow":"follow","max-snippet":"max-snippet:-1","max-image-preview":"max-image-preview:large","max-video-preview":"max-video-preview:-1"},"canonical":"https:\/\/shelly.lv\/lt\/shop\/pro-serija-lt\/shelly-pro-3em-3ct63-elektros-sanaudu-skaitiklis\/","og_locale":"lt_LT","og_type":"article","og_title":"Shelly PRO 3EM-3CT63 elektros s\u0105naud\u0173 skaitiklis - shelly.lv","og_description":"[vc_row][vc_column][vc_column_text css=&#8221;&#8221; woodmart_inline=&#8221;no&#8221; text_larger=&#8221;no&#8221;]Shelly Pro 3EM-3CT63 yra vienfazis arba trifazis energijos skaitiklis, montuojamas ant DIN b\u0117gio. Jis tiekiamas su kombinuotu","og_url":"https:\/\/shelly.lv\/lt\/shop\/pro-serija-lt\/shelly-pro-3em-3ct63-elektros-sanaudu-skaitiklis\/","og_site_name":"shelly.lv","article_modified_time":"2026-04-30T12:36:44+00:00","og_image":[{"width":1200,"height":1200,"url":"http:\/\/shelly.lv\/wp-content\/uploads\/2025\/04\/shelly-pro-3em-3ct63-3-phases-power-measurement-lan-wifi-bluetooth.webp","type":"image\/webp"}],"twitter_card":"summary_large_image","twitter_misc":{"Est. reading time":"3 minut\u0117s"},"schema":{"@context":"https:\/\/schema.org","@graph":[{"@type":"WebPage","@id":"https:\/\/shelly.lv\/lt\/shop\/pro-serija-lt\/shelly-pro-3em-3ct63-elektros-sanaudu-skaitiklis\/","url":"https:\/\/shelly.lv\/lt\/shop\/pro-serija-lt\/shelly-pro-3em-3ct63-elektros-sanaudu-skaitiklis\/","name":"Shelly PRO 3EM-3CT63 elektros s\u0105naud\u0173 skaitiklis - shelly.lv","isPartOf":{"@id":"https:\/\/shelly.lv\/lt\/#website"},"datePublished":"2025-01-10T10:02:06+00:00","dateModified":"2026-04-30T12:36:44+00:00","breadcrumb":{"@id":"https:\/\/shelly.lv\/lt\/shop\/pro-serija-lt\/shelly-pro-3em-3ct63-elektros-sanaudu-skaitiklis\/#breadcrumb"},"inLanguage":"lt-LT","potentialAction":[{"@type":"ReadAction","target":["https:\/\/shelly.lv\/lt\/shop\/pro-serija-lt\/shelly-pro-3em-3ct63-elektros-sanaudu-skaitiklis\/"]}]},{"@type":"BreadcrumbList","@id":"https:\/\/shelly.lv\/lt\/shop\/pro-serija-lt\/shelly-pro-3em-3ct63-elektros-sanaudu-skaitiklis\/#breadcrumb","itemListElement":[{"@type":"ListItem","position":1,"name":"Home","item":"https:\/\/shelly.lv\/lt\/"},{"@type":"ListItem","position":2,"name":"Parduotuv\u0117","item":"https:\/\/shelly.lv\/lt\/shop\/"},{"@type":"ListItem","position":3,"name":"Shelly PRO 3EM-3CT63 elektros s\u0105naud\u0173 skaitiklis"}]},{"@type":"WebSite","@id":"https:\/\/shelly.lv\/lt\/#website","url":"https:\/\/shelly.lv\/lt\/","name":"Shelly.lv","description":"Shelly Latvia","publisher":{"@id":"https:\/\/shelly.lv\/lt\/#organization"},"potentialAction":[{"@type":"SearchAction","target":{"@type":"EntryPoint","urlTemplate":"https:\/\/shelly.lv\/lt\/?s={search_term_string}"},"query-input":"required name=search_term_string"}],"inLanguage":"lt-LT"},{"@type":"Organization","@id":"https:\/\/shelly.lv\/lt\/#organization","name":"Shelly.lv","url":"https:\/\/shelly.lv\/lt\/","logo":{"@type":"ImageObject","inLanguage":"lt-LT","@id":"https:\/\/shelly.lv\/lt\/#\/schema\/logo\/image\/","url":"https:\/\/shelly.lv\/wp-content\/uploads\/2023\/07\/Asset-3.png","contentUrl":"https:\/\/shelly.lv\/wp-content\/uploads\/2023\/07\/Asset-3.png","width":861,"height":240,"caption":"Shelly.lv"},"image":{"@id":"https:\/\/shelly.lv\/lt\/#\/schema\/logo\/image\/"}}]}},"_links":{"self":[{"href":"https:\/\/shelly.lv\/lt\/wp-json\/wp\/v2\/product\/4130","targetHints":{"allow":["GET"]}}],"collection":[{"href":"https:\/\/shelly.lv\/lt\/wp-json\/wp\/v2\/product"}],"about":[{"href":"https:\/\/shelly.lv\/lt\/wp-json\/wp\/v2\/types\/product"}],"wp:featuredmedia":[{"embeddable":true,"href":"https:\/\/shelly.lv\/lt\/wp-json\/wp\/v2\/media\/4124"}],"wp:attachment":[{"href":"https:\/\/shelly.lv\/lt\/wp-json\/wp\/v2\/media?parent=4130"}],"wp:term":[{"taxonomy":"product_cat","embeddable":true,"href":"https:\/\/shelly.lv\/lt\/wp-json\/wp\/v2\/product_cat?post=4130"},{"taxonomy":"product_tag","embeddable":true,"href":"https:\/\/shelly.lv\/lt\/wp-json\/wp\/v2\/product_tag?post=4130"}],"curies":[{"name":"wp","href":"https:\/\/api.w.org\/{rel}","templated":true}]}}