{"id":4135,"date":"2024-11-07T17:32:28","date_gmt":"2024-11-07T15:32:28","guid":{"rendered":"https:\/\/shelly.lv\/veikals\/uncategorized\/shelly-em-gen3-elektros-sanaudu-matavimo-modulis-wifi-bluetooth\/"},"modified":"2026-04-30T21:59:40","modified_gmt":"2026-04-30T18:59:40","slug":"shelly-em-gen3-elektros-sanaudu-matavimo-modulis-wifi-bluetooth","status":"publish","type":"product","link":"https:\/\/shelly.lv\/lt\/shop\/gen3\/shelly-em-gen3-elektros-sanaudu-matavimo-modulis-wifi-bluetooth\/","title":{"rendered":"Shelly EM Gen3 elektros s\u0105naud\u0173 matavimo modulis (Wifi, Bluetooth)"},"content":{"rendered":"<section class=\"wpb-content-wrapper\"><p>[vc_row][vc_column][vc_column_text css=&#8221;&#8221; woodmart_inline=&#8221;no&#8221; text_larger=&#8221;no&#8221;]Gaukite realiu laiku informacij\u0105 apie prijungt\u0173 \u012frengini\u0173 energijos suvartojim\u0105 naudodami \u201eShelly EM Gen3\u201c.<\/p>\n<p>*Shelly EM Gen3 komplekte yra 50 A transformatorius<\/p>\n<p>*Galite papildomai \u012fsigyti Shelly DIN laikiklius patogiam montavimui \u012f elektros skydin\u0119<\/p>\n<p>Atraskite i\u0161maniojo energijos naudojimo gali\u0105 su i\u0161samiomis \u012f\u017evalgomis apie savo prietais\u0173 energijos suvartojimo modelius. Integruokite \u201eShelly EM Gen3\u201c \u012f standartines sienines elektros paskirstymo d\u0117\u017eutes, u\u017e roze\u010di\u0173, \u0161viesos jungikli\u0173 ar kitose ribotos erdv\u0117s vietose. Nustatydami, kaip ir kada j\u016bs\u0173 prijungti prietaisai naudoja energij\u0105, galite optimizuoti naudojim\u0105, kad pasiektum\u0117te maksimal\u0173 efektyvum\u0105 ir suma\u017eintum\u0117te elektros s\u0105skaitas.<\/p>\n<ul>\n<li>Bendros galios steb\u0117jimas \u2013 \u017einokite, kiek energijos sunaudoja j\u016bs\u0173 namai su Shelly EM Gen3! Puikus sprendimas vienfaziams namams, \u201eShelly EM Gen3\u201c gali \u017eymiai sutaupyti, nes nuolat steb\u0117s bendr\u0105 pertraukiklio d\u0117\u017e\u0117s gali\u0105 ir i\u0161 karto gal\u0117site valdyti dabartin\u012f suvartojim\u0105. Prijunkite kontaktori\u0173 prie Shelly EM Gen3 ir valdykite elektros prietaisus.<\/li>\n<li>Didel\u0117s apkrovos valdymas su kontaktoriais \u2013 be tikslaus galios matavimo, \u201eShelly EM Gen3\u201c leid\u017eia kontaktoriumi valdyti didel\u0119 apkrov\u0105 turin\u010dius prietaisus, tokius kaip galingi vandens \u0161ildytuvai, kubilai, \u0161ilumos siurbliai ir dideli virtuv\u0117s prietaisai. Tokiu b\u016bdu galite steb\u0117ti ir kontroliuoti didesni\u0173 nam\u0173 ar objekt\u0173 sunaudojim\u0105 ir maksimaliai sutaupyti.<\/li>\n<li>Prietaiso b\u016bkl\u0117s patikrinimas \u2013 steb\u0117kite savo prietais\u0173 energijos suvartojim\u0105, kad u\u017etikrintum\u0117te optimal\u0173 veikim\u0105 ir ilgaam\u017ei\u0161kum\u0105. Steb\u0117dami individualius energijos vartojimo modelius, galite aktyviai nustatyti galimas problemas, kol jos netaps brangiomis problemomis. Netik\u0117tas energijos suvartojimo \u0161uolis arba poky\u010diai yra ankstyvi \u012fsp\u0117jamieji \u017eenklai, kad prietaisui gali prireikti d\u0117mesio, tod\u0117l galite i\u0161laikyti efektyvum\u0105 ir i\u0161vengti prastov\u0173.<\/li>\n<\/ul>\n<p><strong>Specifikacijos<\/strong><br \/>\nFizinis dydis (AxPxG): 37x42x16 mm<br \/>\nSvoris: EM Gen3 \u2013 23 g CT 50A &#8211; 50 g<br \/>\nVar\u017etini\u0173 gnybt\u0173 maksimalus sukimo momentas: 0,4 Nm<br \/>\nLaidininko skerspj\u016bvis: nuo 0,2 iki 2,5 mm\u00b2 \/ 24\u201314 AWG (tvirtos, susuktos ir suri\u0161amos \u012fvor\u0117s)<br \/>\nLaidininko ilgis nuimtas: 6\u20137 mm<br \/>\nMontavimas: Sienin\u0117 konsol\u0117, Elektros spintel\u0117<br \/>\nKorpuso med\u017eiaga: plastikas<br \/>\nKorpuso spalva: balta, anglies pilka<br \/>\nJung\u010di\u0173 spalva: juoda<br \/>\nAplinkos darbo temperat\u016bra: -20 \u00b0C iki 40 \u00b0C<br \/>\nDr\u0117gm\u0117: nuo 30 % iki 70 % santykinis dr\u0117gnis<br \/>\nMaks. auk\u0161tis: 2000 m<br \/>\nElektros maitinimas: 110 &#8211; 240 V~ 50\/60 Hz<br \/>\nEnergijos s\u0105naudos: &lt; 1,2 W<br \/>\nReikia neutralaus: Taip<br \/>\nI\u0161orin\u0117 apsauga: 2 A, i\u0161jungimo charakteristika B arba C, 6 kA pertraukimo nominalas, 3 energijos ribojimo klas\u0117<br \/>\nMaks. perjungimo \u012ftampa: 240 V~<br \/>\nMaks. perjungimo srov\u0117: 2 A\/240 V~<br \/>\nVoltmetras (AC): 110-240 V~ 50\/60 Hz<br \/>\nVoltmetro tikslumas: \u00b12 %<br \/>\nAmpermetras (kintamoji srov\u0117): 0 &#8211; 80A<br \/>\nAmpermetro tikslumas: \u00b12 % (2\u201350 A), \u00b12 % (1\u20132 A), \u00b15 % (0\u20131 A)<br \/>\nSuderinami srov\u0117s transformatoriai: CT 50A (yra pakuot\u0117je), CT 80A<br \/>\nGalios ir energijos skaitikliai: aktyvioji ir tariama galia, aktyvioji ir tariama energija, galios koeficientas, pagrindin\u0117 aktyvioji ir pagrindin\u0117 reaktyvioji energija<br \/>\nMa\u017eiausia kalibravimo tarp kanal\u0173 apkrova: 500 W<br \/>\nBe apkrovos slenkstis: 30 VA vienam kanalui<br \/>\nMatavimo duomen\u0173 saugojimas: ma\u017eiausiai 10 dien\u0173 1 min duomen\u0173 skyra<br \/>\nDuomen\u0173 eksportavimas: PQ \u012fra\u0161yt\u0173 ver\u010di\u0173 CSV, JSON formato eksportavimas per RPC<br \/>\nVidaus temperat\u016bros jutiklis: Taip<br \/>\nRadijo Wi-Fi protokolas: 802.11 b\/g\/n<br \/>\nRF juosta: 2412 &#8211; 2472 \u041cHz<br \/>\nMaks. RF galia: &lt; 20 dBm<br \/>\nDiapazonas: iki 30 m viduje ir 50 m lauke (priklauso nuo vietini\u0173 s\u0105lyg\u0173)<br \/>\nBluetooth protokolas: 4.2<br \/>\nRF juosta: 2402 &#8211; 2480 MHz<br \/>\nMaks. RF galia: &lt; 4 dBm<br \/>\nDiapazonas: iki 10 m viduje ir 30 m lauke (priklauso nuo vietini\u0173 s\u0105lyg\u0173)<br \/>\nMikrovaldiklio blokas CPU: ESP-Shelly-C38F<br \/>\nFlash: 8 MB<br \/>\nTvarkara\u0161\u010diai: Taip<br \/>\nWebhooks (URL veiksmai): 20 su 5 URL kiekviename kabliuke<br \/>\nScenarijus: Taip<br \/>\nMQTT: Taip<br \/>\n\u0160ifravimas: Taip (gabenimo lygis)<br \/>\nAutentifikavimas: Taip (programos ir transportavimo lygis)[\/vc_column_text]\t\t<div id=\"gallery_661\" class=\"wd-images-gallery wd-rs-672ce14fd739e wd-justify-center wd-items-middle view-grid photoswipe-images\" >\n\t\t\t<div class=\"gallery-images row wd-spacing-0\">\n\t\t\t\t\t\t\t\t\t\t\t\t\t\t\t<div class=\"wd-gallery-item col-lg-12 col-md-12 col-sm-12 col-12\">\n\t\t\t\t\t\t\t\t\t\t\t\t\t\t<a href=\"\" data-elementor-open-lightbox=\"no\" data-index=\"1\" data-width=\"\" data-height=\"\"  >\n\t\t\t\t\t\t\t\t\n\t\t\t\t\t\t\t\t\n\t\t\t\t\t\t\t\t\t\t\t\t\t\t\t<\/a>\n\t\t\t\t\t\t\t\t\t\t\t\t<\/div>\n\t\t\t\t\t\t\t\t\t\t\t<div class=\"wd-gallery-item col-lg-12 col-md-12 col-sm-12 col-12\">\n\t\t\t\t\t\t\t\t\t\t\t\t\t\t<a href=\"\" data-elementor-open-lightbox=\"no\" data-index=\"2\" data-width=\"\" data-height=\"\"  >\n\t\t\t\t\t\t\t\t\n\t\t\t\t\t\t\t\t\n\t\t\t\t\t\t\t\t\t\t\t\t\t\t\t<\/a>\n\t\t\t\t\t\t\t\t\t\t\t\t<\/div>\n\t\t\t\t\t\t\t\t\t\t\t\t<\/div>\n\t\t<\/div>\n\t\t\t\t[vc_video link=&#8221;&#8221; align=&#8221;center&#8221; css=&#8221;.vc_custom_1729060706116{padding-bottom: 15px !important;}&#8221; image_poster_switch=&#8221;no&#8221; woodmart_css_id=&#8221;670f5f5d27feb&#8221;][\/vc_column][\/vc_row]<\/p>\n<\/section>","protected":false},"excerpt":{"rendered":"<p>[vc_row][vc_column][vc_column_text css=&#8221;&#8221; woodmart_inline=&#8221;no&#8221; text_larger=&#8221;no&#8221;]Gaukite realiu laiku informacij\u0105 apie prijungt\u0173 \u012frengini\u0173 energijos suvartojim\u0105 naudodami \u201eShelly EM Gen3\u201c. *Shelly EM Gen3 komplekte<\/p>\n","protected":false},"featured_media":4131,"template":"","meta":[],"product_cat":[717,689],"product_tag":[41],"class_list":{"0":"post-4135","1":"product","2":"type-product","3":"status-publish","4":"has-post-thumbnail","6":"product_cat-elektros-apskaita","7":"product_cat-gen3","8":"product_tag-shelly","9":"product_shipping_class-pastomatai","11":"first","12":"instock","13":"sale","14":"taxable","15":"shipping-taxable","16":"purchasable","17":"product-type-simple"},"yoast_head":"<!-- This site is optimized with the Yoast SEO plugin v20.12 - https:\/\/yoast.com\/wordpress\/plugins\/seo\/ -->\n<title>Shelly EM Gen3 elektros s\u0105naud\u0173 matavimo modulis (Wifi, Bluetooth) - shelly.lv<\/title>\n<meta name=\"robots\" content=\"index, follow, max-snippet:-1, max-image-preview:large, max-video-preview:-1\" \/>\n<link rel=\"canonical\" href=\"https:\/\/shelly.lv\/lt\/shop\/gen3\/shelly-em-gen3-elektros-sanaudu-matavimo-modulis-wifi-bluetooth\/\" \/>\n<meta property=\"og:locale\" content=\"lt_LT\" \/>\n<meta property=\"og:type\" content=\"article\" \/>\n<meta property=\"og:title\" content=\"Shelly EM Gen3 elektros s\u0105naud\u0173 matavimo modulis (Wifi, Bluetooth) - shelly.lv\" \/>\n<meta property=\"og:description\" content=\"[vc_row][vc_column][vc_column_text css=&#8221;&#8221; woodmart_inline=&#8221;no&#8221; text_larger=&#8221;no&#8221;]Gaukite realiu laiku informacij\u0105 apie prijungt\u0173 \u012frengini\u0173 energijos suvartojim\u0105 naudodami \u201eShelly EM Gen3\u201c. *Shelly EM Gen3 komplekte\" \/>\n<meta property=\"og:url\" content=\"https:\/\/shelly.lv\/lt\/shop\/gen3\/shelly-em-gen3-elektros-sanaudu-matavimo-modulis-wifi-bluetooth\/\" \/>\n<meta property=\"og:site_name\" content=\"shelly.lv\" \/>\n<meta property=\"article:modified_time\" content=\"2026-04-30T18:59:40+00:00\" \/>\n<meta property=\"og:image\" content=\"http:\/\/shelly.lv\/wp-content\/uploads\/2025\/04\/shelly-em-gen3-1x-50a-clamp-power-consumption-measurement-with-up-to-2-clamps-output-1x2a-wifi-bluetooth.webp\" \/>\n\t<meta property=\"og:image:width\" content=\"900\" \/>\n\t<meta property=\"og:image:height\" content=\"900\" \/>\n\t<meta property=\"og:image:type\" content=\"image\/webp\" \/>\n<meta name=\"twitter:card\" content=\"summary_large_image\" \/>\n<meta name=\"twitter:label1\" content=\"Est. reading time\" \/>\n\t<meta name=\"twitter:data1\" content=\"3 minut\u0117s\" \/>\n<script type=\"application\/ld+json\" class=\"yoast-schema-graph\">{\"@context\":\"https:\/\/schema.org\",\"@graph\":[{\"@type\":\"WebPage\",\"@id\":\"https:\/\/shelly.lv\/lt\/shop\/gen3\/shelly-em-gen3-elektros-sanaudu-matavimo-modulis-wifi-bluetooth\/\",\"url\":\"https:\/\/shelly.lv\/lt\/shop\/gen3\/shelly-em-gen3-elektros-sanaudu-matavimo-modulis-wifi-bluetooth\/\",\"name\":\"Shelly EM Gen3 elektros s\u0105naud\u0173 matavimo modulis (Wifi, Bluetooth) - shelly.lv\",\"isPartOf\":{\"@id\":\"https:\/\/shelly.lv\/lt\/#website\"},\"datePublished\":\"2024-11-07T15:32:28+00:00\",\"dateModified\":\"2026-04-30T18:59:40+00:00\",\"breadcrumb\":{\"@id\":\"https:\/\/shelly.lv\/lt\/shop\/gen3\/shelly-em-gen3-elektros-sanaudu-matavimo-modulis-wifi-bluetooth\/#breadcrumb\"},\"inLanguage\":\"lt-LT\",\"potentialAction\":[{\"@type\":\"ReadAction\",\"target\":[\"https:\/\/shelly.lv\/lt\/shop\/gen3\/shelly-em-gen3-elektros-sanaudu-matavimo-modulis-wifi-bluetooth\/\"]}]},{\"@type\":\"BreadcrumbList\",\"@id\":\"https:\/\/shelly.lv\/lt\/shop\/gen3\/shelly-em-gen3-elektros-sanaudu-matavimo-modulis-wifi-bluetooth\/#breadcrumb\",\"itemListElement\":[{\"@type\":\"ListItem\",\"position\":1,\"name\":\"Home\",\"item\":\"https:\/\/shelly.lv\/lt\/\"},{\"@type\":\"ListItem\",\"position\":2,\"name\":\"Parduotuv\u0117\",\"item\":\"https:\/\/shelly.lv\/lt\/shop\/\"},{\"@type\":\"ListItem\",\"position\":3,\"name\":\"Shelly EM Gen3 elektros s\u0105naud\u0173 matavimo modulis (Wifi, Bluetooth)\"}]},{\"@type\":\"WebSite\",\"@id\":\"https:\/\/shelly.lv\/lt\/#website\",\"url\":\"https:\/\/shelly.lv\/lt\/\",\"name\":\"Shelly.lv\",\"description\":\"Shelly Latvia\",\"publisher\":{\"@id\":\"https:\/\/shelly.lv\/lt\/#organization\"},\"potentialAction\":[{\"@type\":\"SearchAction\",\"target\":{\"@type\":\"EntryPoint\",\"urlTemplate\":\"https:\/\/shelly.lv\/lt\/?s={search_term_string}\"},\"query-input\":\"required name=search_term_string\"}],\"inLanguage\":\"lt-LT\"},{\"@type\":\"Organization\",\"@id\":\"https:\/\/shelly.lv\/lt\/#organization\",\"name\":\"Shelly.lv\",\"url\":\"https:\/\/shelly.lv\/lt\/\",\"logo\":{\"@type\":\"ImageObject\",\"inLanguage\":\"lt-LT\",\"@id\":\"https:\/\/shelly.lv\/lt\/#\/schema\/logo\/image\/\",\"url\":\"https:\/\/shelly.lv\/wp-content\/uploads\/2023\/07\/Asset-3.png\",\"contentUrl\":\"https:\/\/shelly.lv\/wp-content\/uploads\/2023\/07\/Asset-3.png\",\"width\":861,\"height\":240,\"caption\":\"Shelly.lv\"},\"image\":{\"@id\":\"https:\/\/shelly.lv\/lt\/#\/schema\/logo\/image\/\"}}]}<\/script>\n<!-- \/ Yoast SEO plugin. -->","yoast_head_json":{"title":"Shelly EM Gen3 elektros s\u0105naud\u0173 matavimo modulis (Wifi, Bluetooth) - shelly.lv","robots":{"index":"index","follow":"follow","max-snippet":"max-snippet:-1","max-image-preview":"max-image-preview:large","max-video-preview":"max-video-preview:-1"},"canonical":"https:\/\/shelly.lv\/lt\/shop\/gen3\/shelly-em-gen3-elektros-sanaudu-matavimo-modulis-wifi-bluetooth\/","og_locale":"lt_LT","og_type":"article","og_title":"Shelly EM Gen3 elektros s\u0105naud\u0173 matavimo modulis (Wifi, Bluetooth) - shelly.lv","og_description":"[vc_row][vc_column][vc_column_text css=&#8221;&#8221; woodmart_inline=&#8221;no&#8221; text_larger=&#8221;no&#8221;]Gaukite realiu laiku informacij\u0105 apie prijungt\u0173 \u012frengini\u0173 energijos suvartojim\u0105 naudodami \u201eShelly EM Gen3\u201c. *Shelly EM Gen3 komplekte","og_url":"https:\/\/shelly.lv\/lt\/shop\/gen3\/shelly-em-gen3-elektros-sanaudu-matavimo-modulis-wifi-bluetooth\/","og_site_name":"shelly.lv","article_modified_time":"2026-04-30T18:59:40+00:00","og_image":[{"width":900,"height":900,"url":"http:\/\/shelly.lv\/wp-content\/uploads\/2025\/04\/shelly-em-gen3-1x-50a-clamp-power-consumption-measurement-with-up-to-2-clamps-output-1x2a-wifi-bluetooth.webp","type":"image\/webp"}],"twitter_card":"summary_large_image","twitter_misc":{"Est. reading time":"3 minut\u0117s"},"schema":{"@context":"https:\/\/schema.org","@graph":[{"@type":"WebPage","@id":"https:\/\/shelly.lv\/lt\/shop\/gen3\/shelly-em-gen3-elektros-sanaudu-matavimo-modulis-wifi-bluetooth\/","url":"https:\/\/shelly.lv\/lt\/shop\/gen3\/shelly-em-gen3-elektros-sanaudu-matavimo-modulis-wifi-bluetooth\/","name":"Shelly EM Gen3 elektros s\u0105naud\u0173 matavimo modulis (Wifi, Bluetooth) - shelly.lv","isPartOf":{"@id":"https:\/\/shelly.lv\/lt\/#website"},"datePublished":"2024-11-07T15:32:28+00:00","dateModified":"2026-04-30T18:59:40+00:00","breadcrumb":{"@id":"https:\/\/shelly.lv\/lt\/shop\/gen3\/shelly-em-gen3-elektros-sanaudu-matavimo-modulis-wifi-bluetooth\/#breadcrumb"},"inLanguage":"lt-LT","potentialAction":[{"@type":"ReadAction","target":["https:\/\/shelly.lv\/lt\/shop\/gen3\/shelly-em-gen3-elektros-sanaudu-matavimo-modulis-wifi-bluetooth\/"]}]},{"@type":"BreadcrumbList","@id":"https:\/\/shelly.lv\/lt\/shop\/gen3\/shelly-em-gen3-elektros-sanaudu-matavimo-modulis-wifi-bluetooth\/#breadcrumb","itemListElement":[{"@type":"ListItem","position":1,"name":"Home","item":"https:\/\/shelly.lv\/lt\/"},{"@type":"ListItem","position":2,"name":"Parduotuv\u0117","item":"https:\/\/shelly.lv\/lt\/shop\/"},{"@type":"ListItem","position":3,"name":"Shelly EM Gen3 elektros s\u0105naud\u0173 matavimo modulis (Wifi, Bluetooth)"}]},{"@type":"WebSite","@id":"https:\/\/shelly.lv\/lt\/#website","url":"https:\/\/shelly.lv\/lt\/","name":"Shelly.lv","description":"Shelly Latvia","publisher":{"@id":"https:\/\/shelly.lv\/lt\/#organization"},"potentialAction":[{"@type":"SearchAction","target":{"@type":"EntryPoint","urlTemplate":"https:\/\/shelly.lv\/lt\/?s={search_term_string}"},"query-input":"required name=search_term_string"}],"inLanguage":"lt-LT"},{"@type":"Organization","@id":"https:\/\/shelly.lv\/lt\/#organization","name":"Shelly.lv","url":"https:\/\/shelly.lv\/lt\/","logo":{"@type":"ImageObject","inLanguage":"lt-LT","@id":"https:\/\/shelly.lv\/lt\/#\/schema\/logo\/image\/","url":"https:\/\/shelly.lv\/wp-content\/uploads\/2023\/07\/Asset-3.png","contentUrl":"https:\/\/shelly.lv\/wp-content\/uploads\/2023\/07\/Asset-3.png","width":861,"height":240,"caption":"Shelly.lv"},"image":{"@id":"https:\/\/shelly.lv\/lt\/#\/schema\/logo\/image\/"}}]}},"_links":{"self":[{"href":"https:\/\/shelly.lv\/lt\/wp-json\/wp\/v2\/product\/4135","targetHints":{"allow":["GET"]}}],"collection":[{"href":"https:\/\/shelly.lv\/lt\/wp-json\/wp\/v2\/product"}],"about":[{"href":"https:\/\/shelly.lv\/lt\/wp-json\/wp\/v2\/types\/product"}],"wp:featuredmedia":[{"embeddable":true,"href":"https:\/\/shelly.lv\/lt\/wp-json\/wp\/v2\/media\/4131"}],"wp:attachment":[{"href":"https:\/\/shelly.lv\/lt\/wp-json\/wp\/v2\/media?parent=4135"}],"wp:term":[{"taxonomy":"product_cat","embeddable":true,"href":"https:\/\/shelly.lv\/lt\/wp-json\/wp\/v2\/product_cat?post=4135"},{"taxonomy":"product_tag","embeddable":true,"href":"https:\/\/shelly.lv\/lt\/wp-json\/wp\/v2\/product_tag?post=4135"}],"curies":[{"name":"wp","href":"https:\/\/api.w.org\/{rel}","templated":true}]}}