{"id":4145,"date":"2024-10-31T12:21:33","date_gmt":"2024-10-31T10:21:33","guid":{"rendered":"https:\/\/shelly.lv\/veikals\/uncategorized\/shelly-blu-wall-switch-4-belaidis-pultelis-bluetooth\/"},"modified":"2026-05-06T15:16:21","modified_gmt":"2026-05-06T12:16:21","slug":"shelly-blu-wall-switch-4-belaidis-pultelis-bluetooth","status":"publish","type":"product","link":"https:\/\/shelly.lv\/lt\/shop\/jungikliai\/shelly-blu-wall-switch-4-belaidis-pultelis-bluetooth\/","title":{"rendered":"Shelly BLU Wall Switch 4 belaidis pultelis Bluetooth"},"content":{"rendered":"<section class=\"wpb-content-wrapper\"><p>[vc_row][vc_column][vc_column_text css=&#8221;&#8221; woodmart_inline=&#8221;no&#8221; text_larger=&#8221;no&#8221;]\u201eShelly BLU Wall Switch 4\u201c (\u012frenginys) yra i\u0161mani keturi\u0173 mygtuk\u0173 \u201eBluetooth\u201c valdymo s\u0105saja. Jis gali b\u016bti skland\u017eiai montuojamas su \u012fvairiais standartiniais jungikli\u0173 diapazonais. Jis taip pat gali b\u016bti naudojamas kaip atskiras nuotolinio valdymo pultas. \u012erenginys turi ilg\u0105 baterijos veikimo laik\u0105, palaiko keli\u0173 paspaudim\u0173 ir stipr\u0173 \u0161ifravim\u0105.<\/p>\n<p>[\/vc_column_text]\t\t<div id=\"gallery_473\" class=\"wd-images-gallery wd-rs-67235dae13de0 wd-justify-center wd-items-middle view-grid photoswipe-images\" >\n\t\t\t<div class=\"gallery-images row wd-spacing-0\">\n\t\t\t\t\t\t\t\t\t\t\t\t\t\t\t\t<\/div>\n\t\t<\/div>\n\t\t\t\t[vc_video link=&#8221;&#8221; align=&#8221;center&#8221; css=&#8221;.vc_custom_1729060706116{padding-bottom: 15px !important;}&#8221; image_poster_switch=&#8221;no&#8221; woodmart_css_id=&#8221;670f5f5d27feb&#8221;][\/vc_column][\/vc_row]<\/p>\n<\/section>","protected":false},"excerpt":{"rendered":"<p>[vc_row][vc_column][vc_column_text css=&#8221;&#8221; woodmart_inline=&#8221;no&#8221; text_larger=&#8221;no&#8221;]\u201eShelly BLU Wall Switch 4\u201c (\u012frenginys) yra i\u0161mani keturi\u0173 mygtuk\u0173 \u201eBluetooth\u201c valdymo s\u0105saja. Jis gali b\u016bti skland\u017eiai<\/p>\n","protected":false},"featured_media":4141,"template":"","meta":[],"product_cat":[300],"product_tag":[41],"class_list":{"0":"post-4145","1":"product","2":"type-product","3":"status-publish","4":"has-post-thumbnail","6":"product_cat-jungikliai","7":"product_tag-shelly","8":"product_shipping_class-pastomatai","10":"first","11":"outofstock","12":"sale","13":"taxable","14":"shipping-taxable","15":"purchasable","16":"product-type-simple"},"yoast_head":"<!-- This site is optimized with the Yoast SEO plugin v20.12 - https:\/\/yoast.com\/wordpress\/plugins\/seo\/ -->\n<title>Shelly BLU Wall Switch 4 belaidis pultelis Bluetooth - shelly.lv<\/title>\n<meta name=\"robots\" content=\"index, follow, max-snippet:-1, max-image-preview:large, max-video-preview:-1\" \/>\n<link rel=\"canonical\" href=\"https:\/\/shelly.lv\/lt\/shop\/jungikliai\/shelly-blu-wall-switch-4-belaidis-pultelis-bluetooth\/\" \/>\n<meta property=\"og:locale\" content=\"lt_LT\" \/>\n<meta property=\"og:type\" content=\"article\" \/>\n<meta property=\"og:title\" content=\"Shelly BLU Wall Switch 4 belaidis pultelis Bluetooth - shelly.lv\" \/>\n<meta property=\"og:description\" content=\"[vc_row][vc_column][vc_column_text css=&#8221;&#8221; woodmart_inline=&#8221;no&#8221; text_larger=&#8221;no&#8221;]\u201eShelly BLU Wall Switch 4\u201c (\u012frenginys) yra i\u0161mani keturi\u0173 mygtuk\u0173 \u201eBluetooth\u201c valdymo s\u0105saja. Jis gali b\u016bti skland\u017eiai\" \/>\n<meta property=\"og:url\" content=\"https:\/\/shelly.lv\/lt\/shop\/jungikliai\/shelly-blu-wall-switch-4-belaidis-pultelis-bluetooth\/\" \/>\n<meta property=\"og:site_name\" content=\"shelly.lv\" \/>\n<meta property=\"article:modified_time\" content=\"2026-05-06T12:16:21+00:00\" \/>\n<meta property=\"og:image\" content=\"http:\/\/shelly.lv\/wp-content\/uploads\/2025\/04\/Shelly_BLU_Wall_Switch_4_stand_alone_1.jpg\" \/>\n\t<meta property=\"og:image:width\" content=\"800\" \/>\n\t<meta property=\"og:image:height\" content=\"800\" \/>\n\t<meta property=\"og:image:type\" content=\"image\/jpeg\" \/>\n<meta name=\"twitter:card\" content=\"summary_large_image\" \/>\n<meta name=\"twitter:label1\" content=\"Est. reading time\" \/>\n\t<meta name=\"twitter:data1\" content=\"1 minut\u0117\" \/>\n<script type=\"application\/ld+json\" class=\"yoast-schema-graph\">{\"@context\":\"https:\/\/schema.org\",\"@graph\":[{\"@type\":\"WebPage\",\"@id\":\"https:\/\/shelly.lv\/lt\/shop\/jungikliai\/shelly-blu-wall-switch-4-belaidis-pultelis-bluetooth\/\",\"url\":\"https:\/\/shelly.lv\/lt\/shop\/jungikliai\/shelly-blu-wall-switch-4-belaidis-pultelis-bluetooth\/\",\"name\":\"Shelly BLU Wall Switch 4 belaidis pultelis Bluetooth - shelly.lv\",\"isPartOf\":{\"@id\":\"https:\/\/shelly.lv\/lt\/#website\"},\"datePublished\":\"2024-10-31T10:21:33+00:00\",\"dateModified\":\"2026-05-06T12:16:21+00:00\",\"breadcrumb\":{\"@id\":\"https:\/\/shelly.lv\/lt\/shop\/jungikliai\/shelly-blu-wall-switch-4-belaidis-pultelis-bluetooth\/#breadcrumb\"},\"inLanguage\":\"lt-LT\",\"potentialAction\":[{\"@type\":\"ReadAction\",\"target\":[\"https:\/\/shelly.lv\/lt\/shop\/jungikliai\/shelly-blu-wall-switch-4-belaidis-pultelis-bluetooth\/\"]}]},{\"@type\":\"BreadcrumbList\",\"@id\":\"https:\/\/shelly.lv\/lt\/shop\/jungikliai\/shelly-blu-wall-switch-4-belaidis-pultelis-bluetooth\/#breadcrumb\",\"itemListElement\":[{\"@type\":\"ListItem\",\"position\":1,\"name\":\"Home\",\"item\":\"https:\/\/shelly.lv\/lt\/\"},{\"@type\":\"ListItem\",\"position\":2,\"name\":\"Parduotuv\u0117\",\"item\":\"https:\/\/shelly.lv\/lt\/shop\/\"},{\"@type\":\"ListItem\",\"position\":3,\"name\":\"Shelly BLU Wall Switch 4 belaidis pultelis Bluetooth\"}]},{\"@type\":\"WebSite\",\"@id\":\"https:\/\/shelly.lv\/lt\/#website\",\"url\":\"https:\/\/shelly.lv\/lt\/\",\"name\":\"Shelly.lv\",\"description\":\"Shelly Latvia\",\"publisher\":{\"@id\":\"https:\/\/shelly.lv\/lt\/#organization\"},\"potentialAction\":[{\"@type\":\"SearchAction\",\"target\":{\"@type\":\"EntryPoint\",\"urlTemplate\":\"https:\/\/shelly.lv\/lt\/?s={search_term_string}\"},\"query-input\":\"required name=search_term_string\"}],\"inLanguage\":\"lt-LT\"},{\"@type\":\"Organization\",\"@id\":\"https:\/\/shelly.lv\/lt\/#organization\",\"name\":\"Shelly.lv\",\"url\":\"https:\/\/shelly.lv\/lt\/\",\"logo\":{\"@type\":\"ImageObject\",\"inLanguage\":\"lt-LT\",\"@id\":\"https:\/\/shelly.lv\/lt\/#\/schema\/logo\/image\/\",\"url\":\"https:\/\/shelly.lv\/wp-content\/uploads\/2023\/07\/Asset-3.png\",\"contentUrl\":\"https:\/\/shelly.lv\/wp-content\/uploads\/2023\/07\/Asset-3.png\",\"width\":861,\"height\":240,\"caption\":\"Shelly.lv\"},\"image\":{\"@id\":\"https:\/\/shelly.lv\/lt\/#\/schema\/logo\/image\/\"}}]}<\/script>\n<!-- \/ Yoast SEO plugin. -->","yoast_head_json":{"title":"Shelly BLU Wall Switch 4 belaidis pultelis Bluetooth - shelly.lv","robots":{"index":"index","follow":"follow","max-snippet":"max-snippet:-1","max-image-preview":"max-image-preview:large","max-video-preview":"max-video-preview:-1"},"canonical":"https:\/\/shelly.lv\/lt\/shop\/jungikliai\/shelly-blu-wall-switch-4-belaidis-pultelis-bluetooth\/","og_locale":"lt_LT","og_type":"article","og_title":"Shelly BLU Wall Switch 4 belaidis pultelis Bluetooth - shelly.lv","og_description":"[vc_row][vc_column][vc_column_text css=&#8221;&#8221; woodmart_inline=&#8221;no&#8221; text_larger=&#8221;no&#8221;]\u201eShelly BLU Wall Switch 4\u201c (\u012frenginys) yra i\u0161mani keturi\u0173 mygtuk\u0173 \u201eBluetooth\u201c valdymo s\u0105saja. Jis gali b\u016bti skland\u017eiai","og_url":"https:\/\/shelly.lv\/lt\/shop\/jungikliai\/shelly-blu-wall-switch-4-belaidis-pultelis-bluetooth\/","og_site_name":"shelly.lv","article_modified_time":"2026-05-06T12:16:21+00:00","og_image":[{"width":800,"height":800,"url":"http:\/\/shelly.lv\/wp-content\/uploads\/2025\/04\/Shelly_BLU_Wall_Switch_4_stand_alone_1.jpg","type":"image\/jpeg"}],"twitter_card":"summary_large_image","twitter_misc":{"Est. reading time":"1 minut\u0117"},"schema":{"@context":"https:\/\/schema.org","@graph":[{"@type":"WebPage","@id":"https:\/\/shelly.lv\/lt\/shop\/jungikliai\/shelly-blu-wall-switch-4-belaidis-pultelis-bluetooth\/","url":"https:\/\/shelly.lv\/lt\/shop\/jungikliai\/shelly-blu-wall-switch-4-belaidis-pultelis-bluetooth\/","name":"Shelly BLU Wall Switch 4 belaidis pultelis Bluetooth - shelly.lv","isPartOf":{"@id":"https:\/\/shelly.lv\/lt\/#website"},"datePublished":"2024-10-31T10:21:33+00:00","dateModified":"2026-05-06T12:16:21+00:00","breadcrumb":{"@id":"https:\/\/shelly.lv\/lt\/shop\/jungikliai\/shelly-blu-wall-switch-4-belaidis-pultelis-bluetooth\/#breadcrumb"},"inLanguage":"lt-LT","potentialAction":[{"@type":"ReadAction","target":["https:\/\/shelly.lv\/lt\/shop\/jungikliai\/shelly-blu-wall-switch-4-belaidis-pultelis-bluetooth\/"]}]},{"@type":"BreadcrumbList","@id":"https:\/\/shelly.lv\/lt\/shop\/jungikliai\/shelly-blu-wall-switch-4-belaidis-pultelis-bluetooth\/#breadcrumb","itemListElement":[{"@type":"ListItem","position":1,"name":"Home","item":"https:\/\/shelly.lv\/lt\/"},{"@type":"ListItem","position":2,"name":"Parduotuv\u0117","item":"https:\/\/shelly.lv\/lt\/shop\/"},{"@type":"ListItem","position":3,"name":"Shelly BLU Wall Switch 4 belaidis pultelis Bluetooth"}]},{"@type":"WebSite","@id":"https:\/\/shelly.lv\/lt\/#website","url":"https:\/\/shelly.lv\/lt\/","name":"Shelly.lv","description":"Shelly Latvia","publisher":{"@id":"https:\/\/shelly.lv\/lt\/#organization"},"potentialAction":[{"@type":"SearchAction","target":{"@type":"EntryPoint","urlTemplate":"https:\/\/shelly.lv\/lt\/?s={search_term_string}"},"query-input":"required name=search_term_string"}],"inLanguage":"lt-LT"},{"@type":"Organization","@id":"https:\/\/shelly.lv\/lt\/#organization","name":"Shelly.lv","url":"https:\/\/shelly.lv\/lt\/","logo":{"@type":"ImageObject","inLanguage":"lt-LT","@id":"https:\/\/shelly.lv\/lt\/#\/schema\/logo\/image\/","url":"https:\/\/shelly.lv\/wp-content\/uploads\/2023\/07\/Asset-3.png","contentUrl":"https:\/\/shelly.lv\/wp-content\/uploads\/2023\/07\/Asset-3.png","width":861,"height":240,"caption":"Shelly.lv"},"image":{"@id":"https:\/\/shelly.lv\/lt\/#\/schema\/logo\/image\/"}}]}},"_links":{"self":[{"href":"https:\/\/shelly.lv\/lt\/wp-json\/wp\/v2\/product\/4145","targetHints":{"allow":["GET"]}}],"collection":[{"href":"https:\/\/shelly.lv\/lt\/wp-json\/wp\/v2\/product"}],"about":[{"href":"https:\/\/shelly.lv\/lt\/wp-json\/wp\/v2\/types\/product"}],"wp:featuredmedia":[{"embeddable":true,"href":"https:\/\/shelly.lv\/lt\/wp-json\/wp\/v2\/media\/4141"}],"wp:attachment":[{"href":"https:\/\/shelly.lv\/lt\/wp-json\/wp\/v2\/media?parent=4145"}],"wp:term":[{"taxonomy":"product_cat","embeddable":true,"href":"https:\/\/shelly.lv\/lt\/wp-json\/wp\/v2\/product_cat?post=4145"},{"taxonomy":"product_tag","embeddable":true,"href":"https:\/\/shelly.lv\/lt\/wp-json\/wp\/v2\/product_tag?post=4145"}],"curies":[{"name":"wp","href":"https:\/\/api.w.org\/{rel}","templated":true}]}}