{"id":4166,"date":"2024-10-21T10:45:21","date_gmt":"2024-10-21T07:45:21","guid":{"rendered":"https:\/\/shelly.lv\/veikals\/uncategorized\/shelly-blu-trv-bluetooth-termostatinis-radiatoriaus-voztuvas\/"},"modified":"2026-05-08T11:03:52","modified_gmt":"2026-05-08T08:03:52","slug":"shelly-blu-trv-bluetooth-termostatinis-radiatoriaus-voztuvas","status":"publish","type":"product","link":"https:\/\/shelly.lv\/lt\/shop\/sensoriai\/shelly-blu-trv-bluetooth-termostatinis-radiatoriaus-voztuvas\/","title":{"rendered":"Shelly BLU TRV Bluetooth termostatinis radiatoriaus vo\u017etuvas"},"content":{"rendered":"<section class=\"wpb-content-wrapper\"><p>[vc_row][vc_column][vc_column_text css=&#8221;&#8221; text_larger=&#8221;no&#8221; woodmart_inline=&#8221;no&#8221;]Shelly BLU TRV yra i\u0161mani termostatin\u0117 radiatoriaus galvut\u0117 su Bluetooth ry\u0161iu. Jis reguliuoja kambario temperat\u016br\u0105 keisdamas kar\u0161to vandens sraut\u0105 per radiatori\u0173. Esant poreikiui, temperat\u016br\u0105 galima bet kada pakeisti sukant prietaiso rotacin\u012f kodavimo \u012frengin\u012f \u012f kair\u0119 arba de\u0161in\u0119 arba per savo mobil\u0173j\u012f telefon\u0105, plan\u0161etin\u012f kompiuter\u012f ar kompiuter\u012f. Prietaisas taip pat gali palaikyti kambario temperat\u016br\u0105 pagal nustatyt\u0105 savait\u0117s grafik\u0105. Jis maitinamas 2 AA, 1,5 V baterijomis.<\/p>\n<p><strong>Pagrindin\u0117s savyb\u0117s<\/strong><\/p>\n<ul>\n<li>Bluetooth<\/li>\n<li>2&#215;1,5 V AA baterija (pridedama)<\/li>\n<li>Tikslus temperat\u016bros valdymas<\/li>\n<li>Padidinimo re\u017eimas, skirtas greitai su\u0161ildyti kambar\u012f<\/li>\n<li>Protingas planavimas<\/li>\n<li>I\u0161orinio jutiklio palaikymas (suderinamas su Shelly BLU H&amp;T, Shelly BLU dur\u0173 \/ lang\u0173 jutikliais, susietais per Blu Gateway Gen3)<\/li>\n<li>Integracija su dauguma i\u0161mani\u0173j\u0173 nam\u0173 sistem\u0173<\/li>\n<li>Reikia Blu Gateway Gen3 (prid\u0117ta komplekte)<\/li>\n<\/ul>\n<p>[\/vc_column_text]\t\t<div id=\"gallery_682\" class=\"wd-images-gallery wd-rs-671608bd10291 wd-justify-center wd-items-middle view-grid photoswipe-images\" >\n\t\t\t<div class=\"gallery-images row wd-spacing-0\">\n\t\t\t\t\t\t\t\t\t\t\t\t\t\t\t<div class=\"wd-gallery-item col-lg-12 col-md-12 col-sm-12 col-12\">\n\t\t\t\t\t\t\t\t\t\t\t\t\t\t<a href=\"\" data-elementor-open-lightbox=\"no\" data-index=\"1\" data-width=\"\" data-height=\"\"  >\n\t\t\t\t\t\t\t\t\n\t\t\t\t\t\t\t\t\n\t\t\t\t\t\t\t\t\t\t\t\t\t\t\t<\/a>\n\t\t\t\t\t\t\t\t\t\t\t\t<\/div>\n\t\t\t\t\t\t\t\t\t\t\t<div class=\"wd-gallery-item col-lg-12 col-md-12 col-sm-12 col-12\">\n\t\t\t\t\t\t\t\t\t\t\t\t\t\t<a href=\"\" data-elementor-open-lightbox=\"no\" data-index=\"2\" data-width=\"\" data-height=\"\"  >\n\t\t\t\t\t\t\t\t\n\t\t\t\t\t\t\t\t\n\t\t\t\t\t\t\t\t\t\t\t\t\t\t\t<\/a>\n\t\t\t\t\t\t\t\t\t\t\t\t<\/div>\n\t\t\t\t\t\t\t\t\t\t\t\t<\/div>\n\t\t<\/div>\n\t\t\t\t[\/vc_column][\/vc_row]<\/p>\n<\/section>","protected":false},"excerpt":{"rendered":"<ul>\n<li>Shelly TRV 6500 mAh \u012fkraunama baterija, numatomas 2 met\u0173 akumuliatoriaus veikimo laikas<\/li>\n<li>Platus temperat\u016bros reguliavimo diapazonas, nuo 5\u00b0C iki 30\u00b0C<\/li>\n<\/ul>\n","protected":false},"featured_media":4158,"template":"","meta":[],"product_cat":[298,351],"product_tag":[41],"class_list":{"0":"post-4166","1":"product","2":"type-product","3":"status-publish","4":"has-post-thumbnail","6":"product_cat-sensoriai","7":"product_cat-komplektai-lt","8":"product_tag-shelly","9":"product_shipping_class-pastomatai","11":"first","12":"outofstock","13":"sale","14":"taxable","15":"shipping-taxable","16":"purchasable","17":"product-type-simple"},"yoast_head":"<!-- This site is optimized with the Yoast SEO plugin v20.12 - https:\/\/yoast.com\/wordpress\/plugins\/seo\/ -->\n<title>Shelly BLU TRV Bluetooth termostatinis radiatoriaus vo\u017etuvas - shelly.lv<\/title>\n<meta name=\"robots\" content=\"index, follow, max-snippet:-1, max-image-preview:large, max-video-preview:-1\" \/>\n<link rel=\"canonical\" href=\"https:\/\/shelly.lv\/lt\/shop\/sensoriai\/shelly-blu-trv-bluetooth-termostatinis-radiatoriaus-voztuvas\/\" \/>\n<meta property=\"og:locale\" content=\"lt_LT\" \/>\n<meta property=\"og:type\" content=\"article\" \/>\n<meta property=\"og:title\" content=\"Shelly BLU TRV Bluetooth termostatinis radiatoriaus vo\u017etuvas - shelly.lv\" \/>\n<meta property=\"og:description\" content=\"Shelly TRV 6500 mAh \u012fkraunama baterija, numatomas 2 met\u0173 akumuliatoriaus veikimo laikas  Platus temperat\u016bros reguliavimo diapazonas, nuo 5\u00b0C iki 30\u00b0C\" \/>\n<meta property=\"og:url\" content=\"https:\/\/shelly.lv\/lt\/shop\/sensoriai\/shelly-blu-trv-bluetooth-termostatinis-radiatoriaus-voztuvas\/\" \/>\n<meta property=\"og:site_name\" content=\"shelly.lv\" \/>\n<meta property=\"article:modified_time\" content=\"2026-05-08T08:03:52+00:00\" \/>\n<meta property=\"og:image\" content=\"http:\/\/shelly.lv\/wp-content\/uploads\/2025\/04\/shelly-blu-trv-3-pack-blu-gateway-gen3-3pcs-thermostatic-radiator-valve-with-1pc-gateway-bluetooth.jpg\" \/>\n\t<meta property=\"og:image:width\" content=\"1200\" \/>\n\t<meta property=\"og:image:height\" content=\"1200\" \/>\n\t<meta property=\"og:image:type\" content=\"image\/jpeg\" \/>\n<meta name=\"twitter:card\" content=\"summary_large_image\" \/>\n<meta name=\"twitter:label1\" content=\"Est. reading time\" \/>\n\t<meta name=\"twitter:data1\" content=\"1 minut\u0117\" \/>\n<script type=\"application\/ld+json\" class=\"yoast-schema-graph\">{\"@context\":\"https:\/\/schema.org\",\"@graph\":[{\"@type\":\"WebPage\",\"@id\":\"https:\/\/shelly.lv\/lt\/shop\/sensoriai\/shelly-blu-trv-bluetooth-termostatinis-radiatoriaus-voztuvas\/\",\"url\":\"https:\/\/shelly.lv\/lt\/shop\/sensoriai\/shelly-blu-trv-bluetooth-termostatinis-radiatoriaus-voztuvas\/\",\"name\":\"Shelly BLU TRV Bluetooth termostatinis radiatoriaus vo\u017etuvas - shelly.lv\",\"isPartOf\":{\"@id\":\"https:\/\/shelly.lv\/lt\/#website\"},\"datePublished\":\"2024-10-21T07:45:21+00:00\",\"dateModified\":\"2026-05-08T08:03:52+00:00\",\"breadcrumb\":{\"@id\":\"https:\/\/shelly.lv\/lt\/shop\/sensoriai\/shelly-blu-trv-bluetooth-termostatinis-radiatoriaus-voztuvas\/#breadcrumb\"},\"inLanguage\":\"lt-LT\",\"potentialAction\":[{\"@type\":\"ReadAction\",\"target\":[\"https:\/\/shelly.lv\/lt\/shop\/sensoriai\/shelly-blu-trv-bluetooth-termostatinis-radiatoriaus-voztuvas\/\"]}]},{\"@type\":\"BreadcrumbList\",\"@id\":\"https:\/\/shelly.lv\/lt\/shop\/sensoriai\/shelly-blu-trv-bluetooth-termostatinis-radiatoriaus-voztuvas\/#breadcrumb\",\"itemListElement\":[{\"@type\":\"ListItem\",\"position\":1,\"name\":\"Home\",\"item\":\"https:\/\/shelly.lv\/lt\/\"},{\"@type\":\"ListItem\",\"position\":2,\"name\":\"Parduotuv\u0117\",\"item\":\"https:\/\/shelly.lv\/lt\/shop\/\"},{\"@type\":\"ListItem\",\"position\":3,\"name\":\"Shelly BLU TRV Bluetooth termostatinis radiatoriaus vo\u017etuvas\"}]},{\"@type\":\"WebSite\",\"@id\":\"https:\/\/shelly.lv\/lt\/#website\",\"url\":\"https:\/\/shelly.lv\/lt\/\",\"name\":\"Shelly.lv\",\"description\":\"Shelly Latvia\",\"publisher\":{\"@id\":\"https:\/\/shelly.lv\/lt\/#organization\"},\"potentialAction\":[{\"@type\":\"SearchAction\",\"target\":{\"@type\":\"EntryPoint\",\"urlTemplate\":\"https:\/\/shelly.lv\/lt\/?s={search_term_string}\"},\"query-input\":\"required name=search_term_string\"}],\"inLanguage\":\"lt-LT\"},{\"@type\":\"Organization\",\"@id\":\"https:\/\/shelly.lv\/lt\/#organization\",\"name\":\"Shelly.lv\",\"url\":\"https:\/\/shelly.lv\/lt\/\",\"logo\":{\"@type\":\"ImageObject\",\"inLanguage\":\"lt-LT\",\"@id\":\"https:\/\/shelly.lv\/lt\/#\/schema\/logo\/image\/\",\"url\":\"https:\/\/shelly.lv\/wp-content\/uploads\/2023\/07\/Asset-3.png\",\"contentUrl\":\"https:\/\/shelly.lv\/wp-content\/uploads\/2023\/07\/Asset-3.png\",\"width\":861,\"height\":240,\"caption\":\"Shelly.lv\"},\"image\":{\"@id\":\"https:\/\/shelly.lv\/lt\/#\/schema\/logo\/image\/\"}}]}<\/script>\n<!-- \/ Yoast SEO plugin. -->","yoast_head_json":{"title":"Shelly BLU TRV Bluetooth termostatinis radiatoriaus vo\u017etuvas - shelly.lv","robots":{"index":"index","follow":"follow","max-snippet":"max-snippet:-1","max-image-preview":"max-image-preview:large","max-video-preview":"max-video-preview:-1"},"canonical":"https:\/\/shelly.lv\/lt\/shop\/sensoriai\/shelly-blu-trv-bluetooth-termostatinis-radiatoriaus-voztuvas\/","og_locale":"lt_LT","og_type":"article","og_title":"Shelly BLU TRV Bluetooth termostatinis radiatoriaus vo\u017etuvas - shelly.lv","og_description":"Shelly TRV 6500 mAh \u012fkraunama baterija, numatomas 2 met\u0173 akumuliatoriaus veikimo laikas  Platus temperat\u016bros reguliavimo diapazonas, nuo 5\u00b0C iki 30\u00b0C","og_url":"https:\/\/shelly.lv\/lt\/shop\/sensoriai\/shelly-blu-trv-bluetooth-termostatinis-radiatoriaus-voztuvas\/","og_site_name":"shelly.lv","article_modified_time":"2026-05-08T08:03:52+00:00","og_image":[{"width":1200,"height":1200,"url":"http:\/\/shelly.lv\/wp-content\/uploads\/2025\/04\/shelly-blu-trv-3-pack-blu-gateway-gen3-3pcs-thermostatic-radiator-valve-with-1pc-gateway-bluetooth.jpg","type":"image\/jpeg"}],"twitter_card":"summary_large_image","twitter_misc":{"Est. reading time":"1 minut\u0117"},"schema":{"@context":"https:\/\/schema.org","@graph":[{"@type":"WebPage","@id":"https:\/\/shelly.lv\/lt\/shop\/sensoriai\/shelly-blu-trv-bluetooth-termostatinis-radiatoriaus-voztuvas\/","url":"https:\/\/shelly.lv\/lt\/shop\/sensoriai\/shelly-blu-trv-bluetooth-termostatinis-radiatoriaus-voztuvas\/","name":"Shelly BLU TRV Bluetooth termostatinis radiatoriaus vo\u017etuvas - shelly.lv","isPartOf":{"@id":"https:\/\/shelly.lv\/lt\/#website"},"datePublished":"2024-10-21T07:45:21+00:00","dateModified":"2026-05-08T08:03:52+00:00","breadcrumb":{"@id":"https:\/\/shelly.lv\/lt\/shop\/sensoriai\/shelly-blu-trv-bluetooth-termostatinis-radiatoriaus-voztuvas\/#breadcrumb"},"inLanguage":"lt-LT","potentialAction":[{"@type":"ReadAction","target":["https:\/\/shelly.lv\/lt\/shop\/sensoriai\/shelly-blu-trv-bluetooth-termostatinis-radiatoriaus-voztuvas\/"]}]},{"@type":"BreadcrumbList","@id":"https:\/\/shelly.lv\/lt\/shop\/sensoriai\/shelly-blu-trv-bluetooth-termostatinis-radiatoriaus-voztuvas\/#breadcrumb","itemListElement":[{"@type":"ListItem","position":1,"name":"Home","item":"https:\/\/shelly.lv\/lt\/"},{"@type":"ListItem","position":2,"name":"Parduotuv\u0117","item":"https:\/\/shelly.lv\/lt\/shop\/"},{"@type":"ListItem","position":3,"name":"Shelly BLU TRV Bluetooth termostatinis radiatoriaus vo\u017etuvas"}]},{"@type":"WebSite","@id":"https:\/\/shelly.lv\/lt\/#website","url":"https:\/\/shelly.lv\/lt\/","name":"Shelly.lv","description":"Shelly Latvia","publisher":{"@id":"https:\/\/shelly.lv\/lt\/#organization"},"potentialAction":[{"@type":"SearchAction","target":{"@type":"EntryPoint","urlTemplate":"https:\/\/shelly.lv\/lt\/?s={search_term_string}"},"query-input":"required name=search_term_string"}],"inLanguage":"lt-LT"},{"@type":"Organization","@id":"https:\/\/shelly.lv\/lt\/#organization","name":"Shelly.lv","url":"https:\/\/shelly.lv\/lt\/","logo":{"@type":"ImageObject","inLanguage":"lt-LT","@id":"https:\/\/shelly.lv\/lt\/#\/schema\/logo\/image\/","url":"https:\/\/shelly.lv\/wp-content\/uploads\/2023\/07\/Asset-3.png","contentUrl":"https:\/\/shelly.lv\/wp-content\/uploads\/2023\/07\/Asset-3.png","width":861,"height":240,"caption":"Shelly.lv"},"image":{"@id":"https:\/\/shelly.lv\/lt\/#\/schema\/logo\/image\/"}}]}},"_links":{"self":[{"href":"https:\/\/shelly.lv\/lt\/wp-json\/wp\/v2\/product\/4166","targetHints":{"allow":["GET"]}}],"collection":[{"href":"https:\/\/shelly.lv\/lt\/wp-json\/wp\/v2\/product"}],"about":[{"href":"https:\/\/shelly.lv\/lt\/wp-json\/wp\/v2\/types\/product"}],"wp:featuredmedia":[{"embeddable":true,"href":"https:\/\/shelly.lv\/lt\/wp-json\/wp\/v2\/media\/4158"}],"wp:attachment":[{"href":"https:\/\/shelly.lv\/lt\/wp-json\/wp\/v2\/media?parent=4166"}],"wp:term":[{"taxonomy":"product_cat","embeddable":true,"href":"https:\/\/shelly.lv\/lt\/wp-json\/wp\/v2\/product_cat?post=4166"},{"taxonomy":"product_tag","embeddable":true,"href":"https:\/\/shelly.lv\/lt\/wp-json\/wp\/v2\/product_tag?post=4166"}],"curies":[{"name":"wp","href":"https:\/\/api.w.org\/{rel}","templated":true}]}}