{"id":4171,"date":"2024-10-16T09:29:38","date_gmt":"2024-10-16T06:29:38","guid":{"rendered":"https:\/\/shelly.lv\/veikals\/uncategorized\/shelly-2pm-gen3-2-kanalu-variklio-valdymo-rele-wifi-bluetooth\/"},"modified":"2026-05-15T09:17:38","modified_gmt":"2026-05-15T06:17:38","slug":"shelly-2pm-gen3-2-kanalu-variklio-valdymo-rele-wifi-bluetooth","status":"publish","type":"product","link":"https:\/\/shelly.lv\/lt\/shop\/ismaniosios-reles\/shelly-2pm-gen3-2-kanalu-variklio-valdymo-rele-wifi-bluetooth\/","title":{"rendered":"Shelly 2PM Gen3 2 kanal\u0173\/variklio valdymo rel\u0117 (Wifi, Bluetooth)"},"content":{"rendered":"<section class=\"wpb-content-wrapper\"><p>[vc_row][vc_column][vc_column_text css=&#8221;&#8221; woodmart_inline=&#8221;no&#8221; text_larger=&#8221;no&#8221;]\u201eShelly 2PM Gen3\u201c yra ma\u017eos formos 2 kanal\u0173 i\u0161manusis jungiklis su galios matavimu ir dangtelio valdymu, kuris leid\u017eia nuotoliniu b\u016bdu valdyti elektros prietaisus per mobil\u0173j\u012f telefon\u0105, plan\u0161etin\u012f kompiuter\u012f, asmenin\u012f kompiuter\u012f ar nam\u0173 automatikos sistem\u0105. Jis gali veikti atskirai vietiniame \u201eWi-Fi\u201c tinkle arba taip pat gali b\u016bti valdomas naudojant debes\u0173 nam\u0173 automatizavimo paslaugas. \u012erenginys taip pat turi patobulint\u0105 procesori\u0173 ir padidint\u0105 atmint\u012f, palyginti su jo pirmtaku. Prietaisas palaiko \u017ealiuzes.<\/p>\n<p>\u201eShelly 2PM Gen3\u201c galima pasiekti, valdyti ir steb\u0117ti nuotoliniu b\u016bdu i\u0161 bet kurios vietos, kur Vartotojas turi interneto ry\u0161\u012f, jei \u012frenginys prijungtas prie \u201eWi-Fi\u201c mar\u0161rutizatoriaus ir interneto.<\/p>\n<p>Jis gali b\u016bti montuojamas \u012f standartines sienines elektros d\u0117\u017ees, u\u017e elektros lizd\u0173 ir \u0161viesos jungikli\u0173 ar kitose vietose, kuriose yra ma\u017eai vietos.<\/p>\n<p>\u201eShelly 2PM Gen3\u201c turi integruot\u0105 \u017einiatinklio s\u0105saj\u0105, kuri\u0105 galima naudoti \u012frenginiui steb\u0117ti ir valdyti, taip pat reguliuoti jo nustatymus.<\/p>\n<p>I\u0161manusis jungiklis su galios matavimu: veikia kaip i\u0161manusis jungiklis su papildoma galimybe matuoti energijos suvartojim\u0105, leid\u017eiant\u012f steb\u0117ti prijungt\u0173 prietais\u0173 energijos suvartojim\u0105.<\/p>\n<p>Kompakti\u0161kas dizainas: Sukurtas kaip ma\u017eas formos faktoriaus jungiklis, tod\u0117l tinkamas montuoti \u012f standartines sienines elektros d\u0117\u017ees, u\u017e elektros lizd\u0173, \u0161viesos jungikli\u0173 ar kitose u\u017edarose erdv\u0117se.<\/p>\n<p>Nuotolinis valdymas: leid\u017eia nuotoliniu b\u016bdu valdyti elektros prietaisus per mobil\u0173j\u012f telefon\u0105, plan\u0161etin\u012f kompiuter\u012f, asmenin\u012f kompiuter\u012f arba nam\u0173 automatikos sistem\u0105.<\/p>\n<p>Vietinis ir debes\u0173 valdymas: gali veikti savaranki\u0161kai vietiniame \u201eWi-Fi\u201c tinkle, taip pat gali b\u016bti valdomas naudojant debes\u0173 nam\u0173 automatizavimo paslaugas.<\/p>\n<p>Patobulintas procesorius ir atmintis: atnaujintas su patobulintu procesoriumi ir padidinta atmintimi, kad pagerint\u0173 na\u0161um\u0105.<\/p>\n<p>Nuotolin\u0117 prieiga: leid\u017eia nuotoliniu b\u016bdu pasiekti, valdyti ir steb\u0117ti i\u0161 bet kurios vietos su interneto ry\u0161iu, jei \u012frenginys prijungtas prie \u201eWi-Fi\u201c mar\u0161ruto parinktuvo ir interneto.<\/p>\n<p>\u012eterptoji \u017einiatinklio s\u0105saja: turi \u012fterpt\u0105j\u0105 \u017einiatinklio s\u0105saj\u0105, skirt\u0105 steb\u0117ti, valdyti ir reguliuoti nustatymus.<\/p>\n<p>BLE Gateway: perjunkite savo Shelly BLU \u012frenginius ir platesn\u0119 Shelly ekosistem\u0105. Jis priima \u201eBluetooth\u201c signalus ir siun\u010dia juos \u012f debes\u012f arba vietoje \u012f kit\u0105 ne \u201eBluetooth\u201c \u012frengin\u012f.<\/p>\n<p>\u201eWi-Fi\u201c diapazono pl\u0117tiklis, skirtas daikt\u0173 interneto \u012frenginiams: \u201eWi-Fi\u201c pl\u0117tinys naudojamas i\u0161pl\u0117sti \u201eWi-Fi\u201c tinklo pasiekiamum\u0105 priimant dabartin\u012f \u201eWi-Fi\u201c signal\u0105, padidinant jo stiprum\u0105 ir perduodant patobulint\u0105 signal\u0105 platesn\u0117je srityje.<\/p>\n<p>Scenarijus: https:\/\/shelly-api-docs.shelly.cloud\/gen2\/Scripts\/ShellyScriptLanguageFeatures\/<\/p>\n<p>Platus integracij\u0173 spektras: \u012frengin\u012f galima integruoti su tre\u010di\u0173j\u0173 \u0161ali\u0173 nam\u0173 sistemomis, dokumentuota HTTP API, MQTT (-ais), \u017einiatinklio kabliukais per HTTP ir HTTPS, UDP<\/p>\n<p>KNX: palaiko KNXnet\/IP ry\u0161\u012f<\/p>\n<p>Tvarkara\u0161\u010diai: leid\u017eia planuoti sud\u0117tingas operacijas, kurios turi b\u016bti vykdomos i\u0161 anksto nustatytame laiko lange. Vartotojai gali nurodyti laiko langus pagal dat\u0105, paros laik\u0105, savait\u0117s dienas, valandas, minutes ir sekundes.<\/p>\n<p>Virtual\u016bs komponentai: https:\/\/shelly-api-docs.shelly.cloud\/gen2\/DynamicComponents\/Virtual\/<\/p>\n<p>\u017daliuzi\u0173 re\u017eimas: Prietaisas leid\u017eia nuotoliniu b\u016bdu valdyti motorines \u017ealiuzes, roletus, \u017ealiuzes, tentus ir kt. Matuoja prijungto \u012frenginio energijos suvartojim\u0105. Rekomenduojama naudoti tik variklius su elektroniniais arba mechaniniais eigos jungikliais. Variklio eigos jungikliai turi b\u016bti tinkamai nustatyti prie\u0161 prijungiant \u012frengin\u012f prie variklio.<\/p>\n<p>Valdo \u017ealiuzi\u0173, ritin\u0117li\u0173, \u017ealiuzi\u0173, \u017ealiuzi\u0173 ir kt. pad\u0117t\u012f.<\/p>\n<p>Valdo \u017ealiuzi\u0173 lentjuos\u010di\u0173 pasvirimo pad\u0117t\u012f[\/vc_column_text]\t\t<div id=\"gallery_238\" class=\"wd-images-gallery wd-rs-6661b4782ae64 wd-justify-center wd-items-middle view-grid photoswipe-images\" >\n\t\t\t<div class=\"gallery-images row wd-spacing-0\">\n\t\t\t\t\t\t\t\t\t\t\t\t\t\t\t\t<\/div>\n\t\t<\/div>\n\t\t\t\t[vc_video link=&#8221;&#8221; align=&#8221;center&#8221; css=&#8221;.vc_custom_1729060706116{padding-bottom: 15px !important;}&#8221; image_poster_switch=&#8221;no&#8221; woodmart_css_id=&#8221;670f5f5d27feb&#8221;][\/vc_column][\/vc_row]<\/p>\n<\/section>","protected":false},"excerpt":{"rendered":"<p>[vc_row][vc_column][vc_column_text css=&#8221;&#8221; woodmart_inline=&#8221;no&#8221; text_larger=&#8221;no&#8221;]\u201eShelly 2PM Gen3\u201c yra ma\u017eos formos 2 kanal\u0173 i\u0161manusis jungiklis su galios matavimu ir dangtelio valdymu, kuris<\/p>\n","protected":false},"featured_media":4167,"template":"","meta":[],"product_cat":[689,297],"product_tag":[41],"class_list":{"0":"post-4171","1":"product","2":"type-product","3":"status-publish","4":"has-post-thumbnail","6":"product_cat-gen3","7":"product_cat-ismaniosios-reles","8":"product_tag-shelly","9":"product_shipping_class-pastomatai","11":"first","12":"instock","13":"sale","14":"taxable","15":"shipping-taxable","16":"purchasable","17":"product-type-simple"},"yoast_head":"<!-- This site is optimized with the Yoast SEO plugin v20.12 - https:\/\/yoast.com\/wordpress\/plugins\/seo\/ -->\n<title>Shelly 2PM Gen3 2 kanal\u0173\/variklio valdymo rel\u0117 (Wifi, Bluetooth) - shelly.lv<\/title>\n<meta name=\"robots\" content=\"index, follow, max-snippet:-1, max-image-preview:large, max-video-preview:-1\" \/>\n<link rel=\"canonical\" href=\"https:\/\/shelly.lv\/lt\/shop\/ismaniosios-reles\/shelly-2pm-gen3-2-kanalu-variklio-valdymo-rele-wifi-bluetooth\/\" \/>\n<meta property=\"og:locale\" content=\"lt_LT\" \/>\n<meta property=\"og:type\" content=\"article\" \/>\n<meta property=\"og:title\" content=\"Shelly 2PM Gen3 2 kanal\u0173\/variklio valdymo rel\u0117 (Wifi, Bluetooth) - shelly.lv\" \/>\n<meta property=\"og:description\" content=\"[vc_row][vc_column][vc_column_text css=&#8221;&#8221; woodmart_inline=&#8221;no&#8221; text_larger=&#8221;no&#8221;]\u201eShelly 2PM Gen3\u201c yra ma\u017eos formos 2 kanal\u0173 i\u0161manusis jungiklis su galios matavimu ir dangtelio valdymu, kuris\" \/>\n<meta property=\"og:url\" content=\"https:\/\/shelly.lv\/lt\/shop\/ismaniosios-reles\/shelly-2pm-gen3-2-kanalu-variklio-valdymo-rele-wifi-bluetooth\/\" \/>\n<meta property=\"og:site_name\" content=\"shelly.lv\" \/>\n<meta property=\"article:modified_time\" content=\"2026-05-15T06:17:38+00:00\" \/>\n<meta property=\"og:image\" content=\"http:\/\/shelly.lv\/wp-content\/uploads\/2025\/04\/Shelly_2PM_Gen3_soon-625x625-Photoroom.png\" \/>\n\t<meta property=\"og:image:width\" content=\"625\" \/>\n\t<meta property=\"og:image:height\" content=\"625\" \/>\n\t<meta property=\"og:image:type\" content=\"image\/png\" \/>\n<meta name=\"twitter:card\" content=\"summary_large_image\" \/>\n<meta name=\"twitter:label1\" content=\"Est. reading time\" \/>\n\t<meta name=\"twitter:data1\" content=\"3 minut\u0117s\" \/>\n<script type=\"application\/ld+json\" class=\"yoast-schema-graph\">{\"@context\":\"https:\/\/schema.org\",\"@graph\":[{\"@type\":\"WebPage\",\"@id\":\"https:\/\/shelly.lv\/lt\/shop\/ismaniosios-reles\/shelly-2pm-gen3-2-kanalu-variklio-valdymo-rele-wifi-bluetooth\/\",\"url\":\"https:\/\/shelly.lv\/lt\/shop\/ismaniosios-reles\/shelly-2pm-gen3-2-kanalu-variklio-valdymo-rele-wifi-bluetooth\/\",\"name\":\"Shelly 2PM Gen3 2 kanal\u0173\/variklio valdymo rel\u0117 (Wifi, Bluetooth) - shelly.lv\",\"isPartOf\":{\"@id\":\"https:\/\/shelly.lv\/lt\/#website\"},\"datePublished\":\"2024-10-16T06:29:38+00:00\",\"dateModified\":\"2026-05-15T06:17:38+00:00\",\"breadcrumb\":{\"@id\":\"https:\/\/shelly.lv\/lt\/shop\/ismaniosios-reles\/shelly-2pm-gen3-2-kanalu-variklio-valdymo-rele-wifi-bluetooth\/#breadcrumb\"},\"inLanguage\":\"lt-LT\",\"potentialAction\":[{\"@type\":\"ReadAction\",\"target\":[\"https:\/\/shelly.lv\/lt\/shop\/ismaniosios-reles\/shelly-2pm-gen3-2-kanalu-variklio-valdymo-rele-wifi-bluetooth\/\"]}]},{\"@type\":\"BreadcrumbList\",\"@id\":\"https:\/\/shelly.lv\/lt\/shop\/ismaniosios-reles\/shelly-2pm-gen3-2-kanalu-variklio-valdymo-rele-wifi-bluetooth\/#breadcrumb\",\"itemListElement\":[{\"@type\":\"ListItem\",\"position\":1,\"name\":\"Home\",\"item\":\"https:\/\/shelly.lv\/lt\/\"},{\"@type\":\"ListItem\",\"position\":2,\"name\":\"Parduotuv\u0117\",\"item\":\"https:\/\/shelly.lv\/lt\/shop\/\"},{\"@type\":\"ListItem\",\"position\":3,\"name\":\"Shelly 2PM Gen3 2 kanal\u0173\/variklio valdymo rel\u0117 (Wifi, Bluetooth)\"}]},{\"@type\":\"WebSite\",\"@id\":\"https:\/\/shelly.lv\/lt\/#website\",\"url\":\"https:\/\/shelly.lv\/lt\/\",\"name\":\"Shelly.lv\",\"description\":\"Shelly Latvia\",\"publisher\":{\"@id\":\"https:\/\/shelly.lv\/lt\/#organization\"},\"potentialAction\":[{\"@type\":\"SearchAction\",\"target\":{\"@type\":\"EntryPoint\",\"urlTemplate\":\"https:\/\/shelly.lv\/lt\/?s={search_term_string}\"},\"query-input\":\"required name=search_term_string\"}],\"inLanguage\":\"lt-LT\"},{\"@type\":\"Organization\",\"@id\":\"https:\/\/shelly.lv\/lt\/#organization\",\"name\":\"Shelly.lv\",\"url\":\"https:\/\/shelly.lv\/lt\/\",\"logo\":{\"@type\":\"ImageObject\",\"inLanguage\":\"lt-LT\",\"@id\":\"https:\/\/shelly.lv\/lt\/#\/schema\/logo\/image\/\",\"url\":\"https:\/\/shelly.lv\/wp-content\/uploads\/2023\/07\/Asset-3.png\",\"contentUrl\":\"https:\/\/shelly.lv\/wp-content\/uploads\/2023\/07\/Asset-3.png\",\"width\":861,\"height\":240,\"caption\":\"Shelly.lv\"},\"image\":{\"@id\":\"https:\/\/shelly.lv\/lt\/#\/schema\/logo\/image\/\"}}]}<\/script>\n<!-- \/ Yoast SEO plugin. -->","yoast_head_json":{"title":"Shelly 2PM Gen3 2 kanal\u0173\/variklio valdymo rel\u0117 (Wifi, Bluetooth) - shelly.lv","robots":{"index":"index","follow":"follow","max-snippet":"max-snippet:-1","max-image-preview":"max-image-preview:large","max-video-preview":"max-video-preview:-1"},"canonical":"https:\/\/shelly.lv\/lt\/shop\/ismaniosios-reles\/shelly-2pm-gen3-2-kanalu-variklio-valdymo-rele-wifi-bluetooth\/","og_locale":"lt_LT","og_type":"article","og_title":"Shelly 2PM Gen3 2 kanal\u0173\/variklio valdymo rel\u0117 (Wifi, Bluetooth) - shelly.lv","og_description":"[vc_row][vc_column][vc_column_text css=&#8221;&#8221; woodmart_inline=&#8221;no&#8221; text_larger=&#8221;no&#8221;]\u201eShelly 2PM Gen3\u201c yra ma\u017eos formos 2 kanal\u0173 i\u0161manusis jungiklis su galios matavimu ir dangtelio valdymu, kuris","og_url":"https:\/\/shelly.lv\/lt\/shop\/ismaniosios-reles\/shelly-2pm-gen3-2-kanalu-variklio-valdymo-rele-wifi-bluetooth\/","og_site_name":"shelly.lv","article_modified_time":"2026-05-15T06:17:38+00:00","og_image":[{"width":625,"height":625,"url":"http:\/\/shelly.lv\/wp-content\/uploads\/2025\/04\/Shelly_2PM_Gen3_soon-625x625-Photoroom.png","type":"image\/png"}],"twitter_card":"summary_large_image","twitter_misc":{"Est. reading time":"3 minut\u0117s"},"schema":{"@context":"https:\/\/schema.org","@graph":[{"@type":"WebPage","@id":"https:\/\/shelly.lv\/lt\/shop\/ismaniosios-reles\/shelly-2pm-gen3-2-kanalu-variklio-valdymo-rele-wifi-bluetooth\/","url":"https:\/\/shelly.lv\/lt\/shop\/ismaniosios-reles\/shelly-2pm-gen3-2-kanalu-variklio-valdymo-rele-wifi-bluetooth\/","name":"Shelly 2PM Gen3 2 kanal\u0173\/variklio valdymo rel\u0117 (Wifi, Bluetooth) - shelly.lv","isPartOf":{"@id":"https:\/\/shelly.lv\/lt\/#website"},"datePublished":"2024-10-16T06:29:38+00:00","dateModified":"2026-05-15T06:17:38+00:00","breadcrumb":{"@id":"https:\/\/shelly.lv\/lt\/shop\/ismaniosios-reles\/shelly-2pm-gen3-2-kanalu-variklio-valdymo-rele-wifi-bluetooth\/#breadcrumb"},"inLanguage":"lt-LT","potentialAction":[{"@type":"ReadAction","target":["https:\/\/shelly.lv\/lt\/shop\/ismaniosios-reles\/shelly-2pm-gen3-2-kanalu-variklio-valdymo-rele-wifi-bluetooth\/"]}]},{"@type":"BreadcrumbList","@id":"https:\/\/shelly.lv\/lt\/shop\/ismaniosios-reles\/shelly-2pm-gen3-2-kanalu-variklio-valdymo-rele-wifi-bluetooth\/#breadcrumb","itemListElement":[{"@type":"ListItem","position":1,"name":"Home","item":"https:\/\/shelly.lv\/lt\/"},{"@type":"ListItem","position":2,"name":"Parduotuv\u0117","item":"https:\/\/shelly.lv\/lt\/shop\/"},{"@type":"ListItem","position":3,"name":"Shelly 2PM Gen3 2 kanal\u0173\/variklio valdymo rel\u0117 (Wifi, Bluetooth)"}]},{"@type":"WebSite","@id":"https:\/\/shelly.lv\/lt\/#website","url":"https:\/\/shelly.lv\/lt\/","name":"Shelly.lv","description":"Shelly Latvia","publisher":{"@id":"https:\/\/shelly.lv\/lt\/#organization"},"potentialAction":[{"@type":"SearchAction","target":{"@type":"EntryPoint","urlTemplate":"https:\/\/shelly.lv\/lt\/?s={search_term_string}"},"query-input":"required name=search_term_string"}],"inLanguage":"lt-LT"},{"@type":"Organization","@id":"https:\/\/shelly.lv\/lt\/#organization","name":"Shelly.lv","url":"https:\/\/shelly.lv\/lt\/","logo":{"@type":"ImageObject","inLanguage":"lt-LT","@id":"https:\/\/shelly.lv\/lt\/#\/schema\/logo\/image\/","url":"https:\/\/shelly.lv\/wp-content\/uploads\/2023\/07\/Asset-3.png","contentUrl":"https:\/\/shelly.lv\/wp-content\/uploads\/2023\/07\/Asset-3.png","width":861,"height":240,"caption":"Shelly.lv"},"image":{"@id":"https:\/\/shelly.lv\/lt\/#\/schema\/logo\/image\/"}}]}},"_links":{"self":[{"href":"https:\/\/shelly.lv\/lt\/wp-json\/wp\/v2\/product\/4171","targetHints":{"allow":["GET"]}}],"collection":[{"href":"https:\/\/shelly.lv\/lt\/wp-json\/wp\/v2\/product"}],"about":[{"href":"https:\/\/shelly.lv\/lt\/wp-json\/wp\/v2\/types\/product"}],"wp:featuredmedia":[{"embeddable":true,"href":"https:\/\/shelly.lv\/lt\/wp-json\/wp\/v2\/media\/4167"}],"wp:attachment":[{"href":"https:\/\/shelly.lv\/lt\/wp-json\/wp\/v2\/media?parent=4171"}],"wp:term":[{"taxonomy":"product_cat","embeddable":true,"href":"https:\/\/shelly.lv\/lt\/wp-json\/wp\/v2\/product_cat?post=4171"},{"taxonomy":"product_tag","embeddable":true,"href":"https:\/\/shelly.lv\/lt\/wp-json\/wp\/v2\/product_tag?post=4171"}],"curies":[{"name":"wp","href":"https:\/\/api.w.org\/{rel}","templated":true}]}}