{"id":4187,"date":"2024-09-19T14:16:48","date_gmt":"2024-09-19T11:16:48","guid":{"rendered":"https:\/\/shelly.lv\/veikals\/uncategorized\/shelly-blu-rc-button-4-bluetooth-nuotolinio-valdymo-pultas\/"},"modified":"2026-03-25T16:48:46","modified_gmt":"2026-03-25T14:48:46","slug":"shelly-blu-rc-button-4-bluetooth-nuotolinio-valdymo-pultas","status":"publish","type":"product","link":"https:\/\/shelly.lv\/lt\/shop\/jungikliai\/shelly-blu-rc-button-4-bluetooth-nuotolinio-valdymo-pultas\/","title":{"rendered":"Shelly BLU RC Button 4 &#8211; Bluetooth nuotolinio valdymo pultas"},"content":{"rendered":"<section class=\"wpb-content-wrapper\"><p>[vc_row][vc_column][vc_column_text css=&#8221;&#8221; woodmart_inline=&#8221;no&#8221; text_larger=&#8221;no&#8221;]\u201eShelly BLU RC Button 4\u201c yra i\u0161manusis keturi\u0173 mygtuk\u0173 \u201eBluetooth\u201c mygtukas, leid\u017eiantis supaprastinti esamos automatikos valdym\u0105. Naudodami \u012fvairias i\u0161d\u0117stymo parinktis, \u012fskaitant integruotus magnetus ir laikiklio magnetinius laikiklius, galite lengvai pritvirtinti prie metalinio pavir\u0161iaus, pastatyti skirtingose \u200b\u200bpatalpose arba laikyti ki\u0161en\u0117je. Atlikdami iki 16 skirting\u0173 veiksm\u0173, paprastais paspaudim\u0173 deriniais galite valdyti savo \u0161viesas, prietaisus, gara\u017eo vartus ir dar daugiau.<\/p>\n<ul>\n<li>Naudoja BLE technologij\u0105 (veikia \u201eBluetooth\u201c)<\/li>\n<li>Palaiko kelis paspaudimus \u2013 vien\u0105, du, tris kartus ir ilg\u0105 paspaudim\u0105 (i\u0161 viso 16 veiksm\u0173)<\/li>\n<li>iki 2 met\u0173 baterijos veikimo laikas<\/li>\n<li>Informavimo re\u017eimas \u2013 jei \u012fjungtas, \u012frenginys kas 8 sekundes skleis \u0161vyturius.<\/li>\n<li>Visi\u0161kas suderinamumas su \u201eHome Assistant\u201c ir bet kuriuo kitu \u012frenginiu, kur\u012f palaiko BTHome protokolas (i\u0161imtas i\u0161 d\u0117\u017eut\u0117s)<\/li>\n<\/ul>\n<p>\u0160is i\u0161manusis RC mygtukas, galintis valdyti daugyb\u0119 i\u0161mani\u0173j\u0173 nam\u0173 \u012frengini\u0173 ir scenarij\u0173, supaprastina kasdien\u0119 veikl\u0105. Galite laikyti j\u012f ki\u0161en\u0117je, kad gal\u0117tum\u0117te lengvai pasiekti, priklijuoti ant metalinio pavir\u0161iaus, pavyzd\u017eiui, \u0161aldytuvo, pritvirtinti prie sienos naudodami pridedam\u0105 3M juost\u0105 arba netgi pritvirtinti prie esamo sieninio jungiklio. J\u016bs\u0173 poreikiams pritaikytas \u201eShelly BLU RC Button 4\u201c u\u017etikrina, kad valdymas visada b\u016bt\u0173 pasiekiamas, leisdamas valdyti \u0161viesas, gara\u017eo duris, prietaisus, \u017ealiuzes ar pasirinktines scenas 16 paprast\u0173 paspaudim\u0173 derini\u0173.<\/p>\n<p><strong>Specifikacijos<\/strong><\/p>\n<ul>\n<li>Mygtukas: 65x30x13 mm<\/li>\n<li>Magnetinis laikiklis (plok\u0161tiems pavir\u0161iams): 83x44x9 mm<\/li>\n<li>Svoris: 21 g<\/li>\n<li>Korpuso med\u017eiaga: plastikas<\/li>\n<li>Korpuso spalva: balta<\/li>\n<li>Aplinkos darbo temperat\u016bra: -20\u00b0C iki 40\u00b0C<\/li>\n<li>Dr\u0117gm\u0117: nuo 30% iki 70% santykinis dr\u0117gnumas<\/li>\n<li>Maitinimas: 1x 3V baterija (pridedama)<\/li>\n<li>Baterijos tipas: CR2032<\/li>\n<li>Numatomas baterijos veikimo laikas: iki 2 met\u0173<\/li>\n<li>Bluetooth protokolas: 4.2<\/li>\n<li>RF juosta: 2400-2483,5 MHz<\/li>\n<li>Maks. RF galia: &lt; 4 dBm<\/li>\n<li>Diapazonas: iki 30 m lauke, iki 10 m viduje (priklausomai nuo vietini\u0173 s\u0105lyg\u0173)<\/li>\n<li>\u0160ifravimas: AES (CCM re\u017eimas)<\/li>\n<\/ul>\n<p>[\/vc_column_text]\t\t<div id=\"gallery_514\" class=\"wd-images-gallery wd-rs-66ec0ad0e299a wd-justify-center wd-items-middle view-grid photoswipe-images\" >\n\t\t\t<div class=\"gallery-images row wd-spacing-0\">\n\t\t\t\t\t\t\t\t\t\t\t\t\t\t\t<div class=\"wd-gallery-item col-lg-12 col-md-12 col-sm-12 col-12\">\n\t\t\t\t\t\t\t\t\t\t\t\t\t\t<a href=\"\" data-elementor-open-lightbox=\"no\" data-index=\"1\" data-width=\"\" data-height=\"\"  >\n\t\t\t\t\t\t\t\t\n\t\t\t\t\t\t\t\t\n\t\t\t\t\t\t\t\t\t\t\t\t\t\t\t<\/a>\n\t\t\t\t\t\t\t\t\t\t\t\t<\/div>\n\t\t\t\t\t\t\t\t\t\t\t<div class=\"wd-gallery-item col-lg-12 col-md-12 col-sm-12 col-12\">\n\t\t\t\t\t\t\t\t\t\t\t\t\t\t<a href=\"\" data-elementor-open-lightbox=\"no\" data-index=\"2\" data-width=\"\" data-height=\"\"  >\n\t\t\t\t\t\t\t\t\n\t\t\t\t\t\t\t\t\n\t\t\t\t\t\t\t\t\t\t\t\t\t\t\t<\/a>\n\t\t\t\t\t\t\t\t\t\t\t\t<\/div>\n\t\t\t\t\t\t\t\t\t\t\t<div class=\"wd-gallery-item col-lg-12 col-md-12 col-sm-12 col-12\">\n\t\t\t\t\t\t\t\t\t\t\t\t\t\t<a href=\"\" data-elementor-open-lightbox=\"no\" data-index=\"3\" data-width=\"\" data-height=\"\"  >\n\t\t\t\t\t\t\t\t\n\t\t\t\t\t\t\t\t\n\t\t\t\t\t\t\t\t\t\t\t\t\t\t\t<\/a>\n\t\t\t\t\t\t\t\t\t\t\t\t<\/div>\n\t\t\t\t\t\t\t\t\t\t\t\t<\/div>\n\t\t<\/div>\n\t\t\t\t[vc_video link=&#8221;&#8221; el_width=&#8221;80&#8243; align=&#8221;center&#8221; css=&#8221;.vc_custom_1717676823638{padding-bottom: 15px !important;}&#8221; image_poster_switch=&#8221;no&#8221; woodmart_css_id=&#8221;6661ab12a35dc&#8221;][\/vc_column][\/vc_row]<\/p>\n<\/section>","protected":false},"excerpt":{"rendered":"<p>[vc_row][vc_column][vc_column_text css=&#8221;&#8221; woodmart_inline=&#8221;no&#8221; text_larger=&#8221;no&#8221;]\u201eShelly BLU RC Button 4\u201c yra i\u0161manusis keturi\u0173 mygtuk\u0173 \u201eBluetooth\u201c mygtukas, leid\u017eiantis supaprastinti esamos automatikos valdym\u0105. Naudodami<\/p>\n","protected":false},"featured_media":4173,"template":"","meta":[],"product_cat":[300],"product_tag":[41],"class_list":{"0":"post-4187","1":"product","2":"type-product","3":"status-publish","4":"has-post-thumbnail","6":"product_cat-jungikliai","7":"product_tag-shelly","8":"product_shipping_class-pastomatai","10":"first","11":"instock","12":"sale","13":"taxable","14":"shipping-taxable","15":"purchasable","16":"product-type-simple"},"yoast_head":"<!-- This site is optimized with the Yoast SEO plugin v20.12 - https:\/\/yoast.com\/wordpress\/plugins\/seo\/ -->\n<title>Shelly BLU RC Button 4 - Bluetooth nuotolinio valdymo pultas - shelly.lv<\/title>\n<meta name=\"robots\" content=\"index, follow, max-snippet:-1, max-image-preview:large, max-video-preview:-1\" \/>\n<link rel=\"canonical\" href=\"https:\/\/shelly.lv\/lt\/shop\/jungikliai\/shelly-blu-rc-button-4-bluetooth-nuotolinio-valdymo-pultas\/\" \/>\n<meta property=\"og:locale\" content=\"lt_LT\" \/>\n<meta property=\"og:type\" content=\"article\" \/>\n<meta property=\"og:title\" content=\"Shelly BLU RC Button 4 - Bluetooth nuotolinio valdymo pultas - shelly.lv\" \/>\n<meta property=\"og:description\" content=\"[vc_row][vc_column][vc_column_text css=&#8221;&#8221; woodmart_inline=&#8221;no&#8221; text_larger=&#8221;no&#8221;]\u201eShelly BLU RC Button 4\u201c yra i\u0161manusis keturi\u0173 mygtuk\u0173 \u201eBluetooth\u201c mygtukas, leid\u017eiantis supaprastinti esamos automatikos valdym\u0105. Naudodami\" \/>\n<meta property=\"og:url\" content=\"https:\/\/shelly.lv\/lt\/shop\/jungikliai\/shelly-blu-rc-button-4-bluetooth-nuotolinio-valdymo-pultas\/\" \/>\n<meta property=\"og:site_name\" content=\"shelly.lv\" \/>\n<meta property=\"article:modified_time\" content=\"2026-03-25T14:48:46+00:00\" \/>\n<meta property=\"og:image\" content=\"http:\/\/shelly.lv\/wp-content\/uploads\/2025\/04\/shelly-blu-rc-button-4-bluetooth-remote-control.jpg\" \/>\n\t<meta property=\"og:image:width\" content=\"1200\" \/>\n\t<meta property=\"og:image:height\" content=\"1200\" \/>\n\t<meta property=\"og:image:type\" content=\"image\/jpeg\" \/>\n<meta name=\"twitter:card\" content=\"summary_large_image\" \/>\n<meta name=\"twitter:label1\" content=\"Est. reading time\" \/>\n\t<meta name=\"twitter:data1\" content=\"2 minut\u0117s\" \/>\n<script type=\"application\/ld+json\" class=\"yoast-schema-graph\">{\"@context\":\"https:\/\/schema.org\",\"@graph\":[{\"@type\":\"WebPage\",\"@id\":\"https:\/\/shelly.lv\/lt\/shop\/jungikliai\/shelly-blu-rc-button-4-bluetooth-nuotolinio-valdymo-pultas\/\",\"url\":\"https:\/\/shelly.lv\/lt\/shop\/jungikliai\/shelly-blu-rc-button-4-bluetooth-nuotolinio-valdymo-pultas\/\",\"name\":\"Shelly BLU RC Button 4 - Bluetooth nuotolinio valdymo pultas - shelly.lv\",\"isPartOf\":{\"@id\":\"https:\/\/shelly.lv\/lt\/#website\"},\"datePublished\":\"2024-09-19T11:16:48+00:00\",\"dateModified\":\"2026-03-25T14:48:46+00:00\",\"breadcrumb\":{\"@id\":\"https:\/\/shelly.lv\/lt\/shop\/jungikliai\/shelly-blu-rc-button-4-bluetooth-nuotolinio-valdymo-pultas\/#breadcrumb\"},\"inLanguage\":\"lt-LT\",\"potentialAction\":[{\"@type\":\"ReadAction\",\"target\":[\"https:\/\/shelly.lv\/lt\/shop\/jungikliai\/shelly-blu-rc-button-4-bluetooth-nuotolinio-valdymo-pultas\/\"]}]},{\"@type\":\"BreadcrumbList\",\"@id\":\"https:\/\/shelly.lv\/lt\/shop\/jungikliai\/shelly-blu-rc-button-4-bluetooth-nuotolinio-valdymo-pultas\/#breadcrumb\",\"itemListElement\":[{\"@type\":\"ListItem\",\"position\":1,\"name\":\"Home\",\"item\":\"https:\/\/shelly.lv\/lt\/\"},{\"@type\":\"ListItem\",\"position\":2,\"name\":\"Parduotuv\u0117\",\"item\":\"https:\/\/shelly.lv\/lt\/shop\/\"},{\"@type\":\"ListItem\",\"position\":3,\"name\":\"Shelly BLU RC Button 4 &#8211; Bluetooth nuotolinio valdymo pultas\"}]},{\"@type\":\"WebSite\",\"@id\":\"https:\/\/shelly.lv\/lt\/#website\",\"url\":\"https:\/\/shelly.lv\/lt\/\",\"name\":\"Shelly.lv\",\"description\":\"Shelly Latvia\",\"publisher\":{\"@id\":\"https:\/\/shelly.lv\/lt\/#organization\"},\"potentialAction\":[{\"@type\":\"SearchAction\",\"target\":{\"@type\":\"EntryPoint\",\"urlTemplate\":\"https:\/\/shelly.lv\/lt\/?s={search_term_string}\"},\"query-input\":\"required name=search_term_string\"}],\"inLanguage\":\"lt-LT\"},{\"@type\":\"Organization\",\"@id\":\"https:\/\/shelly.lv\/lt\/#organization\",\"name\":\"Shelly.lv\",\"url\":\"https:\/\/shelly.lv\/lt\/\",\"logo\":{\"@type\":\"ImageObject\",\"inLanguage\":\"lt-LT\",\"@id\":\"https:\/\/shelly.lv\/lt\/#\/schema\/logo\/image\/\",\"url\":\"https:\/\/shelly.lv\/wp-content\/uploads\/2023\/07\/Asset-3.png\",\"contentUrl\":\"https:\/\/shelly.lv\/wp-content\/uploads\/2023\/07\/Asset-3.png\",\"width\":861,\"height\":240,\"caption\":\"Shelly.lv\"},\"image\":{\"@id\":\"https:\/\/shelly.lv\/lt\/#\/schema\/logo\/image\/\"}}]}<\/script>\n<!-- \/ Yoast SEO plugin. -->","yoast_head_json":{"title":"Shelly BLU RC Button 4 - Bluetooth nuotolinio valdymo pultas - shelly.lv","robots":{"index":"index","follow":"follow","max-snippet":"max-snippet:-1","max-image-preview":"max-image-preview:large","max-video-preview":"max-video-preview:-1"},"canonical":"https:\/\/shelly.lv\/lt\/shop\/jungikliai\/shelly-blu-rc-button-4-bluetooth-nuotolinio-valdymo-pultas\/","og_locale":"lt_LT","og_type":"article","og_title":"Shelly BLU RC Button 4 - Bluetooth nuotolinio valdymo pultas - shelly.lv","og_description":"[vc_row][vc_column][vc_column_text css=&#8221;&#8221; woodmart_inline=&#8221;no&#8221; text_larger=&#8221;no&#8221;]\u201eShelly BLU RC Button 4\u201c yra i\u0161manusis keturi\u0173 mygtuk\u0173 \u201eBluetooth\u201c mygtukas, leid\u017eiantis supaprastinti esamos automatikos valdym\u0105. Naudodami","og_url":"https:\/\/shelly.lv\/lt\/shop\/jungikliai\/shelly-blu-rc-button-4-bluetooth-nuotolinio-valdymo-pultas\/","og_site_name":"shelly.lv","article_modified_time":"2026-03-25T14:48:46+00:00","og_image":[{"width":1200,"height":1200,"url":"http:\/\/shelly.lv\/wp-content\/uploads\/2025\/04\/shelly-blu-rc-button-4-bluetooth-remote-control.jpg","type":"image\/jpeg"}],"twitter_card":"summary_large_image","twitter_misc":{"Est. reading time":"2 minut\u0117s"},"schema":{"@context":"https:\/\/schema.org","@graph":[{"@type":"WebPage","@id":"https:\/\/shelly.lv\/lt\/shop\/jungikliai\/shelly-blu-rc-button-4-bluetooth-nuotolinio-valdymo-pultas\/","url":"https:\/\/shelly.lv\/lt\/shop\/jungikliai\/shelly-blu-rc-button-4-bluetooth-nuotolinio-valdymo-pultas\/","name":"Shelly BLU RC Button 4 - Bluetooth nuotolinio valdymo pultas - shelly.lv","isPartOf":{"@id":"https:\/\/shelly.lv\/lt\/#website"},"datePublished":"2024-09-19T11:16:48+00:00","dateModified":"2026-03-25T14:48:46+00:00","breadcrumb":{"@id":"https:\/\/shelly.lv\/lt\/shop\/jungikliai\/shelly-blu-rc-button-4-bluetooth-nuotolinio-valdymo-pultas\/#breadcrumb"},"inLanguage":"lt-LT","potentialAction":[{"@type":"ReadAction","target":["https:\/\/shelly.lv\/lt\/shop\/jungikliai\/shelly-blu-rc-button-4-bluetooth-nuotolinio-valdymo-pultas\/"]}]},{"@type":"BreadcrumbList","@id":"https:\/\/shelly.lv\/lt\/shop\/jungikliai\/shelly-blu-rc-button-4-bluetooth-nuotolinio-valdymo-pultas\/#breadcrumb","itemListElement":[{"@type":"ListItem","position":1,"name":"Home","item":"https:\/\/shelly.lv\/lt\/"},{"@type":"ListItem","position":2,"name":"Parduotuv\u0117","item":"https:\/\/shelly.lv\/lt\/shop\/"},{"@type":"ListItem","position":3,"name":"Shelly BLU RC Button 4 &#8211; Bluetooth nuotolinio valdymo pultas"}]},{"@type":"WebSite","@id":"https:\/\/shelly.lv\/lt\/#website","url":"https:\/\/shelly.lv\/lt\/","name":"Shelly.lv","description":"Shelly Latvia","publisher":{"@id":"https:\/\/shelly.lv\/lt\/#organization"},"potentialAction":[{"@type":"SearchAction","target":{"@type":"EntryPoint","urlTemplate":"https:\/\/shelly.lv\/lt\/?s={search_term_string}"},"query-input":"required name=search_term_string"}],"inLanguage":"lt-LT"},{"@type":"Organization","@id":"https:\/\/shelly.lv\/lt\/#organization","name":"Shelly.lv","url":"https:\/\/shelly.lv\/lt\/","logo":{"@type":"ImageObject","inLanguage":"lt-LT","@id":"https:\/\/shelly.lv\/lt\/#\/schema\/logo\/image\/","url":"https:\/\/shelly.lv\/wp-content\/uploads\/2023\/07\/Asset-3.png","contentUrl":"https:\/\/shelly.lv\/wp-content\/uploads\/2023\/07\/Asset-3.png","width":861,"height":240,"caption":"Shelly.lv"},"image":{"@id":"https:\/\/shelly.lv\/lt\/#\/schema\/logo\/image\/"}}]}},"_links":{"self":[{"href":"https:\/\/shelly.lv\/lt\/wp-json\/wp\/v2\/product\/4187","targetHints":{"allow":["GET"]}}],"collection":[{"href":"https:\/\/shelly.lv\/lt\/wp-json\/wp\/v2\/product"}],"about":[{"href":"https:\/\/shelly.lv\/lt\/wp-json\/wp\/v2\/types\/product"}],"wp:featuredmedia":[{"embeddable":true,"href":"https:\/\/shelly.lv\/lt\/wp-json\/wp\/v2\/media\/4173"}],"wp:attachment":[{"href":"https:\/\/shelly.lv\/lt\/wp-json\/wp\/v2\/media?parent=4187"}],"wp:term":[{"taxonomy":"product_cat","embeddable":true,"href":"https:\/\/shelly.lv\/lt\/wp-json\/wp\/v2\/product_cat?post=4187"},{"taxonomy":"product_tag","embeddable":true,"href":"https:\/\/shelly.lv\/lt\/wp-json\/wp\/v2\/product_tag?post=4187"}],"curies":[{"name":"wp","href":"https:\/\/api.w.org\/{rel}","templated":true}]}}